{"id":136289,"date":"2017-06-15T15:28:26","date_gmt":"2017-06-15T14:28:26","guid":{"rendered":"https:\/\/www.jootjeshaakcadeautjes.nl\/product\/wooden-bite-ring-bird-72x60-mm\/"},"modified":"2026-03-13T14:26:06","modified_gmt":"2026-03-13T13:26:06","slug":"wooden-bite-ring-bird-72x60-mm","status":"publish","type":"product","link":"https:\/\/www.jootjeshaakcadeautjes.nl\/fr\/produit\/wooden-bite-ring-bird-72x60-mm\/","title":{"rendered":"Anneau de dentition en bois Oiseau 72&#215;60 mm &#8211; Bois de h\u00eatre"},"content":{"rendered":"<h1><strong>Anneau de dentition en bois Jouet\/anneau de dentition pour oiseaux.<\/strong><\/h1>\n<p>Fabriqu\u00e9 en bois brut (non laqu\u00e9, teint\u00e9 ou huil\u00e9).<br \/>\nTaille : 72 x 60 mm. Diam\u00e8tre du trou : 30 mm.<br \/>\nLes oiseaux en bois sont un produit naturel et peuvent donc pr\u00e9senter des \u00e9carts minimes.<\/p>\n<p>Ils sont souvent utilis\u00e9s sur un attache-t\u00e9tine\/anneau de dentition en bois, comme on peut le voir ci-dessous, mais aussi pour faire de la gymnastique pour b\u00e9b\u00e9s, des hochets faits \u00e0 la main ou des cordes\/cordes de jeu pour t\u00e9tines :<\/p>\n<p>&nbsp;<\/p>\n<p><a href=\"https:\/\/d1dyryakdmle7o.cloudfront.net\/wp-content\/uploads\/2016\/11\/911580f5098b9cade629f4824504840d.jpg\"><img decoding=\"async\" src=\"https:\/\/s-media-cache-ak0.pinimg.com\/originals\/ce\/3f\/39\/ce3f39df1247adfc8c0bbc1d12d9921e.jpg\" alt=\"Image result for wood bird pacifier\"><img decoding=\"async\" src=\"https:\/\/i.ebayimg.com\/images\/g\/0u8AAOSwWxNYsg3H\/s-l300.jpg\" alt=\"Image result for fish wood pacifier clip\"><\/a><\/p>\n","protected":false},"excerpt":{"rendered":"<p>Fabriqu\u00e9 en bois brut (non laqu\u00e9, teint\u00e9 ou huil\u00e9).<br \/>\nTaille : 72 x 60 mm.<br \/>\nDiam\u00e8tre du trou : 30 mm.<\/p>\n<p>Utilis\u00e9 pour les anneaux de dentition en bois faits \u00e0 la main ou les cha\u00eenes de landau.<\/p>\n<p>(pour plus d&#8217;informations, voir en bas de page)<\/p>\n","protected":false},"featured_media":67334,"template":"","meta":[],"product_brand":[],"product_cat":[12293,12339,13161,12292,12294,7378],"product_tag":[12298,7384,12312,13473,7197,7418,12313,12657,13692,10402],"class_list":{"0":"post-136289","1":"product","2":"type-product","3":"status-publish","4":"has-post-thumbnail","6":"product_cat-anneaux-de-dentition-bebe-silicone-et-bois","7":"product_cat-anneaux-de-dentition-en-bois-bois-de-hetre","8":"product_cat-anneaux-de-dentition-pour-animaux","9":"product_cat-anneaux-en-bois","10":"product_cat-anneaux-en-bois-pour-le-macrame-et-le-crochet","11":"product_cat-fabrication-de-jouets-de-dentition-pour-bebe-cordon-de-sucette-et-anneaux-de-dentition","12":"product_tag-anneau","13":"product_tag-anneau-de-dentition","14":"product_tag-babygym-fr","15":"product_tag-chaine-de-lecture","16":"product_tag-en-bois","17":"product_tag-faux-cordon","18":"product_tag-gymnastique-pour-bebes","19":"product_tag-jouet-de-dentition","20":"product_tag-oiseau-fr","21":"product_tag-pendentif","23":"first","24":"instock","25":"taxable","26":"shipping-taxable","27":"purchasable","28":"product-type-simple"},"bundled_by":[],"bundle_stock_status":"instock","bundle_stock_quantity":39,"bundle_virtual":false,"bundle_layout":"","bundle_add_to_cart_form_location":"","bundle_editable_in_cart":false,"bundle_sold_individually_context":"","bundle_item_grouping":"","bundle_min_size":"","bundle_max_size":"","bundle_price":[],"bundled_items":[],"bundle_sell_ids":[],"yoast_head":"<!-- This site is optimized with the Yoast SEO Premium plugin v27.6 (Yoast SEO v27.6) - https:\/\/yoast.com\/product\/yoast-seo-premium-wordpress\/ -->\n<title>Anneau de dentition en bois - Fabriquez votre propre anneau de dentition en bois - Accroche-poussette au crochet<\/title>\n<meta name=\"description\" content=\"Anneau de dentition en bois en forme d&#039;oiseau pour fabriquer votre propre anneau de dentition en bois. Anneau en bois en forme d&#039;oiseau. Bois de h\u00eatre sans \u00e9chardes certifi\u00e9 CE de haute qualit\u00e9.\" \/>\n<meta name=\"robots\" content=\"index, follow, max-snippet:-1, max-image-preview:large, max-video-preview:-1\" \/>\n<link rel=\"canonical\" href=\"https:\/\/www.jootjeshaakcadeautjes.nl\/fr\/produit\/wooden-bite-ring-bird-72x60-mm\/\" \/>\n<meta property=\"og:locale\" content=\"fr_FR\" \/>\n<meta property=\"og:type\" content=\"article\" \/>\n<meta property=\"og:title\" content=\"Anneau de dentition en bois Oiseau 72x60 mm - Bois de h\u00eatre\" \/>\n<meta property=\"og:description\" content=\"Anneau de dentition en bois en forme d&#039;oiseau pour fabriquer votre propre anneau de dentition en bois. Anneau en bois en forme d&#039;oiseau. Bois de h\u00eatre sans \u00e9chardes certifi\u00e9 CE de haute qualit\u00e9.\" \/>\n<meta property=\"og:url\" content=\"https:\/\/www.jootjeshaakcadeautjes.nl\/fr\/produit\/wooden-bite-ring-bird-72x60-mm\/\" \/>\n<meta property=\"og:site_name\" content=\"Jootjes Haakcadeautjes\" \/>\n<meta property=\"article:modified_time\" content=\"2026-03-13T13:26:06+00:00\" \/>\n<meta property=\"og:image\" content=\"https:\/\/www.jootjeshaakcadeautjes.nl\/wp-content\/uploads\/2019\/09\/Houten-bijtring-vogel.jpg\" \/>\n\t<meta property=\"og:image:width\" content=\"1908\" \/>\n\t<meta property=\"og:image:height\" content=\"1908\" \/>\n\t<meta property=\"og:image:type\" content=\"image\/jpeg\" \/>\n<meta name=\"twitter:card\" content=\"summary_large_image\" \/>\n<meta name=\"twitter:label1\" content=\"Prix\" \/>\n\t<meta name=\"twitter:data1\" content=\"&euro;2.00 TTC\" \/>\n\t<meta name=\"twitter:label2\" content=\"Disponibilit\u00e9\" \/>\n\t<meta name=\"twitter:data2\" content=\"En stock\" \/>\n<script type=\"application\/ld+json\" class=\"yoast-schema-graph\">{\"@context\":\"https:\\\/\\\/schema.org\",\"@graph\":[{\"@type\":\"WebPage\",\"@id\":\"https:\\\/\\\/www.jootjeshaakcadeautjes.nl\\\/fr\\\/produit\\\/wooden-bite-ring-bird-72x60-mm\\\/\",\"url\":\"https:\\\/\\\/www.jootjeshaakcadeautjes.nl\\\/fr\\\/produit\\\/wooden-bite-ring-bird-72x60-mm\\\/\",\"name\":\"Anneau de dentition en bois - Fabriquez votre propre anneau de dentition en bois - Accroche-poussette au crochet\",\"isPartOf\":{\"@id\":\"https:\\\/\\\/www.jootjeshaakcadeautjes.nl\\\/fr\\\/#website\"},\"primaryImageOfPage\":{\"@id\":\"https:\\\/\\\/www.jootjeshaakcadeautjes.nl\\\/fr\\\/produit\\\/wooden-bite-ring-bird-72x60-mm\\\/#primaryimage\"},\"image\":{\"@id\":\"https:\\\/\\\/www.jootjeshaakcadeautjes.nl\\\/fr\\\/produit\\\/wooden-bite-ring-bird-72x60-mm\\\/#primaryimage\"},\"thumbnailUrl\":\"https:\\\/\\\/d1dyryakdmle7o.cloudfront.net\\\/wp-content\\\/uploads\\\/2019\\\/09\\\/Houten-bijtring-vogel.jpg\",\"datePublished\":\"2017-06-15T14:28:26+00:00\",\"dateModified\":\"2026-03-13T13:26:06+00:00\",\"description\":\"Anneau de dentition en bois en forme d'oiseau pour fabriquer votre propre anneau de dentition en bois. Anneau en bois en forme d'oiseau. Bois de h\u00eatre sans \u00e9chardes certifi\u00e9 CE de haute qualit\u00e9.\",\"breadcrumb\":{\"@id\":\"https:\\\/\\\/www.jootjeshaakcadeautjes.nl\\\/fr\\\/produit\\\/wooden-bite-ring-bird-72x60-mm\\\/#breadcrumb\"},\"inLanguage\":\"fr-FR\",\"potentialAction\":[{\"@type\":\"ReadAction\",\"target\":[\"https:\\\/\\\/www.jootjeshaakcadeautjes.nl\\\/fr\\\/produit\\\/wooden-bite-ring-bird-72x60-mm\\\/\"]}]},{\"@type\":\"ImageObject\",\"inLanguage\":\"fr-FR\",\"@id\":\"https:\\\/\\\/www.jootjeshaakcadeautjes.nl\\\/fr\\\/produit\\\/wooden-bite-ring-bird-72x60-mm\\\/#primaryimage\",\"url\":\"https:\\\/\\\/d1dyryakdmle7o.cloudfront.net\\\/wp-content\\\/uploads\\\/2019\\\/09\\\/Houten-bijtring-vogel.jpg\",\"contentUrl\":\"https:\\\/\\\/d1dyryakdmle7o.cloudfront.net\\\/wp-content\\\/uploads\\\/2019\\\/09\\\/Houten-bijtring-vogel.jpg\",\"width\":1908,\"height\":1908,\"caption\":\"Anneau de dentition en bois anneau en bois oiseau\"},{\"@type\":\"BreadcrumbList\",\"@id\":\"https:\\\/\\\/www.jootjeshaakcadeautjes.nl\\\/fr\\\/produit\\\/wooden-bite-ring-bird-72x60-mm\\\/#breadcrumb\",\"itemListElement\":[{\"@type\":\"ListItem\",\"position\":1,\"name\":\"Accueil\",\"item\":\"https:\\\/\\\/www.jootjeshaakcadeautjes.nl\\\/fr\\\/\"},{\"@type\":\"ListItem\",\"position\":2,\"name\":\"Commerce de gros de perles en silicone &#8211; Entreprises et consommateurs\",\"item\":\"https:\\\/\\\/www.jootjeshaakcadeautjes.nl\\\/fr\\\/boutique\\\/\"},{\"@type\":\"ListItem\",\"position\":3,\"name\":\"Anneau de dentition en bois Oiseau 72&#215;60 mm &#8211; Bois de h\u00eatre\"}]},{\"@type\":\"WebSite\",\"@id\":\"https:\\\/\\\/www.jootjeshaakcadeautjes.nl\\\/fr\\\/#website\",\"url\":\"https:\\\/\\\/www.jootjeshaakcadeautjes.nl\\\/fr\\\/\",\"name\":\"Jootjes Haakcadeautjes\",\"description\":\"Grossiste en perles de silicone\",\"publisher\":{\"@id\":\"https:\\\/\\\/www.jootjeshaakcadeautjes.nl\\\/fr\\\/#organization\"},\"potentialAction\":[{\"@type\":\"SearchAction\",\"target\":{\"@type\":\"EntryPoint\",\"urlTemplate\":\"https:\\\/\\\/www.jootjeshaakcadeautjes.nl\\\/fr\\\/?s={search_term_string}\"},\"query-input\":{\"@type\":\"PropertyValueSpecification\",\"valueRequired\":true,\"valueName\":\"search_term_string\"}}],\"inLanguage\":\"fr-FR\"},{\"@type\":\"Organization\",\"@id\":\"https:\\\/\\\/www.jootjeshaakcadeautjes.nl\\\/fr\\\/#organization\",\"name\":\"Jootjes Haakcadeautjes\",\"url\":\"https:\\\/\\\/www.jootjeshaakcadeautjes.nl\\\/fr\\\/\",\"logo\":{\"@type\":\"ImageObject\",\"inLanguage\":\"fr-FR\",\"@id\":\"https:\\\/\\\/www.jootjeshaakcadeautjes.nl\\\/fr\\\/#\\\/schema\\\/logo\\\/image\\\/\",\"url\":\"https:\\\/\\\/d1dyryakdmle7o.cloudfront.net\\\/wp-content\\\/uploads\\\/2023\\\/05\\\/Logo-rond.png\",\"contentUrl\":\"https:\\\/\\\/d1dyryakdmle7o.cloudfront.net\\\/wp-content\\\/uploads\\\/2023\\\/05\\\/Logo-rond.png\",\"width\":1222,\"height\":1222,\"caption\":\"Jootjes Haakcadeautjes\"},\"image\":{\"@id\":\"https:\\\/\\\/www.jootjeshaakcadeautjes.nl\\\/fr\\\/#\\\/schema\\\/logo\\\/image\\\/\"}}]}<\/script>\n<meta property=\"product:price:amount\" content=\"2.00\" \/>\n<meta property=\"product:price:currency\" content=\"EUR\" \/>\n<meta property=\"og:availability\" content=\"instock\" \/>\n<meta property=\"product:availability\" content=\"instock\" \/>\n<meta property=\"product:retailer_item_id\" content=\"HOU-VOG-HAN\" \/>\n<meta property=\"product:condition\" content=\"new\" \/>\n<!-- \/ Yoast SEO Premium plugin. -->","yoast_head_json":{"title":"Anneau de dentition en bois - Fabriquez votre propre anneau de dentition en bois - Accroche-poussette au crochet","description":"Anneau de dentition en bois en forme d'oiseau pour fabriquer votre propre anneau de dentition en bois. Anneau en bois en forme d'oiseau. Bois de h\u00eatre sans \u00e9chardes certifi\u00e9 CE de haute qualit\u00e9.","robots":{"index":"index","follow":"follow","max-snippet":"max-snippet:-1","max-image-preview":"max-image-preview:large","max-video-preview":"max-video-preview:-1"},"canonical":"https:\/\/www.jootjeshaakcadeautjes.nl\/fr\/produit\/wooden-bite-ring-bird-72x60-mm\/","og_locale":"fr_FR","og_type":"article","og_title":"Anneau de dentition en bois Oiseau 72x60 mm - Bois de h\u00eatre","og_description":"Anneau de dentition en bois en forme d'oiseau pour fabriquer votre propre anneau de dentition en bois. Anneau en bois en forme d'oiseau. Bois de h\u00eatre sans \u00e9chardes certifi\u00e9 CE de haute qualit\u00e9.","og_url":"https:\/\/www.jootjeshaakcadeautjes.nl\/fr\/produit\/wooden-bite-ring-bird-72x60-mm\/","og_site_name":"Jootjes Haakcadeautjes","article_modified_time":"2026-03-13T13:26:06+00:00","og_image":[{"width":1908,"height":1908,"url":"https:\/\/www.jootjeshaakcadeautjes.nl\/wp-content\/uploads\/2019\/09\/Houten-bijtring-vogel.jpg","type":"image\/jpeg"}],"twitter_card":"summary_large_image","twitter_misc":{"Prix":"&euro;2.00 TTC","Disponibilit\u00e9":"En stock"},"schema":{"@context":"https:\/\/schema.org","@graph":[{"@type":"WebPage","@id":"https:\/\/www.jootjeshaakcadeautjes.nl\/fr\/produit\/wooden-bite-ring-bird-72x60-mm\/","url":"https:\/\/www.jootjeshaakcadeautjes.nl\/fr\/produit\/wooden-bite-ring-bird-72x60-mm\/","name":"Anneau de dentition en bois - Fabriquez votre propre anneau de dentition en bois - Accroche-poussette au crochet","isPartOf":{"@id":"https:\/\/www.jootjeshaakcadeautjes.nl\/fr\/#website"},"primaryImageOfPage":{"@id":"https:\/\/www.jootjeshaakcadeautjes.nl\/fr\/produit\/wooden-bite-ring-bird-72x60-mm\/#primaryimage"},"image":{"@id":"https:\/\/www.jootjeshaakcadeautjes.nl\/fr\/produit\/wooden-bite-ring-bird-72x60-mm\/#primaryimage"},"thumbnailUrl":"https:\/\/d1dyryakdmle7o.cloudfront.net\/wp-content\/uploads\/2019\/09\/Houten-bijtring-vogel.jpg","datePublished":"2017-06-15T14:28:26+00:00","dateModified":"2026-03-13T13:26:06+00:00","description":"Anneau de dentition en bois en forme d'oiseau pour fabriquer votre propre anneau de dentition en bois. Anneau en bois en forme d'oiseau. Bois de h\u00eatre sans \u00e9chardes certifi\u00e9 CE de haute qualit\u00e9.","breadcrumb":{"@id":"https:\/\/www.jootjeshaakcadeautjes.nl\/fr\/produit\/wooden-bite-ring-bird-72x60-mm\/#breadcrumb"},"inLanguage":"fr-FR","potentialAction":[{"@type":"ReadAction","target":["https:\/\/www.jootjeshaakcadeautjes.nl\/fr\/produit\/wooden-bite-ring-bird-72x60-mm\/"]}]},{"@type":"ImageObject","inLanguage":"fr-FR","@id":"https:\/\/www.jootjeshaakcadeautjes.nl\/fr\/produit\/wooden-bite-ring-bird-72x60-mm\/#primaryimage","url":"https:\/\/d1dyryakdmle7o.cloudfront.net\/wp-content\/uploads\/2019\/09\/Houten-bijtring-vogel.jpg","contentUrl":"https:\/\/d1dyryakdmle7o.cloudfront.net\/wp-content\/uploads\/2019\/09\/Houten-bijtring-vogel.jpg","width":1908,"height":1908,"caption":"Anneau de dentition en bois anneau en bois oiseau"},{"@type":"BreadcrumbList","@id":"https:\/\/www.jootjeshaakcadeautjes.nl\/fr\/produit\/wooden-bite-ring-bird-72x60-mm\/#breadcrumb","itemListElement":[{"@type":"ListItem","position":1,"name":"Accueil","item":"https:\/\/www.jootjeshaakcadeautjes.nl\/fr\/"},{"@type":"ListItem","position":2,"name":"Commerce de gros de perles en silicone &#8211; Entreprises et consommateurs","item":"https:\/\/www.jootjeshaakcadeautjes.nl\/fr\/boutique\/"},{"@type":"ListItem","position":3,"name":"Anneau de dentition en bois Oiseau 72&#215;60 mm &#8211; Bois de h\u00eatre"}]},{"@type":"WebSite","@id":"https:\/\/www.jootjeshaakcadeautjes.nl\/fr\/#website","url":"https:\/\/www.jootjeshaakcadeautjes.nl\/fr\/","name":"Jootjes Haakcadeautjes","description":"Grossiste en perles de silicone","publisher":{"@id":"https:\/\/www.jootjeshaakcadeautjes.nl\/fr\/#organization"},"potentialAction":[{"@type":"SearchAction","target":{"@type":"EntryPoint","urlTemplate":"https:\/\/www.jootjeshaakcadeautjes.nl\/fr\/?s={search_term_string}"},"query-input":{"@type":"PropertyValueSpecification","valueRequired":true,"valueName":"search_term_string"}}],"inLanguage":"fr-FR"},{"@type":"Organization","@id":"https:\/\/www.jootjeshaakcadeautjes.nl\/fr\/#organization","name":"Jootjes Haakcadeautjes","url":"https:\/\/www.jootjeshaakcadeautjes.nl\/fr\/","logo":{"@type":"ImageObject","inLanguage":"fr-FR","@id":"https:\/\/www.jootjeshaakcadeautjes.nl\/fr\/#\/schema\/logo\/image\/","url":"https:\/\/d1dyryakdmle7o.cloudfront.net\/wp-content\/uploads\/2023\/05\/Logo-rond.png","contentUrl":"https:\/\/d1dyryakdmle7o.cloudfront.net\/wp-content\/uploads\/2023\/05\/Logo-rond.png","width":1222,"height":1222,"caption":"Jootjes Haakcadeautjes"},"image":{"@id":"https:\/\/www.jootjeshaakcadeautjes.nl\/fr\/#\/schema\/logo\/image\/"}}]},"product_price_amount":"2.00","product_price_currency":"EUR","og_availability":"instock","product_availability":"instock","product_retailer_item_id":"HOU-VOG-HAN","product_condition":"new"},"_links":{"self":[{"href":"https:\/\/www.jootjeshaakcadeautjes.nl\/fr\/wp-json\/wp\/v2\/product\/136289","targetHints":{"allow":["GET"]}}],"collection":[{"href":"https:\/\/www.jootjeshaakcadeautjes.nl\/fr\/wp-json\/wp\/v2\/product"}],"about":[{"href":"https:\/\/www.jootjeshaakcadeautjes.nl\/fr\/wp-json\/wp\/v2\/types\/product"}],"version-history":[{"count":0,"href":"https:\/\/www.jootjeshaakcadeautjes.nl\/fr\/wp-json\/wp\/v2\/product\/136289\/revisions"}],"wp:featuredmedia":[{"embeddable":true,"href":"https:\/\/www.jootjeshaakcadeautjes.nl\/fr\/wp-json\/wp\/v2\/media\/67334"}],"wp:attachment":[{"href":"https:\/\/www.jootjeshaakcadeautjes.nl\/fr\/wp-json\/wp\/v2\/media?parent=136289"}],"wp:term":[{"taxonomy":"product_brand","embeddable":true,"href":"https:\/\/www.jootjeshaakcadeautjes.nl\/fr\/wp-json\/wp\/v2\/product_brand?post=136289"},{"taxonomy":"product_cat","embeddable":true,"href":"https:\/\/www.jootjeshaakcadeautjes.nl\/fr\/wp-json\/wp\/v2\/product_cat?post=136289"},{"taxonomy":"product_tag","embeddable":true,"href":"https:\/\/www.jootjeshaakcadeautjes.nl\/fr\/wp-json\/wp\/v2\/product_tag?post=136289"}],"curies":[{"name":"wp","href":"https:\/\/api.w.org\/{rel}","templated":true}]}}