{"id":136290,"date":"2019-11-26T21:29:08","date_gmt":"2019-11-26T19:29:08","guid":{"rendered":"https:\/\/www.jootjeshaakcadeautjes.nl\/product\/porte-cles-mousqueton\/"},"modified":"2026-04-21T21:45:09","modified_gmt":"2026-04-21T19:45:09","slug":"porte-cles-mousqueton","status":"publish","type":"product","link":"https:\/\/www.jootjeshaakcadeautjes.nl\/fr\/produit\/porte-cles-mousqueton\/","title":{"rendered":"Crochet mousqueton avec porte-cl\u00e9s &#8211; 25 mm"},"content":{"rendered":"<h3>Porte-cl\u00e9s mousqueton<\/h3>\n<p>Les anneaux de cl\u00e9s \u00e0 crochet sont largement utilis\u00e9s pour fabriquer des porte-bonheur et d&#8217;autres anneaux de cl\u00e9s, par exemple. Les poup\u00e9es porte-bonheur sont des poup\u00e9es fabriqu\u00e9es \u00e0 partir de perles (en bois). Le visage est fait d&#8217;une <a href=\"https:\/\/www.jootjeshaakcadeautjes.nl\/fr\/produit\/perles-en-bois-poupee-sourire-et-chance\/\">perle en bois avec un smiley<\/a>. Comme leur nom l&#8217;indique, les poup\u00e9es de fortune sont destin\u00e9es \u00e0 souhaiter bonne chance \u00e0 quelqu&#8217;un. C&#8217;est pourquoi elles sont souvent offertes comme cadeaux ou comme friandises dans les \u00e9coles primaires. En les attachant \u00e0 un mousqueton de porte-cl\u00e9s, une personne peut facilement les suspendre \u00e0 un sac ou \u00e0 un porte-cl\u00e9s. Ils sont \u00e9galement faciles \u00e0 pr\u00e9parer, de sorte que l&#8217;ensemble du processus ne prend pas trop de temps.<\/p>\n<p>Les crochets de mousqueton pour porte-cl\u00e9s sont \u00e9galement largement utilis\u00e9s pour fabriquer des porte-cl\u00e9s au crochet. Une petite peluche y est ensuite attach\u00e9e, comme un petit champignon, des morceaux de fruits crochet\u00e9s (cerises ou autres) ou de petits canards crochet\u00e9s.<\/p>\n<p>&nbsp;<\/p>\n<p>&nbsp;<\/p>\n","protected":false},"excerpt":{"rendered":"<h4>Porte-cl\u00e9s mousqueton<\/h4>\n<p>Chaque pi\u00e8ce : Porte-cl\u00e9s + mousqueton<\/p>\n<p>Id\u00e9al pour r\u00e9aliser un porte-cl\u00e9s au crochet ou une poup\u00e9e porte-bonheur.<\/p>\n","protected":false},"featured_media":80332,"template":"","meta":[],"product_brand":[],"product_cat":[12308,12306,12310],"product_tag":[12318,12311,12314,7619,7209],"class_list":{"0":"post-136290","1":"product","2":"type-product","3":"status-publish","4":"has-post-thumbnail","6":"product_cat-materiel-de-bricolage-et-de-crochet","7":"product_cat-porte-cles-et-crochets","8":"product_cat-poupees-chanceuses-diy-perles-et-fournitures","9":"product_tag-crochet-de-mousqueton","10":"product_tag-crochets","11":"product_tag-metal-fr","12":"product_tag-porte-cles","13":"product_tag-poupee-porte-bonheur","15":"first","16":"instock","17":"taxable","18":"shipping-taxable","19":"purchasable","20":"product-type-simple"},"bundled_by":[],"bundle_stock_status":"instock","bundle_stock_quantity":337,"bundle_virtual":false,"bundle_layout":"","bundle_add_to_cart_form_location":"","bundle_editable_in_cart":false,"bundle_sold_individually_context":"","bundle_item_grouping":"","bundle_min_size":"","bundle_max_size":"","bundle_price":[],"bundled_items":[],"bundle_sell_ids":[],"yoast_head":"<!-- This site is optimized with the Yoast SEO Premium plugin v27.6 (Yoast SEO v27.6) - https:\/\/yoast.com\/product\/yoast-seo-premium-wordpress\/ -->\n<title>Crochet mousqueton avec porte-cl\u00e9s - 25 mm - Jootjes Haakcadeautjes<\/title>\n<meta name=\"description\" content=\"Les porte-cl\u00e9s avec crochet de mousqueton sont disponibles sur JootjesHaakcadeautjes.nl. Id\u00e9al pour fabriquer des porte-cl\u00e9s au crochet ou des poup\u00e9es porte-bonheur, par exemple, pour une f\u00eate de groupe dans une \u00e9cole primaire. Le crochet mousqueton permet d&#039;attacher le pendentif \u00e0 un sac ou \u00e0 un porte-cl\u00e9s.\" \/>\n<meta name=\"robots\" content=\"index, follow, max-snippet:-1, max-image-preview:large, max-video-preview:-1\" \/>\n<link rel=\"canonical\" href=\"https:\/\/www.jootjeshaakcadeautjes.nl\/fr\/produit\/porte-cles-mousqueton\/\" \/>\n<meta property=\"og:locale\" content=\"fr_FR\" \/>\n<meta property=\"og:type\" content=\"article\" \/>\n<meta property=\"og:title\" content=\"Crochet mousqueton avec porte-cl\u00e9s - 25 mm\" \/>\n<meta property=\"og:description\" content=\"Les porte-cl\u00e9s avec crochet de mousqueton sont disponibles sur JootjesHaakcadeautjes.nl. Id\u00e9al pour fabriquer des porte-cl\u00e9s au crochet ou des poup\u00e9es porte-bonheur, par exemple, pour une f\u00eate de groupe dans une \u00e9cole primaire. Le crochet mousqueton permet d&#039;attacher le pendentif \u00e0 un sac ou \u00e0 un porte-cl\u00e9s.\" \/>\n<meta property=\"og:url\" content=\"https:\/\/www.jootjeshaakcadeautjes.nl\/fr\/produit\/porte-cles-mousqueton\/\" \/>\n<meta property=\"og:site_name\" content=\"Jootjes Haakcadeautjes\" \/>\n<meta property=\"article:modified_time\" content=\"2026-04-21T19:45:09+00:00\" \/>\n<meta property=\"og:image\" content=\"https:\/\/www.jootjeshaakcadeautjes.nl\/wp-content\/uploads\/2022\/05\/20220501_121102.jpg\" \/>\n\t<meta property=\"og:image:width\" content=\"1972\" \/>\n\t<meta property=\"og:image:height\" content=\"1972\" \/>\n\t<meta property=\"og:image:type\" content=\"image\/jpeg\" \/>\n<meta name=\"twitter:card\" content=\"summary_large_image\" \/>\n<meta name=\"twitter:label1\" content=\"Prix\" \/>\n\t<meta name=\"twitter:data1\" content=\"&euro;0.50 TTC\" \/>\n\t<meta name=\"twitter:label2\" content=\"Disponibilit\u00e9\" \/>\n\t<meta name=\"twitter:data2\" content=\"En stock\" \/>\n<script type=\"application\/ld+json\" class=\"yoast-schema-graph\">{\"@context\":\"https:\\\/\\\/schema.org\",\"@graph\":[{\"@type\":\"WebPage\",\"@id\":\"https:\\\/\\\/www.jootjeshaakcadeautjes.nl\\\/fr\\\/produit\\\/porte-cles-mousqueton\\\/\",\"url\":\"https:\\\/\\\/www.jootjeshaakcadeautjes.nl\\\/fr\\\/produit\\\/porte-cles-mousqueton\\\/\",\"name\":\"Crochet mousqueton avec porte-cl\u00e9s - 25 mm - Jootjes Haakcadeautjes\",\"isPartOf\":{\"@id\":\"https:\\\/\\\/www.jootjeshaakcadeautjes.nl\\\/fr\\\/#website\"},\"primaryImageOfPage\":{\"@id\":\"https:\\\/\\\/www.jootjeshaakcadeautjes.nl\\\/fr\\\/produit\\\/porte-cles-mousqueton\\\/#primaryimage\"},\"image\":{\"@id\":\"https:\\\/\\\/www.jootjeshaakcadeautjes.nl\\\/fr\\\/produit\\\/porte-cles-mousqueton\\\/#primaryimage\"},\"thumbnailUrl\":\"https:\\\/\\\/d1dyryakdmle7o.cloudfront.net\\\/wp-content\\\/uploads\\\/2022\\\/05\\\/20220501_121102.jpg\",\"datePublished\":\"2019-11-26T19:29:08+00:00\",\"dateModified\":\"2026-04-21T19:45:09+00:00\",\"description\":\"Les porte-cl\u00e9s avec crochet de mousqueton sont disponibles sur JootjesHaakcadeautjes.nl. Id\u00e9al pour fabriquer des porte-cl\u00e9s au crochet ou des poup\u00e9es porte-bonheur, par exemple, pour une f\u00eate de groupe dans une \u00e9cole primaire. Le crochet mousqueton permet d'attacher le pendentif \u00e0 un sac ou \u00e0 un porte-cl\u00e9s.\",\"breadcrumb\":{\"@id\":\"https:\\\/\\\/www.jootjeshaakcadeautjes.nl\\\/fr\\\/produit\\\/porte-cles-mousqueton\\\/#breadcrumb\"},\"inLanguage\":\"fr-FR\",\"potentialAction\":[{\"@type\":\"ReadAction\",\"target\":[\"https:\\\/\\\/www.jootjeshaakcadeautjes.nl\\\/fr\\\/produit\\\/porte-cles-mousqueton\\\/\"]}]},{\"@type\":\"ImageObject\",\"inLanguage\":\"fr-FR\",\"@id\":\"https:\\\/\\\/www.jootjeshaakcadeautjes.nl\\\/fr\\\/produit\\\/porte-cles-mousqueton\\\/#primaryimage\",\"url\":\"https:\\\/\\\/d1dyryakdmle7o.cloudfront.net\\\/wp-content\\\/uploads\\\/2022\\\/05\\\/20220501_121102.jpg\",\"contentUrl\":\"https:\\\/\\\/d1dyryakdmle7o.cloudfront.net\\\/wp-content\\\/uploads\\\/2022\\\/05\\\/20220501_121102.jpg\",\"width\":1972,\"height\":1972,\"caption\":\"Porte-cl\u00e9s mousqueton poup\u00e9e porte-bonheur perles en silicone avec nom\"},{\"@type\":\"BreadcrumbList\",\"@id\":\"https:\\\/\\\/www.jootjeshaakcadeautjes.nl\\\/fr\\\/produit\\\/porte-cles-mousqueton\\\/#breadcrumb\",\"itemListElement\":[{\"@type\":\"ListItem\",\"position\":1,\"name\":\"Accueil\",\"item\":\"https:\\\/\\\/www.jootjeshaakcadeautjes.nl\\\/fr\\\/\"},{\"@type\":\"ListItem\",\"position\":2,\"name\":\"Commerce de gros de perles en silicone &#8211; Entreprises et consommateurs\",\"item\":\"https:\\\/\\\/www.jootjeshaakcadeautjes.nl\\\/fr\\\/boutique\\\/\"},{\"@type\":\"ListItem\",\"position\":3,\"name\":\"Crochet mousqueton avec porte-cl\u00e9s &#8211; 25 mm\"}]},{\"@type\":\"WebSite\",\"@id\":\"https:\\\/\\\/www.jootjeshaakcadeautjes.nl\\\/fr\\\/#website\",\"url\":\"https:\\\/\\\/www.jootjeshaakcadeautjes.nl\\\/fr\\\/\",\"name\":\"Jootjes Haakcadeautjes\",\"description\":\"Grossiste en perles de silicone\",\"publisher\":{\"@id\":\"https:\\\/\\\/www.jootjeshaakcadeautjes.nl\\\/fr\\\/#organization\"},\"potentialAction\":[{\"@type\":\"SearchAction\",\"target\":{\"@type\":\"EntryPoint\",\"urlTemplate\":\"https:\\\/\\\/www.jootjeshaakcadeautjes.nl\\\/fr\\\/?s={search_term_string}\"},\"query-input\":{\"@type\":\"PropertyValueSpecification\",\"valueRequired\":true,\"valueName\":\"search_term_string\"}}],\"inLanguage\":\"fr-FR\"},{\"@type\":\"Organization\",\"@id\":\"https:\\\/\\\/www.jootjeshaakcadeautjes.nl\\\/fr\\\/#organization\",\"name\":\"Jootjes Haakcadeautjes\",\"url\":\"https:\\\/\\\/www.jootjeshaakcadeautjes.nl\\\/fr\\\/\",\"logo\":{\"@type\":\"ImageObject\",\"inLanguage\":\"fr-FR\",\"@id\":\"https:\\\/\\\/www.jootjeshaakcadeautjes.nl\\\/fr\\\/#\\\/schema\\\/logo\\\/image\\\/\",\"url\":\"https:\\\/\\\/d1dyryakdmle7o.cloudfront.net\\\/wp-content\\\/uploads\\\/2023\\\/05\\\/Logo-rond.png\",\"contentUrl\":\"https:\\\/\\\/d1dyryakdmle7o.cloudfront.net\\\/wp-content\\\/uploads\\\/2023\\\/05\\\/Logo-rond.png\",\"width\":1222,\"height\":1222,\"caption\":\"Jootjes Haakcadeautjes\"},\"image\":{\"@id\":\"https:\\\/\\\/www.jootjeshaakcadeautjes.nl\\\/fr\\\/#\\\/schema\\\/logo\\\/image\\\/\"}}]}<\/script>\n<meta property=\"product:price:amount\" content=\"0.50\" \/>\n<meta property=\"product:price:currency\" content=\"EUR\" \/>\n<meta property=\"og:availability\" content=\"instock\" \/>\n<meta property=\"product:availability\" content=\"instock\" \/>\n<meta property=\"product:retailer_item_id\" content=\"SLH-MUS-HAA\" \/>\n<meta property=\"product:condition\" content=\"new\" \/>\n<!-- \/ Yoast SEO Premium plugin. -->","yoast_head_json":{"title":"Crochet mousqueton avec porte-cl\u00e9s - 25 mm - Jootjes Haakcadeautjes","description":"Les porte-cl\u00e9s avec crochet de mousqueton sont disponibles sur JootjesHaakcadeautjes.nl. Id\u00e9al pour fabriquer des porte-cl\u00e9s au crochet ou des poup\u00e9es porte-bonheur, par exemple, pour une f\u00eate de groupe dans une \u00e9cole primaire. Le crochet mousqueton permet d'attacher le pendentif \u00e0 un sac ou \u00e0 un porte-cl\u00e9s.","robots":{"index":"index","follow":"follow","max-snippet":"max-snippet:-1","max-image-preview":"max-image-preview:large","max-video-preview":"max-video-preview:-1"},"canonical":"https:\/\/www.jootjeshaakcadeautjes.nl\/fr\/produit\/porte-cles-mousqueton\/","og_locale":"fr_FR","og_type":"article","og_title":"Crochet mousqueton avec porte-cl\u00e9s - 25 mm","og_description":"Les porte-cl\u00e9s avec crochet de mousqueton sont disponibles sur JootjesHaakcadeautjes.nl. Id\u00e9al pour fabriquer des porte-cl\u00e9s au crochet ou des poup\u00e9es porte-bonheur, par exemple, pour une f\u00eate de groupe dans une \u00e9cole primaire. Le crochet mousqueton permet d'attacher le pendentif \u00e0 un sac ou \u00e0 un porte-cl\u00e9s.","og_url":"https:\/\/www.jootjeshaakcadeautjes.nl\/fr\/produit\/porte-cles-mousqueton\/","og_site_name":"Jootjes Haakcadeautjes","article_modified_time":"2026-04-21T19:45:09+00:00","og_image":[{"width":1972,"height":1972,"url":"https:\/\/www.jootjeshaakcadeautjes.nl\/wp-content\/uploads\/2022\/05\/20220501_121102.jpg","type":"image\/jpeg"}],"twitter_card":"summary_large_image","twitter_misc":{"Prix":"&euro;0.50 TTC","Disponibilit\u00e9":"En stock"},"schema":{"@context":"https:\/\/schema.org","@graph":[{"@type":"WebPage","@id":"https:\/\/www.jootjeshaakcadeautjes.nl\/fr\/produit\/porte-cles-mousqueton\/","url":"https:\/\/www.jootjeshaakcadeautjes.nl\/fr\/produit\/porte-cles-mousqueton\/","name":"Crochet mousqueton avec porte-cl\u00e9s - 25 mm - Jootjes Haakcadeautjes","isPartOf":{"@id":"https:\/\/www.jootjeshaakcadeautjes.nl\/fr\/#website"},"primaryImageOfPage":{"@id":"https:\/\/www.jootjeshaakcadeautjes.nl\/fr\/produit\/porte-cles-mousqueton\/#primaryimage"},"image":{"@id":"https:\/\/www.jootjeshaakcadeautjes.nl\/fr\/produit\/porte-cles-mousqueton\/#primaryimage"},"thumbnailUrl":"https:\/\/d1dyryakdmle7o.cloudfront.net\/wp-content\/uploads\/2022\/05\/20220501_121102.jpg","datePublished":"2019-11-26T19:29:08+00:00","dateModified":"2026-04-21T19:45:09+00:00","description":"Les porte-cl\u00e9s avec crochet de mousqueton sont disponibles sur JootjesHaakcadeautjes.nl. Id\u00e9al pour fabriquer des porte-cl\u00e9s au crochet ou des poup\u00e9es porte-bonheur, par exemple, pour une f\u00eate de groupe dans une \u00e9cole primaire. Le crochet mousqueton permet d'attacher le pendentif \u00e0 un sac ou \u00e0 un porte-cl\u00e9s.","breadcrumb":{"@id":"https:\/\/www.jootjeshaakcadeautjes.nl\/fr\/produit\/porte-cles-mousqueton\/#breadcrumb"},"inLanguage":"fr-FR","potentialAction":[{"@type":"ReadAction","target":["https:\/\/www.jootjeshaakcadeautjes.nl\/fr\/produit\/porte-cles-mousqueton\/"]}]},{"@type":"ImageObject","inLanguage":"fr-FR","@id":"https:\/\/www.jootjeshaakcadeautjes.nl\/fr\/produit\/porte-cles-mousqueton\/#primaryimage","url":"https:\/\/d1dyryakdmle7o.cloudfront.net\/wp-content\/uploads\/2022\/05\/20220501_121102.jpg","contentUrl":"https:\/\/d1dyryakdmle7o.cloudfront.net\/wp-content\/uploads\/2022\/05\/20220501_121102.jpg","width":1972,"height":1972,"caption":"Porte-cl\u00e9s mousqueton poup\u00e9e porte-bonheur perles en silicone avec nom"},{"@type":"BreadcrumbList","@id":"https:\/\/www.jootjeshaakcadeautjes.nl\/fr\/produit\/porte-cles-mousqueton\/#breadcrumb","itemListElement":[{"@type":"ListItem","position":1,"name":"Accueil","item":"https:\/\/www.jootjeshaakcadeautjes.nl\/fr\/"},{"@type":"ListItem","position":2,"name":"Commerce de gros de perles en silicone &#8211; Entreprises et consommateurs","item":"https:\/\/www.jootjeshaakcadeautjes.nl\/fr\/boutique\/"},{"@type":"ListItem","position":3,"name":"Crochet mousqueton avec porte-cl\u00e9s &#8211; 25 mm"}]},{"@type":"WebSite","@id":"https:\/\/www.jootjeshaakcadeautjes.nl\/fr\/#website","url":"https:\/\/www.jootjeshaakcadeautjes.nl\/fr\/","name":"Jootjes Haakcadeautjes","description":"Grossiste en perles de silicone","publisher":{"@id":"https:\/\/www.jootjeshaakcadeautjes.nl\/fr\/#organization"},"potentialAction":[{"@type":"SearchAction","target":{"@type":"EntryPoint","urlTemplate":"https:\/\/www.jootjeshaakcadeautjes.nl\/fr\/?s={search_term_string}"},"query-input":{"@type":"PropertyValueSpecification","valueRequired":true,"valueName":"search_term_string"}}],"inLanguage":"fr-FR"},{"@type":"Organization","@id":"https:\/\/www.jootjeshaakcadeautjes.nl\/fr\/#organization","name":"Jootjes Haakcadeautjes","url":"https:\/\/www.jootjeshaakcadeautjes.nl\/fr\/","logo":{"@type":"ImageObject","inLanguage":"fr-FR","@id":"https:\/\/www.jootjeshaakcadeautjes.nl\/fr\/#\/schema\/logo\/image\/","url":"https:\/\/d1dyryakdmle7o.cloudfront.net\/wp-content\/uploads\/2023\/05\/Logo-rond.png","contentUrl":"https:\/\/d1dyryakdmle7o.cloudfront.net\/wp-content\/uploads\/2023\/05\/Logo-rond.png","width":1222,"height":1222,"caption":"Jootjes Haakcadeautjes"},"image":{"@id":"https:\/\/www.jootjeshaakcadeautjes.nl\/fr\/#\/schema\/logo\/image\/"}}]},"product_price_amount":"0.50","product_price_currency":"EUR","og_availability":"instock","product_availability":"instock","product_retailer_item_id":"SLH-MUS-HAA","product_condition":"new"},"_links":{"self":[{"href":"https:\/\/www.jootjeshaakcadeautjes.nl\/fr\/wp-json\/wp\/v2\/product\/136290","targetHints":{"allow":["GET"]}}],"collection":[{"href":"https:\/\/www.jootjeshaakcadeautjes.nl\/fr\/wp-json\/wp\/v2\/product"}],"about":[{"href":"https:\/\/www.jootjeshaakcadeautjes.nl\/fr\/wp-json\/wp\/v2\/types\/product"}],"version-history":[{"count":0,"href":"https:\/\/www.jootjeshaakcadeautjes.nl\/fr\/wp-json\/wp\/v2\/product\/136290\/revisions"}],"wp:featuredmedia":[{"embeddable":true,"href":"https:\/\/www.jootjeshaakcadeautjes.nl\/fr\/wp-json\/wp\/v2\/media\/80332"}],"wp:attachment":[{"href":"https:\/\/www.jootjeshaakcadeautjes.nl\/fr\/wp-json\/wp\/v2\/media?parent=136290"}],"wp:term":[{"taxonomy":"product_brand","embeddable":true,"href":"https:\/\/www.jootjeshaakcadeautjes.nl\/fr\/wp-json\/wp\/v2\/product_brand?post=136290"},{"taxonomy":"product_cat","embeddable":true,"href":"https:\/\/www.jootjeshaakcadeautjes.nl\/fr\/wp-json\/wp\/v2\/product_cat?post=136290"},{"taxonomy":"product_tag","embeddable":true,"href":"https:\/\/www.jootjeshaakcadeautjes.nl\/fr\/wp-json\/wp\/v2\/product_tag?post=136290"}],"curies":[{"name":"wp","href":"https:\/\/api.w.org\/{rel}","templated":true}]}}