{"id":136292,"date":"2019-02-17T19:54:45","date_gmt":"2019-02-17T18:54:45","guid":{"rendered":"https:\/\/www.jootjeshaakcadeautjes.nl\/product\/coupe-fil-crochet\/"},"modified":"2025-03-11T02:50:11","modified_gmt":"2025-03-11T01:50:11","slug":"coupe-fil-crochet","status":"publish","type":"product","link":"https:\/\/www.jootjeshaakcadeautjes.nl\/fr\/produit\/coupe-fil-crochet\/","title":{"rendered":"Pendentif coupe-fil or antique"},"content":{"rendered":"<h4>Coupe-fil Or antique<\/h4>\n<p>Les coupe-fils sont des accessoires tr\u00e8s utiles pour les crocheteurs et les tricoteurs. Je perds aussi r\u00e9guli\u00e8rement mes ciseaux, mais gr\u00e2ce \u00e0 ce pendentif, je n&#8217;en souffre plus. Il coupe id\u00e9alement les fils. Vous partez bient\u00f4t en vacances en avion ? Ce coupe-fil peut \u00e9galement \u00eatre emport\u00e9 dans un bagage \u00e0 main.<\/p>\n<p>Le coupe-fil est muni d&#8217;un \u0153illet de suspension et peut donc id\u00e9alement \u00eatre utilis\u00e9 comme pendentif. Nous incluons gratuitement un bracelet en cuir de la couleur de votre choix. \u00c0 la fois \u00e9l\u00e9gant et fonctionnel, ce pendentif n&#8217;enl\u00e8ve rien \u00e0 la beaut\u00e9 du bijou.<\/p>\n<p>Le coupe-fil or antique est aussi souvent appel\u00e9 : coupe-fil, coupe-fil, pendentif coupe-fil et coupe-fil.<\/p>\n<p><a href=\"https:\/\/www.jootjeshaakcadeautjes.nl\/fr\/product-categorie\/materiel-de-bricolage-et-de-crochet\/ciseaux-a-broder\/\">Pr\u00e9f\u00e9rez-vous les ciseaux ? Alors regardez ici.<\/a><\/p>\n","protected":false},"excerpt":{"rendered":"<h3>Coupe-fil or antique<\/h3>\n<p>Coupe-fil or antique ; \u00c9l\u00e9gant et fonctionnel.<br \/>\nPratique \u00e9galement dans l&#8217;avion, il peut \u00eatre plac\u00e9 dans le bagage \u00e0 main, contrairement aux ciseaux.<br \/>\nIl se porte d\u00e9licatement en m\u00e9daillon ou en pendentif autour du cou.<br \/>\nOeil de suspension avec sangle en cuir incluse de couleur al\u00e9atoire.<\/p>\n","protected":false},"featured_media":0,"template":"","meta":[],"product_brand":[],"product_cat":[13743,12308],"product_tag":[13991,12423,12489,13808,13994,12324],"class_list":{"0":"post-136292","1":"product","2":"type-product","3":"status-publish","5":"product_cat-ciseaux-a-broder","6":"product_cat-materiel-de-bricolage-et-de-crochet","7":"product_tag-antique-fr-2","8":"product_tag-bronze-fr","9":"product_tag-ciseaux-fr","10":"product_tag-ciseaux-a-broder-fr","11":"product_tag-coupe-fil","12":"product_tag-lor","14":"first","15":"outofstock","16":"sale","17":"taxable","18":"shipping-taxable","19":"purchasable","20":"product-type-simple"},"bundled_by":[],"bundle_stock_status":"outofstock","bundle_stock_quantity":0,"bundle_virtual":false,"bundle_layout":"","bundle_add_to_cart_form_location":"","bundle_editable_in_cart":false,"bundle_sold_individually_context":"","bundle_item_grouping":"","bundle_min_size":"","bundle_max_size":"","bundle_price":[],"bundled_items":[],"bundle_sell_ids":[],"yoast_head":"<!-- This site is optimized with the Yoast SEO Premium plugin v27.6 (Yoast SEO v27.6) - https:\/\/yoast.com\/product\/yoast-seo-premium-wordpress\/ -->\n<title>Pendentif coupe-fil or antique - M\u00e9daillon coupe-fil<\/title>\n<meta name=\"description\" content=\"Le pendentif coupe-fil avec cha\u00eene en cuir est le &quot;ciseau&quot; de broderie id\u00e9al pour les vacances (dans l&#039;avion). Pour seulement 6,95 \u20ac. M\u00e9daillon en or antique.\" \/>\n<meta name=\"robots\" content=\"index, follow, max-snippet:-1, max-image-preview:large, max-video-preview:-1\" \/>\n<link rel=\"canonical\" href=\"https:\/\/www.jootjeshaakcadeautjes.nl\/fr\/produit\/coupe-fil-crochet\/\" \/>\n<meta property=\"og:locale\" content=\"fr_FR\" \/>\n<meta property=\"og:type\" content=\"article\" \/>\n<meta property=\"og:title\" content=\"Pendentif coupe-fil or antique\" \/>\n<meta property=\"og:description\" content=\"Le pendentif coupe-fil avec cha\u00eene en cuir est le &quot;ciseau&quot; de broderie id\u00e9al pour les vacances (dans l&#039;avion). Pour seulement 6,95 \u20ac. M\u00e9daillon en or antique.\" \/>\n<meta property=\"og:url\" content=\"https:\/\/www.jootjeshaakcadeautjes.nl\/fr\/produit\/coupe-fil-crochet\/\" \/>\n<meta property=\"og:site_name\" content=\"Jootjes Haakcadeautjes\" \/>\n<meta property=\"article:modified_time\" content=\"2025-03-11T01:50:11+00:00\" \/>\n<meta name=\"twitter:card\" content=\"summary_large_image\" \/>\n<meta name=\"twitter:label1\" content=\"Prix\" \/>\n\t<meta name=\"twitter:data1\" content=\"&euro;5.95 TTC\" \/>\n\t<meta name=\"twitter:label2\" content=\"Disponibilit\u00e9\" \/>\n\t<meta name=\"twitter:data2\" content=\"Rupture de stock\" \/>\n<script type=\"application\/ld+json\" class=\"yoast-schema-graph\">{\"@context\":\"https:\\\/\\\/schema.org\",\"@graph\":[{\"@type\":\"WebPage\",\"@id\":\"https:\\\/\\\/www.jootjeshaakcadeautjes.nl\\\/fr\\\/produit\\\/coupe-fil-crochet\\\/\",\"url\":\"https:\\\/\\\/www.jootjeshaakcadeautjes.nl\\\/fr\\\/produit\\\/coupe-fil-crochet\\\/\",\"name\":\"Pendentif coupe-fil or antique - M\u00e9daillon coupe-fil\",\"isPartOf\":{\"@id\":\"https:\\\/\\\/www.jootjeshaakcadeautjes.nl\\\/fr\\\/#website\"},\"datePublished\":\"2019-02-17T18:54:45+00:00\",\"dateModified\":\"2025-03-11T01:50:11+00:00\",\"description\":\"Le pendentif coupe-fil avec cha\u00eene en cuir est le \\\"ciseau\\\" de broderie id\u00e9al pour les vacances (dans l'avion). Pour seulement 6,95 \u20ac. M\u00e9daillon en or antique.\",\"breadcrumb\":{\"@id\":\"https:\\\/\\\/www.jootjeshaakcadeautjes.nl\\\/fr\\\/produit\\\/coupe-fil-crochet\\\/#breadcrumb\"},\"inLanguage\":\"fr-FR\",\"potentialAction\":[{\"@type\":\"ReadAction\",\"target\":[\"https:\\\/\\\/www.jootjeshaakcadeautjes.nl\\\/fr\\\/produit\\\/coupe-fil-crochet\\\/\"]}]},{\"@type\":\"BreadcrumbList\",\"@id\":\"https:\\\/\\\/www.jootjeshaakcadeautjes.nl\\\/fr\\\/produit\\\/coupe-fil-crochet\\\/#breadcrumb\",\"itemListElement\":[{\"@type\":\"ListItem\",\"position\":1,\"name\":\"Accueil\",\"item\":\"https:\\\/\\\/www.jootjeshaakcadeautjes.nl\\\/fr\\\/\"},{\"@type\":\"ListItem\",\"position\":2,\"name\":\"Commerce de gros de perles en silicone &#8211; Entreprises et consommateurs\",\"item\":\"https:\\\/\\\/www.jootjeshaakcadeautjes.nl\\\/fr\\\/boutique\\\/\"},{\"@type\":\"ListItem\",\"position\":3,\"name\":\"Pendentif coupe-fil or antique\"}]},{\"@type\":\"WebSite\",\"@id\":\"https:\\\/\\\/www.jootjeshaakcadeautjes.nl\\\/fr\\\/#website\",\"url\":\"https:\\\/\\\/www.jootjeshaakcadeautjes.nl\\\/fr\\\/\",\"name\":\"Jootjes Haakcadeautjes\",\"description\":\"Grossiste en perles de silicone\",\"publisher\":{\"@id\":\"https:\\\/\\\/www.jootjeshaakcadeautjes.nl\\\/fr\\\/#organization\"},\"potentialAction\":[{\"@type\":\"SearchAction\",\"target\":{\"@type\":\"EntryPoint\",\"urlTemplate\":\"https:\\\/\\\/www.jootjeshaakcadeautjes.nl\\\/fr\\\/?s={search_term_string}\"},\"query-input\":{\"@type\":\"PropertyValueSpecification\",\"valueRequired\":true,\"valueName\":\"search_term_string\"}}],\"inLanguage\":\"fr-FR\"},{\"@type\":\"Organization\",\"@id\":\"https:\\\/\\\/www.jootjeshaakcadeautjes.nl\\\/fr\\\/#organization\",\"name\":\"Jootjes Haakcadeautjes\",\"url\":\"https:\\\/\\\/www.jootjeshaakcadeautjes.nl\\\/fr\\\/\",\"logo\":{\"@type\":\"ImageObject\",\"inLanguage\":\"fr-FR\",\"@id\":\"https:\\\/\\\/www.jootjeshaakcadeautjes.nl\\\/fr\\\/#\\\/schema\\\/logo\\\/image\\\/\",\"url\":\"https:\\\/\\\/d1dyryakdmle7o.cloudfront.net\\\/wp-content\\\/uploads\\\/2023\\\/05\\\/Logo-rond.png\",\"contentUrl\":\"https:\\\/\\\/d1dyryakdmle7o.cloudfront.net\\\/wp-content\\\/uploads\\\/2023\\\/05\\\/Logo-rond.png\",\"width\":1222,\"height\":1222,\"caption\":\"Jootjes Haakcadeautjes\"},\"image\":{\"@id\":\"https:\\\/\\\/www.jootjeshaakcadeautjes.nl\\\/fr\\\/#\\\/schema\\\/logo\\\/image\\\/\"}}]}<\/script>\n<meta property=\"product:price:amount\" content=\"5.95\" \/>\n<meta property=\"product:price:currency\" content=\"EUR\" \/>\n<meta property=\"og:availability\" content=\"out of stock\" \/>\n<meta property=\"product:availability\" content=\"out of stock\" \/>\n<meta property=\"product:retailer_item_id\" content=\"GRS-HAN-GOU\" \/>\n<meta property=\"product:condition\" content=\"new\" \/>\n<!-- \/ Yoast SEO Premium plugin. -->","yoast_head_json":{"title":"Pendentif coupe-fil or antique - M\u00e9daillon coupe-fil","description":"Le pendentif coupe-fil avec cha\u00eene en cuir est le \"ciseau\" de broderie id\u00e9al pour les vacances (dans l'avion). Pour seulement 6,95 \u20ac. M\u00e9daillon en or antique.","robots":{"index":"index","follow":"follow","max-snippet":"max-snippet:-1","max-image-preview":"max-image-preview:large","max-video-preview":"max-video-preview:-1"},"canonical":"https:\/\/www.jootjeshaakcadeautjes.nl\/fr\/produit\/coupe-fil-crochet\/","og_locale":"fr_FR","og_type":"article","og_title":"Pendentif coupe-fil or antique","og_description":"Le pendentif coupe-fil avec cha\u00eene en cuir est le \"ciseau\" de broderie id\u00e9al pour les vacances (dans l'avion). Pour seulement 6,95 \u20ac. M\u00e9daillon en or antique.","og_url":"https:\/\/www.jootjeshaakcadeautjes.nl\/fr\/produit\/coupe-fil-crochet\/","og_site_name":"Jootjes Haakcadeautjes","article_modified_time":"2025-03-11T01:50:11+00:00","twitter_card":"summary_large_image","twitter_misc":{"Prix":"&euro;5.95 TTC","Disponibilit\u00e9":"Rupture de stock"},"schema":{"@context":"https:\/\/schema.org","@graph":[{"@type":"WebPage","@id":"https:\/\/www.jootjeshaakcadeautjes.nl\/fr\/produit\/coupe-fil-crochet\/","url":"https:\/\/www.jootjeshaakcadeautjes.nl\/fr\/produit\/coupe-fil-crochet\/","name":"Pendentif coupe-fil or antique - M\u00e9daillon coupe-fil","isPartOf":{"@id":"https:\/\/www.jootjeshaakcadeautjes.nl\/fr\/#website"},"datePublished":"2019-02-17T18:54:45+00:00","dateModified":"2025-03-11T01:50:11+00:00","description":"Le pendentif coupe-fil avec cha\u00eene en cuir est le \"ciseau\" de broderie id\u00e9al pour les vacances (dans l'avion). Pour seulement 6,95 \u20ac. M\u00e9daillon en or antique.","breadcrumb":{"@id":"https:\/\/www.jootjeshaakcadeautjes.nl\/fr\/produit\/coupe-fil-crochet\/#breadcrumb"},"inLanguage":"fr-FR","potentialAction":[{"@type":"ReadAction","target":["https:\/\/www.jootjeshaakcadeautjes.nl\/fr\/produit\/coupe-fil-crochet\/"]}]},{"@type":"BreadcrumbList","@id":"https:\/\/www.jootjeshaakcadeautjes.nl\/fr\/produit\/coupe-fil-crochet\/#breadcrumb","itemListElement":[{"@type":"ListItem","position":1,"name":"Accueil","item":"https:\/\/www.jootjeshaakcadeautjes.nl\/fr\/"},{"@type":"ListItem","position":2,"name":"Commerce de gros de perles en silicone &#8211; Entreprises et consommateurs","item":"https:\/\/www.jootjeshaakcadeautjes.nl\/fr\/boutique\/"},{"@type":"ListItem","position":3,"name":"Pendentif coupe-fil or antique"}]},{"@type":"WebSite","@id":"https:\/\/www.jootjeshaakcadeautjes.nl\/fr\/#website","url":"https:\/\/www.jootjeshaakcadeautjes.nl\/fr\/","name":"Jootjes Haakcadeautjes","description":"Grossiste en perles de silicone","publisher":{"@id":"https:\/\/www.jootjeshaakcadeautjes.nl\/fr\/#organization"},"potentialAction":[{"@type":"SearchAction","target":{"@type":"EntryPoint","urlTemplate":"https:\/\/www.jootjeshaakcadeautjes.nl\/fr\/?s={search_term_string}"},"query-input":{"@type":"PropertyValueSpecification","valueRequired":true,"valueName":"search_term_string"}}],"inLanguage":"fr-FR"},{"@type":"Organization","@id":"https:\/\/www.jootjeshaakcadeautjes.nl\/fr\/#organization","name":"Jootjes Haakcadeautjes","url":"https:\/\/www.jootjeshaakcadeautjes.nl\/fr\/","logo":{"@type":"ImageObject","inLanguage":"fr-FR","@id":"https:\/\/www.jootjeshaakcadeautjes.nl\/fr\/#\/schema\/logo\/image\/","url":"https:\/\/d1dyryakdmle7o.cloudfront.net\/wp-content\/uploads\/2023\/05\/Logo-rond.png","contentUrl":"https:\/\/d1dyryakdmle7o.cloudfront.net\/wp-content\/uploads\/2023\/05\/Logo-rond.png","width":1222,"height":1222,"caption":"Jootjes Haakcadeautjes"},"image":{"@id":"https:\/\/www.jootjeshaakcadeautjes.nl\/fr\/#\/schema\/logo\/image\/"}}]},"product_price_amount":"5.95","product_price_currency":"EUR","og_availability":"out of stock","product_availability":"out of stock","product_retailer_item_id":"GRS-HAN-GOU","product_condition":"new"},"_links":{"self":[{"href":"https:\/\/www.jootjeshaakcadeautjes.nl\/fr\/wp-json\/wp\/v2\/product\/136292","targetHints":{"allow":["GET"]}}],"collection":[{"href":"https:\/\/www.jootjeshaakcadeautjes.nl\/fr\/wp-json\/wp\/v2\/product"}],"about":[{"href":"https:\/\/www.jootjeshaakcadeautjes.nl\/fr\/wp-json\/wp\/v2\/types\/product"}],"version-history":[{"count":0,"href":"https:\/\/www.jootjeshaakcadeautjes.nl\/fr\/wp-json\/wp\/v2\/product\/136292\/revisions"}],"wp:attachment":[{"href":"https:\/\/www.jootjeshaakcadeautjes.nl\/fr\/wp-json\/wp\/v2\/media?parent=136292"}],"wp:term":[{"taxonomy":"product_brand","embeddable":true,"href":"https:\/\/www.jootjeshaakcadeautjes.nl\/fr\/wp-json\/wp\/v2\/product_brand?post=136292"},{"taxonomy":"product_cat","embeddable":true,"href":"https:\/\/www.jootjeshaakcadeautjes.nl\/fr\/wp-json\/wp\/v2\/product_cat?post=136292"},{"taxonomy":"product_tag","embeddable":true,"href":"https:\/\/www.jootjeshaakcadeautjes.nl\/fr\/wp-json\/wp\/v2\/product_tag?post=136292"}],"curies":[{"name":"wp","href":"https:\/\/api.w.org\/{rel}","templated":true}]}}