{"id":136307,"date":"2018-11-06T14:43:07","date_gmt":"2018-11-06T12:43:07","guid":{"rendered":"https:\/\/www.jootjeshaakcadeautjes.nl\/product\/pram-clamp-hydrofoil-clamp\/"},"modified":"2026-03-30T17:11:11","modified_gmt":"2026-03-30T15:11:11","slug":"pram-clamp-hydrofoil-clamp","status":"publish","type":"product","link":"https:\/\/www.jootjeshaakcadeautjes.nl\/fr\/produit\/pram-clamp-hydrofoil-clamp\/","title":{"rendered":"Clip pour landau \/ clip pour tissu hydrophile &#8211; Clip pour lange"},"content":{"rendered":"<h1><span style=\"color: #48046d;\">Pince de landau &#8211; Clips de landau &#8211; Clips de landau<\/span><\/h1>\n<p>Disponible en gris, noir, jaune clair, rose p\u00eache, vert menthe, blanc, indigo, bleu clair et orange. Ces clips polyvalents super pratiques sont indispensables dans tout sac \u00e0 langer. Vous pouvez les utiliser pour de nombreuses choses. Ces clips multifonctionnels, \u00e9galement appel\u00e9s clips de landau, permettent d&#8217;attacher facilement une multitissu hydrophile ou une \u00e9charpe de portage \u00e0 la poussette Maxi Cosi ou au landau. En outre, ces pinces constituent une excellente alternative \u00e0 la pince \u00e0 t\u00e9tine, \u00e0 la pince \u00e0 jouets ou \u00e0 l&#8217;anneau \u00e0 jouets.<\/p>\n<h4><span style=\"color: #48046d;\">Comment utiliser ces pinces multifonctionnelles pour chariot d&#8217;enfant ?<\/span><\/h4>\n<p>Les clips de t\u00e9tine ne sont pas toujours faciles \u00e0 fixer sur un Maxi Cosi, un landau, une poussette, un landau, un buggy, un si\u00e8ge auto, etc. Cela d\u00e9pend vraiment du mod\u00e8le. Une alternative pratique est donc ce clip pour trolley\/pram. Comme le clip est dot\u00e9 d&#8217;un joli trou de fixation sur l&#8217;une des pattes, vous pouvez facilement y attacher des jouets ou une cordelette pour mannequin. Par cons\u00e9quent, comme nous l&#8217;avons mentionn\u00e9, cette pince pour chariot est largement utilis\u00e9e comme alternative lors de la fabrication d&#8217;un cordon pour mannequin, d&#8217;un cordon pour landau, d&#8217;un pendentif Maxi Cosi et d&#8217;autres. Gardez \u00e0 l&#8217;esprit qu&#8217;un faux cordon ou un pendentif maxi cosi ne doit pas d\u00e9passer 20 cm. Si le cordon de la t\u00e9tine d\u00e9passe 20 cm, il y a un risque d&#8217;\u00e9touffement.<\/p>\n<p>Vous pouvez \u00e9galement attacher ces clips tr\u00e8s facilement aux jouets pour enfants que vous poss\u00e9dez d\u00e9j\u00e0. Ainsi, vous ne perdrez rien sur la route ! En outre, la forme du clip est \u00e9galement id\u00e9ale pour attacher les jouets \u00e0 un parc pour enfants. En outre, ces pinces multifonctionnelles pour landaus sont largement utilis\u00e9es pour fixer les linges hydrophiles sur les Maxi Cosi ou les landaus. Il s&#8217;agit de prot\u00e9ger votre enfant des stimuli et des intemp\u00e9ries. C&#8217;est possible, mais il faut \u00eatre tr\u00e8s attentif. Un tissu hydrophile ne prot\u00e8ge pas contre les rayons ultraviolets. La structure \u00e0 tissage l\u00e2che laisse passer les rayons UV. N&#8217;utilisez donc que des chiffons adapt\u00e9s et dot\u00e9s d&#8217;une protection contre les UV. Ne jamais couvrir compl\u00e8tement. Le fait de la recouvrir enti\u00e8rement d&#8217;un tissu hydrophile augmente la temp\u00e9rature de la nacelle de 7 degr\u00e9s ! Par cons\u00e9quent, veillez toujours \u00e0 ce que l&#8217;air circule correctement afin d&#8217;\u00e9viter toute surchauffe !<\/p>\n<p>La pince pour chariot n&#8217;est actuellement disponible qu&#8217;en couleur grise (carbone).<\/p>\n<h4><span style=\"color: #48046d;\">Cordon de jeu de qualit\u00e9 et de s\u00e9curit\u00e9, anneau, crochet de chariot, clip d&#8217;emmaillotage<\/span><\/h4>\n<p>La pince pour chariot\/la pince pour tissu en hydrofoil est fabriqu\u00e9e en plastique robuste et de haute qualit\u00e9. Ce plastique est exempt de BPA et de plastifiant. Les pinces \u00e0 landau ne contiennent donc pas de produits chimiques nocifs. Le mat\u00e9riau est lisse et se nettoie tr\u00e8s facilement \u00e0 l&#8217;aide d&#8217;un chiffon humide. Le produit final que vous cr\u00e9ez est toujours sous votre propre responsabilit\u00e9. Nous conseillons donc d&#8217;utiliser les produits finis uniquement sous la surveillance d&#8217;un adulte.<\/p>\n<h5><span style=\"color: #48046d;\">Bref r\u00e9sum\u00e9 :<\/span><\/h5>\n<p><strong>Nom : <\/strong>Pince de landau, pince de landau, pince de landau<br \/>\n<strong>Couleur : <\/strong>gris, noir, jaune clair, rose p\u00eache, vert menthe, blanc, indigo, bleu clair et orange<br \/>\n<strong>Mat\u00e9riau : <\/strong>plastique dur sans BPA ni plastifiant. Plastique adapt\u00e9 aux enfants.<br \/>\n<strong>Traitement\/taille : <\/strong>75 mm x 48 mm x 25 mm, finition lisse.<br \/>\n<strong>\u00c9galement connu sous le nom de : <\/strong>Attache pour le lange, attache pour le landau, attache pour le chariot, attache pour le parc, attache pour le chariot, attache pour le tissu hydrophile, attache pour le lange, attache polyvalente, attache pour le cordon de la t\u00e9tine ou attache pour le landau.<br \/>\n<strong>Utilisations courantes pour la fabrication de vos propres produits : <\/strong>cordons pour t\u00e9tines au crochet, cordons pour t\u00e9tines en silicone faits \u00e0 la main, cordons pour t\u00e9tines en bois faits \u00e0 la main, attaches pour t\u00e9tines, bretelles de landau au crochet avec des produits en silicone ou en bois, mobile pour b\u00e9b\u00e9 fait \u00e0 la main au-dessus du lit de b\u00e9b\u00e9, pince multifonctionnelle pour les jouets ou multi-torchons ou serviettes de bain hydrophiles.<br \/>\n<strong>Largement utilis\u00e9 en combinaison avec tous nos autres <a href=\"https:\/\/www.jootjeshaakcadeautjes.nl\/fr\/product-categorie\/fabrication-de-jouets-de-dentition-pour-bebe-cordon-de-sucette-et-anneaux-de-dentition\/\">mat\u00e9riaux de jouets de dentition pour b\u00e9b\u00e9s<\/a>.<\/strong><\/p>\n","protected":false},"excerpt":{"rendered":"<ul>\n<li>75 mm x 48 mm x 25 mm<\/li>\n<li>Clip d&#8217;emmaillotage<\/li>\n<li>Sans BPA ni plastifiant<\/li>\n<li>Plastique de haute qualit\u00e9<\/li>\n<li>Gris, noir, jaune clair, rose tendre, rose b\u00e9b\u00e9 clair, vert menthe, blanc, indigo, bleu clair, violet et orange.<\/li>\n<\/ul>\n","protected":false},"featured_media":78780,"template":"","meta":[],"product_brand":[],"product_cat":[9987,14004],"product_tag":[12899,14009,19441,19442,7418,12907,13522,7608,14005,14007,19440],"class_list":{"0":"post-136307","1":"product","2":"type-product","3":"status-publish","4":"has-post-thumbnail","6":"product_cat-perles-en-silicone-et-accessoires-pour-bebes-soldes","7":"product_cat-pince-a-landau-pince-en-tissu-hydrophile","8":"product_tag-boite-fr","9":"product_tag-clip-demmaillotage","10":"product_tag-couverture-demmaillotage","11":"product_tag-emmailloter","12":"product_tag-faux-cordon","13":"product_tag-landau","14":"product_tag-maxi-cosi-fr","15":"product_tag-noir","16":"product_tag-pince-de-landau","17":"product_tag-pince-en-tissu-hydrophile","18":"product_tag-pince-pour-chariot","20":"first","21":"instock","22":"taxable","23":"shipping-taxable","24":"purchasable","25":"product-type-simple"},"bundled_by":[],"bundle_stock_status":"instock","bundle_stock_quantity":42,"bundle_virtual":false,"bundle_layout":"","bundle_add_to_cart_form_location":"","bundle_editable_in_cart":false,"bundle_sold_individually_context":"","bundle_item_grouping":"","bundle_min_size":"","bundle_max_size":"","bundle_price":[],"bundled_items":[],"bundle_sell_ids":[],"yoast_head":"<!-- This site is optimized with the Yoast SEO Premium plugin v27.6 (Yoast SEO v27.6) - https:\/\/yoast.com\/product\/yoast-seo-premium-wordpress\/ -->\n<title>Clip pour landau \/ clip pour tissu hydrophile - Clip pour lange - Jootjes Haakcadeautjes<\/title>\n<meta name=\"description\" content=\"Pince multifonctionnelle pour chariot ou landau. Pour parc d&#039;enfant, Maxi Cosi, poussette, etc. Indispensable lorsqu&#039;il est utilis\u00e9 avec un lange ou un tissu hydrophile.\" \/>\n<meta name=\"robots\" content=\"index, follow, max-snippet:-1, max-image-preview:large, max-video-preview:-1\" \/>\n<link rel=\"canonical\" href=\"https:\/\/www.jootjeshaakcadeautjes.nl\/fr\/produit\/pram-clamp-hydrofoil-clamp\/\" \/>\n<meta property=\"og:locale\" content=\"fr_FR\" \/>\n<meta property=\"og:type\" content=\"article\" \/>\n<meta property=\"og:title\" content=\"Clip pour landau \/ clip pour tissu hydrophile - Clip pour lange\" \/>\n<meta property=\"og:description\" content=\"Pince multifonctionnelle pour chariot ou landau. Pour parc d&#039;enfant, Maxi Cosi, poussette, etc. Indispensable lorsqu&#039;il est utilis\u00e9 avec un lange ou un tissu hydrophile.\" \/>\n<meta property=\"og:url\" content=\"https:\/\/www.jootjeshaakcadeautjes.nl\/fr\/produit\/pram-clamp-hydrofoil-clamp\/\" \/>\n<meta property=\"og:site_name\" content=\"Jootjes Haakcadeautjes\" \/>\n<meta property=\"article:modified_time\" content=\"2026-03-30T15:11:11+00:00\" \/>\n<meta property=\"og:image\" content=\"https:\/\/d1dyryakdmle7o.cloudfront.net\/wp-content\/uploads\/2021\/12\/20211003_013729.jpg\" \/>\n\t<meta property=\"og:image:width\" content=\"2048\" \/>\n\t<meta property=\"og:image:height\" content=\"2048\" \/>\n\t<meta property=\"og:image:type\" content=\"image\/jpeg\" \/>\n<meta name=\"twitter:card\" content=\"summary_large_image\" \/>\n<meta name=\"twitter:label1\" content=\"Prix\" \/>\n\t<meta name=\"twitter:data1\" content=\"&euro;1.50 TTC\" \/>\n\t<meta name=\"twitter:label2\" content=\"Disponibilit\u00e9\" \/>\n\t<meta name=\"twitter:data2\" content=\"En stock\" \/>\n<script type=\"application\/ld+json\" class=\"yoast-schema-graph\">{\"@context\":\"https:\\\/\\\/schema.org\",\"@graph\":[{\"@type\":\"WebPage\",\"@id\":\"https:\\\/\\\/www.jootjeshaakcadeautjes.nl\\\/fr\\\/produit\\\/pram-clamp-hydrofoil-clamp\\\/\",\"url\":\"https:\\\/\\\/www.jootjeshaakcadeautjes.nl\\\/fr\\\/produit\\\/pram-clamp-hydrofoil-clamp\\\/\",\"name\":\"Clip pour landau \\\/ clip pour tissu hydrophile - Clip pour lange - Jootjes Haakcadeautjes\",\"isPartOf\":{\"@id\":\"https:\\\/\\\/www.jootjeshaakcadeautjes.nl\\\/fr\\\/#website\"},\"primaryImageOfPage\":{\"@id\":\"https:\\\/\\\/www.jootjeshaakcadeautjes.nl\\\/fr\\\/produit\\\/pram-clamp-hydrofoil-clamp\\\/#primaryimage\"},\"image\":{\"@id\":\"https:\\\/\\\/www.jootjeshaakcadeautjes.nl\\\/fr\\\/produit\\\/pram-clamp-hydrofoil-clamp\\\/#primaryimage\"},\"thumbnailUrl\":\"https:\\\/\\\/d1dyryakdmle7o.cloudfront.net\\\/wp-content\\\/uploads\\\/2021\\\/12\\\/20211003_013729.jpg\",\"datePublished\":\"2018-11-06T12:43:07+00:00\",\"dateModified\":\"2026-03-30T15:11:11+00:00\",\"description\":\"Pince multifonctionnelle pour chariot ou landau. Pour parc d'enfant, Maxi Cosi, poussette, etc. Indispensable lorsqu'il est utilis\u00e9 avec un lange ou un tissu hydrophile.\",\"breadcrumb\":{\"@id\":\"https:\\\/\\\/www.jootjeshaakcadeautjes.nl\\\/fr\\\/produit\\\/pram-clamp-hydrofoil-clamp\\\/#breadcrumb\"},\"inLanguage\":\"fr-FR\",\"potentialAction\":[{\"@type\":\"ReadAction\",\"target\":[\"https:\\\/\\\/www.jootjeshaakcadeautjes.nl\\\/fr\\\/produit\\\/pram-clamp-hydrofoil-clamp\\\/\"]}]},{\"@type\":\"ImageObject\",\"inLanguage\":\"fr-FR\",\"@id\":\"https:\\\/\\\/www.jootjeshaakcadeautjes.nl\\\/fr\\\/produit\\\/pram-clamp-hydrofoil-clamp\\\/#primaryimage\",\"url\":\"https:\\\/\\\/d1dyryakdmle7o.cloudfront.net\\\/wp-content\\\/uploads\\\/2021\\\/12\\\/20211003_013729.jpg\",\"contentUrl\":\"https:\\\/\\\/d1dyryakdmle7o.cloudfront.net\\\/wp-content\\\/uploads\\\/2021\\\/12\\\/20211003_013729.jpg\",\"width\":2048,\"height\":2048,\"caption\":\"Pince de chariot pince de tissu hydrophile noir grossiste b\u00e9b\u00e9\"},{\"@type\":\"BreadcrumbList\",\"@id\":\"https:\\\/\\\/www.jootjeshaakcadeautjes.nl\\\/fr\\\/produit\\\/pram-clamp-hydrofoil-clamp\\\/#breadcrumb\",\"itemListElement\":[{\"@type\":\"ListItem\",\"position\":1,\"name\":\"Accueil\",\"item\":\"https:\\\/\\\/www.jootjeshaakcadeautjes.nl\\\/fr\\\/\"},{\"@type\":\"ListItem\",\"position\":2,\"name\":\"Commerce de gros de perles en silicone &#8211; Entreprises et consommateurs\",\"item\":\"https:\\\/\\\/www.jootjeshaakcadeautjes.nl\\\/fr\\\/boutique\\\/\"},{\"@type\":\"ListItem\",\"position\":3,\"name\":\"Clip pour landau \\\/ clip pour tissu hydrophile &#8211; Clip pour lange\"}]},{\"@type\":\"WebSite\",\"@id\":\"https:\\\/\\\/www.jootjeshaakcadeautjes.nl\\\/fr\\\/#website\",\"url\":\"https:\\\/\\\/www.jootjeshaakcadeautjes.nl\\\/fr\\\/\",\"name\":\"Jootjes Haakcadeautjes\",\"description\":\"Grossiste en perles de silicone\",\"publisher\":{\"@id\":\"https:\\\/\\\/www.jootjeshaakcadeautjes.nl\\\/fr\\\/#organization\"},\"potentialAction\":[{\"@type\":\"SearchAction\",\"target\":{\"@type\":\"EntryPoint\",\"urlTemplate\":\"https:\\\/\\\/www.jootjeshaakcadeautjes.nl\\\/fr\\\/?s={search_term_string}\"},\"query-input\":{\"@type\":\"PropertyValueSpecification\",\"valueRequired\":true,\"valueName\":\"search_term_string\"}}],\"inLanguage\":\"fr-FR\"},{\"@type\":\"Organization\",\"@id\":\"https:\\\/\\\/www.jootjeshaakcadeautjes.nl\\\/fr\\\/#organization\",\"name\":\"Jootjes Haakcadeautjes\",\"url\":\"https:\\\/\\\/www.jootjeshaakcadeautjes.nl\\\/fr\\\/\",\"logo\":{\"@type\":\"ImageObject\",\"inLanguage\":\"fr-FR\",\"@id\":\"https:\\\/\\\/www.jootjeshaakcadeautjes.nl\\\/fr\\\/#\\\/schema\\\/logo\\\/image\\\/\",\"url\":\"https:\\\/\\\/d1dyryakdmle7o.cloudfront.net\\\/wp-content\\\/uploads\\\/2023\\\/05\\\/Logo-rond.png\",\"contentUrl\":\"https:\\\/\\\/d1dyryakdmle7o.cloudfront.net\\\/wp-content\\\/uploads\\\/2023\\\/05\\\/Logo-rond.png\",\"width\":1222,\"height\":1222,\"caption\":\"Jootjes Haakcadeautjes\"},\"image\":{\"@id\":\"https:\\\/\\\/www.jootjeshaakcadeautjes.nl\\\/fr\\\/#\\\/schema\\\/logo\\\/image\\\/\"}}]}<\/script>\n<meta property=\"product:price:amount\" content=\"1.50\" \/>\n<meta property=\"product:price:currency\" content=\"EUR\" \/>\n<meta property=\"og:availability\" content=\"instock\" \/>\n<meta property=\"product:availability\" content=\"instock\" \/>\n<meta property=\"product:retailer_item_id\" content=\"KWA-HYD-KLM\" \/>\n<meta property=\"product:condition\" content=\"new\" \/>\n<!-- \/ Yoast SEO Premium plugin. -->","yoast_head_json":{"title":"Clip pour landau \/ clip pour tissu hydrophile - Clip pour lange - Jootjes Haakcadeautjes","description":"Pince multifonctionnelle pour chariot ou landau. Pour parc d'enfant, Maxi Cosi, poussette, etc. Indispensable lorsqu'il est utilis\u00e9 avec un lange ou un tissu hydrophile.","robots":{"index":"index","follow":"follow","max-snippet":"max-snippet:-1","max-image-preview":"max-image-preview:large","max-video-preview":"max-video-preview:-1"},"canonical":"https:\/\/www.jootjeshaakcadeautjes.nl\/fr\/produit\/pram-clamp-hydrofoil-clamp\/","og_locale":"fr_FR","og_type":"article","og_title":"Clip pour landau \/ clip pour tissu hydrophile - Clip pour lange","og_description":"Pince multifonctionnelle pour chariot ou landau. Pour parc d'enfant, Maxi Cosi, poussette, etc. Indispensable lorsqu'il est utilis\u00e9 avec un lange ou un tissu hydrophile.","og_url":"https:\/\/www.jootjeshaakcadeautjes.nl\/fr\/produit\/pram-clamp-hydrofoil-clamp\/","og_site_name":"Jootjes Haakcadeautjes","article_modified_time":"2026-03-30T15:11:11+00:00","og_image":[{"width":2048,"height":2048,"url":"https:\/\/d1dyryakdmle7o.cloudfront.net\/wp-content\/uploads\/2021\/12\/20211003_013729.jpg","type":"image\/jpeg"}],"twitter_card":"summary_large_image","twitter_misc":{"Prix":"&euro;1.50 TTC","Disponibilit\u00e9":"En stock"},"schema":{"@context":"https:\/\/schema.org","@graph":[{"@type":"WebPage","@id":"https:\/\/www.jootjeshaakcadeautjes.nl\/fr\/produit\/pram-clamp-hydrofoil-clamp\/","url":"https:\/\/www.jootjeshaakcadeautjes.nl\/fr\/produit\/pram-clamp-hydrofoil-clamp\/","name":"Clip pour landau \/ clip pour tissu hydrophile - Clip pour lange - Jootjes Haakcadeautjes","isPartOf":{"@id":"https:\/\/www.jootjeshaakcadeautjes.nl\/fr\/#website"},"primaryImageOfPage":{"@id":"https:\/\/www.jootjeshaakcadeautjes.nl\/fr\/produit\/pram-clamp-hydrofoil-clamp\/#primaryimage"},"image":{"@id":"https:\/\/www.jootjeshaakcadeautjes.nl\/fr\/produit\/pram-clamp-hydrofoil-clamp\/#primaryimage"},"thumbnailUrl":"https:\/\/d1dyryakdmle7o.cloudfront.net\/wp-content\/uploads\/2021\/12\/20211003_013729.jpg","datePublished":"2018-11-06T12:43:07+00:00","dateModified":"2026-03-30T15:11:11+00:00","description":"Pince multifonctionnelle pour chariot ou landau. Pour parc d'enfant, Maxi Cosi, poussette, etc. Indispensable lorsqu'il est utilis\u00e9 avec un lange ou un tissu hydrophile.","breadcrumb":{"@id":"https:\/\/www.jootjeshaakcadeautjes.nl\/fr\/produit\/pram-clamp-hydrofoil-clamp\/#breadcrumb"},"inLanguage":"fr-FR","potentialAction":[{"@type":"ReadAction","target":["https:\/\/www.jootjeshaakcadeautjes.nl\/fr\/produit\/pram-clamp-hydrofoil-clamp\/"]}]},{"@type":"ImageObject","inLanguage":"fr-FR","@id":"https:\/\/www.jootjeshaakcadeautjes.nl\/fr\/produit\/pram-clamp-hydrofoil-clamp\/#primaryimage","url":"https:\/\/d1dyryakdmle7o.cloudfront.net\/wp-content\/uploads\/2021\/12\/20211003_013729.jpg","contentUrl":"https:\/\/d1dyryakdmle7o.cloudfront.net\/wp-content\/uploads\/2021\/12\/20211003_013729.jpg","width":2048,"height":2048,"caption":"Pince de chariot pince de tissu hydrophile noir grossiste b\u00e9b\u00e9"},{"@type":"BreadcrumbList","@id":"https:\/\/www.jootjeshaakcadeautjes.nl\/fr\/produit\/pram-clamp-hydrofoil-clamp\/#breadcrumb","itemListElement":[{"@type":"ListItem","position":1,"name":"Accueil","item":"https:\/\/www.jootjeshaakcadeautjes.nl\/fr\/"},{"@type":"ListItem","position":2,"name":"Commerce de gros de perles en silicone &#8211; Entreprises et consommateurs","item":"https:\/\/www.jootjeshaakcadeautjes.nl\/fr\/boutique\/"},{"@type":"ListItem","position":3,"name":"Clip pour landau \/ clip pour tissu hydrophile &#8211; Clip pour lange"}]},{"@type":"WebSite","@id":"https:\/\/www.jootjeshaakcadeautjes.nl\/fr\/#website","url":"https:\/\/www.jootjeshaakcadeautjes.nl\/fr\/","name":"Jootjes Haakcadeautjes","description":"Grossiste en perles de silicone","publisher":{"@id":"https:\/\/www.jootjeshaakcadeautjes.nl\/fr\/#organization"},"potentialAction":[{"@type":"SearchAction","target":{"@type":"EntryPoint","urlTemplate":"https:\/\/www.jootjeshaakcadeautjes.nl\/fr\/?s={search_term_string}"},"query-input":{"@type":"PropertyValueSpecification","valueRequired":true,"valueName":"search_term_string"}}],"inLanguage":"fr-FR"},{"@type":"Organization","@id":"https:\/\/www.jootjeshaakcadeautjes.nl\/fr\/#organization","name":"Jootjes Haakcadeautjes","url":"https:\/\/www.jootjeshaakcadeautjes.nl\/fr\/","logo":{"@type":"ImageObject","inLanguage":"fr-FR","@id":"https:\/\/www.jootjeshaakcadeautjes.nl\/fr\/#\/schema\/logo\/image\/","url":"https:\/\/d1dyryakdmle7o.cloudfront.net\/wp-content\/uploads\/2023\/05\/Logo-rond.png","contentUrl":"https:\/\/d1dyryakdmle7o.cloudfront.net\/wp-content\/uploads\/2023\/05\/Logo-rond.png","width":1222,"height":1222,"caption":"Jootjes Haakcadeautjes"},"image":{"@id":"https:\/\/www.jootjeshaakcadeautjes.nl\/fr\/#\/schema\/logo\/image\/"}}]},"product_price_amount":"1.50","product_price_currency":"EUR","og_availability":"instock","product_availability":"instock","product_retailer_item_id":"KWA-HYD-KLM","product_condition":"new"},"_links":{"self":[{"href":"https:\/\/www.jootjeshaakcadeautjes.nl\/fr\/wp-json\/wp\/v2\/product\/136307","targetHints":{"allow":["GET"]}}],"collection":[{"href":"https:\/\/www.jootjeshaakcadeautjes.nl\/fr\/wp-json\/wp\/v2\/product"}],"about":[{"href":"https:\/\/www.jootjeshaakcadeautjes.nl\/fr\/wp-json\/wp\/v2\/types\/product"}],"version-history":[{"count":0,"href":"https:\/\/www.jootjeshaakcadeautjes.nl\/fr\/wp-json\/wp\/v2\/product\/136307\/revisions"}],"wp:featuredmedia":[{"embeddable":true,"href":"https:\/\/www.jootjeshaakcadeautjes.nl\/fr\/wp-json\/wp\/v2\/media\/78780"}],"wp:attachment":[{"href":"https:\/\/www.jootjeshaakcadeautjes.nl\/fr\/wp-json\/wp\/v2\/media?parent=136307"}],"wp:term":[{"taxonomy":"product_brand","embeddable":true,"href":"https:\/\/www.jootjeshaakcadeautjes.nl\/fr\/wp-json\/wp\/v2\/product_brand?post=136307"},{"taxonomy":"product_cat","embeddable":true,"href":"https:\/\/www.jootjeshaakcadeautjes.nl\/fr\/wp-json\/wp\/v2\/product_cat?post=136307"},{"taxonomy":"product_tag","embeddable":true,"href":"https:\/\/www.jootjeshaakcadeautjes.nl\/fr\/wp-json\/wp\/v2\/product_tag?post=136307"}],"curies":[{"name":"wp","href":"https:\/\/api.w.org\/{rel}","templated":true}]}}