{"id":136363,"date":"2018-11-04T19:50:07","date_gmt":"2018-11-04T17:50:07","guid":{"rendered":"https:\/\/www.jootjeshaakcadeautjes.nl\/product\/anneau-de-suspension-de-la-corde-de-jeu\/"},"modified":"2025-03-18T16:26:15","modified_gmt":"2025-03-18T15:26:15","slug":"anneau-de-suspension-de-la-corde-de-jeu","status":"publish","type":"product","link":"https:\/\/www.jootjeshaakcadeautjes.nl\/fr\/produit\/anneau-de-suspension-de-la-corde-de-jeu\/","title":{"rendered":"Play string ring &#8211; Anneau de suspension (rose\/bleu\/gris\/blanc)"},"content":{"rendered":"<h1><span style=\"color: #48046d;\">Anneau de suspension &#8211; Collier de serrage pour chariot\/ crochet pour faux cordon\/ anneau de suspension<\/span><\/h1>\n<p>Il n&#8217;est pas toujours possible de fixer facilement un faux clip. Cela d\u00e9pend vraiment du mod\u00e8le de maxi cosi, de landau, de poussette, de landau, de buggy, de si\u00e8ge auto, etc.<br \/>\nUne alternative pratique est donc cet anneau de jeu, \u00e9galement connu sous le nom de &#8220;wagon hook\/wagon clamp&#8221; (crochet de chariot\/attache de chariot). Le crochet \u00e9tant \u00e9quip\u00e9 d&#8217;un anneau de fixation, vous pouvez facilement attacher votre projet au crochet.<br \/>\nCet anneau de jeu \/ crochet de chariot est donc largement utilis\u00e9 pour fabriquer un cordon de t\u00e9tine, un cordon de landau, un cintre de maxi-cosi et autres. De plus, la forme de cet anneau est id\u00e9ale pour attacher les jouets \u00e0 un parc pour enfants. Pour des mod\u00e8les amusants de produits pour b\u00e9b\u00e9s faits \u00e0 la main, nous vous recommandons de consulter les <a href=\"\/?product_cat=haakboeken\">livres de Jookz ou de Knufl<\/a>.<\/p>\n<p>Le crochet n&#8217;est pas seulement pratique pour les projets de bricolage, mais aussi pour un usage quotidien. En effet, vous pouvez attacher ces crochets \u00e0 vos jouets d&#8217;enfants d\u00e9j\u00e0 existants tr\u00e8s facilement. Ainsi, vous ne perdrez rien ! Gardez \u00e0 l&#8217;esprit qu&#8217;un faux cordon ou un pendentif maxi cosi ne doit pas d\u00e9passer 20 cm. S&#8217;il devient plus long, il y a un risque d&#8217;\u00e9touffement. Les anneaux de jeu et les crochets de chariot sont actuellement disponibles en bleu, rose et gris.<\/p>\n<h4><span style=\"color: #48046d;\">Corde de jeu de qualit\u00e9 et de s\u00e9curit\u00e9 anneau\/ chariot clip\/ crochet<\/span><\/h4>\n<p>Les anneaux de corde de jeu et les crochets de chariot sont fabriqu\u00e9s en plastique robuste et de haute qualit\u00e9. Ce plastique est exempt de BPA et de plastifiant et ne contient donc pas de produits chimiques nocifs. Le mat\u00e9riau est lisse et tr\u00e8s facile \u00e0 nettoyer. Le produit final est toujours sous votre propre responsabilit\u00e9. Nous conseillons donc d&#8217;utiliser les produits finis uniquement sous la surveillance d&#8217;un adulte.<\/p>\n<h5><span style=\"color: #48046d;\">Bref r\u00e9sum\u00e9 :<\/span><\/h5>\n<p><strong>Nom : <\/strong>Anneau pour cordon de jeu, clip de voiture, crochet de voiture, crochet pour cordon de jeu, crochet pour cordon de t\u00e9tine, crochet ou clip pour cordon de t\u00e9tine, cintre maxi cosi, cintre maxycosy<br \/>\n<strong>Couleur : <\/strong>rose, bleu, gris et blanc.<br \/>\n<strong>Mat\u00e9riau : <\/strong>plastique dur sans BPA ni plastifiant. Plastique adapt\u00e9 aux enfants.<br \/>\n<strong>Traitement\/taille : <\/strong>72 mm x 57 mm, finition lisse.<br \/>\n<strong>\u00c9galement connu sous le nom de : <\/strong>crochet de voiture, clip de voiture, anneau sp\u00e9cial, cintre maxi cosi, anneau de jouet, crochet de bo\u00eete ou anneau de bo\u00eete.<br \/>\n<strong>Couramment utilis\u00e9s pour fabriquer votre propre produit : <\/strong>cordons de t\u00e9tine au crochet, cordons de t\u00e9tine en silicone faits \u00e0 la main, cordons de t\u00e9tine en bois faits \u00e0 la main, attaches de t\u00e9tine, cha\u00eenes de landau au crochet avec des produits en silicone ou en bois, mobile de b\u00e9b\u00e9 fait \u00e0 la main pour le lit d&#8217;enfant.<br \/>\n<strong>Utilis\u00e9 couramment en combinaison avec : <\/strong><a href=\"\/?product_cat=houten-materialen\">Produits en bois<\/a> et <a href=\"\/?product_cat=siliconen-producten\">produits en silicone<\/a> (anneaux, perles et\/ou pendentifs).<\/p>\n","protected":false},"excerpt":{"rendered":"<h4><span style=\"color: #48046d;\">Anneau de jeu ou anneau de suspension<\/span><\/h4>\n<p>72 mm x 57 mm<br \/>\nfinition lisse<br \/>\nPlastique de haute qualit\u00e9 sans BPA ni plastifiant.<br \/>\nCouleurs : gris, rose, bleu et blanc.<\/p>\n<p>Pour plus d&#8217;informations, lisez la suite au bas de la page.<\/p>\n<p>&nbsp;<\/p>\n<p>&nbsp;<\/p>\n","protected":false},"featured_media":0,"template":"","meta":[],"product_brand":[],"product_cat":[7378,12891],"product_tag":[14012,7533,12893,14010,13522,14013,10402],"class_list":{"0":"post-136363","1":"product","2":"type-product","3":"status-publish","5":"product_cat-fabrication-de-jouets-de-dentition-pour-bebe-cordon-de-sucette-et-anneaux-de-dentition","6":"product_cat-crochets-maxicosi-crochet-de-transport","7":"product_tag-anneau-de-suspension","8":"product_tag-blanc","9":"product_tag-crochet-de-wagon-fr","10":"product_tag-jouer-a-lanneau-de-corde","11":"product_tag-maxi-cosi-fr","12":"product_tag-maxycosy-fr","13":"product_tag-pendentif","15":"first","16":"instock","17":"taxable","18":"shipping-taxable","19":"purchasable","20":"product-type-simple"},"bundled_by":[],"bundle_stock_status":"instock","bundle_stock_quantity":355,"bundle_virtual":false,"bundle_layout":"","bundle_add_to_cart_form_location":"","bundle_editable_in_cart":false,"bundle_sold_individually_context":"","bundle_item_grouping":"","bundle_min_size":"","bundle_max_size":"","bundle_price":[],"bundled_items":[],"bundle_sell_ids":[],"yoast_head":"<!-- This site is optimized with the Yoast SEO Premium plugin v26.4 (Yoast SEO v26.9) - https:\/\/yoast.com\/product\/yoast-seo-premium-wordpress\/ -->\n<title>Anneau de jeu - Anneau de suspension - Crochet de chariot - Jootjeshaakcadeautjes.nl<\/title>\n<meta name=\"description\" content=\"Anneau de suspension, \u00e9galement connu sous le nom d&#039;anneau de suspension ou de clip, \u00e0 fixer \u00e0 votre cordon de mannequin fait \u00e0 la main ou \u00e0 votre cordon de landau. Sans BPA, sans plastifiant.\" \/>\n<meta name=\"robots\" content=\"index, follow, max-snippet:-1, max-image-preview:large, max-video-preview:-1\" \/>\n<link rel=\"canonical\" href=\"https:\/\/www.jootjeshaakcadeautjes.nl\/fr\/produit\/anneau-de-suspension-de-la-corde-de-jeu\/\" \/>\n<meta property=\"og:locale\" content=\"fr_FR\" \/>\n<meta property=\"og:type\" content=\"article\" \/>\n<meta property=\"og:title\" content=\"Play string ring - Anneau de suspension (rose\/bleu\/gris\/blanc)\" \/>\n<meta property=\"og:description\" content=\"Anneau de suspension, \u00e9galement connu sous le nom d&#039;anneau de suspension ou de clip, \u00e0 fixer \u00e0 votre cordon de mannequin fait \u00e0 la main ou \u00e0 votre cordon de landau. Sans BPA, sans plastifiant.\" \/>\n<meta property=\"og:url\" content=\"https:\/\/www.jootjeshaakcadeautjes.nl\/fr\/produit\/anneau-de-suspension-de-la-corde-de-jeu\/\" \/>\n<meta property=\"og:site_name\" content=\"Jootjes Haakcadeautjes\" \/>\n<meta property=\"article:modified_time\" content=\"2025-03-18T15:26:15+00:00\" \/>\n<meta name=\"twitter:card\" content=\"summary_large_image\" \/>\n<meta name=\"twitter:label1\" content=\"Prix\" \/>\n\t<meta name=\"twitter:data1\" content=\"&euro;1.25 TTC\" \/>\n\t<meta name=\"twitter:label2\" content=\"Disponibilit\u00e9\" \/>\n\t<meta name=\"twitter:data2\" content=\"En stock\" \/>\n<script type=\"application\/ld+json\" class=\"yoast-schema-graph\">{\"@context\":\"https:\/\/schema.org\",\"@graph\":[{\"@type\":\"WebPage\",\"@id\":\"https:\/\/www.jootjeshaakcadeautjes.nl\/fr\/produit\/anneau-de-suspension-de-la-corde-de-jeu\/\",\"url\":\"https:\/\/www.jootjeshaakcadeautjes.nl\/fr\/produit\/anneau-de-suspension-de-la-corde-de-jeu\/\",\"name\":\"Anneau de jeu - Anneau de suspension - Crochet de chariot - Jootjeshaakcadeautjes.nl\",\"isPartOf\":{\"@id\":\"https:\/\/www.jootjeshaakcadeautjes.nl\/fr\/#website\"},\"datePublished\":\"2018-11-04T17:50:07+00:00\",\"dateModified\":\"2025-03-18T15:26:15+00:00\",\"description\":\"Anneau de suspension, \u00e9galement connu sous le nom d'anneau de suspension ou de clip, \u00e0 fixer \u00e0 votre cordon de mannequin fait \u00e0 la main ou \u00e0 votre cordon de landau. Sans BPA, sans plastifiant.\",\"breadcrumb\":{\"@id\":\"https:\/\/www.jootjeshaakcadeautjes.nl\/fr\/produit\/anneau-de-suspension-de-la-corde-de-jeu\/#breadcrumb\"},\"inLanguage\":\"fr-FR\",\"potentialAction\":[{\"@type\":\"ReadAction\",\"target\":[\"https:\/\/www.jootjeshaakcadeautjes.nl\/fr\/produit\/anneau-de-suspension-de-la-corde-de-jeu\/\"]}]},{\"@type\":\"BreadcrumbList\",\"@id\":\"https:\/\/www.jootjeshaakcadeautjes.nl\/fr\/produit\/anneau-de-suspension-de-la-corde-de-jeu\/#breadcrumb\",\"itemListElement\":[{\"@type\":\"ListItem\",\"position\":1,\"name\":\"Accueil\",\"item\":\"https:\/\/www.jootjeshaakcadeautjes.nl\/fr\/\"},{\"@type\":\"ListItem\",\"position\":2,\"name\":\"Commerce de gros de perles en silicone &#8211; Entreprises et consommateurs\",\"item\":\"https:\/\/www.jootjeshaakcadeautjes.nl\/fr\/boutique\/\"},{\"@type\":\"ListItem\",\"position\":3,\"name\":\"Play string ring &#8211; Anneau de suspension (rose\/bleu\/gris\/blanc)\"}]},{\"@type\":\"WebSite\",\"@id\":\"https:\/\/www.jootjeshaakcadeautjes.nl\/fr\/#website\",\"url\":\"https:\/\/www.jootjeshaakcadeautjes.nl\/fr\/\",\"name\":\"Jootjes Haakcadeautjes\",\"description\":\"Grossiste en perles de silicone\",\"publisher\":{\"@id\":\"https:\/\/www.jootjeshaakcadeautjes.nl\/fr\/#organization\"},\"potentialAction\":[{\"@type\":\"SearchAction\",\"target\":{\"@type\":\"EntryPoint\",\"urlTemplate\":\"https:\/\/www.jootjeshaakcadeautjes.nl\/fr\/?s={search_term_string}\"},\"query-input\":{\"@type\":\"PropertyValueSpecification\",\"valueRequired\":true,\"valueName\":\"search_term_string\"}}],\"inLanguage\":\"fr-FR\"},{\"@type\":\"Organization\",\"@id\":\"https:\/\/www.jootjeshaakcadeautjes.nl\/fr\/#organization\",\"name\":\"Jootjes Haakcadeautjes\",\"url\":\"https:\/\/www.jootjeshaakcadeautjes.nl\/fr\/\",\"logo\":{\"@type\":\"ImageObject\",\"inLanguage\":\"fr-FR\",\"@id\":\"https:\/\/www.jootjeshaakcadeautjes.nl\/fr\/#\/schema\/logo\/image\/\",\"url\":\"https:\/\/jootjes-haakcadeautjes-media.s3.amazonaws.com\/wp-content\/uploads\/2023\/05\/Logo-rond.png\",\"contentUrl\":\"https:\/\/jootjes-haakcadeautjes-media.s3.amazonaws.com\/wp-content\/uploads\/2023\/05\/Logo-rond.png\",\"width\":1222,\"height\":1222,\"caption\":\"Jootjes Haakcadeautjes\"},\"image\":{\"@id\":\"https:\/\/www.jootjeshaakcadeautjes.nl\/fr\/#\/schema\/logo\/image\/\"}}]}<\/script>\n<meta property=\"product:price:amount\" content=\"1.25\" \/>\n<meta property=\"product:price:currency\" content=\"EUR\" \/>\n<meta property=\"og:availability\" content=\"instock\" \/>\n<meta property=\"product:availability\" content=\"instock\" \/>\n<meta property=\"product:retailer_item_id\" content=\"SKR-MCH-WIT\" \/>\n<meta property=\"product:condition\" content=\"new\" \/>\n<!-- \/ Yoast SEO Premium plugin. -->","yoast_head_json":{"title":"Anneau de jeu - Anneau de suspension - Crochet de chariot - Jootjeshaakcadeautjes.nl","description":"Anneau de suspension, \u00e9galement connu sous le nom d'anneau de suspension ou de clip, \u00e0 fixer \u00e0 votre cordon de mannequin fait \u00e0 la main ou \u00e0 votre cordon de landau. Sans BPA, sans plastifiant.","robots":{"index":"index","follow":"follow","max-snippet":"max-snippet:-1","max-image-preview":"max-image-preview:large","max-video-preview":"max-video-preview:-1"},"canonical":"https:\/\/www.jootjeshaakcadeautjes.nl\/fr\/produit\/anneau-de-suspension-de-la-corde-de-jeu\/","og_locale":"fr_FR","og_type":"article","og_title":"Play string ring - Anneau de suspension (rose\/bleu\/gris\/blanc)","og_description":"Anneau de suspension, \u00e9galement connu sous le nom d'anneau de suspension ou de clip, \u00e0 fixer \u00e0 votre cordon de mannequin fait \u00e0 la main ou \u00e0 votre cordon de landau. Sans BPA, sans plastifiant.","og_url":"https:\/\/www.jootjeshaakcadeautjes.nl\/fr\/produit\/anneau-de-suspension-de-la-corde-de-jeu\/","og_site_name":"Jootjes Haakcadeautjes","article_modified_time":"2025-03-18T15:26:15+00:00","twitter_card":"summary_large_image","twitter_misc":{"Prix":"&euro;1.25 TTC","Disponibilit\u00e9":"En stock"},"schema":{"@context":"https:\/\/schema.org","@graph":[{"@type":"WebPage","@id":"https:\/\/www.jootjeshaakcadeautjes.nl\/fr\/produit\/anneau-de-suspension-de-la-corde-de-jeu\/","url":"https:\/\/www.jootjeshaakcadeautjes.nl\/fr\/produit\/anneau-de-suspension-de-la-corde-de-jeu\/","name":"Anneau de jeu - Anneau de suspension - Crochet de chariot - Jootjeshaakcadeautjes.nl","isPartOf":{"@id":"https:\/\/www.jootjeshaakcadeautjes.nl\/fr\/#website"},"datePublished":"2018-11-04T17:50:07+00:00","dateModified":"2025-03-18T15:26:15+00:00","description":"Anneau de suspension, \u00e9galement connu sous le nom d'anneau de suspension ou de clip, \u00e0 fixer \u00e0 votre cordon de mannequin fait \u00e0 la main ou \u00e0 votre cordon de landau. Sans BPA, sans plastifiant.","breadcrumb":{"@id":"https:\/\/www.jootjeshaakcadeautjes.nl\/fr\/produit\/anneau-de-suspension-de-la-corde-de-jeu\/#breadcrumb"},"inLanguage":"fr-FR","potentialAction":[{"@type":"ReadAction","target":["https:\/\/www.jootjeshaakcadeautjes.nl\/fr\/produit\/anneau-de-suspension-de-la-corde-de-jeu\/"]}]},{"@type":"BreadcrumbList","@id":"https:\/\/www.jootjeshaakcadeautjes.nl\/fr\/produit\/anneau-de-suspension-de-la-corde-de-jeu\/#breadcrumb","itemListElement":[{"@type":"ListItem","position":1,"name":"Accueil","item":"https:\/\/www.jootjeshaakcadeautjes.nl\/fr\/"},{"@type":"ListItem","position":2,"name":"Commerce de gros de perles en silicone &#8211; Entreprises et consommateurs","item":"https:\/\/www.jootjeshaakcadeautjes.nl\/fr\/boutique\/"},{"@type":"ListItem","position":3,"name":"Play string ring &#8211; Anneau de suspension (rose\/bleu\/gris\/blanc)"}]},{"@type":"WebSite","@id":"https:\/\/www.jootjeshaakcadeautjes.nl\/fr\/#website","url":"https:\/\/www.jootjeshaakcadeautjes.nl\/fr\/","name":"Jootjes Haakcadeautjes","description":"Grossiste en perles de silicone","publisher":{"@id":"https:\/\/www.jootjeshaakcadeautjes.nl\/fr\/#organization"},"potentialAction":[{"@type":"SearchAction","target":{"@type":"EntryPoint","urlTemplate":"https:\/\/www.jootjeshaakcadeautjes.nl\/fr\/?s={search_term_string}"},"query-input":{"@type":"PropertyValueSpecification","valueRequired":true,"valueName":"search_term_string"}}],"inLanguage":"fr-FR"},{"@type":"Organization","@id":"https:\/\/www.jootjeshaakcadeautjes.nl\/fr\/#organization","name":"Jootjes Haakcadeautjes","url":"https:\/\/www.jootjeshaakcadeautjes.nl\/fr\/","logo":{"@type":"ImageObject","inLanguage":"fr-FR","@id":"https:\/\/www.jootjeshaakcadeautjes.nl\/fr\/#\/schema\/logo\/image\/","url":"https:\/\/jootjes-haakcadeautjes-media.s3.amazonaws.com\/wp-content\/uploads\/2023\/05\/Logo-rond.png","contentUrl":"https:\/\/jootjes-haakcadeautjes-media.s3.amazonaws.com\/wp-content\/uploads\/2023\/05\/Logo-rond.png","width":1222,"height":1222,"caption":"Jootjes Haakcadeautjes"},"image":{"@id":"https:\/\/www.jootjeshaakcadeautjes.nl\/fr\/#\/schema\/logo\/image\/"}}]},"product_price_amount":"1.25","product_price_currency":"EUR","og_availability":"instock","product_availability":"instock","product_retailer_item_id":"SKR-MCH-WIT","product_condition":"new"},"_links":{"self":[{"href":"https:\/\/www.jootjeshaakcadeautjes.nl\/fr\/wp-json\/wp\/v2\/product\/136363","targetHints":{"allow":["GET"]}}],"collection":[{"href":"https:\/\/www.jootjeshaakcadeautjes.nl\/fr\/wp-json\/wp\/v2\/product"}],"about":[{"href":"https:\/\/www.jootjeshaakcadeautjes.nl\/fr\/wp-json\/wp\/v2\/types\/product"}],"version-history":[{"count":0,"href":"https:\/\/www.jootjeshaakcadeautjes.nl\/fr\/wp-json\/wp\/v2\/product\/136363\/revisions"}],"wp:attachment":[{"href":"https:\/\/www.jootjeshaakcadeautjes.nl\/fr\/wp-json\/wp\/v2\/media?parent=136363"}],"wp:term":[{"taxonomy":"product_brand","embeddable":true,"href":"https:\/\/www.jootjeshaakcadeautjes.nl\/fr\/wp-json\/wp\/v2\/product_brand?post=136363"},{"taxonomy":"product_cat","embeddable":true,"href":"https:\/\/www.jootjeshaakcadeautjes.nl\/fr\/wp-json\/wp\/v2\/product_cat?post=136363"},{"taxonomy":"product_tag","embeddable":true,"href":"https:\/\/www.jootjeshaakcadeautjes.nl\/fr\/wp-json\/wp\/v2\/product_tag?post=136363"}],"curies":[{"name":"wp","href":"https:\/\/api.w.org\/{rel}","templated":true}]}}