{"id":136445,"date":"2017-01-22T19:15:23","date_gmt":"2017-01-22T17:15:23","guid":{"rendered":"https:\/\/www.jootjeshaakcadeautjes.nl\/product\/yeux-de-securite-12-mm-marron\/"},"modified":"2025-03-11T02:44:36","modified_gmt":"2025-03-11T01:44:36","slug":"yeux-de-securite-12-mm-marron","status":"publish","type":"product","link":"https:\/\/www.jootjeshaakcadeautjes.nl\/fr\/produit\/yeux-de-securite-12-mm-marron\/","title":{"rendered":"Oeil de s\u00e9curit\u00e9 12 mm &#8211; Marron &#8211; la paire"},"content":{"rendered":"<p><strong><strong style=\"font-size: 1.5rem;\">Oeillets de s\u00e9curit\u00e9 <\/strong><strong style=\"font-size: 1.5rem;\">12 mm <\/strong><strong style=\"font-size: 1.5rem;\"><span style=\"color: #993300;\">marron<\/span>.<\/strong><\/strong><\/p>\n<p>\u0152il de s\u00e9curit\u00e9 pour le crochet et le tricot (peluches\/amigurumi).<br \/>\nIls sont vendus par paire, de sorte qu&#8217;il suffit d&#8217;en commander un seul pour obtenir un ensemble.<br \/>\n(1 pi\u00e8ce = 2 \u0153illets + 2 dos).<\/p>\n<p>Sans rayures et avec un bouchon de s\u00e9curit\u00e9 solide, qui ne se d\u00e9tache pas !<\/p>\n<p><strong>\u00c0 quoi servent ces yeux de s\u00e9curit\u00e9 ?<\/strong><\/p>\n<p>Les \u0153illets de s\u00e9curit\u00e9 de 12 mm (<strong><br \/>\n  <span style=\"color: #993300;\">marron<\/span><br \/>\n<\/strong>) sont largement utilis\u00e9s pour la fabrication de peluches. Les \u0153illets de s\u00e9curit\u00e9 des peluches doivent donc \u00eatre de haute qualit\u00e9 et ne pas se d\u00e9tacher facilement pour garantir la s\u00e9curit\u00e9 des (petits) enfants. Lorsque les peluches sont crochet\u00e9es, elles sont \u00e9galement appel\u00e9es amigurumi. Ces yeux sont donc parfois appel\u00e9s yeux de s\u00e9curit\u00e9 pour l&#8217;amigurumi. Nos \u0153illets ont une fermeture tr\u00e8s solide. Il faut donc un certain effort pour les attacher, mais une fois qu&#8217;elles sont attach\u00e9es, elles ne se d\u00e9tachent pas facilement.<\/p>\n<p>Egalement dans une variante plus grande (15 mm) (qui est \u00e9galement disponible en <a href=\"https:\/\/www.jootjeshaakcadeautjes.nl\/fr\/produit\/yeux-de-securite-15-mm-vert\/\">vert<\/a>, <a href=\"https:\/\/www.jootjeshaakcadeautjes.nl\/fr\/produit\/yeux-de-securite-15-mm-bleu\/\">bleu<\/a> et <a href=\"https:\/\/www.jootjeshaakcadeautjes.nl\/fr\/produit\/yeux-de-securite-15-mm-rouge\/\">rouge<\/a>, 15 mm).<\/p>\n","protected":false},"excerpt":{"rendered":"<p><strong>Yeux de s\u00e9curit\u00e9 <span style=\"color: #993300;\">marron<\/span> de 12 mm.<\/strong><\/p>\n<p>Vendus par lot de 2<br \/>\n(2 \u0153illets + 2 dos).<\/p>\n<p>Sans rayures !<\/p>\n","protected":false},"featured_media":0,"template":"","meta":[],"product_brand":[],"product_cat":[12308,12923],"product_tag":[7406,7521,10450,12377,10519,7392,12924,12925,12926],"class_list":{"0":"post-136445","1":"product","2":"type-product","3":"status-publish","5":"product_cat-materiel-de-bricolage-et-de-crochet","6":"product_cat-oeil-de-securite-pour-les-peluches","7":"product_tag-12-fr","8":"product_tag-12-mm-fr","9":"product_tag-12mm-fr","10":"product_tag-amigurumi-fr","11":"product_tag-marron","12":"product_tag-mm-fr","13":"product_tag-oeil-de-securite","14":"product_tag-yeux-de-securite","15":"product_tag-yeux-de-securite-fr","17":"first","18":"instock","19":"taxable","20":"shipping-taxable","21":"purchasable","22":"product-type-simple"},"bundled_by":[],"bundle_stock_status":"instock","bundle_stock_quantity":62,"bundle_virtual":false,"bundle_layout":"","bundle_add_to_cart_form_location":"","bundle_editable_in_cart":false,"bundle_sold_individually_context":"","bundle_item_grouping":"","bundle_min_size":"","bundle_max_size":"","bundle_price":[],"bundled_items":[],"bundle_sell_ids":[],"yoast_head":"<!-- This site is optimized with the Yoast SEO Premium plugin v27.6 (Yoast SEO v27.6) - https:\/\/yoast.com\/product\/yoast-seo-premium-wordpress\/ -->\n<title>Oeil de s\u00e9curit\u00e9 12 mm marron - Crochet et tricot - Jootjes Crochet presents<\/title>\n<meta name=\"description\" content=\"Oeil de s\u00e9curit\u00e9 12 mm marron pour les peluches\/amigurumi au crochet et au tricot. Pour seulement 0,50\/ 2 chez Jootjes Haakcadeautjes. Haute qualit\u00e9, ne se d\u00e9tache pas.\" \/>\n<meta name=\"robots\" content=\"index, follow, max-snippet:-1, max-image-preview:large, max-video-preview:-1\" \/>\n<link rel=\"canonical\" href=\"https:\/\/www.jootjeshaakcadeautjes.nl\/fr\/produit\/yeux-de-securite-12-mm-marron\/\" \/>\n<meta property=\"og:locale\" content=\"fr_FR\" \/>\n<meta property=\"og:type\" content=\"article\" \/>\n<meta property=\"og:title\" content=\"Oeil de s\u00e9curit\u00e9 12 mm - Marron - la paire\" \/>\n<meta property=\"og:description\" content=\"Oeil de s\u00e9curit\u00e9 12 mm marron pour les peluches\/amigurumi au crochet et au tricot. Pour seulement 0,50\/ 2 chez Jootjes Haakcadeautjes. Haute qualit\u00e9, ne se d\u00e9tache pas.\" \/>\n<meta property=\"og:url\" content=\"https:\/\/www.jootjeshaakcadeautjes.nl\/fr\/produit\/yeux-de-securite-12-mm-marron\/\" \/>\n<meta property=\"og:site_name\" content=\"Jootjes Haakcadeautjes\" \/>\n<meta property=\"article:modified_time\" content=\"2025-03-11T01:44:36+00:00\" \/>\n<meta name=\"twitter:card\" content=\"summary_large_image\" \/>\n<meta name=\"twitter:label1\" content=\"Prix\" \/>\n\t<meta name=\"twitter:data1\" content=\"&euro;0.50 TTC\" \/>\n\t<meta name=\"twitter:label2\" content=\"Disponibilit\u00e9\" \/>\n\t<meta name=\"twitter:data2\" content=\"En stock\" \/>\n<script type=\"application\/ld+json\" class=\"yoast-schema-graph\">{\"@context\":\"https:\\\/\\\/schema.org\",\"@graph\":[{\"@type\":\"WebPage\",\"@id\":\"https:\\\/\\\/www.jootjeshaakcadeautjes.nl\\\/fr\\\/produit\\\/yeux-de-securite-12-mm-marron\\\/\",\"url\":\"https:\\\/\\\/www.jootjeshaakcadeautjes.nl\\\/fr\\\/produit\\\/yeux-de-securite-12-mm-marron\\\/\",\"name\":\"Oeil de s\u00e9curit\u00e9 12 mm marron - Crochet et tricot - Jootjes Crochet presents\",\"isPartOf\":{\"@id\":\"https:\\\/\\\/www.jootjeshaakcadeautjes.nl\\\/fr\\\/#website\"},\"datePublished\":\"2017-01-22T17:15:23+00:00\",\"dateModified\":\"2025-03-11T01:44:36+00:00\",\"description\":\"Oeil de s\u00e9curit\u00e9 12 mm marron pour les peluches\\\/amigurumi au crochet et au tricot. Pour seulement 0,50\\\/ 2 chez Jootjes Haakcadeautjes. Haute qualit\u00e9, ne se d\u00e9tache pas.\",\"breadcrumb\":{\"@id\":\"https:\\\/\\\/www.jootjeshaakcadeautjes.nl\\\/fr\\\/produit\\\/yeux-de-securite-12-mm-marron\\\/#breadcrumb\"},\"inLanguage\":\"fr-FR\",\"potentialAction\":[{\"@type\":\"ReadAction\",\"target\":[\"https:\\\/\\\/www.jootjeshaakcadeautjes.nl\\\/fr\\\/produit\\\/yeux-de-securite-12-mm-marron\\\/\"]}]},{\"@type\":\"BreadcrumbList\",\"@id\":\"https:\\\/\\\/www.jootjeshaakcadeautjes.nl\\\/fr\\\/produit\\\/yeux-de-securite-12-mm-marron\\\/#breadcrumb\",\"itemListElement\":[{\"@type\":\"ListItem\",\"position\":1,\"name\":\"Accueil\",\"item\":\"https:\\\/\\\/www.jootjeshaakcadeautjes.nl\\\/fr\\\/\"},{\"@type\":\"ListItem\",\"position\":2,\"name\":\"Commerce de gros de perles en silicone &#8211; Entreprises et consommateurs\",\"item\":\"https:\\\/\\\/www.jootjeshaakcadeautjes.nl\\\/fr\\\/boutique\\\/\"},{\"@type\":\"ListItem\",\"position\":3,\"name\":\"Oeil de s\u00e9curit\u00e9 12 mm &#8211; Marron &#8211; la paire\"}]},{\"@type\":\"WebSite\",\"@id\":\"https:\\\/\\\/www.jootjeshaakcadeautjes.nl\\\/fr\\\/#website\",\"url\":\"https:\\\/\\\/www.jootjeshaakcadeautjes.nl\\\/fr\\\/\",\"name\":\"Jootjes Haakcadeautjes\",\"description\":\"Grossiste en perles de silicone\",\"publisher\":{\"@id\":\"https:\\\/\\\/www.jootjeshaakcadeautjes.nl\\\/fr\\\/#organization\"},\"potentialAction\":[{\"@type\":\"SearchAction\",\"target\":{\"@type\":\"EntryPoint\",\"urlTemplate\":\"https:\\\/\\\/www.jootjeshaakcadeautjes.nl\\\/fr\\\/?s={search_term_string}\"},\"query-input\":{\"@type\":\"PropertyValueSpecification\",\"valueRequired\":true,\"valueName\":\"search_term_string\"}}],\"inLanguage\":\"fr-FR\"},{\"@type\":\"Organization\",\"@id\":\"https:\\\/\\\/www.jootjeshaakcadeautjes.nl\\\/fr\\\/#organization\",\"name\":\"Jootjes Haakcadeautjes\",\"url\":\"https:\\\/\\\/www.jootjeshaakcadeautjes.nl\\\/fr\\\/\",\"logo\":{\"@type\":\"ImageObject\",\"inLanguage\":\"fr-FR\",\"@id\":\"https:\\\/\\\/www.jootjeshaakcadeautjes.nl\\\/fr\\\/#\\\/schema\\\/logo\\\/image\\\/\",\"url\":\"https:\\\/\\\/d1dyryakdmle7o.cloudfront.net\\\/wp-content\\\/uploads\\\/2023\\\/05\\\/Logo-rond.png\",\"contentUrl\":\"https:\\\/\\\/d1dyryakdmle7o.cloudfront.net\\\/wp-content\\\/uploads\\\/2023\\\/05\\\/Logo-rond.png\",\"width\":1222,\"height\":1222,\"caption\":\"Jootjes Haakcadeautjes\"},\"image\":{\"@id\":\"https:\\\/\\\/www.jootjeshaakcadeautjes.nl\\\/fr\\\/#\\\/schema\\\/logo\\\/image\\\/\"}}]}<\/script>\n<meta property=\"product:price:amount\" content=\"0.50\" \/>\n<meta property=\"product:price:currency\" content=\"EUR\" \/>\n<meta property=\"og:availability\" content=\"instock\" \/>\n<meta property=\"product:availability\" content=\"instock\" \/>\n<meta property=\"product:retailer_item_id\" content=\"VHO-BRU-012\" \/>\n<meta property=\"product:condition\" content=\"new\" \/>\n<!-- \/ Yoast SEO Premium plugin. -->","yoast_head_json":{"title":"Oeil de s\u00e9curit\u00e9 12 mm marron - Crochet et tricot - Jootjes Crochet presents","description":"Oeil de s\u00e9curit\u00e9 12 mm marron pour les peluches\/amigurumi au crochet et au tricot. Pour seulement 0,50\/ 2 chez Jootjes Haakcadeautjes. Haute qualit\u00e9, ne se d\u00e9tache pas.","robots":{"index":"index","follow":"follow","max-snippet":"max-snippet:-1","max-image-preview":"max-image-preview:large","max-video-preview":"max-video-preview:-1"},"canonical":"https:\/\/www.jootjeshaakcadeautjes.nl\/fr\/produit\/yeux-de-securite-12-mm-marron\/","og_locale":"fr_FR","og_type":"article","og_title":"Oeil de s\u00e9curit\u00e9 12 mm - Marron - la paire","og_description":"Oeil de s\u00e9curit\u00e9 12 mm marron pour les peluches\/amigurumi au crochet et au tricot. Pour seulement 0,50\/ 2 chez Jootjes Haakcadeautjes. Haute qualit\u00e9, ne se d\u00e9tache pas.","og_url":"https:\/\/www.jootjeshaakcadeautjes.nl\/fr\/produit\/yeux-de-securite-12-mm-marron\/","og_site_name":"Jootjes Haakcadeautjes","article_modified_time":"2025-03-11T01:44:36+00:00","twitter_card":"summary_large_image","twitter_misc":{"Prix":"&euro;0.50 TTC","Disponibilit\u00e9":"En stock"},"schema":{"@context":"https:\/\/schema.org","@graph":[{"@type":"WebPage","@id":"https:\/\/www.jootjeshaakcadeautjes.nl\/fr\/produit\/yeux-de-securite-12-mm-marron\/","url":"https:\/\/www.jootjeshaakcadeautjes.nl\/fr\/produit\/yeux-de-securite-12-mm-marron\/","name":"Oeil de s\u00e9curit\u00e9 12 mm marron - Crochet et tricot - Jootjes Crochet presents","isPartOf":{"@id":"https:\/\/www.jootjeshaakcadeautjes.nl\/fr\/#website"},"datePublished":"2017-01-22T17:15:23+00:00","dateModified":"2025-03-11T01:44:36+00:00","description":"Oeil de s\u00e9curit\u00e9 12 mm marron pour les peluches\/amigurumi au crochet et au tricot. Pour seulement 0,50\/ 2 chez Jootjes Haakcadeautjes. Haute qualit\u00e9, ne se d\u00e9tache pas.","breadcrumb":{"@id":"https:\/\/www.jootjeshaakcadeautjes.nl\/fr\/produit\/yeux-de-securite-12-mm-marron\/#breadcrumb"},"inLanguage":"fr-FR","potentialAction":[{"@type":"ReadAction","target":["https:\/\/www.jootjeshaakcadeautjes.nl\/fr\/produit\/yeux-de-securite-12-mm-marron\/"]}]},{"@type":"BreadcrumbList","@id":"https:\/\/www.jootjeshaakcadeautjes.nl\/fr\/produit\/yeux-de-securite-12-mm-marron\/#breadcrumb","itemListElement":[{"@type":"ListItem","position":1,"name":"Accueil","item":"https:\/\/www.jootjeshaakcadeautjes.nl\/fr\/"},{"@type":"ListItem","position":2,"name":"Commerce de gros de perles en silicone &#8211; Entreprises et consommateurs","item":"https:\/\/www.jootjeshaakcadeautjes.nl\/fr\/boutique\/"},{"@type":"ListItem","position":3,"name":"Oeil de s\u00e9curit\u00e9 12 mm &#8211; Marron &#8211; la paire"}]},{"@type":"WebSite","@id":"https:\/\/www.jootjeshaakcadeautjes.nl\/fr\/#website","url":"https:\/\/www.jootjeshaakcadeautjes.nl\/fr\/","name":"Jootjes Haakcadeautjes","description":"Grossiste en perles de silicone","publisher":{"@id":"https:\/\/www.jootjeshaakcadeautjes.nl\/fr\/#organization"},"potentialAction":[{"@type":"SearchAction","target":{"@type":"EntryPoint","urlTemplate":"https:\/\/www.jootjeshaakcadeautjes.nl\/fr\/?s={search_term_string}"},"query-input":{"@type":"PropertyValueSpecification","valueRequired":true,"valueName":"search_term_string"}}],"inLanguage":"fr-FR"},{"@type":"Organization","@id":"https:\/\/www.jootjeshaakcadeautjes.nl\/fr\/#organization","name":"Jootjes Haakcadeautjes","url":"https:\/\/www.jootjeshaakcadeautjes.nl\/fr\/","logo":{"@type":"ImageObject","inLanguage":"fr-FR","@id":"https:\/\/www.jootjeshaakcadeautjes.nl\/fr\/#\/schema\/logo\/image\/","url":"https:\/\/d1dyryakdmle7o.cloudfront.net\/wp-content\/uploads\/2023\/05\/Logo-rond.png","contentUrl":"https:\/\/d1dyryakdmle7o.cloudfront.net\/wp-content\/uploads\/2023\/05\/Logo-rond.png","width":1222,"height":1222,"caption":"Jootjes Haakcadeautjes"},"image":{"@id":"https:\/\/www.jootjeshaakcadeautjes.nl\/fr\/#\/schema\/logo\/image\/"}}]},"product_price_amount":"0.50","product_price_currency":"EUR","og_availability":"instock","product_availability":"instock","product_retailer_item_id":"VHO-BRU-012","product_condition":"new"},"_links":{"self":[{"href":"https:\/\/www.jootjeshaakcadeautjes.nl\/fr\/wp-json\/wp\/v2\/product\/136445","targetHints":{"allow":["GET"]}}],"collection":[{"href":"https:\/\/www.jootjeshaakcadeautjes.nl\/fr\/wp-json\/wp\/v2\/product"}],"about":[{"href":"https:\/\/www.jootjeshaakcadeautjes.nl\/fr\/wp-json\/wp\/v2\/types\/product"}],"version-history":[{"count":0,"href":"https:\/\/www.jootjeshaakcadeautjes.nl\/fr\/wp-json\/wp\/v2\/product\/136445\/revisions"}],"wp:attachment":[{"href":"https:\/\/www.jootjeshaakcadeautjes.nl\/fr\/wp-json\/wp\/v2\/media?parent=136445"}],"wp:term":[{"taxonomy":"product_brand","embeddable":true,"href":"https:\/\/www.jootjeshaakcadeautjes.nl\/fr\/wp-json\/wp\/v2\/product_brand?post=136445"},{"taxonomy":"product_cat","embeddable":true,"href":"https:\/\/www.jootjeshaakcadeautjes.nl\/fr\/wp-json\/wp\/v2\/product_cat?post=136445"},{"taxonomy":"product_tag","embeddable":true,"href":"https:\/\/www.jootjeshaakcadeautjes.nl\/fr\/wp-json\/wp\/v2\/product_tag?post=136445"}],"curies":[{"name":"wp","href":"https:\/\/api.w.org\/{rel}","templated":true}]}}