{"id":136476,"date":"2016-04-10T21:30:49","date_gmt":"2016-04-10T19:30:49","guid":{"rendered":"https:\/\/www.jootjeshaakcadeautjes.nl\/product\/set-daiguilles-a-crochet-petites-tailles\/"},"modified":"2025-03-11T02:43:22","modified_gmt":"2025-03-11T01:43:22","slug":"set-daiguilles-a-crochet-petites-tailles","status":"publish","type":"product","link":"https:\/\/www.jootjeshaakcadeautjes.nl\/fr\/produit\/set-daiguilles-a-crochet-petites-tailles\/","title":{"rendered":"Set d&#8217;aiguilles \u00e0 crochet soft grip Tailles : &#8220;small&#8221; &#8211; 10 pi\u00e8ces &#8211; 0.5-2.75 mm"},"content":{"rendered":"<h4>Set d&#8217;aiguilles \u00e0 crochet Softgrip petites tailles &#8211; 10 pi\u00e8ces taille 0.5-2.75 mm<\/h4>\n<p><span style=\"color: #000000;\"><br \/>\nLe set de 10 aiguilles \u00e0 crochet soft grip de petite taille n&#8217;est pas cher chez nous ! Nous v\u00e9rifions que tous les jeux ne pr\u00e9sentent aucune anomalie. En cas d&#8217;\u00e9cart, le lot ne vous sera pas vendu !  <\/span><span style=\"color: #000000;\">Ce set contient 10 pi\u00e8ces et peut \u00eatre compl\u00e9t\u00e9 ult\u00e9rieurement par le set de 12 pi\u00e8ces d&#8217;aiguilles \u00e0 crochet plus grandes.  <\/span><span style=\"color: #000000;\">Vous voulez \u00eatre pr\u00eate en une seule fois et vous souhaitez \u00e9galement disposer imm\u00e9diatement d&#8217;aiguilles \u00e0 crochet de grande taille (jusqu&#8217;\u00e0 8,0 mm) ? Alors d\u00e9couvrez notre <a style=\"color: #000000;\" href=\"https:\/\/www.jootjeshaakcadeautjes.nl\/product\/megaset-haaknaalden-19-stks\/\">m\u00e9ga set d&#8217;aiguilles \u00e0 crochet de<\/a> 20 pi\u00e8ces !<\/span><\/p>\n<p><span style=\"color: #000000;\">Ce set contient les aiguilles \u00e0 crochet 0,5 mm, 0,75 mm, 1,0 mm, 1,25 mm, 1,5 mm, 1,75 mm, 2,0 mm, 2,25 mm, 2,5 mm et 2,75 mm.<\/span><\/p>\n<p><img decoding=\"async\" class=\"aligncenter wp-image-1256\" src=\"https:\/\/www.jootjeshaakcadeautjes.nl\/wp-content\/themes\/woodmart\/images\/lazy.svg\" data-src=\"https:\/\/d1dyryakdmle7o.cloudfront.net\/wp-content\/uploads\/2017\/05\/IMG_20170730_163458-1024x659.jpg\" alt=\"Aiguilles \u00e0 crochet soft grip mega set 20 pi\u00e8ces aiguilles \u00e0 crochet pas cher crochet sans douleur\" width=\"710\" height=\"457\"><\/p>\n<p>&nbsp;<\/p>\n<p>&nbsp;<\/p>\n<p>&nbsp;<\/p>\n","protected":false},"excerpt":{"rendered":"<p>La prise en main est souple et ergonomique, ce qui permet aux personnes souffrant de probl\u00e8mes articulaires de bien se tenir dans la main.<\/p>\n<p>Ce set contient les aiguilles \u00e0 crochet suivantes : 0,5 mm, 0,75 mm, 1,0 mm, 1,25 mm, 1,5 mm, 1,75 mm, 2,0 mm, 2,25 mm, 2,5 mm et 2,75 mm.<\/p>\n<p>Pour en savoir plus sur cette s\u00e9rie, voir le bas de la page.<\/p>\n","protected":false},"featured_media":274161,"template":"","meta":[],"product_brand":[],"product_cat":[13956,12308],"product_tag":[13980,13981,13982,13983,13984,13985,13951,13986,13988,14032,13958,12630,13969,13961,13978,13965,13860,13962,13975,13971,14030,13967],"class_list":{"0":"post-136476","1":"product","2":"type-product","3":"status-publish","4":"has-post-thumbnail","6":"product_cat-aiguilles-a-crochet","7":"product_cat-materiel-de-bricolage-et-de-crochet","8":"product_tag-05-mm-fr","9":"product_tag-075-mm-fr","10":"product_tag-10-mm-fr-2","11":"product_tag-125-mm-fr","12":"product_tag-15-mm-fr-2","13":"product_tag-175-mm-fr","14":"product_tag-10-unites","15":"product_tag-20-mm-fr-2","16":"product_tag-225-mm-fr","17":"product_tag-addy-fr","18":"product_tag-aiguilles-a-crochet","19":"product_tag-crochet-fr","20":"product_tag-crochet-sans-douleur","21":"product_tag-ergonomique","22":"product_tag-fibromyalgie-fr","23":"product_tag-fixer","24":"product_tag-opry-fr","25":"product_tag-poignee-souple","26":"product_tag-prym-fr","27":"product_tag-rhumatisme","28":"product_tag-set-daiguilles-a-crochet-fr","29":"product_tag-trefle-fr-2","31":"first","32":"instock","33":"sale","34":"taxable","35":"shipping-taxable","36":"purchasable","37":"product-type-simple"},"bundled_by":["136254"],"bundle_stock_status":"instock","bundle_stock_quantity":15,"bundle_virtual":false,"bundle_layout":"","bundle_add_to_cart_form_location":"","bundle_editable_in_cart":false,"bundle_sold_individually_context":"","bundle_item_grouping":"","bundle_min_size":"","bundle_max_size":"","bundle_price":[],"bundled_items":[],"bundle_sell_ids":[],"yoast_head":"<!-- This site is optimized with the Yoast SEO Premium plugin v27.6 (Yoast SEO v27.6) - https:\/\/yoast.com\/product\/yoast-seo-premium-wordpress\/ -->\n<title>Set d&#039;aiguilles \u00e0 crochet soft grip - 0.5 mm \u00e0 2.75 mm - Petites tailles<\/title>\n<meta name=\"description\" content=\"Le set d&#039;aiguilles \u00e0 crochet soft grip comprend les aiguilles suivantes : 0,5 mm, 0,75 mm, 1,0 mm, 1,25 mm, 1,5 mm, 1,75 mm, 2,0 mm, 2,25 mm, 2,5 mm et 2,75 mm. Faites vite !\" \/>\n<meta name=\"robots\" content=\"index, follow, max-snippet:-1, max-image-preview:large, max-video-preview:-1\" \/>\n<link rel=\"canonical\" href=\"https:\/\/www.jootjeshaakcadeautjes.nl\/fr\/produit\/set-daiguilles-a-crochet-petites-tailles\/\" \/>\n<meta property=\"og:locale\" content=\"fr_FR\" \/>\n<meta property=\"og:type\" content=\"article\" \/>\n<meta property=\"og:title\" content=\"Set d&#039;aiguilles \u00e0 crochet soft grip Tailles : &quot;small&quot; - 10 pi\u00e8ces - 0.5-2.75 mm\" \/>\n<meta property=\"og:description\" content=\"Le set d&#039;aiguilles \u00e0 crochet soft grip comprend les aiguilles suivantes : 0,5 mm, 0,75 mm, 1,0 mm, 1,25 mm, 1,5 mm, 1,75 mm, 2,0 mm, 2,25 mm, 2,5 mm et 2,75 mm. Faites vite !\" \/>\n<meta property=\"og:url\" content=\"https:\/\/www.jootjeshaakcadeautjes.nl\/fr\/produit\/set-daiguilles-a-crochet-petites-tailles\/\" \/>\n<meta property=\"og:site_name\" content=\"Jootjes Haakcadeautjes\" \/>\n<meta property=\"article:modified_time\" content=\"2025-03-11T01:43:22+00:00\" \/>\n<meta property=\"og:image\" content=\"https:\/\/www.jootjeshaakcadeautjes.nl\/wp-content\/uploads\/2017\/05\/IMG_20170730_163458-1024x659.jpg\" \/>\n<meta name=\"twitter:card\" content=\"summary_large_image\" \/>\n<meta name=\"twitter:label1\" content=\"Prix\" \/>\n\t<meta name=\"twitter:data1\" content=\"&euro;13.95 TTC\" \/>\n\t<meta name=\"twitter:label2\" content=\"Disponibilit\u00e9\" \/>\n\t<meta name=\"twitter:data2\" content=\"En stock\" \/>\n<script type=\"application\/ld+json\" class=\"yoast-schema-graph\">{\"@context\":\"https:\\\/\\\/schema.org\",\"@graph\":[{\"@type\":\"WebPage\",\"@id\":\"https:\\\/\\\/www.jootjeshaakcadeautjes.nl\\\/fr\\\/produit\\\/set-daiguilles-a-crochet-petites-tailles\\\/\",\"url\":\"https:\\\/\\\/www.jootjeshaakcadeautjes.nl\\\/fr\\\/produit\\\/set-daiguilles-a-crochet-petites-tailles\\\/\",\"name\":\"Set d'aiguilles \u00e0 crochet soft grip - 0.5 mm \u00e0 2.75 mm - Petites tailles\",\"isPartOf\":{\"@id\":\"https:\\\/\\\/www.jootjeshaakcadeautjes.nl\\\/fr\\\/#website\"},\"primaryImageOfPage\":{\"@id\":\"https:\\\/\\\/www.jootjeshaakcadeautjes.nl\\\/fr\\\/produit\\\/set-daiguilles-a-crochet-petites-tailles\\\/#primaryimage\"},\"image\":{\"@id\":\"https:\\\/\\\/www.jootjeshaakcadeautjes.nl\\\/fr\\\/produit\\\/set-daiguilles-a-crochet-petites-tailles\\\/#primaryimage\"},\"thumbnailUrl\":\"https:\\\/\\\/d1dyryakdmle7o.cloudfront.net\\\/wp-content\\\/uploads\\\/2026\\\/02\\\/Naamloos-1820-1.webp\",\"datePublished\":\"2016-04-10T19:30:49+00:00\",\"dateModified\":\"2025-03-11T01:43:22+00:00\",\"description\":\"Le set d'aiguilles \u00e0 crochet soft grip comprend les aiguilles suivantes : 0,5 mm, 0,75 mm, 1,0 mm, 1,25 mm, 1,5 mm, 1,75 mm, 2,0 mm, 2,25 mm, 2,5 mm et 2,75 mm. Faites vite !\",\"breadcrumb\":{\"@id\":\"https:\\\/\\\/www.jootjeshaakcadeautjes.nl\\\/fr\\\/produit\\\/set-daiguilles-a-crochet-petites-tailles\\\/#breadcrumb\"},\"inLanguage\":\"fr-FR\",\"potentialAction\":[{\"@type\":\"ReadAction\",\"target\":[\"https:\\\/\\\/www.jootjeshaakcadeautjes.nl\\\/fr\\\/produit\\\/set-daiguilles-a-crochet-petites-tailles\\\/\"]}]},{\"@type\":\"ImageObject\",\"inLanguage\":\"fr-FR\",\"@id\":\"https:\\\/\\\/www.jootjeshaakcadeautjes.nl\\\/fr\\\/produit\\\/set-daiguilles-a-crochet-petites-tailles\\\/#primaryimage\",\"url\":\"https:\\\/\\\/d1dyryakdmle7o.cloudfront.net\\\/wp-content\\\/uploads\\\/2026\\\/02\\\/Naamloos-1820-1.webp\",\"contentUrl\":\"https:\\\/\\\/d1dyryakdmle7o.cloudfront.net\\\/wp-content\\\/uploads\\\/2026\\\/02\\\/Naamloos-1820-1.webp\",\"width\":2000,\"height\":2000},{\"@type\":\"BreadcrumbList\",\"@id\":\"https:\\\/\\\/www.jootjeshaakcadeautjes.nl\\\/fr\\\/produit\\\/set-daiguilles-a-crochet-petites-tailles\\\/#breadcrumb\",\"itemListElement\":[{\"@type\":\"ListItem\",\"position\":1,\"name\":\"Accueil\",\"item\":\"https:\\\/\\\/www.jootjeshaakcadeautjes.nl\\\/fr\\\/\"},{\"@type\":\"ListItem\",\"position\":2,\"name\":\"Commerce de gros de perles en silicone &#8211; Entreprises et consommateurs\",\"item\":\"https:\\\/\\\/www.jootjeshaakcadeautjes.nl\\\/fr\\\/boutique\\\/\"},{\"@type\":\"ListItem\",\"position\":3,\"name\":\"Set d&#8217;aiguilles \u00e0 crochet soft grip Tailles : &#8220;small&#8221; &#8211; 10 pi\u00e8ces &#8211; 0.5-2.75 mm\"}]},{\"@type\":\"WebSite\",\"@id\":\"https:\\\/\\\/www.jootjeshaakcadeautjes.nl\\\/fr\\\/#website\",\"url\":\"https:\\\/\\\/www.jootjeshaakcadeautjes.nl\\\/fr\\\/\",\"name\":\"Jootjes Haakcadeautjes\",\"description\":\"Grossiste en perles de silicone\",\"publisher\":{\"@id\":\"https:\\\/\\\/www.jootjeshaakcadeautjes.nl\\\/fr\\\/#organization\"},\"potentialAction\":[{\"@type\":\"SearchAction\",\"target\":{\"@type\":\"EntryPoint\",\"urlTemplate\":\"https:\\\/\\\/www.jootjeshaakcadeautjes.nl\\\/fr\\\/?s={search_term_string}\"},\"query-input\":{\"@type\":\"PropertyValueSpecification\",\"valueRequired\":true,\"valueName\":\"search_term_string\"}}],\"inLanguage\":\"fr-FR\"},{\"@type\":\"Organization\",\"@id\":\"https:\\\/\\\/www.jootjeshaakcadeautjes.nl\\\/fr\\\/#organization\",\"name\":\"Jootjes Haakcadeautjes\",\"url\":\"https:\\\/\\\/www.jootjeshaakcadeautjes.nl\\\/fr\\\/\",\"logo\":{\"@type\":\"ImageObject\",\"inLanguage\":\"fr-FR\",\"@id\":\"https:\\\/\\\/www.jootjeshaakcadeautjes.nl\\\/fr\\\/#\\\/schema\\\/logo\\\/image\\\/\",\"url\":\"https:\\\/\\\/d1dyryakdmle7o.cloudfront.net\\\/wp-content\\\/uploads\\\/2023\\\/05\\\/Logo-rond.png\",\"contentUrl\":\"https:\\\/\\\/d1dyryakdmle7o.cloudfront.net\\\/wp-content\\\/uploads\\\/2023\\\/05\\\/Logo-rond.png\",\"width\":1222,\"height\":1222,\"caption\":\"Jootjes Haakcadeautjes\"},\"image\":{\"@id\":\"https:\\\/\\\/www.jootjeshaakcadeautjes.nl\\\/fr\\\/#\\\/schema\\\/logo\\\/image\\\/\"}}]}<\/script>\n<meta property=\"product:price:amount\" content=\"13.95\" \/>\n<meta property=\"product:price:currency\" content=\"EUR\" \/>\n<meta property=\"og:availability\" content=\"instock\" \/>\n<meta property=\"product:availability\" content=\"instock\" \/>\n<meta property=\"product:retailer_item_id\" content=\"HKN-SET-KLN\" \/>\n<meta property=\"product:condition\" content=\"new\" \/>\n<!-- \/ Yoast SEO Premium plugin. -->","yoast_head_json":{"title":"Set d'aiguilles \u00e0 crochet soft grip - 0.5 mm \u00e0 2.75 mm - Petites tailles","description":"Le set d'aiguilles \u00e0 crochet soft grip comprend les aiguilles suivantes : 0,5 mm, 0,75 mm, 1,0 mm, 1,25 mm, 1,5 mm, 1,75 mm, 2,0 mm, 2,25 mm, 2,5 mm et 2,75 mm. Faites vite !","robots":{"index":"index","follow":"follow","max-snippet":"max-snippet:-1","max-image-preview":"max-image-preview:large","max-video-preview":"max-video-preview:-1"},"canonical":"https:\/\/www.jootjeshaakcadeautjes.nl\/fr\/produit\/set-daiguilles-a-crochet-petites-tailles\/","og_locale":"fr_FR","og_type":"article","og_title":"Set d'aiguilles \u00e0 crochet soft grip Tailles : \"small\" - 10 pi\u00e8ces - 0.5-2.75 mm","og_description":"Le set d'aiguilles \u00e0 crochet soft grip comprend les aiguilles suivantes : 0,5 mm, 0,75 mm, 1,0 mm, 1,25 mm, 1,5 mm, 1,75 mm, 2,0 mm, 2,25 mm, 2,5 mm et 2,75 mm. Faites vite !","og_url":"https:\/\/www.jootjeshaakcadeautjes.nl\/fr\/produit\/set-daiguilles-a-crochet-petites-tailles\/","og_site_name":"Jootjes Haakcadeautjes","article_modified_time":"2025-03-11T01:43:22+00:00","og_image":[{"url":"https:\/\/www.jootjeshaakcadeautjes.nl\/wp-content\/uploads\/2017\/05\/IMG_20170730_163458-1024x659.jpg","type":"","width":"","height":""}],"twitter_card":"summary_large_image","twitter_misc":{"Prix":"&euro;13.95 TTC","Disponibilit\u00e9":"En stock"},"schema":{"@context":"https:\/\/schema.org","@graph":[{"@type":"WebPage","@id":"https:\/\/www.jootjeshaakcadeautjes.nl\/fr\/produit\/set-daiguilles-a-crochet-petites-tailles\/","url":"https:\/\/www.jootjeshaakcadeautjes.nl\/fr\/produit\/set-daiguilles-a-crochet-petites-tailles\/","name":"Set d'aiguilles \u00e0 crochet soft grip - 0.5 mm \u00e0 2.75 mm - Petites tailles","isPartOf":{"@id":"https:\/\/www.jootjeshaakcadeautjes.nl\/fr\/#website"},"primaryImageOfPage":{"@id":"https:\/\/www.jootjeshaakcadeautjes.nl\/fr\/produit\/set-daiguilles-a-crochet-petites-tailles\/#primaryimage"},"image":{"@id":"https:\/\/www.jootjeshaakcadeautjes.nl\/fr\/produit\/set-daiguilles-a-crochet-petites-tailles\/#primaryimage"},"thumbnailUrl":"https:\/\/d1dyryakdmle7o.cloudfront.net\/wp-content\/uploads\/2026\/02\/Naamloos-1820-1.webp","datePublished":"2016-04-10T19:30:49+00:00","dateModified":"2025-03-11T01:43:22+00:00","description":"Le set d'aiguilles \u00e0 crochet soft grip comprend les aiguilles suivantes : 0,5 mm, 0,75 mm, 1,0 mm, 1,25 mm, 1,5 mm, 1,75 mm, 2,0 mm, 2,25 mm, 2,5 mm et 2,75 mm. Faites vite !","breadcrumb":{"@id":"https:\/\/www.jootjeshaakcadeautjes.nl\/fr\/produit\/set-daiguilles-a-crochet-petites-tailles\/#breadcrumb"},"inLanguage":"fr-FR","potentialAction":[{"@type":"ReadAction","target":["https:\/\/www.jootjeshaakcadeautjes.nl\/fr\/produit\/set-daiguilles-a-crochet-petites-tailles\/"]}]},{"@type":"ImageObject","inLanguage":"fr-FR","@id":"https:\/\/www.jootjeshaakcadeautjes.nl\/fr\/produit\/set-daiguilles-a-crochet-petites-tailles\/#primaryimage","url":"https:\/\/d1dyryakdmle7o.cloudfront.net\/wp-content\/uploads\/2026\/02\/Naamloos-1820-1.webp","contentUrl":"https:\/\/d1dyryakdmle7o.cloudfront.net\/wp-content\/uploads\/2026\/02\/Naamloos-1820-1.webp","width":2000,"height":2000},{"@type":"BreadcrumbList","@id":"https:\/\/www.jootjeshaakcadeautjes.nl\/fr\/produit\/set-daiguilles-a-crochet-petites-tailles\/#breadcrumb","itemListElement":[{"@type":"ListItem","position":1,"name":"Accueil","item":"https:\/\/www.jootjeshaakcadeautjes.nl\/fr\/"},{"@type":"ListItem","position":2,"name":"Commerce de gros de perles en silicone &#8211; Entreprises et consommateurs","item":"https:\/\/www.jootjeshaakcadeautjes.nl\/fr\/boutique\/"},{"@type":"ListItem","position":3,"name":"Set d&#8217;aiguilles \u00e0 crochet soft grip Tailles : &#8220;small&#8221; &#8211; 10 pi\u00e8ces &#8211; 0.5-2.75 mm"}]},{"@type":"WebSite","@id":"https:\/\/www.jootjeshaakcadeautjes.nl\/fr\/#website","url":"https:\/\/www.jootjeshaakcadeautjes.nl\/fr\/","name":"Jootjes Haakcadeautjes","description":"Grossiste en perles de silicone","publisher":{"@id":"https:\/\/www.jootjeshaakcadeautjes.nl\/fr\/#organization"},"potentialAction":[{"@type":"SearchAction","target":{"@type":"EntryPoint","urlTemplate":"https:\/\/www.jootjeshaakcadeautjes.nl\/fr\/?s={search_term_string}"},"query-input":{"@type":"PropertyValueSpecification","valueRequired":true,"valueName":"search_term_string"}}],"inLanguage":"fr-FR"},{"@type":"Organization","@id":"https:\/\/www.jootjeshaakcadeautjes.nl\/fr\/#organization","name":"Jootjes Haakcadeautjes","url":"https:\/\/www.jootjeshaakcadeautjes.nl\/fr\/","logo":{"@type":"ImageObject","inLanguage":"fr-FR","@id":"https:\/\/www.jootjeshaakcadeautjes.nl\/fr\/#\/schema\/logo\/image\/","url":"https:\/\/d1dyryakdmle7o.cloudfront.net\/wp-content\/uploads\/2023\/05\/Logo-rond.png","contentUrl":"https:\/\/d1dyryakdmle7o.cloudfront.net\/wp-content\/uploads\/2023\/05\/Logo-rond.png","width":1222,"height":1222,"caption":"Jootjes Haakcadeautjes"},"image":{"@id":"https:\/\/www.jootjeshaakcadeautjes.nl\/fr\/#\/schema\/logo\/image\/"}}]},"product_price_amount":"13.95","product_price_currency":"EUR","og_availability":"instock","product_availability":"instock","product_retailer_item_id":"HKN-SET-KLN","product_condition":"new"},"_links":{"self":[{"href":"https:\/\/www.jootjeshaakcadeautjes.nl\/fr\/wp-json\/wp\/v2\/product\/136476","targetHints":{"allow":["GET"]}}],"collection":[{"href":"https:\/\/www.jootjeshaakcadeautjes.nl\/fr\/wp-json\/wp\/v2\/product"}],"about":[{"href":"https:\/\/www.jootjeshaakcadeautjes.nl\/fr\/wp-json\/wp\/v2\/types\/product"}],"version-history":[{"count":0,"href":"https:\/\/www.jootjeshaakcadeautjes.nl\/fr\/wp-json\/wp\/v2\/product\/136476\/revisions"}],"wp:featuredmedia":[{"embeddable":true,"href":"https:\/\/www.jootjeshaakcadeautjes.nl\/fr\/wp-json\/wp\/v2\/media\/274161"}],"wp:attachment":[{"href":"https:\/\/www.jootjeshaakcadeautjes.nl\/fr\/wp-json\/wp\/v2\/media?parent=136476"}],"wp:term":[{"taxonomy":"product_brand","embeddable":true,"href":"https:\/\/www.jootjeshaakcadeautjes.nl\/fr\/wp-json\/wp\/v2\/product_brand?post=136476"},{"taxonomy":"product_cat","embeddable":true,"href":"https:\/\/www.jootjeshaakcadeautjes.nl\/fr\/wp-json\/wp\/v2\/product_cat?post=136476"},{"taxonomy":"product_tag","embeddable":true,"href":"https:\/\/www.jootjeshaakcadeautjes.nl\/fr\/wp-json\/wp\/v2\/product_tag?post=136476"}],"curies":[{"name":"wp","href":"https:\/\/api.w.org\/{rel}","templated":true}]}}