{"id":136483,"date":"2016-03-27T17:20:12","date_gmt":"2016-03-27T15:20:12","guid":{"rendered":"https:\/\/www.jootjeshaakcadeautjes.nl\/product\/bouton-en-bois-made-avec-amour-20-mm\/"},"modified":"2025-08-19T14:53:37","modified_gmt":"2025-08-19T12:53:37","slug":"bouton-en-bois-made-avec-amour-20-mm","status":"publish","type":"product","link":"https:\/\/www.jootjeshaakcadeautjes.nl\/fr\/produit\/bouton-en-bois-made-avec-amour-20-mm\/","title":{"rendered":"Bouton en bois fait \u00e0 la main avec amour &#8211; 20 mm (par 10 pi\u00e8ces)"},"content":{"rendered":"<h2><strong>Bouton en bois fait \u00e0 la main avec amour &#8211; 20 mm 10 pi\u00e8ces<\/strong><\/h2>\n<p>Bouton en bois fait \u00e0 la main avec amour d&#8217;une taille de 20 mm. Police de haute qualit\u00e9.<br \/>\nRemarque ! Certains concurrents proposent des boutons avec une police de caract\u00e8res moins cool.<br \/>\nLe mot &#8220;Handmade&#8221; est particuli\u00e8rement frappant, comme le montrent les exemples suivants :<\/p>\n<p><a href=\"https:\/\/d1dyryakdmle7o.cloudfront.net\/wp-content\/uploads\/2016\/03\/Fout-voorbeeld-2.jpg\" rel=\"attachment wp-att-361\"><img decoding=\"async\" class=\"alignnone wp-image-361\" src=\"https:\/\/www.jootjeshaakcadeautjes.nl\/wp-content\/themes\/woodmart\/images\/lazy.svg\" data-src=\"https:\/\/d1dyryakdmle7o.cloudfront.net\/wp-content\/uploads\/2016\/03\/Fout-voorbeeld-2.jpg\" alt=\"Exemple de police moins sophistiqu\u00e9e.\" width=\"212\" height=\"222\"><\/a> <a href=\"https:\/\/d1dyryakdmle7o.cloudfront.net\/wp-content\/uploads\/2016\/03\/Slechte-voorbeelden.jpg\" rel=\"attachment wp-att-362\"><img decoding=\"async\" class=\"alignnone size-full wp-image-362\" src=\"https:\/\/www.jootjeshaakcadeautjes.nl\/wp-content\/themes\/woodmart\/images\/lazy.svg\" data-src=\"https:\/\/d1dyryakdmle7o.cloudfront.net\/wp-content\/uploads\/2016\/03\/Slechte-voorbeelden.jpg\" alt=\"Exemple de police moins sophistiqu\u00e9e.\" width=\"244\" height=\"222\"><br \/>\n<\/a><\/p>\n<p><strong>Ces exemples ne sont donc pas nos boutons en bois faits \u00e0 la main avec amour.<br \/>\nVous trouverez des photos de nos boutons en bois en haut de la page.<\/strong><\/p>\n","protected":false},"excerpt":{"rendered":"<p><strong>Bouton en bois &#8211; &#8220;Handmade with love&#8221; (fait \u00e0 la main avec amour)<\/strong><\/p>\n<p>20 mm, par 10 pi\u00e8ces<br \/>\nPolice de haute qualit\u00e9.<\/p>\n<p>&nbsp;<\/p>\n","protected":false},"featured_media":68255,"template":"","meta":[],"product_brand":[],"product_cat":[13948,12308],"product_tag":[7448,10489,10409,13949,14043,13950,14039,7197,13952,14034,12670,13934,14041],"class_list":{"0":"post-136483","1":"product","2":"type-product","3":"status-publish","4":"has-post-thumbnail","6":"product_cat-etiquettes-et-boutons-en-bois-faits-a-la-main","7":"product_cat-materiel-de-bricolage-et-de-crochet","8":"product_tag-20-mm-fr","9":"product_tag-20mm-fr","10":"product_tag-bois-fr","11":"product_tag-bouton","12":"product_tag-bouton-fr","13":"product_tag-boutons","14":"product_tag-decoration-florale","15":"product_tag-en-bois","16":"product_tag-etiquette","17":"product_tag-fait-a-la-main-fr","18":"product_tag-fait-a-la-main","19":"product_tag-fait-maison","20":"product_tag-noeud-de-fleurs","22":"first","23":"instock","24":"taxable","25":"shipping-taxable","26":"purchasable","27":"product-type-simple"},"bundled_by":[],"bundle_stock_status":"instock","bundle_stock_quantity":93,"bundle_virtual":false,"bundle_layout":"","bundle_add_to_cart_form_location":"","bundle_editable_in_cart":false,"bundle_sold_individually_context":"","bundle_item_grouping":"","bundle_min_size":"","bundle_max_size":"","bundle_price":[],"bundled_items":[],"bundle_sell_ids":[],"yoast_head":"<!-- This site is optimized with the Yoast SEO Premium plugin v27.6 (Yoast SEO v27.6) - https:\/\/yoast.com\/product\/yoast-seo-premium-wordpress\/ -->\n<title>Bouton en bois fait \u00e0 la main avec amour - 20 mm (par 10 pi\u00e8ces)%page%%%%.<\/title>\n<meta name=\"description\" content=\"Bouton en bois fait \u00e0 la main avec amour dans la taille la plus populaire de 20 mm de diam\u00e8tre. Une fa\u00e7on tr\u00e8s mignonne d&#039;ajouter une \u00e9tiquette faite \u00e0 la main \u00e0 votre travail.\" \/>\n<meta name=\"robots\" content=\"index, follow, max-snippet:-1, max-image-preview:large, max-video-preview:-1\" \/>\n<link rel=\"canonical\" href=\"https:\/\/www.jootjeshaakcadeautjes.nl\/fr\/produit\/bouton-en-bois-made-avec-amour-20-mm\/\" \/>\n<meta property=\"og:locale\" content=\"fr_FR\" \/>\n<meta property=\"og:type\" content=\"article\" \/>\n<meta property=\"og:title\" content=\"Bouton en bois fait \u00e0 la main avec amour - 20 mm (par 10 pi\u00e8ces)\" \/>\n<meta property=\"og:description\" content=\"Bouton en bois fait \u00e0 la main avec amour dans la taille la plus populaire de 20 mm de diam\u00e8tre. Une fa\u00e7on tr\u00e8s mignonne d&#039;ajouter une \u00e9tiquette faite \u00e0 la main \u00e0 votre travail.\" \/>\n<meta property=\"og:url\" content=\"https:\/\/www.jootjeshaakcadeautjes.nl\/fr\/produit\/bouton-en-bois-made-avec-amour-20-mm\/\" \/>\n<meta property=\"og:site_name\" content=\"Jootjes Haakcadeautjes\" \/>\n<meta property=\"article:modified_time\" content=\"2025-08-19T12:53:37+00:00\" \/>\n<meta property=\"og:image\" content=\"https:\/\/www.jootjeshaakcadeautjes.nl\/wp-content\/uploads\/2016\/03\/20190930_195652.jpg\" \/>\n\t<meta property=\"og:image:width\" content=\"591\" \/>\n\t<meta property=\"og:image:height\" content=\"591\" \/>\n\t<meta property=\"og:image:type\" content=\"image\/jpeg\" \/>\n<meta name=\"twitter:card\" content=\"summary_large_image\" \/>\n<meta name=\"twitter:label1\" content=\"Prix\" \/>\n\t<meta name=\"twitter:data1\" content=\"&euro;1.20 TTC\" \/>\n\t<meta name=\"twitter:label2\" content=\"Disponibilit\u00e9\" \/>\n\t<meta name=\"twitter:data2\" content=\"En stock\" \/>\n<script type=\"application\/ld+json\" class=\"yoast-schema-graph\">{\"@context\":\"https:\\\/\\\/schema.org\",\"@graph\":[{\"@type\":\"WebPage\",\"@id\":\"https:\\\/\\\/www.jootjeshaakcadeautjes.nl\\\/fr\\\/produit\\\/bouton-en-bois-made-avec-amour-20-mm\\\/\",\"url\":\"https:\\\/\\\/www.jootjeshaakcadeautjes.nl\\\/fr\\\/produit\\\/bouton-en-bois-made-avec-amour-20-mm\\\/\",\"name\":\"Bouton en bois fait \u00e0 la main avec amour - 20 mm (par 10 pi\u00e8ces)%page%%%%.\",\"isPartOf\":{\"@id\":\"https:\\\/\\\/www.jootjeshaakcadeautjes.nl\\\/fr\\\/#website\"},\"primaryImageOfPage\":{\"@id\":\"https:\\\/\\\/www.jootjeshaakcadeautjes.nl\\\/fr\\\/produit\\\/bouton-en-bois-made-avec-amour-20-mm\\\/#primaryimage\"},\"image\":{\"@id\":\"https:\\\/\\\/www.jootjeshaakcadeautjes.nl\\\/fr\\\/produit\\\/bouton-en-bois-made-avec-amour-20-mm\\\/#primaryimage\"},\"thumbnailUrl\":\"https:\\\/\\\/d1dyryakdmle7o.cloudfront.net\\\/wp-content\\\/uploads\\\/2016\\\/03\\\/20190930_195652.jpg\",\"datePublished\":\"2016-03-27T15:20:12+00:00\",\"dateModified\":\"2025-08-19T12:53:37+00:00\",\"description\":\"Bouton en bois fait \u00e0 la main avec amour dans la taille la plus populaire de 20 mm de diam\u00e8tre. Une fa\u00e7on tr\u00e8s mignonne d'ajouter une \u00e9tiquette faite \u00e0 la main \u00e0 votre travail.\",\"breadcrumb\":{\"@id\":\"https:\\\/\\\/www.jootjeshaakcadeautjes.nl\\\/fr\\\/produit\\\/bouton-en-bois-made-avec-amour-20-mm\\\/#breadcrumb\"},\"inLanguage\":\"fr-FR\",\"potentialAction\":[{\"@type\":\"ReadAction\",\"target\":[\"https:\\\/\\\/www.jootjeshaakcadeautjes.nl\\\/fr\\\/produit\\\/bouton-en-bois-made-avec-amour-20-mm\\\/\"]}]},{\"@type\":\"ImageObject\",\"inLanguage\":\"fr-FR\",\"@id\":\"https:\\\/\\\/www.jootjeshaakcadeautjes.nl\\\/fr\\\/produit\\\/bouton-en-bois-made-avec-amour-20-mm\\\/#primaryimage\",\"url\":\"https:\\\/\\\/d1dyryakdmle7o.cloudfront.net\\\/wp-content\\\/uploads\\\/2016\\\/03\\\/20190930_195652.jpg\",\"contentUrl\":\"https:\\\/\\\/d1dyryakdmle7o.cloudfront.net\\\/wp-content\\\/uploads\\\/2016\\\/03\\\/20190930_195652.jpg\",\"width\":591,\"height\":591,\"caption\":\"Fait \u00e0 la main avec des boutons d'amour\"},{\"@type\":\"BreadcrumbList\",\"@id\":\"https:\\\/\\\/www.jootjeshaakcadeautjes.nl\\\/fr\\\/produit\\\/bouton-en-bois-made-avec-amour-20-mm\\\/#breadcrumb\",\"itemListElement\":[{\"@type\":\"ListItem\",\"position\":1,\"name\":\"Accueil\",\"item\":\"https:\\\/\\\/www.jootjeshaakcadeautjes.nl\\\/fr\\\/\"},{\"@type\":\"ListItem\",\"position\":2,\"name\":\"Commerce de gros de perles en silicone &#8211; Entreprises et consommateurs\",\"item\":\"https:\\\/\\\/www.jootjeshaakcadeautjes.nl\\\/fr\\\/boutique\\\/\"},{\"@type\":\"ListItem\",\"position\":3,\"name\":\"Bouton en bois fait \u00e0 la main avec amour &#8211; 20 mm (par 10 pi\u00e8ces)\"}]},{\"@type\":\"WebSite\",\"@id\":\"https:\\\/\\\/www.jootjeshaakcadeautjes.nl\\\/fr\\\/#website\",\"url\":\"https:\\\/\\\/www.jootjeshaakcadeautjes.nl\\\/fr\\\/\",\"name\":\"Jootjes Haakcadeautjes\",\"description\":\"Grossiste en perles de silicone\",\"publisher\":{\"@id\":\"https:\\\/\\\/www.jootjeshaakcadeautjes.nl\\\/fr\\\/#organization\"},\"potentialAction\":[{\"@type\":\"SearchAction\",\"target\":{\"@type\":\"EntryPoint\",\"urlTemplate\":\"https:\\\/\\\/www.jootjeshaakcadeautjes.nl\\\/fr\\\/?s={search_term_string}\"},\"query-input\":{\"@type\":\"PropertyValueSpecification\",\"valueRequired\":true,\"valueName\":\"search_term_string\"}}],\"inLanguage\":\"fr-FR\"},{\"@type\":\"Organization\",\"@id\":\"https:\\\/\\\/www.jootjeshaakcadeautjes.nl\\\/fr\\\/#organization\",\"name\":\"Jootjes Haakcadeautjes\",\"url\":\"https:\\\/\\\/www.jootjeshaakcadeautjes.nl\\\/fr\\\/\",\"logo\":{\"@type\":\"ImageObject\",\"inLanguage\":\"fr-FR\",\"@id\":\"https:\\\/\\\/www.jootjeshaakcadeautjes.nl\\\/fr\\\/#\\\/schema\\\/logo\\\/image\\\/\",\"url\":\"https:\\\/\\\/d1dyryakdmle7o.cloudfront.net\\\/wp-content\\\/uploads\\\/2023\\\/05\\\/Logo-rond.png\",\"contentUrl\":\"https:\\\/\\\/d1dyryakdmle7o.cloudfront.net\\\/wp-content\\\/uploads\\\/2023\\\/05\\\/Logo-rond.png\",\"width\":1222,\"height\":1222,\"caption\":\"Jootjes Haakcadeautjes\"},\"image\":{\"@id\":\"https:\\\/\\\/www.jootjeshaakcadeautjes.nl\\\/fr\\\/#\\\/schema\\\/logo\\\/image\\\/\"}}]}<\/script>\n<meta property=\"product:price:amount\" content=\"1.20\" \/>\n<meta property=\"product:price:currency\" content=\"EUR\" \/>\n<meta property=\"og:availability\" content=\"instock\" \/>\n<meta property=\"product:availability\" content=\"instock\" \/>\n<meta property=\"product:retailer_item_id\" content=\"HKN-HWL-020\" \/>\n<meta property=\"product:condition\" content=\"new\" \/>\n<!-- \/ Yoast SEO Premium plugin. -->","yoast_head_json":{"title":"Bouton en bois fait \u00e0 la main avec amour - 20 mm (par 10 pi\u00e8ces)%page%%%%.","description":"Bouton en bois fait \u00e0 la main avec amour dans la taille la plus populaire de 20 mm de diam\u00e8tre. Une fa\u00e7on tr\u00e8s mignonne d'ajouter une \u00e9tiquette faite \u00e0 la main \u00e0 votre travail.","robots":{"index":"index","follow":"follow","max-snippet":"max-snippet:-1","max-image-preview":"max-image-preview:large","max-video-preview":"max-video-preview:-1"},"canonical":"https:\/\/www.jootjeshaakcadeautjes.nl\/fr\/produit\/bouton-en-bois-made-avec-amour-20-mm\/","og_locale":"fr_FR","og_type":"article","og_title":"Bouton en bois fait \u00e0 la main avec amour - 20 mm (par 10 pi\u00e8ces)","og_description":"Bouton en bois fait \u00e0 la main avec amour dans la taille la plus populaire de 20 mm de diam\u00e8tre. Une fa\u00e7on tr\u00e8s mignonne d'ajouter une \u00e9tiquette faite \u00e0 la main \u00e0 votre travail.","og_url":"https:\/\/www.jootjeshaakcadeautjes.nl\/fr\/produit\/bouton-en-bois-made-avec-amour-20-mm\/","og_site_name":"Jootjes Haakcadeautjes","article_modified_time":"2025-08-19T12:53:37+00:00","og_image":[{"width":591,"height":591,"url":"https:\/\/www.jootjeshaakcadeautjes.nl\/wp-content\/uploads\/2016\/03\/20190930_195652.jpg","type":"image\/jpeg"}],"twitter_card":"summary_large_image","twitter_misc":{"Prix":"&euro;1.20 TTC","Disponibilit\u00e9":"En stock"},"schema":{"@context":"https:\/\/schema.org","@graph":[{"@type":"WebPage","@id":"https:\/\/www.jootjeshaakcadeautjes.nl\/fr\/produit\/bouton-en-bois-made-avec-amour-20-mm\/","url":"https:\/\/www.jootjeshaakcadeautjes.nl\/fr\/produit\/bouton-en-bois-made-avec-amour-20-mm\/","name":"Bouton en bois fait \u00e0 la main avec amour - 20 mm (par 10 pi\u00e8ces)%page%%%%.","isPartOf":{"@id":"https:\/\/www.jootjeshaakcadeautjes.nl\/fr\/#website"},"primaryImageOfPage":{"@id":"https:\/\/www.jootjeshaakcadeautjes.nl\/fr\/produit\/bouton-en-bois-made-avec-amour-20-mm\/#primaryimage"},"image":{"@id":"https:\/\/www.jootjeshaakcadeautjes.nl\/fr\/produit\/bouton-en-bois-made-avec-amour-20-mm\/#primaryimage"},"thumbnailUrl":"https:\/\/d1dyryakdmle7o.cloudfront.net\/wp-content\/uploads\/2016\/03\/20190930_195652.jpg","datePublished":"2016-03-27T15:20:12+00:00","dateModified":"2025-08-19T12:53:37+00:00","description":"Bouton en bois fait \u00e0 la main avec amour dans la taille la plus populaire de 20 mm de diam\u00e8tre. Une fa\u00e7on tr\u00e8s mignonne d'ajouter une \u00e9tiquette faite \u00e0 la main \u00e0 votre travail.","breadcrumb":{"@id":"https:\/\/www.jootjeshaakcadeautjes.nl\/fr\/produit\/bouton-en-bois-made-avec-amour-20-mm\/#breadcrumb"},"inLanguage":"fr-FR","potentialAction":[{"@type":"ReadAction","target":["https:\/\/www.jootjeshaakcadeautjes.nl\/fr\/produit\/bouton-en-bois-made-avec-amour-20-mm\/"]}]},{"@type":"ImageObject","inLanguage":"fr-FR","@id":"https:\/\/www.jootjeshaakcadeautjes.nl\/fr\/produit\/bouton-en-bois-made-avec-amour-20-mm\/#primaryimage","url":"https:\/\/d1dyryakdmle7o.cloudfront.net\/wp-content\/uploads\/2016\/03\/20190930_195652.jpg","contentUrl":"https:\/\/d1dyryakdmle7o.cloudfront.net\/wp-content\/uploads\/2016\/03\/20190930_195652.jpg","width":591,"height":591,"caption":"Fait \u00e0 la main avec des boutons d'amour"},{"@type":"BreadcrumbList","@id":"https:\/\/www.jootjeshaakcadeautjes.nl\/fr\/produit\/bouton-en-bois-made-avec-amour-20-mm\/#breadcrumb","itemListElement":[{"@type":"ListItem","position":1,"name":"Accueil","item":"https:\/\/www.jootjeshaakcadeautjes.nl\/fr\/"},{"@type":"ListItem","position":2,"name":"Commerce de gros de perles en silicone &#8211; Entreprises et consommateurs","item":"https:\/\/www.jootjeshaakcadeautjes.nl\/fr\/boutique\/"},{"@type":"ListItem","position":3,"name":"Bouton en bois fait \u00e0 la main avec amour &#8211; 20 mm (par 10 pi\u00e8ces)"}]},{"@type":"WebSite","@id":"https:\/\/www.jootjeshaakcadeautjes.nl\/fr\/#website","url":"https:\/\/www.jootjeshaakcadeautjes.nl\/fr\/","name":"Jootjes Haakcadeautjes","description":"Grossiste en perles de silicone","publisher":{"@id":"https:\/\/www.jootjeshaakcadeautjes.nl\/fr\/#organization"},"potentialAction":[{"@type":"SearchAction","target":{"@type":"EntryPoint","urlTemplate":"https:\/\/www.jootjeshaakcadeautjes.nl\/fr\/?s={search_term_string}"},"query-input":{"@type":"PropertyValueSpecification","valueRequired":true,"valueName":"search_term_string"}}],"inLanguage":"fr-FR"},{"@type":"Organization","@id":"https:\/\/www.jootjeshaakcadeautjes.nl\/fr\/#organization","name":"Jootjes Haakcadeautjes","url":"https:\/\/www.jootjeshaakcadeautjes.nl\/fr\/","logo":{"@type":"ImageObject","inLanguage":"fr-FR","@id":"https:\/\/www.jootjeshaakcadeautjes.nl\/fr\/#\/schema\/logo\/image\/","url":"https:\/\/d1dyryakdmle7o.cloudfront.net\/wp-content\/uploads\/2023\/05\/Logo-rond.png","contentUrl":"https:\/\/d1dyryakdmle7o.cloudfront.net\/wp-content\/uploads\/2023\/05\/Logo-rond.png","width":1222,"height":1222,"caption":"Jootjes Haakcadeautjes"},"image":{"@id":"https:\/\/www.jootjeshaakcadeautjes.nl\/fr\/#\/schema\/logo\/image\/"}}]},"product_price_amount":"1.20","product_price_currency":"EUR","og_availability":"instock","product_availability":"instock","product_retailer_item_id":"HKN-HWL-020","product_condition":"new"},"_links":{"self":[{"href":"https:\/\/www.jootjeshaakcadeautjes.nl\/fr\/wp-json\/wp\/v2\/product\/136483","targetHints":{"allow":["GET"]}}],"collection":[{"href":"https:\/\/www.jootjeshaakcadeautjes.nl\/fr\/wp-json\/wp\/v2\/product"}],"about":[{"href":"https:\/\/www.jootjeshaakcadeautjes.nl\/fr\/wp-json\/wp\/v2\/types\/product"}],"version-history":[{"count":0,"href":"https:\/\/www.jootjeshaakcadeautjes.nl\/fr\/wp-json\/wp\/v2\/product\/136483\/revisions"}],"wp:featuredmedia":[{"embeddable":true,"href":"https:\/\/www.jootjeshaakcadeautjes.nl\/fr\/wp-json\/wp\/v2\/media\/68255"}],"wp:attachment":[{"href":"https:\/\/www.jootjeshaakcadeautjes.nl\/fr\/wp-json\/wp\/v2\/media?parent=136483"}],"wp:term":[{"taxonomy":"product_brand","embeddable":true,"href":"https:\/\/www.jootjeshaakcadeautjes.nl\/fr\/wp-json\/wp\/v2\/product_brand?post=136483"},{"taxonomy":"product_cat","embeddable":true,"href":"https:\/\/www.jootjeshaakcadeautjes.nl\/fr\/wp-json\/wp\/v2\/product_cat?post=136483"},{"taxonomy":"product_tag","embeddable":true,"href":"https:\/\/www.jootjeshaakcadeautjes.nl\/fr\/wp-json\/wp\/v2\/product_tag?post=136483"}],"curies":[{"name":"wp","href":"https:\/\/api.w.org\/{rel}","templated":true}]}}