{"id":136484,"date":"2016-04-22T14:10:42","date_gmt":"2016-04-22T12:10:42","guid":{"rendered":"https:\/\/www.jootjeshaakcadeautjes.nl\/product\/yeux-de-securite-15-mm-paire-noire\/"},"modified":"2025-09-02T12:04:45","modified_gmt":"2025-09-02T10:04:45","slug":"yeux-de-securite-15-mm-paire-noire","status":"publish","type":"product","link":"https:\/\/www.jootjeshaakcadeautjes.nl\/fr\/produit\/yeux-de-securite-15-mm-paire-noire\/","title":{"rendered":"Oeil de s\u00e9curit\u00e9 15 mm &#8211; Noir &#8211; par paire"},"content":{"rendered":"<p><strong>Yeux de s\u00e9curit\u00e9 <span style=\"color: #000000;\">enti\u00e8rement noirs<\/span><span style=\"color: #3366ff;\"> <\/span>mesurant 15 mm.<br \/>\n<\/strong><br \/>\n\u0152il de s\u00e9curit\u00e9 pour le crochet et le tricot (peluches\/amigurumi).<br \/>\nIls sont vendus par lot de 2.<\/p>\n<p>Sans rayures et avec un bouchon de s\u00e9curit\u00e9 solide, qui ne se d\u00e9tache pas !<\/p>\n<p><strong>\u00c0 quoi servent ces yeux de s\u00e9curit\u00e9 ?<\/strong><\/p>\n<p>Les yeux de s\u00e9curit\u00e9 de 20 mm (noirs) sont largement utilis\u00e9s pour la fabrication de peluches. Les \u0153illets de s\u00e9curit\u00e9 des peluches doivent donc \u00eatre de haute qualit\u00e9 et ne pas se d\u00e9tacher facilement pour garantir la s\u00e9curit\u00e9 des (petits) enfants. Lorsque les peluches sont crochet\u00e9es, elles sont \u00e9galement appel\u00e9es amigurumi. Ces yeux sont donc parfois appel\u00e9s yeux de s\u00e9curit\u00e9 pour l&#8217;amigurumi. Nos \u0153illets ont une fermeture tr\u00e8s solide. Il faut donc un certain effort pour les attacher, mais une fois qu&#8217;elles sont attach\u00e9es, elles ne se d\u00e9tachent pas facilement. Comme les \u0153illets sont parfois \u00e9galement utilis\u00e9s pour un nez, ou en combinaison avec un autre \u0153illet sous forme de bouton (1 bouton, 1 \u0153illet de s\u00e9curit\u00e9), les \u0153illets sont vendus individuellement.<\/p>\n<p><span style=\"font-size: 1.5rem;\">N\u00e9anmoins : l&#8217;utilisation dans les jouets pour b\u00e9b\u00e9s et enfants en bas \u00e2ge n&#8217;est pas recommand\u00e9e et ne doit se faire que sous la surveillance d&#8217;un adulte !  <\/span><\/p>\n<p>Les \u0153illets de s\u00e9curit\u00e9 sont con\u00e7us de mani\u00e8re \u00e0 ce qu&#8217;ils ne puissent pratiquement jamais se d\u00e9tacher. Cependant, il est et reste en plastique. En cas de dommages graves ou de morsures par des enfants, il est important de faire preuve de prudence et de surveiller. Il convient donc de v\u00e9rifier r\u00e9guli\u00e8rement les accolades.<\/p>\n<p>Egalement disponible dans les tailles <a href=\"https:\/\/www.jootjeshaakcadeautjes.nl\/fr\/produit\/oeillets-de-securite-6-mm-noir\/\">6 mm<\/a>, 7 mm, <a href=\"https:\/\/www.jootjeshaakcadeautjes.nl\/fr\/produit\/oeillets-de-securite-8-mm-noir\/\">8 mm<\/a> et 9 mm.<\/p>\n","protected":false},"excerpt":{"rendered":"<p><strong>\u0152il de s\u00e9curit\u00e9 noir<br \/>\nde 15 mm.<\/strong><\/p>\n<p>Vendu par paire (2 pi\u00e8ces)<\/p>\n<p><strong>Haute qualit\u00e9 :<\/strong><br \/>\nNe s&#8217;enl\u00e8ve pas !<br \/>\nSans rayures !<\/p>\n<p>&nbsp;<\/p>\n","protected":false},"featured_media":0,"template":"","meta":[],"product_brand":[],"product_cat":[12308,12923],"product_tag":[13190,12307,13193,12377,7392,7608,12924,12926,12925],"class_list":{"0":"post-136484","1":"product","2":"type-product","3":"status-publish","5":"product_cat-materiel-de-bricolage-et-de-crochet","6":"product_cat-oeil-de-securite-pour-les-peluches","7":"product_tag-15-fr","8":"product_tag-15-mm-fr","9":"product_tag-15mm-fr","10":"product_tag-amigurumi-fr","11":"product_tag-mm-fr","12":"product_tag-noir","13":"product_tag-oeil-de-securite","14":"product_tag-yeux-de-securite-fr","15":"product_tag-yeux-de-securite","17":"first","18":"instock","19":"sale","20":"taxable","21":"shipping-taxable","22":"purchasable","23":"product-type-simple"},"bundled_by":[],"bundle_stock_status":"instock","bundle_stock_quantity":32,"bundle_virtual":false,"bundle_layout":"","bundle_add_to_cart_form_location":"","bundle_editable_in_cart":false,"bundle_sold_individually_context":"","bundle_item_grouping":"","bundle_min_size":"","bundle_max_size":"","bundle_price":[],"bundled_items":[],"bundle_sell_ids":[],"yoast_head":"<!-- This site is optimized with the Yoast SEO Premium plugin v27.4 (Yoast SEO v27.5) - https:\/\/yoast.com\/product\/yoast-seo-premium-wordpress\/ -->\n<title>Oeil de s\u00e9curit\u00e9 15 mm - Crochet et tricot - Jootjes Crochet presents<\/title>\n<meta name=\"description\" content=\"\u0152il de s\u00e9curit\u00e9 15 mm noir pour peluches\/amigurumi au crochet et au tricot. Oeil de s\u00e9curit\u00e9 avec fermeture unique et solide. Ne se d\u00e9tache pas. Disponible en stock.\" \/>\n<meta name=\"robots\" content=\"index, follow, max-snippet:-1, max-image-preview:large, max-video-preview:-1\" \/>\n<link rel=\"canonical\" href=\"https:\/\/www.jootjeshaakcadeautjes.nl\/fr\/produit\/yeux-de-securite-15-mm-paire-noire\/\" \/>\n<meta property=\"og:locale\" content=\"fr_FR\" \/>\n<meta property=\"og:type\" content=\"article\" \/>\n<meta property=\"og:title\" content=\"Oeil de s\u00e9curit\u00e9 15 mm - Noir - par paire\" \/>\n<meta property=\"og:description\" content=\"\u0152il de s\u00e9curit\u00e9 15 mm noir pour peluches\/amigurumi au crochet et au tricot. Oeil de s\u00e9curit\u00e9 avec fermeture unique et solide. Ne se d\u00e9tache pas. Disponible en stock.\" \/>\n<meta property=\"og:url\" content=\"https:\/\/www.jootjeshaakcadeautjes.nl\/fr\/produit\/yeux-de-securite-15-mm-paire-noire\/\" \/>\n<meta property=\"og:site_name\" content=\"Jootjes Haakcadeautjes\" \/>\n<meta property=\"article:modified_time\" content=\"2025-09-02T10:04:45+00:00\" \/>\n<meta name=\"twitter:card\" content=\"summary_large_image\" \/>\n<meta name=\"twitter:label1\" content=\"Prix\" \/>\n\t<meta name=\"twitter:data1\" content=\"&euro;0.50 TTC\" \/>\n\t<meta name=\"twitter:label2\" content=\"Disponibilit\u00e9\" \/>\n\t<meta name=\"twitter:data2\" content=\"En stock\" \/>\n<script type=\"application\/ld+json\" class=\"yoast-schema-graph\">{\"@context\":\"https:\\\/\\\/schema.org\",\"@graph\":[{\"@type\":\"WebPage\",\"@id\":\"https:\\\/\\\/www.jootjeshaakcadeautjes.nl\\\/fr\\\/produit\\\/yeux-de-securite-15-mm-paire-noire\\\/\",\"url\":\"https:\\\/\\\/www.jootjeshaakcadeautjes.nl\\\/fr\\\/produit\\\/yeux-de-securite-15-mm-paire-noire\\\/\",\"name\":\"Oeil de s\u00e9curit\u00e9 15 mm - Crochet et tricot - Jootjes Crochet presents\",\"isPartOf\":{\"@id\":\"https:\\\/\\\/www.jootjeshaakcadeautjes.nl\\\/fr\\\/#website\"},\"datePublished\":\"2016-04-22T12:10:42+00:00\",\"dateModified\":\"2025-09-02T10:04:45+00:00\",\"description\":\"\u0152il de s\u00e9curit\u00e9 15 mm noir pour peluches\\\/amigurumi au crochet et au tricot. Oeil de s\u00e9curit\u00e9 avec fermeture unique et solide. Ne se d\u00e9tache pas. Disponible en stock.\",\"breadcrumb\":{\"@id\":\"https:\\\/\\\/www.jootjeshaakcadeautjes.nl\\\/fr\\\/produit\\\/yeux-de-securite-15-mm-paire-noire\\\/#breadcrumb\"},\"inLanguage\":\"fr-FR\",\"potentialAction\":[{\"@type\":\"ReadAction\",\"target\":[\"https:\\\/\\\/www.jootjeshaakcadeautjes.nl\\\/fr\\\/produit\\\/yeux-de-securite-15-mm-paire-noire\\\/\"]}]},{\"@type\":\"BreadcrumbList\",\"@id\":\"https:\\\/\\\/www.jootjeshaakcadeautjes.nl\\\/fr\\\/produit\\\/yeux-de-securite-15-mm-paire-noire\\\/#breadcrumb\",\"itemListElement\":[{\"@type\":\"ListItem\",\"position\":1,\"name\":\"Accueil\",\"item\":\"https:\\\/\\\/www.jootjeshaakcadeautjes.nl\\\/fr\\\/\"},{\"@type\":\"ListItem\",\"position\":2,\"name\":\"Commerce de gros de perles en silicone &#8211; Entreprises et consommateurs\",\"item\":\"https:\\\/\\\/www.jootjeshaakcadeautjes.nl\\\/fr\\\/boutique\\\/\"},{\"@type\":\"ListItem\",\"position\":3,\"name\":\"Oeil de s\u00e9curit\u00e9 15 mm &#8211; Noir &#8211; par paire\"}]},{\"@type\":\"WebSite\",\"@id\":\"https:\\\/\\\/www.jootjeshaakcadeautjes.nl\\\/fr\\\/#website\",\"url\":\"https:\\\/\\\/www.jootjeshaakcadeautjes.nl\\\/fr\\\/\",\"name\":\"Jootjes Haakcadeautjes\",\"description\":\"Grossiste en perles de silicone\",\"publisher\":{\"@id\":\"https:\\\/\\\/www.jootjeshaakcadeautjes.nl\\\/fr\\\/#organization\"},\"potentialAction\":[{\"@type\":\"SearchAction\",\"target\":{\"@type\":\"EntryPoint\",\"urlTemplate\":\"https:\\\/\\\/www.jootjeshaakcadeautjes.nl\\\/fr\\\/?s={search_term_string}\"},\"query-input\":{\"@type\":\"PropertyValueSpecification\",\"valueRequired\":true,\"valueName\":\"search_term_string\"}}],\"inLanguage\":\"fr-FR\"},{\"@type\":\"Organization\",\"@id\":\"https:\\\/\\\/www.jootjeshaakcadeautjes.nl\\\/fr\\\/#organization\",\"name\":\"Jootjes Haakcadeautjes\",\"url\":\"https:\\\/\\\/www.jootjeshaakcadeautjes.nl\\\/fr\\\/\",\"logo\":{\"@type\":\"ImageObject\",\"inLanguage\":\"fr-FR\",\"@id\":\"https:\\\/\\\/www.jootjeshaakcadeautjes.nl\\\/fr\\\/#\\\/schema\\\/logo\\\/image\\\/\",\"url\":\"https:\\\/\\\/jootjes-haakcadeautjes-media.s3.amazonaws.com\\\/wp-content\\\/uploads\\\/2023\\\/05\\\/Logo-rond.png\",\"contentUrl\":\"https:\\\/\\\/jootjes-haakcadeautjes-media.s3.amazonaws.com\\\/wp-content\\\/uploads\\\/2023\\\/05\\\/Logo-rond.png\",\"width\":1222,\"height\":1222,\"caption\":\"Jootjes Haakcadeautjes\"},\"image\":{\"@id\":\"https:\\\/\\\/www.jootjeshaakcadeautjes.nl\\\/fr\\\/#\\\/schema\\\/logo\\\/image\\\/\"}}]}<\/script>\n<meta property=\"product:price:amount\" content=\"0.50\" \/>\n<meta property=\"product:price:currency\" content=\"EUR\" \/>\n<meta property=\"og:availability\" content=\"instock\" \/>\n<meta property=\"product:availability\" content=\"instock\" \/>\n<meta property=\"product:retailer_item_id\" content=\"VHO-ZWA-015\" \/>\n<meta property=\"product:condition\" content=\"new\" \/>\n<!-- \/ Yoast SEO Premium plugin. -->","yoast_head_json":{"title":"Oeil de s\u00e9curit\u00e9 15 mm - Crochet et tricot - Jootjes Crochet presents","description":"\u0152il de s\u00e9curit\u00e9 15 mm noir pour peluches\/amigurumi au crochet et au tricot. Oeil de s\u00e9curit\u00e9 avec fermeture unique et solide. Ne se d\u00e9tache pas. Disponible en stock.","robots":{"index":"index","follow":"follow","max-snippet":"max-snippet:-1","max-image-preview":"max-image-preview:large","max-video-preview":"max-video-preview:-1"},"canonical":"https:\/\/www.jootjeshaakcadeautjes.nl\/fr\/produit\/yeux-de-securite-15-mm-paire-noire\/","og_locale":"fr_FR","og_type":"article","og_title":"Oeil de s\u00e9curit\u00e9 15 mm - Noir - par paire","og_description":"\u0152il de s\u00e9curit\u00e9 15 mm noir pour peluches\/amigurumi au crochet et au tricot. Oeil de s\u00e9curit\u00e9 avec fermeture unique et solide. Ne se d\u00e9tache pas. Disponible en stock.","og_url":"https:\/\/www.jootjeshaakcadeautjes.nl\/fr\/produit\/yeux-de-securite-15-mm-paire-noire\/","og_site_name":"Jootjes Haakcadeautjes","article_modified_time":"2025-09-02T10:04:45+00:00","twitter_card":"summary_large_image","twitter_misc":{"Prix":"&euro;0.50 TTC","Disponibilit\u00e9":"En stock"},"schema":{"@context":"https:\/\/schema.org","@graph":[{"@type":"WebPage","@id":"https:\/\/www.jootjeshaakcadeautjes.nl\/fr\/produit\/yeux-de-securite-15-mm-paire-noire\/","url":"https:\/\/www.jootjeshaakcadeautjes.nl\/fr\/produit\/yeux-de-securite-15-mm-paire-noire\/","name":"Oeil de s\u00e9curit\u00e9 15 mm - Crochet et tricot - Jootjes Crochet presents","isPartOf":{"@id":"https:\/\/www.jootjeshaakcadeautjes.nl\/fr\/#website"},"datePublished":"2016-04-22T12:10:42+00:00","dateModified":"2025-09-02T10:04:45+00:00","description":"\u0152il de s\u00e9curit\u00e9 15 mm noir pour peluches\/amigurumi au crochet et au tricot. Oeil de s\u00e9curit\u00e9 avec fermeture unique et solide. Ne se d\u00e9tache pas. Disponible en stock.","breadcrumb":{"@id":"https:\/\/www.jootjeshaakcadeautjes.nl\/fr\/produit\/yeux-de-securite-15-mm-paire-noire\/#breadcrumb"},"inLanguage":"fr-FR","potentialAction":[{"@type":"ReadAction","target":["https:\/\/www.jootjeshaakcadeautjes.nl\/fr\/produit\/yeux-de-securite-15-mm-paire-noire\/"]}]},{"@type":"BreadcrumbList","@id":"https:\/\/www.jootjeshaakcadeautjes.nl\/fr\/produit\/yeux-de-securite-15-mm-paire-noire\/#breadcrumb","itemListElement":[{"@type":"ListItem","position":1,"name":"Accueil","item":"https:\/\/www.jootjeshaakcadeautjes.nl\/fr\/"},{"@type":"ListItem","position":2,"name":"Commerce de gros de perles en silicone &#8211; Entreprises et consommateurs","item":"https:\/\/www.jootjeshaakcadeautjes.nl\/fr\/boutique\/"},{"@type":"ListItem","position":3,"name":"Oeil de s\u00e9curit\u00e9 15 mm &#8211; Noir &#8211; par paire"}]},{"@type":"WebSite","@id":"https:\/\/www.jootjeshaakcadeautjes.nl\/fr\/#website","url":"https:\/\/www.jootjeshaakcadeautjes.nl\/fr\/","name":"Jootjes Haakcadeautjes","description":"Grossiste en perles de silicone","publisher":{"@id":"https:\/\/www.jootjeshaakcadeautjes.nl\/fr\/#organization"},"potentialAction":[{"@type":"SearchAction","target":{"@type":"EntryPoint","urlTemplate":"https:\/\/www.jootjeshaakcadeautjes.nl\/fr\/?s={search_term_string}"},"query-input":{"@type":"PropertyValueSpecification","valueRequired":true,"valueName":"search_term_string"}}],"inLanguage":"fr-FR"},{"@type":"Organization","@id":"https:\/\/www.jootjeshaakcadeautjes.nl\/fr\/#organization","name":"Jootjes Haakcadeautjes","url":"https:\/\/www.jootjeshaakcadeautjes.nl\/fr\/","logo":{"@type":"ImageObject","inLanguage":"fr-FR","@id":"https:\/\/www.jootjeshaakcadeautjes.nl\/fr\/#\/schema\/logo\/image\/","url":"https:\/\/jootjes-haakcadeautjes-media.s3.amazonaws.com\/wp-content\/uploads\/2023\/05\/Logo-rond.png","contentUrl":"https:\/\/jootjes-haakcadeautjes-media.s3.amazonaws.com\/wp-content\/uploads\/2023\/05\/Logo-rond.png","width":1222,"height":1222,"caption":"Jootjes Haakcadeautjes"},"image":{"@id":"https:\/\/www.jootjeshaakcadeautjes.nl\/fr\/#\/schema\/logo\/image\/"}}]},"product_price_amount":"0.50","product_price_currency":"EUR","og_availability":"instock","product_availability":"instock","product_retailer_item_id":"VHO-ZWA-015","product_condition":"new"},"_links":{"self":[{"href":"https:\/\/www.jootjeshaakcadeautjes.nl\/fr\/wp-json\/wp\/v2\/product\/136484","targetHints":{"allow":["GET"]}}],"collection":[{"href":"https:\/\/www.jootjeshaakcadeautjes.nl\/fr\/wp-json\/wp\/v2\/product"}],"about":[{"href":"https:\/\/www.jootjeshaakcadeautjes.nl\/fr\/wp-json\/wp\/v2\/types\/product"}],"version-history":[{"count":0,"href":"https:\/\/www.jootjeshaakcadeautjes.nl\/fr\/wp-json\/wp\/v2\/product\/136484\/revisions"}],"wp:attachment":[{"href":"https:\/\/www.jootjeshaakcadeautjes.nl\/fr\/wp-json\/wp\/v2\/media?parent=136484"}],"wp:term":[{"taxonomy":"product_brand","embeddable":true,"href":"https:\/\/www.jootjeshaakcadeautjes.nl\/fr\/wp-json\/wp\/v2\/product_brand?post=136484"},{"taxonomy":"product_cat","embeddable":true,"href":"https:\/\/www.jootjeshaakcadeautjes.nl\/fr\/wp-json\/wp\/v2\/product_cat?post=136484"},{"taxonomy":"product_tag","embeddable":true,"href":"https:\/\/www.jootjeshaakcadeautjes.nl\/fr\/wp-json\/wp\/v2\/product_tag?post=136484"}],"curies":[{"name":"wp","href":"https:\/\/api.w.org\/{rel}","templated":true}]}}