{"id":136489,"date":"2015-09-15T21:51:14","date_gmt":"2015-09-15T19:51:14","guid":{"rendered":"https:\/\/www.jootjeshaakcadeautjes.nl\/product\/disques-a-cliquetis\/"},"modified":"2025-06-06T12:47:17","modified_gmt":"2025-06-06T10:47:17","slug":"disques-a-cliquetis","status":"publish","type":"product","link":"https:\/\/www.jootjeshaakcadeautjes.nl\/fr\/produit\/disques-a-cliquetis\/","title":{"rendered":"Disques hochets 22 mm, 16 mm par 5 pi\u00e8ces."},"content":{"rendered":"<h1>Vous souhaitez acheter des disques \u00e0 cliquetis ?<\/h1>\n<h4>\u00c0 quoi servent ces disques \u00e0 cliquetis ?<\/h4>\n<p>Les disques \u00e0 cliquetis sont en plastique et mesurent de 16 \u00e0 22 mm. Cette taille est id\u00e9ale pour les amigurumi\/jouets en peluche crochet\u00e9s ou les jouets pour b\u00e9b\u00e9s faits \u00e0 la main. Les disques de 16 mm et de 22 mm conviennent \u00e0 tous les amigurumi courants. Les deux disques de cliquetis sont faciles \u00e0 entendre. Les 16 mm n&#8217;ont qu&#8217;un son l\u00e9g\u00e8rement plus \u00e9lev\u00e9 en raison de leur taille. Ainsi, un disque de hochet s&#8217;int\u00e8gre parfaitement dans un petit amigurumi ou un mini-igurumi en raison de sa petite taille.<\/p>\n<p>En utilisant des disques hochets, vous transformez facilement votre belle peluche faite \u00e0 la main en hochet pour b\u00e9b\u00e9. Ce que vous avez peut-\u00eatre vu passer sur les pages d&#8217;inspiration, ce sont des peluches faites \u00e0 la main et attach\u00e9es \u00e0 un anneau de bois de 7 cm. Il s&#8217;agit de crocheter l&#8217;anneau et d&#8217;ajouter une t\u00eate de peluche au crochet. Dans cette t\u00eate, un hochet ou un couineur est souvent plac\u00e9 dans la garniture. De cette fa\u00e7on, vous pouvez fabriquer non seulement un anneau de dentition super mignon, mais aussi un hochet pour b\u00e9b\u00e9 unique en son genre \u00e0 partir de quelques mat\u00e9riaux seulement. Les disques hochets sont \u00e9galement un compl\u00e9ment amusant \u00e0 une salle de gymnastique pour b\u00e9b\u00e9s faite \u00e0 la main. Pour en savoir plus sur la cr\u00e9ation d&#8217;une salle de sport pour b\u00e9b\u00e9s, <a href=\"https:\/\/www.jootjeshaakcadeautjes.nl\/algemeen\/babygym-haken\/\">cliquez ici<\/a>.<\/p>\n<h4>S\u00e9curit\u00e9 et qualit\u00e9 de nos roues \u00e0 cr\u00e9maill\u00e8re<\/h4>\n<p>Un disque \u00e0 cliquetis ne peut pas s&#8217;ouvrir tout seul. Vous fabriquez une peluche faite \u00e0 la main pour un b\u00e9b\u00e9 ou un enfant en bas \u00e2ge ? Si c&#8217;est le cas, mettez toujours le rembourrage dans des collants et scellez-les. Cela emp\u00eache le rembourrage de sortir de la peluche et permet de ranger le disque du hochet en toute s\u00e9curit\u00e9. En outre, il est souvent pratique de crocheter une peluche en coton. Cela permet de r\u00e9duire le nombre de peluches et d&#8217;\u00e9viter que &#8220;le petit&#8221; ne mette des fibres dans sa bouche.<\/p>\n","protected":false},"excerpt":{"rendered":"<p>22 mm de diam\u00e8tre ou 16 mm de diam\u00e8tre.<\/p>\n<p>&nbsp;<\/p>\n","protected":false},"featured_media":234856,"template":"","meta":[],"product_brand":[],"product_cat":[12927,12308],"product_tag":[7665,7647,9983,10297,10340,14058,12377,7384,7401,12929,7396,14064,14056,14060,14062,12301,14067,12928,12321,7200,12862,13106],"class_list":{"0":"post-136489","1":"product","2":"type-product","3":"status-publish","4":"has-post-thumbnail","6":"product_cat-disques-hochets-perles-hochets-couineurs-feuilles-crepitantes-et-clochettes","7":"product_cat-materiel-de-bricolage-et-de-crochet","8":"product_tag-16-fr","9":"product_tag-16-mm-fr","10":"product_tag-16mm-fr","11":"product_tag-22-fr","12":"product_tag-22-mm-fr","13":"product_tag-22mm-fr","14":"product_tag-amigurumi-fr","15":"product_tag-anneau-de-dentition","16":"product_tag-bebe","17":"product_tag-bourrelet-de-crecelle","18":"product_tag-cadeau-fr","19":"product_tag-disque-a-cliquetis","20":"product_tag-disques-a-cliquetis","21":"product_tag-disques-a-cliquetis-fr","22":"product_tag-disques-dhochet-petits","23":"product_tag-hochet","24":"product_tag-hochet-fr-3","25":"product_tag-hochet-fr-2","26":"product_tag-hochet-fr","27":"product_tag-perles","28":"product_tag-present-fr","29":"product_tag-tranches","31":"first","32":"instock","33":"taxable","34":"shipping-taxable","35":"purchasable","36":"product-type-variable"},"bundled_by":[],"bundle_stock_status":"instock","bundle_stock_quantity":null,"bundle_virtual":false,"bundle_layout":"","bundle_add_to_cart_form_location":"","bundle_editable_in_cart":false,"bundle_sold_individually_context":"","bundle_item_grouping":"","bundle_min_size":"","bundle_max_size":"","bundle_price":[],"bundled_items":[],"bundle_sell_ids":[],"yoast_head":"<!-- This site is optimized with the Yoast SEO Premium plugin v27.6 (Yoast SEO v27.6) - https:\/\/yoast.com\/product\/yoast-seo-premium-wordpress\/ -->\n<title>Disques \u00e0 cliquet | 22 mm et 16 mm | -Jootjes Haakcadeautjes%%%.<\/title>\n<meta name=\"description\" content=\"Besoin de disques de protection contre les cliquetis ? Chez JootjesHaakcadeautjes.nl, les disques \u00e0 hochet sont disponibles par disque \u00e0 hochet ou par combinaison avantageuse de 5 disques \u00e0 hochet.\" \/>\n<meta name=\"robots\" content=\"index, follow, max-snippet:-1, max-image-preview:large, max-video-preview:-1\" \/>\n<link rel=\"canonical\" href=\"https:\/\/www.jootjeshaakcadeautjes.nl\/fr\/produit\/disques-a-cliquetis\/\" \/>\n<meta property=\"og:locale\" content=\"fr_FR\" \/>\n<meta property=\"og:type\" content=\"article\" \/>\n<meta property=\"og:title\" content=\"Disques hochets 22 mm, 16 mm par 5 pi\u00e8ces.\" \/>\n<meta property=\"og:description\" content=\"Besoin de disques de protection contre les cliquetis ? Chez JootjesHaakcadeautjes.nl, les disques \u00e0 hochet sont disponibles par disque \u00e0 hochet ou par combinaison avantageuse de 5 disques \u00e0 hochet.\" \/>\n<meta property=\"og:url\" content=\"https:\/\/www.jootjeshaakcadeautjes.nl\/fr\/produit\/disques-a-cliquetis\/\" \/>\n<meta property=\"og:site_name\" content=\"Jootjes Haakcadeautjes\" \/>\n<meta property=\"article:modified_time\" content=\"2025-06-06T10:47:17+00:00\" \/>\n<meta property=\"og:image\" content=\"https:\/\/www.jootjeshaakcadeautjes.nl\/wp-content\/uploads\/2025\/06\/Naamloos-1510.webp\" \/>\n\t<meta property=\"og:image:width\" content=\"2048\" \/>\n\t<meta property=\"og:image:height\" content=\"2048\" \/>\n\t<meta property=\"og:image:type\" content=\"image\/webp\" \/>\n<meta name=\"twitter:card\" content=\"summary_large_image\" \/>\n<meta name=\"twitter:label1\" content=\"Disponibilit\u00e9\" \/>\n\t<meta name=\"twitter:data1\" content=\"En stock\" \/>\n<script type=\"application\/ld+json\" class=\"yoast-schema-graph\">{\"@context\":\"https:\\\/\\\/schema.org\",\"@graph\":[{\"@type\":\"WebPage\",\"@id\":\"https:\\\/\\\/www.jootjeshaakcadeautjes.nl\\\/fr\\\/produit\\\/disques-a-cliquetis\\\/\",\"url\":\"https:\\\/\\\/www.jootjeshaakcadeautjes.nl\\\/fr\\\/produit\\\/disques-a-cliquetis\\\/\",\"name\":\"Disques \u00e0 cliquet | 22 mm et 16 mm | -Jootjes Haakcadeautjes%%%.\",\"isPartOf\":{\"@id\":\"https:\\\/\\\/www.jootjeshaakcadeautjes.nl\\\/fr\\\/#website\"},\"primaryImageOfPage\":{\"@id\":\"https:\\\/\\\/www.jootjeshaakcadeautjes.nl\\\/fr\\\/produit\\\/disques-a-cliquetis\\\/#primaryimage\"},\"image\":{\"@id\":\"https:\\\/\\\/www.jootjeshaakcadeautjes.nl\\\/fr\\\/produit\\\/disques-a-cliquetis\\\/#primaryimage\"},\"thumbnailUrl\":\"https:\\\/\\\/d1dyryakdmle7o.cloudfront.net\\\/wp-content\\\/uploads\\\/2025\\\/06\\\/Naamloos-1510.webp\",\"datePublished\":\"2015-09-15T19:51:14+00:00\",\"dateModified\":\"2025-06-06T10:47:17+00:00\",\"description\":\"Besoin de disques de protection contre les cliquetis ? Chez JootjesHaakcadeautjes.nl, les disques \u00e0 hochet sont disponibles par disque \u00e0 hochet ou par combinaison avantageuse de 5 disques \u00e0 hochet.\",\"breadcrumb\":{\"@id\":\"https:\\\/\\\/www.jootjeshaakcadeautjes.nl\\\/fr\\\/produit\\\/disques-a-cliquetis\\\/#breadcrumb\"},\"inLanguage\":\"fr-FR\",\"potentialAction\":[{\"@type\":\"ReadAction\",\"target\":[\"https:\\\/\\\/www.jootjeshaakcadeautjes.nl\\\/fr\\\/produit\\\/disques-a-cliquetis\\\/\"]}]},{\"@type\":\"ImageObject\",\"inLanguage\":\"fr-FR\",\"@id\":\"https:\\\/\\\/www.jootjeshaakcadeautjes.nl\\\/fr\\\/produit\\\/disques-a-cliquetis\\\/#primaryimage\",\"url\":\"https:\\\/\\\/d1dyryakdmle7o.cloudfront.net\\\/wp-content\\\/uploads\\\/2025\\\/06\\\/Naamloos-1510.webp\",\"contentUrl\":\"https:\\\/\\\/d1dyryakdmle7o.cloudfront.net\\\/wp-content\\\/uploads\\\/2025\\\/06\\\/Naamloos-1510.webp\",\"width\":2048,\"height\":2048},{\"@type\":\"BreadcrumbList\",\"@id\":\"https:\\\/\\\/www.jootjeshaakcadeautjes.nl\\\/fr\\\/produit\\\/disques-a-cliquetis\\\/#breadcrumb\",\"itemListElement\":[{\"@type\":\"ListItem\",\"position\":1,\"name\":\"Accueil\",\"item\":\"https:\\\/\\\/www.jootjeshaakcadeautjes.nl\\\/fr\\\/\"},{\"@type\":\"ListItem\",\"position\":2,\"name\":\"Commerce de gros de perles en silicone &#8211; Entreprises et consommateurs\",\"item\":\"https:\\\/\\\/www.jootjeshaakcadeautjes.nl\\\/fr\\\/boutique\\\/\"},{\"@type\":\"ListItem\",\"position\":3,\"name\":\"Disques hochets 22 mm, 16 mm par 5 pi\u00e8ces.\"}]},{\"@type\":\"WebSite\",\"@id\":\"https:\\\/\\\/www.jootjeshaakcadeautjes.nl\\\/fr\\\/#website\",\"url\":\"https:\\\/\\\/www.jootjeshaakcadeautjes.nl\\\/fr\\\/\",\"name\":\"Jootjes Haakcadeautjes\",\"description\":\"Grossiste en perles de silicone\",\"publisher\":{\"@id\":\"https:\\\/\\\/www.jootjeshaakcadeautjes.nl\\\/fr\\\/#organization\"},\"potentialAction\":[{\"@type\":\"SearchAction\",\"target\":{\"@type\":\"EntryPoint\",\"urlTemplate\":\"https:\\\/\\\/www.jootjeshaakcadeautjes.nl\\\/fr\\\/?s={search_term_string}\"},\"query-input\":{\"@type\":\"PropertyValueSpecification\",\"valueRequired\":true,\"valueName\":\"search_term_string\"}}],\"inLanguage\":\"fr-FR\"},{\"@type\":\"Organization\",\"@id\":\"https:\\\/\\\/www.jootjeshaakcadeautjes.nl\\\/fr\\\/#organization\",\"name\":\"Jootjes Haakcadeautjes\",\"url\":\"https:\\\/\\\/www.jootjeshaakcadeautjes.nl\\\/fr\\\/\",\"logo\":{\"@type\":\"ImageObject\",\"inLanguage\":\"fr-FR\",\"@id\":\"https:\\\/\\\/www.jootjeshaakcadeautjes.nl\\\/fr\\\/#\\\/schema\\\/logo\\\/image\\\/\",\"url\":\"https:\\\/\\\/d1dyryakdmle7o.cloudfront.net\\\/wp-content\\\/uploads\\\/2023\\\/05\\\/Logo-rond.png\",\"contentUrl\":\"https:\\\/\\\/d1dyryakdmle7o.cloudfront.net\\\/wp-content\\\/uploads\\\/2023\\\/05\\\/Logo-rond.png\",\"width\":1222,\"height\":1222,\"caption\":\"Jootjes Haakcadeautjes\"},\"image\":{\"@id\":\"https:\\\/\\\/www.jootjeshaakcadeautjes.nl\\\/fr\\\/#\\\/schema\\\/logo\\\/image\\\/\"}}]}<\/script>\n<meta property=\"og:availability\" content=\"instock\" \/>\n<meta property=\"product:availability\" content=\"instock\" \/>\n<meta property=\"product:retailer_item_id\" content=\"RAM-SCH\" \/>\n<meta property=\"product:condition\" content=\"new\" \/>\n<!-- \/ Yoast SEO Premium plugin. -->","yoast_head_json":{"title":"Disques \u00e0 cliquet | 22 mm et 16 mm | -Jootjes Haakcadeautjes%%%.","description":"Besoin de disques de protection contre les cliquetis ? Chez JootjesHaakcadeautjes.nl, les disques \u00e0 hochet sont disponibles par disque \u00e0 hochet ou par combinaison avantageuse de 5 disques \u00e0 hochet.","robots":{"index":"index","follow":"follow","max-snippet":"max-snippet:-1","max-image-preview":"max-image-preview:large","max-video-preview":"max-video-preview:-1"},"canonical":"https:\/\/www.jootjeshaakcadeautjes.nl\/fr\/produit\/disques-a-cliquetis\/","og_locale":"fr_FR","og_type":"article","og_title":"Disques hochets 22 mm, 16 mm par 5 pi\u00e8ces.","og_description":"Besoin de disques de protection contre les cliquetis ? Chez JootjesHaakcadeautjes.nl, les disques \u00e0 hochet sont disponibles par disque \u00e0 hochet ou par combinaison avantageuse de 5 disques \u00e0 hochet.","og_url":"https:\/\/www.jootjeshaakcadeautjes.nl\/fr\/produit\/disques-a-cliquetis\/","og_site_name":"Jootjes Haakcadeautjes","article_modified_time":"2025-06-06T10:47:17+00:00","og_image":[{"width":2048,"height":2048,"url":"https:\/\/www.jootjeshaakcadeautjes.nl\/wp-content\/uploads\/2025\/06\/Naamloos-1510.webp","type":"image\/webp"}],"twitter_card":"summary_large_image","twitter_misc":{"Disponibilit\u00e9":"En stock"},"schema":{"@context":"https:\/\/schema.org","@graph":[{"@type":"WebPage","@id":"https:\/\/www.jootjeshaakcadeautjes.nl\/fr\/produit\/disques-a-cliquetis\/","url":"https:\/\/www.jootjeshaakcadeautjes.nl\/fr\/produit\/disques-a-cliquetis\/","name":"Disques \u00e0 cliquet | 22 mm et 16 mm | -Jootjes Haakcadeautjes%%%.","isPartOf":{"@id":"https:\/\/www.jootjeshaakcadeautjes.nl\/fr\/#website"},"primaryImageOfPage":{"@id":"https:\/\/www.jootjeshaakcadeautjes.nl\/fr\/produit\/disques-a-cliquetis\/#primaryimage"},"image":{"@id":"https:\/\/www.jootjeshaakcadeautjes.nl\/fr\/produit\/disques-a-cliquetis\/#primaryimage"},"thumbnailUrl":"https:\/\/d1dyryakdmle7o.cloudfront.net\/wp-content\/uploads\/2025\/06\/Naamloos-1510.webp","datePublished":"2015-09-15T19:51:14+00:00","dateModified":"2025-06-06T10:47:17+00:00","description":"Besoin de disques de protection contre les cliquetis ? Chez JootjesHaakcadeautjes.nl, les disques \u00e0 hochet sont disponibles par disque \u00e0 hochet ou par combinaison avantageuse de 5 disques \u00e0 hochet.","breadcrumb":{"@id":"https:\/\/www.jootjeshaakcadeautjes.nl\/fr\/produit\/disques-a-cliquetis\/#breadcrumb"},"inLanguage":"fr-FR","potentialAction":[{"@type":"ReadAction","target":["https:\/\/www.jootjeshaakcadeautjes.nl\/fr\/produit\/disques-a-cliquetis\/"]}]},{"@type":"ImageObject","inLanguage":"fr-FR","@id":"https:\/\/www.jootjeshaakcadeautjes.nl\/fr\/produit\/disques-a-cliquetis\/#primaryimage","url":"https:\/\/d1dyryakdmle7o.cloudfront.net\/wp-content\/uploads\/2025\/06\/Naamloos-1510.webp","contentUrl":"https:\/\/d1dyryakdmle7o.cloudfront.net\/wp-content\/uploads\/2025\/06\/Naamloos-1510.webp","width":2048,"height":2048},{"@type":"BreadcrumbList","@id":"https:\/\/www.jootjeshaakcadeautjes.nl\/fr\/produit\/disques-a-cliquetis\/#breadcrumb","itemListElement":[{"@type":"ListItem","position":1,"name":"Accueil","item":"https:\/\/www.jootjeshaakcadeautjes.nl\/fr\/"},{"@type":"ListItem","position":2,"name":"Commerce de gros de perles en silicone &#8211; Entreprises et consommateurs","item":"https:\/\/www.jootjeshaakcadeautjes.nl\/fr\/boutique\/"},{"@type":"ListItem","position":3,"name":"Disques hochets 22 mm, 16 mm par 5 pi\u00e8ces."}]},{"@type":"WebSite","@id":"https:\/\/www.jootjeshaakcadeautjes.nl\/fr\/#website","url":"https:\/\/www.jootjeshaakcadeautjes.nl\/fr\/","name":"Jootjes Haakcadeautjes","description":"Grossiste en perles de silicone","publisher":{"@id":"https:\/\/www.jootjeshaakcadeautjes.nl\/fr\/#organization"},"potentialAction":[{"@type":"SearchAction","target":{"@type":"EntryPoint","urlTemplate":"https:\/\/www.jootjeshaakcadeautjes.nl\/fr\/?s={search_term_string}"},"query-input":{"@type":"PropertyValueSpecification","valueRequired":true,"valueName":"search_term_string"}}],"inLanguage":"fr-FR"},{"@type":"Organization","@id":"https:\/\/www.jootjeshaakcadeautjes.nl\/fr\/#organization","name":"Jootjes Haakcadeautjes","url":"https:\/\/www.jootjeshaakcadeautjes.nl\/fr\/","logo":{"@type":"ImageObject","inLanguage":"fr-FR","@id":"https:\/\/www.jootjeshaakcadeautjes.nl\/fr\/#\/schema\/logo\/image\/","url":"https:\/\/d1dyryakdmle7o.cloudfront.net\/wp-content\/uploads\/2023\/05\/Logo-rond.png","contentUrl":"https:\/\/d1dyryakdmle7o.cloudfront.net\/wp-content\/uploads\/2023\/05\/Logo-rond.png","width":1222,"height":1222,"caption":"Jootjes Haakcadeautjes"},"image":{"@id":"https:\/\/www.jootjeshaakcadeautjes.nl\/fr\/#\/schema\/logo\/image\/"}}]},"og_availability":"instock","product_availability":"instock","product_retailer_item_id":"RAM-SCH","product_condition":"new"},"_links":{"self":[{"href":"https:\/\/www.jootjeshaakcadeautjes.nl\/fr\/wp-json\/wp\/v2\/product\/136489","targetHints":{"allow":["GET"]}}],"collection":[{"href":"https:\/\/www.jootjeshaakcadeautjes.nl\/fr\/wp-json\/wp\/v2\/product"}],"about":[{"href":"https:\/\/www.jootjeshaakcadeautjes.nl\/fr\/wp-json\/wp\/v2\/types\/product"}],"version-history":[{"count":0,"href":"https:\/\/www.jootjeshaakcadeautjes.nl\/fr\/wp-json\/wp\/v2\/product\/136489\/revisions"}],"wp:featuredmedia":[{"embeddable":true,"href":"https:\/\/www.jootjeshaakcadeautjes.nl\/fr\/wp-json\/wp\/v2\/media\/234856"}],"wp:attachment":[{"href":"https:\/\/www.jootjeshaakcadeautjes.nl\/fr\/wp-json\/wp\/v2\/media?parent=136489"}],"wp:term":[{"taxonomy":"product_brand","embeddable":true,"href":"https:\/\/www.jootjeshaakcadeautjes.nl\/fr\/wp-json\/wp\/v2\/product_brand?post=136489"},{"taxonomy":"product_cat","embeddable":true,"href":"https:\/\/www.jootjeshaakcadeautjes.nl\/fr\/wp-json\/wp\/v2\/product_cat?post=136489"},{"taxonomy":"product_tag","embeddable":true,"href":"https:\/\/www.jootjeshaakcadeautjes.nl\/fr\/wp-json\/wp\/v2\/product_tag?post=136489"}],"curies":[{"name":"wp","href":"https:\/\/api.w.org\/{rel}","templated":true}]}}