{"id":136490,"date":"2016-04-17T13:05:03","date_gmt":"2016-04-17T11:05:03","guid":{"rendered":"https:\/\/www.jootjeshaakcadeautjes.nl\/product\/marqueurs-de-points-metal-20-pieces\/"},"modified":"2025-03-11T02:43:22","modified_gmt":"2025-03-11T01:43:22","slug":"marqueurs-de-points-metal-20-pieces","status":"publish","type":"product","link":"https:\/\/www.jootjeshaakcadeautjes.nl\/fr\/produit\/marqueurs-de-points-metal-20-pieces\/","title":{"rendered":"Marqueurs de points en m\u00e9tal (\u00e9pingle \u00e0 nourrice) (20 pi\u00e8ces)"},"content":{"rendered":"<p>Marqueurs de points m\u00e9talliques bien ajust\u00e9s en mod\u00e8le \u00e9pingle \u00e0 nourrice avec grand arrondi.<br \/>\nParfait pour les marqueurs de points. Ne pas se d\u00e9tacher et ne pas laisser de trou dans l&#8217;ouvrage !<br \/>\nIndispensable pour r\u00e9aliser des peluches ou des amigurumi !<\/p>\n<p>Nous proposons \u00e9galement des <a href=\"https:\/\/www.jootjeshaakcadeautjes.nl\/fr\/produit\/marqueurs-de-points\/\" target=\"_blank\" rel=\"noopener noreferrer\">marqueurs de points en plastique<\/a> de bonne qualit\u00e9 dans des couleurs vives qui attirent l&#8217;attention.<\/p>\n<p>\u00c9galement disponible avec un pendentif :<\/p>\n<ul>\n<li><a href=\"https:\/\/www.jootjeshaakcadeautjes.nl\/fr\/produit\/marqueur-de-point-pendant-trefle-quatre\/\">Pendentif marqueur en forme de tr\u00e8fle \u00e0 quatre feuilles<\/a><\/li>\n<li><a href=\"https:\/\/www.jootjeshaakcadeautjes.nl\/fr\/produit\/marqueur-de-point-pendentif-coeur\/\">Marqueurs de point pendentif coeur<\/a><\/li>\n<li><a href=\"https:\/\/www.jootjeshaakcadeautjes.nl\/fr\/produit\/marqueur-de-point-pendentif-hibou\/\">Marqueur b\u00e2ton pendentif hibou<\/a><\/li>\n<li><a href=\"https:\/\/www.jootjeshaakcadeautjes.nl\/fr\/produit\/marqueur-de-point-pendentif-fleur\/\">Marqueurs de points fleurs pendantes<\/a><\/li>\n<\/ul>\n<p>&nbsp;<\/p>\n<p>&nbsp;<\/p>\n","protected":false},"excerpt":{"rendered":"<p>Mod\u00e8le d&#8217;\u00e9pingle \u00e0 nourrice en m\u00e9tal.<br \/>\nPointe fine et \u00e9troite. Cela ne laissera pas de trous dans le travail de crochet.<br \/>\nId\u00e9al pour les amigurumi ou les travaux de crochet en fil fin.<\/p>\n<p>Par 20 pi\u00e8ces.<\/p>\n<p>&nbsp;<\/p>\n","protected":false},"featured_media":0,"template":"","meta":[],"product_brand":[],"product_cat":[13876,12308],"product_tag":[14065,13877,13880,14063,12314,14068],"class_list":{"0":"post-136490","1":"product","2":"type-product","3":"status-publish","5":"product_cat-marqueurs-et-compteurs-de-revolution","6":"product_cat-materiel-de-bricolage-et-de-crochet","7":"product_tag-20-unites","8":"product_tag-goupille-de-securite","9":"product_tag-marqueur-de-point","10":"product_tag-marqueurs-de-point","11":"product_tag-metal-fr","12":"product_tag-sans-pendentif","14":"first","15":"instock","16":"taxable","17":"shipping-taxable","18":"purchasable","19":"product-type-simple"},"bundled_by":[],"bundle_stock_status":"instock","bundle_stock_quantity":50,"bundle_virtual":false,"bundle_layout":"","bundle_add_to_cart_form_location":"","bundle_editable_in_cart":false,"bundle_sold_individually_context":"","bundle_item_grouping":"","bundle_min_size":"","bundle_max_size":"","bundle_price":[],"bundled_items":[],"bundle_sell_ids":[],"yoast_head":"<!-- This site is optimized with the Yoast SEO Premium plugin v27.6 (Yoast SEO v27.6) - https:\/\/yoast.com\/product\/yoast-seo-premium-wordpress\/ -->\n<title>Marqueurs de points en m\u00e9tal (\u00e9pingle \u00e0 nourrice) (20 pi\u00e8ces) - JH.co.uk<\/title>\n<meta name=\"description\" content=\"Le marqueur de point mod\u00e8le m\u00e9tal \u00e9pingle \u00e0 nourrice ne laisse pas de trou dans l&#039;ouvrage. Le marqueur de point parfait pour les amigurumi ou les travaux de crochet en fil fin.\" \/>\n<meta name=\"robots\" content=\"index, follow, max-snippet:-1, max-image-preview:large, max-video-preview:-1\" \/>\n<link rel=\"canonical\" href=\"https:\/\/www.jootjeshaakcadeautjes.nl\/fr\/produit\/marqueurs-de-points-metal-20-pieces\/\" \/>\n<meta property=\"og:locale\" content=\"fr_FR\" \/>\n<meta property=\"og:type\" content=\"article\" \/>\n<meta property=\"og:title\" content=\"Marqueurs de points en m\u00e9tal (\u00e9pingle \u00e0 nourrice) (20 pi\u00e8ces)\" \/>\n<meta property=\"og:description\" content=\"Le marqueur de point mod\u00e8le m\u00e9tal \u00e9pingle \u00e0 nourrice ne laisse pas de trou dans l&#039;ouvrage. Le marqueur de point parfait pour les amigurumi ou les travaux de crochet en fil fin.\" \/>\n<meta property=\"og:url\" content=\"https:\/\/www.jootjeshaakcadeautjes.nl\/fr\/produit\/marqueurs-de-points-metal-20-pieces\/\" \/>\n<meta property=\"og:site_name\" content=\"Jootjes Haakcadeautjes\" \/>\n<meta property=\"article:modified_time\" content=\"2025-03-11T01:43:22+00:00\" \/>\n<meta name=\"twitter:card\" content=\"summary_large_image\" \/>\n<meta name=\"twitter:label1\" content=\"Prix\" \/>\n\t<meta name=\"twitter:data1\" content=\"&euro;0.85 TTC\" \/>\n\t<meta name=\"twitter:label2\" content=\"Disponibilit\u00e9\" \/>\n\t<meta name=\"twitter:data2\" content=\"En stock\" \/>\n<script type=\"application\/ld+json\" class=\"yoast-schema-graph\">{\"@context\":\"https:\\\/\\\/schema.org\",\"@graph\":[{\"@type\":\"WebPage\",\"@id\":\"https:\\\/\\\/www.jootjeshaakcadeautjes.nl\\\/fr\\\/produit\\\/marqueurs-de-points-metal-20-pieces\\\/\",\"url\":\"https:\\\/\\\/www.jootjeshaakcadeautjes.nl\\\/fr\\\/produit\\\/marqueurs-de-points-metal-20-pieces\\\/\",\"name\":\"Marqueurs de points en m\u00e9tal (\u00e9pingle \u00e0 nourrice) (20 pi\u00e8ces) - JH.co.uk\",\"isPartOf\":{\"@id\":\"https:\\\/\\\/www.jootjeshaakcadeautjes.nl\\\/fr\\\/#website\"},\"datePublished\":\"2016-04-17T11:05:03+00:00\",\"dateModified\":\"2025-03-11T01:43:22+00:00\",\"description\":\"Le marqueur de point mod\u00e8le m\u00e9tal \u00e9pingle \u00e0 nourrice ne laisse pas de trou dans l'ouvrage. Le marqueur de point parfait pour les amigurumi ou les travaux de crochet en fil fin.\",\"breadcrumb\":{\"@id\":\"https:\\\/\\\/www.jootjeshaakcadeautjes.nl\\\/fr\\\/produit\\\/marqueurs-de-points-metal-20-pieces\\\/#breadcrumb\"},\"inLanguage\":\"fr-FR\",\"potentialAction\":[{\"@type\":\"ReadAction\",\"target\":[\"https:\\\/\\\/www.jootjeshaakcadeautjes.nl\\\/fr\\\/produit\\\/marqueurs-de-points-metal-20-pieces\\\/\"]}]},{\"@type\":\"BreadcrumbList\",\"@id\":\"https:\\\/\\\/www.jootjeshaakcadeautjes.nl\\\/fr\\\/produit\\\/marqueurs-de-points-metal-20-pieces\\\/#breadcrumb\",\"itemListElement\":[{\"@type\":\"ListItem\",\"position\":1,\"name\":\"Accueil\",\"item\":\"https:\\\/\\\/www.jootjeshaakcadeautjes.nl\\\/fr\\\/\"},{\"@type\":\"ListItem\",\"position\":2,\"name\":\"Commerce de gros de perles en silicone &#8211; Entreprises et consommateurs\",\"item\":\"https:\\\/\\\/www.jootjeshaakcadeautjes.nl\\\/fr\\\/boutique\\\/\"},{\"@type\":\"ListItem\",\"position\":3,\"name\":\"Marqueurs de points en m\u00e9tal (\u00e9pingle \u00e0 nourrice) (20 pi\u00e8ces)\"}]},{\"@type\":\"WebSite\",\"@id\":\"https:\\\/\\\/www.jootjeshaakcadeautjes.nl\\\/fr\\\/#website\",\"url\":\"https:\\\/\\\/www.jootjeshaakcadeautjes.nl\\\/fr\\\/\",\"name\":\"Jootjes Haakcadeautjes\",\"description\":\"Grossiste en perles de silicone\",\"publisher\":{\"@id\":\"https:\\\/\\\/www.jootjeshaakcadeautjes.nl\\\/fr\\\/#organization\"},\"potentialAction\":[{\"@type\":\"SearchAction\",\"target\":{\"@type\":\"EntryPoint\",\"urlTemplate\":\"https:\\\/\\\/www.jootjeshaakcadeautjes.nl\\\/fr\\\/?s={search_term_string}\"},\"query-input\":{\"@type\":\"PropertyValueSpecification\",\"valueRequired\":true,\"valueName\":\"search_term_string\"}}],\"inLanguage\":\"fr-FR\"},{\"@type\":\"Organization\",\"@id\":\"https:\\\/\\\/www.jootjeshaakcadeautjes.nl\\\/fr\\\/#organization\",\"name\":\"Jootjes Haakcadeautjes\",\"url\":\"https:\\\/\\\/www.jootjeshaakcadeautjes.nl\\\/fr\\\/\",\"logo\":{\"@type\":\"ImageObject\",\"inLanguage\":\"fr-FR\",\"@id\":\"https:\\\/\\\/www.jootjeshaakcadeautjes.nl\\\/fr\\\/#\\\/schema\\\/logo\\\/image\\\/\",\"url\":\"https:\\\/\\\/d1dyryakdmle7o.cloudfront.net\\\/wp-content\\\/uploads\\\/2023\\\/05\\\/Logo-rond.png\",\"contentUrl\":\"https:\\\/\\\/d1dyryakdmle7o.cloudfront.net\\\/wp-content\\\/uploads\\\/2023\\\/05\\\/Logo-rond.png\",\"width\":1222,\"height\":1222,\"caption\":\"Jootjes Haakcadeautjes\"},\"image\":{\"@id\":\"https:\\\/\\\/www.jootjeshaakcadeautjes.nl\\\/fr\\\/#\\\/schema\\\/logo\\\/image\\\/\"}}]}<\/script>\n<meta property=\"product:price:amount\" content=\"0.85\" \/>\n<meta property=\"product:price:currency\" content=\"EUR\" \/>\n<meta property=\"og:availability\" content=\"instock\" \/>\n<meta property=\"product:availability\" content=\"instock\" \/>\n<meta property=\"product:retailer_item_id\" content=\"STM-MET-020\" \/>\n<meta property=\"product:condition\" content=\"new\" \/>\n<!-- \/ Yoast SEO Premium plugin. -->","yoast_head_json":{"title":"Marqueurs de points en m\u00e9tal (\u00e9pingle \u00e0 nourrice) (20 pi\u00e8ces) - JH.co.uk","description":"Le marqueur de point mod\u00e8le m\u00e9tal \u00e9pingle \u00e0 nourrice ne laisse pas de trou dans l'ouvrage. Le marqueur de point parfait pour les amigurumi ou les travaux de crochet en fil fin.","robots":{"index":"index","follow":"follow","max-snippet":"max-snippet:-1","max-image-preview":"max-image-preview:large","max-video-preview":"max-video-preview:-1"},"canonical":"https:\/\/www.jootjeshaakcadeautjes.nl\/fr\/produit\/marqueurs-de-points-metal-20-pieces\/","og_locale":"fr_FR","og_type":"article","og_title":"Marqueurs de points en m\u00e9tal (\u00e9pingle \u00e0 nourrice) (20 pi\u00e8ces)","og_description":"Le marqueur de point mod\u00e8le m\u00e9tal \u00e9pingle \u00e0 nourrice ne laisse pas de trou dans l'ouvrage. Le marqueur de point parfait pour les amigurumi ou les travaux de crochet en fil fin.","og_url":"https:\/\/www.jootjeshaakcadeautjes.nl\/fr\/produit\/marqueurs-de-points-metal-20-pieces\/","og_site_name":"Jootjes Haakcadeautjes","article_modified_time":"2025-03-11T01:43:22+00:00","twitter_card":"summary_large_image","twitter_misc":{"Prix":"&euro;0.85 TTC","Disponibilit\u00e9":"En stock"},"schema":{"@context":"https:\/\/schema.org","@graph":[{"@type":"WebPage","@id":"https:\/\/www.jootjeshaakcadeautjes.nl\/fr\/produit\/marqueurs-de-points-metal-20-pieces\/","url":"https:\/\/www.jootjeshaakcadeautjes.nl\/fr\/produit\/marqueurs-de-points-metal-20-pieces\/","name":"Marqueurs de points en m\u00e9tal (\u00e9pingle \u00e0 nourrice) (20 pi\u00e8ces) - JH.co.uk","isPartOf":{"@id":"https:\/\/www.jootjeshaakcadeautjes.nl\/fr\/#website"},"datePublished":"2016-04-17T11:05:03+00:00","dateModified":"2025-03-11T01:43:22+00:00","description":"Le marqueur de point mod\u00e8le m\u00e9tal \u00e9pingle \u00e0 nourrice ne laisse pas de trou dans l'ouvrage. Le marqueur de point parfait pour les amigurumi ou les travaux de crochet en fil fin.","breadcrumb":{"@id":"https:\/\/www.jootjeshaakcadeautjes.nl\/fr\/produit\/marqueurs-de-points-metal-20-pieces\/#breadcrumb"},"inLanguage":"fr-FR","potentialAction":[{"@type":"ReadAction","target":["https:\/\/www.jootjeshaakcadeautjes.nl\/fr\/produit\/marqueurs-de-points-metal-20-pieces\/"]}]},{"@type":"BreadcrumbList","@id":"https:\/\/www.jootjeshaakcadeautjes.nl\/fr\/produit\/marqueurs-de-points-metal-20-pieces\/#breadcrumb","itemListElement":[{"@type":"ListItem","position":1,"name":"Accueil","item":"https:\/\/www.jootjeshaakcadeautjes.nl\/fr\/"},{"@type":"ListItem","position":2,"name":"Commerce de gros de perles en silicone &#8211; Entreprises et consommateurs","item":"https:\/\/www.jootjeshaakcadeautjes.nl\/fr\/boutique\/"},{"@type":"ListItem","position":3,"name":"Marqueurs de points en m\u00e9tal (\u00e9pingle \u00e0 nourrice) (20 pi\u00e8ces)"}]},{"@type":"WebSite","@id":"https:\/\/www.jootjeshaakcadeautjes.nl\/fr\/#website","url":"https:\/\/www.jootjeshaakcadeautjes.nl\/fr\/","name":"Jootjes Haakcadeautjes","description":"Grossiste en perles de silicone","publisher":{"@id":"https:\/\/www.jootjeshaakcadeautjes.nl\/fr\/#organization"},"potentialAction":[{"@type":"SearchAction","target":{"@type":"EntryPoint","urlTemplate":"https:\/\/www.jootjeshaakcadeautjes.nl\/fr\/?s={search_term_string}"},"query-input":{"@type":"PropertyValueSpecification","valueRequired":true,"valueName":"search_term_string"}}],"inLanguage":"fr-FR"},{"@type":"Organization","@id":"https:\/\/www.jootjeshaakcadeautjes.nl\/fr\/#organization","name":"Jootjes Haakcadeautjes","url":"https:\/\/www.jootjeshaakcadeautjes.nl\/fr\/","logo":{"@type":"ImageObject","inLanguage":"fr-FR","@id":"https:\/\/www.jootjeshaakcadeautjes.nl\/fr\/#\/schema\/logo\/image\/","url":"https:\/\/d1dyryakdmle7o.cloudfront.net\/wp-content\/uploads\/2023\/05\/Logo-rond.png","contentUrl":"https:\/\/d1dyryakdmle7o.cloudfront.net\/wp-content\/uploads\/2023\/05\/Logo-rond.png","width":1222,"height":1222,"caption":"Jootjes Haakcadeautjes"},"image":{"@id":"https:\/\/www.jootjeshaakcadeautjes.nl\/fr\/#\/schema\/logo\/image\/"}}]},"product_price_amount":"0.85","product_price_currency":"EUR","og_availability":"instock","product_availability":"instock","product_retailer_item_id":"STM-MET-020","product_condition":"new"},"_links":{"self":[{"href":"https:\/\/www.jootjeshaakcadeautjes.nl\/fr\/wp-json\/wp\/v2\/product\/136490","targetHints":{"allow":["GET"]}}],"collection":[{"href":"https:\/\/www.jootjeshaakcadeautjes.nl\/fr\/wp-json\/wp\/v2\/product"}],"about":[{"href":"https:\/\/www.jootjeshaakcadeautjes.nl\/fr\/wp-json\/wp\/v2\/types\/product"}],"version-history":[{"count":0,"href":"https:\/\/www.jootjeshaakcadeautjes.nl\/fr\/wp-json\/wp\/v2\/product\/136490\/revisions"}],"wp:attachment":[{"href":"https:\/\/www.jootjeshaakcadeautjes.nl\/fr\/wp-json\/wp\/v2\/media?parent=136490"}],"wp:term":[{"taxonomy":"product_brand","embeddable":true,"href":"https:\/\/www.jootjeshaakcadeautjes.nl\/fr\/wp-json\/wp\/v2\/product_brand?post=136490"},{"taxonomy":"product_cat","embeddable":true,"href":"https:\/\/www.jootjeshaakcadeautjes.nl\/fr\/wp-json\/wp\/v2\/product_cat?post=136490"},{"taxonomy":"product_tag","embeddable":true,"href":"https:\/\/www.jootjeshaakcadeautjes.nl\/fr\/wp-json\/wp\/v2\/product_tag?post=136490"}],"curies":[{"name":"wp","href":"https:\/\/api.w.org\/{rel}","templated":true}]}}