{"id":136493,"date":"2015-09-15T21:30:13","date_gmt":"2015-09-15T19:30:13","guid":{"rendered":"https:\/\/www.jootjeshaakcadeautjes.nl\/product\/marqueurs-de-points\/"},"modified":"2025-11-22T12:25:30","modified_gmt":"2025-11-22T11:25:30","slug":"marqueurs-de-points","status":"publish","type":"product","link":"https:\/\/www.jootjeshaakcadeautjes.nl\/fr\/produit\/marqueurs-de-points\/","title":{"rendered":"Marqueurs de points (20 pi\u00e8ces)"},"content":{"rendered":"<h3>Marqueurs de point en plastique de haute qualit\u00e9 !<\/h3>\n<p>Marqueurs de point en plastique bien scell\u00e9s. Qualit\u00e9 sup\u00e9rieure renouvel\u00e9e, ne se casse pas ! Compos\u00e9 de plusieurs combinaisons de marqueurs de points aux couleurs vives.<br \/>\nIndispensable pour crocheter des peluches ou des amigurumi ou pour attacher temporairement des granny squares ensemble ! De nombreux clients se plaignent des marqueurs de poignard achet\u00e9s aupr\u00e8s d&#8217;autres fournisseurs. Ceux-ci se cassent rapidement, souvent malgr\u00e9 un prix \u00e9lev\u00e9. Chez JootjesHaakcadeautjes.co.uk, nous avons donc recherch\u00e9 les meilleurs marqueurs de points en plastique que nous pouvions trouver. Nos marqueurs de points ne se cassent pas et sont peu co\u00fbteux. Vous \u00eates novice en crochet ? Consultez nos <a href=\"\/?product_cat=softgrip-haaknaalden\">sets d&#8217;aiguilles \u00e0 crochet ergonomiques<\/a> \u00e0 grande <a href=\"\/?product_cat=softgrip-haaknaalden\">poign\u00e9e,<\/a> tr\u00e8s bon march\u00e9. Ils ne co\u00fbtent qu&#8217;une fraction du prix des marques plus ch\u00e8res, mais se croch\u00e8tent tout aussi bien ! Vous disposez ainsi rapidement et facilement de mat\u00e9riaux de haute qualit\u00e9 pour tous vos projets !<\/p>\n<h4>Qualit\u00e9 et s\u00e9curit\u00e9 des marqueurs enfichables en plastique<\/h4>\n<p>Vous avez des enfants en bas \u00e2ge \u00e0 la maison et vous voulez \u00eatre encore plus s\u00fbr que ces marqueurs ne se perdent pas ou ne soient pas confondus avec des bonbons ? D\u00e9couvrez ensuite nos marqueurs m\u00e9talliques (\u00e9pingles \u00e0 nourrice) ! Nos marqueurs de points en plastique ne se cassent pas !<\/p>\n<p>&nbsp;<\/p>\n","protected":false},"excerpt":{"rendered":"<h4>Marqueurs de point en plastique<\/h4>\n<p>Divers marqueurs de points de couleurs vives. Nombre : 20 pi\u00e8ces de marqueurs de points. Qualit\u00e9 am\u00e9lior\u00e9e, ne se casse pas ! Id\u00e9al pour marquer le d\u00e9but d&#8217;un tour ou pour attacher des granny squares ensemble.<\/p>\n<p>&nbsp;<\/p>\n","protected":false},"featured_media":0,"template":"","meta":[],"product_brand":[],"product_cat":[13876,12308],"product_tag":[12377,14054,14051,12839,14069,12311,14079,14075,14080,14076,14063,14078,14073,14074,14081,12838,14077],"class_list":{"0":"post-136493","1":"product","2":"type-product","3":"status-publish","5":"product_cat-marqueurs-et-compteurs-de-revolution","6":"product_cat-materiel-de-bricolage-et-de-crochet","7":"product_tag-amigurumi-fr","8":"product_tag-compter","9":"product_tag-compteur-fr","10":"product_tag-couleur","11":"product_tag-crochet-fr-7","12":"product_tag-crochets","13":"product_tag-exigence-de-base","14":"product_tag-marque-fr","15":"product_tag-marquer-les-points","16":"product_tag-marqueur","17":"product_tag-marqueurs-de-point","18":"product_tag-ne-se-casse-pas","19":"product_tag-plastique-fr","20":"product_tag-points-fr","21":"product_tag-suivi-des-points-compteur-de-points","22":"product_tag-tricot","23":"product_tag-tricot-fr","25":"first","26":"instock","27":"taxable","28":"shipping-taxable","29":"purchasable","30":"product-type-simple"},"bundled_by":[],"bundle_stock_status":"instock","bundle_stock_quantity":39,"bundle_virtual":false,"bundle_layout":"","bundle_add_to_cart_form_location":"","bundle_editable_in_cart":false,"bundle_sold_individually_context":"","bundle_item_grouping":"","bundle_min_size":"","bundle_max_size":"","bundle_price":[],"bundled_items":[],"bundle_sell_ids":[],"yoast_head":"<!-- This site is optimized with the Yoast SEO Premium plugin v27.6 (Yoast SEO v27.6) - https:\/\/yoast.com\/product\/yoast-seo-premium-wordpress\/ -->\n<title>Marqueurs de points (20 pi\u00e8ces) - Jootjes Haakcadeautjes<\/title>\n<meta name=\"description\" content=\"Divers marqueurs de points de couleurs vives. Fourni par 20 pi\u00e8ces. Qualit\u00e9 am\u00e9lior\u00e9e, ne se casse pas ! Les marqueurs de points sont id\u00e9aux pour pr\u00e9-attacher les pi\u00e8ces ou les granny squares et marquer le d\u00e9but du rang. Par exemple, pour crocheter des peluches\/amigurumi.\" \/>\n<meta name=\"robots\" content=\"index, follow, max-snippet:-1, max-image-preview:large, max-video-preview:-1\" \/>\n<link rel=\"canonical\" href=\"https:\/\/www.jootjeshaakcadeautjes.nl\/fr\/produit\/marqueurs-de-points\/\" \/>\n<meta property=\"og:locale\" content=\"fr_FR\" \/>\n<meta property=\"og:type\" content=\"article\" \/>\n<meta property=\"og:title\" content=\"Marqueurs de points (20 pi\u00e8ces)\" \/>\n<meta property=\"og:description\" content=\"Divers marqueurs de points de couleurs vives. Fourni par 20 pi\u00e8ces. Qualit\u00e9 am\u00e9lior\u00e9e, ne se casse pas ! Les marqueurs de points sont id\u00e9aux pour pr\u00e9-attacher les pi\u00e8ces ou les granny squares et marquer le d\u00e9but du rang. Par exemple, pour crocheter des peluches\/amigurumi.\" \/>\n<meta property=\"og:url\" content=\"https:\/\/www.jootjeshaakcadeautjes.nl\/fr\/produit\/marqueurs-de-points\/\" \/>\n<meta property=\"og:site_name\" content=\"Jootjes Haakcadeautjes\" \/>\n<meta property=\"article:modified_time\" content=\"2025-11-22T11:25:30+00:00\" \/>\n<meta name=\"twitter:card\" content=\"summary_large_image\" \/>\n<meta name=\"twitter:label1\" content=\"Prix\" \/>\n\t<meta name=\"twitter:data1\" content=\"&euro;0.80 TTC\" \/>\n\t<meta name=\"twitter:label2\" content=\"Disponibilit\u00e9\" \/>\n\t<meta name=\"twitter:data2\" content=\"En stock\" \/>\n<script type=\"application\/ld+json\" class=\"yoast-schema-graph\">{\"@context\":\"https:\\\/\\\/schema.org\",\"@graph\":[{\"@type\":\"WebPage\",\"@id\":\"https:\\\/\\\/www.jootjeshaakcadeautjes.nl\\\/fr\\\/produit\\\/marqueurs-de-points\\\/\",\"url\":\"https:\\\/\\\/www.jootjeshaakcadeautjes.nl\\\/fr\\\/produit\\\/marqueurs-de-points\\\/\",\"name\":\"Marqueurs de points (20 pi\u00e8ces) - Jootjes Haakcadeautjes\",\"isPartOf\":{\"@id\":\"https:\\\/\\\/www.jootjeshaakcadeautjes.nl\\\/fr\\\/#website\"},\"datePublished\":\"2015-09-15T19:30:13+00:00\",\"dateModified\":\"2025-11-22T11:25:30+00:00\",\"description\":\"Divers marqueurs de points de couleurs vives. Fourni par 20 pi\u00e8ces. Qualit\u00e9 am\u00e9lior\u00e9e, ne se casse pas ! Les marqueurs de points sont id\u00e9aux pour pr\u00e9-attacher les pi\u00e8ces ou les granny squares et marquer le d\u00e9but du rang. Par exemple, pour crocheter des peluches\\\/amigurumi.\",\"breadcrumb\":{\"@id\":\"https:\\\/\\\/www.jootjeshaakcadeautjes.nl\\\/fr\\\/produit\\\/marqueurs-de-points\\\/#breadcrumb\"},\"inLanguage\":\"fr-FR\",\"potentialAction\":[{\"@type\":\"ReadAction\",\"target\":[\"https:\\\/\\\/www.jootjeshaakcadeautjes.nl\\\/fr\\\/produit\\\/marqueurs-de-points\\\/\"]}]},{\"@type\":\"BreadcrumbList\",\"@id\":\"https:\\\/\\\/www.jootjeshaakcadeautjes.nl\\\/fr\\\/produit\\\/marqueurs-de-points\\\/#breadcrumb\",\"itemListElement\":[{\"@type\":\"ListItem\",\"position\":1,\"name\":\"Accueil\",\"item\":\"https:\\\/\\\/www.jootjeshaakcadeautjes.nl\\\/fr\\\/\"},{\"@type\":\"ListItem\",\"position\":2,\"name\":\"Commerce de gros de perles en silicone &#8211; Entreprises et consommateurs\",\"item\":\"https:\\\/\\\/www.jootjeshaakcadeautjes.nl\\\/fr\\\/boutique\\\/\"},{\"@type\":\"ListItem\",\"position\":3,\"name\":\"Marqueurs de points (20 pi\u00e8ces)\"}]},{\"@type\":\"WebSite\",\"@id\":\"https:\\\/\\\/www.jootjeshaakcadeautjes.nl\\\/fr\\\/#website\",\"url\":\"https:\\\/\\\/www.jootjeshaakcadeautjes.nl\\\/fr\\\/\",\"name\":\"Jootjes Haakcadeautjes\",\"description\":\"Grossiste en perles de silicone\",\"publisher\":{\"@id\":\"https:\\\/\\\/www.jootjeshaakcadeautjes.nl\\\/fr\\\/#organization\"},\"potentialAction\":[{\"@type\":\"SearchAction\",\"target\":{\"@type\":\"EntryPoint\",\"urlTemplate\":\"https:\\\/\\\/www.jootjeshaakcadeautjes.nl\\\/fr\\\/?s={search_term_string}\"},\"query-input\":{\"@type\":\"PropertyValueSpecification\",\"valueRequired\":true,\"valueName\":\"search_term_string\"}}],\"inLanguage\":\"fr-FR\"},{\"@type\":\"Organization\",\"@id\":\"https:\\\/\\\/www.jootjeshaakcadeautjes.nl\\\/fr\\\/#organization\",\"name\":\"Jootjes Haakcadeautjes\",\"url\":\"https:\\\/\\\/www.jootjeshaakcadeautjes.nl\\\/fr\\\/\",\"logo\":{\"@type\":\"ImageObject\",\"inLanguage\":\"fr-FR\",\"@id\":\"https:\\\/\\\/www.jootjeshaakcadeautjes.nl\\\/fr\\\/#\\\/schema\\\/logo\\\/image\\\/\",\"url\":\"https:\\\/\\\/d1dyryakdmle7o.cloudfront.net\\\/wp-content\\\/uploads\\\/2023\\\/05\\\/Logo-rond.png\",\"contentUrl\":\"https:\\\/\\\/d1dyryakdmle7o.cloudfront.net\\\/wp-content\\\/uploads\\\/2023\\\/05\\\/Logo-rond.png\",\"width\":1222,\"height\":1222,\"caption\":\"Jootjes Haakcadeautjes\"},\"image\":{\"@id\":\"https:\\\/\\\/www.jootjeshaakcadeautjes.nl\\\/fr\\\/#\\\/schema\\\/logo\\\/image\\\/\"}}]}<\/script>\n<meta property=\"product:price:amount\" content=\"0.80\" \/>\n<meta property=\"product:price:currency\" content=\"EUR\" \/>\n<meta property=\"og:availability\" content=\"instock\" \/>\n<meta property=\"product:availability\" content=\"instock\" \/>\n<meta property=\"product:retailer_item_id\" content=\"STM-ZHA-PLA\" \/>\n<meta property=\"product:condition\" content=\"new\" \/>\n<!-- \/ Yoast SEO Premium plugin. -->","yoast_head_json":{"title":"Marqueurs de points (20 pi\u00e8ces) - Jootjes Haakcadeautjes","description":"Divers marqueurs de points de couleurs vives. Fourni par 20 pi\u00e8ces. Qualit\u00e9 am\u00e9lior\u00e9e, ne se casse pas ! Les marqueurs de points sont id\u00e9aux pour pr\u00e9-attacher les pi\u00e8ces ou les granny squares et marquer le d\u00e9but du rang. Par exemple, pour crocheter des peluches\/amigurumi.","robots":{"index":"index","follow":"follow","max-snippet":"max-snippet:-1","max-image-preview":"max-image-preview:large","max-video-preview":"max-video-preview:-1"},"canonical":"https:\/\/www.jootjeshaakcadeautjes.nl\/fr\/produit\/marqueurs-de-points\/","og_locale":"fr_FR","og_type":"article","og_title":"Marqueurs de points (20 pi\u00e8ces)","og_description":"Divers marqueurs de points de couleurs vives. Fourni par 20 pi\u00e8ces. Qualit\u00e9 am\u00e9lior\u00e9e, ne se casse pas ! Les marqueurs de points sont id\u00e9aux pour pr\u00e9-attacher les pi\u00e8ces ou les granny squares et marquer le d\u00e9but du rang. Par exemple, pour crocheter des peluches\/amigurumi.","og_url":"https:\/\/www.jootjeshaakcadeautjes.nl\/fr\/produit\/marqueurs-de-points\/","og_site_name":"Jootjes Haakcadeautjes","article_modified_time":"2025-11-22T11:25:30+00:00","twitter_card":"summary_large_image","twitter_misc":{"Prix":"&euro;0.80 TTC","Disponibilit\u00e9":"En stock"},"schema":{"@context":"https:\/\/schema.org","@graph":[{"@type":"WebPage","@id":"https:\/\/www.jootjeshaakcadeautjes.nl\/fr\/produit\/marqueurs-de-points\/","url":"https:\/\/www.jootjeshaakcadeautjes.nl\/fr\/produit\/marqueurs-de-points\/","name":"Marqueurs de points (20 pi\u00e8ces) - Jootjes Haakcadeautjes","isPartOf":{"@id":"https:\/\/www.jootjeshaakcadeautjes.nl\/fr\/#website"},"datePublished":"2015-09-15T19:30:13+00:00","dateModified":"2025-11-22T11:25:30+00:00","description":"Divers marqueurs de points de couleurs vives. Fourni par 20 pi\u00e8ces. Qualit\u00e9 am\u00e9lior\u00e9e, ne se casse pas ! Les marqueurs de points sont id\u00e9aux pour pr\u00e9-attacher les pi\u00e8ces ou les granny squares et marquer le d\u00e9but du rang. Par exemple, pour crocheter des peluches\/amigurumi.","breadcrumb":{"@id":"https:\/\/www.jootjeshaakcadeautjes.nl\/fr\/produit\/marqueurs-de-points\/#breadcrumb"},"inLanguage":"fr-FR","potentialAction":[{"@type":"ReadAction","target":["https:\/\/www.jootjeshaakcadeautjes.nl\/fr\/produit\/marqueurs-de-points\/"]}]},{"@type":"BreadcrumbList","@id":"https:\/\/www.jootjeshaakcadeautjes.nl\/fr\/produit\/marqueurs-de-points\/#breadcrumb","itemListElement":[{"@type":"ListItem","position":1,"name":"Accueil","item":"https:\/\/www.jootjeshaakcadeautjes.nl\/fr\/"},{"@type":"ListItem","position":2,"name":"Commerce de gros de perles en silicone &#8211; Entreprises et consommateurs","item":"https:\/\/www.jootjeshaakcadeautjes.nl\/fr\/boutique\/"},{"@type":"ListItem","position":3,"name":"Marqueurs de points (20 pi\u00e8ces)"}]},{"@type":"WebSite","@id":"https:\/\/www.jootjeshaakcadeautjes.nl\/fr\/#website","url":"https:\/\/www.jootjeshaakcadeautjes.nl\/fr\/","name":"Jootjes Haakcadeautjes","description":"Grossiste en perles de silicone","publisher":{"@id":"https:\/\/www.jootjeshaakcadeautjes.nl\/fr\/#organization"},"potentialAction":[{"@type":"SearchAction","target":{"@type":"EntryPoint","urlTemplate":"https:\/\/www.jootjeshaakcadeautjes.nl\/fr\/?s={search_term_string}"},"query-input":{"@type":"PropertyValueSpecification","valueRequired":true,"valueName":"search_term_string"}}],"inLanguage":"fr-FR"},{"@type":"Organization","@id":"https:\/\/www.jootjeshaakcadeautjes.nl\/fr\/#organization","name":"Jootjes Haakcadeautjes","url":"https:\/\/www.jootjeshaakcadeautjes.nl\/fr\/","logo":{"@type":"ImageObject","inLanguage":"fr-FR","@id":"https:\/\/www.jootjeshaakcadeautjes.nl\/fr\/#\/schema\/logo\/image\/","url":"https:\/\/d1dyryakdmle7o.cloudfront.net\/wp-content\/uploads\/2023\/05\/Logo-rond.png","contentUrl":"https:\/\/d1dyryakdmle7o.cloudfront.net\/wp-content\/uploads\/2023\/05\/Logo-rond.png","width":1222,"height":1222,"caption":"Jootjes Haakcadeautjes"},"image":{"@id":"https:\/\/www.jootjeshaakcadeautjes.nl\/fr\/#\/schema\/logo\/image\/"}}]},"product_price_amount":"0.80","product_price_currency":"EUR","og_availability":"instock","product_availability":"instock","product_retailer_item_id":"STM-ZHA-PLA","product_condition":"new"},"_links":{"self":[{"href":"https:\/\/www.jootjeshaakcadeautjes.nl\/fr\/wp-json\/wp\/v2\/product\/136493","targetHints":{"allow":["GET"]}}],"collection":[{"href":"https:\/\/www.jootjeshaakcadeautjes.nl\/fr\/wp-json\/wp\/v2\/product"}],"about":[{"href":"https:\/\/www.jootjeshaakcadeautjes.nl\/fr\/wp-json\/wp\/v2\/types\/product"}],"version-history":[{"count":0,"href":"https:\/\/www.jootjeshaakcadeautjes.nl\/fr\/wp-json\/wp\/v2\/product\/136493\/revisions"}],"wp:attachment":[{"href":"https:\/\/www.jootjeshaakcadeautjes.nl\/fr\/wp-json\/wp\/v2\/media?parent=136493"}],"wp:term":[{"taxonomy":"product_brand","embeddable":true,"href":"https:\/\/www.jootjeshaakcadeautjes.nl\/fr\/wp-json\/wp\/v2\/product_brand?post=136493"},{"taxonomy":"product_cat","embeddable":true,"href":"https:\/\/www.jootjeshaakcadeautjes.nl\/fr\/wp-json\/wp\/v2\/product_cat?post=136493"},{"taxonomy":"product_tag","embeddable":true,"href":"https:\/\/www.jootjeshaakcadeautjes.nl\/fr\/wp-json\/wp\/v2\/product_tag?post=136493"}],"curies":[{"name":"wp","href":"https:\/\/api.w.org\/{rel}","templated":true}]}}