{"id":136494,"date":"2016-01-28T20:10:46","date_gmt":"2016-01-28T18:10:46","guid":{"rendered":"https:\/\/www.jootjeshaakcadeautjes.nl\/product\/set-daiguilles-a-crochet-soft-grip-large\/"},"modified":"2025-04-01T20:17:35","modified_gmt":"2025-04-01T19:17:35","slug":"set-daiguilles-a-crochet-soft-grip-large","status":"publish","type":"product","link":"https:\/\/www.jootjeshaakcadeautjes.nl\/fr\/produit\/set-daiguilles-a-crochet-soft-grip-large\/","title":{"rendered":"Set d&#8217;aiguilles \u00e0 crochet soft grip Tailles : &#8220;large&#8221; &#8211; 12 pi\u00e8ces &#8211; 2.0-8.0 mm"},"content":{"rendered":"<h3><span style=\"color: #800080;\">Aiguilles \u00e0 crochet soft grip &#8211; <\/span><span style=\"color: #800080;\">Set de grande taille<\/span><br \/>\n<span style=\"color: #800080;\">12 pi\u00e8ces &#8211; <\/span><span style=\"color: #800080;\">2,0-8,0 mm<\/span><\/h3>\n<p><span style=\"color: #000000;\">  L&#8217;ensemble de 9 pi\u00e8ces et l&#8217;ensemble compl\u00e9mentaire ensemble.<\/span><\/p>\n<p><span style=\"color: #000000;\">Ce set d&#8217;aiguilles \u00e0 crochet soft grip comprend les aiguilles \u00e0 crochet suivantes :<\/span><br \/>\n<span style=\"color: #000000;\">  2,0 mm, 2,5 mm, 3,0 mm, 3,5 mm, 4,0 mm, 4,5 mm, 5,0 mm, 5,5 mm, 6,0 mm, 6,5 mm, 7,0 mm et 8,0 mm<\/span><\/p>\n<p><span style=\"color: #000000;\">Cela fait un total de 12 aiguilles \u00e0 crochet ergonomiques super pratiques dans les tailles les plus \u00e9videntes et les plus utilis\u00e9es.<br \/>\nVous pr\u00e9f\u00e9rez un ensemble encore plus complet ?  <a href=\"https:\/\/www.jootjeshaakcadeautjes.nl\/product\/haaknaalden-set-softgrip\/\">Alors d\u00e9couvrez notre set d&#8217;aiguilles \u00e0 crochet 22 pi\u00e8ces ici.  <\/a><\/span><\/p>\n<p><img decoding=\"async\" class=\"aligncenter wp-image-311\" src=\"https:\/\/www.jootjeshaakcadeautjes.nl\/wp-content\/themes\/woodmart\/images\/lazy.svg\" data-src=\"https:\/\/d1dyryakdmle7o.cloudfront.net\/wp-content\/uploads\/2016\/01\/IMG_20160312_173214-2-1024x911.jpg\" alt=\"\" width=\"670\" height=\"596\"><\/p>\n<p>&nbsp;<\/p>\n<h3>Qualit\u00e9 des aiguilles \u00e0 crochet :<\/h3>\n<p>Les aiguilles \u00e0 crochet de Jootjes Haakcadeautjes sont les aiguilles \u00e0 crochet les moins ch\u00e8res du march\u00e9. Peut-on en attendre une grande qualit\u00e9 ? OUI ! Contrairement \u00e0 de nombreux autres sets d&#8217;aiguilles \u00e0 crochet que vous pouvez acheter dans ce segment de prix, les aiguilles \u00e0 crochet de Jootjes Crochet Gifts sont une excellente alternative aux marques plus ch\u00e8res. Et je ne dis pas cela parce que nous les proposons, je les utilise moi-m\u00eame exclusivement. Pour le montant o\u00f9 je peux acheter un seul crochet chez quelqu&#8217;un d&#8217;autre, je commande un ensemble complet ici. De cette fa\u00e7on, j&#8217;ai toujours assez d&#8217;aiguilles \u00e0 crochet pour tous mes WIPs (Work in Progress) \/ projets. Le m\u00e9tal du crochet est lisse (pas de bavures ni d&#8217;ar\u00eates) et se prolonge dans le manche jusqu&#8217;\u00e0 l&#8217;extr\u00e9mit\u00e9. Le crochet ne se plie donc pas comme d&#8217;autres peuvent le faire. La poign\u00e9e ergonomique est lisse et n&#8217;est pas inf\u00e9rieure \u00e0 celle des marques plus ch\u00e8res. Il n&#8217;est donc pas possible de le comparer au plastique dur des autres prix. Ces &#8220;autres&#8221; aiguilles \u00e0 crochet provoquent encore souvent des crampes, des sueurs et des douleurs dans les mains et d\u00e9gagent souvent de la couleur. Chez Jootjes Crochet Presents, nous garantissons des aiguilles \u00e0 crochet avec un m\u00e9tal robuste, une poign\u00e9e souple aux couleurs gaies et un crochet qui durera longtemps. Je n&#8217;utilise rien d&#8217;autre et je croch\u00e8te avec ces aiguilles depuis des ann\u00e9es. Je ne vois aucune raison de les acheter plus cher. Un point que vous retrouverez \u00e9galement dans les commentaires sur nos aiguilles \u00e0 crochet. Je pr\u00e9f\u00e8re donc acheter une autre pelote de laine ou un mod\u00e8le suppl\u00e9mentaire amusant. Vous aussi, n&#8217;est-ce pas ?<\/p>\n<p>&nbsp;<\/p>\n","protected":false},"excerpt":{"rendered":"<p><span style=\"color: #800080;\"><br \/>\n  <strong>Aiguilles \u00e0 crochet soft grip<br \/>\n<\/strong><br \/>\n<\/span><span style=\"color: #800080;\"><br \/>\n  <strong>Set d&#8217;aiguilles \u00e0 crochet grandes tailles<br \/>\n12 pi\u00e8ces &#8211; 2.0 \u00e0 8.0 mm<\/strong><br \/>\n<\/span><\/p>\n<p><span style=\"color: #000000;\"><small>Aiguilles \u00e0 crochet ergonomiques et \u00e0 prise souple.<\/small><\/span><\/p>\n<p><span style=\"color: #000000;\"><small>Il tient bien dans la main.<\/small><\/span><br \/>\n<span style=\"color: #000000;\"><small>\u00c9galement pour les affections des mains.<\/small><\/span><\/p>\n<p><span style=\"color: #000000;\"><small>Ce set comprend les aiguilles \u00e0 crochet :<\/small><\/span><br \/>\n<span style=\"color: #000000;\"><small>  2,0 mm, 2,5 mm, 3,0 mm, 3,5 mm,<\/small><\/span><br \/>\n<span style=\"color: #000000;\"><small> 4,0 mm, 4,5 mm, 5,0 mm, 5,5 mm,<\/small><\/span><br \/>\n<span style=\"color: #000000;\"><small>  6,0 mm, 6,5 mm, 7,0 mm et 8,0 mm<\/small><\/span><\/p>\n","protected":false},"featured_media":274164,"template":"","meta":[],"product_brand":[],"product_cat":[13956,12308],"product_tag":[14082,13986,13990,13992,13993,13995,13996,13997,13998,13999,14000,14001,14002,14032,13958,12630,13969,13961,13978,13965,13860,13962,13975,13971,14030,13967],"class_list":{"0":"post-136494","1":"product","2":"type-product","3":"status-publish","4":"has-post-thumbnail","6":"product_cat-aiguilles-a-crochet","7":"product_cat-materiel-de-bricolage-et-de-crochet","8":"product_tag-12-pieces-fr","9":"product_tag-20-mm-fr-2","10":"product_tag-25-mm-fr-2","11":"product_tag-30-mm-fr-2","12":"product_tag-35-mm-fr-2","13":"product_tag-40-mm-fr","14":"product_tag-45-mm-fr-2","15":"product_tag-50-mm-fr-2","16":"product_tag-55-mm-fr-2","17":"product_tag-60-mm-fr","18":"product_tag-65-mm-fr","19":"product_tag-70-mm-fr","20":"product_tag-80-mm-fr","21":"product_tag-addy-fr","22":"product_tag-aiguilles-a-crochet","23":"product_tag-crochet-fr","24":"product_tag-crochet-sans-douleur","25":"product_tag-ergonomique","26":"product_tag-fibromyalgie-fr","27":"product_tag-fixer","28":"product_tag-opry-fr","29":"product_tag-poignee-souple","30":"product_tag-prym-fr","31":"product_tag-rhumatisme","32":"product_tag-set-daiguilles-a-crochet-fr","33":"product_tag-trefle-fr-2","35":"first","36":"instock","37":"sale","38":"taxable","39":"shipping-taxable","40":"purchasable","41":"product-type-simple"},"bundled_by":["136254"],"bundle_stock_status":"instock","bundle_stock_quantity":12,"bundle_virtual":false,"bundle_layout":"","bundle_add_to_cart_form_location":"","bundle_editable_in_cart":false,"bundle_sold_individually_context":"","bundle_item_grouping":"","bundle_min_size":"","bundle_max_size":"","bundle_price":[],"bundled_items":[],"bundle_sell_ids":[],"yoast_head":"<!-- This site is optimized with the Yoast SEO Premium plugin v27.6 (Yoast SEO v27.6) - https:\/\/yoast.com\/product\/yoast-seo-premium-wordpress\/ -->\n<title>Aiguilles \u00e0 crochet soft grip - 2.0 \u00e0 8.0 mm - Crochet et accessoires de crochet<\/title>\n<meta name=\"description\" content=\"Le set comprend les aiguilles \u00e0 crochet soft grip : 2,0 mm, 2,5 mm, 3,0 mm, 3,5 mm, 4,0 mm, 4,5 mm, 5,0 mm, 5,5 mm, 6,0 mm, 6,5 mm, 7,0 mm et 8,0 mm.\" \/>\n<meta name=\"robots\" content=\"index, follow, max-snippet:-1, max-image-preview:large, max-video-preview:-1\" \/>\n<link rel=\"canonical\" href=\"https:\/\/www.jootjeshaakcadeautjes.nl\/fr\/produit\/set-daiguilles-a-crochet-soft-grip-large\/\" \/>\n<meta property=\"og:locale\" content=\"fr_FR\" \/>\n<meta property=\"og:type\" content=\"article\" \/>\n<meta property=\"og:title\" content=\"Set d&#039;aiguilles \u00e0 crochet soft grip Tailles : &quot;large&quot; - 12 pi\u00e8ces - 2.0-8.0 mm\" \/>\n<meta property=\"og:description\" content=\"Le set comprend les aiguilles \u00e0 crochet soft grip : 2,0 mm, 2,5 mm, 3,0 mm, 3,5 mm, 4,0 mm, 4,5 mm, 5,0 mm, 5,5 mm, 6,0 mm, 6,5 mm, 7,0 mm et 8,0 mm.\" \/>\n<meta property=\"og:url\" content=\"https:\/\/www.jootjeshaakcadeautjes.nl\/fr\/produit\/set-daiguilles-a-crochet-soft-grip-large\/\" \/>\n<meta property=\"og:site_name\" content=\"Jootjes Haakcadeautjes\" \/>\n<meta property=\"article:modified_time\" content=\"2025-04-01T19:17:35+00:00\" \/>\n<meta property=\"og:image\" content=\"https:\/\/www.jootjeshaakcadeautjes.nl\/wp-content\/uploads\/2016\/01\/IMG_20160312_173214-2-1024x911.jpg\" \/>\n<meta name=\"twitter:card\" content=\"summary_large_image\" \/>\n<meta name=\"twitter:label1\" content=\"Prix\" \/>\n\t<meta name=\"twitter:data1\" content=\"&euro;13.95 TTC\" \/>\n\t<meta name=\"twitter:label2\" content=\"Disponibilit\u00e9\" \/>\n\t<meta name=\"twitter:data2\" content=\"En stock\" \/>\n<script type=\"application\/ld+json\" class=\"yoast-schema-graph\">{\"@context\":\"https:\\\/\\\/schema.org\",\"@graph\":[{\"@type\":\"WebPage\",\"@id\":\"https:\\\/\\\/www.jootjeshaakcadeautjes.nl\\\/fr\\\/produit\\\/set-daiguilles-a-crochet-soft-grip-large\\\/\",\"url\":\"https:\\\/\\\/www.jootjeshaakcadeautjes.nl\\\/fr\\\/produit\\\/set-daiguilles-a-crochet-soft-grip-large\\\/\",\"name\":\"Aiguilles \u00e0 crochet soft grip - 2.0 \u00e0 8.0 mm - Crochet et accessoires de crochet\",\"isPartOf\":{\"@id\":\"https:\\\/\\\/www.jootjeshaakcadeautjes.nl\\\/fr\\\/#website\"},\"primaryImageOfPage\":{\"@id\":\"https:\\\/\\\/www.jootjeshaakcadeautjes.nl\\\/fr\\\/produit\\\/set-daiguilles-a-crochet-soft-grip-large\\\/#primaryimage\"},\"image\":{\"@id\":\"https:\\\/\\\/www.jootjeshaakcadeautjes.nl\\\/fr\\\/produit\\\/set-daiguilles-a-crochet-soft-grip-large\\\/#primaryimage\"},\"thumbnailUrl\":\"https:\\\/\\\/d1dyryakdmle7o.cloudfront.net\\\/wp-content\\\/uploads\\\/2026\\\/02\\\/Naamloos-1819-1.webp\",\"datePublished\":\"2016-01-28T18:10:46+00:00\",\"dateModified\":\"2025-04-01T19:17:35+00:00\",\"description\":\"Le set comprend les aiguilles \u00e0 crochet soft grip : 2,0 mm, 2,5 mm, 3,0 mm, 3,5 mm, 4,0 mm, 4,5 mm, 5,0 mm, 5,5 mm, 6,0 mm, 6,5 mm, 7,0 mm et 8,0 mm.\",\"breadcrumb\":{\"@id\":\"https:\\\/\\\/www.jootjeshaakcadeautjes.nl\\\/fr\\\/produit\\\/set-daiguilles-a-crochet-soft-grip-large\\\/#breadcrumb\"},\"inLanguage\":\"fr-FR\",\"potentialAction\":[{\"@type\":\"ReadAction\",\"target\":[\"https:\\\/\\\/www.jootjeshaakcadeautjes.nl\\\/fr\\\/produit\\\/set-daiguilles-a-crochet-soft-grip-large\\\/\"]}]},{\"@type\":\"ImageObject\",\"inLanguage\":\"fr-FR\",\"@id\":\"https:\\\/\\\/www.jootjeshaakcadeautjes.nl\\\/fr\\\/produit\\\/set-daiguilles-a-crochet-soft-grip-large\\\/#primaryimage\",\"url\":\"https:\\\/\\\/d1dyryakdmle7o.cloudfront.net\\\/wp-content\\\/uploads\\\/2026\\\/02\\\/Naamloos-1819-1.webp\",\"contentUrl\":\"https:\\\/\\\/d1dyryakdmle7o.cloudfront.net\\\/wp-content\\\/uploads\\\/2026\\\/02\\\/Naamloos-1819-1.webp\",\"width\":2160,\"height\":2160},{\"@type\":\"BreadcrumbList\",\"@id\":\"https:\\\/\\\/www.jootjeshaakcadeautjes.nl\\\/fr\\\/produit\\\/set-daiguilles-a-crochet-soft-grip-large\\\/#breadcrumb\",\"itemListElement\":[{\"@type\":\"ListItem\",\"position\":1,\"name\":\"Accueil\",\"item\":\"https:\\\/\\\/www.jootjeshaakcadeautjes.nl\\\/fr\\\/\"},{\"@type\":\"ListItem\",\"position\":2,\"name\":\"Commerce de gros de perles en silicone &#8211; Entreprises et consommateurs\",\"item\":\"https:\\\/\\\/www.jootjeshaakcadeautjes.nl\\\/fr\\\/boutique\\\/\"},{\"@type\":\"ListItem\",\"position\":3,\"name\":\"Set d&#8217;aiguilles \u00e0 crochet soft grip Tailles : &#8220;large&#8221; &#8211; 12 pi\u00e8ces &#8211; 2.0-8.0 mm\"}]},{\"@type\":\"WebSite\",\"@id\":\"https:\\\/\\\/www.jootjeshaakcadeautjes.nl\\\/fr\\\/#website\",\"url\":\"https:\\\/\\\/www.jootjeshaakcadeautjes.nl\\\/fr\\\/\",\"name\":\"Jootjes Haakcadeautjes\",\"description\":\"Grossiste en perles de silicone\",\"publisher\":{\"@id\":\"https:\\\/\\\/www.jootjeshaakcadeautjes.nl\\\/fr\\\/#organization\"},\"potentialAction\":[{\"@type\":\"SearchAction\",\"target\":{\"@type\":\"EntryPoint\",\"urlTemplate\":\"https:\\\/\\\/www.jootjeshaakcadeautjes.nl\\\/fr\\\/?s={search_term_string}\"},\"query-input\":{\"@type\":\"PropertyValueSpecification\",\"valueRequired\":true,\"valueName\":\"search_term_string\"}}],\"inLanguage\":\"fr-FR\"},{\"@type\":\"Organization\",\"@id\":\"https:\\\/\\\/www.jootjeshaakcadeautjes.nl\\\/fr\\\/#organization\",\"name\":\"Jootjes Haakcadeautjes\",\"url\":\"https:\\\/\\\/www.jootjeshaakcadeautjes.nl\\\/fr\\\/\",\"logo\":{\"@type\":\"ImageObject\",\"inLanguage\":\"fr-FR\",\"@id\":\"https:\\\/\\\/www.jootjeshaakcadeautjes.nl\\\/fr\\\/#\\\/schema\\\/logo\\\/image\\\/\",\"url\":\"https:\\\/\\\/d1dyryakdmle7o.cloudfront.net\\\/wp-content\\\/uploads\\\/2023\\\/05\\\/Logo-rond.png\",\"contentUrl\":\"https:\\\/\\\/d1dyryakdmle7o.cloudfront.net\\\/wp-content\\\/uploads\\\/2023\\\/05\\\/Logo-rond.png\",\"width\":1222,\"height\":1222,\"caption\":\"Jootjes Haakcadeautjes\"},\"image\":{\"@id\":\"https:\\\/\\\/www.jootjeshaakcadeautjes.nl\\\/fr\\\/#\\\/schema\\\/logo\\\/image\\\/\"}}]}<\/script>\n<meta property=\"product:price:amount\" content=\"13.95\" \/>\n<meta property=\"product:price:currency\" content=\"EUR\" \/>\n<meta property=\"og:availability\" content=\"instock\" \/>\n<meta property=\"product:availability\" content=\"instock\" \/>\n<meta property=\"product:retailer_item_id\" content=\"HKN-SET-GRO\" \/>\n<meta property=\"product:condition\" content=\"new\" \/>\n<!-- \/ Yoast SEO Premium plugin. -->","yoast_head_json":{"title":"Aiguilles \u00e0 crochet soft grip - 2.0 \u00e0 8.0 mm - Crochet et accessoires de crochet","description":"Le set comprend les aiguilles \u00e0 crochet soft grip : 2,0 mm, 2,5 mm, 3,0 mm, 3,5 mm, 4,0 mm, 4,5 mm, 5,0 mm, 5,5 mm, 6,0 mm, 6,5 mm, 7,0 mm et 8,0 mm.","robots":{"index":"index","follow":"follow","max-snippet":"max-snippet:-1","max-image-preview":"max-image-preview:large","max-video-preview":"max-video-preview:-1"},"canonical":"https:\/\/www.jootjeshaakcadeautjes.nl\/fr\/produit\/set-daiguilles-a-crochet-soft-grip-large\/","og_locale":"fr_FR","og_type":"article","og_title":"Set d'aiguilles \u00e0 crochet soft grip Tailles : \"large\" - 12 pi\u00e8ces - 2.0-8.0 mm","og_description":"Le set comprend les aiguilles \u00e0 crochet soft grip : 2,0 mm, 2,5 mm, 3,0 mm, 3,5 mm, 4,0 mm, 4,5 mm, 5,0 mm, 5,5 mm, 6,0 mm, 6,5 mm, 7,0 mm et 8,0 mm.","og_url":"https:\/\/www.jootjeshaakcadeautjes.nl\/fr\/produit\/set-daiguilles-a-crochet-soft-grip-large\/","og_site_name":"Jootjes Haakcadeautjes","article_modified_time":"2025-04-01T19:17:35+00:00","og_image":[{"url":"https:\/\/www.jootjeshaakcadeautjes.nl\/wp-content\/uploads\/2016\/01\/IMG_20160312_173214-2-1024x911.jpg","type":"","width":"","height":""}],"twitter_card":"summary_large_image","twitter_misc":{"Prix":"&euro;13.95 TTC","Disponibilit\u00e9":"En stock"},"schema":{"@context":"https:\/\/schema.org","@graph":[{"@type":"WebPage","@id":"https:\/\/www.jootjeshaakcadeautjes.nl\/fr\/produit\/set-daiguilles-a-crochet-soft-grip-large\/","url":"https:\/\/www.jootjeshaakcadeautjes.nl\/fr\/produit\/set-daiguilles-a-crochet-soft-grip-large\/","name":"Aiguilles \u00e0 crochet soft grip - 2.0 \u00e0 8.0 mm - Crochet et accessoires de crochet","isPartOf":{"@id":"https:\/\/www.jootjeshaakcadeautjes.nl\/fr\/#website"},"primaryImageOfPage":{"@id":"https:\/\/www.jootjeshaakcadeautjes.nl\/fr\/produit\/set-daiguilles-a-crochet-soft-grip-large\/#primaryimage"},"image":{"@id":"https:\/\/www.jootjeshaakcadeautjes.nl\/fr\/produit\/set-daiguilles-a-crochet-soft-grip-large\/#primaryimage"},"thumbnailUrl":"https:\/\/d1dyryakdmle7o.cloudfront.net\/wp-content\/uploads\/2026\/02\/Naamloos-1819-1.webp","datePublished":"2016-01-28T18:10:46+00:00","dateModified":"2025-04-01T19:17:35+00:00","description":"Le set comprend les aiguilles \u00e0 crochet soft grip : 2,0 mm, 2,5 mm, 3,0 mm, 3,5 mm, 4,0 mm, 4,5 mm, 5,0 mm, 5,5 mm, 6,0 mm, 6,5 mm, 7,0 mm et 8,0 mm.","breadcrumb":{"@id":"https:\/\/www.jootjeshaakcadeautjes.nl\/fr\/produit\/set-daiguilles-a-crochet-soft-grip-large\/#breadcrumb"},"inLanguage":"fr-FR","potentialAction":[{"@type":"ReadAction","target":["https:\/\/www.jootjeshaakcadeautjes.nl\/fr\/produit\/set-daiguilles-a-crochet-soft-grip-large\/"]}]},{"@type":"ImageObject","inLanguage":"fr-FR","@id":"https:\/\/www.jootjeshaakcadeautjes.nl\/fr\/produit\/set-daiguilles-a-crochet-soft-grip-large\/#primaryimage","url":"https:\/\/d1dyryakdmle7o.cloudfront.net\/wp-content\/uploads\/2026\/02\/Naamloos-1819-1.webp","contentUrl":"https:\/\/d1dyryakdmle7o.cloudfront.net\/wp-content\/uploads\/2026\/02\/Naamloos-1819-1.webp","width":2160,"height":2160},{"@type":"BreadcrumbList","@id":"https:\/\/www.jootjeshaakcadeautjes.nl\/fr\/produit\/set-daiguilles-a-crochet-soft-grip-large\/#breadcrumb","itemListElement":[{"@type":"ListItem","position":1,"name":"Accueil","item":"https:\/\/www.jootjeshaakcadeautjes.nl\/fr\/"},{"@type":"ListItem","position":2,"name":"Commerce de gros de perles en silicone &#8211; Entreprises et consommateurs","item":"https:\/\/www.jootjeshaakcadeautjes.nl\/fr\/boutique\/"},{"@type":"ListItem","position":3,"name":"Set d&#8217;aiguilles \u00e0 crochet soft grip Tailles : &#8220;large&#8221; &#8211; 12 pi\u00e8ces &#8211; 2.0-8.0 mm"}]},{"@type":"WebSite","@id":"https:\/\/www.jootjeshaakcadeautjes.nl\/fr\/#website","url":"https:\/\/www.jootjeshaakcadeautjes.nl\/fr\/","name":"Jootjes Haakcadeautjes","description":"Grossiste en perles de silicone","publisher":{"@id":"https:\/\/www.jootjeshaakcadeautjes.nl\/fr\/#organization"},"potentialAction":[{"@type":"SearchAction","target":{"@type":"EntryPoint","urlTemplate":"https:\/\/www.jootjeshaakcadeautjes.nl\/fr\/?s={search_term_string}"},"query-input":{"@type":"PropertyValueSpecification","valueRequired":true,"valueName":"search_term_string"}}],"inLanguage":"fr-FR"},{"@type":"Organization","@id":"https:\/\/www.jootjeshaakcadeautjes.nl\/fr\/#organization","name":"Jootjes Haakcadeautjes","url":"https:\/\/www.jootjeshaakcadeautjes.nl\/fr\/","logo":{"@type":"ImageObject","inLanguage":"fr-FR","@id":"https:\/\/www.jootjeshaakcadeautjes.nl\/fr\/#\/schema\/logo\/image\/","url":"https:\/\/d1dyryakdmle7o.cloudfront.net\/wp-content\/uploads\/2023\/05\/Logo-rond.png","contentUrl":"https:\/\/d1dyryakdmle7o.cloudfront.net\/wp-content\/uploads\/2023\/05\/Logo-rond.png","width":1222,"height":1222,"caption":"Jootjes Haakcadeautjes"},"image":{"@id":"https:\/\/www.jootjeshaakcadeautjes.nl\/fr\/#\/schema\/logo\/image\/"}}]},"product_price_amount":"13.95","product_price_currency":"EUR","og_availability":"instock","product_availability":"instock","product_retailer_item_id":"HKN-SET-GRO","product_condition":"new"},"_links":{"self":[{"href":"https:\/\/www.jootjeshaakcadeautjes.nl\/fr\/wp-json\/wp\/v2\/product\/136494","targetHints":{"allow":["GET"]}}],"collection":[{"href":"https:\/\/www.jootjeshaakcadeautjes.nl\/fr\/wp-json\/wp\/v2\/product"}],"about":[{"href":"https:\/\/www.jootjeshaakcadeautjes.nl\/fr\/wp-json\/wp\/v2\/types\/product"}],"version-history":[{"count":0,"href":"https:\/\/www.jootjeshaakcadeautjes.nl\/fr\/wp-json\/wp\/v2\/product\/136494\/revisions"}],"wp:featuredmedia":[{"embeddable":true,"href":"https:\/\/www.jootjeshaakcadeautjes.nl\/fr\/wp-json\/wp\/v2\/media\/274164"}],"wp:attachment":[{"href":"https:\/\/www.jootjeshaakcadeautjes.nl\/fr\/wp-json\/wp\/v2\/media?parent=136494"}],"wp:term":[{"taxonomy":"product_brand","embeddable":true,"href":"https:\/\/www.jootjeshaakcadeautjes.nl\/fr\/wp-json\/wp\/v2\/product_brand?post=136494"},{"taxonomy":"product_cat","embeddable":true,"href":"https:\/\/www.jootjeshaakcadeautjes.nl\/fr\/wp-json\/wp\/v2\/product_cat?post=136494"},{"taxonomy":"product_tag","embeddable":true,"href":"https:\/\/www.jootjeshaakcadeautjes.nl\/fr\/wp-json\/wp\/v2\/product_tag?post=136494"}],"curies":[{"name":"wp","href":"https:\/\/api.w.org\/{rel}","templated":true}]}}