{"id":136496,"date":"2015-09-02T00:24:02","date_gmt":"2015-09-01T23:24:02","guid":{"rendered":"https:\/\/www.jootjeshaakcadeautjes.nl\/product\/clips-pour-tetines-metal-rond-noir-sans-plomb\/"},"modified":"2025-03-11T02:42:44","modified_gmt":"2025-03-11T01:42:44","slug":"attache-sucette-25","status":"publish","type":"product","link":"https:\/\/www.jootjeshaakcadeautjes.nl\/fr\/produit\/attache-sucette-25\/","title":{"rendered":"Attache-sucette m\u00e9tal rond &#8211; Noir &#8211; Sans plomb"},"content":{"rendered":"<h1>Attache-sucette m\u00e9tal rond &#8211; Noir &#8211; Sans plomb<\/h1>\n<p>Attache-sucette en m\u00e9tal sans plomb pour la fabrication de cordon de t\u00e9tine ou de cordon de landau en variante l\u00e9opard. S&#8217;accorde parfaitement avec toutes les couleurs de perles en silicone et de perles en bois !<br \/>\nGr\u00e2ce \u00e0 l&#8217;insert en plastique solide, il s&#8217;accroche bien aux v\u00eatements et \u00e0 la poussette, par exemple.<\/p>\n<p>Peut \u00e9galement \u00eatre utilis\u00e9 comme cordon de c\u00e2linage pour que votre enfant ne perde pas son doudou pr\u00e9f\u00e9r\u00e9. Cela \u00e9vite bien des larmes !<\/p>\n<p>&nbsp;<\/p>\n","protected":false},"excerpt":{"rendered":"<ul>\n<li>Attache-sucette m\u00e9tal rond<\/li>\n<li>Version : Noir<\/li>\n<li>Pince \u00e0 b\u00e9b\u00e9 qui se clipse bien<\/li>\n<li>M\u00e9tal sans plomb<\/li>\n<\/ul>\n","protected":false},"featured_media":70823,"template":"","meta":[],"product_brand":[],"product_cat":[14021,19521,7378],"product_tag":[7384,7474,12312,7455,14022,12490,7418,10000,12314,14025,7608,14026,13450,14028,13960],"class_list":{"0":"post-136496","1":"product","2":"type-product","3":"status-publish","4":"has-post-thumbnail","6":"product_cat-clips-de-tetine-en-metal-sans-plomb","7":"product_cat-clips-sans-trous-pour-produits-decoratifs","8":"product_cat-fabrication-de-jouets-de-dentition-pour-bebe-cordon-de-sucette-et-anneaux-de-dentition","9":"product_tag-anneau-de-dentition","10":"product_tag-autour-de","11":"product_tag-babygym-fr","12":"product_tag-chaine-de-landau","13":"product_tag-clip-fr","14":"product_tag-clip-factice","15":"product_tag-faux-cordon","16":"product_tag-fictif","17":"product_tag-metal-fr","18":"product_tag-metal-fr-2","19":"product_tag-noir","20":"product_tag-pince-a-bretelles","21":"product_tag-plomb","22":"product_tag-sans-plomb-fr","23":"product_tag-sans-plomb","25":"first","26":"instock","27":"taxable","28":"shipping-taxable","29":"purchasable","30":"product-type-simple"},"bundled_by":[],"bundle_stock_status":"instock","bundle_stock_quantity":79,"bundle_virtual":false,"bundle_layout":"","bundle_add_to_cart_form_location":"","bundle_editable_in_cart":false,"bundle_sold_individually_context":"","bundle_item_grouping":"","bundle_min_size":"","bundle_max_size":"","bundle_price":[],"bundled_items":[],"bundle_sell_ids":[],"yoast_head":"<!-- This site is optimized with the Yoast SEO Premium plugin v27.6 (Yoast SEO v27.6) - https:\/\/yoast.com\/product\/yoast-seo-premium-wordpress\/ -->\n<title>Attache-sucette m\u00e9tal rond - Noir - Sans plomb - Jootjes Haakcadeautjes<\/title>\n<meta name=\"description\" content=\"Attache-sucette m\u00e9tal noir pour cordon de t\u00e9tine, cordon de t\u00e9tine ou cordon de t\u00e9tine. Fabriqu\u00e9 en m\u00e9tal sans plomb et sans danger pour les b\u00e9b\u00e9s. Reste fermement en place.\" \/>\n<meta name=\"robots\" content=\"index, follow, max-snippet:-1, max-image-preview:large, max-video-preview:-1\" \/>\n<link rel=\"canonical\" href=\"https:\/\/www.jootjeshaakcadeautjes.nl\/fr\/produit\/attache-sucette-25\/\" \/>\n<meta property=\"og:locale\" content=\"fr_FR\" \/>\n<meta property=\"og:type\" content=\"article\" \/>\n<meta property=\"og:title\" content=\"Attache-sucette m\u00e9tal rond - Noir - Sans plomb\" \/>\n<meta property=\"og:description\" content=\"Attache-sucette m\u00e9tal noir pour cordon de t\u00e9tine, cordon de t\u00e9tine ou cordon de t\u00e9tine. Fabriqu\u00e9 en m\u00e9tal sans plomb et sans danger pour les b\u00e9b\u00e9s. Reste fermement en place.\" \/>\n<meta property=\"og:url\" content=\"https:\/\/www.jootjeshaakcadeautjes.nl\/fr\/produit\/attache-sucette-25\/\" \/>\n<meta property=\"og:site_name\" content=\"Jootjes Haakcadeautjes\" \/>\n<meta property=\"article:modified_time\" content=\"2025-03-11T01:42:44+00:00\" \/>\n<meta property=\"og:image\" content=\"https:\/\/www.jootjeshaakcadeautjes.nl\/wp-content\/uploads\/2020\/08\/Metalen-speenclips-zwart-lood-vrij-baby-veilig.jpg\" \/>\n\t<meta property=\"og:image:width\" content=\"757\" \/>\n\t<meta property=\"og:image:height\" content=\"757\" \/>\n\t<meta property=\"og:image:type\" content=\"image\/jpeg\" \/>\n<meta name=\"twitter:card\" content=\"summary_large_image\" \/>\n<meta name=\"twitter:label1\" content=\"Prix\" \/>\n\t<meta name=\"twitter:data1\" content=\"&euro;1.00 TTC\" \/>\n\t<meta name=\"twitter:label2\" content=\"Disponibilit\u00e9\" \/>\n\t<meta name=\"twitter:data2\" content=\"En stock\" \/>\n<script type=\"application\/ld+json\" class=\"yoast-schema-graph\">{\"@context\":\"https:\\\/\\\/schema.org\",\"@graph\":[{\"@type\":\"WebPage\",\"@id\":\"https:\\\/\\\/www.jootjeshaakcadeautjes.nl\\\/fr\\\/produit\\\/attache-sucette-25\\\/\",\"url\":\"https:\\\/\\\/www.jootjeshaakcadeautjes.nl\\\/fr\\\/produit\\\/attache-sucette-25\\\/\",\"name\":\"Attache-sucette m\u00e9tal rond - Noir - Sans plomb - Jootjes Haakcadeautjes\",\"isPartOf\":{\"@id\":\"https:\\\/\\\/www.jootjeshaakcadeautjes.nl\\\/fr\\\/#website\"},\"primaryImageOfPage\":{\"@id\":\"https:\\\/\\\/www.jootjeshaakcadeautjes.nl\\\/fr\\\/produit\\\/attache-sucette-25\\\/#primaryimage\"},\"image\":{\"@id\":\"https:\\\/\\\/www.jootjeshaakcadeautjes.nl\\\/fr\\\/produit\\\/attache-sucette-25\\\/#primaryimage\"},\"thumbnailUrl\":\"https:\\\/\\\/d1dyryakdmle7o.cloudfront.net\\\/wp-content\\\/uploads\\\/2020\\\/08\\\/Metalen-speenclips-zwart-lood-vrij-baby-veilig.jpg\",\"datePublished\":\"2015-09-01T23:24:02+00:00\",\"dateModified\":\"2025-03-11T01:42:44+00:00\",\"description\":\"Attache-sucette m\u00e9tal noir pour cordon de t\u00e9tine, cordon de t\u00e9tine ou cordon de t\u00e9tine. Fabriqu\u00e9 en m\u00e9tal sans plomb et sans danger pour les b\u00e9b\u00e9s. Reste fermement en place.\",\"breadcrumb\":{\"@id\":\"https:\\\/\\\/www.jootjeshaakcadeautjes.nl\\\/fr\\\/produit\\\/attache-sucette-25\\\/#breadcrumb\"},\"inLanguage\":\"fr-FR\",\"potentialAction\":[{\"@type\":\"ReadAction\",\"target\":[\"https:\\\/\\\/www.jootjeshaakcadeautjes.nl\\\/fr\\\/produit\\\/attache-sucette-25\\\/\"]}]},{\"@type\":\"ImageObject\",\"inLanguage\":\"fr-FR\",\"@id\":\"https:\\\/\\\/www.jootjeshaakcadeautjes.nl\\\/fr\\\/produit\\\/attache-sucette-25\\\/#primaryimage\",\"url\":\"https:\\\/\\\/d1dyryakdmle7o.cloudfront.net\\\/wp-content\\\/uploads\\\/2020\\\/08\\\/Metalen-speenclips-zwart-lood-vrij-baby-veilig.jpg\",\"contentUrl\":\"https:\\\/\\\/d1dyryakdmle7o.cloudfront.net\\\/wp-content\\\/uploads\\\/2020\\\/08\\\/Metalen-speenclips-zwart-lood-vrij-baby-veilig.jpg\",\"width\":757,\"height\":757,\"caption\":\"Attache-sucette en m\u00e9tal noir sans plomb pour b\u00e9b\u00e9\"},{\"@type\":\"BreadcrumbList\",\"@id\":\"https:\\\/\\\/www.jootjeshaakcadeautjes.nl\\\/fr\\\/produit\\\/attache-sucette-25\\\/#breadcrumb\",\"itemListElement\":[{\"@type\":\"ListItem\",\"position\":1,\"name\":\"Accueil\",\"item\":\"https:\\\/\\\/www.jootjeshaakcadeautjes.nl\\\/fr\\\/\"},{\"@type\":\"ListItem\",\"position\":2,\"name\":\"Commerce de gros de perles en silicone &#8211; Entreprises et consommateurs\",\"item\":\"https:\\\/\\\/www.jootjeshaakcadeautjes.nl\\\/fr\\\/boutique\\\/\"},{\"@type\":\"ListItem\",\"position\":3,\"name\":\"Attache-sucette m\u00e9tal rond &#8211; Noir &#8211; Sans plomb\"}]},{\"@type\":\"WebSite\",\"@id\":\"https:\\\/\\\/www.jootjeshaakcadeautjes.nl\\\/fr\\\/#website\",\"url\":\"https:\\\/\\\/www.jootjeshaakcadeautjes.nl\\\/fr\\\/\",\"name\":\"Jootjes Haakcadeautjes\",\"description\":\"Grossiste en perles de silicone\",\"publisher\":{\"@id\":\"https:\\\/\\\/www.jootjeshaakcadeautjes.nl\\\/fr\\\/#organization\"},\"potentialAction\":[{\"@type\":\"SearchAction\",\"target\":{\"@type\":\"EntryPoint\",\"urlTemplate\":\"https:\\\/\\\/www.jootjeshaakcadeautjes.nl\\\/fr\\\/?s={search_term_string}\"},\"query-input\":{\"@type\":\"PropertyValueSpecification\",\"valueRequired\":true,\"valueName\":\"search_term_string\"}}],\"inLanguage\":\"fr-FR\"},{\"@type\":\"Organization\",\"@id\":\"https:\\\/\\\/www.jootjeshaakcadeautjes.nl\\\/fr\\\/#organization\",\"name\":\"Jootjes Haakcadeautjes\",\"url\":\"https:\\\/\\\/www.jootjeshaakcadeautjes.nl\\\/fr\\\/\",\"logo\":{\"@type\":\"ImageObject\",\"inLanguage\":\"fr-FR\",\"@id\":\"https:\\\/\\\/www.jootjeshaakcadeautjes.nl\\\/fr\\\/#\\\/schema\\\/logo\\\/image\\\/\",\"url\":\"https:\\\/\\\/d1dyryakdmle7o.cloudfront.net\\\/wp-content\\\/uploads\\\/2023\\\/05\\\/Logo-rond.png\",\"contentUrl\":\"https:\\\/\\\/d1dyryakdmle7o.cloudfront.net\\\/wp-content\\\/uploads\\\/2023\\\/05\\\/Logo-rond.png\",\"width\":1222,\"height\":1222,\"caption\":\"Jootjes Haakcadeautjes\"},\"image\":{\"@id\":\"https:\\\/\\\/www.jootjeshaakcadeautjes.nl\\\/fr\\\/#\\\/schema\\\/logo\\\/image\\\/\"}}]}<\/script>\n<meta property=\"product:price:amount\" content=\"1.00\" \/>\n<meta property=\"product:price:currency\" content=\"EUR\" \/>\n<meta property=\"og:availability\" content=\"instock\" \/>\n<meta property=\"product:availability\" content=\"instock\" \/>\n<meta property=\"product:retailer_item_id\" content=\"SPC-MET-ZRT\" \/>\n<meta property=\"product:condition\" content=\"new\" \/>\n<!-- \/ Yoast SEO Premium plugin. -->","yoast_head_json":{"title":"Attache-sucette m\u00e9tal rond - Noir - Sans plomb - Jootjes Haakcadeautjes","description":"Attache-sucette m\u00e9tal noir pour cordon de t\u00e9tine, cordon de t\u00e9tine ou cordon de t\u00e9tine. Fabriqu\u00e9 en m\u00e9tal sans plomb et sans danger pour les b\u00e9b\u00e9s. Reste fermement en place.","robots":{"index":"index","follow":"follow","max-snippet":"max-snippet:-1","max-image-preview":"max-image-preview:large","max-video-preview":"max-video-preview:-1"},"canonical":"https:\/\/www.jootjeshaakcadeautjes.nl\/fr\/produit\/attache-sucette-25\/","og_locale":"fr_FR","og_type":"article","og_title":"Attache-sucette m\u00e9tal rond - Noir - Sans plomb","og_description":"Attache-sucette m\u00e9tal noir pour cordon de t\u00e9tine, cordon de t\u00e9tine ou cordon de t\u00e9tine. Fabriqu\u00e9 en m\u00e9tal sans plomb et sans danger pour les b\u00e9b\u00e9s. Reste fermement en place.","og_url":"https:\/\/www.jootjeshaakcadeautjes.nl\/fr\/produit\/attache-sucette-25\/","og_site_name":"Jootjes Haakcadeautjes","article_modified_time":"2025-03-11T01:42:44+00:00","og_image":[{"width":757,"height":757,"url":"https:\/\/www.jootjeshaakcadeautjes.nl\/wp-content\/uploads\/2020\/08\/Metalen-speenclips-zwart-lood-vrij-baby-veilig.jpg","type":"image\/jpeg"}],"twitter_card":"summary_large_image","twitter_misc":{"Prix":"&euro;1.00 TTC","Disponibilit\u00e9":"En stock"},"schema":{"@context":"https:\/\/schema.org","@graph":[{"@type":"WebPage","@id":"https:\/\/www.jootjeshaakcadeautjes.nl\/fr\/produit\/attache-sucette-25\/","url":"https:\/\/www.jootjeshaakcadeautjes.nl\/fr\/produit\/attache-sucette-25\/","name":"Attache-sucette m\u00e9tal rond - Noir - Sans plomb - Jootjes Haakcadeautjes","isPartOf":{"@id":"https:\/\/www.jootjeshaakcadeautjes.nl\/fr\/#website"},"primaryImageOfPage":{"@id":"https:\/\/www.jootjeshaakcadeautjes.nl\/fr\/produit\/attache-sucette-25\/#primaryimage"},"image":{"@id":"https:\/\/www.jootjeshaakcadeautjes.nl\/fr\/produit\/attache-sucette-25\/#primaryimage"},"thumbnailUrl":"https:\/\/d1dyryakdmle7o.cloudfront.net\/wp-content\/uploads\/2020\/08\/Metalen-speenclips-zwart-lood-vrij-baby-veilig.jpg","datePublished":"2015-09-01T23:24:02+00:00","dateModified":"2025-03-11T01:42:44+00:00","description":"Attache-sucette m\u00e9tal noir pour cordon de t\u00e9tine, cordon de t\u00e9tine ou cordon de t\u00e9tine. Fabriqu\u00e9 en m\u00e9tal sans plomb et sans danger pour les b\u00e9b\u00e9s. Reste fermement en place.","breadcrumb":{"@id":"https:\/\/www.jootjeshaakcadeautjes.nl\/fr\/produit\/attache-sucette-25\/#breadcrumb"},"inLanguage":"fr-FR","potentialAction":[{"@type":"ReadAction","target":["https:\/\/www.jootjeshaakcadeautjes.nl\/fr\/produit\/attache-sucette-25\/"]}]},{"@type":"ImageObject","inLanguage":"fr-FR","@id":"https:\/\/www.jootjeshaakcadeautjes.nl\/fr\/produit\/attache-sucette-25\/#primaryimage","url":"https:\/\/d1dyryakdmle7o.cloudfront.net\/wp-content\/uploads\/2020\/08\/Metalen-speenclips-zwart-lood-vrij-baby-veilig.jpg","contentUrl":"https:\/\/d1dyryakdmle7o.cloudfront.net\/wp-content\/uploads\/2020\/08\/Metalen-speenclips-zwart-lood-vrij-baby-veilig.jpg","width":757,"height":757,"caption":"Attache-sucette en m\u00e9tal noir sans plomb pour b\u00e9b\u00e9"},{"@type":"BreadcrumbList","@id":"https:\/\/www.jootjeshaakcadeautjes.nl\/fr\/produit\/attache-sucette-25\/#breadcrumb","itemListElement":[{"@type":"ListItem","position":1,"name":"Accueil","item":"https:\/\/www.jootjeshaakcadeautjes.nl\/fr\/"},{"@type":"ListItem","position":2,"name":"Commerce de gros de perles en silicone &#8211; Entreprises et consommateurs","item":"https:\/\/www.jootjeshaakcadeautjes.nl\/fr\/boutique\/"},{"@type":"ListItem","position":3,"name":"Attache-sucette m\u00e9tal rond &#8211; Noir &#8211; Sans plomb"}]},{"@type":"WebSite","@id":"https:\/\/www.jootjeshaakcadeautjes.nl\/fr\/#website","url":"https:\/\/www.jootjeshaakcadeautjes.nl\/fr\/","name":"Jootjes Haakcadeautjes","description":"Grossiste en perles de silicone","publisher":{"@id":"https:\/\/www.jootjeshaakcadeautjes.nl\/fr\/#organization"},"potentialAction":[{"@type":"SearchAction","target":{"@type":"EntryPoint","urlTemplate":"https:\/\/www.jootjeshaakcadeautjes.nl\/fr\/?s={search_term_string}"},"query-input":{"@type":"PropertyValueSpecification","valueRequired":true,"valueName":"search_term_string"}}],"inLanguage":"fr-FR"},{"@type":"Organization","@id":"https:\/\/www.jootjeshaakcadeautjes.nl\/fr\/#organization","name":"Jootjes Haakcadeautjes","url":"https:\/\/www.jootjeshaakcadeautjes.nl\/fr\/","logo":{"@type":"ImageObject","inLanguage":"fr-FR","@id":"https:\/\/www.jootjeshaakcadeautjes.nl\/fr\/#\/schema\/logo\/image\/","url":"https:\/\/d1dyryakdmle7o.cloudfront.net\/wp-content\/uploads\/2023\/05\/Logo-rond.png","contentUrl":"https:\/\/d1dyryakdmle7o.cloudfront.net\/wp-content\/uploads\/2023\/05\/Logo-rond.png","width":1222,"height":1222,"caption":"Jootjes Haakcadeautjes"},"image":{"@id":"https:\/\/www.jootjeshaakcadeautjes.nl\/fr\/#\/schema\/logo\/image\/"}}]},"product_price_amount":"1.00","product_price_currency":"EUR","og_availability":"instock","product_availability":"instock","product_retailer_item_id":"SPC-MET-ZRT","product_condition":"new"},"_links":{"self":[{"href":"https:\/\/www.jootjeshaakcadeautjes.nl\/fr\/wp-json\/wp\/v2\/product\/136496","targetHints":{"allow":["GET"]}}],"collection":[{"href":"https:\/\/www.jootjeshaakcadeautjes.nl\/fr\/wp-json\/wp\/v2\/product"}],"about":[{"href":"https:\/\/www.jootjeshaakcadeautjes.nl\/fr\/wp-json\/wp\/v2\/types\/product"}],"version-history":[{"count":0,"href":"https:\/\/www.jootjeshaakcadeautjes.nl\/fr\/wp-json\/wp\/v2\/product\/136496\/revisions"}],"wp:featuredmedia":[{"embeddable":true,"href":"https:\/\/www.jootjeshaakcadeautjes.nl\/fr\/wp-json\/wp\/v2\/media\/70823"}],"wp:attachment":[{"href":"https:\/\/www.jootjeshaakcadeautjes.nl\/fr\/wp-json\/wp\/v2\/media?parent=136496"}],"wp:term":[{"taxonomy":"product_brand","embeddable":true,"href":"https:\/\/www.jootjeshaakcadeautjes.nl\/fr\/wp-json\/wp\/v2\/product_brand?post=136496"},{"taxonomy":"product_cat","embeddable":true,"href":"https:\/\/www.jootjeshaakcadeautjes.nl\/fr\/wp-json\/wp\/v2\/product_cat?post=136496"},{"taxonomy":"product_tag","embeddable":true,"href":"https:\/\/www.jootjeshaakcadeautjes.nl\/fr\/wp-json\/wp\/v2\/product_tag?post=136496"}],"curies":[{"name":"wp","href":"https:\/\/api.w.org\/{rel}","templated":true}]}}