{"id":138901,"date":"2024-03-18T18:10:32","date_gmt":"2024-03-18T16:10:32","guid":{"rendered":"https:\/\/www.jootjeshaakcadeautjes.nl\/?post_type=product&#038;p=138901"},"modified":"2025-05-30T18:35:21","modified_gmt":"2025-05-30T16:35:21","slug":"perles-de-silicone-21-mm-baby-powder-pink","status":"publish","type":"product","link":"https:\/\/www.jootjeshaakcadeautjes.nl\/fr\/produit\/perles-de-silicone-21-mm-baby-powder-pink\/","title":{"rendered":"Perles en silicone &#8211; 21 mm &#8211; Baby &#8211; Astilbe \/ Rose poudr\u00e9"},"content":{"rendered":"<h1>Perles en silicone &#8211; 21 mm &#8211; Baby &#8211; Astilbe \/ Rose poudr\u00e9<\/h1>\n<p>Une conception unique de Jootjes Haakcadeatjes ! Une perle en silicone avec un gaufrage b\u00e9b\u00e9. Ce b\u00e9b\u00e9 est r\u00e9ellement incorpor\u00e9 dans la perle et n&#8217;est pas appliqu\u00e9 par impression. Double face. Ces belles perles forment le ventre parfait d&#8217;une poup\u00e9e porte-bonheur. Par cons\u00e9quent, vous pouvez utiliser ces perles pour faire un beau cadeau \u00e0 une future maman, une infirmi\u00e8re de maternit\u00e9, un faire-part de grossesse, une r\u00e9v\u00e9lation de sexe et bien d&#8217;autres choses encore en un rien de temps. Vous pouvez \u00e9galement combiner ces perles dans un anneau de dentition ou avec des perles de lettres pour annoncer le nom du petit, par exemple. Vous pouvez ainsi d\u00e9velopper de nombreuses autres id\u00e9es cr\u00e9atives avec ces perles. Nous pensons que ces perles sont une source d&#8217;inspiration parfaite pour de nombreux autres magnifiques cadeaux de naissance !<\/p>\n<p>Le dessin est enregistr\u00e9 et disponible exclusivement chez Jootjes Haakcadeautjes<em>. <\/em><\/p>\n<h3>Sp\u00e9cifications :<\/h3>\n<ul>\n<li>Taille : 21 mm<\/li>\n<\/ul>\n<p>Toutes nos perles en silicone sont 100 % exemptes de BPA, de plomb, de toxines, de phtalates et de PVC. Par cons\u00e9quent, ces perles de silicone sont \u00e9galement de qualit\u00e9 m\u00e9dicale et peuvent \u00eatre utilis\u00e9es dans les jouets de dentition pour enfants. Les perles rondes de 20 mm sont parfaites pour fabriquer des anneaux de dentition, des cordons de t\u00e9tine, des colliers d&#8217;allaitement, des pendentifs de sac ou des gymnases pour b\u00e9b\u00e9s, entre autres.<\/p>\n<h3>Qualit\u00e9 et s\u00e9curit\u00e9 de nos perles de silicone<\/h3>\n<p>Toutes nos perles en silicone sont :<\/p>\n<ul>\n<li>Sans BPA<\/li>\n<li>Sans phtalates ni toxines<\/li>\n<li>Sans PVC<\/li>\n<li>Sans plomb<\/li>\n<li>Convient aux produits finis certifi\u00e9s CE<\/li>\n<li>Fabriqu\u00e9 \u00e0 partir de perles de silicone de qualit\u00e9 m\u00e9dicale<\/li>\n<\/ul>\n<h4>Fixation de ces perles en silicone pour le ventre de b\u00e9b\u00e9 :<\/h4>\n<p>Les perles en silicone sont faciles \u00e0 enfiler avec un cordon de cire ou de satin pour r\u00e9aliser un porte-cl\u00e9s, un anneau de dentition ou toute autre cr\u00e9ation. Le trou de b\u00e2ti est d&#8217;environ 2,5 mm. Tous nos cordons de satin, m\u00eame jusqu&#8217;\u00e0 la taille 2,25 mm, peuvent passer au moins deux fois dans les perles. En outre, les perles sont \u00e9galement parfaites pour \u00eatre enfil\u00e9es sur nos autres produits \u00e0 enfiler tels que les porte-cl\u00e9s, les pendentifs, les stylos, etc.<\/p>\n<h4>Nettoyage :<\/h4>\n<p>Ces perles en silicone conviennent donc aussi bien aux b\u00e9b\u00e9s qu&#8217;aux enfants plus \u00e2g\u00e9s qui aiment mordre dans quelque chose. Par cons\u00e9quent, ils ne s&#8217;usent pratiquement pas. En outre, les perles sont faciles \u00e0 nettoyer. Ces perles de silicone peuvent facilement passer au lave-vaisselle ou \u00e0 l&#8217;eau savonneuse. Laissez-les ensuite s\u00e9cher compl\u00e8tement avant de les donner \u00e0 nouveau \u00e0 un enfant. Les perles de silicone peuvent \u00e9galement \u00eatre conserv\u00e9es au r\u00e9frig\u00e9rateur. Ils sont donc tr\u00e8s utiles pour soulager la douleur lors des pouss\u00e9es dentaires.<\/p>\n<p><em>Avis de non-responsabilit\u00e9 : Fixez toujours les perles de silicone de mani\u00e8re s\u00fbre et v\u00e9rifiez r\u00e9guli\u00e8rement l&#8217;\u00e9tat d&#8217;usure de votre appareil. Vous en \u00eates vous-m\u00eame responsable. Jootjes Haakcadeautjes ne v\u00e9rifie pas le produit fini et ne peut donc pas assumer les dommages ou le rel\u00e2chement dus \u00e0 l&#8217;usure. Nous conseillons de n&#8217;utiliser les jouets de dentition faits \u00e0 la main que sous la surveillance d&#8217;un adulte afin d&#8217;\u00e9viter toute situation dangereuse. Tous nos produits sont test\u00e9s \u00e0 100 % pour leur innocuit\u00e9 chimique. Le respect des exigences m\u00e9caniques (EN12586 pour les cordons de t\u00e9tine et EN-71 pour les anneaux de dentition) rel\u00e8ve de la responsabilit\u00e9 du client.  <\/em><\/p>\n<h3>Avec quoi ces perles se combinent-elles bien ?<\/h3>\n<p>Toutes nos perles se combinent bien entre elles. Nous stockons les m\u00eames couleurs dans le plus grand nombre possible de types de perles. Ce n&#8217;est pas toujours possible. Ce faisant, il est \u00e9galement amusant de combiner les couleurs et les formes. Cela a un effet stimulant sur le d\u00e9veloppement de l&#8217;enfant. Plus la fourrure est abondante, mieux c&#8217;est. Comme mentionn\u00e9 ci-dessus, ces perles se pr\u00eatent bien \u00e0 une utilisation en tant que poup\u00e9es Lucky et en porte-cl\u00e9s. Ces perles sont souvent combin\u00e9es avec, par exemple, notre vaste collection de pompons et de n\u0153uds verticaux.<\/p>\n","protected":false},"excerpt":{"rendered":"<p>Exclusivement chez Jootjes Crochet Gifts :<\/p>\n<p>&#8211; Couleur : Astilbe \/ rose poudr\u00e9<br \/>\n&#8211; Type : Perles en silicone pour le ventre de b\u00e9b\u00e9<br \/>\n&#8211; Taille : 21 mm<br \/>\n&#8211; Couleur b\u00e9b\u00e9 : Astilbe (notre propre couleur), Perle : rose poudr\u00e9<br \/>\n&#8211; Mod\u00e8le d\u00e9pos\u00e9 par Jootjes\u00ae.<br \/>\n&#8211; Vendu \u00e0 l&#8217;unit\u00e9, nulle part moins cher<br \/>\n&#8211; Exempt de BPA, de phtalates, de plomb, de PVC et de toxines<br \/>\n&#8211; Convient aux produits finis certifi\u00e9s CE<br \/>\n&#8211; Perles de silicone de qualit\u00e9 m\u00e9dicale<br \/>\n&#8211; A conserver au r\u00e9frig\u00e9rateur<br \/>\n&#8211; Lavable au lave-vaisselle<\/p>\n","protected":false},"featured_media":138636,"template":"","meta":[],"product_brand":[],"product_cat":[7378,10238,12499,6992,7398,12310],"product_tag":[7457,7448,10489,14193,14188,7384,10245,7401,7424,7455,7428,12508,7489,10433,13337,7418,12604,10448,7440,10092,10435,13647,10148,12609,7392,7395,7200,7482,12507,12505,7619,12359,12601,10431,7209,12607,12862,10175,7415,7212,7468,14182],"class_list":{"0":"post-138901","1":"product","2":"type-product","3":"status-publish","4":"has-post-thumbnail","6":"product_cat-fabrication-de-jouets-de-dentition-pour-bebe-cordon-de-sucette-et-anneaux-de-dentition","7":"product_cat-perles-en-silicone-exclusivement-chez-jootjes","8":"product_cat-perles-en-silicone-luckyjos-luckyjos","9":"product_cat-perles-en-silicone-sans-bpa-grossiste","10":"product_cat-perles-en-silicone-toutes-les-perles-de-luxe-multicolores","11":"product_cat-poupees-chanceuses-diy-perles-et-fournitures","12":"product_tag-20-fr","13":"product_tag-20-mm-fr","14":"product_tag-20mm-fr","15":"product_tag-a-fr-7","16":"product_tag-aide-a-la-maternite","17":"product_tag-anneau-de-dentition","18":"product_tag-astilbe-fr","19":"product_tag-bebe","20":"product_tag-bpa-fr","21":"product_tag-chaine-de-landau","22":"product_tag-collier-dallaitement","23":"product_tag-corps-fr","24":"product_tag-crochet-pour-sac","25":"product_tag-de-fr","26":"product_tag-etre","27":"product_tag-faux-cordon","28":"product_tag-femme","29":"product_tag-fille","30":"product_tag-gratuit","31":"product_tag-gris","32":"product_tag-le-bonheur","33":"product_tag-maman-fr-3","34":"product_tag-marbre","35":"product_tag-marionnette","36":"product_tag-mm-fr","37":"product_tag-perle","38":"product_tag-perles","39":"product_tag-phtalates","40":"product_tag-pompons-fr","41":"product_tag-popkes-fr","42":"product_tag-porte-cles","43":"product_tag-poudre","44":"product_tag-poupee-fr","45":"product_tag-poupee","46":"product_tag-poupee-porte-bonheur","47":"product_tag-poupee-porte-bonheur-fr-2","48":"product_tag-present-fr","49":"product_tag-rose-fr-3","50":"product_tag-sans-bpa","51":"product_tag-silicone-fr","52":"product_tag-silicone-fr-2","53":"product_tag-ventre","55":"first","56":"instock","57":"taxable","58":"shipping-taxable","59":"purchasable","60":"product-type-simple"},"bundled_by":["138930","138954","286089"],"bundle_stock_status":"instock","bundle_stock_quantity":889,"bundle_virtual":false,"bundle_layout":"","bundle_add_to_cart_form_location":"","bundle_editable_in_cart":false,"bundle_sold_individually_context":"","bundle_item_grouping":"","bundle_min_size":"","bundle_max_size":"","bundle_price":[],"bundled_items":[],"bundle_sell_ids":[],"yoast_head":"<!-- This site is optimized with the Yoast SEO Premium plugin v27.6 (Yoast SEO v27.6) - https:\/\/yoast.com\/product\/yoast-seo-premium-wordpress\/ -->\n<title>Perles en silicone - 21 mm - Baby - Astilbe \/ Rose poudr\u00e9 %sep%% Jootjes Crochet Gifts<\/title>\n<meta name=\"description\" content=\"Les perles de silicone ovales de couleur vert sauge 12 mm sont exemptes de BPA, de plomb, de substances toxiques, de phtalates et de PVC, et sont marqu\u00e9es CE.\" \/>\n<meta name=\"robots\" content=\"index, follow, max-snippet:-1, max-image-preview:large, max-video-preview:-1\" \/>\n<link rel=\"canonical\" href=\"https:\/\/www.jootjeshaakcadeautjes.nl\/fr\/produit\/perles-de-silicone-21-mm-baby-powder-pink\/\" \/>\n<meta property=\"og:locale\" content=\"fr_FR\" \/>\n<meta property=\"og:type\" content=\"article\" \/>\n<meta property=\"og:title\" content=\"Perles en silicone - 21 mm - Baby - Astilbe \/ Rose poudr\u00e9\" \/>\n<meta property=\"og:description\" content=\"Les perles de silicone ovales de couleur vert sauge 12 mm sont exemptes de BPA, de plomb, de substances toxiques, de phtalates et de PVC, et sont marqu\u00e9es CE.\" \/>\n<meta property=\"og:url\" content=\"https:\/\/www.jootjeshaakcadeautjes.nl\/fr\/produit\/perles-de-silicone-21-mm-baby-powder-pink\/\" \/>\n<meta property=\"og:site_name\" content=\"Jootjes Haakcadeautjes\" \/>\n<meta property=\"article:modified_time\" content=\"2025-05-30T16:35:21+00:00\" \/>\n<meta property=\"og:image\" content=\"https:\/\/www.jootjeshaakcadeautjes.nl\/wp-content\/uploads\/2024\/03\/20240225_190118-1.jpg\" \/>\n\t<meta property=\"og:image:width\" content=\"2048\" \/>\n\t<meta property=\"og:image:height\" content=\"2048\" \/>\n\t<meta property=\"og:image:type\" content=\"image\/jpeg\" \/>\n<meta name=\"twitter:card\" content=\"summary_large_image\" \/>\n<meta name=\"twitter:label1\" content=\"Prix\" \/>\n\t<meta name=\"twitter:data1\" content=\"&euro;1.25 TTC\" \/>\n\t<meta name=\"twitter:label2\" content=\"Disponibilit\u00e9\" \/>\n\t<meta name=\"twitter:data2\" content=\"En stock\" \/>\n<script type=\"application\/ld+json\" class=\"yoast-schema-graph\">{\"@context\":\"https:\\\/\\\/schema.org\",\"@graph\":[{\"@type\":\"WebPage\",\"@id\":\"https:\\\/\\\/www.jootjeshaakcadeautjes.nl\\\/fr\\\/produit\\\/perles-de-silicone-21-mm-baby-powder-pink\\\/\",\"url\":\"https:\\\/\\\/www.jootjeshaakcadeautjes.nl\\\/fr\\\/produit\\\/perles-de-silicone-21-mm-baby-powder-pink\\\/\",\"name\":\"Perles en silicone - 21 mm - Baby - Astilbe \\\/ Rose poudr\u00e9 %sep%% Jootjes Crochet Gifts\",\"isPartOf\":{\"@id\":\"https:\\\/\\\/www.jootjeshaakcadeautjes.nl\\\/fr\\\/#website\"},\"primaryImageOfPage\":{\"@id\":\"https:\\\/\\\/www.jootjeshaakcadeautjes.nl\\\/fr\\\/produit\\\/perles-de-silicone-21-mm-baby-powder-pink\\\/#primaryimage\"},\"image\":{\"@id\":\"https:\\\/\\\/www.jootjeshaakcadeautjes.nl\\\/fr\\\/produit\\\/perles-de-silicone-21-mm-baby-powder-pink\\\/#primaryimage\"},\"thumbnailUrl\":\"https:\\\/\\\/d1dyryakdmle7o.cloudfront.net\\\/wp-content\\\/uploads\\\/2024\\\/03\\\/20240225_190118-1.jpg\",\"datePublished\":\"2024-03-18T16:10:32+00:00\",\"dateModified\":\"2025-05-30T16:35:21+00:00\",\"description\":\"Les perles de silicone ovales de couleur vert sauge 12 mm sont exemptes de BPA, de plomb, de substances toxiques, de phtalates et de PVC, et sont marqu\u00e9es CE.\",\"breadcrumb\":{\"@id\":\"https:\\\/\\\/www.jootjeshaakcadeautjes.nl\\\/fr\\\/produit\\\/perles-de-silicone-21-mm-baby-powder-pink\\\/#breadcrumb\"},\"inLanguage\":\"fr-FR\",\"potentialAction\":[{\"@type\":\"ReadAction\",\"target\":[\"https:\\\/\\\/www.jootjeshaakcadeautjes.nl\\\/fr\\\/produit\\\/perles-de-silicone-21-mm-baby-powder-pink\\\/\"]}]},{\"@type\":\"ImageObject\",\"inLanguage\":\"fr-FR\",\"@id\":\"https:\\\/\\\/www.jootjeshaakcadeautjes.nl\\\/fr\\\/produit\\\/perles-de-silicone-21-mm-baby-powder-pink\\\/#primaryimage\",\"url\":\"https:\\\/\\\/d1dyryakdmle7o.cloudfront.net\\\/wp-content\\\/uploads\\\/2024\\\/03\\\/20240225_190118-1.jpg\",\"contentUrl\":\"https:\\\/\\\/d1dyryakdmle7o.cloudfront.net\\\/wp-content\\\/uploads\\\/2024\\\/03\\\/20240225_190118-1.jpg\",\"width\":2048,\"height\":2048,\"caption\":\"Perles en silicone pour ventre de b\u00e9b\u00e9 rose 21 mm en gros sans bpa\"},{\"@type\":\"BreadcrumbList\",\"@id\":\"https:\\\/\\\/www.jootjeshaakcadeautjes.nl\\\/fr\\\/produit\\\/perles-de-silicone-21-mm-baby-powder-pink\\\/#breadcrumb\",\"itemListElement\":[{\"@type\":\"ListItem\",\"position\":1,\"name\":\"Accueil\",\"item\":\"https:\\\/\\\/www.jootjeshaakcadeautjes.nl\\\/fr\\\/\"},{\"@type\":\"ListItem\",\"position\":2,\"name\":\"Commerce de gros de perles en silicone &#8211; Entreprises et consommateurs\",\"item\":\"https:\\\/\\\/www.jootjeshaakcadeautjes.nl\\\/fr\\\/boutique\\\/\"},{\"@type\":\"ListItem\",\"position\":3,\"name\":\"Perles en silicone &#8211; 21 mm &#8211; Baby &#8211; Astilbe \\\/ Rose poudr\u00e9\"}]},{\"@type\":\"WebSite\",\"@id\":\"https:\\\/\\\/www.jootjeshaakcadeautjes.nl\\\/fr\\\/#website\",\"url\":\"https:\\\/\\\/www.jootjeshaakcadeautjes.nl\\\/fr\\\/\",\"name\":\"Jootjes Haakcadeautjes\",\"description\":\"Grossiste en perles de silicone\",\"publisher\":{\"@id\":\"https:\\\/\\\/www.jootjeshaakcadeautjes.nl\\\/fr\\\/#organization\"},\"potentialAction\":[{\"@type\":\"SearchAction\",\"target\":{\"@type\":\"EntryPoint\",\"urlTemplate\":\"https:\\\/\\\/www.jootjeshaakcadeautjes.nl\\\/fr\\\/?s={search_term_string}\"},\"query-input\":{\"@type\":\"PropertyValueSpecification\",\"valueRequired\":true,\"valueName\":\"search_term_string\"}}],\"inLanguage\":\"fr-FR\"},{\"@type\":\"Organization\",\"@id\":\"https:\\\/\\\/www.jootjeshaakcadeautjes.nl\\\/fr\\\/#organization\",\"name\":\"Jootjes Haakcadeautjes\",\"url\":\"https:\\\/\\\/www.jootjeshaakcadeautjes.nl\\\/fr\\\/\",\"logo\":{\"@type\":\"ImageObject\",\"inLanguage\":\"fr-FR\",\"@id\":\"https:\\\/\\\/www.jootjeshaakcadeautjes.nl\\\/fr\\\/#\\\/schema\\\/logo\\\/image\\\/\",\"url\":\"https:\\\/\\\/d1dyryakdmle7o.cloudfront.net\\\/wp-content\\\/uploads\\\/2023\\\/05\\\/Logo-rond.png\",\"contentUrl\":\"https:\\\/\\\/d1dyryakdmle7o.cloudfront.net\\\/wp-content\\\/uploads\\\/2023\\\/05\\\/Logo-rond.png\",\"width\":1222,\"height\":1222,\"caption\":\"Jootjes Haakcadeautjes\"},\"image\":{\"@id\":\"https:\\\/\\\/www.jootjeshaakcadeautjes.nl\\\/fr\\\/#\\\/schema\\\/logo\\\/image\\\/\"}}]}<\/script>\n<meta property=\"product:price:amount\" content=\"1.25\" \/>\n<meta property=\"product:price:currency\" content=\"EUR\" \/>\n<meta property=\"og:availability\" content=\"instock\" \/>\n<meta property=\"product:availability\" content=\"instock\" \/>\n<meta property=\"product:retailer_item_id\" content=\"SKR-BAB-WOPR\" \/>\n<meta property=\"product:condition\" content=\"new\" \/>\n<!-- \/ Yoast SEO Premium plugin. -->","yoast_head_json":{"title":"Perles en silicone - 21 mm - Baby - Astilbe \/ Rose poudr\u00e9 %sep%% Jootjes Crochet Gifts","description":"Les perles de silicone ovales de couleur vert sauge 12 mm sont exemptes de BPA, de plomb, de substances toxiques, de phtalates et de PVC, et sont marqu\u00e9es CE.","robots":{"index":"index","follow":"follow","max-snippet":"max-snippet:-1","max-image-preview":"max-image-preview:large","max-video-preview":"max-video-preview:-1"},"canonical":"https:\/\/www.jootjeshaakcadeautjes.nl\/fr\/produit\/perles-de-silicone-21-mm-baby-powder-pink\/","og_locale":"fr_FR","og_type":"article","og_title":"Perles en silicone - 21 mm - Baby - Astilbe \/ Rose poudr\u00e9","og_description":"Les perles de silicone ovales de couleur vert sauge 12 mm sont exemptes de BPA, de plomb, de substances toxiques, de phtalates et de PVC, et sont marqu\u00e9es CE.","og_url":"https:\/\/www.jootjeshaakcadeautjes.nl\/fr\/produit\/perles-de-silicone-21-mm-baby-powder-pink\/","og_site_name":"Jootjes Haakcadeautjes","article_modified_time":"2025-05-30T16:35:21+00:00","og_image":[{"width":2048,"height":2048,"url":"https:\/\/www.jootjeshaakcadeautjes.nl\/wp-content\/uploads\/2024\/03\/20240225_190118-1.jpg","type":"image\/jpeg"}],"twitter_card":"summary_large_image","twitter_misc":{"Prix":"&euro;1.25 TTC","Disponibilit\u00e9":"En stock"},"schema":{"@context":"https:\/\/schema.org","@graph":[{"@type":"WebPage","@id":"https:\/\/www.jootjeshaakcadeautjes.nl\/fr\/produit\/perles-de-silicone-21-mm-baby-powder-pink\/","url":"https:\/\/www.jootjeshaakcadeautjes.nl\/fr\/produit\/perles-de-silicone-21-mm-baby-powder-pink\/","name":"Perles en silicone - 21 mm - Baby - Astilbe \/ Rose poudr\u00e9 %sep%% Jootjes Crochet Gifts","isPartOf":{"@id":"https:\/\/www.jootjeshaakcadeautjes.nl\/fr\/#website"},"primaryImageOfPage":{"@id":"https:\/\/www.jootjeshaakcadeautjes.nl\/fr\/produit\/perles-de-silicone-21-mm-baby-powder-pink\/#primaryimage"},"image":{"@id":"https:\/\/www.jootjeshaakcadeautjes.nl\/fr\/produit\/perles-de-silicone-21-mm-baby-powder-pink\/#primaryimage"},"thumbnailUrl":"https:\/\/d1dyryakdmle7o.cloudfront.net\/wp-content\/uploads\/2024\/03\/20240225_190118-1.jpg","datePublished":"2024-03-18T16:10:32+00:00","dateModified":"2025-05-30T16:35:21+00:00","description":"Les perles de silicone ovales de couleur vert sauge 12 mm sont exemptes de BPA, de plomb, de substances toxiques, de phtalates et de PVC, et sont marqu\u00e9es CE.","breadcrumb":{"@id":"https:\/\/www.jootjeshaakcadeautjes.nl\/fr\/produit\/perles-de-silicone-21-mm-baby-powder-pink\/#breadcrumb"},"inLanguage":"fr-FR","potentialAction":[{"@type":"ReadAction","target":["https:\/\/www.jootjeshaakcadeautjes.nl\/fr\/produit\/perles-de-silicone-21-mm-baby-powder-pink\/"]}]},{"@type":"ImageObject","inLanguage":"fr-FR","@id":"https:\/\/www.jootjeshaakcadeautjes.nl\/fr\/produit\/perles-de-silicone-21-mm-baby-powder-pink\/#primaryimage","url":"https:\/\/d1dyryakdmle7o.cloudfront.net\/wp-content\/uploads\/2024\/03\/20240225_190118-1.jpg","contentUrl":"https:\/\/d1dyryakdmle7o.cloudfront.net\/wp-content\/uploads\/2024\/03\/20240225_190118-1.jpg","width":2048,"height":2048,"caption":"Perles en silicone pour ventre de b\u00e9b\u00e9 rose 21 mm en gros sans bpa"},{"@type":"BreadcrumbList","@id":"https:\/\/www.jootjeshaakcadeautjes.nl\/fr\/produit\/perles-de-silicone-21-mm-baby-powder-pink\/#breadcrumb","itemListElement":[{"@type":"ListItem","position":1,"name":"Accueil","item":"https:\/\/www.jootjeshaakcadeautjes.nl\/fr\/"},{"@type":"ListItem","position":2,"name":"Commerce de gros de perles en silicone &#8211; Entreprises et consommateurs","item":"https:\/\/www.jootjeshaakcadeautjes.nl\/fr\/boutique\/"},{"@type":"ListItem","position":3,"name":"Perles en silicone &#8211; 21 mm &#8211; Baby &#8211; Astilbe \/ Rose poudr\u00e9"}]},{"@type":"WebSite","@id":"https:\/\/www.jootjeshaakcadeautjes.nl\/fr\/#website","url":"https:\/\/www.jootjeshaakcadeautjes.nl\/fr\/","name":"Jootjes Haakcadeautjes","description":"Grossiste en perles de silicone","publisher":{"@id":"https:\/\/www.jootjeshaakcadeautjes.nl\/fr\/#organization"},"potentialAction":[{"@type":"SearchAction","target":{"@type":"EntryPoint","urlTemplate":"https:\/\/www.jootjeshaakcadeautjes.nl\/fr\/?s={search_term_string}"},"query-input":{"@type":"PropertyValueSpecification","valueRequired":true,"valueName":"search_term_string"}}],"inLanguage":"fr-FR"},{"@type":"Organization","@id":"https:\/\/www.jootjeshaakcadeautjes.nl\/fr\/#organization","name":"Jootjes Haakcadeautjes","url":"https:\/\/www.jootjeshaakcadeautjes.nl\/fr\/","logo":{"@type":"ImageObject","inLanguage":"fr-FR","@id":"https:\/\/www.jootjeshaakcadeautjes.nl\/fr\/#\/schema\/logo\/image\/","url":"https:\/\/d1dyryakdmle7o.cloudfront.net\/wp-content\/uploads\/2023\/05\/Logo-rond.png","contentUrl":"https:\/\/d1dyryakdmle7o.cloudfront.net\/wp-content\/uploads\/2023\/05\/Logo-rond.png","width":1222,"height":1222,"caption":"Jootjes Haakcadeautjes"},"image":{"@id":"https:\/\/www.jootjeshaakcadeautjes.nl\/fr\/#\/schema\/logo\/image\/"}}]},"product_price_amount":"1.25","product_price_currency":"EUR","og_availability":"instock","product_availability":"instock","product_retailer_item_id":"SKR-BAB-WOPR","product_condition":"new"},"_links":{"self":[{"href":"https:\/\/www.jootjeshaakcadeautjes.nl\/fr\/wp-json\/wp\/v2\/product\/138901","targetHints":{"allow":["GET"]}}],"collection":[{"href":"https:\/\/www.jootjeshaakcadeautjes.nl\/fr\/wp-json\/wp\/v2\/product"}],"about":[{"href":"https:\/\/www.jootjeshaakcadeautjes.nl\/fr\/wp-json\/wp\/v2\/types\/product"}],"version-history":[{"count":0,"href":"https:\/\/www.jootjeshaakcadeautjes.nl\/fr\/wp-json\/wp\/v2\/product\/138901\/revisions"}],"wp:featuredmedia":[{"embeddable":true,"href":"https:\/\/www.jootjeshaakcadeautjes.nl\/fr\/wp-json\/wp\/v2\/media\/138636"}],"wp:attachment":[{"href":"https:\/\/www.jootjeshaakcadeautjes.nl\/fr\/wp-json\/wp\/v2\/media?parent=138901"}],"wp:term":[{"taxonomy":"product_brand","embeddable":true,"href":"https:\/\/www.jootjeshaakcadeautjes.nl\/fr\/wp-json\/wp\/v2\/product_brand?post=138901"},{"taxonomy":"product_cat","embeddable":true,"href":"https:\/\/www.jootjeshaakcadeautjes.nl\/fr\/wp-json\/wp\/v2\/product_cat?post=138901"},{"taxonomy":"product_tag","embeddable":true,"href":"https:\/\/www.jootjeshaakcadeautjes.nl\/fr\/wp-json\/wp\/v2\/product_tag?post=138901"}],"curies":[{"name":"wp","href":"https:\/\/api.w.org\/{rel}","templated":true}]}}