{"id":139685,"date":"2024-03-14T14:05:28","date_gmt":"2024-03-14T12:05:28","guid":{"rendered":"https:\/\/www.jootjeshaakcadeautjes.nl\/?post_type=product&#038;p=139685"},"modified":"2026-01-08T17:15:15","modified_gmt":"2026-01-08T16:15:15","slug":"perles-de-silicone-proost-biere","status":"publish","type":"product","link":"https:\/\/www.jootjeshaakcadeautjes.nl\/fr\/produit\/perles-de-silicone-proost-biere\/","title":{"rendered":"Perles en silicone &#8211; Cheers Beer"},"content":{"rendered":"<h1>Perles en silicone &#8211; Cheers Beer<\/h1>\n<h3>Sp\u00e9cifications :<\/h3>\n<ul>\n<li>Egalement id\u00e9al pour un porte-cl\u00e9s !<\/li>\n<\/ul>\n<p>Toutes nos perles en silicone sont 100 % exemptes de BPA, de plomb, de toxines, de phtalates et de PVC. Nos perles de silicone sont donc de qualit\u00e9 m\u00e9dicale et conviennent aux jouets de dentition pour enfants.<\/p>\n<p>Vous trouverez le reste de notre gamme de perles en silicone ici : <a href=\"\/?product_cat=siliconen-kralen\">perles en silicone<\/a>. Vous trouverez les perles en bois ici :<a href=\"\/?product_cat=houten-kralen-kralen\">perles en bois.<\/a><\/p>\n<h3>Qualit\u00e9 et s\u00e9curit\u00e9 de nos perles de silicone<\/h3>\n<p>Toutes nos perles en silicone sont :<\/p>\n<ul>\n<li>Sans BPA<\/li>\n<li>Sans phtalates ni toxines<\/li>\n<li>Sans PVC<\/li>\n<li>Sans plomb<\/li>\n<li>Convient aux produits finis certifi\u00e9s CE<\/li>\n<li>Perles de silicone de qualit\u00e9 m\u00e9dicale<\/li>\n<\/ul>\n<p>&nbsp;<\/p>\n","protected":false},"excerpt":{"rendered":"<p>Code couleur : Cheers Beer &#8211; Vendu \u00e0 la pi\u00e8ce &#8211; Sans BPA, Phtalates, Plomb, PVC et Toxines &#8211; Convient aux produits finis certifi\u00e9s CE &#8211; Billes de silicone de qualit\u00e9 m\u00e9dicale &#8211; Refroidissable au r\u00e9frig\u00e9rateur &#8211; Lavable au lave-vaisselle<\/p>\n","protected":false},"featured_media":116570,"template":"","meta":[],"product_brand":[],"product_cat":[7378,12693,7497,6992,7398],"product_tag":[7384,14267,7424,7455,13235,10370,7610,7421,7428,10372,7489,7418,7440,7637,7392,7395,7200,7482,10367,7619,12428,7415,7212,7468,7441],"class_list":{"0":"post-139685","1":"product","2":"type-product","3":"status-publish","4":"has-post-thumbnail","6":"product_cat-fabrication-de-jouets-de-dentition-pour-bebe-cordon-de-sucette-et-anneaux-de-dentition","7":"product_cat-perles-de-silicone-alimentation-et-boissons","8":"product_cat-perles-en-silicone-fetes-et-saisons","9":"product_cat-perles-en-silicone-sans-bpa-grossiste","10":"product_cat-perles-en-silicone-toutes-les-perles-de-luxe-multicolores","11":"product_tag-anneau-de-dentition","12":"product_tag-biere-cheers","13":"product_tag-bpa-fr","14":"product_tag-chaine-de-landau","15":"product_tag-chopes-a-biere","16":"product_tag-cle-fr","17":"product_tag-cle","18":"product_tag-cm-fr","19":"product_tag-collier-dallaitement","20":"product_tag-cordon","21":"product_tag-crochet-pour-sac","22":"product_tag-faux-cordon","23":"product_tag-gratuit","24":"product_tag-les","25":"product_tag-mm-fr","26":"product_tag-perle","27":"product_tag-perles","28":"product_tag-phtalates","29":"product_tag-porte-cles-fr","30":"product_tag-porte-cles","31":"product_tag-pour","32":"product_tag-sans-bpa","33":"product_tag-silicone-fr","34":"product_tag-silicone-fr-2","35":"product_tag-stylo-a-billes","37":"first","38":"instock","39":"taxable","40":"shipping-taxable","41":"purchasable","42":"product-type-simple"},"bundled_by":["183620"],"bundle_stock_status":"instock","bundle_stock_quantity":8,"bundle_virtual":false,"bundle_layout":"","bundle_add_to_cart_form_location":"","bundle_editable_in_cart":false,"bundle_sold_individually_context":"","bundle_item_grouping":"","bundle_min_size":"","bundle_max_size":"","bundle_price":[],"bundled_items":[],"bundle_sell_ids":[],"yoast_head":"<!-- This site is optimized with the Yoast SEO Premium plugin v27.6 (Yoast SEO v27.6) - https:\/\/yoast.com\/product\/yoast-seo-premium-wordpress\/ -->\n<title>Perles en silicone - Cheers Beer - Anneau de dentition\/Cordon de t\u00e9tine-Jootjes Crochet Gifts<\/title>\n<meta name=\"description\" content=\"Les perles de silicone en forme de lapin, disponibles en plusieurs couleurs, sont exemptes de BPA, de plomb, de poison, de phtalate et de PVC, et portent le marquage CE. 100% s\u00e9curit\u00e9 enfants, meilleur prix !\" \/>\n<meta name=\"robots\" content=\"index, follow, max-snippet:-1, max-image-preview:large, max-video-preview:-1\" \/>\n<link rel=\"canonical\" href=\"https:\/\/www.jootjeshaakcadeautjes.nl\/fr\/produit\/perles-de-silicone-proost-biere\/\" \/>\n<meta property=\"og:locale\" content=\"fr_FR\" \/>\n<meta property=\"og:type\" content=\"article\" \/>\n<meta property=\"og:title\" content=\"Perles en silicone - Cheers Beer\" \/>\n<meta property=\"og:description\" content=\"Les perles de silicone en forme de lapin, disponibles en plusieurs couleurs, sont exemptes de BPA, de plomb, de poison, de phtalate et de PVC, et portent le marquage CE. 100% s\u00e9curit\u00e9 enfants, meilleur prix !\" \/>\n<meta property=\"og:url\" content=\"https:\/\/www.jootjeshaakcadeautjes.nl\/fr\/produit\/perles-de-silicone-proost-biere\/\" \/>\n<meta property=\"og:site_name\" content=\"Jootjes Haakcadeautjes\" \/>\n<meta property=\"article:modified_time\" content=\"2026-01-08T16:15:15+00:00\" \/>\n<meta property=\"og:image\" content=\"https:\/\/www.jootjeshaakcadeautjes.nl\/wp-content\/uploads\/2024\/02\/20240127_135712.jpg\" \/>\n\t<meta property=\"og:image:width\" content=\"2048\" \/>\n\t<meta property=\"og:image:height\" content=\"2048\" \/>\n\t<meta property=\"og:image:type\" content=\"image\/jpeg\" \/>\n<meta name=\"twitter:card\" content=\"summary_large_image\" \/>\n<meta name=\"twitter:label1\" content=\"Prix\" \/>\n\t<meta name=\"twitter:data1\" content=\"&euro;0.85 TTC\" \/>\n\t<meta name=\"twitter:label2\" content=\"Disponibilit\u00e9\" \/>\n\t<meta name=\"twitter:data2\" content=\"En stock\" \/>\n<script type=\"application\/ld+json\" class=\"yoast-schema-graph\">{\"@context\":\"https:\\\/\\\/schema.org\",\"@graph\":[{\"@type\":\"WebPage\",\"@id\":\"https:\\\/\\\/www.jootjeshaakcadeautjes.nl\\\/fr\\\/produit\\\/perles-de-silicone-proost-biere\\\/\",\"url\":\"https:\\\/\\\/www.jootjeshaakcadeautjes.nl\\\/fr\\\/produit\\\/perles-de-silicone-proost-biere\\\/\",\"name\":\"Perles en silicone - Cheers Beer - Anneau de dentition\\\/Cordon de t\u00e9tine-Jootjes Crochet Gifts\",\"isPartOf\":{\"@id\":\"https:\\\/\\\/www.jootjeshaakcadeautjes.nl\\\/fr\\\/#website\"},\"primaryImageOfPage\":{\"@id\":\"https:\\\/\\\/www.jootjeshaakcadeautjes.nl\\\/fr\\\/produit\\\/perles-de-silicone-proost-biere\\\/#primaryimage\"},\"image\":{\"@id\":\"https:\\\/\\\/www.jootjeshaakcadeautjes.nl\\\/fr\\\/produit\\\/perles-de-silicone-proost-biere\\\/#primaryimage\"},\"thumbnailUrl\":\"https:\\\/\\\/d1dyryakdmle7o.cloudfront.net\\\/wp-content\\\/uploads\\\/2024\\\/02\\\/20240127_135712.jpg\",\"datePublished\":\"2024-03-14T12:05:28+00:00\",\"dateModified\":\"2026-01-08T16:15:15+00:00\",\"description\":\"Les perles de silicone en forme de lapin, disponibles en plusieurs couleurs, sont exemptes de BPA, de plomb, de poison, de phtalate et de PVC, et portent le marquage CE. 100% s\u00e9curit\u00e9 enfants, meilleur prix !\",\"breadcrumb\":{\"@id\":\"https:\\\/\\\/www.jootjeshaakcadeautjes.nl\\\/fr\\\/produit\\\/perles-de-silicone-proost-biere\\\/#breadcrumb\"},\"inLanguage\":\"fr-FR\",\"potentialAction\":[{\"@type\":\"ReadAction\",\"target\":[\"https:\\\/\\\/www.jootjeshaakcadeautjes.nl\\\/fr\\\/produit\\\/perles-de-silicone-proost-biere\\\/\"]}]},{\"@type\":\"ImageObject\",\"inLanguage\":\"fr-FR\",\"@id\":\"https:\\\/\\\/www.jootjeshaakcadeautjes.nl\\\/fr\\\/produit\\\/perles-de-silicone-proost-biere\\\/#primaryimage\",\"url\":\"https:\\\/\\\/d1dyryakdmle7o.cloudfront.net\\\/wp-content\\\/uploads\\\/2024\\\/02\\\/20240127_135712.jpg\",\"contentUrl\":\"https:\\\/\\\/d1dyryakdmle7o.cloudfront.net\\\/wp-content\\\/uploads\\\/2024\\\/02\\\/20240127_135712.jpg\",\"width\":2048,\"height\":2048,\"caption\":\"Bi\u00e8re Cheers\"},{\"@type\":\"BreadcrumbList\",\"@id\":\"https:\\\/\\\/www.jootjeshaakcadeautjes.nl\\\/fr\\\/produit\\\/perles-de-silicone-proost-biere\\\/#breadcrumb\",\"itemListElement\":[{\"@type\":\"ListItem\",\"position\":1,\"name\":\"Accueil\",\"item\":\"https:\\\/\\\/www.jootjeshaakcadeautjes.nl\\\/fr\\\/\"},{\"@type\":\"ListItem\",\"position\":2,\"name\":\"Commerce de gros de perles en silicone &#8211; Entreprises et consommateurs\",\"item\":\"https:\\\/\\\/www.jootjeshaakcadeautjes.nl\\\/fr\\\/boutique\\\/\"},{\"@type\":\"ListItem\",\"position\":3,\"name\":\"Perles en silicone &#8211; Cheers Beer\"}]},{\"@type\":\"WebSite\",\"@id\":\"https:\\\/\\\/www.jootjeshaakcadeautjes.nl\\\/fr\\\/#website\",\"url\":\"https:\\\/\\\/www.jootjeshaakcadeautjes.nl\\\/fr\\\/\",\"name\":\"Jootjes Haakcadeautjes\",\"description\":\"Grossiste en perles de silicone\",\"publisher\":{\"@id\":\"https:\\\/\\\/www.jootjeshaakcadeautjes.nl\\\/fr\\\/#organization\"},\"potentialAction\":[{\"@type\":\"SearchAction\",\"target\":{\"@type\":\"EntryPoint\",\"urlTemplate\":\"https:\\\/\\\/www.jootjeshaakcadeautjes.nl\\\/fr\\\/?s={search_term_string}\"},\"query-input\":{\"@type\":\"PropertyValueSpecification\",\"valueRequired\":true,\"valueName\":\"search_term_string\"}}],\"inLanguage\":\"fr-FR\"},{\"@type\":\"Organization\",\"@id\":\"https:\\\/\\\/www.jootjeshaakcadeautjes.nl\\\/fr\\\/#organization\",\"name\":\"Jootjes Haakcadeautjes\",\"url\":\"https:\\\/\\\/www.jootjeshaakcadeautjes.nl\\\/fr\\\/\",\"logo\":{\"@type\":\"ImageObject\",\"inLanguage\":\"fr-FR\",\"@id\":\"https:\\\/\\\/www.jootjeshaakcadeautjes.nl\\\/fr\\\/#\\\/schema\\\/logo\\\/image\\\/\",\"url\":\"https:\\\/\\\/d1dyryakdmle7o.cloudfront.net\\\/wp-content\\\/uploads\\\/2023\\\/05\\\/Logo-rond.png\",\"contentUrl\":\"https:\\\/\\\/d1dyryakdmle7o.cloudfront.net\\\/wp-content\\\/uploads\\\/2023\\\/05\\\/Logo-rond.png\",\"width\":1222,\"height\":1222,\"caption\":\"Jootjes Haakcadeautjes\"},\"image\":{\"@id\":\"https:\\\/\\\/www.jootjeshaakcadeautjes.nl\\\/fr\\\/#\\\/schema\\\/logo\\\/image\\\/\"}}]}<\/script>\n<meta property=\"product:price:amount\" content=\"0.85\" \/>\n<meta property=\"product:price:currency\" content=\"EUR\" \/>\n<meta property=\"og:availability\" content=\"instock\" \/>\n<meta property=\"product:availability\" content=\"instock\" \/>\n<meta property=\"product:retailer_item_id\" content=\"SKR-PRO-BIR\" \/>\n<meta property=\"product:condition\" content=\"new\" \/>\n<!-- \/ Yoast SEO Premium plugin. -->","yoast_head_json":{"title":"Perles en silicone - Cheers Beer - Anneau de dentition\/Cordon de t\u00e9tine-Jootjes Crochet Gifts","description":"Les perles de silicone en forme de lapin, disponibles en plusieurs couleurs, sont exemptes de BPA, de plomb, de poison, de phtalate et de PVC, et portent le marquage CE. 100% s\u00e9curit\u00e9 enfants, meilleur prix !","robots":{"index":"index","follow":"follow","max-snippet":"max-snippet:-1","max-image-preview":"max-image-preview:large","max-video-preview":"max-video-preview:-1"},"canonical":"https:\/\/www.jootjeshaakcadeautjes.nl\/fr\/produit\/perles-de-silicone-proost-biere\/","og_locale":"fr_FR","og_type":"article","og_title":"Perles en silicone - Cheers Beer","og_description":"Les perles de silicone en forme de lapin, disponibles en plusieurs couleurs, sont exemptes de BPA, de plomb, de poison, de phtalate et de PVC, et portent le marquage CE. 100% s\u00e9curit\u00e9 enfants, meilleur prix !","og_url":"https:\/\/www.jootjeshaakcadeautjes.nl\/fr\/produit\/perles-de-silicone-proost-biere\/","og_site_name":"Jootjes Haakcadeautjes","article_modified_time":"2026-01-08T16:15:15+00:00","og_image":[{"width":2048,"height":2048,"url":"https:\/\/www.jootjeshaakcadeautjes.nl\/wp-content\/uploads\/2024\/02\/20240127_135712.jpg","type":"image\/jpeg"}],"twitter_card":"summary_large_image","twitter_misc":{"Prix":"&euro;0.85 TTC","Disponibilit\u00e9":"En stock"},"schema":{"@context":"https:\/\/schema.org","@graph":[{"@type":"WebPage","@id":"https:\/\/www.jootjeshaakcadeautjes.nl\/fr\/produit\/perles-de-silicone-proost-biere\/","url":"https:\/\/www.jootjeshaakcadeautjes.nl\/fr\/produit\/perles-de-silicone-proost-biere\/","name":"Perles en silicone - Cheers Beer - Anneau de dentition\/Cordon de t\u00e9tine-Jootjes Crochet Gifts","isPartOf":{"@id":"https:\/\/www.jootjeshaakcadeautjes.nl\/fr\/#website"},"primaryImageOfPage":{"@id":"https:\/\/www.jootjeshaakcadeautjes.nl\/fr\/produit\/perles-de-silicone-proost-biere\/#primaryimage"},"image":{"@id":"https:\/\/www.jootjeshaakcadeautjes.nl\/fr\/produit\/perles-de-silicone-proost-biere\/#primaryimage"},"thumbnailUrl":"https:\/\/d1dyryakdmle7o.cloudfront.net\/wp-content\/uploads\/2024\/02\/20240127_135712.jpg","datePublished":"2024-03-14T12:05:28+00:00","dateModified":"2026-01-08T16:15:15+00:00","description":"Les perles de silicone en forme de lapin, disponibles en plusieurs couleurs, sont exemptes de BPA, de plomb, de poison, de phtalate et de PVC, et portent le marquage CE. 100% s\u00e9curit\u00e9 enfants, meilleur prix !","breadcrumb":{"@id":"https:\/\/www.jootjeshaakcadeautjes.nl\/fr\/produit\/perles-de-silicone-proost-biere\/#breadcrumb"},"inLanguage":"fr-FR","potentialAction":[{"@type":"ReadAction","target":["https:\/\/www.jootjeshaakcadeautjes.nl\/fr\/produit\/perles-de-silicone-proost-biere\/"]}]},{"@type":"ImageObject","inLanguage":"fr-FR","@id":"https:\/\/www.jootjeshaakcadeautjes.nl\/fr\/produit\/perles-de-silicone-proost-biere\/#primaryimage","url":"https:\/\/d1dyryakdmle7o.cloudfront.net\/wp-content\/uploads\/2024\/02\/20240127_135712.jpg","contentUrl":"https:\/\/d1dyryakdmle7o.cloudfront.net\/wp-content\/uploads\/2024\/02\/20240127_135712.jpg","width":2048,"height":2048,"caption":"Bi\u00e8re Cheers"},{"@type":"BreadcrumbList","@id":"https:\/\/www.jootjeshaakcadeautjes.nl\/fr\/produit\/perles-de-silicone-proost-biere\/#breadcrumb","itemListElement":[{"@type":"ListItem","position":1,"name":"Accueil","item":"https:\/\/www.jootjeshaakcadeautjes.nl\/fr\/"},{"@type":"ListItem","position":2,"name":"Commerce de gros de perles en silicone &#8211; Entreprises et consommateurs","item":"https:\/\/www.jootjeshaakcadeautjes.nl\/fr\/boutique\/"},{"@type":"ListItem","position":3,"name":"Perles en silicone &#8211; Cheers Beer"}]},{"@type":"WebSite","@id":"https:\/\/www.jootjeshaakcadeautjes.nl\/fr\/#website","url":"https:\/\/www.jootjeshaakcadeautjes.nl\/fr\/","name":"Jootjes Haakcadeautjes","description":"Grossiste en perles de silicone","publisher":{"@id":"https:\/\/www.jootjeshaakcadeautjes.nl\/fr\/#organization"},"potentialAction":[{"@type":"SearchAction","target":{"@type":"EntryPoint","urlTemplate":"https:\/\/www.jootjeshaakcadeautjes.nl\/fr\/?s={search_term_string}"},"query-input":{"@type":"PropertyValueSpecification","valueRequired":true,"valueName":"search_term_string"}}],"inLanguage":"fr-FR"},{"@type":"Organization","@id":"https:\/\/www.jootjeshaakcadeautjes.nl\/fr\/#organization","name":"Jootjes Haakcadeautjes","url":"https:\/\/www.jootjeshaakcadeautjes.nl\/fr\/","logo":{"@type":"ImageObject","inLanguage":"fr-FR","@id":"https:\/\/www.jootjeshaakcadeautjes.nl\/fr\/#\/schema\/logo\/image\/","url":"https:\/\/d1dyryakdmle7o.cloudfront.net\/wp-content\/uploads\/2023\/05\/Logo-rond.png","contentUrl":"https:\/\/d1dyryakdmle7o.cloudfront.net\/wp-content\/uploads\/2023\/05\/Logo-rond.png","width":1222,"height":1222,"caption":"Jootjes Haakcadeautjes"},"image":{"@id":"https:\/\/www.jootjeshaakcadeautjes.nl\/fr\/#\/schema\/logo\/image\/"}}]},"product_price_amount":"0.85","product_price_currency":"EUR","og_availability":"instock","product_availability":"instock","product_retailer_item_id":"SKR-PRO-BIR","product_condition":"new"},"_links":{"self":[{"href":"https:\/\/www.jootjeshaakcadeautjes.nl\/fr\/wp-json\/wp\/v2\/product\/139685","targetHints":{"allow":["GET"]}}],"collection":[{"href":"https:\/\/www.jootjeshaakcadeautjes.nl\/fr\/wp-json\/wp\/v2\/product"}],"about":[{"href":"https:\/\/www.jootjeshaakcadeautjes.nl\/fr\/wp-json\/wp\/v2\/types\/product"}],"version-history":[{"count":0,"href":"https:\/\/www.jootjeshaakcadeautjes.nl\/fr\/wp-json\/wp\/v2\/product\/139685\/revisions"}],"wp:featuredmedia":[{"embeddable":true,"href":"https:\/\/www.jootjeshaakcadeautjes.nl\/fr\/wp-json\/wp\/v2\/media\/116570"}],"wp:attachment":[{"href":"https:\/\/www.jootjeshaakcadeautjes.nl\/fr\/wp-json\/wp\/v2\/media?parent=139685"}],"wp:term":[{"taxonomy":"product_brand","embeddable":true,"href":"https:\/\/www.jootjeshaakcadeautjes.nl\/fr\/wp-json\/wp\/v2\/product_brand?post=139685"},{"taxonomy":"product_cat","embeddable":true,"href":"https:\/\/www.jootjeshaakcadeautjes.nl\/fr\/wp-json\/wp\/v2\/product_cat?post=139685"},{"taxonomy":"product_tag","embeddable":true,"href":"https:\/\/www.jootjeshaakcadeautjes.nl\/fr\/wp-json\/wp\/v2\/product_tag?post=139685"}],"curies":[{"name":"wp","href":"https:\/\/api.w.org\/{rel}","templated":true}]}}