{"id":140216,"date":"2024-03-18T10:40:44","date_gmt":"2024-03-18T08:40:44","guid":{"rendered":"https:\/\/www.jootjeshaakcadeautjes.nl\/?post_type=product&#038;p=140216"},"modified":"2025-03-11T17:27:37","modified_gmt":"2025-03-11T16:27:37","slug":"de-la-taille-dune-cuillere-a-cafe","status":"publish","type":"product","link":"https:\/\/www.jootjeshaakcadeautjes.nl\/fr\/produit\/de-la-taille-dune-cuillere-a-cafe\/","title":{"rendered":"Cuill\u00e8re \u00e0 th\u00e9 &#8211; Rowable"},"content":{"rendered":"<h2>Cuill\u00e8re \u00e0 th\u00e9 &#8211; Rowable<\/h2>\n<p>Mat\u00e9riau : acier inoxydable<br \/>\nType : Cuill\u00e8re \u00e0 th\u00e9<\/p>\n<p>Rowable avec des perles en silicone et des perles en bois. Parfait pour les f\u00eates de fin d&#8217;ann\u00e9e, une d\u00e9gustation de vin, une r\u00e9union, un enterrement de vie de gar\u00e7on ou de jeune fille. Personnalisez-le \u00e0 votre guise avec vos propres textes ou avec nos poup\u00e9es porte-bonheur et nos corps en silicone pour qu&#8217;il corresponde parfaitement au destinataire de ce merveilleux cadeau ! La partie de b\u00e2tissage est d&#8217;environ 5 cm. Pour l&#8217;estimation de la taille. Jusqu&#8217;\u00e0 4 perles de silicone de 16 mm de diam\u00e8tre s&#8217;y adaptent.<\/p>\n<p>Nettoyage : Laver \u00e0 la main ! Veuillez noter que les perles en bois ne peuvent pas \u00eatre mises au lave-vaisselle. Nous recommandons de laver \u00e0 la main tous les couverts \u00e0 badigeonner. Les extr\u00e9mit\u00e9s filet\u00e9es de la partie filet\u00e9e ne durent pas longtemps lorsqu&#8217;elles sont nettoy\u00e9es au lave-vaisselle.<\/p>\n","protected":false},"excerpt":{"rendered":"<p>Mat\u00e9riau : acier inoxydable \/Lavage \u00e0 la main !<br \/>\nType : Cuill\u00e8re \u00e0 th\u00e9 &#8211; Rang\u00e9e<\/p>\n","protected":false},"featured_media":112568,"template":"","meta":[],"product_brand":[],"product_cat":[7190,18101,7195],"product_tag":[7233,7220,7242,7206,7251,7254,7274,14243,7256,7215,7248,7203,7276,7272,7270,7245,7259,7262,7200,7230,7224,7227,7212,7217],"class_list":{"0":"post-140216","1":"product","2":"type-product","3":"status-publish","4":"has-post-thumbnail","6":"product_cat-couverts-reglables-pelle-a-gateau-couteau-coupe-pizza-couteau-a-fromage","7":"product_cat-perles-et-articles-de-bricolage-noel","8":"product_cat-produits-basteable-tous-les-produits-basteable","9":"product_tag-acier-inoxydable","10":"product_tag-b2b-fr","11":"product_tag-boire","12":"product_tag-bricolage","13":"product_tag-cadeaux-personnalises","14":"product_tag-celibataire","15":"product_tag-concept-fr","16":"product_tag-cuillere-a-cafe","17":"product_tag-enterrement-de-vie-de-jeune-fille","18":"product_tag-faire","19":"product_tag-faites-le-vous-meme","20":"product_tag-hobby-fr","21":"product_tag-magasin","22":"product_tag-marche","23":"product_tag-materiaux","24":"product_tag-parti","25":"product_tag-parti-fr","26":"product_tag-parti-fr-2","27":"product_tag-perles","28":"product_tag-personnalisation","29":"product_tag-personnalise","30":"product_tag-rangee","31":"product_tag-silicone-fr","32":"product_tag-toi-meme","34":"first","35":"instock","36":"taxable","37":"shipping-taxable","38":"purchasable","39":"product-type-simple"},"bundled_by":["147195"],"bundle_stock_status":"instock","bundle_stock_quantity":54,"bundle_virtual":false,"bundle_layout":"","bundle_add_to_cart_form_location":"","bundle_editable_in_cart":false,"bundle_sold_individually_context":"","bundle_item_grouping":"","bundle_min_size":"","bundle_max_size":"","bundle_price":[],"bundled_items":[],"bundle_sell_ids":[],"yoast_head":"<!-- This site is optimized with the Yoast SEO Premium plugin v27.6 (Yoast SEO v27.6) - https:\/\/yoast.com\/product\/yoast-seo-premium-wordpress\/ -->\n<title>Cuill\u00e8re \u00e0 th\u00e9 - Rowable | DIY | Jootjes<\/title>\n<meta name=\"description\" content=\"Achetez une cuill\u00e8re \u00e0 th\u00e9 enfilable - Threadable et personnalisez-la \u00e0 votre guise avec nos perles en bois et en silicone. Lavage \u00e0 la main !\" \/>\n<meta name=\"robots\" content=\"index, follow, max-snippet:-1, max-image-preview:large, max-video-preview:-1\" \/>\n<link rel=\"canonical\" href=\"https:\/\/www.jootjeshaakcadeautjes.nl\/fr\/produit\/de-la-taille-dune-cuillere-a-cafe\/\" \/>\n<meta property=\"og:locale\" content=\"fr_FR\" \/>\n<meta property=\"og:type\" content=\"article\" \/>\n<meta property=\"og:title\" content=\"Cuill\u00e8re \u00e0 th\u00e9 - Rowable\" \/>\n<meta property=\"og:description\" content=\"Achetez une cuill\u00e8re \u00e0 th\u00e9 enfilable - Threadable et personnalisez-la \u00e0 votre guise avec nos perles en bois et en silicone. Lavage \u00e0 la main !\" \/>\n<meta property=\"og:url\" content=\"https:\/\/www.jootjeshaakcadeautjes.nl\/fr\/produit\/de-la-taille-dune-cuillere-a-cafe\/\" \/>\n<meta property=\"og:site_name\" content=\"Jootjes Haakcadeautjes\" \/>\n<meta property=\"article:modified_time\" content=\"2025-03-11T16:27:37+00:00\" \/>\n<meta property=\"og:image\" content=\"https:\/\/www.jootjeshaakcadeautjes.nl\/wp-content\/uploads\/2023\/12\/Remove-background-project-2-1.jpg\" \/>\n\t<meta property=\"og:image:width\" content=\"2048\" \/>\n\t<meta property=\"og:image:height\" content=\"2048\" \/>\n\t<meta property=\"og:image:type\" content=\"image\/jpeg\" \/>\n<meta name=\"twitter:card\" content=\"summary_large_image\" \/>\n<meta name=\"twitter:label1\" content=\"Prix\" \/>\n\t<meta name=\"twitter:data1\" content=\"&euro;2.50 TTC\" \/>\n\t<meta name=\"twitter:label2\" content=\"Disponibilit\u00e9\" \/>\n\t<meta name=\"twitter:data2\" content=\"En stock\" \/>\n<script type=\"application\/ld+json\" class=\"yoast-schema-graph\">{\"@context\":\"https:\\\/\\\/schema.org\",\"@graph\":[{\"@type\":\"WebPage\",\"@id\":\"https:\\\/\\\/www.jootjeshaakcadeautjes.nl\\\/fr\\\/produit\\\/de-la-taille-dune-cuillere-a-cafe\\\/\",\"url\":\"https:\\\/\\\/www.jootjeshaakcadeautjes.nl\\\/fr\\\/produit\\\/de-la-taille-dune-cuillere-a-cafe\\\/\",\"name\":\"Cuill\u00e8re \u00e0 th\u00e9 - Rowable | DIY | Jootjes\",\"isPartOf\":{\"@id\":\"https:\\\/\\\/www.jootjeshaakcadeautjes.nl\\\/fr\\\/#website\"},\"primaryImageOfPage\":{\"@id\":\"https:\\\/\\\/www.jootjeshaakcadeautjes.nl\\\/fr\\\/produit\\\/de-la-taille-dune-cuillere-a-cafe\\\/#primaryimage\"},\"image\":{\"@id\":\"https:\\\/\\\/www.jootjeshaakcadeautjes.nl\\\/fr\\\/produit\\\/de-la-taille-dune-cuillere-a-cafe\\\/#primaryimage\"},\"thumbnailUrl\":\"https:\\\/\\\/d1dyryakdmle7o.cloudfront.net\\\/wp-content\\\/uploads\\\/2023\\\/12\\\/Remove-background-project-2-1.jpg\",\"datePublished\":\"2024-03-18T08:40:44+00:00\",\"dateModified\":\"2025-03-11T16:27:37+00:00\",\"description\":\"Achetez une cuill\u00e8re \u00e0 th\u00e9 enfilable - Threadable et personnalisez-la \u00e0 votre guise avec nos perles en bois et en silicone. Lavage \u00e0 la main !\",\"breadcrumb\":{\"@id\":\"https:\\\/\\\/www.jootjeshaakcadeautjes.nl\\\/fr\\\/produit\\\/de-la-taille-dune-cuillere-a-cafe\\\/#breadcrumb\"},\"inLanguage\":\"fr-FR\",\"potentialAction\":[{\"@type\":\"ReadAction\",\"target\":[\"https:\\\/\\\/www.jootjeshaakcadeautjes.nl\\\/fr\\\/produit\\\/de-la-taille-dune-cuillere-a-cafe\\\/\"]}]},{\"@type\":\"ImageObject\",\"inLanguage\":\"fr-FR\",\"@id\":\"https:\\\/\\\/www.jootjeshaakcadeautjes.nl\\\/fr\\\/produit\\\/de-la-taille-dune-cuillere-a-cafe\\\/#primaryimage\",\"url\":\"https:\\\/\\\/d1dyryakdmle7o.cloudfront.net\\\/wp-content\\\/uploads\\\/2023\\\/12\\\/Remove-background-project-2-1.jpg\",\"contentUrl\":\"https:\\\/\\\/d1dyryakdmle7o.cloudfront.net\\\/wp-content\\\/uploads\\\/2023\\\/12\\\/Remove-background-project-2-1.jpg\",\"width\":2048,\"height\":2048,\"caption\":\"Cuill\u00e8re \u00e0 th\u00e9 - Rowable\"},{\"@type\":\"BreadcrumbList\",\"@id\":\"https:\\\/\\\/www.jootjeshaakcadeautjes.nl\\\/fr\\\/produit\\\/de-la-taille-dune-cuillere-a-cafe\\\/#breadcrumb\",\"itemListElement\":[{\"@type\":\"ListItem\",\"position\":1,\"name\":\"Accueil\",\"item\":\"https:\\\/\\\/www.jootjeshaakcadeautjes.nl\\\/fr\\\/\"},{\"@type\":\"ListItem\",\"position\":2,\"name\":\"Commerce de gros de perles en silicone &#8211; Entreprises et consommateurs\",\"item\":\"https:\\\/\\\/www.jootjeshaakcadeautjes.nl\\\/fr\\\/boutique\\\/\"},{\"@type\":\"ListItem\",\"position\":3,\"name\":\"Cuill\u00e8re \u00e0 th\u00e9 &#8211; Rowable\"}]},{\"@type\":\"WebSite\",\"@id\":\"https:\\\/\\\/www.jootjeshaakcadeautjes.nl\\\/fr\\\/#website\",\"url\":\"https:\\\/\\\/www.jootjeshaakcadeautjes.nl\\\/fr\\\/\",\"name\":\"Jootjes Haakcadeautjes\",\"description\":\"Grossiste en perles de silicone\",\"publisher\":{\"@id\":\"https:\\\/\\\/www.jootjeshaakcadeautjes.nl\\\/fr\\\/#organization\"},\"potentialAction\":[{\"@type\":\"SearchAction\",\"target\":{\"@type\":\"EntryPoint\",\"urlTemplate\":\"https:\\\/\\\/www.jootjeshaakcadeautjes.nl\\\/fr\\\/?s={search_term_string}\"},\"query-input\":{\"@type\":\"PropertyValueSpecification\",\"valueRequired\":true,\"valueName\":\"search_term_string\"}}],\"inLanguage\":\"fr-FR\"},{\"@type\":\"Organization\",\"@id\":\"https:\\\/\\\/www.jootjeshaakcadeautjes.nl\\\/fr\\\/#organization\",\"name\":\"Jootjes Haakcadeautjes\",\"url\":\"https:\\\/\\\/www.jootjeshaakcadeautjes.nl\\\/fr\\\/\",\"logo\":{\"@type\":\"ImageObject\",\"inLanguage\":\"fr-FR\",\"@id\":\"https:\\\/\\\/www.jootjeshaakcadeautjes.nl\\\/fr\\\/#\\\/schema\\\/logo\\\/image\\\/\",\"url\":\"https:\\\/\\\/d1dyryakdmle7o.cloudfront.net\\\/wp-content\\\/uploads\\\/2023\\\/05\\\/Logo-rond.png\",\"contentUrl\":\"https:\\\/\\\/d1dyryakdmle7o.cloudfront.net\\\/wp-content\\\/uploads\\\/2023\\\/05\\\/Logo-rond.png\",\"width\":1222,\"height\":1222,\"caption\":\"Jootjes Haakcadeautjes\"},\"image\":{\"@id\":\"https:\\\/\\\/www.jootjeshaakcadeautjes.nl\\\/fr\\\/#\\\/schema\\\/logo\\\/image\\\/\"}}]}<\/script>\n<meta property=\"product:price:amount\" content=\"2.50\" \/>\n<meta property=\"product:price:currency\" content=\"EUR\" \/>\n<meta property=\"og:availability\" content=\"instock\" \/>\n<meta property=\"product:availability\" content=\"instock\" \/>\n<meta property=\"product:retailer_item_id\" content=\"KRK-THL-RIJG\" \/>\n<meta property=\"product:condition\" content=\"new\" \/>\n<!-- \/ Yoast SEO Premium plugin. -->","yoast_head_json":{"title":"Cuill\u00e8re \u00e0 th\u00e9 - Rowable | DIY | Jootjes","description":"Achetez une cuill\u00e8re \u00e0 th\u00e9 enfilable - Threadable et personnalisez-la \u00e0 votre guise avec nos perles en bois et en silicone. Lavage \u00e0 la main !","robots":{"index":"index","follow":"follow","max-snippet":"max-snippet:-1","max-image-preview":"max-image-preview:large","max-video-preview":"max-video-preview:-1"},"canonical":"https:\/\/www.jootjeshaakcadeautjes.nl\/fr\/produit\/de-la-taille-dune-cuillere-a-cafe\/","og_locale":"fr_FR","og_type":"article","og_title":"Cuill\u00e8re \u00e0 th\u00e9 - Rowable","og_description":"Achetez une cuill\u00e8re \u00e0 th\u00e9 enfilable - Threadable et personnalisez-la \u00e0 votre guise avec nos perles en bois et en silicone. Lavage \u00e0 la main !","og_url":"https:\/\/www.jootjeshaakcadeautjes.nl\/fr\/produit\/de-la-taille-dune-cuillere-a-cafe\/","og_site_name":"Jootjes Haakcadeautjes","article_modified_time":"2025-03-11T16:27:37+00:00","og_image":[{"width":2048,"height":2048,"url":"https:\/\/www.jootjeshaakcadeautjes.nl\/wp-content\/uploads\/2023\/12\/Remove-background-project-2-1.jpg","type":"image\/jpeg"}],"twitter_card":"summary_large_image","twitter_misc":{"Prix":"&euro;2.50 TTC","Disponibilit\u00e9":"En stock"},"schema":{"@context":"https:\/\/schema.org","@graph":[{"@type":"WebPage","@id":"https:\/\/www.jootjeshaakcadeautjes.nl\/fr\/produit\/de-la-taille-dune-cuillere-a-cafe\/","url":"https:\/\/www.jootjeshaakcadeautjes.nl\/fr\/produit\/de-la-taille-dune-cuillere-a-cafe\/","name":"Cuill\u00e8re \u00e0 th\u00e9 - Rowable | DIY | Jootjes","isPartOf":{"@id":"https:\/\/www.jootjeshaakcadeautjes.nl\/fr\/#website"},"primaryImageOfPage":{"@id":"https:\/\/www.jootjeshaakcadeautjes.nl\/fr\/produit\/de-la-taille-dune-cuillere-a-cafe\/#primaryimage"},"image":{"@id":"https:\/\/www.jootjeshaakcadeautjes.nl\/fr\/produit\/de-la-taille-dune-cuillere-a-cafe\/#primaryimage"},"thumbnailUrl":"https:\/\/d1dyryakdmle7o.cloudfront.net\/wp-content\/uploads\/2023\/12\/Remove-background-project-2-1.jpg","datePublished":"2024-03-18T08:40:44+00:00","dateModified":"2025-03-11T16:27:37+00:00","description":"Achetez une cuill\u00e8re \u00e0 th\u00e9 enfilable - Threadable et personnalisez-la \u00e0 votre guise avec nos perles en bois et en silicone. Lavage \u00e0 la main !","breadcrumb":{"@id":"https:\/\/www.jootjeshaakcadeautjes.nl\/fr\/produit\/de-la-taille-dune-cuillere-a-cafe\/#breadcrumb"},"inLanguage":"fr-FR","potentialAction":[{"@type":"ReadAction","target":["https:\/\/www.jootjeshaakcadeautjes.nl\/fr\/produit\/de-la-taille-dune-cuillere-a-cafe\/"]}]},{"@type":"ImageObject","inLanguage":"fr-FR","@id":"https:\/\/www.jootjeshaakcadeautjes.nl\/fr\/produit\/de-la-taille-dune-cuillere-a-cafe\/#primaryimage","url":"https:\/\/d1dyryakdmle7o.cloudfront.net\/wp-content\/uploads\/2023\/12\/Remove-background-project-2-1.jpg","contentUrl":"https:\/\/d1dyryakdmle7o.cloudfront.net\/wp-content\/uploads\/2023\/12\/Remove-background-project-2-1.jpg","width":2048,"height":2048,"caption":"Cuill\u00e8re \u00e0 th\u00e9 - Rowable"},{"@type":"BreadcrumbList","@id":"https:\/\/www.jootjeshaakcadeautjes.nl\/fr\/produit\/de-la-taille-dune-cuillere-a-cafe\/#breadcrumb","itemListElement":[{"@type":"ListItem","position":1,"name":"Accueil","item":"https:\/\/www.jootjeshaakcadeautjes.nl\/fr\/"},{"@type":"ListItem","position":2,"name":"Commerce de gros de perles en silicone &#8211; Entreprises et consommateurs","item":"https:\/\/www.jootjeshaakcadeautjes.nl\/fr\/boutique\/"},{"@type":"ListItem","position":3,"name":"Cuill\u00e8re \u00e0 th\u00e9 &#8211; Rowable"}]},{"@type":"WebSite","@id":"https:\/\/www.jootjeshaakcadeautjes.nl\/fr\/#website","url":"https:\/\/www.jootjeshaakcadeautjes.nl\/fr\/","name":"Jootjes Haakcadeautjes","description":"Grossiste en perles de silicone","publisher":{"@id":"https:\/\/www.jootjeshaakcadeautjes.nl\/fr\/#organization"},"potentialAction":[{"@type":"SearchAction","target":{"@type":"EntryPoint","urlTemplate":"https:\/\/www.jootjeshaakcadeautjes.nl\/fr\/?s={search_term_string}"},"query-input":{"@type":"PropertyValueSpecification","valueRequired":true,"valueName":"search_term_string"}}],"inLanguage":"fr-FR"},{"@type":"Organization","@id":"https:\/\/www.jootjeshaakcadeautjes.nl\/fr\/#organization","name":"Jootjes Haakcadeautjes","url":"https:\/\/www.jootjeshaakcadeautjes.nl\/fr\/","logo":{"@type":"ImageObject","inLanguage":"fr-FR","@id":"https:\/\/www.jootjeshaakcadeautjes.nl\/fr\/#\/schema\/logo\/image\/","url":"https:\/\/d1dyryakdmle7o.cloudfront.net\/wp-content\/uploads\/2023\/05\/Logo-rond.png","contentUrl":"https:\/\/d1dyryakdmle7o.cloudfront.net\/wp-content\/uploads\/2023\/05\/Logo-rond.png","width":1222,"height":1222,"caption":"Jootjes Haakcadeautjes"},"image":{"@id":"https:\/\/www.jootjeshaakcadeautjes.nl\/fr\/#\/schema\/logo\/image\/"}}]},"product_price_amount":"2.50","product_price_currency":"EUR","og_availability":"instock","product_availability":"instock","product_retailer_item_id":"KRK-THL-RIJG","product_condition":"new"},"_links":{"self":[{"href":"https:\/\/www.jootjeshaakcadeautjes.nl\/fr\/wp-json\/wp\/v2\/product\/140216","targetHints":{"allow":["GET"]}}],"collection":[{"href":"https:\/\/www.jootjeshaakcadeautjes.nl\/fr\/wp-json\/wp\/v2\/product"}],"about":[{"href":"https:\/\/www.jootjeshaakcadeautjes.nl\/fr\/wp-json\/wp\/v2\/types\/product"}],"version-history":[{"count":0,"href":"https:\/\/www.jootjeshaakcadeautjes.nl\/fr\/wp-json\/wp\/v2\/product\/140216\/revisions"}],"wp:featuredmedia":[{"embeddable":true,"href":"https:\/\/www.jootjeshaakcadeautjes.nl\/fr\/wp-json\/wp\/v2\/media\/112568"}],"wp:attachment":[{"href":"https:\/\/www.jootjeshaakcadeautjes.nl\/fr\/wp-json\/wp\/v2\/media?parent=140216"}],"wp:term":[{"taxonomy":"product_brand","embeddable":true,"href":"https:\/\/www.jootjeshaakcadeautjes.nl\/fr\/wp-json\/wp\/v2\/product_brand?post=140216"},{"taxonomy":"product_cat","embeddable":true,"href":"https:\/\/www.jootjeshaakcadeautjes.nl\/fr\/wp-json\/wp\/v2\/product_cat?post=140216"},{"taxonomy":"product_tag","embeddable":true,"href":"https:\/\/www.jootjeshaakcadeautjes.nl\/fr\/wp-json\/wp\/v2\/product_tag?post=140216"}],"curies":[{"name":"wp","href":"https:\/\/api.w.org\/{rel}","templated":true}]}}