{"id":141908,"date":"2024-03-23T08:59:46","date_gmt":"2024-03-23T07:59:46","guid":{"rendered":"https:\/\/www.jootjeshaakcadeautjes.nl\/?post_type=product&#038;p=141908"},"modified":"2025-03-11T05:08:08","modified_gmt":"2025-03-11T04:08:08","slug":"silicone-beads-rose-or-nugget-shopping-by-color","status":"publish","type":"product","link":"https:\/\/www.jootjeshaakcadeautjes.nl\/fr\/produit\/silicone-beads-rose-or-nugget-shopping-by-color\/","title":{"rendered":"Perles de silicone &#8211; P\u00e9pite d&#8217;or rose &#8211; Acheter par couleur"},"content":{"rendered":"<h2>Achats par couleur &#8211; P\u00e9pite d&#8217;or rose<\/h2>\n<p>Dans ce pr\u00e9sentoir, nous avons regroup\u00e9 toutes nos perles en or rose et les accessoires correspondants en un seul produit. Cela vous permet de commander facilement et rapidement toutes les perles de base et les perles de luxe monocolores disponibles en p\u00e9pite d&#8217;or rose. Il est ainsi beaucoup plus facile d&#8217;acheter tous vos produits pr\u00e9f\u00e9r\u00e9s en silicone dans une seule couleur.<\/p>\n","protected":false},"excerpt":{"rendered":"<p>Mat\u00e9riau : 100% silicone sans danger pour les b\u00e9b\u00e9s, sans bpa, test\u00e9 en toute s\u00e9curit\u00e9 conform\u00e9ment aux directives EN-71 et donc adapt\u00e9 aux produits finis certifi\u00e9s CE.<\/p>\n","protected":false},"featured_media":141933,"template":"","meta":[],"product_brand":[],"product_cat":[10112,18080,6992,18289],"product_tag":[14377,10120,7476,7384,10143,7401,10126,7424,7455,7463,10138,10132,7418,7440,10140,12645,10124,18056,10115,7619,10136,7617,7408],"class_list":{"0":"post-141908","1":"product","2":"type-product","3":"status-publish","4":"has-post-thumbnail","6":"product_cat-perles-de-silicone-boutique-par-couleur","7":"product_cat-perles-en-silicone-basics-noel","8":"product_cat-perles-en-silicone-sans-bpa-grossiste","9":"product_cat-thema-sinterklaas","10":"product_tag-achats-fr","11":"product_tag-achats","12":"product_tag-acheter","13":"product_tag-anneau-de-dentition","14":"product_tag-anneau-de-dentition-3d","15":"product_tag-bebe","16":"product_tag-bouchon-de-vin","17":"product_tag-bpa-fr","18":"product_tag-chaine-de-landau","19":"product_tag-commerce-de-gros","20":"product_tag-crochet-pour-sac-fr","21":"product_tag-decapsuleur","22":"product_tag-faux-cordon","23":"product_tag-gratuit","24":"product_tag-jaszipper-fr","25":"product_tag-lor-fr","26":"product_tag-pepite","27":"product_tag-pepite-dor-rose-fr","28":"product_tag-perles-de-silicone","29":"product_tag-porte-cles","30":"product_tag-rapide","31":"product_tag-rose-fr-2","32":"product_tag-sur","34":"first","35":"instock","36":"taxable","37":"shipping-taxable","38":"product-type-grouped"},"bundled_by":[],"bundle_stock_status":"instock","bundle_stock_quantity":null,"bundle_virtual":false,"bundle_layout":"","bundle_add_to_cart_form_location":"","bundle_editable_in_cart":false,"bundle_sold_individually_context":"","bundle_item_grouping":"","bundle_min_size":"","bundle_max_size":"","bundle_price":[],"bundled_items":[],"bundle_sell_ids":[],"yoast_head":"<!-- This site is optimized with the Yoast SEO Premium plugin v27.6 (Yoast SEO v27.6) - https:\/\/yoast.com\/product\/yoast-seo-premium-wordpress\/ -->\n<title>Perles en silicone - p\u00e9pite d&#039;or rose<\/title>\n<meta name=\"description\" content=\"Achetez nos perles de silicone en couleur Rose Gold Nugget pour une utilisation en cordon de t\u00e9tine, anneau de dentition, balan\u00e7oire de landau, porte-cl\u00e9s et plus encore.\" \/>\n<meta name=\"robots\" content=\"index, follow, max-snippet:-1, max-image-preview:large, max-video-preview:-1\" \/>\n<link rel=\"canonical\" href=\"https:\/\/www.jootjeshaakcadeautjes.nl\/fr\/produit\/silicone-beads-rose-or-nugget-shopping-by-color\/\" \/>\n<meta property=\"og:locale\" content=\"fr_FR\" \/>\n<meta property=\"og:type\" content=\"article\" \/>\n<meta property=\"og:title\" content=\"Perles de silicone - P\u00e9pite d&#039;or rose - Acheter par couleur\" \/>\n<meta property=\"og:description\" content=\"Achetez nos perles de silicone en couleur Rose Gold Nugget pour une utilisation en cordon de t\u00e9tine, anneau de dentition, balan\u00e7oire de landau, porte-cl\u00e9s et plus encore.\" \/>\n<meta property=\"og:url\" content=\"https:\/\/www.jootjeshaakcadeautjes.nl\/fr\/produit\/silicone-beads-rose-or-nugget-shopping-by-color\/\" \/>\n<meta property=\"og:site_name\" content=\"Jootjes Haakcadeautjes\" \/>\n<meta property=\"article:modified_time\" content=\"2025-03-11T04:08:08+00:00\" \/>\n<meta property=\"og:image\" content=\"https:\/\/www.jootjeshaakcadeautjes.nl\/wp-content\/uploads\/2022\/10\/Siliconen-kralen-rose-gold-nugget-speenkoord-bijtring-inspiratie-inkopen-wagenspanner.jpg\" \/>\n\t<meta property=\"og:image:width\" content=\"2048\" \/>\n\t<meta property=\"og:image:height\" content=\"2048\" \/>\n\t<meta property=\"og:image:type\" content=\"image\/jpeg\" \/>\n<meta name=\"twitter:card\" content=\"summary_large_image\" \/>\n<meta name=\"twitter:label1\" content=\"Disponibilit\u00e9\" \/>\n\t<meta name=\"twitter:data1\" content=\"En stock\" \/>\n<script type=\"application\/ld+json\" class=\"yoast-schema-graph\">{\"@context\":\"https:\\\/\\\/schema.org\",\"@graph\":[{\"@type\":\"WebPage\",\"@id\":\"https:\\\/\\\/www.jootjeshaakcadeautjes.nl\\\/fr\\\/produit\\\/silicone-beads-rose-or-nugget-shopping-by-color\\\/\",\"url\":\"https:\\\/\\\/www.jootjeshaakcadeautjes.nl\\\/fr\\\/produit\\\/silicone-beads-rose-or-nugget-shopping-by-color\\\/\",\"name\":\"Perles en silicone - p\u00e9pite d'or rose\",\"isPartOf\":{\"@id\":\"https:\\\/\\\/www.jootjeshaakcadeautjes.nl\\\/fr\\\/#website\"},\"primaryImageOfPage\":{\"@id\":\"https:\\\/\\\/www.jootjeshaakcadeautjes.nl\\\/fr\\\/produit\\\/silicone-beads-rose-or-nugget-shopping-by-color\\\/#primaryimage\"},\"image\":{\"@id\":\"https:\\\/\\\/www.jootjeshaakcadeautjes.nl\\\/fr\\\/produit\\\/silicone-beads-rose-or-nugget-shopping-by-color\\\/#primaryimage\"},\"thumbnailUrl\":\"https:\\\/\\\/d1dyryakdmle7o.cloudfront.net\\\/wp-content\\\/uploads\\\/2022\\\/10\\\/Siliconen-kralen-rose-gold-nugget-speenkoord-bijtring-inspiratie-inkopen-wagenspanner.jpg\",\"datePublished\":\"2024-03-23T07:59:46+00:00\",\"dateModified\":\"2025-03-11T04:08:08+00:00\",\"description\":\"Achetez nos perles de silicone en couleur Rose Gold Nugget pour une utilisation en cordon de t\u00e9tine, anneau de dentition, balan\u00e7oire de landau, porte-cl\u00e9s et plus encore.\",\"breadcrumb\":{\"@id\":\"https:\\\/\\\/www.jootjeshaakcadeautjes.nl\\\/fr\\\/produit\\\/silicone-beads-rose-or-nugget-shopping-by-color\\\/#breadcrumb\"},\"inLanguage\":\"fr-FR\",\"potentialAction\":[{\"@type\":\"ReadAction\",\"target\":[\"https:\\\/\\\/www.jootjeshaakcadeautjes.nl\\\/fr\\\/produit\\\/silicone-beads-rose-or-nugget-shopping-by-color\\\/\"]}]},{\"@type\":\"ImageObject\",\"inLanguage\":\"fr-FR\",\"@id\":\"https:\\\/\\\/www.jootjeshaakcadeautjes.nl\\\/fr\\\/produit\\\/silicone-beads-rose-or-nugget-shopping-by-color\\\/#primaryimage\",\"url\":\"https:\\\/\\\/d1dyryakdmle7o.cloudfront.net\\\/wp-content\\\/uploads\\\/2022\\\/10\\\/Siliconen-kralen-rose-gold-nugget-speenkoord-bijtring-inspiratie-inkopen-wagenspanner.jpg\",\"contentUrl\":\"https:\\\/\\\/d1dyryakdmle7o.cloudfront.net\\\/wp-content\\\/uploads\\\/2022\\\/10\\\/Siliconen-kralen-rose-gold-nugget-speenkoord-bijtring-inspiratie-inkopen-wagenspanner.jpg\",\"width\":2048,\"height\":2048,\"caption\":\"Anneau de dentition pour t\u00e9tine avec perles en silicone et p\u00e9pites en or rose inspiration shopping pram spoiler\"},{\"@type\":\"BreadcrumbList\",\"@id\":\"https:\\\/\\\/www.jootjeshaakcadeautjes.nl\\\/fr\\\/produit\\\/silicone-beads-rose-or-nugget-shopping-by-color\\\/#breadcrumb\",\"itemListElement\":[{\"@type\":\"ListItem\",\"position\":1,\"name\":\"Accueil\",\"item\":\"https:\\\/\\\/www.jootjeshaakcadeautjes.nl\\\/fr\\\/\"},{\"@type\":\"ListItem\",\"position\":2,\"name\":\"Commerce de gros de perles en silicone &#8211; Entreprises et consommateurs\",\"item\":\"https:\\\/\\\/www.jootjeshaakcadeautjes.nl\\\/fr\\\/boutique\\\/\"},{\"@type\":\"ListItem\",\"position\":3,\"name\":\"Perles de silicone &#8211; P\u00e9pite d&#8217;or rose &#8211; Acheter par couleur\"}]},{\"@type\":\"WebSite\",\"@id\":\"https:\\\/\\\/www.jootjeshaakcadeautjes.nl\\\/fr\\\/#website\",\"url\":\"https:\\\/\\\/www.jootjeshaakcadeautjes.nl\\\/fr\\\/\",\"name\":\"Jootjes Haakcadeautjes\",\"description\":\"Grossiste en perles de silicone\",\"publisher\":{\"@id\":\"https:\\\/\\\/www.jootjeshaakcadeautjes.nl\\\/fr\\\/#organization\"},\"potentialAction\":[{\"@type\":\"SearchAction\",\"target\":{\"@type\":\"EntryPoint\",\"urlTemplate\":\"https:\\\/\\\/www.jootjeshaakcadeautjes.nl\\\/fr\\\/?s={search_term_string}\"},\"query-input\":{\"@type\":\"PropertyValueSpecification\",\"valueRequired\":true,\"valueName\":\"search_term_string\"}}],\"inLanguage\":\"fr-FR\"},{\"@type\":\"Organization\",\"@id\":\"https:\\\/\\\/www.jootjeshaakcadeautjes.nl\\\/fr\\\/#organization\",\"name\":\"Jootjes Haakcadeautjes\",\"url\":\"https:\\\/\\\/www.jootjeshaakcadeautjes.nl\\\/fr\\\/\",\"logo\":{\"@type\":\"ImageObject\",\"inLanguage\":\"fr-FR\",\"@id\":\"https:\\\/\\\/www.jootjeshaakcadeautjes.nl\\\/fr\\\/#\\\/schema\\\/logo\\\/image\\\/\",\"url\":\"https:\\\/\\\/d1dyryakdmle7o.cloudfront.net\\\/wp-content\\\/uploads\\\/2023\\\/05\\\/Logo-rond.png\",\"contentUrl\":\"https:\\\/\\\/d1dyryakdmle7o.cloudfront.net\\\/wp-content\\\/uploads\\\/2023\\\/05\\\/Logo-rond.png\",\"width\":1222,\"height\":1222,\"caption\":\"Jootjes Haakcadeautjes\"},\"image\":{\"@id\":\"https:\\\/\\\/www.jootjeshaakcadeautjes.nl\\\/fr\\\/#\\\/schema\\\/logo\\\/image\\\/\"}}]}<\/script>\n<meta property=\"og:availability\" content=\"instock\" \/>\n<meta property=\"product:availability\" content=\"instock\" \/>\n<meta property=\"product:retailer_item_id\" content=\"SLK-KRA-RGNSH\" \/>\n<meta property=\"product:condition\" content=\"new\" \/>\n<!-- \/ Yoast SEO Premium plugin. -->","yoast_head_json":{"title":"Perles en silicone - p\u00e9pite d'or rose","description":"Achetez nos perles de silicone en couleur Rose Gold Nugget pour une utilisation en cordon de t\u00e9tine, anneau de dentition, balan\u00e7oire de landau, porte-cl\u00e9s et plus encore.","robots":{"index":"index","follow":"follow","max-snippet":"max-snippet:-1","max-image-preview":"max-image-preview:large","max-video-preview":"max-video-preview:-1"},"canonical":"https:\/\/www.jootjeshaakcadeautjes.nl\/fr\/produit\/silicone-beads-rose-or-nugget-shopping-by-color\/","og_locale":"fr_FR","og_type":"article","og_title":"Perles de silicone - P\u00e9pite d'or rose - Acheter par couleur","og_description":"Achetez nos perles de silicone en couleur Rose Gold Nugget pour une utilisation en cordon de t\u00e9tine, anneau de dentition, balan\u00e7oire de landau, porte-cl\u00e9s et plus encore.","og_url":"https:\/\/www.jootjeshaakcadeautjes.nl\/fr\/produit\/silicone-beads-rose-or-nugget-shopping-by-color\/","og_site_name":"Jootjes Haakcadeautjes","article_modified_time":"2025-03-11T04:08:08+00:00","og_image":[{"width":2048,"height":2048,"url":"https:\/\/www.jootjeshaakcadeautjes.nl\/wp-content\/uploads\/2022\/10\/Siliconen-kralen-rose-gold-nugget-speenkoord-bijtring-inspiratie-inkopen-wagenspanner.jpg","type":"image\/jpeg"}],"twitter_card":"summary_large_image","twitter_misc":{"Disponibilit\u00e9":"En stock"},"schema":{"@context":"https:\/\/schema.org","@graph":[{"@type":"WebPage","@id":"https:\/\/www.jootjeshaakcadeautjes.nl\/fr\/produit\/silicone-beads-rose-or-nugget-shopping-by-color\/","url":"https:\/\/www.jootjeshaakcadeautjes.nl\/fr\/produit\/silicone-beads-rose-or-nugget-shopping-by-color\/","name":"Perles en silicone - p\u00e9pite d'or rose","isPartOf":{"@id":"https:\/\/www.jootjeshaakcadeautjes.nl\/fr\/#website"},"primaryImageOfPage":{"@id":"https:\/\/www.jootjeshaakcadeautjes.nl\/fr\/produit\/silicone-beads-rose-or-nugget-shopping-by-color\/#primaryimage"},"image":{"@id":"https:\/\/www.jootjeshaakcadeautjes.nl\/fr\/produit\/silicone-beads-rose-or-nugget-shopping-by-color\/#primaryimage"},"thumbnailUrl":"https:\/\/d1dyryakdmle7o.cloudfront.net\/wp-content\/uploads\/2022\/10\/Siliconen-kralen-rose-gold-nugget-speenkoord-bijtring-inspiratie-inkopen-wagenspanner.jpg","datePublished":"2024-03-23T07:59:46+00:00","dateModified":"2025-03-11T04:08:08+00:00","description":"Achetez nos perles de silicone en couleur Rose Gold Nugget pour une utilisation en cordon de t\u00e9tine, anneau de dentition, balan\u00e7oire de landau, porte-cl\u00e9s et plus encore.","breadcrumb":{"@id":"https:\/\/www.jootjeshaakcadeautjes.nl\/fr\/produit\/silicone-beads-rose-or-nugget-shopping-by-color\/#breadcrumb"},"inLanguage":"fr-FR","potentialAction":[{"@type":"ReadAction","target":["https:\/\/www.jootjeshaakcadeautjes.nl\/fr\/produit\/silicone-beads-rose-or-nugget-shopping-by-color\/"]}]},{"@type":"ImageObject","inLanguage":"fr-FR","@id":"https:\/\/www.jootjeshaakcadeautjes.nl\/fr\/produit\/silicone-beads-rose-or-nugget-shopping-by-color\/#primaryimage","url":"https:\/\/d1dyryakdmle7o.cloudfront.net\/wp-content\/uploads\/2022\/10\/Siliconen-kralen-rose-gold-nugget-speenkoord-bijtring-inspiratie-inkopen-wagenspanner.jpg","contentUrl":"https:\/\/d1dyryakdmle7o.cloudfront.net\/wp-content\/uploads\/2022\/10\/Siliconen-kralen-rose-gold-nugget-speenkoord-bijtring-inspiratie-inkopen-wagenspanner.jpg","width":2048,"height":2048,"caption":"Anneau de dentition pour t\u00e9tine avec perles en silicone et p\u00e9pites en or rose inspiration shopping pram spoiler"},{"@type":"BreadcrumbList","@id":"https:\/\/www.jootjeshaakcadeautjes.nl\/fr\/produit\/silicone-beads-rose-or-nugget-shopping-by-color\/#breadcrumb","itemListElement":[{"@type":"ListItem","position":1,"name":"Accueil","item":"https:\/\/www.jootjeshaakcadeautjes.nl\/fr\/"},{"@type":"ListItem","position":2,"name":"Commerce de gros de perles en silicone &#8211; Entreprises et consommateurs","item":"https:\/\/www.jootjeshaakcadeautjes.nl\/fr\/boutique\/"},{"@type":"ListItem","position":3,"name":"Perles de silicone &#8211; P\u00e9pite d&#8217;or rose &#8211; Acheter par couleur"}]},{"@type":"WebSite","@id":"https:\/\/www.jootjeshaakcadeautjes.nl\/fr\/#website","url":"https:\/\/www.jootjeshaakcadeautjes.nl\/fr\/","name":"Jootjes Haakcadeautjes","description":"Grossiste en perles de silicone","publisher":{"@id":"https:\/\/www.jootjeshaakcadeautjes.nl\/fr\/#organization"},"potentialAction":[{"@type":"SearchAction","target":{"@type":"EntryPoint","urlTemplate":"https:\/\/www.jootjeshaakcadeautjes.nl\/fr\/?s={search_term_string}"},"query-input":{"@type":"PropertyValueSpecification","valueRequired":true,"valueName":"search_term_string"}}],"inLanguage":"fr-FR"},{"@type":"Organization","@id":"https:\/\/www.jootjeshaakcadeautjes.nl\/fr\/#organization","name":"Jootjes Haakcadeautjes","url":"https:\/\/www.jootjeshaakcadeautjes.nl\/fr\/","logo":{"@type":"ImageObject","inLanguage":"fr-FR","@id":"https:\/\/www.jootjeshaakcadeautjes.nl\/fr\/#\/schema\/logo\/image\/","url":"https:\/\/d1dyryakdmle7o.cloudfront.net\/wp-content\/uploads\/2023\/05\/Logo-rond.png","contentUrl":"https:\/\/d1dyryakdmle7o.cloudfront.net\/wp-content\/uploads\/2023\/05\/Logo-rond.png","width":1222,"height":1222,"caption":"Jootjes Haakcadeautjes"},"image":{"@id":"https:\/\/www.jootjeshaakcadeautjes.nl\/fr\/#\/schema\/logo\/image\/"}}]},"og_availability":"instock","product_availability":"instock","product_retailer_item_id":"SLK-KRA-RGNSH","product_condition":"new"},"_links":{"self":[{"href":"https:\/\/www.jootjeshaakcadeautjes.nl\/fr\/wp-json\/wp\/v2\/product\/141908","targetHints":{"allow":["GET"]}}],"collection":[{"href":"https:\/\/www.jootjeshaakcadeautjes.nl\/fr\/wp-json\/wp\/v2\/product"}],"about":[{"href":"https:\/\/www.jootjeshaakcadeautjes.nl\/fr\/wp-json\/wp\/v2\/types\/product"}],"version-history":[{"count":0,"href":"https:\/\/www.jootjeshaakcadeautjes.nl\/fr\/wp-json\/wp\/v2\/product\/141908\/revisions"}],"wp:featuredmedia":[{"embeddable":true,"href":"https:\/\/www.jootjeshaakcadeautjes.nl\/fr\/wp-json\/wp\/v2\/media\/141933"}],"wp:attachment":[{"href":"https:\/\/www.jootjeshaakcadeautjes.nl\/fr\/wp-json\/wp\/v2\/media?parent=141908"}],"wp:term":[{"taxonomy":"product_brand","embeddable":true,"href":"https:\/\/www.jootjeshaakcadeautjes.nl\/fr\/wp-json\/wp\/v2\/product_brand?post=141908"},{"taxonomy":"product_cat","embeddable":true,"href":"https:\/\/www.jootjeshaakcadeautjes.nl\/fr\/wp-json\/wp\/v2\/product_cat?post=141908"},{"taxonomy":"product_tag","embeddable":true,"href":"https:\/\/www.jootjeshaakcadeautjes.nl\/fr\/wp-json\/wp\/v2\/product_tag?post=141908"}],"curies":[{"name":"wp","href":"https:\/\/api.w.org\/{rel}","templated":true}]}}