{"id":142537,"date":"2024-03-27T14:26:06","date_gmt":"2024-03-27T12:26:06","guid":{"rendered":"https:\/\/www.jootjeshaakcadeautjes.nl\/?post_type=product&#038;p=142537"},"modified":"2026-02-13T09:38:56","modified_gmt":"2026-02-13T08:38:56","slug":"cordon-en-satin-2-mm-taupe-par-metre","status":"publish","type":"product","link":"https:\/\/www.jootjeshaakcadeautjes.nl\/fr\/produit\/cordon-en-satin-2-mm-taupe-par-metre\/","title":{"rendered":"Cordon satin\u00e9 2 mm &#8211; Taupe &#8211; au m\u00e8tre"},"content":{"rendered":"<h1>Cordon satin\u00e9 2 mm &#8211; Taupe &#8211; au m\u00e8tre<\/h1>\n<p>Cordon satin\u00e9 par m\u00e8tre, \u00e9paisseur de 2 mm. Vendu au m\u00e8tre. Nulle part ailleurs le prix n&#8217;est aussi bas pour seulement 0,30 \u20ac par m\u00e8tre. Nous ne livrons d\u00e9lib\u00e9r\u00e9ment pas par demi-m\u00e8tre, car c&#8217;est tr\u00e8s serr\u00e9 pour la plupart des projets et cela peut \u00e9galement entra\u00eener des risques pour la s\u00e9curit\u00e9. Utilisez toujours une quantit\u00e9 suffisante de cordon de satin (faites des allers-retours) et faites des n\u0153uds solides.<\/p>\n<p>Le cordon satin\u00e9 est un cordon tr\u00e8s robuste et lisse. La fa\u00e7on dont le fil est tiss\u00e9 le rend tr\u00e8s robuste et r\u00e9sistant. L&#8217;avantage de cette \u00e9paisseur est que l&#8217;on peut bien passer d&#8217;un c\u00f4t\u00e9 \u00e0 l&#8217;autre des perles, ce qui permet de nouer plusieurs fois et fermement.<\/p>\n<p>Le cordon de satin est utilis\u00e9 pour fabriquer des jouets de dentition tels que des anneaux de dentition, des gymnases pour b\u00e9b\u00e9s, des mobiles, des cordons pour t\u00e9tines ou des banni\u00e8res de landau.<\/p>\n","protected":false},"excerpt":{"rendered":"<ul>\n<li>  Cordon en satin.<\/li>\n<li> Couleur : Taupe<\/li>\n<li>  \u00c9paisseur : 2 mm<\/li>\n<li>  Disponible au m\u00e8tre.<\/li>\n<\/ul>\n<p>Pour en savoir plus sur l&#8217;application du cordon de satin, voir le bas de la page.<\/p>\n","protected":false},"featured_media":142336,"template":"","meta":[],"product_brand":[],"product_cat":[13544],"product_tag":[13693,10120,7384,7401,7455,7463,13494,13548,13546,7215,7418,10299,7392,13549,10267],"class_list":{"0":"post-142537","1":"product","2":"type-product","3":"status-publish","4":"has-post-thumbnail","6":"product_cat-cordon-de-satin-cordon-de-cire-et-aiguille-a-badigeonner","7":"product_tag-2-mm-fr","8":"product_tag-achats","9":"product_tag-anneau-de-dentition","10":"product_tag-bebe","11":"product_tag-chaine-de-landau","12":"product_tag-commerce-de-gros","13":"product_tag-cordon-fr","14":"product_tag-cordon-de-cire","15":"product_tag-cordon-de-satin","16":"product_tag-faire","17":"product_tag-faux-cordon","18":"product_tag-filetage","19":"product_tag-mm-fr","20":"product_tag-satin-fr","21":"product_tag-taupe-fr","23":"first","24":"instock","25":"taxable","26":"shipping-taxable","27":"purchasable","28":"product-type-simple"},"bundled_by":["221024","224440"],"bundle_stock_status":"instock","bundle_stock_quantity":673,"bundle_virtual":false,"bundle_layout":"","bundle_add_to_cart_form_location":"","bundle_editable_in_cart":false,"bundle_sold_individually_context":"","bundle_item_grouping":"","bundle_min_size":"","bundle_max_size":"","bundle_price":[],"bundled_items":[],"bundle_sell_ids":[],"yoast_head":"<!-- This site is optimized with the Yoast SEO Premium plugin v27.6 (Yoast SEO v27.6) - https:\/\/yoast.com\/product\/yoast-seo-premium-wordpress\/ -->\n<title>Cordon satin\u00e9 2 mm - Taupe - au m\u00e8tre -<\/title>\n<meta name=\"description\" content=\"Cordon en satin de 1,5 mm de diam\u00e8tre pour enfiler les anneaux de dentition et le cordon de t\u00e9tine, de couleur blanche. Seulement 0,30 euros\/m\u00e8tre de cordon en satin.\" \/>\n<meta name=\"robots\" content=\"index, follow, max-snippet:-1, max-image-preview:large, max-video-preview:-1\" \/>\n<link rel=\"canonical\" href=\"https:\/\/www.jootjeshaakcadeautjes.nl\/fr\/produit\/cordon-en-satin-2-mm-taupe-par-metre\/\" \/>\n<meta property=\"og:locale\" content=\"fr_FR\" \/>\n<meta property=\"og:type\" content=\"article\" \/>\n<meta property=\"og:title\" content=\"Cordon satin\u00e9 2 mm - Taupe - au m\u00e8tre\" \/>\n<meta property=\"og:description\" content=\"Cordon en satin de 1,5 mm de diam\u00e8tre pour enfiler les anneaux de dentition et le cordon de t\u00e9tine, de couleur blanche. Seulement 0,30 euros\/m\u00e8tre de cordon en satin.\" \/>\n<meta property=\"og:url\" content=\"https:\/\/www.jootjeshaakcadeautjes.nl\/fr\/produit\/cordon-en-satin-2-mm-taupe-par-metre\/\" \/>\n<meta property=\"og:site_name\" content=\"Jootjes Haakcadeautjes\" \/>\n<meta property=\"article:modified_time\" content=\"2026-02-13T08:38:56+00:00\" \/>\n<meta property=\"og:image\" content=\"https:\/\/www.jootjeshaakcadeautjes.nl\/wp-content\/uploads\/2024\/03\/Naamloos-11-2.jpg\" \/>\n\t<meta property=\"og:image:width\" content=\"2048\" \/>\n\t<meta property=\"og:image:height\" content=\"2048\" \/>\n\t<meta property=\"og:image:type\" content=\"image\/jpeg\" \/>\n<meta name=\"twitter:card\" content=\"summary_large_image\" \/>\n<meta name=\"twitter:label1\" content=\"Prix\" \/>\n\t<meta name=\"twitter:data1\" content=\"&euro;0.30 TTC\" \/>\n\t<meta name=\"twitter:label2\" content=\"Disponibilit\u00e9\" \/>\n\t<meta name=\"twitter:data2\" content=\"En stock\" \/>\n<script type=\"application\/ld+json\" class=\"yoast-schema-graph\">{\"@context\":\"https:\\\/\\\/schema.org\",\"@graph\":[{\"@type\":\"WebPage\",\"@id\":\"https:\\\/\\\/www.jootjeshaakcadeautjes.nl\\\/fr\\\/produit\\\/cordon-en-satin-2-mm-taupe-par-metre\\\/\",\"url\":\"https:\\\/\\\/www.jootjeshaakcadeautjes.nl\\\/fr\\\/produit\\\/cordon-en-satin-2-mm-taupe-par-metre\\\/\",\"name\":\"Cordon satin\u00e9 2 mm - Taupe - au m\u00e8tre -\",\"isPartOf\":{\"@id\":\"https:\\\/\\\/www.jootjeshaakcadeautjes.nl\\\/fr\\\/#website\"},\"primaryImageOfPage\":{\"@id\":\"https:\\\/\\\/www.jootjeshaakcadeautjes.nl\\\/fr\\\/produit\\\/cordon-en-satin-2-mm-taupe-par-metre\\\/#primaryimage\"},\"image\":{\"@id\":\"https:\\\/\\\/www.jootjeshaakcadeautjes.nl\\\/fr\\\/produit\\\/cordon-en-satin-2-mm-taupe-par-metre\\\/#primaryimage\"},\"thumbnailUrl\":\"https:\\\/\\\/d1dyryakdmle7o.cloudfront.net\\\/wp-content\\\/uploads\\\/2024\\\/03\\\/Naamloos-11-2.jpg\",\"datePublished\":\"2024-03-27T12:26:06+00:00\",\"dateModified\":\"2026-02-13T08:38:56+00:00\",\"description\":\"Cordon en satin de 1,5 mm de diam\u00e8tre pour enfiler les anneaux de dentition et le cordon de t\u00e9tine, de couleur blanche. Seulement 0,30 euros\\\/m\u00e8tre de cordon en satin.\",\"breadcrumb\":{\"@id\":\"https:\\\/\\\/www.jootjeshaakcadeautjes.nl\\\/fr\\\/produit\\\/cordon-en-satin-2-mm-taupe-par-metre\\\/#breadcrumb\"},\"inLanguage\":\"fr-FR\",\"potentialAction\":[{\"@type\":\"ReadAction\",\"target\":[\"https:\\\/\\\/www.jootjeshaakcadeautjes.nl\\\/fr\\\/produit\\\/cordon-en-satin-2-mm-taupe-par-metre\\\/\"]}]},{\"@type\":\"ImageObject\",\"inLanguage\":\"fr-FR\",\"@id\":\"https:\\\/\\\/www.jootjeshaakcadeautjes.nl\\\/fr\\\/produit\\\/cordon-en-satin-2-mm-taupe-par-metre\\\/#primaryimage\",\"url\":\"https:\\\/\\\/d1dyryakdmle7o.cloudfront.net\\\/wp-content\\\/uploads\\\/2024\\\/03\\\/Naamloos-11-2.jpg\",\"contentUrl\":\"https:\\\/\\\/d1dyryakdmle7o.cloudfront.net\\\/wp-content\\\/uploads\\\/2024\\\/03\\\/Naamloos-11-2.jpg\",\"width\":2048,\"height\":2048,\"caption\":\"Taupe\"},{\"@type\":\"BreadcrumbList\",\"@id\":\"https:\\\/\\\/www.jootjeshaakcadeautjes.nl\\\/fr\\\/produit\\\/cordon-en-satin-2-mm-taupe-par-metre\\\/#breadcrumb\",\"itemListElement\":[{\"@type\":\"ListItem\",\"position\":1,\"name\":\"Accueil\",\"item\":\"https:\\\/\\\/www.jootjeshaakcadeautjes.nl\\\/fr\\\/\"},{\"@type\":\"ListItem\",\"position\":2,\"name\":\"Commerce de gros de perles en silicone &#8211; Entreprises et consommateurs\",\"item\":\"https:\\\/\\\/www.jootjeshaakcadeautjes.nl\\\/fr\\\/boutique\\\/\"},{\"@type\":\"ListItem\",\"position\":3,\"name\":\"Cordon satin\u00e9 2 mm &#8211; Taupe &#8211; au m\u00e8tre\"}]},{\"@type\":\"WebSite\",\"@id\":\"https:\\\/\\\/www.jootjeshaakcadeautjes.nl\\\/fr\\\/#website\",\"url\":\"https:\\\/\\\/www.jootjeshaakcadeautjes.nl\\\/fr\\\/\",\"name\":\"Jootjes Haakcadeautjes\",\"description\":\"Grossiste en perles de silicone\",\"publisher\":{\"@id\":\"https:\\\/\\\/www.jootjeshaakcadeautjes.nl\\\/fr\\\/#organization\"},\"potentialAction\":[{\"@type\":\"SearchAction\",\"target\":{\"@type\":\"EntryPoint\",\"urlTemplate\":\"https:\\\/\\\/www.jootjeshaakcadeautjes.nl\\\/fr\\\/?s={search_term_string}\"},\"query-input\":{\"@type\":\"PropertyValueSpecification\",\"valueRequired\":true,\"valueName\":\"search_term_string\"}}],\"inLanguage\":\"fr-FR\"},{\"@type\":\"Organization\",\"@id\":\"https:\\\/\\\/www.jootjeshaakcadeautjes.nl\\\/fr\\\/#organization\",\"name\":\"Jootjes Haakcadeautjes\",\"url\":\"https:\\\/\\\/www.jootjeshaakcadeautjes.nl\\\/fr\\\/\",\"logo\":{\"@type\":\"ImageObject\",\"inLanguage\":\"fr-FR\",\"@id\":\"https:\\\/\\\/www.jootjeshaakcadeautjes.nl\\\/fr\\\/#\\\/schema\\\/logo\\\/image\\\/\",\"url\":\"https:\\\/\\\/d1dyryakdmle7o.cloudfront.net\\\/wp-content\\\/uploads\\\/2023\\\/05\\\/Logo-rond.png\",\"contentUrl\":\"https:\\\/\\\/d1dyryakdmle7o.cloudfront.net\\\/wp-content\\\/uploads\\\/2023\\\/05\\\/Logo-rond.png\",\"width\":1222,\"height\":1222,\"caption\":\"Jootjes Haakcadeautjes\"},\"image\":{\"@id\":\"https:\\\/\\\/www.jootjeshaakcadeautjes.nl\\\/fr\\\/#\\\/schema\\\/logo\\\/image\\\/\"}}]}<\/script>\n<meta property=\"product:price:amount\" content=\"0.30\" \/>\n<meta property=\"product:price:currency\" content=\"EUR\" \/>\n<meta property=\"og:availability\" content=\"instock\" \/>\n<meta property=\"product:availability\" content=\"instock\" \/>\n<meta property=\"product:retailer_item_id\" content=\"SAT-K20-TAU\" \/>\n<meta property=\"product:condition\" content=\"new\" \/>\n<!-- \/ Yoast SEO Premium plugin. -->","yoast_head_json":{"title":"Cordon satin\u00e9 2 mm - Taupe - au m\u00e8tre -","description":"Cordon en satin de 1,5 mm de diam\u00e8tre pour enfiler les anneaux de dentition et le cordon de t\u00e9tine, de couleur blanche. Seulement 0,30 euros\/m\u00e8tre de cordon en satin.","robots":{"index":"index","follow":"follow","max-snippet":"max-snippet:-1","max-image-preview":"max-image-preview:large","max-video-preview":"max-video-preview:-1"},"canonical":"https:\/\/www.jootjeshaakcadeautjes.nl\/fr\/produit\/cordon-en-satin-2-mm-taupe-par-metre\/","og_locale":"fr_FR","og_type":"article","og_title":"Cordon satin\u00e9 2 mm - Taupe - au m\u00e8tre","og_description":"Cordon en satin de 1,5 mm de diam\u00e8tre pour enfiler les anneaux de dentition et le cordon de t\u00e9tine, de couleur blanche. Seulement 0,30 euros\/m\u00e8tre de cordon en satin.","og_url":"https:\/\/www.jootjeshaakcadeautjes.nl\/fr\/produit\/cordon-en-satin-2-mm-taupe-par-metre\/","og_site_name":"Jootjes Haakcadeautjes","article_modified_time":"2026-02-13T08:38:56+00:00","og_image":[{"width":2048,"height":2048,"url":"https:\/\/www.jootjeshaakcadeautjes.nl\/wp-content\/uploads\/2024\/03\/Naamloos-11-2.jpg","type":"image\/jpeg"}],"twitter_card":"summary_large_image","twitter_misc":{"Prix":"&euro;0.30 TTC","Disponibilit\u00e9":"En stock"},"schema":{"@context":"https:\/\/schema.org","@graph":[{"@type":"WebPage","@id":"https:\/\/www.jootjeshaakcadeautjes.nl\/fr\/produit\/cordon-en-satin-2-mm-taupe-par-metre\/","url":"https:\/\/www.jootjeshaakcadeautjes.nl\/fr\/produit\/cordon-en-satin-2-mm-taupe-par-metre\/","name":"Cordon satin\u00e9 2 mm - Taupe - au m\u00e8tre -","isPartOf":{"@id":"https:\/\/www.jootjeshaakcadeautjes.nl\/fr\/#website"},"primaryImageOfPage":{"@id":"https:\/\/www.jootjeshaakcadeautjes.nl\/fr\/produit\/cordon-en-satin-2-mm-taupe-par-metre\/#primaryimage"},"image":{"@id":"https:\/\/www.jootjeshaakcadeautjes.nl\/fr\/produit\/cordon-en-satin-2-mm-taupe-par-metre\/#primaryimage"},"thumbnailUrl":"https:\/\/d1dyryakdmle7o.cloudfront.net\/wp-content\/uploads\/2024\/03\/Naamloos-11-2.jpg","datePublished":"2024-03-27T12:26:06+00:00","dateModified":"2026-02-13T08:38:56+00:00","description":"Cordon en satin de 1,5 mm de diam\u00e8tre pour enfiler les anneaux de dentition et le cordon de t\u00e9tine, de couleur blanche. Seulement 0,30 euros\/m\u00e8tre de cordon en satin.","breadcrumb":{"@id":"https:\/\/www.jootjeshaakcadeautjes.nl\/fr\/produit\/cordon-en-satin-2-mm-taupe-par-metre\/#breadcrumb"},"inLanguage":"fr-FR","potentialAction":[{"@type":"ReadAction","target":["https:\/\/www.jootjeshaakcadeautjes.nl\/fr\/produit\/cordon-en-satin-2-mm-taupe-par-metre\/"]}]},{"@type":"ImageObject","inLanguage":"fr-FR","@id":"https:\/\/www.jootjeshaakcadeautjes.nl\/fr\/produit\/cordon-en-satin-2-mm-taupe-par-metre\/#primaryimage","url":"https:\/\/d1dyryakdmle7o.cloudfront.net\/wp-content\/uploads\/2024\/03\/Naamloos-11-2.jpg","contentUrl":"https:\/\/d1dyryakdmle7o.cloudfront.net\/wp-content\/uploads\/2024\/03\/Naamloos-11-2.jpg","width":2048,"height":2048,"caption":"Taupe"},{"@type":"BreadcrumbList","@id":"https:\/\/www.jootjeshaakcadeautjes.nl\/fr\/produit\/cordon-en-satin-2-mm-taupe-par-metre\/#breadcrumb","itemListElement":[{"@type":"ListItem","position":1,"name":"Accueil","item":"https:\/\/www.jootjeshaakcadeautjes.nl\/fr\/"},{"@type":"ListItem","position":2,"name":"Commerce de gros de perles en silicone &#8211; Entreprises et consommateurs","item":"https:\/\/www.jootjeshaakcadeautjes.nl\/fr\/boutique\/"},{"@type":"ListItem","position":3,"name":"Cordon satin\u00e9 2 mm &#8211; Taupe &#8211; au m\u00e8tre"}]},{"@type":"WebSite","@id":"https:\/\/www.jootjeshaakcadeautjes.nl\/fr\/#website","url":"https:\/\/www.jootjeshaakcadeautjes.nl\/fr\/","name":"Jootjes Haakcadeautjes","description":"Grossiste en perles de silicone","publisher":{"@id":"https:\/\/www.jootjeshaakcadeautjes.nl\/fr\/#organization"},"potentialAction":[{"@type":"SearchAction","target":{"@type":"EntryPoint","urlTemplate":"https:\/\/www.jootjeshaakcadeautjes.nl\/fr\/?s={search_term_string}"},"query-input":{"@type":"PropertyValueSpecification","valueRequired":true,"valueName":"search_term_string"}}],"inLanguage":"fr-FR"},{"@type":"Organization","@id":"https:\/\/www.jootjeshaakcadeautjes.nl\/fr\/#organization","name":"Jootjes Haakcadeautjes","url":"https:\/\/www.jootjeshaakcadeautjes.nl\/fr\/","logo":{"@type":"ImageObject","inLanguage":"fr-FR","@id":"https:\/\/www.jootjeshaakcadeautjes.nl\/fr\/#\/schema\/logo\/image\/","url":"https:\/\/d1dyryakdmle7o.cloudfront.net\/wp-content\/uploads\/2023\/05\/Logo-rond.png","contentUrl":"https:\/\/d1dyryakdmle7o.cloudfront.net\/wp-content\/uploads\/2023\/05\/Logo-rond.png","width":1222,"height":1222,"caption":"Jootjes Haakcadeautjes"},"image":{"@id":"https:\/\/www.jootjeshaakcadeautjes.nl\/fr\/#\/schema\/logo\/image\/"}}]},"product_price_amount":"0.30","product_price_currency":"EUR","og_availability":"instock","product_availability":"instock","product_retailer_item_id":"SAT-K20-TAU","product_condition":"new"},"_links":{"self":[{"href":"https:\/\/www.jootjeshaakcadeautjes.nl\/fr\/wp-json\/wp\/v2\/product\/142537","targetHints":{"allow":["GET"]}}],"collection":[{"href":"https:\/\/www.jootjeshaakcadeautjes.nl\/fr\/wp-json\/wp\/v2\/product"}],"about":[{"href":"https:\/\/www.jootjeshaakcadeautjes.nl\/fr\/wp-json\/wp\/v2\/types\/product"}],"version-history":[{"count":0,"href":"https:\/\/www.jootjeshaakcadeautjes.nl\/fr\/wp-json\/wp\/v2\/product\/142537\/revisions"}],"wp:featuredmedia":[{"embeddable":true,"href":"https:\/\/www.jootjeshaakcadeautjes.nl\/fr\/wp-json\/wp\/v2\/media\/142336"}],"wp:attachment":[{"href":"https:\/\/www.jootjeshaakcadeautjes.nl\/fr\/wp-json\/wp\/v2\/media?parent=142537"}],"wp:term":[{"taxonomy":"product_brand","embeddable":true,"href":"https:\/\/www.jootjeshaakcadeautjes.nl\/fr\/wp-json\/wp\/v2\/product_brand?post=142537"},{"taxonomy":"product_cat","embeddable":true,"href":"https:\/\/www.jootjeshaakcadeautjes.nl\/fr\/wp-json\/wp\/v2\/product_cat?post=142537"},{"taxonomy":"product_tag","embeddable":true,"href":"https:\/\/www.jootjeshaakcadeautjes.nl\/fr\/wp-json\/wp\/v2\/product_tag?post=142537"}],"curies":[{"name":"wp","href":"https:\/\/api.w.org\/{rel}","templated":true}]}}