{"id":143790,"date":"2024-04-11T11:28:02","date_gmt":"2024-04-11T09:28:02","guid":{"rendered":"https:\/\/www.jootjeshaakcadeautjes.nl\/?post_type=product&#038;p=143790"},"modified":"2026-01-30T18:07:15","modified_gmt":"2026-01-30T17:07:15","slug":"paire-dyeux-de-securite-15-mm-or","status":"publish","type":"product","link":"https:\/\/www.jootjeshaakcadeautjes.nl\/fr\/produit\/paire-dyeux-de-securite-15-mm-or\/","title":{"rendered":"Oeil de s\u00e9curit\u00e9 15 mm &#8211; Or &#8211; la paire"},"content":{"rendered":"<p><strong>Oeillets de s\u00e9curit\u00e9 <\/strong><strong style=\"font-size: 1.5rem;\">15 mm Or<\/strong><strong style=\"font-size: 1.5rem;\">. <\/strong> <\/p>\n<p>\u0152il de s\u00e9curit\u00e9 pour le crochet et le tricot (peluches\/amigurumi).<br \/>\nIls sont vendus par paire, de sorte qu&#8217;il suffit d&#8217;en commander un seul pour obtenir un ensemble.<br \/>\n(1 pi\u00e8ce = 2 \u0153illets + 2 dos).<\/p>\n<p>Sans rayures et avec un bouchon de s\u00e9curit\u00e9 solide, qui ne se d\u00e9tache pas !<\/p>\n<p><strong>\u00c0 quoi servent ces yeux de s\u00e9curit\u00e9 ?<\/strong><\/p>\n<p>Les \u0153illets de s\u00e9curit\u00e9 15 mm <strong><br \/>\n  <span style=\"color: #3366ff;\"><br \/>\n    <span style=\"color: #008000;\">verts<\/span><br \/>\n  <\/span><br \/>\n<\/strong> sont largement utilis\u00e9s pour la fabrication de peluches. Les \u0153illets de s\u00e9curit\u00e9 des peluches doivent donc \u00eatre de haute qualit\u00e9 et ne pas se d\u00e9tacher facilement pour garantir la s\u00e9curit\u00e9 des (petits) enfants. Lorsque les peluches sont crochet\u00e9es, elles sont \u00e9galement appel\u00e9es amigurumi. Ces yeux sont donc parfois appel\u00e9s yeux de s\u00e9curit\u00e9 pour l&#8217;amigurumi. Nos \u0153illets ont une fermeture tr\u00e8s solide. Il faut donc un certain effort pour les attacher, mais une fois qu&#8217;elles sont attach\u00e9es, elles ne se d\u00e9tachent pas facilement.<\/p>\n<p>Egalement dans les variantes : <a href=\"https:\/\/www.jootjeshaakcadeautjes.nl\/product\/veiligheidsoogjes-15-mm-bruin\/\">marron<\/a>, <a href=\"https:\/\/www.jootjeshaakcadeautjes.nl\/fr\/produit\/yeux-de-securite-15-mm-bleu\/\">bleu<\/a> et <a href=\"https:\/\/www.jootjeshaakcadeautjes.nl\/fr\/produit\/yeux-de-securite-15-mm-rouge\/\">rouge<\/a>.<\/p>\n","protected":false},"excerpt":{"rendered":"<p><strong>\u0152il de s\u00e9curit\u00e9 Or de 15 mm de diam\u00e8tre.<\/strong><\/p>\n<p>Vendus par lot de 2<br \/>\n(2 \u0153illets + 2 dos).<\/p>\n<p>Sans rayures !<\/p>\n<p>&nbsp;<\/p>\n","protected":false},"featured_media":69230,"template":"","meta":[],"product_brand":[],"product_cat":[12308,12923],"product_tag":[12307,13193,12377,12324,12924,12925,12926],"class_list":{"0":"post-143790","1":"product","2":"type-product","3":"status-publish","4":"has-post-thumbnail","6":"product_cat-materiel-de-bricolage-et-de-crochet","7":"product_cat-oeil-de-securite-pour-les-peluches","8":"product_tag-15-mm-fr","9":"product_tag-15mm-fr","10":"product_tag-amigurumi-fr","11":"product_tag-lor","12":"product_tag-oeil-de-securite","13":"product_tag-yeux-de-securite","14":"product_tag-yeux-de-securite-fr","16":"first","17":"instock","18":"sale","19":"taxable","20":"shipping-taxable","21":"purchasable","22":"product-type-simple"},"bundled_by":[],"bundle_stock_status":"instock","bundle_stock_quantity":43,"bundle_virtual":false,"bundle_layout":"","bundle_add_to_cart_form_location":"","bundle_editable_in_cart":false,"bundle_sold_individually_context":"","bundle_item_grouping":"","bundle_min_size":"","bundle_max_size":"","bundle_price":[],"bundled_items":[],"bundle_sell_ids":[],"yoast_head":"<!-- This site is optimized with the Yoast SEO Premium plugin v27.4 (Yoast SEO v27.5) - https:\/\/yoast.com\/product\/yoast-seo-premium-wordpress\/ -->\n<title>Oeil de s\u00e9curit\u00e9 15 mm vert - Crochet &amp; tricot - Jootjes Crochet presents<\/title>\n<meta name=\"description\" content=\"Yeux de s\u00e9curit\u00e9 15 mm verts pour peluches\/amigurumi au crochet et au tricot. Pour seulement 0,75\/ 2 chez Jootjes Haakcadeautjes. Haute qualit\u00e9, ne se d\u00e9tache pas.\" \/>\n<meta name=\"robots\" content=\"index, follow, max-snippet:-1, max-image-preview:large, max-video-preview:-1\" \/>\n<link rel=\"canonical\" href=\"https:\/\/www.jootjeshaakcadeautjes.nl\/fr\/produit\/paire-dyeux-de-securite-15-mm-or\/\" \/>\n<meta property=\"og:locale\" content=\"fr_FR\" \/>\n<meta property=\"og:type\" content=\"article\" \/>\n<meta property=\"og:title\" content=\"Oeil de s\u00e9curit\u00e9 15 mm - Or - la paire\" \/>\n<meta property=\"og:description\" content=\"Yeux de s\u00e9curit\u00e9 15 mm verts pour peluches\/amigurumi au crochet et au tricot. Pour seulement 0,75\/ 2 chez Jootjes Haakcadeautjes. Haute qualit\u00e9, ne se d\u00e9tache pas.\" \/>\n<meta property=\"og:url\" content=\"https:\/\/www.jootjeshaakcadeautjes.nl\/fr\/produit\/paire-dyeux-de-securite-15-mm-or\/\" \/>\n<meta property=\"og:site_name\" content=\"Jootjes Haakcadeautjes\" \/>\n<meta property=\"article:modified_time\" content=\"2026-01-30T17:07:15+00:00\" \/>\n<meta property=\"og:image\" content=\"https:\/\/www.jootjeshaakcadeautjes.nl\/wp-content\/uploads\/2020\/04\/Foto-volgt.jpg\" \/>\n\t<meta property=\"og:image:width\" content=\"1080\" \/>\n\t<meta property=\"og:image:height\" content=\"1080\" \/>\n\t<meta property=\"og:image:type\" content=\"image\/jpeg\" \/>\n<meta name=\"twitter:card\" content=\"summary_large_image\" \/>\n<meta name=\"twitter:label1\" content=\"Prix\" \/>\n\t<meta name=\"twitter:data1\" content=\"&euro;0.30 TTC\" \/>\n\t<meta name=\"twitter:label2\" content=\"Disponibilit\u00e9\" \/>\n\t<meta name=\"twitter:data2\" content=\"En stock\" \/>\n<script type=\"application\/ld+json\" class=\"yoast-schema-graph\">{\"@context\":\"https:\\\/\\\/schema.org\",\"@graph\":[{\"@type\":\"WebPage\",\"@id\":\"https:\\\/\\\/www.jootjeshaakcadeautjes.nl\\\/fr\\\/produit\\\/paire-dyeux-de-securite-15-mm-or\\\/\",\"url\":\"https:\\\/\\\/www.jootjeshaakcadeautjes.nl\\\/fr\\\/produit\\\/paire-dyeux-de-securite-15-mm-or\\\/\",\"name\":\"Oeil de s\u00e9curit\u00e9 15 mm vert - Crochet & tricot - Jootjes Crochet presents\",\"isPartOf\":{\"@id\":\"https:\\\/\\\/www.jootjeshaakcadeautjes.nl\\\/fr\\\/#website\"},\"primaryImageOfPage\":{\"@id\":\"https:\\\/\\\/www.jootjeshaakcadeautjes.nl\\\/fr\\\/produit\\\/paire-dyeux-de-securite-15-mm-or\\\/#primaryimage\"},\"image\":{\"@id\":\"https:\\\/\\\/www.jootjeshaakcadeautjes.nl\\\/fr\\\/produit\\\/paire-dyeux-de-securite-15-mm-or\\\/#primaryimage\"},\"thumbnailUrl\":\"https:\\\/\\\/d1dyryakdmle7o.cloudfront.net\\\/wp-content\\\/uploads\\\/2020\\\/04\\\/Foto-volgt.jpg\",\"datePublished\":\"2024-04-11T09:28:02+00:00\",\"dateModified\":\"2026-01-30T17:07:15+00:00\",\"description\":\"Yeux de s\u00e9curit\u00e9 15 mm verts pour peluches\\\/amigurumi au crochet et au tricot. Pour seulement 0,75\\\/ 2 chez Jootjes Haakcadeautjes. Haute qualit\u00e9, ne se d\u00e9tache pas.\",\"breadcrumb\":{\"@id\":\"https:\\\/\\\/www.jootjeshaakcadeautjes.nl\\\/fr\\\/produit\\\/paire-dyeux-de-securite-15-mm-or\\\/#breadcrumb\"},\"inLanguage\":\"fr-FR\",\"potentialAction\":[{\"@type\":\"ReadAction\",\"target\":[\"https:\\\/\\\/www.jootjeshaakcadeautjes.nl\\\/fr\\\/produit\\\/paire-dyeux-de-securite-15-mm-or\\\/\"]}]},{\"@type\":\"ImageObject\",\"inLanguage\":\"fr-FR\",\"@id\":\"https:\\\/\\\/www.jootjeshaakcadeautjes.nl\\\/fr\\\/produit\\\/paire-dyeux-de-securite-15-mm-or\\\/#primaryimage\",\"url\":\"https:\\\/\\\/d1dyryakdmle7o.cloudfront.net\\\/wp-content\\\/uploads\\\/2020\\\/04\\\/Foto-volgt.jpg\",\"contentUrl\":\"https:\\\/\\\/d1dyryakdmle7o.cloudfront.net\\\/wp-content\\\/uploads\\\/2020\\\/04\\\/Foto-volgt.jpg\",\"width\":1080,\"height\":1080,\"caption\":\"Perles de silicone en gros photo suivante\"},{\"@type\":\"BreadcrumbList\",\"@id\":\"https:\\\/\\\/www.jootjeshaakcadeautjes.nl\\\/fr\\\/produit\\\/paire-dyeux-de-securite-15-mm-or\\\/#breadcrumb\",\"itemListElement\":[{\"@type\":\"ListItem\",\"position\":1,\"name\":\"Accueil\",\"item\":\"https:\\\/\\\/www.jootjeshaakcadeautjes.nl\\\/fr\\\/\"},{\"@type\":\"ListItem\",\"position\":2,\"name\":\"Commerce de gros de perles en silicone &#8211; Entreprises et consommateurs\",\"item\":\"https:\\\/\\\/www.jootjeshaakcadeautjes.nl\\\/fr\\\/boutique\\\/\"},{\"@type\":\"ListItem\",\"position\":3,\"name\":\"Oeil de s\u00e9curit\u00e9 15 mm &#8211; Or &#8211; la paire\"}]},{\"@type\":\"WebSite\",\"@id\":\"https:\\\/\\\/www.jootjeshaakcadeautjes.nl\\\/fr\\\/#website\",\"url\":\"https:\\\/\\\/www.jootjeshaakcadeautjes.nl\\\/fr\\\/\",\"name\":\"Jootjes Haakcadeautjes\",\"description\":\"Grossiste en perles de silicone\",\"publisher\":{\"@id\":\"https:\\\/\\\/www.jootjeshaakcadeautjes.nl\\\/fr\\\/#organization\"},\"potentialAction\":[{\"@type\":\"SearchAction\",\"target\":{\"@type\":\"EntryPoint\",\"urlTemplate\":\"https:\\\/\\\/www.jootjeshaakcadeautjes.nl\\\/fr\\\/?s={search_term_string}\"},\"query-input\":{\"@type\":\"PropertyValueSpecification\",\"valueRequired\":true,\"valueName\":\"search_term_string\"}}],\"inLanguage\":\"fr-FR\"},{\"@type\":\"Organization\",\"@id\":\"https:\\\/\\\/www.jootjeshaakcadeautjes.nl\\\/fr\\\/#organization\",\"name\":\"Jootjes Haakcadeautjes\",\"url\":\"https:\\\/\\\/www.jootjeshaakcadeautjes.nl\\\/fr\\\/\",\"logo\":{\"@type\":\"ImageObject\",\"inLanguage\":\"fr-FR\",\"@id\":\"https:\\\/\\\/www.jootjeshaakcadeautjes.nl\\\/fr\\\/#\\\/schema\\\/logo\\\/image\\\/\",\"url\":\"https:\\\/\\\/jootjes-haakcadeautjes-media.s3.amazonaws.com\\\/wp-content\\\/uploads\\\/2023\\\/05\\\/Logo-rond.png\",\"contentUrl\":\"https:\\\/\\\/jootjes-haakcadeautjes-media.s3.amazonaws.com\\\/wp-content\\\/uploads\\\/2023\\\/05\\\/Logo-rond.png\",\"width\":1222,\"height\":1222,\"caption\":\"Jootjes Haakcadeautjes\"},\"image\":{\"@id\":\"https:\\\/\\\/www.jootjeshaakcadeautjes.nl\\\/fr\\\/#\\\/schema\\\/logo\\\/image\\\/\"}}]}<\/script>\n<meta property=\"product:price:amount\" content=\"0.30\" \/>\n<meta property=\"product:price:currency\" content=\"EUR\" \/>\n<meta property=\"og:availability\" content=\"instock\" \/>\n<meta property=\"product:availability\" content=\"instock\" \/>\n<meta property=\"product:retailer_item_id\" content=\"VHO-GOU15\" \/>\n<meta property=\"product:condition\" content=\"new\" \/>\n<!-- \/ Yoast SEO Premium plugin. -->","yoast_head_json":{"title":"Oeil de s\u00e9curit\u00e9 15 mm vert - Crochet & tricot - Jootjes Crochet presents","description":"Yeux de s\u00e9curit\u00e9 15 mm verts pour peluches\/amigurumi au crochet et au tricot. Pour seulement 0,75\/ 2 chez Jootjes Haakcadeautjes. Haute qualit\u00e9, ne se d\u00e9tache pas.","robots":{"index":"index","follow":"follow","max-snippet":"max-snippet:-1","max-image-preview":"max-image-preview:large","max-video-preview":"max-video-preview:-1"},"canonical":"https:\/\/www.jootjeshaakcadeautjes.nl\/fr\/produit\/paire-dyeux-de-securite-15-mm-or\/","og_locale":"fr_FR","og_type":"article","og_title":"Oeil de s\u00e9curit\u00e9 15 mm - Or - la paire","og_description":"Yeux de s\u00e9curit\u00e9 15 mm verts pour peluches\/amigurumi au crochet et au tricot. Pour seulement 0,75\/ 2 chez Jootjes Haakcadeautjes. Haute qualit\u00e9, ne se d\u00e9tache pas.","og_url":"https:\/\/www.jootjeshaakcadeautjes.nl\/fr\/produit\/paire-dyeux-de-securite-15-mm-or\/","og_site_name":"Jootjes Haakcadeautjes","article_modified_time":"2026-01-30T17:07:15+00:00","og_image":[{"width":1080,"height":1080,"url":"https:\/\/www.jootjeshaakcadeautjes.nl\/wp-content\/uploads\/2020\/04\/Foto-volgt.jpg","type":"image\/jpeg"}],"twitter_card":"summary_large_image","twitter_misc":{"Prix":"&euro;0.30 TTC","Disponibilit\u00e9":"En stock"},"schema":{"@context":"https:\/\/schema.org","@graph":[{"@type":"WebPage","@id":"https:\/\/www.jootjeshaakcadeautjes.nl\/fr\/produit\/paire-dyeux-de-securite-15-mm-or\/","url":"https:\/\/www.jootjeshaakcadeautjes.nl\/fr\/produit\/paire-dyeux-de-securite-15-mm-or\/","name":"Oeil de s\u00e9curit\u00e9 15 mm vert - Crochet & tricot - Jootjes Crochet presents","isPartOf":{"@id":"https:\/\/www.jootjeshaakcadeautjes.nl\/fr\/#website"},"primaryImageOfPage":{"@id":"https:\/\/www.jootjeshaakcadeautjes.nl\/fr\/produit\/paire-dyeux-de-securite-15-mm-or\/#primaryimage"},"image":{"@id":"https:\/\/www.jootjeshaakcadeautjes.nl\/fr\/produit\/paire-dyeux-de-securite-15-mm-or\/#primaryimage"},"thumbnailUrl":"https:\/\/d1dyryakdmle7o.cloudfront.net\/wp-content\/uploads\/2020\/04\/Foto-volgt.jpg","datePublished":"2024-04-11T09:28:02+00:00","dateModified":"2026-01-30T17:07:15+00:00","description":"Yeux de s\u00e9curit\u00e9 15 mm verts pour peluches\/amigurumi au crochet et au tricot. Pour seulement 0,75\/ 2 chez Jootjes Haakcadeautjes. Haute qualit\u00e9, ne se d\u00e9tache pas.","breadcrumb":{"@id":"https:\/\/www.jootjeshaakcadeautjes.nl\/fr\/produit\/paire-dyeux-de-securite-15-mm-or\/#breadcrumb"},"inLanguage":"fr-FR","potentialAction":[{"@type":"ReadAction","target":["https:\/\/www.jootjeshaakcadeautjes.nl\/fr\/produit\/paire-dyeux-de-securite-15-mm-or\/"]}]},{"@type":"ImageObject","inLanguage":"fr-FR","@id":"https:\/\/www.jootjeshaakcadeautjes.nl\/fr\/produit\/paire-dyeux-de-securite-15-mm-or\/#primaryimage","url":"https:\/\/d1dyryakdmle7o.cloudfront.net\/wp-content\/uploads\/2020\/04\/Foto-volgt.jpg","contentUrl":"https:\/\/d1dyryakdmle7o.cloudfront.net\/wp-content\/uploads\/2020\/04\/Foto-volgt.jpg","width":1080,"height":1080,"caption":"Perles de silicone en gros photo suivante"},{"@type":"BreadcrumbList","@id":"https:\/\/www.jootjeshaakcadeautjes.nl\/fr\/produit\/paire-dyeux-de-securite-15-mm-or\/#breadcrumb","itemListElement":[{"@type":"ListItem","position":1,"name":"Accueil","item":"https:\/\/www.jootjeshaakcadeautjes.nl\/fr\/"},{"@type":"ListItem","position":2,"name":"Commerce de gros de perles en silicone &#8211; Entreprises et consommateurs","item":"https:\/\/www.jootjeshaakcadeautjes.nl\/fr\/boutique\/"},{"@type":"ListItem","position":3,"name":"Oeil de s\u00e9curit\u00e9 15 mm &#8211; Or &#8211; la paire"}]},{"@type":"WebSite","@id":"https:\/\/www.jootjeshaakcadeautjes.nl\/fr\/#website","url":"https:\/\/www.jootjeshaakcadeautjes.nl\/fr\/","name":"Jootjes Haakcadeautjes","description":"Grossiste en perles de silicone","publisher":{"@id":"https:\/\/www.jootjeshaakcadeautjes.nl\/fr\/#organization"},"potentialAction":[{"@type":"SearchAction","target":{"@type":"EntryPoint","urlTemplate":"https:\/\/www.jootjeshaakcadeautjes.nl\/fr\/?s={search_term_string}"},"query-input":{"@type":"PropertyValueSpecification","valueRequired":true,"valueName":"search_term_string"}}],"inLanguage":"fr-FR"},{"@type":"Organization","@id":"https:\/\/www.jootjeshaakcadeautjes.nl\/fr\/#organization","name":"Jootjes Haakcadeautjes","url":"https:\/\/www.jootjeshaakcadeautjes.nl\/fr\/","logo":{"@type":"ImageObject","inLanguage":"fr-FR","@id":"https:\/\/www.jootjeshaakcadeautjes.nl\/fr\/#\/schema\/logo\/image\/","url":"https:\/\/jootjes-haakcadeautjes-media.s3.amazonaws.com\/wp-content\/uploads\/2023\/05\/Logo-rond.png","contentUrl":"https:\/\/jootjes-haakcadeautjes-media.s3.amazonaws.com\/wp-content\/uploads\/2023\/05\/Logo-rond.png","width":1222,"height":1222,"caption":"Jootjes Haakcadeautjes"},"image":{"@id":"https:\/\/www.jootjeshaakcadeautjes.nl\/fr\/#\/schema\/logo\/image\/"}}]},"product_price_amount":"0.30","product_price_currency":"EUR","og_availability":"instock","product_availability":"instock","product_retailer_item_id":"VHO-GOU15","product_condition":"new"},"_links":{"self":[{"href":"https:\/\/www.jootjeshaakcadeautjes.nl\/fr\/wp-json\/wp\/v2\/product\/143790","targetHints":{"allow":["GET"]}}],"collection":[{"href":"https:\/\/www.jootjeshaakcadeautjes.nl\/fr\/wp-json\/wp\/v2\/product"}],"about":[{"href":"https:\/\/www.jootjeshaakcadeautjes.nl\/fr\/wp-json\/wp\/v2\/types\/product"}],"version-history":[{"count":0,"href":"https:\/\/www.jootjeshaakcadeautjes.nl\/fr\/wp-json\/wp\/v2\/product\/143790\/revisions"}],"wp:featuredmedia":[{"embeddable":true,"href":"https:\/\/www.jootjeshaakcadeautjes.nl\/fr\/wp-json\/wp\/v2\/media\/69230"}],"wp:attachment":[{"href":"https:\/\/www.jootjeshaakcadeautjes.nl\/fr\/wp-json\/wp\/v2\/media?parent=143790"}],"wp:term":[{"taxonomy":"product_brand","embeddable":true,"href":"https:\/\/www.jootjeshaakcadeautjes.nl\/fr\/wp-json\/wp\/v2\/product_brand?post=143790"},{"taxonomy":"product_cat","embeddable":true,"href":"https:\/\/www.jootjeshaakcadeautjes.nl\/fr\/wp-json\/wp\/v2\/product_cat?post=143790"},{"taxonomy":"product_tag","embeddable":true,"href":"https:\/\/www.jootjeshaakcadeautjes.nl\/fr\/wp-json\/wp\/v2\/product_tag?post=143790"}],"curies":[{"name":"wp","href":"https:\/\/api.w.org\/{rel}","templated":true}]}}