{"id":144732,"date":"2024-03-20T21:32:32","date_gmt":"2024-03-20T19:32:32","guid":{"rendered":"https:\/\/www.jootjeshaakcadeautjes.nl\/product\/perle-de-silicone-citrouille-16-mm-rose-poudre\/"},"modified":"2025-03-11T05:07:36","modified_gmt":"2025-03-11T04:07:36","slug":"perle-de-silicone-citrouille-16-mm-rose-poudre","status":"publish","type":"product","link":"https:\/\/www.jootjeshaakcadeautjes.nl\/fr\/produit\/perle-de-silicone-citrouille-16-mm-rose-poudre\/","title":{"rendered":"Perle de silicone &#8211; citrouille &#8211; 8 mm x 16 mm &#8211; rose poudr\u00e9"},"content":{"rendered":"<h2>Perle de silicone &#8211; citrouille &#8211; 16 mm &#8211; rose poudr\u00e9<\/h2>\n<p>Ces perles de citrouille s&#8217;int\u00e8grent parfaitement \u00e0 votre cordon de t\u00e9tine, votre porte-cl\u00e9s, votre anneau de dentition et bien plus encore. Les perles ont une forme similaire \u00e0 celle d&#8217;un boulier, mais avec une nervure en forme de fleur.<\/p>\n<p>Taille 8 x 16 mm.<\/p>\n","protected":false},"excerpt":{"rendered":"<p>Code couleur : Rose poudr\u00e9<br \/>\nTaille : 8 mm x 16 mm<br \/>\nType : Citrouille<\/p>\n","protected":false},"featured_media":141600,"template":"","meta":[],"product_brand":[],"product_cat":[7378,14369,6992,18214],"product_tag":[7476,7384,7401,7424,10079,7455,7463,7418,7440,7495,7200,7619,12359,10175,7468,7212,7408],"class_list":{"0":"post-144732","1":"product","2":"type-product","3":"status-publish","4":"has-post-thumbnail","6":"product_cat-fabrication-de-jouets-de-dentition-pour-bebe-cordon-de-sucette-et-anneaux-de-dentition","7":"product_cat-perles-en-silicone-citrouille-8-mm-x-16-mm","8":"product_cat-perles-en-silicone-sans-bpa-grossiste","9":"product_cat-sapins-de-noel-citrouille-s","10":"product_tag-acheter","11":"product_tag-anneau-de-dentition","12":"product_tag-bebe","13":"product_tag-bpa-fr","14":"product_tag-cadeau-de-maternite","15":"product_tag-chaine-de-landau","16":"product_tag-commerce-de-gros","17":"product_tag-faux-cordon","18":"product_tag-gratuit","19":"product_tag-perles-fr","20":"product_tag-perles","21":"product_tag-porte-cles","22":"product_tag-poudre","23":"product_tag-rose-fr-3","24":"product_tag-silicone-fr-2","25":"product_tag-silicone-fr","26":"product_tag-sur","28":"first","29":"instock","30":"taxable","31":"shipping-taxable","32":"purchasable","33":"product-type-simple"},"bundled_by":[],"bundle_stock_status":"instock","bundle_stock_quantity":893,"bundle_virtual":false,"bundle_layout":"","bundle_add_to_cart_form_location":"","bundle_editable_in_cart":false,"bundle_sold_individually_context":"","bundle_item_grouping":"","bundle_min_size":"","bundle_max_size":"","bundle_price":[],"bundled_items":[],"bundle_sell_ids":[],"yoast_head":"<!-- This site is optimized with the Yoast SEO Premium plugin v27.6 (Yoast SEO v27.6) - https:\/\/yoast.com\/product\/yoast-seo-premium-wordpress\/ -->\n<title>Perle de silicone - citrouille - 8 mm x 16 mm - rose poudr\u00e9<\/title>\n<meta name=\"description\" content=\"Perles en silicone en forme de citrouille, taille 16 mm dans la couleur rose poudr\u00e9. Ces perles constituent un merveilleux changement pour les cordons de mannequins et bien d&#039;autres choses encore.\" \/>\n<meta name=\"robots\" content=\"index, follow, max-snippet:-1, max-image-preview:large, max-video-preview:-1\" \/>\n<link rel=\"canonical\" href=\"https:\/\/www.jootjeshaakcadeautjes.nl\/fr\/produit\/perle-de-silicone-citrouille-16-mm-rose-poudre\/\" \/>\n<meta property=\"og:locale\" content=\"fr_FR\" \/>\n<meta property=\"og:type\" content=\"article\" \/>\n<meta property=\"og:title\" content=\"Perle de silicone - citrouille - 8 mm x 16 mm - rose poudr\u00e9\" \/>\n<meta property=\"og:description\" content=\"Perles en silicone en forme de citrouille, taille 16 mm dans la couleur rose poudr\u00e9. Ces perles constituent un merveilleux changement pour les cordons de mannequins et bien d&#039;autres choses encore.\" \/>\n<meta property=\"og:url\" content=\"https:\/\/www.jootjeshaakcadeautjes.nl\/fr\/produit\/perle-de-silicone-citrouille-16-mm-rose-poudre\/\" \/>\n<meta property=\"og:site_name\" content=\"Jootjes Haakcadeautjes\" \/>\n<meta property=\"article:modified_time\" content=\"2025-03-11T04:07:36+00:00\" \/>\n<meta property=\"og:image\" content=\"https:\/\/www.jootjeshaakcadeautjes.nl\/wp-content\/uploads\/2024\/03\/20240318_014353.jpg\" \/>\n\t<meta property=\"og:image:width\" content=\"2048\" \/>\n\t<meta property=\"og:image:height\" content=\"2048\" \/>\n\t<meta property=\"og:image:type\" content=\"image\/jpeg\" \/>\n<meta name=\"twitter:card\" content=\"summary_large_image\" \/>\n<meta name=\"twitter:label1\" content=\"Prix\" \/>\n\t<meta name=\"twitter:data1\" content=\"&euro;0.32 TTC\" \/>\n\t<meta name=\"twitter:label2\" content=\"Disponibilit\u00e9\" \/>\n\t<meta name=\"twitter:data2\" content=\"En stock\" \/>\n<script type=\"application\/ld+json\" class=\"yoast-schema-graph\">{\"@context\":\"https:\\\/\\\/schema.org\",\"@graph\":[{\"@type\":\"WebPage\",\"@id\":\"https:\\\/\\\/www.jootjeshaakcadeautjes.nl\\\/fr\\\/produit\\\/perle-de-silicone-citrouille-16-mm-rose-poudre\\\/\",\"url\":\"https:\\\/\\\/www.jootjeshaakcadeautjes.nl\\\/fr\\\/produit\\\/perle-de-silicone-citrouille-16-mm-rose-poudre\\\/\",\"name\":\"Perle de silicone - citrouille - 8 mm x 16 mm - rose poudr\u00e9\",\"isPartOf\":{\"@id\":\"https:\\\/\\\/www.jootjeshaakcadeautjes.nl\\\/fr\\\/#website\"},\"primaryImageOfPage\":{\"@id\":\"https:\\\/\\\/www.jootjeshaakcadeautjes.nl\\\/fr\\\/produit\\\/perle-de-silicone-citrouille-16-mm-rose-poudre\\\/#primaryimage\"},\"image\":{\"@id\":\"https:\\\/\\\/www.jootjeshaakcadeautjes.nl\\\/fr\\\/produit\\\/perle-de-silicone-citrouille-16-mm-rose-poudre\\\/#primaryimage\"},\"thumbnailUrl\":\"https:\\\/\\\/d1dyryakdmle7o.cloudfront.net\\\/wp-content\\\/uploads\\\/2024\\\/03\\\/20240318_014353.jpg\",\"datePublished\":\"2024-03-20T19:32:32+00:00\",\"dateModified\":\"2025-03-11T04:07:36+00:00\",\"description\":\"Perles en silicone en forme de citrouille, taille 16 mm dans la couleur rose poudr\u00e9. Ces perles constituent un merveilleux changement pour les cordons de mannequins et bien d'autres choses encore.\",\"breadcrumb\":{\"@id\":\"https:\\\/\\\/www.jootjeshaakcadeautjes.nl\\\/fr\\\/produit\\\/perle-de-silicone-citrouille-16-mm-rose-poudre\\\/#breadcrumb\"},\"inLanguage\":\"fr-FR\",\"potentialAction\":[{\"@type\":\"ReadAction\",\"target\":[\"https:\\\/\\\/www.jootjeshaakcadeautjes.nl\\\/fr\\\/produit\\\/perle-de-silicone-citrouille-16-mm-rose-poudre\\\/\"]}]},{\"@type\":\"ImageObject\",\"inLanguage\":\"fr-FR\",\"@id\":\"https:\\\/\\\/www.jootjeshaakcadeautjes.nl\\\/fr\\\/produit\\\/perle-de-silicone-citrouille-16-mm-rose-poudre\\\/#primaryimage\",\"url\":\"https:\\\/\\\/d1dyryakdmle7o.cloudfront.net\\\/wp-content\\\/uploads\\\/2024\\\/03\\\/20240318_014353.jpg\",\"contentUrl\":\"https:\\\/\\\/d1dyryakdmle7o.cloudfront.net\\\/wp-content\\\/uploads\\\/2024\\\/03\\\/20240318_014353.jpg\",\"width\":2048,\"height\":2048,\"caption\":\"Perles en Silicone Grossiste Citrouille Sucette Anneau de Dentition Porte Cl\u00e9 Rose Poudr\u00e9\"},{\"@type\":\"BreadcrumbList\",\"@id\":\"https:\\\/\\\/www.jootjeshaakcadeautjes.nl\\\/fr\\\/produit\\\/perle-de-silicone-citrouille-16-mm-rose-poudre\\\/#breadcrumb\",\"itemListElement\":[{\"@type\":\"ListItem\",\"position\":1,\"name\":\"Accueil\",\"item\":\"https:\\\/\\\/www.jootjeshaakcadeautjes.nl\\\/fr\\\/\"},{\"@type\":\"ListItem\",\"position\":2,\"name\":\"Commerce de gros de perles en silicone &#8211; Entreprises et consommateurs\",\"item\":\"https:\\\/\\\/www.jootjeshaakcadeautjes.nl\\\/fr\\\/boutique\\\/\"},{\"@type\":\"ListItem\",\"position\":3,\"name\":\"Perle de silicone &#8211; citrouille &#8211; 8 mm x 16 mm &#8211; rose poudr\u00e9\"}]},{\"@type\":\"WebSite\",\"@id\":\"https:\\\/\\\/www.jootjeshaakcadeautjes.nl\\\/fr\\\/#website\",\"url\":\"https:\\\/\\\/www.jootjeshaakcadeautjes.nl\\\/fr\\\/\",\"name\":\"Jootjes Haakcadeautjes\",\"description\":\"Grossiste en perles de silicone\",\"publisher\":{\"@id\":\"https:\\\/\\\/www.jootjeshaakcadeautjes.nl\\\/fr\\\/#organization\"},\"potentialAction\":[{\"@type\":\"SearchAction\",\"target\":{\"@type\":\"EntryPoint\",\"urlTemplate\":\"https:\\\/\\\/www.jootjeshaakcadeautjes.nl\\\/fr\\\/?s={search_term_string}\"},\"query-input\":{\"@type\":\"PropertyValueSpecification\",\"valueRequired\":true,\"valueName\":\"search_term_string\"}}],\"inLanguage\":\"fr-FR\"},{\"@type\":\"Organization\",\"@id\":\"https:\\\/\\\/www.jootjeshaakcadeautjes.nl\\\/fr\\\/#organization\",\"name\":\"Jootjes Haakcadeautjes\",\"url\":\"https:\\\/\\\/www.jootjeshaakcadeautjes.nl\\\/fr\\\/\",\"logo\":{\"@type\":\"ImageObject\",\"inLanguage\":\"fr-FR\",\"@id\":\"https:\\\/\\\/www.jootjeshaakcadeautjes.nl\\\/fr\\\/#\\\/schema\\\/logo\\\/image\\\/\",\"url\":\"https:\\\/\\\/d1dyryakdmle7o.cloudfront.net\\\/wp-content\\\/uploads\\\/2023\\\/05\\\/Logo-rond.png\",\"contentUrl\":\"https:\\\/\\\/d1dyryakdmle7o.cloudfront.net\\\/wp-content\\\/uploads\\\/2023\\\/05\\\/Logo-rond.png\",\"width\":1222,\"height\":1222,\"caption\":\"Jootjes Haakcadeautjes\"},\"image\":{\"@id\":\"https:\\\/\\\/www.jootjeshaakcadeautjes.nl\\\/fr\\\/#\\\/schema\\\/logo\\\/image\\\/\"}}]}<\/script>\n<meta property=\"product:price:amount\" content=\"0.32\" \/>\n<meta property=\"product:price:currency\" content=\"EUR\" \/>\n<meta property=\"og:availability\" content=\"instock\" \/>\n<meta property=\"product:availability\" content=\"instock\" \/>\n<meta property=\"product:retailer_item_id\" content=\"SKR-P16-POR\" \/>\n<meta property=\"product:condition\" content=\"new\" \/>\n<!-- \/ Yoast SEO Premium plugin. -->","yoast_head_json":{"title":"Perle de silicone - citrouille - 8 mm x 16 mm - rose poudr\u00e9","description":"Perles en silicone en forme de citrouille, taille 16 mm dans la couleur rose poudr\u00e9. Ces perles constituent un merveilleux changement pour les cordons de mannequins et bien d'autres choses encore.","robots":{"index":"index","follow":"follow","max-snippet":"max-snippet:-1","max-image-preview":"max-image-preview:large","max-video-preview":"max-video-preview:-1"},"canonical":"https:\/\/www.jootjeshaakcadeautjes.nl\/fr\/produit\/perle-de-silicone-citrouille-16-mm-rose-poudre\/","og_locale":"fr_FR","og_type":"article","og_title":"Perle de silicone - citrouille - 8 mm x 16 mm - rose poudr\u00e9","og_description":"Perles en silicone en forme de citrouille, taille 16 mm dans la couleur rose poudr\u00e9. Ces perles constituent un merveilleux changement pour les cordons de mannequins et bien d'autres choses encore.","og_url":"https:\/\/www.jootjeshaakcadeautjes.nl\/fr\/produit\/perle-de-silicone-citrouille-16-mm-rose-poudre\/","og_site_name":"Jootjes Haakcadeautjes","article_modified_time":"2025-03-11T04:07:36+00:00","og_image":[{"width":2048,"height":2048,"url":"https:\/\/www.jootjeshaakcadeautjes.nl\/wp-content\/uploads\/2024\/03\/20240318_014353.jpg","type":"image\/jpeg"}],"twitter_card":"summary_large_image","twitter_misc":{"Prix":"&euro;0.32 TTC","Disponibilit\u00e9":"En stock"},"schema":{"@context":"https:\/\/schema.org","@graph":[{"@type":"WebPage","@id":"https:\/\/www.jootjeshaakcadeautjes.nl\/fr\/produit\/perle-de-silicone-citrouille-16-mm-rose-poudre\/","url":"https:\/\/www.jootjeshaakcadeautjes.nl\/fr\/produit\/perle-de-silicone-citrouille-16-mm-rose-poudre\/","name":"Perle de silicone - citrouille - 8 mm x 16 mm - rose poudr\u00e9","isPartOf":{"@id":"https:\/\/www.jootjeshaakcadeautjes.nl\/fr\/#website"},"primaryImageOfPage":{"@id":"https:\/\/www.jootjeshaakcadeautjes.nl\/fr\/produit\/perle-de-silicone-citrouille-16-mm-rose-poudre\/#primaryimage"},"image":{"@id":"https:\/\/www.jootjeshaakcadeautjes.nl\/fr\/produit\/perle-de-silicone-citrouille-16-mm-rose-poudre\/#primaryimage"},"thumbnailUrl":"https:\/\/d1dyryakdmle7o.cloudfront.net\/wp-content\/uploads\/2024\/03\/20240318_014353.jpg","datePublished":"2024-03-20T19:32:32+00:00","dateModified":"2025-03-11T04:07:36+00:00","description":"Perles en silicone en forme de citrouille, taille 16 mm dans la couleur rose poudr\u00e9. Ces perles constituent un merveilleux changement pour les cordons de mannequins et bien d'autres choses encore.","breadcrumb":{"@id":"https:\/\/www.jootjeshaakcadeautjes.nl\/fr\/produit\/perle-de-silicone-citrouille-16-mm-rose-poudre\/#breadcrumb"},"inLanguage":"fr-FR","potentialAction":[{"@type":"ReadAction","target":["https:\/\/www.jootjeshaakcadeautjes.nl\/fr\/produit\/perle-de-silicone-citrouille-16-mm-rose-poudre\/"]}]},{"@type":"ImageObject","inLanguage":"fr-FR","@id":"https:\/\/www.jootjeshaakcadeautjes.nl\/fr\/produit\/perle-de-silicone-citrouille-16-mm-rose-poudre\/#primaryimage","url":"https:\/\/d1dyryakdmle7o.cloudfront.net\/wp-content\/uploads\/2024\/03\/20240318_014353.jpg","contentUrl":"https:\/\/d1dyryakdmle7o.cloudfront.net\/wp-content\/uploads\/2024\/03\/20240318_014353.jpg","width":2048,"height":2048,"caption":"Perles en Silicone Grossiste Citrouille Sucette Anneau de Dentition Porte Cl\u00e9 Rose Poudr\u00e9"},{"@type":"BreadcrumbList","@id":"https:\/\/www.jootjeshaakcadeautjes.nl\/fr\/produit\/perle-de-silicone-citrouille-16-mm-rose-poudre\/#breadcrumb","itemListElement":[{"@type":"ListItem","position":1,"name":"Accueil","item":"https:\/\/www.jootjeshaakcadeautjes.nl\/fr\/"},{"@type":"ListItem","position":2,"name":"Commerce de gros de perles en silicone &#8211; Entreprises et consommateurs","item":"https:\/\/www.jootjeshaakcadeautjes.nl\/fr\/boutique\/"},{"@type":"ListItem","position":3,"name":"Perle de silicone &#8211; citrouille &#8211; 8 mm x 16 mm &#8211; rose poudr\u00e9"}]},{"@type":"WebSite","@id":"https:\/\/www.jootjeshaakcadeautjes.nl\/fr\/#website","url":"https:\/\/www.jootjeshaakcadeautjes.nl\/fr\/","name":"Jootjes Haakcadeautjes","description":"Grossiste en perles de silicone","publisher":{"@id":"https:\/\/www.jootjeshaakcadeautjes.nl\/fr\/#organization"},"potentialAction":[{"@type":"SearchAction","target":{"@type":"EntryPoint","urlTemplate":"https:\/\/www.jootjeshaakcadeautjes.nl\/fr\/?s={search_term_string}"},"query-input":{"@type":"PropertyValueSpecification","valueRequired":true,"valueName":"search_term_string"}}],"inLanguage":"fr-FR"},{"@type":"Organization","@id":"https:\/\/www.jootjeshaakcadeautjes.nl\/fr\/#organization","name":"Jootjes Haakcadeautjes","url":"https:\/\/www.jootjeshaakcadeautjes.nl\/fr\/","logo":{"@type":"ImageObject","inLanguage":"fr-FR","@id":"https:\/\/www.jootjeshaakcadeautjes.nl\/fr\/#\/schema\/logo\/image\/","url":"https:\/\/d1dyryakdmle7o.cloudfront.net\/wp-content\/uploads\/2023\/05\/Logo-rond.png","contentUrl":"https:\/\/d1dyryakdmle7o.cloudfront.net\/wp-content\/uploads\/2023\/05\/Logo-rond.png","width":1222,"height":1222,"caption":"Jootjes Haakcadeautjes"},"image":{"@id":"https:\/\/www.jootjeshaakcadeautjes.nl\/fr\/#\/schema\/logo\/image\/"}}]},"product_price_amount":"0.32","product_price_currency":"EUR","og_availability":"instock","product_availability":"instock","product_retailer_item_id":"SKR-P16-POR","product_condition":"new"},"_links":{"self":[{"href":"https:\/\/www.jootjeshaakcadeautjes.nl\/fr\/wp-json\/wp\/v2\/product\/144732","targetHints":{"allow":["GET"]}}],"collection":[{"href":"https:\/\/www.jootjeshaakcadeautjes.nl\/fr\/wp-json\/wp\/v2\/product"}],"about":[{"href":"https:\/\/www.jootjeshaakcadeautjes.nl\/fr\/wp-json\/wp\/v2\/types\/product"}],"version-history":[{"count":0,"href":"https:\/\/www.jootjeshaakcadeautjes.nl\/fr\/wp-json\/wp\/v2\/product\/144732\/revisions"}],"wp:featuredmedia":[{"embeddable":true,"href":"https:\/\/www.jootjeshaakcadeautjes.nl\/fr\/wp-json\/wp\/v2\/media\/141600"}],"wp:attachment":[{"href":"https:\/\/www.jootjeshaakcadeautjes.nl\/fr\/wp-json\/wp\/v2\/media?parent=144732"}],"wp:term":[{"taxonomy":"product_brand","embeddable":true,"href":"https:\/\/www.jootjeshaakcadeautjes.nl\/fr\/wp-json\/wp\/v2\/product_brand?post=144732"},{"taxonomy":"product_cat","embeddable":true,"href":"https:\/\/www.jootjeshaakcadeautjes.nl\/fr\/wp-json\/wp\/v2\/product_cat?post=144732"},{"taxonomy":"product_tag","embeddable":true,"href":"https:\/\/www.jootjeshaakcadeautjes.nl\/fr\/wp-json\/wp\/v2\/product_tag?post=144732"}],"curies":[{"name":"wp","href":"https:\/\/api.w.org\/{rel}","templated":true}]}}