{"id":148745,"date":"2024-05-16T17:00:26","date_gmt":"2024-05-16T15:00:26","guid":{"rendered":"https:\/\/www.jootjeshaakcadeautjes.nl\/?post_type=product&#038;p=148745"},"modified":"2026-03-19T00:59:35","modified_gmt":"2026-03-18T23:59:35","slug":"perle-de-silicone-gravee-titane-nugget-oma-20-mm","status":"publish","type":"product","link":"https:\/\/www.jootjeshaakcadeautjes.nl\/fr\/produit\/perle-de-silicone-gravee-titane-nugget-oma-20-mm\/","title":{"rendered":"Perle en silicone &#8211; grav\u00e9e &#8211; p\u00e9pite de titane &#8211; grand-m\u00e8re &#8211; 20 mm"},"content":{"rendered":"<h1>Perle en silicone &#8211; grav\u00e9e &#8211; p\u00e9pite de titane &#8211; grand-m\u00e8re &#8211; 20 mm<\/h1>\n<ul>\n<li>Perles en silicone sp\u00e9ciales sur mesure &#8211; 20 mm &#8211; Titanium Nugget Grandma<\/li>\n<li>Ces perles sont fabriqu\u00e9es \u00e0 l&#8217;aide d&#8217;une technique de fabrication unique et sp\u00e9ciale !<\/li>\n<li>Couleur de la p\u00e9pite de titane<\/li>\n<li>Trou de haut en bas<\/li>\n<li>Silicone de haute qualit\u00e9 sans danger pour les b\u00e9b\u00e9s<\/li>\n<li>S\u00fbr selon les tests chimiques EN-71 !<\/li>\n<\/ul>\n<p>Parfait pour nos bouchons de vin, porte-cl\u00e9s, d\u00e9capsuleurs, cintres et autres.<\/p>\n","protected":false},"excerpt":{"rendered":"<p>Exclusivement chez Jootjes Crochet Gifts :<\/p>\n<ul>\n<li>Perles en silicone sp\u00e9ciales sur mesure &#8211; 20 mm &#8211; Titanium Nugget Grandma<\/li>\n<li>Ces perles sont fabriqu\u00e9es \u00e0 l&#8217;aide d&#8217;une technique de fabrication unique et sp\u00e9ciale !<\/li>\n<li>Couleur de la p\u00e9pite de titane<\/li>\n<li>Trou de haut en bas<\/li>\n<li>Silicone de haute qualit\u00e9 sans danger pour les b\u00e9b\u00e9s<\/li>\n<li>S\u00fbr selon les tests chimiques EN-71 !<\/li>\n<\/ul>\n<p>Parfait pour nos bouchons de vin, porte-cl\u00e9s, d\u00e9capsuleurs, cintres et autres.<\/p>\n","protected":false},"featured_media":149387,"template":"","meta":[],"product_brand":[],"product_cat":[7378,6994,16045,10238,12499,14620,6992,7398,12310],"product_tag":[7424,7206,7396,13211,14197,13337,7215,12469,7440,7402,14698,10124,7395,7619,7209,7212,7433,12705,10133,7217],"class_list":{"0":"post-148745","1":"product","2":"type-product","3":"status-publish","4":"has-post-thumbnail","6":"product_cat-fabrication-de-jouets-de-dentition-pour-bebe-cordon-de-sucette-et-anneaux-de-dentition","7":"product_cat-gravure-au-laser-produits-cadeaux","8":"product_cat-perles-de-silicone-gravees-pour-cordon-de-sucette-et-anneau-de-dentition","9":"product_cat-perles-en-silicone-exclusivement-chez-jootjes","10":"product_cat-perles-en-silicone-luckyjos-luckyjos","11":"product_cat-perles-en-silicone-multicolore-avec-texte","12":"product_cat-perles-en-silicone-sans-bpa-grossiste","13":"product_cat-perles-en-silicone-toutes-les-perles-de-luxe-multicolores","14":"product_cat-poupees-chanceuses-diy-perles-et-fournitures","15":"product_tag-bpa-fr","16":"product_tag-bricolage","17":"product_tag-cadeau-fr","18":"product_tag-cadeau-fr-3","19":"product_tag-cadeau-dentreprise","20":"product_tag-etre","21":"product_tag-faire","22":"product_tag-grand-mere","23":"product_tag-gratuit","24":"product_tag-grave","25":"product_tag-merci-de-votre-attention","26":"product_tag-pepite","27":"product_tag-perle","28":"product_tag-porte-cles","29":"product_tag-poupee-porte-bonheur","30":"product_tag-silicone-fr","31":"product_tag-stylo","32":"product_tag-stylos","33":"product_tag-titane","34":"product_tag-toi-meme","36":"first","37":"instock","38":"taxable","39":"shipping-taxable","40":"purchasable","41":"product-type-simple"},"bundled_by":[],"bundle_stock_status":"instock","bundle_stock_quantity":200,"bundle_virtual":false,"bundle_layout":"","bundle_add_to_cart_form_location":"","bundle_editable_in_cart":false,"bundle_sold_individually_context":"","bundle_item_grouping":"","bundle_min_size":"","bundle_max_size":"","bundle_price":[],"bundled_items":[],"bundle_sell_ids":[],"yoast_head":"<!-- This site is optimized with the Yoast SEO Premium plugin v27.6 (Yoast SEO v27.6) - https:\/\/yoast.com\/product\/yoast-seo-premium-wordpress\/ -->\n<title>Perle en silicone - grav\u00e9e - p\u00e9pite de titane - grand-m\u00e8re - 20 mm %sep%% Jootjes Crochet Gifts<\/title>\n<meta name=\"description\" content=\"Les perles de silicone ovales de couleur vert sauge 12 mm sont exemptes de BPA, de plomb, de substances toxiques, de phtalates et de PVC, et sont marqu\u00e9es CE.\" \/>\n<meta name=\"robots\" content=\"index, follow, max-snippet:-1, max-image-preview:large, max-video-preview:-1\" \/>\n<link rel=\"canonical\" href=\"https:\/\/www.jootjeshaakcadeautjes.nl\/fr\/produit\/perle-de-silicone-gravee-titane-nugget-oma-20-mm\/\" \/>\n<meta property=\"og:locale\" content=\"fr_FR\" \/>\n<meta property=\"og:type\" content=\"article\" \/>\n<meta property=\"og:title\" content=\"Perle en silicone - grav\u00e9e - p\u00e9pite de titane - grand-m\u00e8re - 20 mm\" \/>\n<meta property=\"og:description\" content=\"Les perles de silicone ovales de couleur vert sauge 12 mm sont exemptes de BPA, de plomb, de substances toxiques, de phtalates et de PVC, et sont marqu\u00e9es CE.\" \/>\n<meta property=\"og:url\" content=\"https:\/\/www.jootjeshaakcadeautjes.nl\/fr\/produit\/perle-de-silicone-gravee-titane-nugget-oma-20-mm\/\" \/>\n<meta property=\"og:site_name\" content=\"Jootjes Haakcadeautjes\" \/>\n<meta property=\"article:modified_time\" content=\"2026-03-18T23:59:35+00:00\" \/>\n<meta property=\"og:image\" content=\"https:\/\/www.jootjeshaakcadeautjes.nl\/wp-content\/uploads\/2024\/05\/20240519_185028.jpg\" \/>\n\t<meta property=\"og:image:width\" content=\"2048\" \/>\n\t<meta property=\"og:image:height\" content=\"2048\" \/>\n\t<meta property=\"og:image:type\" content=\"image\/jpeg\" \/>\n<meta name=\"twitter:card\" content=\"summary_large_image\" \/>\n<meta name=\"twitter:label1\" content=\"Prix\" \/>\n\t<meta name=\"twitter:data1\" content=\"&euro;1.25 TTC\" \/>\n\t<meta name=\"twitter:label2\" content=\"Disponibilit\u00e9\" \/>\n\t<meta name=\"twitter:data2\" content=\"En stock\" \/>\n<script type=\"application\/ld+json\" class=\"yoast-schema-graph\">{\"@context\":\"https:\\\/\\\/schema.org\",\"@graph\":[{\"@type\":\"WebPage\",\"@id\":\"https:\\\/\\\/www.jootjeshaakcadeautjes.nl\\\/fr\\\/produit\\\/perle-de-silicone-gravee-titane-nugget-oma-20-mm\\\/\",\"url\":\"https:\\\/\\\/www.jootjeshaakcadeautjes.nl\\\/fr\\\/produit\\\/perle-de-silicone-gravee-titane-nugget-oma-20-mm\\\/\",\"name\":\"Perle en silicone - grav\u00e9e - p\u00e9pite de titane - grand-m\u00e8re - 20 mm %sep%% Jootjes Crochet Gifts\",\"isPartOf\":{\"@id\":\"https:\\\/\\\/www.jootjeshaakcadeautjes.nl\\\/fr\\\/#website\"},\"primaryImageOfPage\":{\"@id\":\"https:\\\/\\\/www.jootjeshaakcadeautjes.nl\\\/fr\\\/produit\\\/perle-de-silicone-gravee-titane-nugget-oma-20-mm\\\/#primaryimage\"},\"image\":{\"@id\":\"https:\\\/\\\/www.jootjeshaakcadeautjes.nl\\\/fr\\\/produit\\\/perle-de-silicone-gravee-titane-nugget-oma-20-mm\\\/#primaryimage\"},\"thumbnailUrl\":\"https:\\\/\\\/d1dyryakdmle7o.cloudfront.net\\\/wp-content\\\/uploads\\\/2024\\\/05\\\/20240519_185028.jpg\",\"datePublished\":\"2024-05-16T15:00:26+00:00\",\"dateModified\":\"2026-03-18T23:59:35+00:00\",\"description\":\"Les perles de silicone ovales de couleur vert sauge 12 mm sont exemptes de BPA, de plomb, de substances toxiques, de phtalates et de PVC, et sont marqu\u00e9es CE.\",\"breadcrumb\":{\"@id\":\"https:\\\/\\\/www.jootjeshaakcadeautjes.nl\\\/fr\\\/produit\\\/perle-de-silicone-gravee-titane-nugget-oma-20-mm\\\/#breadcrumb\"},\"inLanguage\":\"fr-FR\",\"potentialAction\":[{\"@type\":\"ReadAction\",\"target\":[\"https:\\\/\\\/www.jootjeshaakcadeautjes.nl\\\/fr\\\/produit\\\/perle-de-silicone-gravee-titane-nugget-oma-20-mm\\\/\"]}]},{\"@type\":\"ImageObject\",\"inLanguage\":\"fr-FR\",\"@id\":\"https:\\\/\\\/www.jootjeshaakcadeautjes.nl\\\/fr\\\/produit\\\/perle-de-silicone-gravee-titane-nugget-oma-20-mm\\\/#primaryimage\",\"url\":\"https:\\\/\\\/d1dyryakdmle7o.cloudfront.net\\\/wp-content\\\/uploads\\\/2024\\\/05\\\/20240519_185028.jpg\",\"contentUrl\":\"https:\\\/\\\/d1dyryakdmle7o.cloudfront.net\\\/wp-content\\\/uploads\\\/2024\\\/05\\\/20240519_185028.jpg\",\"width\":2048,\"height\":2048},{\"@type\":\"BreadcrumbList\",\"@id\":\"https:\\\/\\\/www.jootjeshaakcadeautjes.nl\\\/fr\\\/produit\\\/perle-de-silicone-gravee-titane-nugget-oma-20-mm\\\/#breadcrumb\",\"itemListElement\":[{\"@type\":\"ListItem\",\"position\":1,\"name\":\"Accueil\",\"item\":\"https:\\\/\\\/www.jootjeshaakcadeautjes.nl\\\/fr\\\/\"},{\"@type\":\"ListItem\",\"position\":2,\"name\":\"Commerce de gros de perles en silicone &#8211; Entreprises et consommateurs\",\"item\":\"https:\\\/\\\/www.jootjeshaakcadeautjes.nl\\\/fr\\\/boutique\\\/\"},{\"@type\":\"ListItem\",\"position\":3,\"name\":\"Perle en silicone &#8211; grav\u00e9e &#8211; p\u00e9pite de titane &#8211; grand-m\u00e8re &#8211; 20 mm\"}]},{\"@type\":\"WebSite\",\"@id\":\"https:\\\/\\\/www.jootjeshaakcadeautjes.nl\\\/fr\\\/#website\",\"url\":\"https:\\\/\\\/www.jootjeshaakcadeautjes.nl\\\/fr\\\/\",\"name\":\"Jootjes Haakcadeautjes\",\"description\":\"Grossiste en perles de silicone\",\"publisher\":{\"@id\":\"https:\\\/\\\/www.jootjeshaakcadeautjes.nl\\\/fr\\\/#organization\"},\"potentialAction\":[{\"@type\":\"SearchAction\",\"target\":{\"@type\":\"EntryPoint\",\"urlTemplate\":\"https:\\\/\\\/www.jootjeshaakcadeautjes.nl\\\/fr\\\/?s={search_term_string}\"},\"query-input\":{\"@type\":\"PropertyValueSpecification\",\"valueRequired\":true,\"valueName\":\"search_term_string\"}}],\"inLanguage\":\"fr-FR\"},{\"@type\":\"Organization\",\"@id\":\"https:\\\/\\\/www.jootjeshaakcadeautjes.nl\\\/fr\\\/#organization\",\"name\":\"Jootjes Haakcadeautjes\",\"url\":\"https:\\\/\\\/www.jootjeshaakcadeautjes.nl\\\/fr\\\/\",\"logo\":{\"@type\":\"ImageObject\",\"inLanguage\":\"fr-FR\",\"@id\":\"https:\\\/\\\/www.jootjeshaakcadeautjes.nl\\\/fr\\\/#\\\/schema\\\/logo\\\/image\\\/\",\"url\":\"https:\\\/\\\/d1dyryakdmle7o.cloudfront.net\\\/wp-content\\\/uploads\\\/2023\\\/05\\\/Logo-rond.png\",\"contentUrl\":\"https:\\\/\\\/d1dyryakdmle7o.cloudfront.net\\\/wp-content\\\/uploads\\\/2023\\\/05\\\/Logo-rond.png\",\"width\":1222,\"height\":1222,\"caption\":\"Jootjes Haakcadeautjes\"},\"image\":{\"@id\":\"https:\\\/\\\/www.jootjeshaakcadeautjes.nl\\\/fr\\\/#\\\/schema\\\/logo\\\/image\\\/\"}}]}<\/script>\n<meta property=\"product:price:amount\" content=\"1.25\" \/>\n<meta property=\"product:price:currency\" content=\"EUR\" \/>\n<meta property=\"og:availability\" content=\"instock\" \/>\n<meta property=\"product:availability\" content=\"instock\" \/>\n<meta property=\"product:retailer_item_id\" content=\"SKR-TIT-OMA\" \/>\n<meta property=\"product:condition\" content=\"new\" \/>\n<!-- \/ Yoast SEO Premium plugin. -->","yoast_head_json":{"title":"Perle en silicone - grav\u00e9e - p\u00e9pite de titane - grand-m\u00e8re - 20 mm %sep%% Jootjes Crochet Gifts","description":"Les perles de silicone ovales de couleur vert sauge 12 mm sont exemptes de BPA, de plomb, de substances toxiques, de phtalates et de PVC, et sont marqu\u00e9es CE.","robots":{"index":"index","follow":"follow","max-snippet":"max-snippet:-1","max-image-preview":"max-image-preview:large","max-video-preview":"max-video-preview:-1"},"canonical":"https:\/\/www.jootjeshaakcadeautjes.nl\/fr\/produit\/perle-de-silicone-gravee-titane-nugget-oma-20-mm\/","og_locale":"fr_FR","og_type":"article","og_title":"Perle en silicone - grav\u00e9e - p\u00e9pite de titane - grand-m\u00e8re - 20 mm","og_description":"Les perles de silicone ovales de couleur vert sauge 12 mm sont exemptes de BPA, de plomb, de substances toxiques, de phtalates et de PVC, et sont marqu\u00e9es CE.","og_url":"https:\/\/www.jootjeshaakcadeautjes.nl\/fr\/produit\/perle-de-silicone-gravee-titane-nugget-oma-20-mm\/","og_site_name":"Jootjes Haakcadeautjes","article_modified_time":"2026-03-18T23:59:35+00:00","og_image":[{"width":2048,"height":2048,"url":"https:\/\/www.jootjeshaakcadeautjes.nl\/wp-content\/uploads\/2024\/05\/20240519_185028.jpg","type":"image\/jpeg"}],"twitter_card":"summary_large_image","twitter_misc":{"Prix":"&euro;1.25 TTC","Disponibilit\u00e9":"En stock"},"schema":{"@context":"https:\/\/schema.org","@graph":[{"@type":"WebPage","@id":"https:\/\/www.jootjeshaakcadeautjes.nl\/fr\/produit\/perle-de-silicone-gravee-titane-nugget-oma-20-mm\/","url":"https:\/\/www.jootjeshaakcadeautjes.nl\/fr\/produit\/perle-de-silicone-gravee-titane-nugget-oma-20-mm\/","name":"Perle en silicone - grav\u00e9e - p\u00e9pite de titane - grand-m\u00e8re - 20 mm %sep%% Jootjes Crochet Gifts","isPartOf":{"@id":"https:\/\/www.jootjeshaakcadeautjes.nl\/fr\/#website"},"primaryImageOfPage":{"@id":"https:\/\/www.jootjeshaakcadeautjes.nl\/fr\/produit\/perle-de-silicone-gravee-titane-nugget-oma-20-mm\/#primaryimage"},"image":{"@id":"https:\/\/www.jootjeshaakcadeautjes.nl\/fr\/produit\/perle-de-silicone-gravee-titane-nugget-oma-20-mm\/#primaryimage"},"thumbnailUrl":"https:\/\/d1dyryakdmle7o.cloudfront.net\/wp-content\/uploads\/2024\/05\/20240519_185028.jpg","datePublished":"2024-05-16T15:00:26+00:00","dateModified":"2026-03-18T23:59:35+00:00","description":"Les perles de silicone ovales de couleur vert sauge 12 mm sont exemptes de BPA, de plomb, de substances toxiques, de phtalates et de PVC, et sont marqu\u00e9es CE.","breadcrumb":{"@id":"https:\/\/www.jootjeshaakcadeautjes.nl\/fr\/produit\/perle-de-silicone-gravee-titane-nugget-oma-20-mm\/#breadcrumb"},"inLanguage":"fr-FR","potentialAction":[{"@type":"ReadAction","target":["https:\/\/www.jootjeshaakcadeautjes.nl\/fr\/produit\/perle-de-silicone-gravee-titane-nugget-oma-20-mm\/"]}]},{"@type":"ImageObject","inLanguage":"fr-FR","@id":"https:\/\/www.jootjeshaakcadeautjes.nl\/fr\/produit\/perle-de-silicone-gravee-titane-nugget-oma-20-mm\/#primaryimage","url":"https:\/\/d1dyryakdmle7o.cloudfront.net\/wp-content\/uploads\/2024\/05\/20240519_185028.jpg","contentUrl":"https:\/\/d1dyryakdmle7o.cloudfront.net\/wp-content\/uploads\/2024\/05\/20240519_185028.jpg","width":2048,"height":2048},{"@type":"BreadcrumbList","@id":"https:\/\/www.jootjeshaakcadeautjes.nl\/fr\/produit\/perle-de-silicone-gravee-titane-nugget-oma-20-mm\/#breadcrumb","itemListElement":[{"@type":"ListItem","position":1,"name":"Accueil","item":"https:\/\/www.jootjeshaakcadeautjes.nl\/fr\/"},{"@type":"ListItem","position":2,"name":"Commerce de gros de perles en silicone &#8211; Entreprises et consommateurs","item":"https:\/\/www.jootjeshaakcadeautjes.nl\/fr\/boutique\/"},{"@type":"ListItem","position":3,"name":"Perle en silicone &#8211; grav\u00e9e &#8211; p\u00e9pite de titane &#8211; grand-m\u00e8re &#8211; 20 mm"}]},{"@type":"WebSite","@id":"https:\/\/www.jootjeshaakcadeautjes.nl\/fr\/#website","url":"https:\/\/www.jootjeshaakcadeautjes.nl\/fr\/","name":"Jootjes Haakcadeautjes","description":"Grossiste en perles de silicone","publisher":{"@id":"https:\/\/www.jootjeshaakcadeautjes.nl\/fr\/#organization"},"potentialAction":[{"@type":"SearchAction","target":{"@type":"EntryPoint","urlTemplate":"https:\/\/www.jootjeshaakcadeautjes.nl\/fr\/?s={search_term_string}"},"query-input":{"@type":"PropertyValueSpecification","valueRequired":true,"valueName":"search_term_string"}}],"inLanguage":"fr-FR"},{"@type":"Organization","@id":"https:\/\/www.jootjeshaakcadeautjes.nl\/fr\/#organization","name":"Jootjes Haakcadeautjes","url":"https:\/\/www.jootjeshaakcadeautjes.nl\/fr\/","logo":{"@type":"ImageObject","inLanguage":"fr-FR","@id":"https:\/\/www.jootjeshaakcadeautjes.nl\/fr\/#\/schema\/logo\/image\/","url":"https:\/\/d1dyryakdmle7o.cloudfront.net\/wp-content\/uploads\/2023\/05\/Logo-rond.png","contentUrl":"https:\/\/d1dyryakdmle7o.cloudfront.net\/wp-content\/uploads\/2023\/05\/Logo-rond.png","width":1222,"height":1222,"caption":"Jootjes Haakcadeautjes"},"image":{"@id":"https:\/\/www.jootjeshaakcadeautjes.nl\/fr\/#\/schema\/logo\/image\/"}}]},"product_price_amount":"1.25","product_price_currency":"EUR","og_availability":"instock","product_availability":"instock","product_retailer_item_id":"SKR-TIT-OMA","product_condition":"new"},"_links":{"self":[{"href":"https:\/\/www.jootjeshaakcadeautjes.nl\/fr\/wp-json\/wp\/v2\/product\/148745","targetHints":{"allow":["GET"]}}],"collection":[{"href":"https:\/\/www.jootjeshaakcadeautjes.nl\/fr\/wp-json\/wp\/v2\/product"}],"about":[{"href":"https:\/\/www.jootjeshaakcadeautjes.nl\/fr\/wp-json\/wp\/v2\/types\/product"}],"version-history":[{"count":0,"href":"https:\/\/www.jootjeshaakcadeautjes.nl\/fr\/wp-json\/wp\/v2\/product\/148745\/revisions"}],"wp:featuredmedia":[{"embeddable":true,"href":"https:\/\/www.jootjeshaakcadeautjes.nl\/fr\/wp-json\/wp\/v2\/media\/149387"}],"wp:attachment":[{"href":"https:\/\/www.jootjeshaakcadeautjes.nl\/fr\/wp-json\/wp\/v2\/media?parent=148745"}],"wp:term":[{"taxonomy":"product_brand","embeddable":true,"href":"https:\/\/www.jootjeshaakcadeautjes.nl\/fr\/wp-json\/wp\/v2\/product_brand?post=148745"},{"taxonomy":"product_cat","embeddable":true,"href":"https:\/\/www.jootjeshaakcadeautjes.nl\/fr\/wp-json\/wp\/v2\/product_cat?post=148745"},{"taxonomy":"product_tag","embeddable":true,"href":"https:\/\/www.jootjeshaakcadeautjes.nl\/fr\/wp-json\/wp\/v2\/product_tag?post=148745"}],"curies":[{"name":"wp","href":"https:\/\/api.w.org\/{rel}","templated":true}]}}