{"id":151486,"date":"2024-05-29T15:30:46","date_gmt":"2024-05-29T13:30:46","guid":{"rendered":"https:\/\/www.jootjeshaakcadeautjes.nl\/product\/perles-de-silicone-rondes-peche-nude-6-mm-par-50-pieces\/"},"modified":"2025-03-11T05:18:52","modified_gmt":"2025-03-11T04:18:52","slug":"perles-de-silicone-rondes-peche-nude-6-mm-par-50-pieces","status":"publish","type":"product","link":"https:\/\/www.jootjeshaakcadeautjes.nl\/fr\/produit\/perles-de-silicone-rondes-peche-nude-6-mm-par-50-pieces\/","title":{"rendered":"Perles en silicone &#8211; rondes &#8211; 6 mm &#8211; Peach Nude &#8211; par 50 pi\u00e8ces"},"content":{"rendered":"<h1>Perles en silicone &#8211; rondes &#8211; Peach Nude &#8211; 6 mm &#8211; par 50 pi\u00e8ces<\/h1>\n<p>Couleur : Peach Nude<br \/>\nTaille : 6 mm<br \/>\nType : Bulkbag, 50 pi\u00e8ces, Rond<\/p>\n<p>Magnifiques perles de bijouterie en silicone de couleur Peach Nude. Ces perles sont parfaites. Combine le monde de la fabrication de bijoux avec les nombreuses possibilit\u00e9s offertes par le silicone. Il est \u00e9galement amusant de combiner et d&#8217;alterner avec les tailles plus grandes.<\/p>\n<p>Ces perles sont destin\u00e9es \u00e0 \u00eatre utilis\u00e9es dans des bracelets, des colliers, des cordons de lunettes de soleil, des porte-cl\u00e9s, etc. En principe, ces perles peuvent toujours \u00eatre utilis\u00e9es dans les faux cordons (la taille minimale selon la ligne directrice est de 6 mm). Mais il s&#8217;agit exactement de la taille limite et c&#8217;est pourquoi nous <span style=\"text-decoration: underline;\">ne<\/span> la recommandons <span style=\"text-decoration: underline;\">pas<\/span> pour les cordons-t\u00e9moins. La s\u00e9curit\u00e9 avant tout !<\/p>\n","protected":false},"excerpt":{"rendered":"<p>Couleur : Peach Nude<br \/>\nTaille : 6 mm<br \/>\nType : Bulkbag, 50 pi\u00e8ces, Rond<\/p>\n","protected":false},"featured_media":71342,"template":"","meta":[],"product_brand":[],"product_cat":[7378,14601,6992],"product_tag":[13963,10120,7476,14330,12727,14603,10486,7463,14608,14606,7392,10338,7200,7619,12860,7415,7212],"class_list":{"0":"post-151486","1":"product","2":"type-product","3":"status-publish","4":"has-post-thumbnail","6":"product_cat-fabrication-de-jouets-de-dentition-pour-bebe-cordon-de-sucette-et-anneaux-de-dentition","7":"product_cat-perles-en-silicone-6-mm-rondes","8":"product_cat-perles-en-silicone-sans-bpa-grossiste","9":"product_tag-6-fr","10":"product_tag-achats","11":"product_tag-acheter","12":"product_tag-bijoux-fr-3","13":"product_tag-bijoux-fr-2","14":"product_tag-bracelets-fr","15":"product_tag-chaine","16":"product_tag-commerce-de-gros","17":"product_tag-cordes","18":"product_tag-cordons-de-lunettes-de-soleil","19":"product_tag-mm-fr","20":"product_tag-peach-nude","21":"product_tag-perles","22":"product_tag-porte-cles","23":"product_tag-qualite","24":"product_tag-sans-bpa","25":"product_tag-silicone-fr","27":"first","28":"instock","29":"taxable","30":"shipping-taxable","31":"purchasable","32":"product-type-simple"},"bundled_by":[],"bundle_stock_status":"instock","bundle_stock_quantity":12,"bundle_virtual":false,"bundle_layout":"","bundle_add_to_cart_form_location":"","bundle_editable_in_cart":false,"bundle_sold_individually_context":"","bundle_item_grouping":"","bundle_min_size":"","bundle_max_size":"","bundle_price":[],"bundled_items":[],"bundle_sell_ids":[],"yoast_head":"<!-- This site is optimized with the Yoast SEO Premium plugin v27.6 (Yoast SEO v27.6) - https:\/\/yoast.com\/product\/yoast-seo-premium-wordpress\/ -->\n<title>Perles de bijouterie en couleur Peach Nude pour bracelets<\/title>\n<meta name=\"description\" content=\"Perles de bijouterie rondes en silicone de couleur Peach Nude pour bracelets, cordons de lunettes de soleil, porte-cl\u00e9s et plus encore, achetez ici dans notre boutique en gros.\" \/>\n<meta name=\"robots\" content=\"index, follow, max-snippet:-1, max-image-preview:large, max-video-preview:-1\" \/>\n<link rel=\"canonical\" href=\"https:\/\/www.jootjeshaakcadeautjes.nl\/fr\/produit\/perles-de-silicone-rondes-peche-nude-6-mm-par-50-pieces\/\" \/>\n<meta property=\"og:locale\" content=\"fr_FR\" \/>\n<meta property=\"og:type\" content=\"article\" \/>\n<meta property=\"og:title\" content=\"Perles en silicone - rondes - 6 mm - Peach Nude - par 50 pi\u00e8ces\" \/>\n<meta property=\"og:description\" content=\"Perles de bijouterie rondes en silicone de couleur Peach Nude pour bracelets, cordons de lunettes de soleil, porte-cl\u00e9s et plus encore, achetez ici dans notre boutique en gros.\" \/>\n<meta property=\"og:url\" content=\"https:\/\/www.jootjeshaakcadeautjes.nl\/fr\/produit\/perles-de-silicone-rondes-peche-nude-6-mm-par-50-pieces\/\" \/>\n<meta property=\"og:site_name\" content=\"Jootjes Haakcadeautjes\" \/>\n<meta property=\"article:modified_time\" content=\"2025-03-11T04:18:52+00:00\" \/>\n<meta property=\"og:image\" content=\"https:\/\/www.jootjeshaakcadeautjes.nl\/wp-content\/uploads\/2020\/08\/Siliconen-kralen-19-mm-bpa-vrij-baby-veilig-speenkoord-perzik-nude.jpg\" \/>\n\t<meta property=\"og:image:width\" content=\"1502\" \/>\n\t<meta property=\"og:image:height\" content=\"1502\" \/>\n\t<meta property=\"og:image:type\" content=\"image\/jpeg\" \/>\n<meta name=\"twitter:card\" content=\"summary_large_image\" \/>\n<meta name=\"twitter:label1\" content=\"Prix\" \/>\n\t<meta name=\"twitter:data1\" content=\"&euro;2.85 TTC\" \/>\n\t<meta name=\"twitter:label2\" content=\"Disponibilit\u00e9\" \/>\n\t<meta name=\"twitter:data2\" content=\"En stock\" \/>\n<script type=\"application\/ld+json\" class=\"yoast-schema-graph\">{\"@context\":\"https:\\\/\\\/schema.org\",\"@graph\":[{\"@type\":\"WebPage\",\"@id\":\"https:\\\/\\\/www.jootjeshaakcadeautjes.nl\\\/fr\\\/produit\\\/perles-de-silicone-rondes-peche-nude-6-mm-par-50-pieces\\\/\",\"url\":\"https:\\\/\\\/www.jootjeshaakcadeautjes.nl\\\/fr\\\/produit\\\/perles-de-silicone-rondes-peche-nude-6-mm-par-50-pieces\\\/\",\"name\":\"Perles de bijouterie en couleur Peach Nude pour bracelets\",\"isPartOf\":{\"@id\":\"https:\\\/\\\/www.jootjeshaakcadeautjes.nl\\\/fr\\\/#website\"},\"primaryImageOfPage\":{\"@id\":\"https:\\\/\\\/www.jootjeshaakcadeautjes.nl\\\/fr\\\/produit\\\/perles-de-silicone-rondes-peche-nude-6-mm-par-50-pieces\\\/#primaryimage\"},\"image\":{\"@id\":\"https:\\\/\\\/www.jootjeshaakcadeautjes.nl\\\/fr\\\/produit\\\/perles-de-silicone-rondes-peche-nude-6-mm-par-50-pieces\\\/#primaryimage\"},\"thumbnailUrl\":\"https:\\\/\\\/d1dyryakdmle7o.cloudfront.net\\\/wp-content\\\/uploads\\\/2020\\\/08\\\/Siliconen-kralen-19-mm-bpa-vrij-baby-veilig-speenkoord-perzik-nude.jpg\",\"datePublished\":\"2024-05-29T13:30:46+00:00\",\"dateModified\":\"2025-03-11T04:18:52+00:00\",\"description\":\"Perles de bijouterie rondes en silicone de couleur Peach Nude pour bracelets, cordons de lunettes de soleil, porte-cl\u00e9s et plus encore, achetez ici dans notre boutique en gros.\",\"breadcrumb\":{\"@id\":\"https:\\\/\\\/www.jootjeshaakcadeautjes.nl\\\/fr\\\/produit\\\/perles-de-silicone-rondes-peche-nude-6-mm-par-50-pieces\\\/#breadcrumb\"},\"inLanguage\":\"fr-FR\",\"potentialAction\":[{\"@type\":\"ReadAction\",\"target\":[\"https:\\\/\\\/www.jootjeshaakcadeautjes.nl\\\/fr\\\/produit\\\/perles-de-silicone-rondes-peche-nude-6-mm-par-50-pieces\\\/\"]}]},{\"@type\":\"ImageObject\",\"inLanguage\":\"fr-FR\",\"@id\":\"https:\\\/\\\/www.jootjeshaakcadeautjes.nl\\\/fr\\\/produit\\\/perles-de-silicone-rondes-peche-nude-6-mm-par-50-pieces\\\/#primaryimage\",\"url\":\"https:\\\/\\\/d1dyryakdmle7o.cloudfront.net\\\/wp-content\\\/uploads\\\/2020\\\/08\\\/Siliconen-kralen-19-mm-bpa-vrij-baby-veilig-speenkoord-perzik-nude.jpg\",\"contentUrl\":\"https:\\\/\\\/d1dyryakdmle7o.cloudfront.net\\\/wp-content\\\/uploads\\\/2020\\\/08\\\/Siliconen-kralen-19-mm-bpa-vrij-baby-veilig-speenkoord-perzik-nude.jpg\",\"width\":1502,\"height\":1502,\"caption\":\"Perles de silicone 19 mm sans bpa cordon de t\u00e9tine sans danger pour b\u00e9b\u00e9 p\u00eache nude\"},{\"@type\":\"BreadcrumbList\",\"@id\":\"https:\\\/\\\/www.jootjeshaakcadeautjes.nl\\\/fr\\\/produit\\\/perles-de-silicone-rondes-peche-nude-6-mm-par-50-pieces\\\/#breadcrumb\",\"itemListElement\":[{\"@type\":\"ListItem\",\"position\":1,\"name\":\"Accueil\",\"item\":\"https:\\\/\\\/www.jootjeshaakcadeautjes.nl\\\/fr\\\/\"},{\"@type\":\"ListItem\",\"position\":2,\"name\":\"Commerce de gros de perles en silicone &#8211; Entreprises et consommateurs\",\"item\":\"https:\\\/\\\/www.jootjeshaakcadeautjes.nl\\\/fr\\\/boutique\\\/\"},{\"@type\":\"ListItem\",\"position\":3,\"name\":\"Perles en silicone &#8211; rondes &#8211; 6 mm &#8211; Peach Nude &#8211; par 50 pi\u00e8ces\"}]},{\"@type\":\"WebSite\",\"@id\":\"https:\\\/\\\/www.jootjeshaakcadeautjes.nl\\\/fr\\\/#website\",\"url\":\"https:\\\/\\\/www.jootjeshaakcadeautjes.nl\\\/fr\\\/\",\"name\":\"Jootjes Haakcadeautjes\",\"description\":\"Grossiste en perles de silicone\",\"publisher\":{\"@id\":\"https:\\\/\\\/www.jootjeshaakcadeautjes.nl\\\/fr\\\/#organization\"},\"potentialAction\":[{\"@type\":\"SearchAction\",\"target\":{\"@type\":\"EntryPoint\",\"urlTemplate\":\"https:\\\/\\\/www.jootjeshaakcadeautjes.nl\\\/fr\\\/?s={search_term_string}\"},\"query-input\":{\"@type\":\"PropertyValueSpecification\",\"valueRequired\":true,\"valueName\":\"search_term_string\"}}],\"inLanguage\":\"fr-FR\"},{\"@type\":\"Organization\",\"@id\":\"https:\\\/\\\/www.jootjeshaakcadeautjes.nl\\\/fr\\\/#organization\",\"name\":\"Jootjes Haakcadeautjes\",\"url\":\"https:\\\/\\\/www.jootjeshaakcadeautjes.nl\\\/fr\\\/\",\"logo\":{\"@type\":\"ImageObject\",\"inLanguage\":\"fr-FR\",\"@id\":\"https:\\\/\\\/www.jootjeshaakcadeautjes.nl\\\/fr\\\/#\\\/schema\\\/logo\\\/image\\\/\",\"url\":\"https:\\\/\\\/d1dyryakdmle7o.cloudfront.net\\\/wp-content\\\/uploads\\\/2023\\\/05\\\/Logo-rond.png\",\"contentUrl\":\"https:\\\/\\\/d1dyryakdmle7o.cloudfront.net\\\/wp-content\\\/uploads\\\/2023\\\/05\\\/Logo-rond.png\",\"width\":1222,\"height\":1222,\"caption\":\"Jootjes Haakcadeautjes\"},\"image\":{\"@id\":\"https:\\\/\\\/www.jootjeshaakcadeautjes.nl\\\/fr\\\/#\\\/schema\\\/logo\\\/image\\\/\"}}]}<\/script>\n<meta property=\"product:price:amount\" content=\"2.85\" \/>\n<meta property=\"product:price:currency\" content=\"EUR\" \/>\n<meta property=\"og:availability\" content=\"instock\" \/>\n<meta property=\"product:availability\" content=\"instock\" \/>\n<meta property=\"product:retailer_item_id\" content=\"SKR-BUB-6MM-PEN\" \/>\n<meta property=\"product:condition\" content=\"new\" \/>\n<!-- \/ Yoast SEO Premium plugin. -->","yoast_head_json":{"title":"Perles de bijouterie en couleur Peach Nude pour bracelets","description":"Perles de bijouterie rondes en silicone de couleur Peach Nude pour bracelets, cordons de lunettes de soleil, porte-cl\u00e9s et plus encore, achetez ici dans notre boutique en gros.","robots":{"index":"index","follow":"follow","max-snippet":"max-snippet:-1","max-image-preview":"max-image-preview:large","max-video-preview":"max-video-preview:-1"},"canonical":"https:\/\/www.jootjeshaakcadeautjes.nl\/fr\/produit\/perles-de-silicone-rondes-peche-nude-6-mm-par-50-pieces\/","og_locale":"fr_FR","og_type":"article","og_title":"Perles en silicone - rondes - 6 mm - Peach Nude - par 50 pi\u00e8ces","og_description":"Perles de bijouterie rondes en silicone de couleur Peach Nude pour bracelets, cordons de lunettes de soleil, porte-cl\u00e9s et plus encore, achetez ici dans notre boutique en gros.","og_url":"https:\/\/www.jootjeshaakcadeautjes.nl\/fr\/produit\/perles-de-silicone-rondes-peche-nude-6-mm-par-50-pieces\/","og_site_name":"Jootjes Haakcadeautjes","article_modified_time":"2025-03-11T04:18:52+00:00","og_image":[{"width":1502,"height":1502,"url":"https:\/\/www.jootjeshaakcadeautjes.nl\/wp-content\/uploads\/2020\/08\/Siliconen-kralen-19-mm-bpa-vrij-baby-veilig-speenkoord-perzik-nude.jpg","type":"image\/jpeg"}],"twitter_card":"summary_large_image","twitter_misc":{"Prix":"&euro;2.85 TTC","Disponibilit\u00e9":"En stock"},"schema":{"@context":"https:\/\/schema.org","@graph":[{"@type":"WebPage","@id":"https:\/\/www.jootjeshaakcadeautjes.nl\/fr\/produit\/perles-de-silicone-rondes-peche-nude-6-mm-par-50-pieces\/","url":"https:\/\/www.jootjeshaakcadeautjes.nl\/fr\/produit\/perles-de-silicone-rondes-peche-nude-6-mm-par-50-pieces\/","name":"Perles de bijouterie en couleur Peach Nude pour bracelets","isPartOf":{"@id":"https:\/\/www.jootjeshaakcadeautjes.nl\/fr\/#website"},"primaryImageOfPage":{"@id":"https:\/\/www.jootjeshaakcadeautjes.nl\/fr\/produit\/perles-de-silicone-rondes-peche-nude-6-mm-par-50-pieces\/#primaryimage"},"image":{"@id":"https:\/\/www.jootjeshaakcadeautjes.nl\/fr\/produit\/perles-de-silicone-rondes-peche-nude-6-mm-par-50-pieces\/#primaryimage"},"thumbnailUrl":"https:\/\/d1dyryakdmle7o.cloudfront.net\/wp-content\/uploads\/2020\/08\/Siliconen-kralen-19-mm-bpa-vrij-baby-veilig-speenkoord-perzik-nude.jpg","datePublished":"2024-05-29T13:30:46+00:00","dateModified":"2025-03-11T04:18:52+00:00","description":"Perles de bijouterie rondes en silicone de couleur Peach Nude pour bracelets, cordons de lunettes de soleil, porte-cl\u00e9s et plus encore, achetez ici dans notre boutique en gros.","breadcrumb":{"@id":"https:\/\/www.jootjeshaakcadeautjes.nl\/fr\/produit\/perles-de-silicone-rondes-peche-nude-6-mm-par-50-pieces\/#breadcrumb"},"inLanguage":"fr-FR","potentialAction":[{"@type":"ReadAction","target":["https:\/\/www.jootjeshaakcadeautjes.nl\/fr\/produit\/perles-de-silicone-rondes-peche-nude-6-mm-par-50-pieces\/"]}]},{"@type":"ImageObject","inLanguage":"fr-FR","@id":"https:\/\/www.jootjeshaakcadeautjes.nl\/fr\/produit\/perles-de-silicone-rondes-peche-nude-6-mm-par-50-pieces\/#primaryimage","url":"https:\/\/d1dyryakdmle7o.cloudfront.net\/wp-content\/uploads\/2020\/08\/Siliconen-kralen-19-mm-bpa-vrij-baby-veilig-speenkoord-perzik-nude.jpg","contentUrl":"https:\/\/d1dyryakdmle7o.cloudfront.net\/wp-content\/uploads\/2020\/08\/Siliconen-kralen-19-mm-bpa-vrij-baby-veilig-speenkoord-perzik-nude.jpg","width":1502,"height":1502,"caption":"Perles de silicone 19 mm sans bpa cordon de t\u00e9tine sans danger pour b\u00e9b\u00e9 p\u00eache nude"},{"@type":"BreadcrumbList","@id":"https:\/\/www.jootjeshaakcadeautjes.nl\/fr\/produit\/perles-de-silicone-rondes-peche-nude-6-mm-par-50-pieces\/#breadcrumb","itemListElement":[{"@type":"ListItem","position":1,"name":"Accueil","item":"https:\/\/www.jootjeshaakcadeautjes.nl\/fr\/"},{"@type":"ListItem","position":2,"name":"Commerce de gros de perles en silicone &#8211; Entreprises et consommateurs","item":"https:\/\/www.jootjeshaakcadeautjes.nl\/fr\/boutique\/"},{"@type":"ListItem","position":3,"name":"Perles en silicone &#8211; rondes &#8211; 6 mm &#8211; Peach Nude &#8211; par 50 pi\u00e8ces"}]},{"@type":"WebSite","@id":"https:\/\/www.jootjeshaakcadeautjes.nl\/fr\/#website","url":"https:\/\/www.jootjeshaakcadeautjes.nl\/fr\/","name":"Jootjes Haakcadeautjes","description":"Grossiste en perles de silicone","publisher":{"@id":"https:\/\/www.jootjeshaakcadeautjes.nl\/fr\/#organization"},"potentialAction":[{"@type":"SearchAction","target":{"@type":"EntryPoint","urlTemplate":"https:\/\/www.jootjeshaakcadeautjes.nl\/fr\/?s={search_term_string}"},"query-input":{"@type":"PropertyValueSpecification","valueRequired":true,"valueName":"search_term_string"}}],"inLanguage":"fr-FR"},{"@type":"Organization","@id":"https:\/\/www.jootjeshaakcadeautjes.nl\/fr\/#organization","name":"Jootjes Haakcadeautjes","url":"https:\/\/www.jootjeshaakcadeautjes.nl\/fr\/","logo":{"@type":"ImageObject","inLanguage":"fr-FR","@id":"https:\/\/www.jootjeshaakcadeautjes.nl\/fr\/#\/schema\/logo\/image\/","url":"https:\/\/d1dyryakdmle7o.cloudfront.net\/wp-content\/uploads\/2023\/05\/Logo-rond.png","contentUrl":"https:\/\/d1dyryakdmle7o.cloudfront.net\/wp-content\/uploads\/2023\/05\/Logo-rond.png","width":1222,"height":1222,"caption":"Jootjes Haakcadeautjes"},"image":{"@id":"https:\/\/www.jootjeshaakcadeautjes.nl\/fr\/#\/schema\/logo\/image\/"}}]},"product_price_amount":"2.85","product_price_currency":"EUR","og_availability":"instock","product_availability":"instock","product_retailer_item_id":"SKR-BUB-6MM-PEN","product_condition":"new"},"_links":{"self":[{"href":"https:\/\/www.jootjeshaakcadeautjes.nl\/fr\/wp-json\/wp\/v2\/product\/151486","targetHints":{"allow":["GET"]}}],"collection":[{"href":"https:\/\/www.jootjeshaakcadeautjes.nl\/fr\/wp-json\/wp\/v2\/product"}],"about":[{"href":"https:\/\/www.jootjeshaakcadeautjes.nl\/fr\/wp-json\/wp\/v2\/types\/product"}],"version-history":[{"count":0,"href":"https:\/\/www.jootjeshaakcadeautjes.nl\/fr\/wp-json\/wp\/v2\/product\/151486\/revisions"}],"wp:featuredmedia":[{"embeddable":true,"href":"https:\/\/www.jootjeshaakcadeautjes.nl\/fr\/wp-json\/wp\/v2\/media\/71342"}],"wp:attachment":[{"href":"https:\/\/www.jootjeshaakcadeautjes.nl\/fr\/wp-json\/wp\/v2\/media?parent=151486"}],"wp:term":[{"taxonomy":"product_brand","embeddable":true,"href":"https:\/\/www.jootjeshaakcadeautjes.nl\/fr\/wp-json\/wp\/v2\/product_brand?post=151486"},{"taxonomy":"product_cat","embeddable":true,"href":"https:\/\/www.jootjeshaakcadeautjes.nl\/fr\/wp-json\/wp\/v2\/product_cat?post=151486"},{"taxonomy":"product_tag","embeddable":true,"href":"https:\/\/www.jootjeshaakcadeautjes.nl\/fr\/wp-json\/wp\/v2\/product_tag?post=151486"}],"curies":[{"name":"wp","href":"https:\/\/api.w.org\/{rel}","templated":true}]}}