{"id":156521,"date":"2024-07-16T16:27:04","date_gmt":"2024-07-16T14:27:04","guid":{"rendered":"https:\/\/www.jootjeshaakcadeautjes.nl\/?post_type=product&#038;p=156521"},"modified":"2025-10-09T13:12:33","modified_gmt":"2025-10-09T11:12:33","slug":"perles-acryliques-avec-pierres-20-mm-rose-fonce","status":"publish","type":"product","link":"https:\/\/www.jootjeshaakcadeautjes.nl\/fr\/produit\/perles-acryliques-avec-pierres-20-mm-rose-fonce\/","title":{"rendered":"Perles acryliques avec pierres &#8211; 20 mm &#8211; Rose fonc\u00e9"},"content":{"rendered":"<h3>Perles acryliques avec pierres &#8211; 20 mm &#8211; Rose fonc\u00e9<\/h3>\n<p>Mat\u00e9riau : Acrylique<br \/>\nType : Perle acrylique avec pierres<\/p>\n<p>Remarque ! Convient pour les porte-cl\u00e9s, mais pas pour les anneaux de dentition, les cordons de t\u00e9tine ou d&#8217;autres produits pour b\u00e9b\u00e9s, en raison du risque de d\u00e9tachement des pierres. Les perles acryliques de ce type ne satisfont pas non plus aux tests chimiques et m\u00e9caniques EN-71 requis pour la s\u00e9curit\u00e9 de ces produits pour les b\u00e9b\u00e9s.<\/p>\n","protected":false},"excerpt":{"rendered":"<p>Couleur : Rose fonc\u00e9<\/p>\n<p>Mati\u00e8re : Acrylique<br \/>\nType : Perle acrylique avec pierres<\/p>\n<p>Convient aux porte-cl\u00e9s et aux <a href=\"https:\/\/www.jootjeshaakcadeautjes.nl\/fr\/product-categorie\/fabrication-de-jouets-de-dentition-pour-bebe-cordon-de-sucette-et-anneaux-de-dentition\/perles-en-silicone-sans-bpa-grossiste\/perles-en-silicone-luckyjos-luckyjos\/\">poup\u00e9es porte-bonheur<\/a> <a href=\"https:\/\/www.jootjeshaakcadeautjes.nl\/en\/product\/wooden-bead-smiley-lucky-poppet-hooks-beech-wood-20-mm\/\">en bois<\/a> et en silicone.<\/p>\n","protected":false},"featured_media":152509,"template":"","meta":[],"product_brand":[],"product_cat":[18173,12308,12719,12310],"product_tag":[10120,7476,12720,12727,7206,7463,7215,12725,10435,7200,7230,7619,12607,7209,12504,12730,10442,10260],"class_list":{"0":"post-156521","1":"product","2":"type-product","3":"status-publish","4":"has-post-thumbnail","6":"product_cat-autres-perles-noel","7":"product_cat-materiel-de-bricolage-et-de-crochet","8":"product_cat-perles-acryliques-avec-pierres","9":"product_cat-poupees-chanceuses-diy-perles-et-fournitures","10":"product_tag-achats","11":"product_tag-acheter","12":"product_tag-acrylique","13":"product_tag-bijoux-fr-2","14":"product_tag-bricolage","15":"product_tag-commerce-de-gros","16":"product_tag-faire","17":"product_tag-galets","18":"product_tag-le-bonheur","19":"product_tag-perles","20":"product_tag-personnalisation","21":"product_tag-porte-cles","22":"product_tag-poupee-porte-bonheur-fr-2","23":"product_tag-poupee-porte-bonheur","24":"product_tag-poupees","25":"product_tag-poupees-porte-bonheur-fr","26":"product_tag-presente","27":"product_tag-rose-fonce","29":"first","30":"instock","31":"taxable","32":"shipping-taxable","33":"purchasable","34":"product-type-simple"},"bundled_by":[],"bundle_stock_status":"instock","bundle_stock_quantity":254,"bundle_virtual":false,"bundle_layout":"","bundle_add_to_cart_form_location":"","bundle_editable_in_cart":false,"bundle_sold_individually_context":"","bundle_item_grouping":"","bundle_min_size":"","bundle_max_size":"","bundle_price":[],"bundled_items":[],"bundle_sell_ids":[],"yoast_head":"<!-- This site is optimized with the Yoast SEO Premium plugin v27.6 (Yoast SEO v27.6) - https:\/\/yoast.com\/product\/yoast-seo-premium-wordpress\/ -->\n<title>Perles acryliques avec pierres - 20 mm - Rose fonc\u00e9 - Jootjes<\/title>\n<meta name=\"description\" content=\"Perles acryliques avec pierres Dark Rose pour la fabrication de porte-cl\u00e9s avec porte-bonheur, de bijoux et autres.\" \/>\n<meta name=\"robots\" content=\"index, follow, max-snippet:-1, max-image-preview:large, max-video-preview:-1\" \/>\n<link rel=\"canonical\" href=\"https:\/\/www.jootjeshaakcadeautjes.nl\/fr\/produit\/perles-acryliques-avec-pierres-20-mm-rose-fonce\/\" \/>\n<meta property=\"og:locale\" content=\"fr_FR\" \/>\n<meta property=\"og:type\" content=\"article\" \/>\n<meta property=\"og:title\" content=\"Perles acryliques avec pierres - 20 mm - Rose fonc\u00e9\" \/>\n<meta property=\"og:description\" content=\"Perles acryliques avec pierres Dark Rose pour la fabrication de porte-cl\u00e9s avec porte-bonheur, de bijoux et autres.\" \/>\n<meta property=\"og:url\" content=\"https:\/\/www.jootjeshaakcadeautjes.nl\/fr\/produit\/perles-acryliques-avec-pierres-20-mm-rose-fonce\/\" \/>\n<meta property=\"og:site_name\" content=\"Jootjes Haakcadeautjes\" \/>\n<meta property=\"article:modified_time\" content=\"2025-10-09T11:12:33+00:00\" \/>\n<meta property=\"og:image\" content=\"https:\/\/www.jootjeshaakcadeautjes.nl\/wp-content\/uploads\/2024\/06\/Naamloos-134.jpg\" \/>\n\t<meta property=\"og:image:width\" content=\"2048\" \/>\n\t<meta property=\"og:image:height\" content=\"2048\" \/>\n\t<meta property=\"og:image:type\" content=\"image\/jpeg\" \/>\n<meta name=\"twitter:card\" content=\"summary_large_image\" \/>\n<meta name=\"twitter:label1\" content=\"Prix\" \/>\n\t<meta name=\"twitter:data1\" content=\"&euro;0.43 TTC\" \/>\n\t<meta name=\"twitter:label2\" content=\"Disponibilit\u00e9\" \/>\n\t<meta name=\"twitter:data2\" content=\"En stock\" \/>\n<script type=\"application\/ld+json\" class=\"yoast-schema-graph\">{\"@context\":\"https:\\\/\\\/schema.org\",\"@graph\":[{\"@type\":\"WebPage\",\"@id\":\"https:\\\/\\\/www.jootjeshaakcadeautjes.nl\\\/fr\\\/produit\\\/perles-acryliques-avec-pierres-20-mm-rose-fonce\\\/\",\"url\":\"https:\\\/\\\/www.jootjeshaakcadeautjes.nl\\\/fr\\\/produit\\\/perles-acryliques-avec-pierres-20-mm-rose-fonce\\\/\",\"name\":\"Perles acryliques avec pierres - 20 mm - Rose fonc\u00e9 - Jootjes\",\"isPartOf\":{\"@id\":\"https:\\\/\\\/www.jootjeshaakcadeautjes.nl\\\/fr\\\/#website\"},\"primaryImageOfPage\":{\"@id\":\"https:\\\/\\\/www.jootjeshaakcadeautjes.nl\\\/fr\\\/produit\\\/perles-acryliques-avec-pierres-20-mm-rose-fonce\\\/#primaryimage\"},\"image\":{\"@id\":\"https:\\\/\\\/www.jootjeshaakcadeautjes.nl\\\/fr\\\/produit\\\/perles-acryliques-avec-pierres-20-mm-rose-fonce\\\/#primaryimage\"},\"thumbnailUrl\":\"https:\\\/\\\/d1dyryakdmle7o.cloudfront.net\\\/wp-content\\\/uploads\\\/2024\\\/06\\\/Naamloos-134.jpg\",\"datePublished\":\"2024-07-16T14:27:04+00:00\",\"dateModified\":\"2025-10-09T11:12:33+00:00\",\"description\":\"Perles acryliques avec pierres Dark Rose pour la fabrication de porte-cl\u00e9s avec porte-bonheur, de bijoux et autres.\",\"breadcrumb\":{\"@id\":\"https:\\\/\\\/www.jootjeshaakcadeautjes.nl\\\/fr\\\/produit\\\/perles-acryliques-avec-pierres-20-mm-rose-fonce\\\/#breadcrumb\"},\"inLanguage\":\"fr-FR\",\"potentialAction\":[{\"@type\":\"ReadAction\",\"target\":[\"https:\\\/\\\/www.jootjeshaakcadeautjes.nl\\\/fr\\\/produit\\\/perles-acryliques-avec-pierres-20-mm-rose-fonce\\\/\"]}]},{\"@type\":\"ImageObject\",\"inLanguage\":\"fr-FR\",\"@id\":\"https:\\\/\\\/www.jootjeshaakcadeautjes.nl\\\/fr\\\/produit\\\/perles-acryliques-avec-pierres-20-mm-rose-fonce\\\/#primaryimage\",\"url\":\"https:\\\/\\\/d1dyryakdmle7o.cloudfront.net\\\/wp-content\\\/uploads\\\/2024\\\/06\\\/Naamloos-134.jpg\",\"contentUrl\":\"https:\\\/\\\/d1dyryakdmle7o.cloudfront.net\\\/wp-content\\\/uploads\\\/2024\\\/06\\\/Naamloos-134.jpg\",\"width\":2048,\"height\":2048},{\"@type\":\"BreadcrumbList\",\"@id\":\"https:\\\/\\\/www.jootjeshaakcadeautjes.nl\\\/fr\\\/produit\\\/perles-acryliques-avec-pierres-20-mm-rose-fonce\\\/#breadcrumb\",\"itemListElement\":[{\"@type\":\"ListItem\",\"position\":1,\"name\":\"Accueil\",\"item\":\"https:\\\/\\\/www.jootjeshaakcadeautjes.nl\\\/fr\\\/\"},{\"@type\":\"ListItem\",\"position\":2,\"name\":\"Commerce de gros de perles en silicone &#8211; Entreprises et consommateurs\",\"item\":\"https:\\\/\\\/www.jootjeshaakcadeautjes.nl\\\/fr\\\/boutique\\\/\"},{\"@type\":\"ListItem\",\"position\":3,\"name\":\"Perles acryliques avec pierres &#8211; 20 mm &#8211; Rose fonc\u00e9\"}]},{\"@type\":\"WebSite\",\"@id\":\"https:\\\/\\\/www.jootjeshaakcadeautjes.nl\\\/fr\\\/#website\",\"url\":\"https:\\\/\\\/www.jootjeshaakcadeautjes.nl\\\/fr\\\/\",\"name\":\"Jootjes Haakcadeautjes\",\"description\":\"Grossiste en perles de silicone\",\"publisher\":{\"@id\":\"https:\\\/\\\/www.jootjeshaakcadeautjes.nl\\\/fr\\\/#organization\"},\"potentialAction\":[{\"@type\":\"SearchAction\",\"target\":{\"@type\":\"EntryPoint\",\"urlTemplate\":\"https:\\\/\\\/www.jootjeshaakcadeautjes.nl\\\/fr\\\/?s={search_term_string}\"},\"query-input\":{\"@type\":\"PropertyValueSpecification\",\"valueRequired\":true,\"valueName\":\"search_term_string\"}}],\"inLanguage\":\"fr-FR\"},{\"@type\":\"Organization\",\"@id\":\"https:\\\/\\\/www.jootjeshaakcadeautjes.nl\\\/fr\\\/#organization\",\"name\":\"Jootjes Haakcadeautjes\",\"url\":\"https:\\\/\\\/www.jootjeshaakcadeautjes.nl\\\/fr\\\/\",\"logo\":{\"@type\":\"ImageObject\",\"inLanguage\":\"fr-FR\",\"@id\":\"https:\\\/\\\/www.jootjeshaakcadeautjes.nl\\\/fr\\\/#\\\/schema\\\/logo\\\/image\\\/\",\"url\":\"https:\\\/\\\/d1dyryakdmle7o.cloudfront.net\\\/wp-content\\\/uploads\\\/2023\\\/05\\\/Logo-rond.png\",\"contentUrl\":\"https:\\\/\\\/d1dyryakdmle7o.cloudfront.net\\\/wp-content\\\/uploads\\\/2023\\\/05\\\/Logo-rond.png\",\"width\":1222,\"height\":1222,\"caption\":\"Jootjes Haakcadeautjes\"},\"image\":{\"@id\":\"https:\\\/\\\/www.jootjeshaakcadeautjes.nl\\\/fr\\\/#\\\/schema\\\/logo\\\/image\\\/\"}}]}<\/script>\n<meta property=\"product:price:amount\" content=\"0.43\" \/>\n<meta property=\"product:price:currency\" content=\"EUR\" \/>\n<meta property=\"og:availability\" content=\"instock\" \/>\n<meta property=\"product:availability\" content=\"instock\" \/>\n<meta property=\"product:retailer_item_id\" content=\"ACR-STE-DAR\" \/>\n<meta property=\"product:condition\" content=\"new\" \/>\n<!-- \/ Yoast SEO Premium plugin. -->","yoast_head_json":{"title":"Perles acryliques avec pierres - 20 mm - Rose fonc\u00e9 - Jootjes","description":"Perles acryliques avec pierres Dark Rose pour la fabrication de porte-cl\u00e9s avec porte-bonheur, de bijoux et autres.","robots":{"index":"index","follow":"follow","max-snippet":"max-snippet:-1","max-image-preview":"max-image-preview:large","max-video-preview":"max-video-preview:-1"},"canonical":"https:\/\/www.jootjeshaakcadeautjes.nl\/fr\/produit\/perles-acryliques-avec-pierres-20-mm-rose-fonce\/","og_locale":"fr_FR","og_type":"article","og_title":"Perles acryliques avec pierres - 20 mm - Rose fonc\u00e9","og_description":"Perles acryliques avec pierres Dark Rose pour la fabrication de porte-cl\u00e9s avec porte-bonheur, de bijoux et autres.","og_url":"https:\/\/www.jootjeshaakcadeautjes.nl\/fr\/produit\/perles-acryliques-avec-pierres-20-mm-rose-fonce\/","og_site_name":"Jootjes Haakcadeautjes","article_modified_time":"2025-10-09T11:12:33+00:00","og_image":[{"width":2048,"height":2048,"url":"https:\/\/www.jootjeshaakcadeautjes.nl\/wp-content\/uploads\/2024\/06\/Naamloos-134.jpg","type":"image\/jpeg"}],"twitter_card":"summary_large_image","twitter_misc":{"Prix":"&euro;0.43 TTC","Disponibilit\u00e9":"En stock"},"schema":{"@context":"https:\/\/schema.org","@graph":[{"@type":"WebPage","@id":"https:\/\/www.jootjeshaakcadeautjes.nl\/fr\/produit\/perles-acryliques-avec-pierres-20-mm-rose-fonce\/","url":"https:\/\/www.jootjeshaakcadeautjes.nl\/fr\/produit\/perles-acryliques-avec-pierres-20-mm-rose-fonce\/","name":"Perles acryliques avec pierres - 20 mm - Rose fonc\u00e9 - Jootjes","isPartOf":{"@id":"https:\/\/www.jootjeshaakcadeautjes.nl\/fr\/#website"},"primaryImageOfPage":{"@id":"https:\/\/www.jootjeshaakcadeautjes.nl\/fr\/produit\/perles-acryliques-avec-pierres-20-mm-rose-fonce\/#primaryimage"},"image":{"@id":"https:\/\/www.jootjeshaakcadeautjes.nl\/fr\/produit\/perles-acryliques-avec-pierres-20-mm-rose-fonce\/#primaryimage"},"thumbnailUrl":"https:\/\/d1dyryakdmle7o.cloudfront.net\/wp-content\/uploads\/2024\/06\/Naamloos-134.jpg","datePublished":"2024-07-16T14:27:04+00:00","dateModified":"2025-10-09T11:12:33+00:00","description":"Perles acryliques avec pierres Dark Rose pour la fabrication de porte-cl\u00e9s avec porte-bonheur, de bijoux et autres.","breadcrumb":{"@id":"https:\/\/www.jootjeshaakcadeautjes.nl\/fr\/produit\/perles-acryliques-avec-pierres-20-mm-rose-fonce\/#breadcrumb"},"inLanguage":"fr-FR","potentialAction":[{"@type":"ReadAction","target":["https:\/\/www.jootjeshaakcadeautjes.nl\/fr\/produit\/perles-acryliques-avec-pierres-20-mm-rose-fonce\/"]}]},{"@type":"ImageObject","inLanguage":"fr-FR","@id":"https:\/\/www.jootjeshaakcadeautjes.nl\/fr\/produit\/perles-acryliques-avec-pierres-20-mm-rose-fonce\/#primaryimage","url":"https:\/\/d1dyryakdmle7o.cloudfront.net\/wp-content\/uploads\/2024\/06\/Naamloos-134.jpg","contentUrl":"https:\/\/d1dyryakdmle7o.cloudfront.net\/wp-content\/uploads\/2024\/06\/Naamloos-134.jpg","width":2048,"height":2048},{"@type":"BreadcrumbList","@id":"https:\/\/www.jootjeshaakcadeautjes.nl\/fr\/produit\/perles-acryliques-avec-pierres-20-mm-rose-fonce\/#breadcrumb","itemListElement":[{"@type":"ListItem","position":1,"name":"Accueil","item":"https:\/\/www.jootjeshaakcadeautjes.nl\/fr\/"},{"@type":"ListItem","position":2,"name":"Commerce de gros de perles en silicone &#8211; Entreprises et consommateurs","item":"https:\/\/www.jootjeshaakcadeautjes.nl\/fr\/boutique\/"},{"@type":"ListItem","position":3,"name":"Perles acryliques avec pierres &#8211; 20 mm &#8211; Rose fonc\u00e9"}]},{"@type":"WebSite","@id":"https:\/\/www.jootjeshaakcadeautjes.nl\/fr\/#website","url":"https:\/\/www.jootjeshaakcadeautjes.nl\/fr\/","name":"Jootjes Haakcadeautjes","description":"Grossiste en perles de silicone","publisher":{"@id":"https:\/\/www.jootjeshaakcadeautjes.nl\/fr\/#organization"},"potentialAction":[{"@type":"SearchAction","target":{"@type":"EntryPoint","urlTemplate":"https:\/\/www.jootjeshaakcadeautjes.nl\/fr\/?s={search_term_string}"},"query-input":{"@type":"PropertyValueSpecification","valueRequired":true,"valueName":"search_term_string"}}],"inLanguage":"fr-FR"},{"@type":"Organization","@id":"https:\/\/www.jootjeshaakcadeautjes.nl\/fr\/#organization","name":"Jootjes Haakcadeautjes","url":"https:\/\/www.jootjeshaakcadeautjes.nl\/fr\/","logo":{"@type":"ImageObject","inLanguage":"fr-FR","@id":"https:\/\/www.jootjeshaakcadeautjes.nl\/fr\/#\/schema\/logo\/image\/","url":"https:\/\/d1dyryakdmle7o.cloudfront.net\/wp-content\/uploads\/2023\/05\/Logo-rond.png","contentUrl":"https:\/\/d1dyryakdmle7o.cloudfront.net\/wp-content\/uploads\/2023\/05\/Logo-rond.png","width":1222,"height":1222,"caption":"Jootjes Haakcadeautjes"},"image":{"@id":"https:\/\/www.jootjeshaakcadeautjes.nl\/fr\/#\/schema\/logo\/image\/"}}]},"product_price_amount":"0.43","product_price_currency":"EUR","og_availability":"instock","product_availability":"instock","product_retailer_item_id":"ACR-STE-DAR","product_condition":"new"},"_links":{"self":[{"href":"https:\/\/www.jootjeshaakcadeautjes.nl\/fr\/wp-json\/wp\/v2\/product\/156521","targetHints":{"allow":["GET"]}}],"collection":[{"href":"https:\/\/www.jootjeshaakcadeautjes.nl\/fr\/wp-json\/wp\/v2\/product"}],"about":[{"href":"https:\/\/www.jootjeshaakcadeautjes.nl\/fr\/wp-json\/wp\/v2\/types\/product"}],"version-history":[{"count":0,"href":"https:\/\/www.jootjeshaakcadeautjes.nl\/fr\/wp-json\/wp\/v2\/product\/156521\/revisions"}],"wp:featuredmedia":[{"embeddable":true,"href":"https:\/\/www.jootjeshaakcadeautjes.nl\/fr\/wp-json\/wp\/v2\/media\/152509"}],"wp:attachment":[{"href":"https:\/\/www.jootjeshaakcadeautjes.nl\/fr\/wp-json\/wp\/v2\/media?parent=156521"}],"wp:term":[{"taxonomy":"product_brand","embeddable":true,"href":"https:\/\/www.jootjeshaakcadeautjes.nl\/fr\/wp-json\/wp\/v2\/product_brand?post=156521"},{"taxonomy":"product_cat","embeddable":true,"href":"https:\/\/www.jootjeshaakcadeautjes.nl\/fr\/wp-json\/wp\/v2\/product_cat?post=156521"},{"taxonomy":"product_tag","embeddable":true,"href":"https:\/\/www.jootjeshaakcadeautjes.nl\/fr\/wp-json\/wp\/v2\/product_tag?post=156521"}],"curies":[{"name":"wp","href":"https:\/\/api.w.org\/{rel}","templated":true}]}}