{"id":160092,"date":"2024-08-23T15:32:00","date_gmt":"2024-08-23T13:32:00","guid":{"rendered":"https:\/\/www.jootjeshaakcadeautjes.nl\/?post_type=product&#038;p=160092"},"modified":"2025-05-23T13:32:33","modified_gmt":"2025-05-23T11:32:33","slug":"bracelet-rigide-2-mm-rv-argent","status":"publish","type":"product","link":"https:\/\/www.jootjeshaakcadeautjes.nl\/fr\/produit\/bracelet-rigide-2-mm-rv-argent\/","title":{"rendered":"Bracelet &#8211; Rowable 2 MM &#8211; Acier inoxydable &#8211; Argent"},"content":{"rendered":"<h2>  Bracelet &#8211; Rowable 2 MM &#8211; Acier inoxydable &#8211; Argent<\/h2>\n<p>  Mat\u00e9riau : acier inoxydable Type : Bracelet enfilable Couleur : argent Enfilable avec des perles en silicone et des perles en bois. Parfait pour s&#8217;offrir un magnifique cadeau que l&#8217;on peut r\u00e9aliser enti\u00e8rement \u00e0 sa guise. Si vous \u00eates un v\u00e9ritable Beadboss et que vous r\u00e9alisez les plus belles cr\u00e9ations en perles, vous avez gagn\u00e9 un merveilleux cadeau qui est vraiment parfait pour votre passe-temps favori. Tr\u00e8s \u00e9l\u00e9gant et instantan\u00e9ment le panneau de signalisation le plus parfait pour votre entreprise. Apr\u00e8s tout, vous ne manquerez pas de recevoir des questions sur ce bracelet ! Parfait aussi comme cadeau pour un membre de la famille, un ami ou un coll\u00e8gue ! R\u00e9alisez le bracelet \u00e0 votre convenance. Vous pouvez aussi parfaitement y refl\u00e9ter un nom. Cependant, nous recommandons alors des perles de 10 mm. Il s&#8217;agit de la meilleure correspondance en termes de format. Clause de non-responsabilit\u00e9 ; avec le temps\/l&#8217;utilisation intensive, la couleur du bracelet peut s&#8217;alt\u00e9rer l\u00e9g\u00e8rement.<\/p>\n","protected":false},"excerpt":{"rendered":"<p>Mat\u00e9riau : Acier inoxydable Type : Bracelet \u00e0 fil Couleur : Argent<\/p>\n","protected":false},"featured_media":164264,"template":"","meta":[],"product_brand":[],"product_cat":[12518,7195],"product_tag":[15003,7233,10189,7220,7242,7470,7206,7396,7251,7254,12521,7274,7256,7215,7248,7203,10487,7270,7245,7259,7262,7200,19618,7230,7209,7227,7212,7217],"class_list":{"0":"post-160092","1":"product","2":"type-product","3":"status-publish","4":"has-post-thumbnail","6":"product_cat-bracelets-filetes","7":"product_cat-produits-basteable-tous-les-produits-basteable","8":"product_tag-2mm-fr","9":"product_tag-acier-inoxydable","10":"product_tag-argent-fr","11":"product_tag-b2b-fr","12":"product_tag-boire","13":"product_tag-bracelet","14":"product_tag-bricolage","15":"product_tag-cadeau-fr","16":"product_tag-cadeaux-personnalises","17":"product_tag-celibataire","18":"product_tag-collegue","19":"product_tag-concept-fr","20":"product_tag-enterrement-de-vie-de-jeune-fille","21":"product_tag-faire","22":"product_tag-faites-le-vous-meme","23":"product_tag-hobby-fr","24":"product_tag-le-faire-soi-meme","25":"product_tag-materiaux","26":"product_tag-parti","27":"product_tag-parti-fr","28":"product_tag-parti-fr-2","29":"product_tag-perles","30":"product_tag-personalisierte","31":"product_tag-personnalisation","32":"product_tag-poupee-porte-bonheur","33":"product_tag-rangee","34":"product_tag-silicone-fr","35":"product_tag-toi-meme","37":"first","38":"instock","39":"taxable","40":"shipping-taxable","41":"purchasable","42":"product-type-simple"},"bundled_by":[],"bundle_stock_status":"instock","bundle_stock_quantity":138,"bundle_virtual":false,"bundle_layout":"","bundle_add_to_cart_form_location":"","bundle_editable_in_cart":false,"bundle_sold_individually_context":"","bundle_item_grouping":"","bundle_min_size":"","bundle_max_size":"","bundle_price":[],"bundled_items":[],"bundle_sell_ids":[],"yoast_head":"<!-- This site is optimized with the Yoast SEO Premium plugin v27.6 (Yoast SEO v27.6) - https:\/\/yoast.com\/product\/yoast-seo-premium-wordpress\/ -->\n<title>Bracelet en argent | DIY | Jootjes<\/title>\n<meta name=\"description\" content=\"Achetez un bracelet \u00e0 enfiler et personnalisez-le \u00e0 votre guise avec nos perles en bois et en silicone. Le cadeau id\u00e9al pour maman, grand-m\u00e8re et bien d&#039;autres.\" \/>\n<meta name=\"robots\" content=\"index, follow, max-snippet:-1, max-image-preview:large, max-video-preview:-1\" \/>\n<link rel=\"canonical\" href=\"https:\/\/www.jootjeshaakcadeautjes.nl\/fr\/produit\/bracelet-rigide-2-mm-rv-argent\/\" \/>\n<meta property=\"og:locale\" content=\"fr_FR\" \/>\n<meta property=\"og:type\" content=\"article\" \/>\n<meta property=\"og:title\" content=\"Bracelet - Rowable 2 MM - Acier inoxydable - Argent\" \/>\n<meta property=\"og:description\" content=\"Achetez un bracelet \u00e0 enfiler et personnalisez-le \u00e0 votre guise avec nos perles en bois et en silicone. Le cadeau id\u00e9al pour maman, grand-m\u00e8re et bien d&#039;autres.\" \/>\n<meta property=\"og:url\" content=\"https:\/\/www.jootjeshaakcadeautjes.nl\/fr\/produit\/bracelet-rigide-2-mm-rv-argent\/\" \/>\n<meta property=\"og:site_name\" content=\"Jootjes Haakcadeautjes\" \/>\n<meta property=\"article:modified_time\" content=\"2025-05-23T11:32:33+00:00\" \/>\n<meta property=\"og:image\" content=\"https:\/\/www.jootjeshaakcadeautjes.nl\/wp-content\/uploads\/2024\/09\/Naamloos-544.webp\" \/>\n\t<meta property=\"og:image:width\" content=\"2048\" \/>\n\t<meta property=\"og:image:height\" content=\"2048\" \/>\n\t<meta property=\"og:image:type\" content=\"image\/webp\" \/>\n<meta name=\"twitter:card\" content=\"summary_large_image\" \/>\n<meta name=\"twitter:label1\" content=\"Prix\" \/>\n\t<meta name=\"twitter:data1\" content=\"&euro;3.15 TTC\" \/>\n\t<meta name=\"twitter:label2\" content=\"Disponibilit\u00e9\" \/>\n\t<meta name=\"twitter:data2\" content=\"En stock\" \/>\n<script type=\"application\/ld+json\" class=\"yoast-schema-graph\">{\"@context\":\"https:\\\/\\\/schema.org\",\"@graph\":[{\"@type\":\"WebPage\",\"@id\":\"https:\\\/\\\/www.jootjeshaakcadeautjes.nl\\\/fr\\\/produit\\\/bracelet-rigide-2-mm-rv-argent\\\/\",\"url\":\"https:\\\/\\\/www.jootjeshaakcadeautjes.nl\\\/fr\\\/produit\\\/bracelet-rigide-2-mm-rv-argent\\\/\",\"name\":\"Bracelet en argent | DIY | Jootjes\",\"isPartOf\":{\"@id\":\"https:\\\/\\\/www.jootjeshaakcadeautjes.nl\\\/fr\\\/#website\"},\"primaryImageOfPage\":{\"@id\":\"https:\\\/\\\/www.jootjeshaakcadeautjes.nl\\\/fr\\\/produit\\\/bracelet-rigide-2-mm-rv-argent\\\/#primaryimage\"},\"image\":{\"@id\":\"https:\\\/\\\/www.jootjeshaakcadeautjes.nl\\\/fr\\\/produit\\\/bracelet-rigide-2-mm-rv-argent\\\/#primaryimage\"},\"thumbnailUrl\":\"https:\\\/\\\/d1dyryakdmle7o.cloudfront.net\\\/wp-content\\\/uploads\\\/2024\\\/09\\\/Naamloos-544.webp\",\"datePublished\":\"2024-08-23T13:32:00+00:00\",\"dateModified\":\"2025-05-23T11:32:33+00:00\",\"description\":\"Achetez un bracelet \u00e0 enfiler et personnalisez-le \u00e0 votre guise avec nos perles en bois et en silicone. Le cadeau id\u00e9al pour maman, grand-m\u00e8re et bien d'autres.\",\"breadcrumb\":{\"@id\":\"https:\\\/\\\/www.jootjeshaakcadeautjes.nl\\\/fr\\\/produit\\\/bracelet-rigide-2-mm-rv-argent\\\/#breadcrumb\"},\"inLanguage\":\"fr-FR\",\"potentialAction\":[{\"@type\":\"ReadAction\",\"target\":[\"https:\\\/\\\/www.jootjeshaakcadeautjes.nl\\\/fr\\\/produit\\\/bracelet-rigide-2-mm-rv-argent\\\/\"]}]},{\"@type\":\"ImageObject\",\"inLanguage\":\"fr-FR\",\"@id\":\"https:\\\/\\\/www.jootjeshaakcadeautjes.nl\\\/fr\\\/produit\\\/bracelet-rigide-2-mm-rv-argent\\\/#primaryimage\",\"url\":\"https:\\\/\\\/d1dyryakdmle7o.cloudfront.net\\\/wp-content\\\/uploads\\\/2024\\\/09\\\/Naamloos-544.webp\",\"contentUrl\":\"https:\\\/\\\/d1dyryakdmle7o.cloudfront.net\\\/wp-content\\\/uploads\\\/2024\\\/09\\\/Naamloos-544.webp\",\"width\":2048,\"height\":2048,\"caption\":\"2mm zilver\"},{\"@type\":\"BreadcrumbList\",\"@id\":\"https:\\\/\\\/www.jootjeshaakcadeautjes.nl\\\/fr\\\/produit\\\/bracelet-rigide-2-mm-rv-argent\\\/#breadcrumb\",\"itemListElement\":[{\"@type\":\"ListItem\",\"position\":1,\"name\":\"Accueil\",\"item\":\"https:\\\/\\\/www.jootjeshaakcadeautjes.nl\\\/fr\\\/\"},{\"@type\":\"ListItem\",\"position\":2,\"name\":\"Commerce de gros de perles en silicone &#8211; Entreprises et consommateurs\",\"item\":\"https:\\\/\\\/www.jootjeshaakcadeautjes.nl\\\/fr\\\/boutique\\\/\"},{\"@type\":\"ListItem\",\"position\":3,\"name\":\"Bracelet &#8211; Rowable 2 MM &#8211; Acier inoxydable &#8211; Argent\"}]},{\"@type\":\"WebSite\",\"@id\":\"https:\\\/\\\/www.jootjeshaakcadeautjes.nl\\\/fr\\\/#website\",\"url\":\"https:\\\/\\\/www.jootjeshaakcadeautjes.nl\\\/fr\\\/\",\"name\":\"Jootjes Haakcadeautjes\",\"description\":\"Grossiste en perles de silicone\",\"publisher\":{\"@id\":\"https:\\\/\\\/www.jootjeshaakcadeautjes.nl\\\/fr\\\/#organization\"},\"potentialAction\":[{\"@type\":\"SearchAction\",\"target\":{\"@type\":\"EntryPoint\",\"urlTemplate\":\"https:\\\/\\\/www.jootjeshaakcadeautjes.nl\\\/fr\\\/?s={search_term_string}\"},\"query-input\":{\"@type\":\"PropertyValueSpecification\",\"valueRequired\":true,\"valueName\":\"search_term_string\"}}],\"inLanguage\":\"fr-FR\"},{\"@type\":\"Organization\",\"@id\":\"https:\\\/\\\/www.jootjeshaakcadeautjes.nl\\\/fr\\\/#organization\",\"name\":\"Jootjes Haakcadeautjes\",\"url\":\"https:\\\/\\\/www.jootjeshaakcadeautjes.nl\\\/fr\\\/\",\"logo\":{\"@type\":\"ImageObject\",\"inLanguage\":\"fr-FR\",\"@id\":\"https:\\\/\\\/www.jootjeshaakcadeautjes.nl\\\/fr\\\/#\\\/schema\\\/logo\\\/image\\\/\",\"url\":\"https:\\\/\\\/d1dyryakdmle7o.cloudfront.net\\\/wp-content\\\/uploads\\\/2023\\\/05\\\/Logo-rond.png\",\"contentUrl\":\"https:\\\/\\\/d1dyryakdmle7o.cloudfront.net\\\/wp-content\\\/uploads\\\/2023\\\/05\\\/Logo-rond.png\",\"width\":1222,\"height\":1222,\"caption\":\"Jootjes Haakcadeautjes\"},\"image\":{\"@id\":\"https:\\\/\\\/www.jootjeshaakcadeautjes.nl\\\/fr\\\/#\\\/schema\\\/logo\\\/image\\\/\"}}]}<\/script>\n<meta property=\"product:price:amount\" content=\"3.15\" \/>\n<meta property=\"product:price:currency\" content=\"EUR\" \/>\n<meta property=\"og:availability\" content=\"instock\" \/>\n<meta property=\"product:availability\" content=\"instock\" \/>\n<meta property=\"product:retailer_item_id\" content=\"RIJG-ARM2-ZILV\" \/>\n<meta property=\"product:condition\" content=\"new\" \/>\n<!-- \/ Yoast SEO Premium plugin. -->","yoast_head_json":{"title":"Bracelet en argent | DIY | Jootjes","description":"Achetez un bracelet \u00e0 enfiler et personnalisez-le \u00e0 votre guise avec nos perles en bois et en silicone. Le cadeau id\u00e9al pour maman, grand-m\u00e8re et bien d'autres.","robots":{"index":"index","follow":"follow","max-snippet":"max-snippet:-1","max-image-preview":"max-image-preview:large","max-video-preview":"max-video-preview:-1"},"canonical":"https:\/\/www.jootjeshaakcadeautjes.nl\/fr\/produit\/bracelet-rigide-2-mm-rv-argent\/","og_locale":"fr_FR","og_type":"article","og_title":"Bracelet - Rowable 2 MM - Acier inoxydable - Argent","og_description":"Achetez un bracelet \u00e0 enfiler et personnalisez-le \u00e0 votre guise avec nos perles en bois et en silicone. Le cadeau id\u00e9al pour maman, grand-m\u00e8re et bien d'autres.","og_url":"https:\/\/www.jootjeshaakcadeautjes.nl\/fr\/produit\/bracelet-rigide-2-mm-rv-argent\/","og_site_name":"Jootjes Haakcadeautjes","article_modified_time":"2025-05-23T11:32:33+00:00","og_image":[{"width":2048,"height":2048,"url":"https:\/\/www.jootjeshaakcadeautjes.nl\/wp-content\/uploads\/2024\/09\/Naamloos-544.webp","type":"image\/webp"}],"twitter_card":"summary_large_image","twitter_misc":{"Prix":"&euro;3.15 TTC","Disponibilit\u00e9":"En stock"},"schema":{"@context":"https:\/\/schema.org","@graph":[{"@type":"WebPage","@id":"https:\/\/www.jootjeshaakcadeautjes.nl\/fr\/produit\/bracelet-rigide-2-mm-rv-argent\/","url":"https:\/\/www.jootjeshaakcadeautjes.nl\/fr\/produit\/bracelet-rigide-2-mm-rv-argent\/","name":"Bracelet en argent | DIY | Jootjes","isPartOf":{"@id":"https:\/\/www.jootjeshaakcadeautjes.nl\/fr\/#website"},"primaryImageOfPage":{"@id":"https:\/\/www.jootjeshaakcadeautjes.nl\/fr\/produit\/bracelet-rigide-2-mm-rv-argent\/#primaryimage"},"image":{"@id":"https:\/\/www.jootjeshaakcadeautjes.nl\/fr\/produit\/bracelet-rigide-2-mm-rv-argent\/#primaryimage"},"thumbnailUrl":"https:\/\/d1dyryakdmle7o.cloudfront.net\/wp-content\/uploads\/2024\/09\/Naamloos-544.webp","datePublished":"2024-08-23T13:32:00+00:00","dateModified":"2025-05-23T11:32:33+00:00","description":"Achetez un bracelet \u00e0 enfiler et personnalisez-le \u00e0 votre guise avec nos perles en bois et en silicone. Le cadeau id\u00e9al pour maman, grand-m\u00e8re et bien d'autres.","breadcrumb":{"@id":"https:\/\/www.jootjeshaakcadeautjes.nl\/fr\/produit\/bracelet-rigide-2-mm-rv-argent\/#breadcrumb"},"inLanguage":"fr-FR","potentialAction":[{"@type":"ReadAction","target":["https:\/\/www.jootjeshaakcadeautjes.nl\/fr\/produit\/bracelet-rigide-2-mm-rv-argent\/"]}]},{"@type":"ImageObject","inLanguage":"fr-FR","@id":"https:\/\/www.jootjeshaakcadeautjes.nl\/fr\/produit\/bracelet-rigide-2-mm-rv-argent\/#primaryimage","url":"https:\/\/d1dyryakdmle7o.cloudfront.net\/wp-content\/uploads\/2024\/09\/Naamloos-544.webp","contentUrl":"https:\/\/d1dyryakdmle7o.cloudfront.net\/wp-content\/uploads\/2024\/09\/Naamloos-544.webp","width":2048,"height":2048,"caption":"2mm zilver"},{"@type":"BreadcrumbList","@id":"https:\/\/www.jootjeshaakcadeautjes.nl\/fr\/produit\/bracelet-rigide-2-mm-rv-argent\/#breadcrumb","itemListElement":[{"@type":"ListItem","position":1,"name":"Accueil","item":"https:\/\/www.jootjeshaakcadeautjes.nl\/fr\/"},{"@type":"ListItem","position":2,"name":"Commerce de gros de perles en silicone &#8211; Entreprises et consommateurs","item":"https:\/\/www.jootjeshaakcadeautjes.nl\/fr\/boutique\/"},{"@type":"ListItem","position":3,"name":"Bracelet &#8211; Rowable 2 MM &#8211; Acier inoxydable &#8211; Argent"}]},{"@type":"WebSite","@id":"https:\/\/www.jootjeshaakcadeautjes.nl\/fr\/#website","url":"https:\/\/www.jootjeshaakcadeautjes.nl\/fr\/","name":"Jootjes Haakcadeautjes","description":"Grossiste en perles de silicone","publisher":{"@id":"https:\/\/www.jootjeshaakcadeautjes.nl\/fr\/#organization"},"potentialAction":[{"@type":"SearchAction","target":{"@type":"EntryPoint","urlTemplate":"https:\/\/www.jootjeshaakcadeautjes.nl\/fr\/?s={search_term_string}"},"query-input":{"@type":"PropertyValueSpecification","valueRequired":true,"valueName":"search_term_string"}}],"inLanguage":"fr-FR"},{"@type":"Organization","@id":"https:\/\/www.jootjeshaakcadeautjes.nl\/fr\/#organization","name":"Jootjes Haakcadeautjes","url":"https:\/\/www.jootjeshaakcadeautjes.nl\/fr\/","logo":{"@type":"ImageObject","inLanguage":"fr-FR","@id":"https:\/\/www.jootjeshaakcadeautjes.nl\/fr\/#\/schema\/logo\/image\/","url":"https:\/\/d1dyryakdmle7o.cloudfront.net\/wp-content\/uploads\/2023\/05\/Logo-rond.png","contentUrl":"https:\/\/d1dyryakdmle7o.cloudfront.net\/wp-content\/uploads\/2023\/05\/Logo-rond.png","width":1222,"height":1222,"caption":"Jootjes Haakcadeautjes"},"image":{"@id":"https:\/\/www.jootjeshaakcadeautjes.nl\/fr\/#\/schema\/logo\/image\/"}}]},"product_price_amount":"3.15","product_price_currency":"EUR","og_availability":"instock","product_availability":"instock","product_retailer_item_id":"RIJG-ARM2-ZILV","product_condition":"new"},"_links":{"self":[{"href":"https:\/\/www.jootjeshaakcadeautjes.nl\/fr\/wp-json\/wp\/v2\/product\/160092","targetHints":{"allow":["GET"]}}],"collection":[{"href":"https:\/\/www.jootjeshaakcadeautjes.nl\/fr\/wp-json\/wp\/v2\/product"}],"about":[{"href":"https:\/\/www.jootjeshaakcadeautjes.nl\/fr\/wp-json\/wp\/v2\/types\/product"}],"version-history":[{"count":0,"href":"https:\/\/www.jootjeshaakcadeautjes.nl\/fr\/wp-json\/wp\/v2\/product\/160092\/revisions"}],"wp:featuredmedia":[{"embeddable":true,"href":"https:\/\/www.jootjeshaakcadeautjes.nl\/fr\/wp-json\/wp\/v2\/media\/164264"}],"wp:attachment":[{"href":"https:\/\/www.jootjeshaakcadeautjes.nl\/fr\/wp-json\/wp\/v2\/media?parent=160092"}],"wp:term":[{"taxonomy":"product_brand","embeddable":true,"href":"https:\/\/www.jootjeshaakcadeautjes.nl\/fr\/wp-json\/wp\/v2\/product_brand?post=160092"},{"taxonomy":"product_cat","embeddable":true,"href":"https:\/\/www.jootjeshaakcadeautjes.nl\/fr\/wp-json\/wp\/v2\/product_cat?post=160092"},{"taxonomy":"product_tag","embeddable":true,"href":"https:\/\/www.jootjeshaakcadeautjes.nl\/fr\/wp-json\/wp\/v2\/product_tag?post=160092"}],"curies":[{"name":"wp","href":"https:\/\/api.w.org\/{rel}","templated":true}]}}