{"id":160876,"date":"2024-10-27T01:15:27","date_gmt":"2024-10-26T23:15:27","guid":{"rendered":"https:\/\/www.jootjeshaakcadeautjes.nl\/?post_type=product&#038;p=160876"},"modified":"2025-03-11T05:32:33","modified_gmt":"2025-03-11T04:32:33","slug":"acryl-konijn-35x18x18-mm-warm-perzik-roze","status":"publish","type":"product","link":"https:\/\/www.jootjeshaakcadeautjes.nl\/fr\/produit\/acryl-konijn-35x18x18-mm-warm-perzik-roze\/","title":{"rendered":"Lapin en acrylique &#8211; 35x18x18 MM &#8211; Rose p\u00eache chaud"},"content":{"rendered":"<h3>Lapin en acrylique &#8211; 35x18x18 MM &#8211; Rose p\u00eache chaud<\/h3>\n<p>  Mat\u00e9riau : Acrylique Type : Lapin en acrylique Veuillez noter ! Convient pour les porte-cl\u00e9s, mais pas pour les anneaux de dentition, les cordons de t\u00e9tine ou d&#8217;autres produits pour b\u00e9b\u00e9s, en raison du risque de d\u00e9tachement des pierres. Les perles acryliques de ce type ne satisfont pas non plus aux tests chimiques et m\u00e9caniques EN-71 requis pour la s\u00e9curit\u00e9 de ces produits pour les b\u00e9b\u00e9s.<\/p>\n","protected":false},"excerpt":{"rendered":"<p>Couleur : Lapin &#8211; 35x18x18 MM &#8211; Rose p\u00eache chaud Mat\u00e9riau : Acrylique Type : Lapin &#8211; 35x18x18 MM &#8211; Rose p\u00eache chaud Convient aux porte-cl\u00e9s et aux <a href=\"https:\/\/www.jootjeshaakcadeautjes.nl\/product-categorie\/siliconen-kralen-bpa-vrij-groothandel\/siliconen-kralen-multicolor-luxekralen-alles\/siliconen-kralen-gelukspoppetjes-luckyjos\/\">poup\u00e9es porte-bonheur<\/a> <a href=\"https:\/\/www.jootjeshaakcadeautjes.nl\/product\/houten-kraal-smiley-gelukspoppetje-haken-beukenhout-20-mm\/\">en bois<\/a> et en <a href=\"https:\/\/www.jootjeshaakcadeautjes.nl\/product-categorie\/siliconen-kralen-bpa-vrij-groothandel\/siliconen-kralen-multicolor-luxekralen-alles\/siliconen-kralen-gelukspoppetjes-luckyjos\/\">silicone<\/a>.<\/p>\n","protected":false},"featured_media":174894,"template":"","meta":[],"product_brand":[],"product_cat":[12308,19491,9987,12310],"product_tag":[15078,10120,7476,12720,12727,7206,7463,7489,7215,13240,10435,15018,7200,7230,15017,7619,10488,10442,15079],"class_list":{"0":"post-160876","1":"product","2":"type-product","3":"status-publish","4":"has-post-thumbnail","6":"product_cat-materiel-de-bricolage-et-de-crochet","7":"product_cat-perles-en-acrylique-perles-focales","8":"product_cat-perles-en-silicone-et-accessoires-pour-bebes-soldes","9":"product_cat-poupees-chanceuses-diy-perles-et-fournitures","10":"product_tag-35x18x18-mm-fr","11":"product_tag-achats","12":"product_tag-acheter","13":"product_tag-acrylique","14":"product_tag-bijoux-fr-2","15":"product_tag-bricolage","16":"product_tag-commerce-de-gros","17":"product_tag-crochet-pour-sac","18":"product_tag-faire","19":"product_tag-lapin","20":"product_tag-le-bonheur","21":"product_tag-pendentifs-telephoniques","22":"product_tag-perles","23":"product_tag-personnalisation","24":"product_tag-porte-cles-fr-5","25":"product_tag-porte-cles","26":"product_tag-porte-cles-fr-2","27":"product_tag-presente","28":"product_tag-rose-peche-chaud","30":"first","31":"instock","32":"sale","33":"taxable","34":"shipping-taxable","35":"purchasable","36":"product-type-simple"},"bundled_by":[],"bundle_stock_status":"instock","bundle_stock_quantity":79,"bundle_virtual":false,"bundle_layout":"","bundle_add_to_cart_form_location":"","bundle_editable_in_cart":false,"bundle_sold_individually_context":"","bundle_item_grouping":"","bundle_min_size":"","bundle_max_size":"","bundle_price":[],"bundled_items":[],"bundle_sell_ids":[],"yoast_head":"<!-- This site is optimized with the Yoast SEO Premium plugin v27.6 (Yoast SEO v27.6) - https:\/\/yoast.com\/product\/yoast-seo-premium-wordpress\/ -->\n<title>Lapin en acrylique - 35x18x18 MM - Rose p\u00eache chaud - Jootjes.NL<\/title>\n<meta name=\"description\" content=\"Lapin en acrylique - 35x18x18 MM - Rose p\u00eache chaud pour faire des porte-cl\u00e9s avec des porte-bonheur, des bijoux et plus encore. Jootjes.fr\" \/>\n<meta name=\"robots\" content=\"index, follow, max-snippet:-1, max-image-preview:large, max-video-preview:-1\" \/>\n<link rel=\"canonical\" href=\"https:\/\/www.jootjeshaakcadeautjes.nl\/fr\/produit\/acryl-konijn-35x18x18-mm-warm-perzik-roze\/\" \/>\n<meta property=\"og:locale\" content=\"fr_FR\" \/>\n<meta property=\"og:type\" content=\"article\" \/>\n<meta property=\"og:title\" content=\"Lapin en acrylique - 35x18x18 MM - Rose p\u00eache chaud\" \/>\n<meta property=\"og:description\" content=\"Lapin en acrylique - 35x18x18 MM - Rose p\u00eache chaud pour faire des porte-cl\u00e9s avec des porte-bonheur, des bijoux et plus encore. Jootjes.fr\" \/>\n<meta property=\"og:url\" content=\"https:\/\/www.jootjeshaakcadeautjes.nl\/fr\/produit\/acryl-konijn-35x18x18-mm-warm-perzik-roze\/\" \/>\n<meta property=\"og:site_name\" content=\"Jootjes Haakcadeautjes\" \/>\n<meta property=\"article:modified_time\" content=\"2025-03-11T04:32:33+00:00\" \/>\n<meta property=\"og:image\" content=\"https:\/\/www.jootjeshaakcadeautjes.nl\/wp-content\/uploads\/2024\/10\/Naamloos-663.webp\" \/>\n\t<meta property=\"og:image:width\" content=\"2048\" \/>\n\t<meta property=\"og:image:height\" content=\"2048\" \/>\n\t<meta property=\"og:image:type\" content=\"image\/webp\" \/>\n<meta name=\"twitter:card\" content=\"summary_large_image\" \/>\n<meta name=\"twitter:label1\" content=\"Prix\" \/>\n\t<meta name=\"twitter:data1\" content=\"&euro;0.40 TTC\" \/>\n\t<meta name=\"twitter:label2\" content=\"Disponibilit\u00e9\" \/>\n\t<meta name=\"twitter:data2\" content=\"En stock\" \/>\n<script type=\"application\/ld+json\" class=\"yoast-schema-graph\">{\"@context\":\"https:\\\/\\\/schema.org\",\"@graph\":[{\"@type\":\"WebPage\",\"@id\":\"https:\\\/\\\/www.jootjeshaakcadeautjes.nl\\\/fr\\\/produit\\\/acryl-konijn-35x18x18-mm-warm-perzik-roze\\\/\",\"url\":\"https:\\\/\\\/www.jootjeshaakcadeautjes.nl\\\/fr\\\/produit\\\/acryl-konijn-35x18x18-mm-warm-perzik-roze\\\/\",\"name\":\"Lapin en acrylique - 35x18x18 MM - Rose p\u00eache chaud - Jootjes.NL\",\"isPartOf\":{\"@id\":\"https:\\\/\\\/www.jootjeshaakcadeautjes.nl\\\/fr\\\/#website\"},\"primaryImageOfPage\":{\"@id\":\"https:\\\/\\\/www.jootjeshaakcadeautjes.nl\\\/fr\\\/produit\\\/acryl-konijn-35x18x18-mm-warm-perzik-roze\\\/#primaryimage\"},\"image\":{\"@id\":\"https:\\\/\\\/www.jootjeshaakcadeautjes.nl\\\/fr\\\/produit\\\/acryl-konijn-35x18x18-mm-warm-perzik-roze\\\/#primaryimage\"},\"thumbnailUrl\":\"https:\\\/\\\/d1dyryakdmle7o.cloudfront.net\\\/wp-content\\\/uploads\\\/2024\\\/10\\\/Naamloos-663.webp\",\"datePublished\":\"2024-10-26T23:15:27+00:00\",\"dateModified\":\"2025-03-11T04:32:33+00:00\",\"description\":\"Lapin en acrylique - 35x18x18 MM - Rose p\u00eache chaud pour faire des porte-cl\u00e9s avec des porte-bonheur, des bijoux et plus encore. Jootjes.fr\",\"breadcrumb\":{\"@id\":\"https:\\\/\\\/www.jootjeshaakcadeautjes.nl\\\/fr\\\/produit\\\/acryl-konijn-35x18x18-mm-warm-perzik-roze\\\/#breadcrumb\"},\"inLanguage\":\"fr-FR\",\"potentialAction\":[{\"@type\":\"ReadAction\",\"target\":[\"https:\\\/\\\/www.jootjeshaakcadeautjes.nl\\\/fr\\\/produit\\\/acryl-konijn-35x18x18-mm-warm-perzik-roze\\\/\"]}]},{\"@type\":\"ImageObject\",\"inLanguage\":\"fr-FR\",\"@id\":\"https:\\\/\\\/www.jootjeshaakcadeautjes.nl\\\/fr\\\/produit\\\/acryl-konijn-35x18x18-mm-warm-perzik-roze\\\/#primaryimage\",\"url\":\"https:\\\/\\\/d1dyryakdmle7o.cloudfront.net\\\/wp-content\\\/uploads\\\/2024\\\/10\\\/Naamloos-663.webp\",\"contentUrl\":\"https:\\\/\\\/d1dyryakdmle7o.cloudfront.net\\\/wp-content\\\/uploads\\\/2024\\\/10\\\/Naamloos-663.webp\",\"width\":2048,\"height\":2048},{\"@type\":\"BreadcrumbList\",\"@id\":\"https:\\\/\\\/www.jootjeshaakcadeautjes.nl\\\/fr\\\/produit\\\/acryl-konijn-35x18x18-mm-warm-perzik-roze\\\/#breadcrumb\",\"itemListElement\":[{\"@type\":\"ListItem\",\"position\":1,\"name\":\"Accueil\",\"item\":\"https:\\\/\\\/www.jootjeshaakcadeautjes.nl\\\/fr\\\/\"},{\"@type\":\"ListItem\",\"position\":2,\"name\":\"Commerce de gros de perles en silicone &#8211; Entreprises et consommateurs\",\"item\":\"https:\\\/\\\/www.jootjeshaakcadeautjes.nl\\\/fr\\\/boutique\\\/\"},{\"@type\":\"ListItem\",\"position\":3,\"name\":\"Lapin en acrylique &#8211; 35x18x18 MM &#8211; Rose p\u00eache chaud\"}]},{\"@type\":\"WebSite\",\"@id\":\"https:\\\/\\\/www.jootjeshaakcadeautjes.nl\\\/fr\\\/#website\",\"url\":\"https:\\\/\\\/www.jootjeshaakcadeautjes.nl\\\/fr\\\/\",\"name\":\"Jootjes Haakcadeautjes\",\"description\":\"Grossiste en perles de silicone\",\"publisher\":{\"@id\":\"https:\\\/\\\/www.jootjeshaakcadeautjes.nl\\\/fr\\\/#organization\"},\"potentialAction\":[{\"@type\":\"SearchAction\",\"target\":{\"@type\":\"EntryPoint\",\"urlTemplate\":\"https:\\\/\\\/www.jootjeshaakcadeautjes.nl\\\/fr\\\/?s={search_term_string}\"},\"query-input\":{\"@type\":\"PropertyValueSpecification\",\"valueRequired\":true,\"valueName\":\"search_term_string\"}}],\"inLanguage\":\"fr-FR\"},{\"@type\":\"Organization\",\"@id\":\"https:\\\/\\\/www.jootjeshaakcadeautjes.nl\\\/fr\\\/#organization\",\"name\":\"Jootjes Haakcadeautjes\",\"url\":\"https:\\\/\\\/www.jootjeshaakcadeautjes.nl\\\/fr\\\/\",\"logo\":{\"@type\":\"ImageObject\",\"inLanguage\":\"fr-FR\",\"@id\":\"https:\\\/\\\/www.jootjeshaakcadeautjes.nl\\\/fr\\\/#\\\/schema\\\/logo\\\/image\\\/\",\"url\":\"https:\\\/\\\/d1dyryakdmle7o.cloudfront.net\\\/wp-content\\\/uploads\\\/2023\\\/05\\\/Logo-rond.png\",\"contentUrl\":\"https:\\\/\\\/d1dyryakdmle7o.cloudfront.net\\\/wp-content\\\/uploads\\\/2023\\\/05\\\/Logo-rond.png\",\"width\":1222,\"height\":1222,\"caption\":\"Jootjes Haakcadeautjes\"},\"image\":{\"@id\":\"https:\\\/\\\/www.jootjeshaakcadeautjes.nl\\\/fr\\\/#\\\/schema\\\/logo\\\/image\\\/\"}}]}<\/script>\n<meta property=\"product:price:amount\" content=\"0.40\" \/>\n<meta property=\"product:price:currency\" content=\"EUR\" \/>\n<meta property=\"og:availability\" content=\"instock\" \/>\n<meta property=\"product:availability\" content=\"instock\" \/>\n<meta property=\"product:retailer_item_id\" content=\"ACR-KON_WPR\" \/>\n<meta property=\"product:condition\" content=\"new\" \/>\n<!-- \/ Yoast SEO Premium plugin. -->","yoast_head_json":{"title":"Lapin en acrylique - 35x18x18 MM - Rose p\u00eache chaud - Jootjes.NL","description":"Lapin en acrylique - 35x18x18 MM - Rose p\u00eache chaud pour faire des porte-cl\u00e9s avec des porte-bonheur, des bijoux et plus encore. Jootjes.fr","robots":{"index":"index","follow":"follow","max-snippet":"max-snippet:-1","max-image-preview":"max-image-preview:large","max-video-preview":"max-video-preview:-1"},"canonical":"https:\/\/www.jootjeshaakcadeautjes.nl\/fr\/produit\/acryl-konijn-35x18x18-mm-warm-perzik-roze\/","og_locale":"fr_FR","og_type":"article","og_title":"Lapin en acrylique - 35x18x18 MM - Rose p\u00eache chaud","og_description":"Lapin en acrylique - 35x18x18 MM - Rose p\u00eache chaud pour faire des porte-cl\u00e9s avec des porte-bonheur, des bijoux et plus encore. Jootjes.fr","og_url":"https:\/\/www.jootjeshaakcadeautjes.nl\/fr\/produit\/acryl-konijn-35x18x18-mm-warm-perzik-roze\/","og_site_name":"Jootjes Haakcadeautjes","article_modified_time":"2025-03-11T04:32:33+00:00","og_image":[{"width":2048,"height":2048,"url":"https:\/\/www.jootjeshaakcadeautjes.nl\/wp-content\/uploads\/2024\/10\/Naamloos-663.webp","type":"image\/webp"}],"twitter_card":"summary_large_image","twitter_misc":{"Prix":"&euro;0.40 TTC","Disponibilit\u00e9":"En stock"},"schema":{"@context":"https:\/\/schema.org","@graph":[{"@type":"WebPage","@id":"https:\/\/www.jootjeshaakcadeautjes.nl\/fr\/produit\/acryl-konijn-35x18x18-mm-warm-perzik-roze\/","url":"https:\/\/www.jootjeshaakcadeautjes.nl\/fr\/produit\/acryl-konijn-35x18x18-mm-warm-perzik-roze\/","name":"Lapin en acrylique - 35x18x18 MM - Rose p\u00eache chaud - Jootjes.NL","isPartOf":{"@id":"https:\/\/www.jootjeshaakcadeautjes.nl\/fr\/#website"},"primaryImageOfPage":{"@id":"https:\/\/www.jootjeshaakcadeautjes.nl\/fr\/produit\/acryl-konijn-35x18x18-mm-warm-perzik-roze\/#primaryimage"},"image":{"@id":"https:\/\/www.jootjeshaakcadeautjes.nl\/fr\/produit\/acryl-konijn-35x18x18-mm-warm-perzik-roze\/#primaryimage"},"thumbnailUrl":"https:\/\/d1dyryakdmle7o.cloudfront.net\/wp-content\/uploads\/2024\/10\/Naamloos-663.webp","datePublished":"2024-10-26T23:15:27+00:00","dateModified":"2025-03-11T04:32:33+00:00","description":"Lapin en acrylique - 35x18x18 MM - Rose p\u00eache chaud pour faire des porte-cl\u00e9s avec des porte-bonheur, des bijoux et plus encore. Jootjes.fr","breadcrumb":{"@id":"https:\/\/www.jootjeshaakcadeautjes.nl\/fr\/produit\/acryl-konijn-35x18x18-mm-warm-perzik-roze\/#breadcrumb"},"inLanguage":"fr-FR","potentialAction":[{"@type":"ReadAction","target":["https:\/\/www.jootjeshaakcadeautjes.nl\/fr\/produit\/acryl-konijn-35x18x18-mm-warm-perzik-roze\/"]}]},{"@type":"ImageObject","inLanguage":"fr-FR","@id":"https:\/\/www.jootjeshaakcadeautjes.nl\/fr\/produit\/acryl-konijn-35x18x18-mm-warm-perzik-roze\/#primaryimage","url":"https:\/\/d1dyryakdmle7o.cloudfront.net\/wp-content\/uploads\/2024\/10\/Naamloos-663.webp","contentUrl":"https:\/\/d1dyryakdmle7o.cloudfront.net\/wp-content\/uploads\/2024\/10\/Naamloos-663.webp","width":2048,"height":2048},{"@type":"BreadcrumbList","@id":"https:\/\/www.jootjeshaakcadeautjes.nl\/fr\/produit\/acryl-konijn-35x18x18-mm-warm-perzik-roze\/#breadcrumb","itemListElement":[{"@type":"ListItem","position":1,"name":"Accueil","item":"https:\/\/www.jootjeshaakcadeautjes.nl\/fr\/"},{"@type":"ListItem","position":2,"name":"Commerce de gros de perles en silicone &#8211; Entreprises et consommateurs","item":"https:\/\/www.jootjeshaakcadeautjes.nl\/fr\/boutique\/"},{"@type":"ListItem","position":3,"name":"Lapin en acrylique &#8211; 35x18x18 MM &#8211; Rose p\u00eache chaud"}]},{"@type":"WebSite","@id":"https:\/\/www.jootjeshaakcadeautjes.nl\/fr\/#website","url":"https:\/\/www.jootjeshaakcadeautjes.nl\/fr\/","name":"Jootjes Haakcadeautjes","description":"Grossiste en perles de silicone","publisher":{"@id":"https:\/\/www.jootjeshaakcadeautjes.nl\/fr\/#organization"},"potentialAction":[{"@type":"SearchAction","target":{"@type":"EntryPoint","urlTemplate":"https:\/\/www.jootjeshaakcadeautjes.nl\/fr\/?s={search_term_string}"},"query-input":{"@type":"PropertyValueSpecification","valueRequired":true,"valueName":"search_term_string"}}],"inLanguage":"fr-FR"},{"@type":"Organization","@id":"https:\/\/www.jootjeshaakcadeautjes.nl\/fr\/#organization","name":"Jootjes Haakcadeautjes","url":"https:\/\/www.jootjeshaakcadeautjes.nl\/fr\/","logo":{"@type":"ImageObject","inLanguage":"fr-FR","@id":"https:\/\/www.jootjeshaakcadeautjes.nl\/fr\/#\/schema\/logo\/image\/","url":"https:\/\/d1dyryakdmle7o.cloudfront.net\/wp-content\/uploads\/2023\/05\/Logo-rond.png","contentUrl":"https:\/\/d1dyryakdmle7o.cloudfront.net\/wp-content\/uploads\/2023\/05\/Logo-rond.png","width":1222,"height":1222,"caption":"Jootjes Haakcadeautjes"},"image":{"@id":"https:\/\/www.jootjeshaakcadeautjes.nl\/fr\/#\/schema\/logo\/image\/"}}]},"product_price_amount":"0.40","product_price_currency":"EUR","og_availability":"instock","product_availability":"instock","product_retailer_item_id":"ACR-KON_WPR","product_condition":"new"},"_links":{"self":[{"href":"https:\/\/www.jootjeshaakcadeautjes.nl\/fr\/wp-json\/wp\/v2\/product\/160876","targetHints":{"allow":["GET"]}}],"collection":[{"href":"https:\/\/www.jootjeshaakcadeautjes.nl\/fr\/wp-json\/wp\/v2\/product"}],"about":[{"href":"https:\/\/www.jootjeshaakcadeautjes.nl\/fr\/wp-json\/wp\/v2\/types\/product"}],"version-history":[{"count":0,"href":"https:\/\/www.jootjeshaakcadeautjes.nl\/fr\/wp-json\/wp\/v2\/product\/160876\/revisions"}],"wp:featuredmedia":[{"embeddable":true,"href":"https:\/\/www.jootjeshaakcadeautjes.nl\/fr\/wp-json\/wp\/v2\/media\/174894"}],"wp:attachment":[{"href":"https:\/\/www.jootjeshaakcadeautjes.nl\/fr\/wp-json\/wp\/v2\/media?parent=160876"}],"wp:term":[{"taxonomy":"product_brand","embeddable":true,"href":"https:\/\/www.jootjeshaakcadeautjes.nl\/fr\/wp-json\/wp\/v2\/product_brand?post=160876"},{"taxonomy":"product_cat","embeddable":true,"href":"https:\/\/www.jootjeshaakcadeautjes.nl\/fr\/wp-json\/wp\/v2\/product_cat?post=160876"},{"taxonomy":"product_tag","embeddable":true,"href":"https:\/\/www.jootjeshaakcadeautjes.nl\/fr\/wp-json\/wp\/v2\/product_tag?post=160876"}],"curies":[{"name":"wp","href":"https:\/\/api.w.org\/{rel}","templated":true}]}}