{"id":167082,"date":"2024-09-29T15:06:49","date_gmt":"2024-09-29T13:06:49","guid":{"rendered":"https:\/\/www.jootjeshaakcadeautjes.nl\/product\/regle-de-fabrication-des-cordons-de-sucette\/"},"modified":"2025-06-29T03:07:50","modified_gmt":"2025-06-29T01:07:50","slug":"regle-de-fabrication-des-cordons-de-sucette","status":"publish","type":"product","link":"https:\/\/www.jootjeshaakcadeautjes.nl\/fr\/produit\/regle-de-fabrication-des-cordons-de-sucette\/","title":{"rendered":"Fabrication de faux cordons &#8211; Les r\u00e8gles appliqu\u00e9es &#8211; Jootjes E-book &#8211; NL\/FR\/DE\/EN"},"content":{"rendered":"<h1>Dummy Cords Making &#8211; The Applied Rulebook &#8211; a Joots E-book (en anglais)<\/h1>\n<h2>Vous voulez fabriquer des cordons de mannequins s\u00fbrs, mais vous ne savez pas par o\u00f9 commencer ?<\/h2>\n<p>Vous n&#8217;\u00eates pas le seul ! Il existe une multitude de lignes directrices diff\u00e9rentes. Souvent, il n&#8217;est pas \u00e9vident de savoir quel document vous devez avoir et \u00e0 qui il s&#8217;applique sp\u00e9cifiquement. En outre, ces documents sont souvent r\u00e9dig\u00e9s en anglais et sont \u00e9galement tr\u00e8s techniques et difficiles \u00e0 comprendre. En outre, les lignes directrices portent souvent sur les faux cordons en g\u00e9n\u00e9ral et non sur les faux cordons avec perles en particulier. Il est donc difficile de trouver les bonnes informations, mais aussi de les adapter \u00e0 votre produit sp\u00e9cifique. De plus, de nombreuses histoires contradictoires circulent sur le march\u00e9, ce qui peut vous faire h\u00e9siter encore plus. C&#8217;est pourquoi nous voulons vous aider avec cet e-book !       <\/p>\n<p>Chez <strong>Jootjes<\/strong>, nous avons des ann\u00e9es d&#8217;exp\u00e9rience dans la fourniture de perles et de pi\u00e8ces s\u00fbres et certifi\u00e9es pour les cordons trayeurs. Notre objectif avec cet e-book est de clarifier les choses et de vous guider pas \u00e0 pas tout au long du processus. Nous voulons nous assurer que vous connaissez non seulement les bonnes r\u00e8gles, mais que vous apprenez \u00e9galement \u00e0 les appliquer \u00e0 votre faux cordon et \u00e0 faire tester votre produit final.  <\/p>\n<h3>Pourquoi la r\u00e9glementation est-elle importante lors de la fabrication de faux cordons ?<\/h3>\n<p>La fabrication de cordons-t\u00e9moins s\u00fbrs implique le respect de certaines directives l\u00e9gales. La directive la plus importante en Europe est la <strong>norme EN 12586<\/strong>, qui fixe des exigences pour les cordons t\u00e9tines afin de garantir leur s\u00e9curit\u00e9 pour les enfants. Dans cet e-book, nous vous pr\u00e9sentons les parties les plus pertinentes de cette directive et d&#8217;autres, et nous vous expliquons ce qui doit \u00eatre test\u00e9. Ce faisant, nous appliquons ces \u00e9l\u00e9ments \u00e0 la fabrication de faux cordons avec des perles. Nous nous concentrons sur tous les aspects, de la s\u00e9curit\u00e9 chimique des mat\u00e9riaux aux exigences m\u00e9caniques, telles que la r\u00e9sistance \u00e0 la traction du cordon et la longueur maximale.    <\/p>\n<p>Saviez-vous que votre faux cordon ne peut \u00eatre vendu s&#8217;il n&#8217;est pas conforme \u00e0 ces r\u00e8gles ? Et que vous devez \u00e9galement inclure certaines r\u00e9glementations et avertissements ? C&#8217;est pourquoi il est important de conna\u00eetre toutes les r\u00e8gles de s\u00e9curit\u00e9 afin de pouvoir fabriquer un faux cordon s\u00fbr en toute confiance.  <\/p>\n<h3>Qu&#8217;allez-vous apprendre dans cet e-book ?<\/h3>\n<p>Nous vous accompagnons de la phase d&#8217;orientation \u00e0 la phase de test. Vous apprendrez, par exemple <\/p>\n<ul>\n<li><strong>Quels sont les mat\u00e9riaux appropri\u00e9s ?<\/strong><br \/>\nTous les cordons ou perles ne sont pas forc\u00e9ment s\u00fbrs. Nous vous indiquons exactement ce \u00e0 quoi vous devez faire attention lorsque vous choisissez des mat\u00e9riaux s\u00fbrs, tels que les perles et les cordons en silicone. Toutes les perles et tous les composants en silicone et en bois que nous proposons dans notre commerce de gros sont chimiquement s\u00fbrs et r\u00e9pondent aux exigences de s\u00e9curit\u00e9 les plus strictes \u00e0 cet \u00e9gard.  <\/li>\n<li><strong>Quels sont les tests requis ?<\/strong><br \/>\nChaque cordon de t\u00e9tine doit passer certains tests, tels que des tests chimiques et m\u00e9caniques. Ces tests permettent de v\u00e9rifier que les pi\u00e8ces ne sont pas nocives pour les b\u00e9b\u00e9s et que le cordon de t\u00e9tine ne se casse pas trop vite, par exemple. Dans cet e-book, nous vous donnons un aper\u00e7u des diff\u00e9rents tests, de la mani\u00e8re dont ils s&#8217;appliquent \u00e0 vos produits et de la fa\u00e7on dont vous pouvez vous assurer que votre cordon de t\u00e9tine y est conforme. Cela va des produits \u00e0 \u00e9viter aux conseils et astuces \u00e0 appliquer.   <\/li>\n<li><strong>Comment savoir si votre faux cordon est conforme \u00e0 la norme NEN-EN 12586 ?<\/strong><br \/>\nNous vous expliquons comment vous pouvez faire tester les cordes factices par des organismes d&#8217;essai certifi\u00e9s pour vous assurer qu&#8217;elles sont s\u00fbres.<\/li>\n<\/ul>\n<p>Bien que nous vous donnions de nombreux conseils de s\u00e9curit\u00e9, nous, en tant que grossistes, ne pouvons honn\u00eatement jamais garantir que votre cordon pour mannequin est totalement s\u00fbr. Jootjes n&#8217;est pas impliqu\u00e9 dans la production de votre produit final et n&#8217;est pas un organisme de test certifi\u00e9. Le test de votre produit final est la seule fa\u00e7on de s&#8217;en assurer. Nous n&#8217;affirmons donc pas qu&#8217;avec ce document, vous fabriquerez toujours un faux cordon s\u00fbr. Nous indiquons qu&#8217;apr\u00e8s avoir lu ce document, vous conna\u00eetrez les principales r\u00e8gles des directives de s\u00e9curit\u00e9 et vous disposerez d&#8217;outils pour les appliquer \u00e0 votre produit. Si vous voulez vraiment \u00eatre s\u00fbr que votre produit est s\u00fbr. Vous devriez alors le faire tester et, si n\u00e9cessaire, le perfectionner.      <\/p>\n<h3>Pourquoi choisir Jootjes ?<\/h3>\n<p>Nous savons mieux que quiconque \u00e0 quel point il peut \u00eatre difficile de s&#8217;y retrouver dans les r\u00e8gles et de comprendre exactement ce qu&#8217;il faut faire pour fabriquer des cordons de mannequins s\u00fbrs. C&#8217;est la raison pour laquelle nous avons \u00e9labor\u00e9 ce livre \u00e9lectronique : pour vous aider gr\u00e2ce \u00e0 notre expertise et \u00e0 notre exp\u00e9rience en mati\u00e8re de cordons de t\u00e9tine et de perles de silicone. Chez <strong>Jootjes<\/strong>, nous avons des ann\u00e9es d&#8217;exp\u00e9rience dans le monde des produits s\u00fbrs pour b\u00e9b\u00e9s et nous travaillons avec les meilleurs organismes d&#8217;essai pour nous assurer que nos produits r\u00e9pondent toujours aux normes les plus \u00e9lev\u00e9es.  <\/p>\n<p>Avec cet e-book, nous voulons clarifier et vous montrer qu&#8217;il n&#8217;est pas difficile de fabriquer des faux cordons s\u00fbrs, \u00e0 condition d&#8217;avoir les bonnes informations.<\/p>\n<h3>\u00cates-vous \u00e9galement pr\u00eat \u00e0 vous lancer ?<\/h3>\n<p><strong>Note :<\/strong> Ce livre \u00e9lectronique couvre les r\u00e9glementations et les exigences de s\u00e9curit\u00e9 n\u00e9cessaires. Il ne contient pas de tutoriel ni d&#8217;instructions de fabrication. Celles-ci figureront dans un livre \u00e9lectronique distinct, actuellement en cours d&#8217;\u00e9laboration.  <\/p>\n<h3>R\u00e9sum\u00e9 : Ce livre \u00e9lectronique est votre guide pour fabriquer des cordons de mannequins s\u00fbrs !<\/h3>\n<p>Que vous soyez d\u00e9butant ou d\u00e9j\u00e0 exp\u00e9riment\u00e9, ce livre \u00e9lectronique vous apprendra tout ce que vous devez savoir pour fabriquer des cordons trayeurs s\u00fbrs et \u00e9l\u00e9gants. De la s\u00e9curit\u00e9 chimique des perles aux exigences m\u00e9caniques, en passant par toutes les r\u00e9glementations interm\u00e9diaires, nous vous aiderons \u00e0 d\u00e9marrer. Ainsi, vous fabriquerez bient\u00f4t de magnifiques cordons de t\u00e9tine pour les parents et leurs petits en toute s\u00e9r\u00e9nit\u00e9.  <\/p>\n<p><em>Avis de non-responsabilit\u00e9 :  <\/em><\/p>\n<p><em>Bien que nous nous efforcions de fournir les informations contenues dans ce document avec soin et sans erreur, la responsabilit\u00e9 de leur utilisation incombe enti\u00e8rement au lecteur. Jootjes ne peut pas garantir que le respect des informations ou des instructions se traduira par un cordon factice s\u00fbr, car nous ne sommes pas impliqu\u00e9s dans la production du cordon factice et ne sommes pas un organisme d&#8217;essai certifi\u00e9 et n&#8217;avons donc pas le pouvoir d&#8217;effectuer des essais. Pour \u00eatre s\u00fbr, un organisme d&#8217;essai certifi\u00e9 doit tester votre cordon factice. Jootjes n&#8217;est pas responsable de la vente ou de l&#8217;utilisation de faux cordons et des dommages qui en d\u00e9coulent.   <\/em><\/p>\n","protected":false},"excerpt":{"rendered":"<p>L&#8217;E-book Jootjes vous aide pas \u00e0 pas \u00e0 fabriquer des faux cordons s\u00fbrs, explique clairement toutes les r\u00e9glementations importantes telles que la NEN-EN 12586 et donne des conseils pour choisir des mat\u00e9riaux s\u00fbrs. Ce produit ne peut \u00eatre achet\u00e9 que s\u00e9par\u00e9ment et n&#8217;est pas pris en compte dans le montant total de la livraison gratuite. Le livre \u00e9lectronique lui-m\u00eame sera bien s\u00fbr envoy\u00e9 par courrier \u00e9lectronique, de sorte que l&#8217;exp\u00e9dition est gratuite.  <\/p>\n<p>Vous recevrez le produit \u00e0 votre adresse \u00e9lectronique apr\u00e8s sa publication. Pour des raisons de droits d&#8217;auteur, le produit ne peut pas \u00eatre t\u00e9l\u00e9charg\u00e9 directement sur le site, mais sera envoy\u00e9 par courrier \u00e9lectronique \u00e0 chaque personne.   <strong>L&#8217;exp\u00e9dition s&#8217;effectue g\u00e9n\u00e9ralement dans un d\u00e9lai de 2 \u00e0 3 jours ouvrables (d\u00e9lai possible en cas d&#8217;affluence).<\/strong><\/p>\n<p>Le livre \u00e9lectronique est disponible en n\u00e9erlandais, allemand, fran\u00e7ais et anglais. Vous souhaitez une autre langue que le n\u00e9erlandais ? Veuillez l&#8217;indiquer dans les commentaires.  <\/p>\n","protected":false},"featured_media":166460,"template":"","meta":[],"product_brand":[],"product_cat":[15684,6992],"product_tag":[7215,7418,15106,12410,12676,15685,15686,7408],"class_list":{"0":"post-167082","1":"product","2":"type-product","3":"status-publish","4":"has-post-thumbnail","6":"product_cat-e-books-tutoriels-manuels-et-reglements","7":"product_cat-perles-en-silicone-sans-bpa-grossiste","8":"product_tag-faire","9":"product_tag-faux-cordon","10":"product_tag-faux-cordons","11":"product_tag-fr12586","12":"product_tag-lignes-directrices","13":"product_tag-livre-electronique","14":"product_tag-livre-electronique-fr","15":"product_tag-sur","17":"first","18":"instock","19":"taxable","20":"shipping-taxable","21":"purchasable","22":"product-type-variable","23":"has-default-attributes"},"bundled_by":[],"bundle_stock_status":"instock","bundle_stock_quantity":null,"bundle_virtual":false,"bundle_layout":"","bundle_add_to_cart_form_location":"","bundle_editable_in_cart":false,"bundle_sold_individually_context":"","bundle_item_grouping":"","bundle_min_size":"","bundle_max_size":"","bundle_price":[],"bundled_items":[],"bundle_sell_ids":[],"yoast_head":"<!-- This site is optimized with the Yoast SEO Premium plugin v27.6 (Yoast SEO v27.6) - https:\/\/yoast.com\/product\/yoast-seo-premium-wordpress\/ -->\n<title>Fabriquer des sucettes en toute s\u00e9curit\u00e9 - R\u00e9glementation - Yootjes E-book<\/title>\n<meta name=\"description\" content=\"D\u00e9couvrez les r\u00e9glementations (EN12586) relatives \u00e0 la fabrication de faux cordons en toute s\u00e9curit\u00e9 gr\u00e2ce \u00e0 notre E-book. Il contient des conseils pratiques pour r\u00e9pondre \u00e0 toutes les exigences !\" \/>\n<meta name=\"robots\" content=\"index, follow, max-snippet:-1, max-image-preview:large, max-video-preview:-1\" \/>\n<link rel=\"canonical\" href=\"https:\/\/www.jootjeshaakcadeautjes.nl\/fr\/produit\/regle-de-fabrication-des-cordons-de-sucette\/\" \/>\n<meta property=\"og:locale\" content=\"fr_FR\" \/>\n<meta property=\"og:type\" content=\"article\" \/>\n<meta property=\"og:title\" content=\"Fabrication de faux cordons - Les r\u00e8gles appliqu\u00e9es - Jootjes E-book - NL\/FR\/DE\/EN\" \/>\n<meta property=\"og:description\" content=\"D\u00e9couvrez les r\u00e9glementations (EN12586) relatives \u00e0 la fabrication de faux cordons en toute s\u00e9curit\u00e9 gr\u00e2ce \u00e0 notre E-book. Il contient des conseils pratiques pour r\u00e9pondre \u00e0 toutes les exigences !\" \/>\n<meta property=\"og:url\" content=\"https:\/\/www.jootjeshaakcadeautjes.nl\/fr\/produit\/regle-de-fabrication-des-cordons-de-sucette\/\" \/>\n<meta property=\"og:site_name\" content=\"Jootjes Haakcadeautjes\" \/>\n<meta property=\"article:modified_time\" content=\"2025-06-29T01:07:50+00:00\" \/>\n<meta property=\"og:image\" content=\"https:\/\/d1dyryakdmle7o.cloudfront.net\/wp-content\/uploads\/2024\/09\/E-book-Speenkoorden-maken-De-toegepaste-regelgeving.webp\" \/>\n\t<meta property=\"og:image:width\" content=\"1080\" \/>\n\t<meta property=\"og:image:height\" content=\"1080\" \/>\n\t<meta property=\"og:image:type\" content=\"image\/webp\" \/>\n<meta name=\"twitter:card\" content=\"summary_large_image\" \/>\n<meta name=\"twitter:label1\" content=\"Disponibilit\u00e9\" \/>\n\t<meta name=\"twitter:data1\" content=\"En stock\" \/>\n<script type=\"application\/ld+json\" class=\"yoast-schema-graph\">{\"@context\":\"https:\\\/\\\/schema.org\",\"@graph\":[{\"@type\":\"WebPage\",\"@id\":\"https:\\\/\\\/www.jootjeshaakcadeautjes.nl\\\/fr\\\/produit\\\/regle-de-fabrication-des-cordons-de-sucette\\\/\",\"url\":\"https:\\\/\\\/www.jootjeshaakcadeautjes.nl\\\/fr\\\/produit\\\/regle-de-fabrication-des-cordons-de-sucette\\\/\",\"name\":\"Fabriquer des sucettes en toute s\u00e9curit\u00e9 - R\u00e9glementation - Yootjes E-book\",\"isPartOf\":{\"@id\":\"https:\\\/\\\/www.jootjeshaakcadeautjes.nl\\\/fr\\\/#website\"},\"primaryImageOfPage\":{\"@id\":\"https:\\\/\\\/www.jootjeshaakcadeautjes.nl\\\/fr\\\/produit\\\/regle-de-fabrication-des-cordons-de-sucette\\\/#primaryimage\"},\"image\":{\"@id\":\"https:\\\/\\\/www.jootjeshaakcadeautjes.nl\\\/fr\\\/produit\\\/regle-de-fabrication-des-cordons-de-sucette\\\/#primaryimage\"},\"thumbnailUrl\":\"https:\\\/\\\/d1dyryakdmle7o.cloudfront.net\\\/wp-content\\\/uploads\\\/2024\\\/09\\\/E-book-Speenkoorden-maken-De-toegepaste-regelgeving.webp\",\"datePublished\":\"2024-09-29T13:06:49+00:00\",\"dateModified\":\"2025-06-29T01:07:50+00:00\",\"description\":\"D\u00e9couvrez les r\u00e9glementations (EN12586) relatives \u00e0 la fabrication de faux cordons en toute s\u00e9curit\u00e9 gr\u00e2ce \u00e0 notre E-book. Il contient des conseils pratiques pour r\u00e9pondre \u00e0 toutes les exigences !\",\"breadcrumb\":{\"@id\":\"https:\\\/\\\/www.jootjeshaakcadeautjes.nl\\\/fr\\\/produit\\\/regle-de-fabrication-des-cordons-de-sucette\\\/#breadcrumb\"},\"inLanguage\":\"fr-FR\",\"potentialAction\":[{\"@type\":\"ReadAction\",\"target\":[\"https:\\\/\\\/www.jootjeshaakcadeautjes.nl\\\/fr\\\/produit\\\/regle-de-fabrication-des-cordons-de-sucette\\\/\"]}]},{\"@type\":\"ImageObject\",\"inLanguage\":\"fr-FR\",\"@id\":\"https:\\\/\\\/www.jootjeshaakcadeautjes.nl\\\/fr\\\/produit\\\/regle-de-fabrication-des-cordons-de-sucette\\\/#primaryimage\",\"url\":\"https:\\\/\\\/d1dyryakdmle7o.cloudfront.net\\\/wp-content\\\/uploads\\\/2024\\\/09\\\/E-book-Speenkoorden-maken-De-toegepaste-regelgeving.webp\",\"contentUrl\":\"https:\\\/\\\/d1dyryakdmle7o.cloudfront.net\\\/wp-content\\\/uploads\\\/2024\\\/09\\\/E-book-Speenkoorden-maken-De-toegepaste-regelgeving.webp\",\"width\":1080,\"height\":1080},{\"@type\":\"BreadcrumbList\",\"@id\":\"https:\\\/\\\/www.jootjeshaakcadeautjes.nl\\\/fr\\\/produit\\\/regle-de-fabrication-des-cordons-de-sucette\\\/#breadcrumb\",\"itemListElement\":[{\"@type\":\"ListItem\",\"position\":1,\"name\":\"Accueil\",\"item\":\"https:\\\/\\\/www.jootjeshaakcadeautjes.nl\\\/fr\\\/\"},{\"@type\":\"ListItem\",\"position\":2,\"name\":\"Commerce de gros de perles en silicone &#8211; Entreprises et consommateurs\",\"item\":\"https:\\\/\\\/www.jootjeshaakcadeautjes.nl\\\/fr\\\/boutique\\\/\"},{\"@type\":\"ListItem\",\"position\":3,\"name\":\"Fabrication de faux cordons &#8211; Les r\u00e8gles appliqu\u00e9es &#8211; Jootjes E-book &#8211; NL\\\/FR\\\/DE\\\/EN\"}]},{\"@type\":\"WebSite\",\"@id\":\"https:\\\/\\\/www.jootjeshaakcadeautjes.nl\\\/fr\\\/#website\",\"url\":\"https:\\\/\\\/www.jootjeshaakcadeautjes.nl\\\/fr\\\/\",\"name\":\"Jootjes Haakcadeautjes\",\"description\":\"Grossiste en perles de silicone\",\"publisher\":{\"@id\":\"https:\\\/\\\/www.jootjeshaakcadeautjes.nl\\\/fr\\\/#organization\"},\"potentialAction\":[{\"@type\":\"SearchAction\",\"target\":{\"@type\":\"EntryPoint\",\"urlTemplate\":\"https:\\\/\\\/www.jootjeshaakcadeautjes.nl\\\/fr\\\/?s={search_term_string}\"},\"query-input\":{\"@type\":\"PropertyValueSpecification\",\"valueRequired\":true,\"valueName\":\"search_term_string\"}}],\"inLanguage\":\"fr-FR\"},{\"@type\":\"Organization\",\"@id\":\"https:\\\/\\\/www.jootjeshaakcadeautjes.nl\\\/fr\\\/#organization\",\"name\":\"Jootjes Haakcadeautjes\",\"url\":\"https:\\\/\\\/www.jootjeshaakcadeautjes.nl\\\/fr\\\/\",\"logo\":{\"@type\":\"ImageObject\",\"inLanguage\":\"fr-FR\",\"@id\":\"https:\\\/\\\/www.jootjeshaakcadeautjes.nl\\\/fr\\\/#\\\/schema\\\/logo\\\/image\\\/\",\"url\":\"https:\\\/\\\/d1dyryakdmle7o.cloudfront.net\\\/wp-content\\\/uploads\\\/2023\\\/05\\\/Logo-rond.png\",\"contentUrl\":\"https:\\\/\\\/d1dyryakdmle7o.cloudfront.net\\\/wp-content\\\/uploads\\\/2023\\\/05\\\/Logo-rond.png\",\"width\":1222,\"height\":1222,\"caption\":\"Jootjes Haakcadeautjes\"},\"image\":{\"@id\":\"https:\\\/\\\/www.jootjeshaakcadeautjes.nl\\\/fr\\\/#\\\/schema\\\/logo\\\/image\\\/\"}}]}<\/script>\n<meta property=\"og:availability\" content=\"instock\" \/>\n<meta property=\"product:availability\" content=\"instock\" \/>\n<meta property=\"product:retailer_item_id\" content=\"EBO-SPM-TGPR\" \/>\n<meta property=\"product:condition\" content=\"new\" \/>\n<!-- \/ Yoast SEO Premium plugin. -->","yoast_head_json":{"title":"Fabriquer des sucettes en toute s\u00e9curit\u00e9 - R\u00e9glementation - Yootjes E-book","description":"D\u00e9couvrez les r\u00e9glementations (EN12586) relatives \u00e0 la fabrication de faux cordons en toute s\u00e9curit\u00e9 gr\u00e2ce \u00e0 notre E-book. Il contient des conseils pratiques pour r\u00e9pondre \u00e0 toutes les exigences !","robots":{"index":"index","follow":"follow","max-snippet":"max-snippet:-1","max-image-preview":"max-image-preview:large","max-video-preview":"max-video-preview:-1"},"canonical":"https:\/\/www.jootjeshaakcadeautjes.nl\/fr\/produit\/regle-de-fabrication-des-cordons-de-sucette\/","og_locale":"fr_FR","og_type":"article","og_title":"Fabrication de faux cordons - Les r\u00e8gles appliqu\u00e9es - Jootjes E-book - NL\/FR\/DE\/EN","og_description":"D\u00e9couvrez les r\u00e9glementations (EN12586) relatives \u00e0 la fabrication de faux cordons en toute s\u00e9curit\u00e9 gr\u00e2ce \u00e0 notre E-book. Il contient des conseils pratiques pour r\u00e9pondre \u00e0 toutes les exigences !","og_url":"https:\/\/www.jootjeshaakcadeautjes.nl\/fr\/produit\/regle-de-fabrication-des-cordons-de-sucette\/","og_site_name":"Jootjes Haakcadeautjes","article_modified_time":"2025-06-29T01:07:50+00:00","og_image":[{"width":1080,"height":1080,"url":"https:\/\/d1dyryakdmle7o.cloudfront.net\/wp-content\/uploads\/2024\/09\/E-book-Speenkoorden-maken-De-toegepaste-regelgeving.webp","type":"image\/webp"}],"twitter_card":"summary_large_image","twitter_misc":{"Disponibilit\u00e9":"En stock"},"schema":{"@context":"https:\/\/schema.org","@graph":[{"@type":"WebPage","@id":"https:\/\/www.jootjeshaakcadeautjes.nl\/fr\/produit\/regle-de-fabrication-des-cordons-de-sucette\/","url":"https:\/\/www.jootjeshaakcadeautjes.nl\/fr\/produit\/regle-de-fabrication-des-cordons-de-sucette\/","name":"Fabriquer des sucettes en toute s\u00e9curit\u00e9 - R\u00e9glementation - Yootjes E-book","isPartOf":{"@id":"https:\/\/www.jootjeshaakcadeautjes.nl\/fr\/#website"},"primaryImageOfPage":{"@id":"https:\/\/www.jootjeshaakcadeautjes.nl\/fr\/produit\/regle-de-fabrication-des-cordons-de-sucette\/#primaryimage"},"image":{"@id":"https:\/\/www.jootjeshaakcadeautjes.nl\/fr\/produit\/regle-de-fabrication-des-cordons-de-sucette\/#primaryimage"},"thumbnailUrl":"https:\/\/d1dyryakdmle7o.cloudfront.net\/wp-content\/uploads\/2024\/09\/E-book-Speenkoorden-maken-De-toegepaste-regelgeving.webp","datePublished":"2024-09-29T13:06:49+00:00","dateModified":"2025-06-29T01:07:50+00:00","description":"D\u00e9couvrez les r\u00e9glementations (EN12586) relatives \u00e0 la fabrication de faux cordons en toute s\u00e9curit\u00e9 gr\u00e2ce \u00e0 notre E-book. Il contient des conseils pratiques pour r\u00e9pondre \u00e0 toutes les exigences !","breadcrumb":{"@id":"https:\/\/www.jootjeshaakcadeautjes.nl\/fr\/produit\/regle-de-fabrication-des-cordons-de-sucette\/#breadcrumb"},"inLanguage":"fr-FR","potentialAction":[{"@type":"ReadAction","target":["https:\/\/www.jootjeshaakcadeautjes.nl\/fr\/produit\/regle-de-fabrication-des-cordons-de-sucette\/"]}]},{"@type":"ImageObject","inLanguage":"fr-FR","@id":"https:\/\/www.jootjeshaakcadeautjes.nl\/fr\/produit\/regle-de-fabrication-des-cordons-de-sucette\/#primaryimage","url":"https:\/\/d1dyryakdmle7o.cloudfront.net\/wp-content\/uploads\/2024\/09\/E-book-Speenkoorden-maken-De-toegepaste-regelgeving.webp","contentUrl":"https:\/\/d1dyryakdmle7o.cloudfront.net\/wp-content\/uploads\/2024\/09\/E-book-Speenkoorden-maken-De-toegepaste-regelgeving.webp","width":1080,"height":1080},{"@type":"BreadcrumbList","@id":"https:\/\/www.jootjeshaakcadeautjes.nl\/fr\/produit\/regle-de-fabrication-des-cordons-de-sucette\/#breadcrumb","itemListElement":[{"@type":"ListItem","position":1,"name":"Accueil","item":"https:\/\/www.jootjeshaakcadeautjes.nl\/fr\/"},{"@type":"ListItem","position":2,"name":"Commerce de gros de perles en silicone &#8211; Entreprises et consommateurs","item":"https:\/\/www.jootjeshaakcadeautjes.nl\/fr\/boutique\/"},{"@type":"ListItem","position":3,"name":"Fabrication de faux cordons &#8211; Les r\u00e8gles appliqu\u00e9es &#8211; Jootjes E-book &#8211; NL\/FR\/DE\/EN"}]},{"@type":"WebSite","@id":"https:\/\/www.jootjeshaakcadeautjes.nl\/fr\/#website","url":"https:\/\/www.jootjeshaakcadeautjes.nl\/fr\/","name":"Jootjes Haakcadeautjes","description":"Grossiste en perles de silicone","publisher":{"@id":"https:\/\/www.jootjeshaakcadeautjes.nl\/fr\/#organization"},"potentialAction":[{"@type":"SearchAction","target":{"@type":"EntryPoint","urlTemplate":"https:\/\/www.jootjeshaakcadeautjes.nl\/fr\/?s={search_term_string}"},"query-input":{"@type":"PropertyValueSpecification","valueRequired":true,"valueName":"search_term_string"}}],"inLanguage":"fr-FR"},{"@type":"Organization","@id":"https:\/\/www.jootjeshaakcadeautjes.nl\/fr\/#organization","name":"Jootjes Haakcadeautjes","url":"https:\/\/www.jootjeshaakcadeautjes.nl\/fr\/","logo":{"@type":"ImageObject","inLanguage":"fr-FR","@id":"https:\/\/www.jootjeshaakcadeautjes.nl\/fr\/#\/schema\/logo\/image\/","url":"https:\/\/d1dyryakdmle7o.cloudfront.net\/wp-content\/uploads\/2023\/05\/Logo-rond.png","contentUrl":"https:\/\/d1dyryakdmle7o.cloudfront.net\/wp-content\/uploads\/2023\/05\/Logo-rond.png","width":1222,"height":1222,"caption":"Jootjes Haakcadeautjes"},"image":{"@id":"https:\/\/www.jootjeshaakcadeautjes.nl\/fr\/#\/schema\/logo\/image\/"}}]},"og_availability":"instock","product_availability":"instock","product_retailer_item_id":"EBO-SPM-TGPR","product_condition":"new"},"_links":{"self":[{"href":"https:\/\/www.jootjeshaakcadeautjes.nl\/fr\/wp-json\/wp\/v2\/product\/167082","targetHints":{"allow":["GET"]}}],"collection":[{"href":"https:\/\/www.jootjeshaakcadeautjes.nl\/fr\/wp-json\/wp\/v2\/product"}],"about":[{"href":"https:\/\/www.jootjeshaakcadeautjes.nl\/fr\/wp-json\/wp\/v2\/types\/product"}],"version-history":[{"count":0,"href":"https:\/\/www.jootjeshaakcadeautjes.nl\/fr\/wp-json\/wp\/v2\/product\/167082\/revisions"}],"wp:featuredmedia":[{"embeddable":true,"href":"https:\/\/www.jootjeshaakcadeautjes.nl\/fr\/wp-json\/wp\/v2\/media\/166460"}],"wp:attachment":[{"href":"https:\/\/www.jootjeshaakcadeautjes.nl\/fr\/wp-json\/wp\/v2\/media?parent=167082"}],"wp:term":[{"taxonomy":"product_brand","embeddable":true,"href":"https:\/\/www.jootjeshaakcadeautjes.nl\/fr\/wp-json\/wp\/v2\/product_brand?post=167082"},{"taxonomy":"product_cat","embeddable":true,"href":"https:\/\/www.jootjeshaakcadeautjes.nl\/fr\/wp-json\/wp\/v2\/product_cat?post=167082"},{"taxonomy":"product_tag","embeddable":true,"href":"https:\/\/www.jootjeshaakcadeautjes.nl\/fr\/wp-json\/wp\/v2\/product_tag?post=167082"}],"curies":[{"name":"wp","href":"https:\/\/api.w.org\/{rel}","templated":true}]}}