{"id":168387,"date":"2024-10-16T14:32:48","date_gmt":"2024-10-16T12:32:48","guid":{"rendered":"https:\/\/www.jootjeshaakcadeautjes.nl\/?post_type=product&#038;p=168387"},"modified":"2026-04-20T11:39:55","modified_gmt":"2026-04-20T09:39:55","slug":"perle-acrylique-glitter-relief-mauve-20-mm","status":"publish","type":"product","link":"https:\/\/www.jootjeshaakcadeautjes.nl\/fr\/produit\/perle-acrylique-glitter-relief-mauve-20-mm\/","title":{"rendered":"Perle acrylique &#8211; relief paillet\u00e9 &#8211; 20 mm &#8211; mauve"},"content":{"rendered":"<h3>Perle acrylique &#8211; Glitter Relief &#8211; Mauve 20 mm<\/h3>\n<p>Mat\u00e9riau : Acrylique<br \/>\nType : Paillettes en relief &#8211; Mauve 20 mm<\/p>\n<p>Remarque ! Convient pour les porte-cl\u00e9s, mais pas pour les anneaux de dentition, les cordons de t\u00e9tine ou d&#8217;autres produits pour b\u00e9b\u00e9s, en raison du risque de d\u00e9tachement des pierres. Les perles acryliques de ce type ne satisfont pas non plus aux tests chimiques et m\u00e9caniques EN-71 requis pour la s\u00e9curit\u00e9 de ces produits pour les b\u00e9b\u00e9s !<\/p>\n","protected":false},"excerpt":{"rendered":"<p>Couleur : Rose<\/p>\n<p>Mati\u00e8re : Acrylique<br \/>\nType : Relief paillet\u00e9 &#8211; Rose 20 mm<\/p>\n<p>Convient aux porte-cl\u00e9s et aux <a href=\"https:\/\/www.jootjeshaakcadeautjes.nl\/fr\/product-categorie\/fabrication-de-jouets-de-dentition-pour-bebe-cordon-de-sucette-et-anneaux-de-dentition\/perles-en-silicone-sans-bpa-grossiste\/perles-en-silicone-luckyjos-luckyjos\/\">poup\u00e9es porte-bonheur<\/a> <a href=\"https:\/\/www.jootjeshaakcadeautjes.nl\/fr\/produit\/perles-en-bois-crochets-de-marionnettes-souriantes-hetre-20-mm\/\">en bois<\/a> et en silicone.<\/p>\n","protected":false},"featured_media":174445,"template":"","meta":[],"product_brand":[],"product_cat":[18173,12308,19494,12310],"product_tag":[7457,10120,7476,12720,12727,15758,7206,15035,7463,7215,10140,10435,7392,15807,15018,7395,7230,7619,10488,12607,7209,12504,12730,10442,7617,13537],"class_list":{"0":"post-168387","1":"product","2":"type-product","3":"status-publish","4":"has-post-thumbnail","6":"product_cat-autres-perles-noel","7":"product_cat-materiel-de-bricolage-et-de-crochet","8":"product_cat-perles-en-acrylique-relief-paillete","9":"product_cat-poupees-chanceuses-diy-perles-et-fournitures","10":"product_tag-20-fr","11":"product_tag-achats","12":"product_tag-acheter","13":"product_tag-acrylique","14":"product_tag-bijoux-fr-2","15":"product_tag-bracelet-fr","16":"product_tag-bricolage","17":"product_tag-cintre","18":"product_tag-commerce-de-gros","19":"product_tag-faire","20":"product_tag-jaszipper-fr","21":"product_tag-le-bonheur","22":"product_tag-mm-fr","23":"product_tag-paillettes","24":"product_tag-pendentifs-telephoniques","25":"product_tag-perle","26":"product_tag-personnalisation","27":"product_tag-porte-cles","28":"product_tag-porte-cles-fr-2","29":"product_tag-poupee-porte-bonheur-fr-2","30":"product_tag-poupee-porte-bonheur","31":"product_tag-poupees","32":"product_tag-poupees-porte-bonheur-fr","33":"product_tag-presente","34":"product_tag-rose-fr-2","35":"product_tag-secours","37":"first","38":"instock","39":"taxable","40":"shipping-taxable","41":"purchasable","42":"product-type-simple"},"bundled_by":[],"bundle_stock_status":"instock","bundle_stock_quantity":111,"bundle_virtual":false,"bundle_layout":"","bundle_add_to_cart_form_location":"","bundle_editable_in_cart":false,"bundle_sold_individually_context":"","bundle_item_grouping":"","bundle_min_size":"","bundle_max_size":"","bundle_price":[],"bundled_items":[],"bundle_sell_ids":[],"yoast_head":"<!-- This site is optimized with the Yoast SEO Premium plugin v27.6 (Yoast SEO v27.6) - https:\/\/yoast.com\/product\/yoast-seo-premium-wordpress\/ -->\n<title>Perle acrylique - relief paillet\u00e9 - 20 mm - mauve - jotties<\/title>\n<meta name=\"description\" content=\"Relief paillet\u00e9 - Rose 20 mm pour r\u00e9aliser des porte-cl\u00e9s avec des porte-bonheur, des pendentifs Jasmine, des pendentifs pour t\u00e9l\u00e9phone et bien d&#039;autres choses encore. | Jootjes.co.uk\" \/>\n<meta name=\"robots\" content=\"index, follow, max-snippet:-1, max-image-preview:large, max-video-preview:-1\" \/>\n<link rel=\"canonical\" href=\"https:\/\/www.jootjeshaakcadeautjes.nl\/fr\/produit\/perle-acrylique-glitter-relief-mauve-20-mm\/\" \/>\n<meta property=\"og:locale\" content=\"fr_FR\" \/>\n<meta property=\"og:type\" content=\"article\" \/>\n<meta property=\"og:title\" content=\"Perle acrylique - relief paillet\u00e9 - 20 mm - mauve\" \/>\n<meta property=\"og:description\" content=\"Relief paillet\u00e9 - Rose 20 mm pour r\u00e9aliser des porte-cl\u00e9s avec des porte-bonheur, des pendentifs Jasmine, des pendentifs pour t\u00e9l\u00e9phone et bien d&#039;autres choses encore. | Jootjes.co.uk\" \/>\n<meta property=\"og:url\" content=\"https:\/\/www.jootjeshaakcadeautjes.nl\/fr\/produit\/perle-acrylique-glitter-relief-mauve-20-mm\/\" \/>\n<meta property=\"og:site_name\" content=\"Jootjes Haakcadeautjes\" \/>\n<meta property=\"article:modified_time\" content=\"2026-04-20T09:39:55+00:00\" \/>\n<meta property=\"og:image\" content=\"https:\/\/d1dyryakdmle7o.cloudfront.net\/wp-content\/uploads\/2024\/10\/Naamloos-860.webp\" \/>\n\t<meta property=\"og:image:width\" content=\"2048\" \/>\n\t<meta property=\"og:image:height\" content=\"2048\" \/>\n\t<meta property=\"og:image:type\" content=\"image\/webp\" \/>\n<meta name=\"twitter:card\" content=\"summary_large_image\" \/>\n<meta name=\"twitter:label1\" content=\"Prix\" \/>\n\t<meta name=\"twitter:data1\" content=\"&euro;0.30 TTC\" \/>\n\t<meta name=\"twitter:label2\" content=\"Disponibilit\u00e9\" \/>\n\t<meta name=\"twitter:data2\" content=\"En stock\" \/>\n<script type=\"application\/ld+json\" class=\"yoast-schema-graph\">{\"@context\":\"https:\\\/\\\/schema.org\",\"@graph\":[{\"@type\":\"WebPage\",\"@id\":\"https:\\\/\\\/www.jootjeshaakcadeautjes.nl\\\/fr\\\/produit\\\/perle-acrylique-glitter-relief-mauve-20-mm\\\/\",\"url\":\"https:\\\/\\\/www.jootjeshaakcadeautjes.nl\\\/fr\\\/produit\\\/perle-acrylique-glitter-relief-mauve-20-mm\\\/\",\"name\":\"Perle acrylique - relief paillet\u00e9 - 20 mm - mauve - jotties\",\"isPartOf\":{\"@id\":\"https:\\\/\\\/www.jootjeshaakcadeautjes.nl\\\/fr\\\/#website\"},\"primaryImageOfPage\":{\"@id\":\"https:\\\/\\\/www.jootjeshaakcadeautjes.nl\\\/fr\\\/produit\\\/perle-acrylique-glitter-relief-mauve-20-mm\\\/#primaryimage\"},\"image\":{\"@id\":\"https:\\\/\\\/www.jootjeshaakcadeautjes.nl\\\/fr\\\/produit\\\/perle-acrylique-glitter-relief-mauve-20-mm\\\/#primaryimage\"},\"thumbnailUrl\":\"https:\\\/\\\/d1dyryakdmle7o.cloudfront.net\\\/wp-content\\\/uploads\\\/2024\\\/10\\\/Naamloos-860.webp\",\"datePublished\":\"2024-10-16T12:32:48+00:00\",\"dateModified\":\"2026-04-20T09:39:55+00:00\",\"description\":\"Relief paillet\u00e9 - Rose 20 mm pour r\u00e9aliser des porte-cl\u00e9s avec des porte-bonheur, des pendentifs Jasmine, des pendentifs pour t\u00e9l\u00e9phone et bien d'autres choses encore. | Jootjes.co.uk\",\"breadcrumb\":{\"@id\":\"https:\\\/\\\/www.jootjeshaakcadeautjes.nl\\\/fr\\\/produit\\\/perle-acrylique-glitter-relief-mauve-20-mm\\\/#breadcrumb\"},\"inLanguage\":\"fr-FR\",\"potentialAction\":[{\"@type\":\"ReadAction\",\"target\":[\"https:\\\/\\\/www.jootjeshaakcadeautjes.nl\\\/fr\\\/produit\\\/perle-acrylique-glitter-relief-mauve-20-mm\\\/\"]}]},{\"@type\":\"ImageObject\",\"inLanguage\":\"fr-FR\",\"@id\":\"https:\\\/\\\/www.jootjeshaakcadeautjes.nl\\\/fr\\\/produit\\\/perle-acrylique-glitter-relief-mauve-20-mm\\\/#primaryimage\",\"url\":\"https:\\\/\\\/d1dyryakdmle7o.cloudfront.net\\\/wp-content\\\/uploads\\\/2024\\\/10\\\/Naamloos-860.webp\",\"contentUrl\":\"https:\\\/\\\/d1dyryakdmle7o.cloudfront.net\\\/wp-content\\\/uploads\\\/2024\\\/10\\\/Naamloos-860.webp\",\"width\":2048,\"height\":2048},{\"@type\":\"BreadcrumbList\",\"@id\":\"https:\\\/\\\/www.jootjeshaakcadeautjes.nl\\\/fr\\\/produit\\\/perle-acrylique-glitter-relief-mauve-20-mm\\\/#breadcrumb\",\"itemListElement\":[{\"@type\":\"ListItem\",\"position\":1,\"name\":\"Accueil\",\"item\":\"https:\\\/\\\/www.jootjeshaakcadeautjes.nl\\\/fr\\\/\"},{\"@type\":\"ListItem\",\"position\":2,\"name\":\"Commerce de gros de perles en silicone &#8211; Entreprises et consommateurs\",\"item\":\"https:\\\/\\\/www.jootjeshaakcadeautjes.nl\\\/fr\\\/boutique\\\/\"},{\"@type\":\"ListItem\",\"position\":3,\"name\":\"Perle acrylique &#8211; relief paillet\u00e9 &#8211; 20 mm &#8211; mauve\"}]},{\"@type\":\"WebSite\",\"@id\":\"https:\\\/\\\/www.jootjeshaakcadeautjes.nl\\\/fr\\\/#website\",\"url\":\"https:\\\/\\\/www.jootjeshaakcadeautjes.nl\\\/fr\\\/\",\"name\":\"Jootjes Haakcadeautjes\",\"description\":\"Grossiste en perles de silicone\",\"publisher\":{\"@id\":\"https:\\\/\\\/www.jootjeshaakcadeautjes.nl\\\/fr\\\/#organization\"},\"potentialAction\":[{\"@type\":\"SearchAction\",\"target\":{\"@type\":\"EntryPoint\",\"urlTemplate\":\"https:\\\/\\\/www.jootjeshaakcadeautjes.nl\\\/fr\\\/?s={search_term_string}\"},\"query-input\":{\"@type\":\"PropertyValueSpecification\",\"valueRequired\":true,\"valueName\":\"search_term_string\"}}],\"inLanguage\":\"fr-FR\"},{\"@type\":\"Organization\",\"@id\":\"https:\\\/\\\/www.jootjeshaakcadeautjes.nl\\\/fr\\\/#organization\",\"name\":\"Jootjes Haakcadeautjes\",\"url\":\"https:\\\/\\\/www.jootjeshaakcadeautjes.nl\\\/fr\\\/\",\"logo\":{\"@type\":\"ImageObject\",\"inLanguage\":\"fr-FR\",\"@id\":\"https:\\\/\\\/www.jootjeshaakcadeautjes.nl\\\/fr\\\/#\\\/schema\\\/logo\\\/image\\\/\",\"url\":\"https:\\\/\\\/d1dyryakdmle7o.cloudfront.net\\\/wp-content\\\/uploads\\\/2023\\\/05\\\/Logo-rond.png\",\"contentUrl\":\"https:\\\/\\\/d1dyryakdmle7o.cloudfront.net\\\/wp-content\\\/uploads\\\/2023\\\/05\\\/Logo-rond.png\",\"width\":1222,\"height\":1222,\"caption\":\"Jootjes Haakcadeautjes\"},\"image\":{\"@id\":\"https:\\\/\\\/www.jootjeshaakcadeautjes.nl\\\/fr\\\/#\\\/schema\\\/logo\\\/image\\\/\"}}]}<\/script>\n<meta property=\"product:price:amount\" content=\"0.30\" \/>\n<meta property=\"product:price:currency\" content=\"EUR\" \/>\n<meta property=\"og:availability\" content=\"instock\" \/>\n<meta property=\"product:availability\" content=\"instock\" \/>\n<meta property=\"product:retailer_item_id\" content=\"ACR-GLR20-MAU\" \/>\n<meta property=\"product:condition\" content=\"new\" \/>\n<!-- \/ Yoast SEO Premium plugin. -->","yoast_head_json":{"title":"Perle acrylique - relief paillet\u00e9 - 20 mm - mauve - jotties","description":"Relief paillet\u00e9 - Rose 20 mm pour r\u00e9aliser des porte-cl\u00e9s avec des porte-bonheur, des pendentifs Jasmine, des pendentifs pour t\u00e9l\u00e9phone et bien d'autres choses encore. | Jootjes.co.uk","robots":{"index":"index","follow":"follow","max-snippet":"max-snippet:-1","max-image-preview":"max-image-preview:large","max-video-preview":"max-video-preview:-1"},"canonical":"https:\/\/www.jootjeshaakcadeautjes.nl\/fr\/produit\/perle-acrylique-glitter-relief-mauve-20-mm\/","og_locale":"fr_FR","og_type":"article","og_title":"Perle acrylique - relief paillet\u00e9 - 20 mm - mauve","og_description":"Relief paillet\u00e9 - Rose 20 mm pour r\u00e9aliser des porte-cl\u00e9s avec des porte-bonheur, des pendentifs Jasmine, des pendentifs pour t\u00e9l\u00e9phone et bien d'autres choses encore. | Jootjes.co.uk","og_url":"https:\/\/www.jootjeshaakcadeautjes.nl\/fr\/produit\/perle-acrylique-glitter-relief-mauve-20-mm\/","og_site_name":"Jootjes Haakcadeautjes","article_modified_time":"2026-04-20T09:39:55+00:00","og_image":[{"width":2048,"height":2048,"url":"https:\/\/d1dyryakdmle7o.cloudfront.net\/wp-content\/uploads\/2024\/10\/Naamloos-860.webp","type":"image\/webp"}],"twitter_card":"summary_large_image","twitter_misc":{"Prix":"&euro;0.30 TTC","Disponibilit\u00e9":"En stock"},"schema":{"@context":"https:\/\/schema.org","@graph":[{"@type":"WebPage","@id":"https:\/\/www.jootjeshaakcadeautjes.nl\/fr\/produit\/perle-acrylique-glitter-relief-mauve-20-mm\/","url":"https:\/\/www.jootjeshaakcadeautjes.nl\/fr\/produit\/perle-acrylique-glitter-relief-mauve-20-mm\/","name":"Perle acrylique - relief paillet\u00e9 - 20 mm - mauve - jotties","isPartOf":{"@id":"https:\/\/www.jootjeshaakcadeautjes.nl\/fr\/#website"},"primaryImageOfPage":{"@id":"https:\/\/www.jootjeshaakcadeautjes.nl\/fr\/produit\/perle-acrylique-glitter-relief-mauve-20-mm\/#primaryimage"},"image":{"@id":"https:\/\/www.jootjeshaakcadeautjes.nl\/fr\/produit\/perle-acrylique-glitter-relief-mauve-20-mm\/#primaryimage"},"thumbnailUrl":"https:\/\/d1dyryakdmle7o.cloudfront.net\/wp-content\/uploads\/2024\/10\/Naamloos-860.webp","datePublished":"2024-10-16T12:32:48+00:00","dateModified":"2026-04-20T09:39:55+00:00","description":"Relief paillet\u00e9 - Rose 20 mm pour r\u00e9aliser des porte-cl\u00e9s avec des porte-bonheur, des pendentifs Jasmine, des pendentifs pour t\u00e9l\u00e9phone et bien d'autres choses encore. | Jootjes.co.uk","breadcrumb":{"@id":"https:\/\/www.jootjeshaakcadeautjes.nl\/fr\/produit\/perle-acrylique-glitter-relief-mauve-20-mm\/#breadcrumb"},"inLanguage":"fr-FR","potentialAction":[{"@type":"ReadAction","target":["https:\/\/www.jootjeshaakcadeautjes.nl\/fr\/produit\/perle-acrylique-glitter-relief-mauve-20-mm\/"]}]},{"@type":"ImageObject","inLanguage":"fr-FR","@id":"https:\/\/www.jootjeshaakcadeautjes.nl\/fr\/produit\/perle-acrylique-glitter-relief-mauve-20-mm\/#primaryimage","url":"https:\/\/d1dyryakdmle7o.cloudfront.net\/wp-content\/uploads\/2024\/10\/Naamloos-860.webp","contentUrl":"https:\/\/d1dyryakdmle7o.cloudfront.net\/wp-content\/uploads\/2024\/10\/Naamloos-860.webp","width":2048,"height":2048},{"@type":"BreadcrumbList","@id":"https:\/\/www.jootjeshaakcadeautjes.nl\/fr\/produit\/perle-acrylique-glitter-relief-mauve-20-mm\/#breadcrumb","itemListElement":[{"@type":"ListItem","position":1,"name":"Accueil","item":"https:\/\/www.jootjeshaakcadeautjes.nl\/fr\/"},{"@type":"ListItem","position":2,"name":"Commerce de gros de perles en silicone &#8211; Entreprises et consommateurs","item":"https:\/\/www.jootjeshaakcadeautjes.nl\/fr\/boutique\/"},{"@type":"ListItem","position":3,"name":"Perle acrylique &#8211; relief paillet\u00e9 &#8211; 20 mm &#8211; mauve"}]},{"@type":"WebSite","@id":"https:\/\/www.jootjeshaakcadeautjes.nl\/fr\/#website","url":"https:\/\/www.jootjeshaakcadeautjes.nl\/fr\/","name":"Jootjes Haakcadeautjes","description":"Grossiste en perles de silicone","publisher":{"@id":"https:\/\/www.jootjeshaakcadeautjes.nl\/fr\/#organization"},"potentialAction":[{"@type":"SearchAction","target":{"@type":"EntryPoint","urlTemplate":"https:\/\/www.jootjeshaakcadeautjes.nl\/fr\/?s={search_term_string}"},"query-input":{"@type":"PropertyValueSpecification","valueRequired":true,"valueName":"search_term_string"}}],"inLanguage":"fr-FR"},{"@type":"Organization","@id":"https:\/\/www.jootjeshaakcadeautjes.nl\/fr\/#organization","name":"Jootjes Haakcadeautjes","url":"https:\/\/www.jootjeshaakcadeautjes.nl\/fr\/","logo":{"@type":"ImageObject","inLanguage":"fr-FR","@id":"https:\/\/www.jootjeshaakcadeautjes.nl\/fr\/#\/schema\/logo\/image\/","url":"https:\/\/d1dyryakdmle7o.cloudfront.net\/wp-content\/uploads\/2023\/05\/Logo-rond.png","contentUrl":"https:\/\/d1dyryakdmle7o.cloudfront.net\/wp-content\/uploads\/2023\/05\/Logo-rond.png","width":1222,"height":1222,"caption":"Jootjes Haakcadeautjes"},"image":{"@id":"https:\/\/www.jootjeshaakcadeautjes.nl\/fr\/#\/schema\/logo\/image\/"}}]},"product_price_amount":"0.30","product_price_currency":"EUR","og_availability":"instock","product_availability":"instock","product_retailer_item_id":"ACR-GLR20-MAU","product_condition":"new"},"_links":{"self":[{"href":"https:\/\/www.jootjeshaakcadeautjes.nl\/fr\/wp-json\/wp\/v2\/product\/168387","targetHints":{"allow":["GET"]}}],"collection":[{"href":"https:\/\/www.jootjeshaakcadeautjes.nl\/fr\/wp-json\/wp\/v2\/product"}],"about":[{"href":"https:\/\/www.jootjeshaakcadeautjes.nl\/fr\/wp-json\/wp\/v2\/types\/product"}],"version-history":[{"count":1,"href":"https:\/\/www.jootjeshaakcadeautjes.nl\/fr\/wp-json\/wp\/v2\/product\/168387\/revisions"}],"predecessor-version":[{"id":279705,"href":"https:\/\/www.jootjeshaakcadeautjes.nl\/fr\/wp-json\/wp\/v2\/product\/168387\/revisions\/279705"}],"wp:featuredmedia":[{"embeddable":true,"href":"https:\/\/www.jootjeshaakcadeautjes.nl\/fr\/wp-json\/wp\/v2\/media\/174445"}],"wp:attachment":[{"href":"https:\/\/www.jootjeshaakcadeautjes.nl\/fr\/wp-json\/wp\/v2\/media?parent=168387"}],"wp:term":[{"taxonomy":"product_brand","embeddable":true,"href":"https:\/\/www.jootjeshaakcadeautjes.nl\/fr\/wp-json\/wp\/v2\/product_brand?post=168387"},{"taxonomy":"product_cat","embeddable":true,"href":"https:\/\/www.jootjeshaakcadeautjes.nl\/fr\/wp-json\/wp\/v2\/product_cat?post=168387"},{"taxonomy":"product_tag","embeddable":true,"href":"https:\/\/www.jootjeshaakcadeautjes.nl\/fr\/wp-json\/wp\/v2\/product_tag?post=168387"}],"curies":[{"name":"wp","href":"https:\/\/api.w.org\/{rel}","templated":true}]}}