{"id":176639,"date":"2024-11-10T22:39:48","date_gmt":"2024-11-10T20:39:48","guid":{"rendered":"https:\/\/www.jootjeshaakcadeautjes.nl\/?post_type=product&#038;p=176639"},"modified":"2026-04-21T21:45:08","modified_gmt":"2026-04-21T19:45:08","slug":"pince-a-tetine-en-silicone-petit-30-mm-lait-terracotta","status":"publish","type":"product","link":"https:\/\/www.jootjeshaakcadeautjes.nl\/fr\/produit\/pince-a-tetine-en-silicone-petit-30-mm-lait-terracotta\/","title":{"rendered":"Attache-sucette Silicone &#8211; Petit &#8211; 30 mm &#8211; Terre cuite"},"content":{"rendered":"<h2>Attache-t\u00e9tine en silicone &#8211; 30 mm &#8211; Terracotta<\/h2>\n<p>Mat\u00e9riau : comme toujours, sans BPA, sans PVC, sans phtalates et autres silicones exempts de toxines.<br \/>\n100% \u00e0 l&#8217;\u00e9preuve des enfants,<br \/>\nAvec des trous conformes \u00e0 la norme NEN 12586<\/p>\n<p>Clip robuste avec insert en plastique.<\/p>\n","protected":false},"excerpt":{"rendered":"<h2>Attache-t\u00e9moin en silicone &#8211; Terracotta<\/h2>\n<p>Mat\u00e9riau : comme toujours, sans BPA, sans PVC, sans phtalates et autres silicones exempts de toxines.<br \/>\n100% s\u00e9curit\u00e9 enfants, certifi\u00e9 CE<br \/>\nAvec des trous conformes \u00e0 la norme NEN 12586<\/p>\n<p>Clip robuste avec insert en plastique.<\/p>\n","protected":false},"featured_media":179130,"template":"","meta":[],"product_brand":[],"product_cat":[12486,13457,12482,7378],"product_tag":[7384,7424,10295,12490,7463,7418,13174,7440,7200,12372,13170,10290,12585,10007,7212,10253],"class_list":{"0":"post-176639","1":"product","2":"type-product","3":"status-publish","4":"has-post-thumbnail","6":"product_cat-attaches-tetines-attache-tetine-tendeur-de-sucette-allen-silicone-bois-metal","7":"product_cat-clips-de-tetine-en-silicone-30-mm-ronds","8":"product_cat-clips-de-tetine-pour-cordon-de-tetine-chaine-de-landau-et-autres","9":"product_cat-fabrication-de-jouets-de-dentition-pour-bebe-cordon-de-sucette-et-anneaux-de-dentition","10":"product_tag-anneau-de-dentition","11":"product_tag-bpa-fr","12":"product_tag-certifie-fr","13":"product_tag-clip-factice","14":"product_tag-commerce-de-gros","15":"product_tag-faux-cordon","16":"product_tag-ftatlaat-fr","17":"product_tag-gratuit","18":"product_tag-perles","19":"product_tag-petit","20":"product_tag-pinces-a-trayons","21":"product_tag-protection-des-enfants","22":"product_tag-sans-bpa-fr","23":"product_tag-sans-pvc","24":"product_tag-silicone-fr","25":"product_tag-terre-cuite","27":"first","28":"instock","29":"taxable","30":"shipping-taxable","31":"purchasable","32":"product-type-simple"},"bundled_by":[],"bundle_stock_status":"instock","bundle_stock_quantity":18,"bundle_virtual":false,"bundle_layout":"","bundle_add_to_cart_form_location":"","bundle_editable_in_cart":false,"bundle_sold_individually_context":"","bundle_item_grouping":"","bundle_min_size":"","bundle_max_size":"","bundle_price":[],"bundled_items":[],"bundle_sell_ids":[],"yoast_head":"<!-- This site is optimized with the Yoast SEO Premium plugin v27.6 (Yoast SEO v27.6) - https:\/\/yoast.com\/product\/yoast-seo-premium-wordpress\/ -->\n<title>Attache-sucette Silicone - Petit - 30 mm - Terre cuite - m|Jootjes<\/title>\n<meta name=\"description\" content=\"Attache-sucette en silicone sans BPA de couleur jaune ocre 30mm. Pour les b\u00e9b\u00e9s, fixez les clips dans le cordon de la t\u00e9tine ou le cordon de la poussette. Achetez ici, en gros.\" \/>\n<meta name=\"robots\" content=\"index, follow, max-snippet:-1, max-image-preview:large, max-video-preview:-1\" \/>\n<link rel=\"canonical\" href=\"https:\/\/www.jootjeshaakcadeautjes.nl\/fr\/produit\/pince-a-tetine-en-silicone-petit-30-mm-lait-terracotta\/\" \/>\n<meta property=\"og:locale\" content=\"fr_FR\" \/>\n<meta property=\"og:type\" content=\"article\" \/>\n<meta property=\"og:title\" content=\"Attache-sucette Silicone - Petit - 30 mm - Terre cuite\" \/>\n<meta property=\"og:description\" content=\"Attache-sucette en silicone sans BPA de couleur jaune ocre 30mm. Pour les b\u00e9b\u00e9s, fixez les clips dans le cordon de la t\u00e9tine ou le cordon de la poussette. Achetez ici, en gros.\" \/>\n<meta property=\"og:url\" content=\"https:\/\/www.jootjeshaakcadeautjes.nl\/fr\/produit\/pince-a-tetine-en-silicone-petit-30-mm-lait-terracotta\/\" \/>\n<meta property=\"og:site_name\" content=\"Jootjes Haakcadeautjes\" \/>\n<meta property=\"article:modified_time\" content=\"2026-04-21T19:45:08+00:00\" \/>\n<meta property=\"og:image\" content=\"https:\/\/www.jootjeshaakcadeautjes.nl\/wp-content\/uploads\/2024\/11\/20241103_165252.webp\" \/>\n\t<meta property=\"og:image:width\" content=\"2048\" \/>\n\t<meta property=\"og:image:height\" content=\"2048\" \/>\n\t<meta property=\"og:image:type\" content=\"image\/webp\" \/>\n<meta name=\"twitter:card\" content=\"summary_large_image\" \/>\n<meta name=\"twitter:label1\" content=\"Prix\" \/>\n\t<meta name=\"twitter:data1\" content=\"&euro;1.90 TTC\" \/>\n\t<meta name=\"twitter:label2\" content=\"Disponibilit\u00e9\" \/>\n\t<meta name=\"twitter:data2\" content=\"En stock\" \/>\n<script type=\"application\/ld+json\" class=\"yoast-schema-graph\">{\"@context\":\"https:\\\/\\\/schema.org\",\"@graph\":[{\"@type\":\"WebPage\",\"@id\":\"https:\\\/\\\/www.jootjeshaakcadeautjes.nl\\\/fr\\\/produit\\\/pince-a-tetine-en-silicone-petit-30-mm-lait-terracotta\\\/\",\"url\":\"https:\\\/\\\/www.jootjeshaakcadeautjes.nl\\\/fr\\\/produit\\\/pince-a-tetine-en-silicone-petit-30-mm-lait-terracotta\\\/\",\"name\":\"Attache-sucette Silicone - Petit - 30 mm - Terre cuite - m|Jootjes\",\"isPartOf\":{\"@id\":\"https:\\\/\\\/www.jootjeshaakcadeautjes.nl\\\/fr\\\/#website\"},\"primaryImageOfPage\":{\"@id\":\"https:\\\/\\\/www.jootjeshaakcadeautjes.nl\\\/fr\\\/produit\\\/pince-a-tetine-en-silicone-petit-30-mm-lait-terracotta\\\/#primaryimage\"},\"image\":{\"@id\":\"https:\\\/\\\/www.jootjeshaakcadeautjes.nl\\\/fr\\\/produit\\\/pince-a-tetine-en-silicone-petit-30-mm-lait-terracotta\\\/#primaryimage\"},\"thumbnailUrl\":\"https:\\\/\\\/d1dyryakdmle7o.cloudfront.net\\\/wp-content\\\/uploads\\\/2024\\\/11\\\/20241103_165252.webp\",\"datePublished\":\"2024-11-10T20:39:48+00:00\",\"dateModified\":\"2026-04-21T19:45:08+00:00\",\"description\":\"Attache-sucette en silicone sans BPA de couleur jaune ocre 30mm. Pour les b\u00e9b\u00e9s, fixez les clips dans le cordon de la t\u00e9tine ou le cordon de la poussette. Achetez ici, en gros.\",\"breadcrumb\":{\"@id\":\"https:\\\/\\\/www.jootjeshaakcadeautjes.nl\\\/fr\\\/produit\\\/pince-a-tetine-en-silicone-petit-30-mm-lait-terracotta\\\/#breadcrumb\"},\"inLanguage\":\"fr-FR\",\"potentialAction\":[{\"@type\":\"ReadAction\",\"target\":[\"https:\\\/\\\/www.jootjeshaakcadeautjes.nl\\\/fr\\\/produit\\\/pince-a-tetine-en-silicone-petit-30-mm-lait-terracotta\\\/\"]}]},{\"@type\":\"ImageObject\",\"inLanguage\":\"fr-FR\",\"@id\":\"https:\\\/\\\/www.jootjeshaakcadeautjes.nl\\\/fr\\\/produit\\\/pince-a-tetine-en-silicone-petit-30-mm-lait-terracotta\\\/#primaryimage\",\"url\":\"https:\\\/\\\/d1dyryakdmle7o.cloudfront.net\\\/wp-content\\\/uploads\\\/2024\\\/11\\\/20241103_165252.webp\",\"contentUrl\":\"https:\\\/\\\/d1dyryakdmle7o.cloudfront.net\\\/wp-content\\\/uploads\\\/2024\\\/11\\\/20241103_165252.webp\",\"width\":2048,\"height\":2048,\"caption\":\"terra\"},{\"@type\":\"BreadcrumbList\",\"@id\":\"https:\\\/\\\/www.jootjeshaakcadeautjes.nl\\\/fr\\\/produit\\\/pince-a-tetine-en-silicone-petit-30-mm-lait-terracotta\\\/#breadcrumb\",\"itemListElement\":[{\"@type\":\"ListItem\",\"position\":1,\"name\":\"Accueil\",\"item\":\"https:\\\/\\\/www.jootjeshaakcadeautjes.nl\\\/fr\\\/\"},{\"@type\":\"ListItem\",\"position\":2,\"name\":\"Commerce de gros de perles en silicone &#8211; Entreprises et consommateurs\",\"item\":\"https:\\\/\\\/www.jootjeshaakcadeautjes.nl\\\/fr\\\/boutique\\\/\"},{\"@type\":\"ListItem\",\"position\":3,\"name\":\"Attache-sucette Silicone &#8211; Petit &#8211; 30 mm &#8211; Terre cuite\"}]},{\"@type\":\"WebSite\",\"@id\":\"https:\\\/\\\/www.jootjeshaakcadeautjes.nl\\\/fr\\\/#website\",\"url\":\"https:\\\/\\\/www.jootjeshaakcadeautjes.nl\\\/fr\\\/\",\"name\":\"Jootjes Haakcadeautjes\",\"description\":\"Grossiste en perles de silicone\",\"publisher\":{\"@id\":\"https:\\\/\\\/www.jootjeshaakcadeautjes.nl\\\/fr\\\/#organization\"},\"potentialAction\":[{\"@type\":\"SearchAction\",\"target\":{\"@type\":\"EntryPoint\",\"urlTemplate\":\"https:\\\/\\\/www.jootjeshaakcadeautjes.nl\\\/fr\\\/?s={search_term_string}\"},\"query-input\":{\"@type\":\"PropertyValueSpecification\",\"valueRequired\":true,\"valueName\":\"search_term_string\"}}],\"inLanguage\":\"fr-FR\"},{\"@type\":\"Organization\",\"@id\":\"https:\\\/\\\/www.jootjeshaakcadeautjes.nl\\\/fr\\\/#organization\",\"name\":\"Jootjes Haakcadeautjes\",\"url\":\"https:\\\/\\\/www.jootjeshaakcadeautjes.nl\\\/fr\\\/\",\"logo\":{\"@type\":\"ImageObject\",\"inLanguage\":\"fr-FR\",\"@id\":\"https:\\\/\\\/www.jootjeshaakcadeautjes.nl\\\/fr\\\/#\\\/schema\\\/logo\\\/image\\\/\",\"url\":\"https:\\\/\\\/d1dyryakdmle7o.cloudfront.net\\\/wp-content\\\/uploads\\\/2023\\\/05\\\/Logo-rond.png\",\"contentUrl\":\"https:\\\/\\\/d1dyryakdmle7o.cloudfront.net\\\/wp-content\\\/uploads\\\/2023\\\/05\\\/Logo-rond.png\",\"width\":1222,\"height\":1222,\"caption\":\"Jootjes Haakcadeautjes\"},\"image\":{\"@id\":\"https:\\\/\\\/www.jootjeshaakcadeautjes.nl\\\/fr\\\/#\\\/schema\\\/logo\\\/image\\\/\"}}]}<\/script>\n<meta property=\"product:price:amount\" content=\"1.90\" \/>\n<meta property=\"product:price:currency\" content=\"EUR\" \/>\n<meta property=\"og:availability\" content=\"instock\" \/>\n<meta property=\"product:availability\" content=\"instock\" \/>\n<meta property=\"product:retailer_item_id\" content=\"SSP-SCK-TER\" \/>\n<meta property=\"product:condition\" content=\"new\" \/>\n<!-- \/ Yoast SEO Premium plugin. -->","yoast_head_json":{"title":"Attache-sucette Silicone - Petit - 30 mm - Terre cuite - m|Jootjes","description":"Attache-sucette en silicone sans BPA de couleur jaune ocre 30mm. Pour les b\u00e9b\u00e9s, fixez les clips dans le cordon de la t\u00e9tine ou le cordon de la poussette. Achetez ici, en gros.","robots":{"index":"index","follow":"follow","max-snippet":"max-snippet:-1","max-image-preview":"max-image-preview:large","max-video-preview":"max-video-preview:-1"},"canonical":"https:\/\/www.jootjeshaakcadeautjes.nl\/fr\/produit\/pince-a-tetine-en-silicone-petit-30-mm-lait-terracotta\/","og_locale":"fr_FR","og_type":"article","og_title":"Attache-sucette Silicone - Petit - 30 mm - Terre cuite","og_description":"Attache-sucette en silicone sans BPA de couleur jaune ocre 30mm. Pour les b\u00e9b\u00e9s, fixez les clips dans le cordon de la t\u00e9tine ou le cordon de la poussette. Achetez ici, en gros.","og_url":"https:\/\/www.jootjeshaakcadeautjes.nl\/fr\/produit\/pince-a-tetine-en-silicone-petit-30-mm-lait-terracotta\/","og_site_name":"Jootjes Haakcadeautjes","article_modified_time":"2026-04-21T19:45:08+00:00","og_image":[{"width":2048,"height":2048,"url":"https:\/\/www.jootjeshaakcadeautjes.nl\/wp-content\/uploads\/2024\/11\/20241103_165252.webp","type":"image\/webp"}],"twitter_card":"summary_large_image","twitter_misc":{"Prix":"&euro;1.90 TTC","Disponibilit\u00e9":"En stock"},"schema":{"@context":"https:\/\/schema.org","@graph":[{"@type":"WebPage","@id":"https:\/\/www.jootjeshaakcadeautjes.nl\/fr\/produit\/pince-a-tetine-en-silicone-petit-30-mm-lait-terracotta\/","url":"https:\/\/www.jootjeshaakcadeautjes.nl\/fr\/produit\/pince-a-tetine-en-silicone-petit-30-mm-lait-terracotta\/","name":"Attache-sucette Silicone - Petit - 30 mm - Terre cuite - m|Jootjes","isPartOf":{"@id":"https:\/\/www.jootjeshaakcadeautjes.nl\/fr\/#website"},"primaryImageOfPage":{"@id":"https:\/\/www.jootjeshaakcadeautjes.nl\/fr\/produit\/pince-a-tetine-en-silicone-petit-30-mm-lait-terracotta\/#primaryimage"},"image":{"@id":"https:\/\/www.jootjeshaakcadeautjes.nl\/fr\/produit\/pince-a-tetine-en-silicone-petit-30-mm-lait-terracotta\/#primaryimage"},"thumbnailUrl":"https:\/\/d1dyryakdmle7o.cloudfront.net\/wp-content\/uploads\/2024\/11\/20241103_165252.webp","datePublished":"2024-11-10T20:39:48+00:00","dateModified":"2026-04-21T19:45:08+00:00","description":"Attache-sucette en silicone sans BPA de couleur jaune ocre 30mm. Pour les b\u00e9b\u00e9s, fixez les clips dans le cordon de la t\u00e9tine ou le cordon de la poussette. Achetez ici, en gros.","breadcrumb":{"@id":"https:\/\/www.jootjeshaakcadeautjes.nl\/fr\/produit\/pince-a-tetine-en-silicone-petit-30-mm-lait-terracotta\/#breadcrumb"},"inLanguage":"fr-FR","potentialAction":[{"@type":"ReadAction","target":["https:\/\/www.jootjeshaakcadeautjes.nl\/fr\/produit\/pince-a-tetine-en-silicone-petit-30-mm-lait-terracotta\/"]}]},{"@type":"ImageObject","inLanguage":"fr-FR","@id":"https:\/\/www.jootjeshaakcadeautjes.nl\/fr\/produit\/pince-a-tetine-en-silicone-petit-30-mm-lait-terracotta\/#primaryimage","url":"https:\/\/d1dyryakdmle7o.cloudfront.net\/wp-content\/uploads\/2024\/11\/20241103_165252.webp","contentUrl":"https:\/\/d1dyryakdmle7o.cloudfront.net\/wp-content\/uploads\/2024\/11\/20241103_165252.webp","width":2048,"height":2048,"caption":"terra"},{"@type":"BreadcrumbList","@id":"https:\/\/www.jootjeshaakcadeautjes.nl\/fr\/produit\/pince-a-tetine-en-silicone-petit-30-mm-lait-terracotta\/#breadcrumb","itemListElement":[{"@type":"ListItem","position":1,"name":"Accueil","item":"https:\/\/www.jootjeshaakcadeautjes.nl\/fr\/"},{"@type":"ListItem","position":2,"name":"Commerce de gros de perles en silicone &#8211; Entreprises et consommateurs","item":"https:\/\/www.jootjeshaakcadeautjes.nl\/fr\/boutique\/"},{"@type":"ListItem","position":3,"name":"Attache-sucette Silicone &#8211; Petit &#8211; 30 mm &#8211; Terre cuite"}]},{"@type":"WebSite","@id":"https:\/\/www.jootjeshaakcadeautjes.nl\/fr\/#website","url":"https:\/\/www.jootjeshaakcadeautjes.nl\/fr\/","name":"Jootjes Haakcadeautjes","description":"Grossiste en perles de silicone","publisher":{"@id":"https:\/\/www.jootjeshaakcadeautjes.nl\/fr\/#organization"},"potentialAction":[{"@type":"SearchAction","target":{"@type":"EntryPoint","urlTemplate":"https:\/\/www.jootjeshaakcadeautjes.nl\/fr\/?s={search_term_string}"},"query-input":{"@type":"PropertyValueSpecification","valueRequired":true,"valueName":"search_term_string"}}],"inLanguage":"fr-FR"},{"@type":"Organization","@id":"https:\/\/www.jootjeshaakcadeautjes.nl\/fr\/#organization","name":"Jootjes Haakcadeautjes","url":"https:\/\/www.jootjeshaakcadeautjes.nl\/fr\/","logo":{"@type":"ImageObject","inLanguage":"fr-FR","@id":"https:\/\/www.jootjeshaakcadeautjes.nl\/fr\/#\/schema\/logo\/image\/","url":"https:\/\/d1dyryakdmle7o.cloudfront.net\/wp-content\/uploads\/2023\/05\/Logo-rond.png","contentUrl":"https:\/\/d1dyryakdmle7o.cloudfront.net\/wp-content\/uploads\/2023\/05\/Logo-rond.png","width":1222,"height":1222,"caption":"Jootjes Haakcadeautjes"},"image":{"@id":"https:\/\/www.jootjeshaakcadeautjes.nl\/fr\/#\/schema\/logo\/image\/"}}]},"product_price_amount":"1.90","product_price_currency":"EUR","og_availability":"instock","product_availability":"instock","product_retailer_item_id":"SSP-SCK-TER","product_condition":"new"},"_links":{"self":[{"href":"https:\/\/www.jootjeshaakcadeautjes.nl\/fr\/wp-json\/wp\/v2\/product\/176639","targetHints":{"allow":["GET"]}}],"collection":[{"href":"https:\/\/www.jootjeshaakcadeautjes.nl\/fr\/wp-json\/wp\/v2\/product"}],"about":[{"href":"https:\/\/www.jootjeshaakcadeautjes.nl\/fr\/wp-json\/wp\/v2\/types\/product"}],"version-history":[{"count":0,"href":"https:\/\/www.jootjeshaakcadeautjes.nl\/fr\/wp-json\/wp\/v2\/product\/176639\/revisions"}],"wp:featuredmedia":[{"embeddable":true,"href":"https:\/\/www.jootjeshaakcadeautjes.nl\/fr\/wp-json\/wp\/v2\/media\/179130"}],"wp:attachment":[{"href":"https:\/\/www.jootjeshaakcadeautjes.nl\/fr\/wp-json\/wp\/v2\/media?parent=176639"}],"wp:term":[{"taxonomy":"product_brand","embeddable":true,"href":"https:\/\/www.jootjeshaakcadeautjes.nl\/fr\/wp-json\/wp\/v2\/product_brand?post=176639"},{"taxonomy":"product_cat","embeddable":true,"href":"https:\/\/www.jootjeshaakcadeautjes.nl\/fr\/wp-json\/wp\/v2\/product_cat?post=176639"},{"taxonomy":"product_tag","embeddable":true,"href":"https:\/\/www.jootjeshaakcadeautjes.nl\/fr\/wp-json\/wp\/v2\/product_tag?post=176639"}],"curies":[{"name":"wp","href":"https:\/\/api.w.org\/{rel}","templated":true}]}}