{"id":177036,"date":"2024-11-02T12:38:18","date_gmt":"2024-11-02T10:38:18","guid":{"rendered":"https:\/\/www.jootjeshaakcadeautjes.nl\/product\/perle-en-silicone-4-trous-17-mm-hexagone-milk-chocolat\/"},"modified":"2026-03-21T22:15:03","modified_gmt":"2026-03-21T21:15:03","slug":"perle-en-silicone-4-trous-17-mm-hexagone-milk-chocolat","status":"publish","type":"product","link":"https:\/\/www.jootjeshaakcadeautjes.nl\/fr\/produit\/perle-en-silicone-4-trous-17-mm-hexagone-milk-chocolat\/","title":{"rendered":"Perle de silicone &#8211; 4 &#8211; Trous &#8211; 17 MM Hexagone &#8211; Chocolat au lait"},"content":{"rendered":"<h1>Perle de silicone &#8211; 4 &#8211; Trous &#8211; 17 MM Hexagone &#8211; Chocolat au lait<\/h1>\n<p>Nos perles de silicone rondes de 16 mm avec 4 trous sont con\u00e7ues pour des cr\u00e9ations polyvalentes et stables, telles que des anneaux de dentition en 3D et des cordons de t\u00e9tine. Les perles sont fabriqu\u00e9es en silicone de qualit\u00e9 alimentaire sans BPA et sont chimiquement s\u00fbres conform\u00e9ment \u00e0 la norme EN-71. Cela signifie qu&#8217;elles r\u00e9pondent \u00e0 des exigences de s\u00e9curit\u00e9 strictes et que les b\u00e9b\u00e9s peuvent les mordre et jouer avec en toute s\u00e9curit\u00e9. Parfait pour les cr\u00e9ateurs qui accordent de l&#8217;importance \u00e0 la s\u00e9curit\u00e9 et \u00e0 la qualit\u00e9 dans leurs cr\u00e9ations !   <\/p>\n","protected":false},"excerpt":{"rendered":"<p>Couleur : chocolat au lait Taille : 17 mm hexagone Type : &#8220;4 trous&#8221;, les trous sont transversaux.<br \/>\n1 de gauche \u00e0 droite, 1 de haut en bas. Mat\u00e9riau : silicone EN-71 test\u00e9 en toute s\u00e9curit\u00e9. <\/p>\n","protected":false},"featured_media":71633,"template":"","meta":[],"product_brand":[],"product_cat":[7378,16136,6992],"product_tag":[10363,7631,7384,7424,10188,7463,7215,7440,7596,7200,16137,7212,12357],"class_list":{"0":"post-177036","1":"product","2":"type-product","3":"status-publish","4":"has-post-thumbnail","6":"product_cat-fabrication-de-jouets-de-dentition-pour-bebe-cordon-de-sucette-et-anneaux-de-dentition","7":"product_cat-perles-en-silicone-perles-a-4-trous-quatre-trous-pour-anneau-de-dentition-3d","8":"product_cat-perles-en-silicone-sans-bpa-grossiste","9":"product_tag-3d-fr","10":"product_tag-4-fr-2","11":"product_tag-anneau-de-dentition","12":"product_tag-bpa-fr","13":"product_tag-chocolat-au-lait","14":"product_tag-commerce-de-gros","15":"product_tag-faire","16":"product_tag-gratuit","17":"product_tag-hexagone","18":"product_tag-perles","19":"product_tag-quatre","20":"product_tag-silicone-fr","21":"product_tag-trous","23":"first","24":"instock","25":"taxable","26":"shipping-taxable","27":"purchasable","28":"product-type-simple"},"bundled_by":[],"bundle_stock_status":"instock","bundle_stock_quantity":37,"bundle_virtual":false,"bundle_layout":"","bundle_add_to_cart_form_location":"","bundle_editable_in_cart":false,"bundle_sold_individually_context":"","bundle_item_grouping":"","bundle_min_size":"","bundle_max_size":"","bundle_price":[],"bundled_items":[],"bundle_sell_ids":[],"yoast_head":"<!-- This site is optimized with the Yoast SEO Premium plugin v27.6 (Yoast SEO v27.6) - https:\/\/yoast.com\/product\/yoast-seo-premium-wordpress\/ -->\n<title>Perle de silicone - 4 - Trous - 17 MM Hexagone - Chocolat au lait -<\/title>\n<meta name=\"description\" content=\"Perles de silicone blanches de 16 mm, rondes et \u00e0 4 trous, s\u00fbres selon la norme EN-71. Id\u00e9ales pour les anneaux de dentition en 3D ! Fabriqu\u00e9es en silicone de qualit\u00e9 alimentaire sans BPA.\" \/>\n<meta name=\"robots\" content=\"index, follow, max-snippet:-1, max-image-preview:large, max-video-preview:-1\" \/>\n<link rel=\"canonical\" href=\"https:\/\/www.jootjeshaakcadeautjes.nl\/fr\/produit\/perle-en-silicone-4-trous-17-mm-hexagone-milk-chocolat\/\" \/>\n<meta property=\"og:locale\" content=\"fr_FR\" \/>\n<meta property=\"og:type\" content=\"article\" \/>\n<meta property=\"og:title\" content=\"Perle de silicone - 4 - Trous - 17 MM Hexagone - Chocolat au lait\" \/>\n<meta property=\"og:description\" content=\"Perles de silicone blanches de 16 mm, rondes et \u00e0 4 trous, s\u00fbres selon la norme EN-71. Id\u00e9ales pour les anneaux de dentition en 3D ! Fabriqu\u00e9es en silicone de qualit\u00e9 alimentaire sans BPA.\" \/>\n<meta property=\"og:url\" content=\"https:\/\/www.jootjeshaakcadeautjes.nl\/fr\/produit\/perle-en-silicone-4-trous-17-mm-hexagone-milk-chocolat\/\" \/>\n<meta property=\"og:site_name\" content=\"Jootjes Haakcadeautjes\" \/>\n<meta property=\"article:modified_time\" content=\"2026-03-21T21:15:03+00:00\" \/>\n<meta property=\"og:image\" content=\"https:\/\/www.jootjeshaakcadeautjes.nl\/wp-content\/uploads\/2020\/08\/Siliconen-kralen-hexagon-milk-chocolate-bpa-vrij.jpg\" \/>\n\t<meta property=\"og:image:width\" content=\"1240\" \/>\n\t<meta property=\"og:image:height\" content=\"1240\" \/>\n\t<meta property=\"og:image:type\" content=\"image\/jpeg\" \/>\n<meta name=\"twitter:card\" content=\"summary_large_image\" \/>\n<meta name=\"twitter:label1\" content=\"Prix\" \/>\n\t<meta name=\"twitter:data1\" content=\"&euro;0.50 TTC\" \/>\n\t<meta name=\"twitter:label2\" content=\"Disponibilit\u00e9\" \/>\n\t<meta name=\"twitter:data2\" content=\"En stock\" \/>\n<script type=\"application\/ld+json\" class=\"yoast-schema-graph\">{\"@context\":\"https:\\\/\\\/schema.org\",\"@graph\":[{\"@type\":\"WebPage\",\"@id\":\"https:\\\/\\\/www.jootjeshaakcadeautjes.nl\\\/fr\\\/produit\\\/perle-en-silicone-4-trous-17-mm-hexagone-milk-chocolat\\\/\",\"url\":\"https:\\\/\\\/www.jootjeshaakcadeautjes.nl\\\/fr\\\/produit\\\/perle-en-silicone-4-trous-17-mm-hexagone-milk-chocolat\\\/\",\"name\":\"Perle de silicone - 4 - Trous - 17 MM Hexagone - Chocolat au lait -\",\"isPartOf\":{\"@id\":\"https:\\\/\\\/www.jootjeshaakcadeautjes.nl\\\/fr\\\/#website\"},\"primaryImageOfPage\":{\"@id\":\"https:\\\/\\\/www.jootjeshaakcadeautjes.nl\\\/fr\\\/produit\\\/perle-en-silicone-4-trous-17-mm-hexagone-milk-chocolat\\\/#primaryimage\"},\"image\":{\"@id\":\"https:\\\/\\\/www.jootjeshaakcadeautjes.nl\\\/fr\\\/produit\\\/perle-en-silicone-4-trous-17-mm-hexagone-milk-chocolat\\\/#primaryimage\"},\"thumbnailUrl\":\"https:\\\/\\\/d1dyryakdmle7o.cloudfront.net\\\/wp-content\\\/uploads\\\/2020\\\/08\\\/Siliconen-kralen-hexagon-milk-chocolate-bpa-vrij.jpg\",\"datePublished\":\"2024-11-02T10:38:18+00:00\",\"dateModified\":\"2026-03-21T21:15:03+00:00\",\"description\":\"Perles de silicone blanches de 16 mm, rondes et \u00e0 4 trous, s\u00fbres selon la norme EN-71. Id\u00e9ales pour les anneaux de dentition en 3D ! Fabriqu\u00e9es en silicone de qualit\u00e9 alimentaire sans BPA.\",\"breadcrumb\":{\"@id\":\"https:\\\/\\\/www.jootjeshaakcadeautjes.nl\\\/fr\\\/produit\\\/perle-en-silicone-4-trous-17-mm-hexagone-milk-chocolat\\\/#breadcrumb\"},\"inLanguage\":\"fr-FR\",\"potentialAction\":[{\"@type\":\"ReadAction\",\"target\":[\"https:\\\/\\\/www.jootjeshaakcadeautjes.nl\\\/fr\\\/produit\\\/perle-en-silicone-4-trous-17-mm-hexagone-milk-chocolat\\\/\"]}]},{\"@type\":\"ImageObject\",\"inLanguage\":\"fr-FR\",\"@id\":\"https:\\\/\\\/www.jootjeshaakcadeautjes.nl\\\/fr\\\/produit\\\/perle-en-silicone-4-trous-17-mm-hexagone-milk-chocolat\\\/#primaryimage\",\"url\":\"https:\\\/\\\/d1dyryakdmle7o.cloudfront.net\\\/wp-content\\\/uploads\\\/2020\\\/08\\\/Siliconen-kralen-hexagon-milk-chocolate-bpa-vrij.jpg\",\"contentUrl\":\"https:\\\/\\\/d1dyryakdmle7o.cloudfront.net\\\/wp-content\\\/uploads\\\/2020\\\/08\\\/Siliconen-kralen-hexagon-milk-chocolate-bpa-vrij.jpg\",\"width\":1240,\"height\":1240,\"caption\":\"Perles de silicone hexagonales chocolat au lait sans bpa\"},{\"@type\":\"BreadcrumbList\",\"@id\":\"https:\\\/\\\/www.jootjeshaakcadeautjes.nl\\\/fr\\\/produit\\\/perle-en-silicone-4-trous-17-mm-hexagone-milk-chocolat\\\/#breadcrumb\",\"itemListElement\":[{\"@type\":\"ListItem\",\"position\":1,\"name\":\"Accueil\",\"item\":\"https:\\\/\\\/www.jootjeshaakcadeautjes.nl\\\/fr\\\/\"},{\"@type\":\"ListItem\",\"position\":2,\"name\":\"Commerce de gros de perles en silicone &#8211; Entreprises et consommateurs\",\"item\":\"https:\\\/\\\/www.jootjeshaakcadeautjes.nl\\\/fr\\\/boutique\\\/\"},{\"@type\":\"ListItem\",\"position\":3,\"name\":\"Perle de silicone &#8211; 4 &#8211; Trous &#8211; 17 MM Hexagone &#8211; Chocolat au lait\"}]},{\"@type\":\"WebSite\",\"@id\":\"https:\\\/\\\/www.jootjeshaakcadeautjes.nl\\\/fr\\\/#website\",\"url\":\"https:\\\/\\\/www.jootjeshaakcadeautjes.nl\\\/fr\\\/\",\"name\":\"Jootjes Haakcadeautjes\",\"description\":\"Grossiste en perles de silicone\",\"publisher\":{\"@id\":\"https:\\\/\\\/www.jootjeshaakcadeautjes.nl\\\/fr\\\/#organization\"},\"potentialAction\":[{\"@type\":\"SearchAction\",\"target\":{\"@type\":\"EntryPoint\",\"urlTemplate\":\"https:\\\/\\\/www.jootjeshaakcadeautjes.nl\\\/fr\\\/?s={search_term_string}\"},\"query-input\":{\"@type\":\"PropertyValueSpecification\",\"valueRequired\":true,\"valueName\":\"search_term_string\"}}],\"inLanguage\":\"fr-FR\"},{\"@type\":\"Organization\",\"@id\":\"https:\\\/\\\/www.jootjeshaakcadeautjes.nl\\\/fr\\\/#organization\",\"name\":\"Jootjes Haakcadeautjes\",\"url\":\"https:\\\/\\\/www.jootjeshaakcadeautjes.nl\\\/fr\\\/\",\"logo\":{\"@type\":\"ImageObject\",\"inLanguage\":\"fr-FR\",\"@id\":\"https:\\\/\\\/www.jootjeshaakcadeautjes.nl\\\/fr\\\/#\\\/schema\\\/logo\\\/image\\\/\",\"url\":\"https:\\\/\\\/d1dyryakdmle7o.cloudfront.net\\\/wp-content\\\/uploads\\\/2023\\\/05\\\/Logo-rond.png\",\"contentUrl\":\"https:\\\/\\\/d1dyryakdmle7o.cloudfront.net\\\/wp-content\\\/uploads\\\/2023\\\/05\\\/Logo-rond.png\",\"width\":1222,\"height\":1222,\"caption\":\"Jootjes Haakcadeautjes\"},\"image\":{\"@id\":\"https:\\\/\\\/www.jootjeshaakcadeautjes.nl\\\/fr\\\/#\\\/schema\\\/logo\\\/image\\\/\"}}]}<\/script>\n<meta property=\"product:price:amount\" content=\"0.50\" \/>\n<meta property=\"product:price:currency\" content=\"EUR\" \/>\n<meta property=\"og:availability\" content=\"instock\" \/>\n<meta property=\"product:availability\" content=\"instock\" \/>\n<meta property=\"product:retailer_item_id\" content=\"SKR-4G17-MIC\" \/>\n<meta property=\"product:condition\" content=\"new\" \/>\n<!-- \/ Yoast SEO Premium plugin. -->","yoast_head_json":{"title":"Perle de silicone - 4 - Trous - 17 MM Hexagone - Chocolat au lait -","description":"Perles de silicone blanches de 16 mm, rondes et \u00e0 4 trous, s\u00fbres selon la norme EN-71. Id\u00e9ales pour les anneaux de dentition en 3D ! Fabriqu\u00e9es en silicone de qualit\u00e9 alimentaire sans BPA.","robots":{"index":"index","follow":"follow","max-snippet":"max-snippet:-1","max-image-preview":"max-image-preview:large","max-video-preview":"max-video-preview:-1"},"canonical":"https:\/\/www.jootjeshaakcadeautjes.nl\/fr\/produit\/perle-en-silicone-4-trous-17-mm-hexagone-milk-chocolat\/","og_locale":"fr_FR","og_type":"article","og_title":"Perle de silicone - 4 - Trous - 17 MM Hexagone - Chocolat au lait","og_description":"Perles de silicone blanches de 16 mm, rondes et \u00e0 4 trous, s\u00fbres selon la norme EN-71. Id\u00e9ales pour les anneaux de dentition en 3D ! Fabriqu\u00e9es en silicone de qualit\u00e9 alimentaire sans BPA.","og_url":"https:\/\/www.jootjeshaakcadeautjes.nl\/fr\/produit\/perle-en-silicone-4-trous-17-mm-hexagone-milk-chocolat\/","og_site_name":"Jootjes Haakcadeautjes","article_modified_time":"2026-03-21T21:15:03+00:00","og_image":[{"width":1240,"height":1240,"url":"https:\/\/www.jootjeshaakcadeautjes.nl\/wp-content\/uploads\/2020\/08\/Siliconen-kralen-hexagon-milk-chocolate-bpa-vrij.jpg","type":"image\/jpeg"}],"twitter_card":"summary_large_image","twitter_misc":{"Prix":"&euro;0.50 TTC","Disponibilit\u00e9":"En stock"},"schema":{"@context":"https:\/\/schema.org","@graph":[{"@type":"WebPage","@id":"https:\/\/www.jootjeshaakcadeautjes.nl\/fr\/produit\/perle-en-silicone-4-trous-17-mm-hexagone-milk-chocolat\/","url":"https:\/\/www.jootjeshaakcadeautjes.nl\/fr\/produit\/perle-en-silicone-4-trous-17-mm-hexagone-milk-chocolat\/","name":"Perle de silicone - 4 - Trous - 17 MM Hexagone - Chocolat au lait -","isPartOf":{"@id":"https:\/\/www.jootjeshaakcadeautjes.nl\/fr\/#website"},"primaryImageOfPage":{"@id":"https:\/\/www.jootjeshaakcadeautjes.nl\/fr\/produit\/perle-en-silicone-4-trous-17-mm-hexagone-milk-chocolat\/#primaryimage"},"image":{"@id":"https:\/\/www.jootjeshaakcadeautjes.nl\/fr\/produit\/perle-en-silicone-4-trous-17-mm-hexagone-milk-chocolat\/#primaryimage"},"thumbnailUrl":"https:\/\/d1dyryakdmle7o.cloudfront.net\/wp-content\/uploads\/2020\/08\/Siliconen-kralen-hexagon-milk-chocolate-bpa-vrij.jpg","datePublished":"2024-11-02T10:38:18+00:00","dateModified":"2026-03-21T21:15:03+00:00","description":"Perles de silicone blanches de 16 mm, rondes et \u00e0 4 trous, s\u00fbres selon la norme EN-71. Id\u00e9ales pour les anneaux de dentition en 3D ! Fabriqu\u00e9es en silicone de qualit\u00e9 alimentaire sans BPA.","breadcrumb":{"@id":"https:\/\/www.jootjeshaakcadeautjes.nl\/fr\/produit\/perle-en-silicone-4-trous-17-mm-hexagone-milk-chocolat\/#breadcrumb"},"inLanguage":"fr-FR","potentialAction":[{"@type":"ReadAction","target":["https:\/\/www.jootjeshaakcadeautjes.nl\/fr\/produit\/perle-en-silicone-4-trous-17-mm-hexagone-milk-chocolat\/"]}]},{"@type":"ImageObject","inLanguage":"fr-FR","@id":"https:\/\/www.jootjeshaakcadeautjes.nl\/fr\/produit\/perle-en-silicone-4-trous-17-mm-hexagone-milk-chocolat\/#primaryimage","url":"https:\/\/d1dyryakdmle7o.cloudfront.net\/wp-content\/uploads\/2020\/08\/Siliconen-kralen-hexagon-milk-chocolate-bpa-vrij.jpg","contentUrl":"https:\/\/d1dyryakdmle7o.cloudfront.net\/wp-content\/uploads\/2020\/08\/Siliconen-kralen-hexagon-milk-chocolate-bpa-vrij.jpg","width":1240,"height":1240,"caption":"Perles de silicone hexagonales chocolat au lait sans bpa"},{"@type":"BreadcrumbList","@id":"https:\/\/www.jootjeshaakcadeautjes.nl\/fr\/produit\/perle-en-silicone-4-trous-17-mm-hexagone-milk-chocolat\/#breadcrumb","itemListElement":[{"@type":"ListItem","position":1,"name":"Accueil","item":"https:\/\/www.jootjeshaakcadeautjes.nl\/fr\/"},{"@type":"ListItem","position":2,"name":"Commerce de gros de perles en silicone &#8211; Entreprises et consommateurs","item":"https:\/\/www.jootjeshaakcadeautjes.nl\/fr\/boutique\/"},{"@type":"ListItem","position":3,"name":"Perle de silicone &#8211; 4 &#8211; Trous &#8211; 17 MM Hexagone &#8211; Chocolat au lait"}]},{"@type":"WebSite","@id":"https:\/\/www.jootjeshaakcadeautjes.nl\/fr\/#website","url":"https:\/\/www.jootjeshaakcadeautjes.nl\/fr\/","name":"Jootjes Haakcadeautjes","description":"Grossiste en perles de silicone","publisher":{"@id":"https:\/\/www.jootjeshaakcadeautjes.nl\/fr\/#organization"},"potentialAction":[{"@type":"SearchAction","target":{"@type":"EntryPoint","urlTemplate":"https:\/\/www.jootjeshaakcadeautjes.nl\/fr\/?s={search_term_string}"},"query-input":{"@type":"PropertyValueSpecification","valueRequired":true,"valueName":"search_term_string"}}],"inLanguage":"fr-FR"},{"@type":"Organization","@id":"https:\/\/www.jootjeshaakcadeautjes.nl\/fr\/#organization","name":"Jootjes Haakcadeautjes","url":"https:\/\/www.jootjeshaakcadeautjes.nl\/fr\/","logo":{"@type":"ImageObject","inLanguage":"fr-FR","@id":"https:\/\/www.jootjeshaakcadeautjes.nl\/fr\/#\/schema\/logo\/image\/","url":"https:\/\/d1dyryakdmle7o.cloudfront.net\/wp-content\/uploads\/2023\/05\/Logo-rond.png","contentUrl":"https:\/\/d1dyryakdmle7o.cloudfront.net\/wp-content\/uploads\/2023\/05\/Logo-rond.png","width":1222,"height":1222,"caption":"Jootjes Haakcadeautjes"},"image":{"@id":"https:\/\/www.jootjeshaakcadeautjes.nl\/fr\/#\/schema\/logo\/image\/"}}]},"product_price_amount":"0.50","product_price_currency":"EUR","og_availability":"instock","product_availability":"instock","product_retailer_item_id":"SKR-4G17-MIC","product_condition":"new"},"_links":{"self":[{"href":"https:\/\/www.jootjeshaakcadeautjes.nl\/fr\/wp-json\/wp\/v2\/product\/177036","targetHints":{"allow":["GET"]}}],"collection":[{"href":"https:\/\/www.jootjeshaakcadeautjes.nl\/fr\/wp-json\/wp\/v2\/product"}],"about":[{"href":"https:\/\/www.jootjeshaakcadeautjes.nl\/fr\/wp-json\/wp\/v2\/types\/product"}],"version-history":[{"count":0,"href":"https:\/\/www.jootjeshaakcadeautjes.nl\/fr\/wp-json\/wp\/v2\/product\/177036\/revisions"}],"wp:featuredmedia":[{"embeddable":true,"href":"https:\/\/www.jootjeshaakcadeautjes.nl\/fr\/wp-json\/wp\/v2\/media\/71633"}],"wp:attachment":[{"href":"https:\/\/www.jootjeshaakcadeautjes.nl\/fr\/wp-json\/wp\/v2\/media?parent=177036"}],"wp:term":[{"taxonomy":"product_brand","embeddable":true,"href":"https:\/\/www.jootjeshaakcadeautjes.nl\/fr\/wp-json\/wp\/v2\/product_brand?post=177036"},{"taxonomy":"product_cat","embeddable":true,"href":"https:\/\/www.jootjeshaakcadeautjes.nl\/fr\/wp-json\/wp\/v2\/product_cat?post=177036"},{"taxonomy":"product_tag","embeddable":true,"href":"https:\/\/www.jootjeshaakcadeautjes.nl\/fr\/wp-json\/wp\/v2\/product_tag?post=177036"}],"curies":[{"name":"wp","href":"https:\/\/api.w.org\/{rel}","templated":true}]}}