{"id":181531,"date":"2024-11-15T13:02:09","date_gmt":"2024-11-15T11:02:09","guid":{"rendered":"https:\/\/www.jootjeshaakcadeautjes.nl\/?post_type=product&#038;p=181531"},"modified":"2025-05-26T15:09:14","modified_gmt":"2025-05-26T13:09:14","slug":"acryl-kraal-rijgbare-kerst-sier-bel-groen","status":"publish","type":"product","link":"https:\/\/www.jootjeshaakcadeautjes.nl\/fr\/produit\/acryl-kraal-rijgbare-kerst-sier-bel-groen\/","title":{"rendered":"Perle acrylique &#8211; Cloche d\u00e9corative de No\u00ebl enfilable &#8211; verte"},"content":{"rendered":"<h2>Perle acrylique &#8211; Cloche d\u00e9corative de No\u00ebl enfilable &#8211; verte<\/h2>\n<p>R\u00e9alisez votre propre cr\u00e9ation de No\u00ebl avec cette jolie perle en acrylique en forme de cloche ornementale de No\u00ebl enfilable &#8211; verte. A combiner avec les perles en silicone pour No\u00ebl.<\/p>\n<p>&nbsp;<\/p>\n","protected":false},"excerpt":{"rendered":"<p>Mati\u00e8re:Acrylique Type:Cloche d\u00e9corative de No\u00ebl \u00e0 enfiler Couleur:Vert<\/p>\n<p>&nbsp;<\/p>\n","protected":false},"featured_media":181700,"template":"","meta":[],"product_brand":[],"product_cat":[18173,7378,7497,6992,7398,7491,17986],"product_tag":[12720,12900,7424,16613,10138,10140,7516,7561,7395,7415,13406,7433,12705,10226,10319],"class_list":{"0":"post-181531","1":"product","2":"type-product","3":"status-publish","4":"has-post-thumbnail","6":"product_cat-autres-perles-noel","7":"product_cat-fabrication-de-jouets-de-dentition-pour-bebe-cordon-de-sucette-et-anneaux-de-dentition","8":"product_cat-perles-en-silicone-fetes-et-saisons","9":"product_cat-perles-en-silicone-sans-bpa-grossiste","10":"product_cat-perles-en-silicone-toutes-les-perles-de-luxe-multicolores","11":"product_cat-perles-en-silicone-et-anneau-de-dentition-noel-halloween-et-plus-encore","12":"product_cat-siliconen-kralen-kerstmis-fr","13":"product_tag-acrylique","14":"product_tag-anneaux-de-dentition","15":"product_tag-bpa-fr","16":"product_tag-cloche-ornementale","17":"product_tag-crochet-pour-sac-fr","18":"product_tag-jaszipper-fr","19":"product_tag-noel","20":"product_tag-ouvert","21":"product_tag-perle","22":"product_tag-sans-bpa","23":"product_tag-serveur-de-gateaux-fr","24":"product_tag-stylo","25":"product_tag-stylos","26":"product_tag-tireuse-a-biere","27":"product_tag-vert","29":"first","30":"instock","31":"taxable","32":"shipping-taxable","33":"purchasable","34":"product-type-simple"},"bundled_by":[],"bundle_stock_status":"instock","bundle_stock_quantity":103,"bundle_virtual":false,"bundle_layout":"","bundle_add_to_cart_form_location":"","bundle_editable_in_cart":false,"bundle_sold_individually_context":"","bundle_item_grouping":"","bundle_min_size":"","bundle_max_size":"","bundle_price":[],"bundled_items":[],"bundle_sell_ids":[],"yoast_head":"<!-- This site is optimized with the Yoast SEO Premium plugin v27.6 (Yoast SEO v27.6) - https:\/\/yoast.com\/product\/yoast-seo-premium-wordpress\/ -->\n<title>Perle acrylique - Cloche d\u00e9corative de No\u00ebl enfilable - verte - Jootjes Haakcadeautjes% | Sans BPA | JH.nl<\/title>\n<meta name=\"description\" content=\"Perles en silicone sapin de No\u00ebl vert. Id\u00e9al pour les f\u00eates, le cordon de landau ou le cordon de t\u00e9tine, sans BPA, certifi\u00e9 CE et sans danger pour les enfants.\" \/>\n<meta name=\"robots\" content=\"index, follow, max-snippet:-1, max-image-preview:large, max-video-preview:-1\" \/>\n<link rel=\"canonical\" href=\"https:\/\/www.jootjeshaakcadeautjes.nl\/fr\/produit\/acryl-kraal-rijgbare-kerst-sier-bel-groen\/\" \/>\n<meta property=\"og:locale\" content=\"fr_FR\" \/>\n<meta property=\"og:type\" content=\"article\" \/>\n<meta property=\"og:title\" content=\"Perle acrylique - Cloche d\u00e9corative de No\u00ebl enfilable - verte\" \/>\n<meta property=\"og:description\" content=\"Perles en silicone sapin de No\u00ebl vert. Id\u00e9al pour les f\u00eates, le cordon de landau ou le cordon de t\u00e9tine, sans BPA, certifi\u00e9 CE et sans danger pour les enfants.\" \/>\n<meta property=\"og:url\" content=\"https:\/\/www.jootjeshaakcadeautjes.nl\/fr\/produit\/acryl-kraal-rijgbare-kerst-sier-bel-groen\/\" \/>\n<meta property=\"og:site_name\" content=\"Jootjes Haakcadeautjes\" \/>\n<meta property=\"article:modified_time\" content=\"2025-05-26T13:09:14+00:00\" \/>\n<meta property=\"og:image\" content=\"https:\/\/www.jootjeshaakcadeautjes.nl\/wp-content\/uploads\/2024\/11\/20241114_215202.webp\" \/>\n\t<meta property=\"og:image:width\" content=\"2048\" \/>\n\t<meta property=\"og:image:height\" content=\"2048\" \/>\n\t<meta property=\"og:image:type\" content=\"image\/webp\" \/>\n<meta name=\"twitter:card\" content=\"summary_large_image\" \/>\n<meta name=\"twitter:label1\" content=\"Prix\" \/>\n\t<meta name=\"twitter:data1\" content=\"&euro;0.26 TTC\" \/>\n\t<meta name=\"twitter:label2\" content=\"Disponibilit\u00e9\" \/>\n\t<meta name=\"twitter:data2\" content=\"En stock\" \/>\n<script type=\"application\/ld+json\" class=\"yoast-schema-graph\">{\"@context\":\"https:\\\/\\\/schema.org\",\"@graph\":[{\"@type\":\"WebPage\",\"@id\":\"https:\\\/\\\/www.jootjeshaakcadeautjes.nl\\\/fr\\\/produit\\\/acryl-kraal-rijgbare-kerst-sier-bel-groen\\\/\",\"url\":\"https:\\\/\\\/www.jootjeshaakcadeautjes.nl\\\/fr\\\/produit\\\/acryl-kraal-rijgbare-kerst-sier-bel-groen\\\/\",\"name\":\"Perle acrylique - Cloche d\u00e9corative de No\u00ebl enfilable - verte - Jootjes Haakcadeautjes% | Sans BPA | JH.nl\",\"isPartOf\":{\"@id\":\"https:\\\/\\\/www.jootjeshaakcadeautjes.nl\\\/fr\\\/#website\"},\"primaryImageOfPage\":{\"@id\":\"https:\\\/\\\/www.jootjeshaakcadeautjes.nl\\\/fr\\\/produit\\\/acryl-kraal-rijgbare-kerst-sier-bel-groen\\\/#primaryimage\"},\"image\":{\"@id\":\"https:\\\/\\\/www.jootjeshaakcadeautjes.nl\\\/fr\\\/produit\\\/acryl-kraal-rijgbare-kerst-sier-bel-groen\\\/#primaryimage\"},\"thumbnailUrl\":\"https:\\\/\\\/d1dyryakdmle7o.cloudfront.net\\\/wp-content\\\/uploads\\\/2024\\\/11\\\/20241114_215202.webp\",\"datePublished\":\"2024-11-15T11:02:09+00:00\",\"dateModified\":\"2025-05-26T13:09:14+00:00\",\"description\":\"Perles en silicone sapin de No\u00ebl vert. Id\u00e9al pour les f\u00eates, le cordon de landau ou le cordon de t\u00e9tine, sans BPA, certifi\u00e9 CE et sans danger pour les enfants.\",\"breadcrumb\":{\"@id\":\"https:\\\/\\\/www.jootjeshaakcadeautjes.nl\\\/fr\\\/produit\\\/acryl-kraal-rijgbare-kerst-sier-bel-groen\\\/#breadcrumb\"},\"inLanguage\":\"fr-FR\",\"potentialAction\":[{\"@type\":\"ReadAction\",\"target\":[\"https:\\\/\\\/www.jootjeshaakcadeautjes.nl\\\/fr\\\/produit\\\/acryl-kraal-rijgbare-kerst-sier-bel-groen\\\/\"]}]},{\"@type\":\"ImageObject\",\"inLanguage\":\"fr-FR\",\"@id\":\"https:\\\/\\\/www.jootjeshaakcadeautjes.nl\\\/fr\\\/produit\\\/acryl-kraal-rijgbare-kerst-sier-bel-groen\\\/#primaryimage\",\"url\":\"https:\\\/\\\/d1dyryakdmle7o.cloudfront.net\\\/wp-content\\\/uploads\\\/2024\\\/11\\\/20241114_215202.webp\",\"contentUrl\":\"https:\\\/\\\/d1dyryakdmle7o.cloudfront.net\\\/wp-content\\\/uploads\\\/2024\\\/11\\\/20241114_215202.webp\",\"width\":2048,\"height\":2048},{\"@type\":\"BreadcrumbList\",\"@id\":\"https:\\\/\\\/www.jootjeshaakcadeautjes.nl\\\/fr\\\/produit\\\/acryl-kraal-rijgbare-kerst-sier-bel-groen\\\/#breadcrumb\",\"itemListElement\":[{\"@type\":\"ListItem\",\"position\":1,\"name\":\"Accueil\",\"item\":\"https:\\\/\\\/www.jootjeshaakcadeautjes.nl\\\/fr\\\/\"},{\"@type\":\"ListItem\",\"position\":2,\"name\":\"Commerce de gros de perles en silicone &#8211; Entreprises et consommateurs\",\"item\":\"https:\\\/\\\/www.jootjeshaakcadeautjes.nl\\\/fr\\\/boutique\\\/\"},{\"@type\":\"ListItem\",\"position\":3,\"name\":\"Perle acrylique &#8211; Cloche d\u00e9corative de No\u00ebl enfilable &#8211; verte\"}]},{\"@type\":\"WebSite\",\"@id\":\"https:\\\/\\\/www.jootjeshaakcadeautjes.nl\\\/fr\\\/#website\",\"url\":\"https:\\\/\\\/www.jootjeshaakcadeautjes.nl\\\/fr\\\/\",\"name\":\"Jootjes Haakcadeautjes\",\"description\":\"Grossiste en perles de silicone\",\"publisher\":{\"@id\":\"https:\\\/\\\/www.jootjeshaakcadeautjes.nl\\\/fr\\\/#organization\"},\"potentialAction\":[{\"@type\":\"SearchAction\",\"target\":{\"@type\":\"EntryPoint\",\"urlTemplate\":\"https:\\\/\\\/www.jootjeshaakcadeautjes.nl\\\/fr\\\/?s={search_term_string}\"},\"query-input\":{\"@type\":\"PropertyValueSpecification\",\"valueRequired\":true,\"valueName\":\"search_term_string\"}}],\"inLanguage\":\"fr-FR\"},{\"@type\":\"Organization\",\"@id\":\"https:\\\/\\\/www.jootjeshaakcadeautjes.nl\\\/fr\\\/#organization\",\"name\":\"Jootjes Haakcadeautjes\",\"url\":\"https:\\\/\\\/www.jootjeshaakcadeautjes.nl\\\/fr\\\/\",\"logo\":{\"@type\":\"ImageObject\",\"inLanguage\":\"fr-FR\",\"@id\":\"https:\\\/\\\/www.jootjeshaakcadeautjes.nl\\\/fr\\\/#\\\/schema\\\/logo\\\/image\\\/\",\"url\":\"https:\\\/\\\/d1dyryakdmle7o.cloudfront.net\\\/wp-content\\\/uploads\\\/2023\\\/05\\\/Logo-rond.png\",\"contentUrl\":\"https:\\\/\\\/d1dyryakdmle7o.cloudfront.net\\\/wp-content\\\/uploads\\\/2023\\\/05\\\/Logo-rond.png\",\"width\":1222,\"height\":1222,\"caption\":\"Jootjes Haakcadeautjes\"},\"image\":{\"@id\":\"https:\\\/\\\/www.jootjeshaakcadeautjes.nl\\\/fr\\\/#\\\/schema\\\/logo\\\/image\\\/\"}}]}<\/script>\n<meta property=\"product:price:amount\" content=\"0.26\" \/>\n<meta property=\"product:price:currency\" content=\"EUR\" \/>\n<meta property=\"og:availability\" content=\"instock\" \/>\n<meta property=\"product:availability\" content=\"instock\" \/>\n<meta property=\"product:retailer_item_id\" content=\"ACR-RBS-GRO\" \/>\n<meta property=\"product:condition\" content=\"new\" \/>\n<!-- \/ Yoast SEO Premium plugin. -->","yoast_head_json":{"title":"Perle acrylique - Cloche d\u00e9corative de No\u00ebl enfilable - verte - Jootjes Haakcadeautjes% | Sans BPA | JH.nl","description":"Perles en silicone sapin de No\u00ebl vert. Id\u00e9al pour les f\u00eates, le cordon de landau ou le cordon de t\u00e9tine, sans BPA, certifi\u00e9 CE et sans danger pour les enfants.","robots":{"index":"index","follow":"follow","max-snippet":"max-snippet:-1","max-image-preview":"max-image-preview:large","max-video-preview":"max-video-preview:-1"},"canonical":"https:\/\/www.jootjeshaakcadeautjes.nl\/fr\/produit\/acryl-kraal-rijgbare-kerst-sier-bel-groen\/","og_locale":"fr_FR","og_type":"article","og_title":"Perle acrylique - Cloche d\u00e9corative de No\u00ebl enfilable - verte","og_description":"Perles en silicone sapin de No\u00ebl vert. Id\u00e9al pour les f\u00eates, le cordon de landau ou le cordon de t\u00e9tine, sans BPA, certifi\u00e9 CE et sans danger pour les enfants.","og_url":"https:\/\/www.jootjeshaakcadeautjes.nl\/fr\/produit\/acryl-kraal-rijgbare-kerst-sier-bel-groen\/","og_site_name":"Jootjes Haakcadeautjes","article_modified_time":"2025-05-26T13:09:14+00:00","og_image":[{"width":2048,"height":2048,"url":"https:\/\/www.jootjeshaakcadeautjes.nl\/wp-content\/uploads\/2024\/11\/20241114_215202.webp","type":"image\/webp"}],"twitter_card":"summary_large_image","twitter_misc":{"Prix":"&euro;0.26 TTC","Disponibilit\u00e9":"En stock"},"schema":{"@context":"https:\/\/schema.org","@graph":[{"@type":"WebPage","@id":"https:\/\/www.jootjeshaakcadeautjes.nl\/fr\/produit\/acryl-kraal-rijgbare-kerst-sier-bel-groen\/","url":"https:\/\/www.jootjeshaakcadeautjes.nl\/fr\/produit\/acryl-kraal-rijgbare-kerst-sier-bel-groen\/","name":"Perle acrylique - Cloche d\u00e9corative de No\u00ebl enfilable - verte - Jootjes Haakcadeautjes% | Sans BPA | JH.nl","isPartOf":{"@id":"https:\/\/www.jootjeshaakcadeautjes.nl\/fr\/#website"},"primaryImageOfPage":{"@id":"https:\/\/www.jootjeshaakcadeautjes.nl\/fr\/produit\/acryl-kraal-rijgbare-kerst-sier-bel-groen\/#primaryimage"},"image":{"@id":"https:\/\/www.jootjeshaakcadeautjes.nl\/fr\/produit\/acryl-kraal-rijgbare-kerst-sier-bel-groen\/#primaryimage"},"thumbnailUrl":"https:\/\/d1dyryakdmle7o.cloudfront.net\/wp-content\/uploads\/2024\/11\/20241114_215202.webp","datePublished":"2024-11-15T11:02:09+00:00","dateModified":"2025-05-26T13:09:14+00:00","description":"Perles en silicone sapin de No\u00ebl vert. Id\u00e9al pour les f\u00eates, le cordon de landau ou le cordon de t\u00e9tine, sans BPA, certifi\u00e9 CE et sans danger pour les enfants.","breadcrumb":{"@id":"https:\/\/www.jootjeshaakcadeautjes.nl\/fr\/produit\/acryl-kraal-rijgbare-kerst-sier-bel-groen\/#breadcrumb"},"inLanguage":"fr-FR","potentialAction":[{"@type":"ReadAction","target":["https:\/\/www.jootjeshaakcadeautjes.nl\/fr\/produit\/acryl-kraal-rijgbare-kerst-sier-bel-groen\/"]}]},{"@type":"ImageObject","inLanguage":"fr-FR","@id":"https:\/\/www.jootjeshaakcadeautjes.nl\/fr\/produit\/acryl-kraal-rijgbare-kerst-sier-bel-groen\/#primaryimage","url":"https:\/\/d1dyryakdmle7o.cloudfront.net\/wp-content\/uploads\/2024\/11\/20241114_215202.webp","contentUrl":"https:\/\/d1dyryakdmle7o.cloudfront.net\/wp-content\/uploads\/2024\/11\/20241114_215202.webp","width":2048,"height":2048},{"@type":"BreadcrumbList","@id":"https:\/\/www.jootjeshaakcadeautjes.nl\/fr\/produit\/acryl-kraal-rijgbare-kerst-sier-bel-groen\/#breadcrumb","itemListElement":[{"@type":"ListItem","position":1,"name":"Accueil","item":"https:\/\/www.jootjeshaakcadeautjes.nl\/fr\/"},{"@type":"ListItem","position":2,"name":"Commerce de gros de perles en silicone &#8211; Entreprises et consommateurs","item":"https:\/\/www.jootjeshaakcadeautjes.nl\/fr\/boutique\/"},{"@type":"ListItem","position":3,"name":"Perle acrylique &#8211; Cloche d\u00e9corative de No\u00ebl enfilable &#8211; verte"}]},{"@type":"WebSite","@id":"https:\/\/www.jootjeshaakcadeautjes.nl\/fr\/#website","url":"https:\/\/www.jootjeshaakcadeautjes.nl\/fr\/","name":"Jootjes Haakcadeautjes","description":"Grossiste en perles de silicone","publisher":{"@id":"https:\/\/www.jootjeshaakcadeautjes.nl\/fr\/#organization"},"potentialAction":[{"@type":"SearchAction","target":{"@type":"EntryPoint","urlTemplate":"https:\/\/www.jootjeshaakcadeautjes.nl\/fr\/?s={search_term_string}"},"query-input":{"@type":"PropertyValueSpecification","valueRequired":true,"valueName":"search_term_string"}}],"inLanguage":"fr-FR"},{"@type":"Organization","@id":"https:\/\/www.jootjeshaakcadeautjes.nl\/fr\/#organization","name":"Jootjes Haakcadeautjes","url":"https:\/\/www.jootjeshaakcadeautjes.nl\/fr\/","logo":{"@type":"ImageObject","inLanguage":"fr-FR","@id":"https:\/\/www.jootjeshaakcadeautjes.nl\/fr\/#\/schema\/logo\/image\/","url":"https:\/\/d1dyryakdmle7o.cloudfront.net\/wp-content\/uploads\/2023\/05\/Logo-rond.png","contentUrl":"https:\/\/d1dyryakdmle7o.cloudfront.net\/wp-content\/uploads\/2023\/05\/Logo-rond.png","width":1222,"height":1222,"caption":"Jootjes Haakcadeautjes"},"image":{"@id":"https:\/\/www.jootjeshaakcadeautjes.nl\/fr\/#\/schema\/logo\/image\/"}}]},"product_price_amount":"0.26","product_price_currency":"EUR","og_availability":"instock","product_availability":"instock","product_retailer_item_id":"ACR-RBS-GRO","product_condition":"new"},"_links":{"self":[{"href":"https:\/\/www.jootjeshaakcadeautjes.nl\/fr\/wp-json\/wp\/v2\/product\/181531","targetHints":{"allow":["GET"]}}],"collection":[{"href":"https:\/\/www.jootjeshaakcadeautjes.nl\/fr\/wp-json\/wp\/v2\/product"}],"about":[{"href":"https:\/\/www.jootjeshaakcadeautjes.nl\/fr\/wp-json\/wp\/v2\/types\/product"}],"version-history":[{"count":0,"href":"https:\/\/www.jootjeshaakcadeautjes.nl\/fr\/wp-json\/wp\/v2\/product\/181531\/revisions"}],"wp:featuredmedia":[{"embeddable":true,"href":"https:\/\/www.jootjeshaakcadeautjes.nl\/fr\/wp-json\/wp\/v2\/media\/181700"}],"wp:attachment":[{"href":"https:\/\/www.jootjeshaakcadeautjes.nl\/fr\/wp-json\/wp\/v2\/media?parent=181531"}],"wp:term":[{"taxonomy":"product_brand","embeddable":true,"href":"https:\/\/www.jootjeshaakcadeautjes.nl\/fr\/wp-json\/wp\/v2\/product_brand?post=181531"},{"taxonomy":"product_cat","embeddable":true,"href":"https:\/\/www.jootjeshaakcadeautjes.nl\/fr\/wp-json\/wp\/v2\/product_cat?post=181531"},{"taxonomy":"product_tag","embeddable":true,"href":"https:\/\/www.jootjeshaakcadeautjes.nl\/fr\/wp-json\/wp\/v2\/product_tag?post=181531"}],"curies":[{"name":"wp","href":"https:\/\/api.w.org\/{rel}","templated":true}]}}