{"id":182658,"date":"2024-11-18T22:27:38","date_gmt":"2024-11-18T21:27:38","guid":{"rendered":"https:\/\/www.jootjeshaakcadeautjes.nl\/?post_type=product&#038;p=182658"},"modified":"2026-03-16T12:45:20","modified_gmt":"2026-03-16T11:45:20","slug":"belletje-12-mm-jungle-green-per-stuk","status":"publish","type":"product","link":"https:\/\/www.jootjeshaakcadeautjes.nl\/fr\/produit\/belletje-12-mm-jungle-green-per-stuk\/","title":{"rendered":"Cloche &#8211; 12 mm &#8211; Vert Jungle &#8211; Par pi\u00e8ce"},"content":{"rendered":"<h2>Sp\u00e9cifications :<\/h2>\n<ul>\n<li>Couleur : vert jungle Taille : 12 mm avec anneau de fixation<\/li>\n<li>Vendu \u00e0 l&#8217;unit\u00e9<\/li>\n<\/ul>\n<h3>\u00c0 quoi servent ces bulles ?<\/h3>\n<p>Ces cloches vertes de la jungle sont largement utilis\u00e9es pour d\u00e9corer les amigurumi au crochet. Ces cloches sont donc largement utilis\u00e9es dans les cr\u00e9ations de Kristel Droog. Entre autres dans son livre : &#8220;My Cuddles from Sock Wool&#8221; (Patron de Crochet Sheep Mollie et Kitten Mauw) et ses livres &#8220;My Dogs from Sock Wool&#8221; et &#8220;My Dogs from Sock Wool 2&#8221;. Les chiens au crochet sont souvent munis d&#8217;un collier auquel un grelot vient s&#8217;ajouter.<\/p>\n<p>En outre, les cloches sont utilis\u00e9es au crochet.<\/p>\n<h3>\u00c0 quoi servent ces bulles ?<\/h3>\n<p>AVIS DE NON-RESPONSABILIT\u00c9 : Nous d\u00e9conseillons initialement l&#8217;utilisation de cloches dans les jouets pour b\u00e9b\u00e9s. Si vous l&#8217;utilisez quand m\u00eame, faites attention \u00e0 l&#8217;attachement. Les bulles sont petites et rondes et peuvent \u00eatre lib\u00e9r\u00e9es plus facilement. En outre, ils peuvent se d\u00e9former \u00e0 haute pression (creux \u00e0 l&#8217;int\u00e9rieur). Jootjes Haakcadeautjes n&#8217;est pas responsable des dommages caus\u00e9s par l&#8217;utilisation du produit fini. A n&#8217;utiliser que sous la stricte surveillance d&#8217;un adulte responsable.<\/p>\n<p>&nbsp;<\/p>\n","protected":false},"excerpt":{"rendered":"<p>Couleur : vert jungle, avec anneau d&#8217;attache. Taille : 12 mm Vendu \u00e0 l&#8217;unit\u00e9. Utilis\u00e9 entre autres pour d\u00e9corer des amigurumi et au crochet. Lisez notre avis de non-responsabilit\u00e9 au bas de la page.<\/p>\n<p>&nbsp;<\/p>\n","protected":false},"featured_media":183144,"template":"","meta":[],"product_brand":[],"product_cat":[12927,12308],"product_tag":[7406,7521,12377,13281,13289,12928,13639,7392,14023,16598],"class_list":{"0":"post-182658","1":"product","2":"type-product","3":"status-publish","4":"has-post-thumbnail","6":"product_cat-disques-hochets-perles-hochets-couineurs-feuilles-crepitantes-et-clochettes","7":"product_cat-materiel-de-bricolage-et-de-crochet","8":"product_tag-12-fr","9":"product_tag-12-mm-fr","10":"product_tag-amigurumi-fr","11":"product_tag-appel-fr","12":"product_tag-cloche","13":"product_tag-hochet-fr-2","14":"product_tag-jouets-pour-bebes","15":"product_tag-mm-fr","16":"product_tag-son-fr","17":"product_tag-vert-jungle-fr","19":"first","20":"instock","21":"taxable","22":"shipping-taxable","23":"purchasable","24":"product-type-simple"},"bundled_by":[],"bundle_stock_status":"instock","bundle_stock_quantity":94,"bundle_virtual":false,"bundle_layout":"","bundle_add_to_cart_form_location":"","bundle_editable_in_cart":false,"bundle_sold_individually_context":"","bundle_item_grouping":"","bundle_min_size":"","bundle_max_size":"","bundle_price":[],"bundled_items":[],"bundle_sell_ids":[],"yoast_head":"<!-- This site is optimized with the Yoast SEO Premium plugin v27.6 (Yoast SEO v27.6) - https:\/\/yoast.com\/product\/yoast-seo-premium-wordpress\/ -->\n<title>Cloche - 12 mm - Vert Jungle - Par pi\u00e8ce - |Jootjes.co.uk<\/title>\n<meta name=\"description\" content=\"Clochette, hochet pour poup\u00e9e clown ou joker, amigurumi, cordon pour mannequin ou suspension pour landau. Son clair sans plomb ni bpa. Argent\" \/>\n<meta name=\"robots\" content=\"index, follow, max-snippet:-1, max-image-preview:large, max-video-preview:-1\" \/>\n<link rel=\"canonical\" href=\"https:\/\/www.jootjeshaakcadeautjes.nl\/fr\/produit\/belletje-12-mm-jungle-green-per-stuk\/\" \/>\n<meta property=\"og:locale\" content=\"fr_FR\" \/>\n<meta property=\"og:type\" content=\"article\" \/>\n<meta property=\"og:title\" content=\"Cloche - 12 mm - Vert Jungle - Par pi\u00e8ce\" \/>\n<meta property=\"og:description\" content=\"Clochette, hochet pour poup\u00e9e clown ou joker, amigurumi, cordon pour mannequin ou suspension pour landau. Son clair sans plomb ni bpa. Argent\" \/>\n<meta property=\"og:url\" content=\"https:\/\/www.jootjeshaakcadeautjes.nl\/fr\/produit\/belletje-12-mm-jungle-green-per-stuk\/\" \/>\n<meta property=\"og:site_name\" content=\"Jootjes Haakcadeautjes\" \/>\n<meta property=\"article:modified_time\" content=\"2026-03-16T11:45:20+00:00\" \/>\n<meta property=\"og:image\" content=\"https:\/\/www.jootjeshaakcadeautjes.nl\/wp-content\/uploads\/2024\/11\/20241119_095749.webp\" \/>\n\t<meta property=\"og:image:width\" content=\"2048\" \/>\n\t<meta property=\"og:image:height\" content=\"2048\" \/>\n\t<meta property=\"og:image:type\" content=\"image\/webp\" \/>\n<meta name=\"twitter:card\" content=\"summary_large_image\" \/>\n<meta name=\"twitter:label1\" content=\"Prix\" \/>\n\t<meta name=\"twitter:data1\" content=\"&euro;0.25 TTC\" \/>\n\t<meta name=\"twitter:label2\" content=\"Disponibilit\u00e9\" \/>\n\t<meta name=\"twitter:data2\" content=\"En stock\" \/>\n<script type=\"application\/ld+json\" class=\"yoast-schema-graph\">{\"@context\":\"https:\\\/\\\/schema.org\",\"@graph\":[{\"@type\":\"WebPage\",\"@id\":\"https:\\\/\\\/www.jootjeshaakcadeautjes.nl\\\/fr\\\/produit\\\/belletje-12-mm-jungle-green-per-stuk\\\/\",\"url\":\"https:\\\/\\\/www.jootjeshaakcadeautjes.nl\\\/fr\\\/produit\\\/belletje-12-mm-jungle-green-per-stuk\\\/\",\"name\":\"Cloche - 12 mm - Vert Jungle - Par pi\u00e8ce - |Jootjes.co.uk\",\"isPartOf\":{\"@id\":\"https:\\\/\\\/www.jootjeshaakcadeautjes.nl\\\/fr\\\/#website\"},\"primaryImageOfPage\":{\"@id\":\"https:\\\/\\\/www.jootjeshaakcadeautjes.nl\\\/fr\\\/produit\\\/belletje-12-mm-jungle-green-per-stuk\\\/#primaryimage\"},\"image\":{\"@id\":\"https:\\\/\\\/www.jootjeshaakcadeautjes.nl\\\/fr\\\/produit\\\/belletje-12-mm-jungle-green-per-stuk\\\/#primaryimage\"},\"thumbnailUrl\":\"https:\\\/\\\/d1dyryakdmle7o.cloudfront.net\\\/wp-content\\\/uploads\\\/2024\\\/11\\\/20241119_095749.webp\",\"datePublished\":\"2024-11-18T21:27:38+00:00\",\"dateModified\":\"2026-03-16T11:45:20+00:00\",\"description\":\"Clochette, hochet pour poup\u00e9e clown ou joker, amigurumi, cordon pour mannequin ou suspension pour landau. Son clair sans plomb ni bpa. Argent\",\"breadcrumb\":{\"@id\":\"https:\\\/\\\/www.jootjeshaakcadeautjes.nl\\\/fr\\\/produit\\\/belletje-12-mm-jungle-green-per-stuk\\\/#breadcrumb\"},\"inLanguage\":\"fr-FR\",\"potentialAction\":[{\"@type\":\"ReadAction\",\"target\":[\"https:\\\/\\\/www.jootjeshaakcadeautjes.nl\\\/fr\\\/produit\\\/belletje-12-mm-jungle-green-per-stuk\\\/\"]}]},{\"@type\":\"ImageObject\",\"inLanguage\":\"fr-FR\",\"@id\":\"https:\\\/\\\/www.jootjeshaakcadeautjes.nl\\\/fr\\\/produit\\\/belletje-12-mm-jungle-green-per-stuk\\\/#primaryimage\",\"url\":\"https:\\\/\\\/d1dyryakdmle7o.cloudfront.net\\\/wp-content\\\/uploads\\\/2024\\\/11\\\/20241119_095749.webp\",\"contentUrl\":\"https:\\\/\\\/d1dyryakdmle7o.cloudfront.net\\\/wp-content\\\/uploads\\\/2024\\\/11\\\/20241119_095749.webp\",\"width\":2048,\"height\":2048},{\"@type\":\"BreadcrumbList\",\"@id\":\"https:\\\/\\\/www.jootjeshaakcadeautjes.nl\\\/fr\\\/produit\\\/belletje-12-mm-jungle-green-per-stuk\\\/#breadcrumb\",\"itemListElement\":[{\"@type\":\"ListItem\",\"position\":1,\"name\":\"Accueil\",\"item\":\"https:\\\/\\\/www.jootjeshaakcadeautjes.nl\\\/fr\\\/\"},{\"@type\":\"ListItem\",\"position\":2,\"name\":\"Commerce de gros de perles en silicone &#8211; Entreprises et consommateurs\",\"item\":\"https:\\\/\\\/www.jootjeshaakcadeautjes.nl\\\/fr\\\/boutique\\\/\"},{\"@type\":\"ListItem\",\"position\":3,\"name\":\"Cloche &#8211; 12 mm &#8211; Vert Jungle &#8211; Par pi\u00e8ce\"}]},{\"@type\":\"WebSite\",\"@id\":\"https:\\\/\\\/www.jootjeshaakcadeautjes.nl\\\/fr\\\/#website\",\"url\":\"https:\\\/\\\/www.jootjeshaakcadeautjes.nl\\\/fr\\\/\",\"name\":\"Jootjes Haakcadeautjes\",\"description\":\"Grossiste en perles de silicone\",\"publisher\":{\"@id\":\"https:\\\/\\\/www.jootjeshaakcadeautjes.nl\\\/fr\\\/#organization\"},\"potentialAction\":[{\"@type\":\"SearchAction\",\"target\":{\"@type\":\"EntryPoint\",\"urlTemplate\":\"https:\\\/\\\/www.jootjeshaakcadeautjes.nl\\\/fr\\\/?s={search_term_string}\"},\"query-input\":{\"@type\":\"PropertyValueSpecification\",\"valueRequired\":true,\"valueName\":\"search_term_string\"}}],\"inLanguage\":\"fr-FR\"},{\"@type\":\"Organization\",\"@id\":\"https:\\\/\\\/www.jootjeshaakcadeautjes.nl\\\/fr\\\/#organization\",\"name\":\"Jootjes Haakcadeautjes\",\"url\":\"https:\\\/\\\/www.jootjeshaakcadeautjes.nl\\\/fr\\\/\",\"logo\":{\"@type\":\"ImageObject\",\"inLanguage\":\"fr-FR\",\"@id\":\"https:\\\/\\\/www.jootjeshaakcadeautjes.nl\\\/fr\\\/#\\\/schema\\\/logo\\\/image\\\/\",\"url\":\"https:\\\/\\\/d1dyryakdmle7o.cloudfront.net\\\/wp-content\\\/uploads\\\/2023\\\/05\\\/Logo-rond.png\",\"contentUrl\":\"https:\\\/\\\/d1dyryakdmle7o.cloudfront.net\\\/wp-content\\\/uploads\\\/2023\\\/05\\\/Logo-rond.png\",\"width\":1222,\"height\":1222,\"caption\":\"Jootjes Haakcadeautjes\"},\"image\":{\"@id\":\"https:\\\/\\\/www.jootjeshaakcadeautjes.nl\\\/fr\\\/#\\\/schema\\\/logo\\\/image\\\/\"}}]}<\/script>\n<meta property=\"product:price:amount\" content=\"0.25\" \/>\n<meta property=\"product:price:currency\" content=\"EUR\" \/>\n<meta property=\"og:availability\" content=\"instock\" \/>\n<meta property=\"product:availability\" content=\"instock\" \/>\n<meta property=\"product:retailer_item_id\" content=\"BEL-JNG-12M\" \/>\n<meta property=\"product:condition\" content=\"new\" \/>\n<!-- \/ Yoast SEO Premium plugin. -->","yoast_head_json":{"title":"Cloche - 12 mm - Vert Jungle - Par pi\u00e8ce - |Jootjes.co.uk","description":"Clochette, hochet pour poup\u00e9e clown ou joker, amigurumi, cordon pour mannequin ou suspension pour landau. Son clair sans plomb ni bpa. Argent","robots":{"index":"index","follow":"follow","max-snippet":"max-snippet:-1","max-image-preview":"max-image-preview:large","max-video-preview":"max-video-preview:-1"},"canonical":"https:\/\/www.jootjeshaakcadeautjes.nl\/fr\/produit\/belletje-12-mm-jungle-green-per-stuk\/","og_locale":"fr_FR","og_type":"article","og_title":"Cloche - 12 mm - Vert Jungle - Par pi\u00e8ce","og_description":"Clochette, hochet pour poup\u00e9e clown ou joker, amigurumi, cordon pour mannequin ou suspension pour landau. Son clair sans plomb ni bpa. Argent","og_url":"https:\/\/www.jootjeshaakcadeautjes.nl\/fr\/produit\/belletje-12-mm-jungle-green-per-stuk\/","og_site_name":"Jootjes Haakcadeautjes","article_modified_time":"2026-03-16T11:45:20+00:00","og_image":[{"width":2048,"height":2048,"url":"https:\/\/www.jootjeshaakcadeautjes.nl\/wp-content\/uploads\/2024\/11\/20241119_095749.webp","type":"image\/webp"}],"twitter_card":"summary_large_image","twitter_misc":{"Prix":"&euro;0.25 TTC","Disponibilit\u00e9":"En stock"},"schema":{"@context":"https:\/\/schema.org","@graph":[{"@type":"WebPage","@id":"https:\/\/www.jootjeshaakcadeautjes.nl\/fr\/produit\/belletje-12-mm-jungle-green-per-stuk\/","url":"https:\/\/www.jootjeshaakcadeautjes.nl\/fr\/produit\/belletje-12-mm-jungle-green-per-stuk\/","name":"Cloche - 12 mm - Vert Jungle - Par pi\u00e8ce - |Jootjes.co.uk","isPartOf":{"@id":"https:\/\/www.jootjeshaakcadeautjes.nl\/fr\/#website"},"primaryImageOfPage":{"@id":"https:\/\/www.jootjeshaakcadeautjes.nl\/fr\/produit\/belletje-12-mm-jungle-green-per-stuk\/#primaryimage"},"image":{"@id":"https:\/\/www.jootjeshaakcadeautjes.nl\/fr\/produit\/belletje-12-mm-jungle-green-per-stuk\/#primaryimage"},"thumbnailUrl":"https:\/\/d1dyryakdmle7o.cloudfront.net\/wp-content\/uploads\/2024\/11\/20241119_095749.webp","datePublished":"2024-11-18T21:27:38+00:00","dateModified":"2026-03-16T11:45:20+00:00","description":"Clochette, hochet pour poup\u00e9e clown ou joker, amigurumi, cordon pour mannequin ou suspension pour landau. Son clair sans plomb ni bpa. Argent","breadcrumb":{"@id":"https:\/\/www.jootjeshaakcadeautjes.nl\/fr\/produit\/belletje-12-mm-jungle-green-per-stuk\/#breadcrumb"},"inLanguage":"fr-FR","potentialAction":[{"@type":"ReadAction","target":["https:\/\/www.jootjeshaakcadeautjes.nl\/fr\/produit\/belletje-12-mm-jungle-green-per-stuk\/"]}]},{"@type":"ImageObject","inLanguage":"fr-FR","@id":"https:\/\/www.jootjeshaakcadeautjes.nl\/fr\/produit\/belletje-12-mm-jungle-green-per-stuk\/#primaryimage","url":"https:\/\/d1dyryakdmle7o.cloudfront.net\/wp-content\/uploads\/2024\/11\/20241119_095749.webp","contentUrl":"https:\/\/d1dyryakdmle7o.cloudfront.net\/wp-content\/uploads\/2024\/11\/20241119_095749.webp","width":2048,"height":2048},{"@type":"BreadcrumbList","@id":"https:\/\/www.jootjeshaakcadeautjes.nl\/fr\/produit\/belletje-12-mm-jungle-green-per-stuk\/#breadcrumb","itemListElement":[{"@type":"ListItem","position":1,"name":"Accueil","item":"https:\/\/www.jootjeshaakcadeautjes.nl\/fr\/"},{"@type":"ListItem","position":2,"name":"Commerce de gros de perles en silicone &#8211; Entreprises et consommateurs","item":"https:\/\/www.jootjeshaakcadeautjes.nl\/fr\/boutique\/"},{"@type":"ListItem","position":3,"name":"Cloche &#8211; 12 mm &#8211; Vert Jungle &#8211; Par pi\u00e8ce"}]},{"@type":"WebSite","@id":"https:\/\/www.jootjeshaakcadeautjes.nl\/fr\/#website","url":"https:\/\/www.jootjeshaakcadeautjes.nl\/fr\/","name":"Jootjes Haakcadeautjes","description":"Grossiste en perles de silicone","publisher":{"@id":"https:\/\/www.jootjeshaakcadeautjes.nl\/fr\/#organization"},"potentialAction":[{"@type":"SearchAction","target":{"@type":"EntryPoint","urlTemplate":"https:\/\/www.jootjeshaakcadeautjes.nl\/fr\/?s={search_term_string}"},"query-input":{"@type":"PropertyValueSpecification","valueRequired":true,"valueName":"search_term_string"}}],"inLanguage":"fr-FR"},{"@type":"Organization","@id":"https:\/\/www.jootjeshaakcadeautjes.nl\/fr\/#organization","name":"Jootjes Haakcadeautjes","url":"https:\/\/www.jootjeshaakcadeautjes.nl\/fr\/","logo":{"@type":"ImageObject","inLanguage":"fr-FR","@id":"https:\/\/www.jootjeshaakcadeautjes.nl\/fr\/#\/schema\/logo\/image\/","url":"https:\/\/d1dyryakdmle7o.cloudfront.net\/wp-content\/uploads\/2023\/05\/Logo-rond.png","contentUrl":"https:\/\/d1dyryakdmle7o.cloudfront.net\/wp-content\/uploads\/2023\/05\/Logo-rond.png","width":1222,"height":1222,"caption":"Jootjes Haakcadeautjes"},"image":{"@id":"https:\/\/www.jootjeshaakcadeautjes.nl\/fr\/#\/schema\/logo\/image\/"}}]},"product_price_amount":"0.25","product_price_currency":"EUR","og_availability":"instock","product_availability":"instock","product_retailer_item_id":"BEL-JNG-12M","product_condition":"new"},"_links":{"self":[{"href":"https:\/\/www.jootjeshaakcadeautjes.nl\/fr\/wp-json\/wp\/v2\/product\/182658","targetHints":{"allow":["GET"]}}],"collection":[{"href":"https:\/\/www.jootjeshaakcadeautjes.nl\/fr\/wp-json\/wp\/v2\/product"}],"about":[{"href":"https:\/\/www.jootjeshaakcadeautjes.nl\/fr\/wp-json\/wp\/v2\/types\/product"}],"version-history":[{"count":0,"href":"https:\/\/www.jootjeshaakcadeautjes.nl\/fr\/wp-json\/wp\/v2\/product\/182658\/revisions"}],"wp:featuredmedia":[{"embeddable":true,"href":"https:\/\/www.jootjeshaakcadeautjes.nl\/fr\/wp-json\/wp\/v2\/media\/183144"}],"wp:attachment":[{"href":"https:\/\/www.jootjeshaakcadeautjes.nl\/fr\/wp-json\/wp\/v2\/media?parent=182658"}],"wp:term":[{"taxonomy":"product_brand","embeddable":true,"href":"https:\/\/www.jootjeshaakcadeautjes.nl\/fr\/wp-json\/wp\/v2\/product_brand?post=182658"},{"taxonomy":"product_cat","embeddable":true,"href":"https:\/\/www.jootjeshaakcadeautjes.nl\/fr\/wp-json\/wp\/v2\/product_cat?post=182658"},{"taxonomy":"product_tag","embeddable":true,"href":"https:\/\/www.jootjeshaakcadeautjes.nl\/fr\/wp-json\/wp\/v2\/product_tag?post=182658"}],"curies":[{"name":"wp","href":"https:\/\/api.w.org\/{rel}","templated":true}]}}