{"id":184271,"date":"2025-05-13T09:35:42","date_gmt":"2025-05-13T07:35:42","guid":{"rendered":"https:\/\/www.jootjeshaakcadeautjes.nl\/?post_type=product&#038;p=184271"},"modified":"2026-02-25T09:48:12","modified_gmt":"2026-02-25T08:48:12","slug":"siliconen-kraal-3d-reynaart-de-vos-rose","status":"publish","type":"product","link":"https:\/\/www.jootjeshaakcadeautjes.nl\/fr\/produit\/siliconen-kraal-3d-reynaart-de-vos-rose\/","title":{"rendered":"Perle de silicone &#8211; 3D &#8211; Reynaart le renard &#8211; Rose"},"content":{"rendered":"<h2>Perle de silicone &#8211; 3D &#8211; Reynaart le renard &#8211; Rose<\/h2>\n<p><strong>Mat\u00e9riau :<\/strong> Silicone, sans BPA, sans phtalates, sans PVC, sans plomb, sans cadmium, sans aluminium, sans plomb, etc. L&#8217;absence totale de poison a \u00e9t\u00e9 constat\u00e9e sur la base de la certification EN-71 pour les jouets pour b\u00e9b\u00e9s et enfants. <\/p>\n<p><strong>Certification :<\/strong> FDA, convient aux produits finis certifi\u00e9s CE, EN 71<br \/>\n(EN71-1, 2 et 3 ; propri\u00e9t\u00e9s m\u00e9caniques et physiques, inflammabilit\u00e9 et migration des \u00e9l\u00e9ments).<\/p>\n<p><strong>Utilisation : <\/strong>Ces perles de renard en silicone sont perc\u00e9es de part en part, c&#8217;est pourquoi elles sont toujours utilis\u00e9es en ligne. Ces perles en silicone en forme de feuille sont donc souvent utilis\u00e9es dans un cordon de t\u00e9tine, un cordon de landau, un mobile de parc ou un pendentif.<\/p>\n<p><em>Les photos sur le site web sont ajust\u00e9es pour la fid\u00e9lit\u00e9 des couleurs autant que possible. Toutefois, cela diff\u00e8re selon l&#8217;appareil (ordinateur, tablette ou mobile) et l&#8217;\u00e9cran. Les couleurs peuvent varier l\u00e9g\u00e8rement par rapport aux images.  <\/em><\/p>\n<p><em>Tous les produits de Jootjes Haakcadeautjes sont \u00e0 l&#8217;\u00e9preuve des enfants. Veuillez noter que les produits finis (anneaux de dentition, cordons de t\u00e9tine, sucettes de landau et autres) ont leurs propres crit\u00e8res de s\u00e9curit\u00e9 qu&#8217;ils doivent respecter. Jootjes Haakcadeautjes ne garantit que les mat\u00e9riaux et non le produit fini.   Jootjes Haakcadeautjes n&#8217;est donc en aucun cas responsable des dommages r\u00e9sultant de l&#8217;utilisation du produit fini. Ne jamais utiliser de perles libres. Contr\u00f4ler r\u00e9guli\u00e8rement la s\u00e9curit\u00e9 du produit fini. Ne l&#8217;utilisez que sous la surveillance d&#8217;un adulte. Ne laissez pas votre enfant sans surveillance avec ce produit et ne dormez pas avec.  <\/em><\/p>\n","protected":false},"excerpt":{"rendered":"<p><strong>Mat\u00e9riau :<\/strong> Silicone, sans BPA, sans phtalates, sans PVC, sans plomb, sans cadmium, sans aluminium, sans plomb, etc. L&#8217;absence totale de poison a \u00e9t\u00e9 constat\u00e9e sur la base de la certification EN-71 pour les jouets pour b\u00e9b\u00e9s et enfants.<br \/>\n<strong>Certification :<\/strong> EN 71, convient aux produits finis certifi\u00e9s CE<\/p>\n<p>Pour plus d&#8217;informations, lisez la suite au bas de la page.<\/p>\n","protected":false},"featured_media":226336,"template":"","meta":[],"product_brand":[],"product_cat":[7378,10315,12371,6992,7398],"product_tag":[10363,7384,7424,10295,7455,7463,10223,10138,7418,12379,9997,7440,10140,15439,12382,14985,7395,7200,16973,7617,13406,7212,7433,12705,12526],"class_list":{"0":"post-184271","1":"product","2":"type-product","3":"status-publish","4":"has-post-thumbnail","6":"product_cat-fabrication-de-jouets-de-dentition-pour-bebe-cordon-de-sucette-et-anneaux-de-dentition","7":"product_cat-perles-en-silicone-autres-perles-de-luxe","8":"product_cat-perles-en-silicone-feuille","9":"product_cat-perles-en-silicone-sans-bpa-grossiste","10":"product_cat-perles-en-silicone-toutes-les-perles-de-luxe-multicolores","11":"product_tag-3d-fr","12":"product_tag-anneau-de-dentition","13":"product_tag-bpa-fr","14":"product_tag-certifie-fr","15":"product_tag-chaine-de-landau","16":"product_tag-commerce-de-gros","17":"product_tag-crochet-de-wagon","18":"product_tag-crochet-pour-sac-fr","19":"product_tag-faux-cordon","20":"product_tag-fda-fr","21":"product_tag-fr-71","22":"product_tag-gratuit","23":"product_tag-jaszipper-fr","24":"product_tag-lallaitement","25":"product_tag-parc-mobile","26":"product_tag-pendentif-telephonique","27":"product_tag-perle","28":"product_tag-perles","29":"product_tag-reynaart-de-vos-fr","30":"product_tag-rose-fr-2","31":"product_tag-serveur-de-gateaux-fr","32":"product_tag-silicone-fr","33":"product_tag-stylo","34":"product_tag-stylos","35":"product_tag-telephone","37":"first","38":"instock","39":"taxable","40":"shipping-taxable","41":"purchasable","42":"product-type-simple"},"bundled_by":["270557"],"bundle_stock_status":"instock","bundle_stock_quantity":31,"bundle_virtual":false,"bundle_layout":"","bundle_add_to_cart_form_location":"","bundle_editable_in_cart":false,"bundle_sold_individually_context":"","bundle_item_grouping":"","bundle_min_size":"","bundle_max_size":"","bundle_price":[],"bundled_items":[],"bundle_sell_ids":[],"yoast_head":"<!-- This site is optimized with the Yoast SEO Premium plugin v27.6 (Yoast SEO v27.6) - https:\/\/yoast.com\/product\/yoast-seo-premium-wordpress\/ -->\n<title>Perle de silicone - 3D - Reynaart le renard - Rose - Sans BPA<\/title>\n<meta name=\"description\" content=\"Perle de silicone feuille naturelle petit gris clair. Pour cordon de t\u00e9tine, mobile de parc ou suspension de landau. Sans BPA, certifi\u00e9 CE et FDA. EN-71.\" \/>\n<meta name=\"robots\" content=\"index, follow, max-snippet:-1, max-image-preview:large, max-video-preview:-1\" \/>\n<link rel=\"canonical\" href=\"https:\/\/www.jootjeshaakcadeautjes.nl\/fr\/produit\/siliconen-kraal-3d-reynaart-de-vos-rose\/\" \/>\n<meta property=\"og:locale\" content=\"fr_FR\" \/>\n<meta property=\"og:type\" content=\"article\" \/>\n<meta property=\"og:title\" content=\"Perle de silicone - 3D - Reynaart le renard - Rose\" \/>\n<meta property=\"og:description\" content=\"Perle de silicone feuille naturelle petit gris clair. Pour cordon de t\u00e9tine, mobile de parc ou suspension de landau. Sans BPA, certifi\u00e9 CE et FDA. EN-71.\" \/>\n<meta property=\"og:url\" content=\"https:\/\/www.jootjeshaakcadeautjes.nl\/fr\/produit\/siliconen-kraal-3d-reynaart-de-vos-rose\/\" \/>\n<meta property=\"og:site_name\" content=\"Jootjes Haakcadeautjes\" \/>\n<meta property=\"article:modified_time\" content=\"2026-02-25T08:48:12+00:00\" \/>\n<meta property=\"og:image\" content=\"https:\/\/www.jootjeshaakcadeautjes.nl\/wp-content\/uploads\/2025\/05\/Naamloos-1337.webp\" \/>\n\t<meta property=\"og:image:width\" content=\"2048\" \/>\n\t<meta property=\"og:image:height\" content=\"2048\" \/>\n\t<meta property=\"og:image:type\" content=\"image\/webp\" \/>\n<meta name=\"twitter:card\" content=\"summary_large_image\" \/>\n<meta name=\"twitter:label1\" content=\"Prix\" \/>\n\t<meta name=\"twitter:data1\" content=\"&euro;0.85 TTC\" \/>\n\t<meta name=\"twitter:label2\" content=\"Disponibilit\u00e9\" \/>\n\t<meta name=\"twitter:data2\" content=\"En stock\" \/>\n<script type=\"application\/ld+json\" class=\"yoast-schema-graph\">{\"@context\":\"https:\\\/\\\/schema.org\",\"@graph\":[{\"@type\":\"WebPage\",\"@id\":\"https:\\\/\\\/www.jootjeshaakcadeautjes.nl\\\/fr\\\/produit\\\/siliconen-kraal-3d-reynaart-de-vos-rose\\\/\",\"url\":\"https:\\\/\\\/www.jootjeshaakcadeautjes.nl\\\/fr\\\/produit\\\/siliconen-kraal-3d-reynaart-de-vos-rose\\\/\",\"name\":\"Perle de silicone - 3D - Reynaart le renard - Rose - Sans BPA\",\"isPartOf\":{\"@id\":\"https:\\\/\\\/www.jootjeshaakcadeautjes.nl\\\/fr\\\/#website\"},\"primaryImageOfPage\":{\"@id\":\"https:\\\/\\\/www.jootjeshaakcadeautjes.nl\\\/fr\\\/produit\\\/siliconen-kraal-3d-reynaart-de-vos-rose\\\/#primaryimage\"},\"image\":{\"@id\":\"https:\\\/\\\/www.jootjeshaakcadeautjes.nl\\\/fr\\\/produit\\\/siliconen-kraal-3d-reynaart-de-vos-rose\\\/#primaryimage\"},\"thumbnailUrl\":\"https:\\\/\\\/d1dyryakdmle7o.cloudfront.net\\\/wp-content\\\/uploads\\\/2025\\\/05\\\/Naamloos-1337.webp\",\"datePublished\":\"2025-05-13T07:35:42+00:00\",\"dateModified\":\"2026-02-25T08:48:12+00:00\",\"description\":\"Perle de silicone feuille naturelle petit gris clair. Pour cordon de t\u00e9tine, mobile de parc ou suspension de landau. Sans BPA, certifi\u00e9 CE et FDA. EN-71.\",\"breadcrumb\":{\"@id\":\"https:\\\/\\\/www.jootjeshaakcadeautjes.nl\\\/fr\\\/produit\\\/siliconen-kraal-3d-reynaart-de-vos-rose\\\/#breadcrumb\"},\"inLanguage\":\"fr-FR\",\"potentialAction\":[{\"@type\":\"ReadAction\",\"target\":[\"https:\\\/\\\/www.jootjeshaakcadeautjes.nl\\\/fr\\\/produit\\\/siliconen-kraal-3d-reynaart-de-vos-rose\\\/\"]}]},{\"@type\":\"ImageObject\",\"inLanguage\":\"fr-FR\",\"@id\":\"https:\\\/\\\/www.jootjeshaakcadeautjes.nl\\\/fr\\\/produit\\\/siliconen-kraal-3d-reynaart-de-vos-rose\\\/#primaryimage\",\"url\":\"https:\\\/\\\/d1dyryakdmle7o.cloudfront.net\\\/wp-content\\\/uploads\\\/2025\\\/05\\\/Naamloos-1337.webp\",\"contentUrl\":\"https:\\\/\\\/d1dyryakdmle7o.cloudfront.net\\\/wp-content\\\/uploads\\\/2025\\\/05\\\/Naamloos-1337.webp\",\"width\":2048,\"height\":2048},{\"@type\":\"BreadcrumbList\",\"@id\":\"https:\\\/\\\/www.jootjeshaakcadeautjes.nl\\\/fr\\\/produit\\\/siliconen-kraal-3d-reynaart-de-vos-rose\\\/#breadcrumb\",\"itemListElement\":[{\"@type\":\"ListItem\",\"position\":1,\"name\":\"Accueil\",\"item\":\"https:\\\/\\\/www.jootjeshaakcadeautjes.nl\\\/fr\\\/\"},{\"@type\":\"ListItem\",\"position\":2,\"name\":\"Commerce de gros de perles en silicone &#8211; Entreprises et consommateurs\",\"item\":\"https:\\\/\\\/www.jootjeshaakcadeautjes.nl\\\/fr\\\/boutique\\\/\"},{\"@type\":\"ListItem\",\"position\":3,\"name\":\"Perle de silicone &#8211; 3D &#8211; Reynaart le renard &#8211; Rose\"}]},{\"@type\":\"WebSite\",\"@id\":\"https:\\\/\\\/www.jootjeshaakcadeautjes.nl\\\/fr\\\/#website\",\"url\":\"https:\\\/\\\/www.jootjeshaakcadeautjes.nl\\\/fr\\\/\",\"name\":\"Jootjes Haakcadeautjes\",\"description\":\"Grossiste en perles de silicone\",\"publisher\":{\"@id\":\"https:\\\/\\\/www.jootjeshaakcadeautjes.nl\\\/fr\\\/#organization\"},\"potentialAction\":[{\"@type\":\"SearchAction\",\"target\":{\"@type\":\"EntryPoint\",\"urlTemplate\":\"https:\\\/\\\/www.jootjeshaakcadeautjes.nl\\\/fr\\\/?s={search_term_string}\"},\"query-input\":{\"@type\":\"PropertyValueSpecification\",\"valueRequired\":true,\"valueName\":\"search_term_string\"}}],\"inLanguage\":\"fr-FR\"},{\"@type\":\"Organization\",\"@id\":\"https:\\\/\\\/www.jootjeshaakcadeautjes.nl\\\/fr\\\/#organization\",\"name\":\"Jootjes Haakcadeautjes\",\"url\":\"https:\\\/\\\/www.jootjeshaakcadeautjes.nl\\\/fr\\\/\",\"logo\":{\"@type\":\"ImageObject\",\"inLanguage\":\"fr-FR\",\"@id\":\"https:\\\/\\\/www.jootjeshaakcadeautjes.nl\\\/fr\\\/#\\\/schema\\\/logo\\\/image\\\/\",\"url\":\"https:\\\/\\\/d1dyryakdmle7o.cloudfront.net\\\/wp-content\\\/uploads\\\/2023\\\/05\\\/Logo-rond.png\",\"contentUrl\":\"https:\\\/\\\/d1dyryakdmle7o.cloudfront.net\\\/wp-content\\\/uploads\\\/2023\\\/05\\\/Logo-rond.png\",\"width\":1222,\"height\":1222,\"caption\":\"Jootjes Haakcadeautjes\"},\"image\":{\"@id\":\"https:\\\/\\\/www.jootjeshaakcadeautjes.nl\\\/fr\\\/#\\\/schema\\\/logo\\\/image\\\/\"}}]}<\/script>\n<meta property=\"product:price:amount\" content=\"0.85\" \/>\n<meta property=\"product:price:currency\" content=\"EUR\" \/>\n<meta property=\"og:availability\" content=\"instock\" \/>\n<meta property=\"product:availability\" content=\"instock\" \/>\n<meta property=\"product:retailer_item_id\" content=\"SIL-3DV-RVR\" \/>\n<meta property=\"product:condition\" content=\"new\" \/>\n<!-- \/ Yoast SEO Premium plugin. -->","yoast_head_json":{"title":"Perle de silicone - 3D - Reynaart le renard - Rose - Sans BPA","description":"Perle de silicone feuille naturelle petit gris clair. Pour cordon de t\u00e9tine, mobile de parc ou suspension de landau. Sans BPA, certifi\u00e9 CE et FDA. EN-71.","robots":{"index":"index","follow":"follow","max-snippet":"max-snippet:-1","max-image-preview":"max-image-preview:large","max-video-preview":"max-video-preview:-1"},"canonical":"https:\/\/www.jootjeshaakcadeautjes.nl\/fr\/produit\/siliconen-kraal-3d-reynaart-de-vos-rose\/","og_locale":"fr_FR","og_type":"article","og_title":"Perle de silicone - 3D - Reynaart le renard - Rose","og_description":"Perle de silicone feuille naturelle petit gris clair. Pour cordon de t\u00e9tine, mobile de parc ou suspension de landau. Sans BPA, certifi\u00e9 CE et FDA. EN-71.","og_url":"https:\/\/www.jootjeshaakcadeautjes.nl\/fr\/produit\/siliconen-kraal-3d-reynaart-de-vos-rose\/","og_site_name":"Jootjes Haakcadeautjes","article_modified_time":"2026-02-25T08:48:12+00:00","og_image":[{"width":2048,"height":2048,"url":"https:\/\/www.jootjeshaakcadeautjes.nl\/wp-content\/uploads\/2025\/05\/Naamloos-1337.webp","type":"image\/webp"}],"twitter_card":"summary_large_image","twitter_misc":{"Prix":"&euro;0.85 TTC","Disponibilit\u00e9":"En stock"},"schema":{"@context":"https:\/\/schema.org","@graph":[{"@type":"WebPage","@id":"https:\/\/www.jootjeshaakcadeautjes.nl\/fr\/produit\/siliconen-kraal-3d-reynaart-de-vos-rose\/","url":"https:\/\/www.jootjeshaakcadeautjes.nl\/fr\/produit\/siliconen-kraal-3d-reynaart-de-vos-rose\/","name":"Perle de silicone - 3D - Reynaart le renard - Rose - Sans BPA","isPartOf":{"@id":"https:\/\/www.jootjeshaakcadeautjes.nl\/fr\/#website"},"primaryImageOfPage":{"@id":"https:\/\/www.jootjeshaakcadeautjes.nl\/fr\/produit\/siliconen-kraal-3d-reynaart-de-vos-rose\/#primaryimage"},"image":{"@id":"https:\/\/www.jootjeshaakcadeautjes.nl\/fr\/produit\/siliconen-kraal-3d-reynaart-de-vos-rose\/#primaryimage"},"thumbnailUrl":"https:\/\/d1dyryakdmle7o.cloudfront.net\/wp-content\/uploads\/2025\/05\/Naamloos-1337.webp","datePublished":"2025-05-13T07:35:42+00:00","dateModified":"2026-02-25T08:48:12+00:00","description":"Perle de silicone feuille naturelle petit gris clair. Pour cordon de t\u00e9tine, mobile de parc ou suspension de landau. Sans BPA, certifi\u00e9 CE et FDA. EN-71.","breadcrumb":{"@id":"https:\/\/www.jootjeshaakcadeautjes.nl\/fr\/produit\/siliconen-kraal-3d-reynaart-de-vos-rose\/#breadcrumb"},"inLanguage":"fr-FR","potentialAction":[{"@type":"ReadAction","target":["https:\/\/www.jootjeshaakcadeautjes.nl\/fr\/produit\/siliconen-kraal-3d-reynaart-de-vos-rose\/"]}]},{"@type":"ImageObject","inLanguage":"fr-FR","@id":"https:\/\/www.jootjeshaakcadeautjes.nl\/fr\/produit\/siliconen-kraal-3d-reynaart-de-vos-rose\/#primaryimage","url":"https:\/\/d1dyryakdmle7o.cloudfront.net\/wp-content\/uploads\/2025\/05\/Naamloos-1337.webp","contentUrl":"https:\/\/d1dyryakdmle7o.cloudfront.net\/wp-content\/uploads\/2025\/05\/Naamloos-1337.webp","width":2048,"height":2048},{"@type":"BreadcrumbList","@id":"https:\/\/www.jootjeshaakcadeautjes.nl\/fr\/produit\/siliconen-kraal-3d-reynaart-de-vos-rose\/#breadcrumb","itemListElement":[{"@type":"ListItem","position":1,"name":"Accueil","item":"https:\/\/www.jootjeshaakcadeautjes.nl\/fr\/"},{"@type":"ListItem","position":2,"name":"Commerce de gros de perles en silicone &#8211; Entreprises et consommateurs","item":"https:\/\/www.jootjeshaakcadeautjes.nl\/fr\/boutique\/"},{"@type":"ListItem","position":3,"name":"Perle de silicone &#8211; 3D &#8211; Reynaart le renard &#8211; Rose"}]},{"@type":"WebSite","@id":"https:\/\/www.jootjeshaakcadeautjes.nl\/fr\/#website","url":"https:\/\/www.jootjeshaakcadeautjes.nl\/fr\/","name":"Jootjes Haakcadeautjes","description":"Grossiste en perles de silicone","publisher":{"@id":"https:\/\/www.jootjeshaakcadeautjes.nl\/fr\/#organization"},"potentialAction":[{"@type":"SearchAction","target":{"@type":"EntryPoint","urlTemplate":"https:\/\/www.jootjeshaakcadeautjes.nl\/fr\/?s={search_term_string}"},"query-input":{"@type":"PropertyValueSpecification","valueRequired":true,"valueName":"search_term_string"}}],"inLanguage":"fr-FR"},{"@type":"Organization","@id":"https:\/\/www.jootjeshaakcadeautjes.nl\/fr\/#organization","name":"Jootjes Haakcadeautjes","url":"https:\/\/www.jootjeshaakcadeautjes.nl\/fr\/","logo":{"@type":"ImageObject","inLanguage":"fr-FR","@id":"https:\/\/www.jootjeshaakcadeautjes.nl\/fr\/#\/schema\/logo\/image\/","url":"https:\/\/d1dyryakdmle7o.cloudfront.net\/wp-content\/uploads\/2023\/05\/Logo-rond.png","contentUrl":"https:\/\/d1dyryakdmle7o.cloudfront.net\/wp-content\/uploads\/2023\/05\/Logo-rond.png","width":1222,"height":1222,"caption":"Jootjes Haakcadeautjes"},"image":{"@id":"https:\/\/www.jootjeshaakcadeautjes.nl\/fr\/#\/schema\/logo\/image\/"}}]},"product_price_amount":"0.85","product_price_currency":"EUR","og_availability":"instock","product_availability":"instock","product_retailer_item_id":"SIL-3DV-RVR","product_condition":"new"},"_links":{"self":[{"href":"https:\/\/www.jootjeshaakcadeautjes.nl\/fr\/wp-json\/wp\/v2\/product\/184271","targetHints":{"allow":["GET"]}}],"collection":[{"href":"https:\/\/www.jootjeshaakcadeautjes.nl\/fr\/wp-json\/wp\/v2\/product"}],"about":[{"href":"https:\/\/www.jootjeshaakcadeautjes.nl\/fr\/wp-json\/wp\/v2\/types\/product"}],"version-history":[{"count":0,"href":"https:\/\/www.jootjeshaakcadeautjes.nl\/fr\/wp-json\/wp\/v2\/product\/184271\/revisions"}],"wp:featuredmedia":[{"embeddable":true,"href":"https:\/\/www.jootjeshaakcadeautjes.nl\/fr\/wp-json\/wp\/v2\/media\/226336"}],"wp:attachment":[{"href":"https:\/\/www.jootjeshaakcadeautjes.nl\/fr\/wp-json\/wp\/v2\/media?parent=184271"}],"wp:term":[{"taxonomy":"product_brand","embeddable":true,"href":"https:\/\/www.jootjeshaakcadeautjes.nl\/fr\/wp-json\/wp\/v2\/product_brand?post=184271"},{"taxonomy":"product_cat","embeddable":true,"href":"https:\/\/www.jootjeshaakcadeautjes.nl\/fr\/wp-json\/wp\/v2\/product_cat?post=184271"},{"taxonomy":"product_tag","embeddable":true,"href":"https:\/\/www.jootjeshaakcadeautjes.nl\/fr\/wp-json\/wp\/v2\/product_tag?post=184271"}],"curies":[{"name":"wp","href":"https:\/\/api.w.org\/{rel}","templated":true}]}}