{"id":186362,"date":"2024-12-04T15:39:00","date_gmt":"2024-12-04T13:39:00","guid":{"rendered":"https:\/\/www.jootjeshaakcadeautjes.nl\/product\/cadeaubon-jootjes\/"},"modified":"2025-03-11T21:25:59","modified_gmt":"2025-03-11T20:25:59","slug":"cadeaubon-jootjes","status":"publish","type":"product","link":"https:\/\/www.jootjeshaakcadeautjes.nl\/fr\/produit\/cadeaubon-jootjes\/","title":{"rendered":"Ch\u00e8que-cadeau sur papier &#8211; Jootjes &#8211; Choisissez vous-m\u00eame le montant"},"content":{"rendered":"<h1>Ch\u00e8que-cadeau sur papier &#8211; Jootjes &#8211; Choisissez vous-m\u00eame le montant<\/h1>\n<p>Envie d&#8217;offrir un cadeau vraiment festif ? Optez pour notre ch\u00e8que-cadeau en papier ! Ce magnifique ch\u00e8que est imprim\u00e9 sur un luxueux papier glac\u00e9 et a l&#8217;aspect d&#8217;un ch\u00e8que-cadeau \u00e9l\u00e9gant, parfaitement adapt\u00e9 aux occasions sp\u00e9ciales. Il est parfait pour une pr\u00e9sentation personnelle ou un envoi par la poste.   <\/p>\n<ul>\n<li>Un <strong>design luxueux et festif<\/strong> &#8211; Un ch\u00e8que-cadeau qui ressemble \u00e0 un vrai cadeau, le tout dans un style ch\u00e8que-cadeau.<\/li>\n<li><strong>Personnalis\u00e9<\/strong> &#8211; Choisissez le montant qui correspond le mieux \u00e0 votre surprise.<\/li>\n<li><strong>Convient \u00e0 toutes les occasions<\/strong> &#8211; Id\u00e9al pour les anniversaires, la Saint-Nicolas, No\u00ebl, la f\u00eate des m\u00e8res ou simplement pour surprendre quelqu&#8217;un.<\/li>\n<\/ul>\n<p>Veuillez noter que les frais d&#8217;exp\u00e9dition s&#8217;appliquent au ch\u00e8que-cadeau en papier. Impressionnez avec ce magnifique ch\u00e8que-cadeau et inspirez les cr\u00e9ateurs \u00e0 cr\u00e9er les plus beaux objets faits main et personnalis\u00e9s avec nos perles en silicone de haute qualit\u00e9 et d&#8217;autres mat\u00e9riaux de bricolage. Commandez d\u00e8s aujourd&#8217;hui votre ch\u00e8que-cadeau en papier et faites-en un cadeau inoubliable !<\/p>\n","protected":false},"excerpt":{"rendered":"<p>Offrez un cadeau unique avec notre luxueux ch\u00e8que-cadeau en papier, imprim\u00e9 sur papier glac\u00e9 dans un style \u00e9l\u00e9gant de ch\u00e8que-cadeau. Choisissez le montant de votre choix et impressionnez avec ce cadeau festif, parfait pour toutes les occasions telles que les anniversaires, la Saint-Nicolas, No\u00ebl ou la f\u00eate des m\u00e8res. Remarque : des frais d&#8217;exp\u00e9dition s&#8217;appliquent \u00e0 l&#8217;envoi de ce ch\u00e8que-cadeau en papier. <\/p>\n","protected":false},"featured_media":185468,"template":"","meta":[],"product_brand":[],"product_cat":[19542,16997,18289],"product_tag":[10093,7476,17001,16999,7396,16998,17002,17000,10240,14052,12428],"class_list":{"0":"post-186362","1":"product","2":"type-product","3":"status-publish","4":"has-post-thumbnail","6":"product_cat-carte-cadeau-jootjes-pour-noel","7":"product_cat-cheque-cadeau","8":"product_cat-thema-sinterklaas","9":"product_tag-a-fr-2","10":"product_tag-acheter","11":"product_tag-autres","12":"product_tag-bon-fr","13":"product_tag-cadeau-fr","14":"product_tag-cheque-cadeau","15":"product_tag-cheques-cadeaux","16":"product_tag-credit-fr","17":"product_tag-joots-fr","18":"product_tag-numerique","19":"product_tag-pour","21":"first","22":"instock","23":"taxable","24":"shipping-taxable","25":"purchasable","26":"product-type-variable"},"bundled_by":[],"bundle_stock_status":"instock","bundle_stock_quantity":null,"bundle_virtual":false,"bundle_layout":"","bundle_add_to_cart_form_location":"","bundle_editable_in_cart":false,"bundle_sold_individually_context":"","bundle_item_grouping":"","bundle_min_size":"","bundle_max_size":"","bundle_price":[],"bundled_items":[],"bundle_sell_ids":[],"yoast_head":"<!-- This site is optimized with the Yoast SEO Premium plugin v27.6 (Yoast SEO v27.6) - https:\/\/yoast.com\/product\/yoast-seo-premium-wordpress\/ -->\n<title>Ch\u00e8que-cadeau sur papier - Jootjes - Choisissez vous-m\u00eame le montant - Jootjes Haakcadeautjes<\/title>\n<meta name=\"description\" content=\"Surprenez un cr\u00e9ateur avec un ch\u00e8que-cadeau num\u00e9rique de Jootjes Crochet Gifts. Parfait pour faire des cadeaux personnalis\u00e9s.\" \/>\n<meta name=\"robots\" content=\"index, follow, max-snippet:-1, max-image-preview:large, max-video-preview:-1\" \/>\n<link rel=\"canonical\" href=\"https:\/\/www.jootjeshaakcadeautjes.nl\/fr\/produit\/cadeaubon-jootjes\/\" \/>\n<meta property=\"og:locale\" content=\"fr_FR\" \/>\n<meta property=\"og:type\" content=\"article\" \/>\n<meta property=\"og:title\" content=\"Ch\u00e8que-cadeau sur papier - Jootjes - Choisissez vous-m\u00eame le montant\" \/>\n<meta property=\"og:description\" content=\"Surprenez un cr\u00e9ateur avec un ch\u00e8que-cadeau num\u00e9rique de Jootjes Crochet Gifts. Parfait pour faire des cadeaux personnalis\u00e9s.\" \/>\n<meta property=\"og:url\" content=\"https:\/\/www.jootjeshaakcadeautjes.nl\/fr\/produit\/cadeaubon-jootjes\/\" \/>\n<meta property=\"og:site_name\" content=\"Jootjes Haakcadeautjes\" \/>\n<meta property=\"article:modified_time\" content=\"2025-03-11T20:25:59+00:00\" \/>\n<meta property=\"og:image\" content=\"https:\/\/d1dyryakdmle7o.cloudfront.net\/wp-content\/uploads\/2024\/12\/Untitled-15.webp\" \/>\n\t<meta property=\"og:image:width\" content=\"1080\" \/>\n\t<meta property=\"og:image:height\" content=\"1080\" \/>\n\t<meta property=\"og:image:type\" content=\"image\/webp\" \/>\n<meta name=\"twitter:card\" content=\"summary_large_image\" \/>\n<meta name=\"twitter:label1\" content=\"Disponibilit\u00e9\" \/>\n\t<meta name=\"twitter:data1\" content=\"En stock\" \/>\n<script type=\"application\/ld+json\" class=\"yoast-schema-graph\">{\"@context\":\"https:\\\/\\\/schema.org\",\"@graph\":[{\"@type\":\"WebPage\",\"@id\":\"https:\\\/\\\/www.jootjeshaakcadeautjes.nl\\\/fr\\\/produit\\\/cadeaubon-jootjes\\\/\",\"url\":\"https:\\\/\\\/www.jootjeshaakcadeautjes.nl\\\/fr\\\/produit\\\/cadeaubon-jootjes\\\/\",\"name\":\"Ch\u00e8que-cadeau sur papier - Jootjes - Choisissez vous-m\u00eame le montant - Jootjes Haakcadeautjes\",\"isPartOf\":{\"@id\":\"https:\\\/\\\/www.jootjeshaakcadeautjes.nl\\\/fr\\\/#website\"},\"primaryImageOfPage\":{\"@id\":\"https:\\\/\\\/www.jootjeshaakcadeautjes.nl\\\/fr\\\/produit\\\/cadeaubon-jootjes\\\/#primaryimage\"},\"image\":{\"@id\":\"https:\\\/\\\/www.jootjeshaakcadeautjes.nl\\\/fr\\\/produit\\\/cadeaubon-jootjes\\\/#primaryimage\"},\"thumbnailUrl\":\"https:\\\/\\\/d1dyryakdmle7o.cloudfront.net\\\/wp-content\\\/uploads\\\/2024\\\/12\\\/Untitled-15.webp\",\"datePublished\":\"2024-12-04T13:39:00+00:00\",\"dateModified\":\"2025-03-11T20:25:59+00:00\",\"description\":\"Surprenez un cr\u00e9ateur avec un ch\u00e8que-cadeau num\u00e9rique de Jootjes Crochet Gifts. Parfait pour faire des cadeaux personnalis\u00e9s.\",\"breadcrumb\":{\"@id\":\"https:\\\/\\\/www.jootjeshaakcadeautjes.nl\\\/fr\\\/produit\\\/cadeaubon-jootjes\\\/#breadcrumb\"},\"inLanguage\":\"fr-FR\",\"potentialAction\":[{\"@type\":\"ReadAction\",\"target\":[\"https:\\\/\\\/www.jootjeshaakcadeautjes.nl\\\/fr\\\/produit\\\/cadeaubon-jootjes\\\/\"]}]},{\"@type\":\"ImageObject\",\"inLanguage\":\"fr-FR\",\"@id\":\"https:\\\/\\\/www.jootjeshaakcadeautjes.nl\\\/fr\\\/produit\\\/cadeaubon-jootjes\\\/#primaryimage\",\"url\":\"https:\\\/\\\/d1dyryakdmle7o.cloudfront.net\\\/wp-content\\\/uploads\\\/2024\\\/12\\\/Untitled-15.webp\",\"contentUrl\":\"https:\\\/\\\/d1dyryakdmle7o.cloudfront.net\\\/wp-content\\\/uploads\\\/2024\\\/12\\\/Untitled-15.webp\",\"width\":1080,\"height\":1080,\"caption\":\"Papieren Cadeau Bon\"},{\"@type\":\"BreadcrumbList\",\"@id\":\"https:\\\/\\\/www.jootjeshaakcadeautjes.nl\\\/fr\\\/produit\\\/cadeaubon-jootjes\\\/#breadcrumb\",\"itemListElement\":[{\"@type\":\"ListItem\",\"position\":1,\"name\":\"Accueil\",\"item\":\"https:\\\/\\\/www.jootjeshaakcadeautjes.nl\\\/fr\\\/\"},{\"@type\":\"ListItem\",\"position\":2,\"name\":\"Commerce de gros de perles en silicone &#8211; Entreprises et consommateurs\",\"item\":\"https:\\\/\\\/www.jootjeshaakcadeautjes.nl\\\/fr\\\/boutique\\\/\"},{\"@type\":\"ListItem\",\"position\":3,\"name\":\"Ch\u00e8que-cadeau sur papier &#8211; Jootjes &#8211; Choisissez vous-m\u00eame le montant\"}]},{\"@type\":\"WebSite\",\"@id\":\"https:\\\/\\\/www.jootjeshaakcadeautjes.nl\\\/fr\\\/#website\",\"url\":\"https:\\\/\\\/www.jootjeshaakcadeautjes.nl\\\/fr\\\/\",\"name\":\"Jootjes Haakcadeautjes\",\"description\":\"Grossiste en perles de silicone\",\"publisher\":{\"@id\":\"https:\\\/\\\/www.jootjeshaakcadeautjes.nl\\\/fr\\\/#organization\"},\"potentialAction\":[{\"@type\":\"SearchAction\",\"target\":{\"@type\":\"EntryPoint\",\"urlTemplate\":\"https:\\\/\\\/www.jootjeshaakcadeautjes.nl\\\/fr\\\/?s={search_term_string}\"},\"query-input\":{\"@type\":\"PropertyValueSpecification\",\"valueRequired\":true,\"valueName\":\"search_term_string\"}}],\"inLanguage\":\"fr-FR\"},{\"@type\":\"Organization\",\"@id\":\"https:\\\/\\\/www.jootjeshaakcadeautjes.nl\\\/fr\\\/#organization\",\"name\":\"Jootjes Haakcadeautjes\",\"url\":\"https:\\\/\\\/www.jootjeshaakcadeautjes.nl\\\/fr\\\/\",\"logo\":{\"@type\":\"ImageObject\",\"inLanguage\":\"fr-FR\",\"@id\":\"https:\\\/\\\/www.jootjeshaakcadeautjes.nl\\\/fr\\\/#\\\/schema\\\/logo\\\/image\\\/\",\"url\":\"https:\\\/\\\/d1dyryakdmle7o.cloudfront.net\\\/wp-content\\\/uploads\\\/2023\\\/05\\\/Logo-rond.png\",\"contentUrl\":\"https:\\\/\\\/d1dyryakdmle7o.cloudfront.net\\\/wp-content\\\/uploads\\\/2023\\\/05\\\/Logo-rond.png\",\"width\":1222,\"height\":1222,\"caption\":\"Jootjes Haakcadeautjes\"},\"image\":{\"@id\":\"https:\\\/\\\/www.jootjeshaakcadeautjes.nl\\\/fr\\\/#\\\/schema\\\/logo\\\/image\\\/\"}}]}<\/script>\n<meta property=\"og:availability\" content=\"instock\" \/>\n<meta property=\"product:availability\" content=\"instock\" \/>\n<meta property=\"product:retailer_item_id\" content=\"FYS-CAD\" \/>\n<meta property=\"product:condition\" content=\"new\" \/>\n<!-- \/ Yoast SEO Premium plugin. -->","yoast_head_json":{"title":"Ch\u00e8que-cadeau sur papier - Jootjes - Choisissez vous-m\u00eame le montant - Jootjes Haakcadeautjes","description":"Surprenez un cr\u00e9ateur avec un ch\u00e8que-cadeau num\u00e9rique de Jootjes Crochet Gifts. Parfait pour faire des cadeaux personnalis\u00e9s.","robots":{"index":"index","follow":"follow","max-snippet":"max-snippet:-1","max-image-preview":"max-image-preview:large","max-video-preview":"max-video-preview:-1"},"canonical":"https:\/\/www.jootjeshaakcadeautjes.nl\/fr\/produit\/cadeaubon-jootjes\/","og_locale":"fr_FR","og_type":"article","og_title":"Ch\u00e8que-cadeau sur papier - Jootjes - Choisissez vous-m\u00eame le montant","og_description":"Surprenez un cr\u00e9ateur avec un ch\u00e8que-cadeau num\u00e9rique de Jootjes Crochet Gifts. Parfait pour faire des cadeaux personnalis\u00e9s.","og_url":"https:\/\/www.jootjeshaakcadeautjes.nl\/fr\/produit\/cadeaubon-jootjes\/","og_site_name":"Jootjes Haakcadeautjes","article_modified_time":"2025-03-11T20:25:59+00:00","og_image":[{"width":1080,"height":1080,"url":"https:\/\/d1dyryakdmle7o.cloudfront.net\/wp-content\/uploads\/2024\/12\/Untitled-15.webp","type":"image\/webp"}],"twitter_card":"summary_large_image","twitter_misc":{"Disponibilit\u00e9":"En stock"},"schema":{"@context":"https:\/\/schema.org","@graph":[{"@type":"WebPage","@id":"https:\/\/www.jootjeshaakcadeautjes.nl\/fr\/produit\/cadeaubon-jootjes\/","url":"https:\/\/www.jootjeshaakcadeautjes.nl\/fr\/produit\/cadeaubon-jootjes\/","name":"Ch\u00e8que-cadeau sur papier - Jootjes - Choisissez vous-m\u00eame le montant - Jootjes Haakcadeautjes","isPartOf":{"@id":"https:\/\/www.jootjeshaakcadeautjes.nl\/fr\/#website"},"primaryImageOfPage":{"@id":"https:\/\/www.jootjeshaakcadeautjes.nl\/fr\/produit\/cadeaubon-jootjes\/#primaryimage"},"image":{"@id":"https:\/\/www.jootjeshaakcadeautjes.nl\/fr\/produit\/cadeaubon-jootjes\/#primaryimage"},"thumbnailUrl":"https:\/\/d1dyryakdmle7o.cloudfront.net\/wp-content\/uploads\/2024\/12\/Untitled-15.webp","datePublished":"2024-12-04T13:39:00+00:00","dateModified":"2025-03-11T20:25:59+00:00","description":"Surprenez un cr\u00e9ateur avec un ch\u00e8que-cadeau num\u00e9rique de Jootjes Crochet Gifts. Parfait pour faire des cadeaux personnalis\u00e9s.","breadcrumb":{"@id":"https:\/\/www.jootjeshaakcadeautjes.nl\/fr\/produit\/cadeaubon-jootjes\/#breadcrumb"},"inLanguage":"fr-FR","potentialAction":[{"@type":"ReadAction","target":["https:\/\/www.jootjeshaakcadeautjes.nl\/fr\/produit\/cadeaubon-jootjes\/"]}]},{"@type":"ImageObject","inLanguage":"fr-FR","@id":"https:\/\/www.jootjeshaakcadeautjes.nl\/fr\/produit\/cadeaubon-jootjes\/#primaryimage","url":"https:\/\/d1dyryakdmle7o.cloudfront.net\/wp-content\/uploads\/2024\/12\/Untitled-15.webp","contentUrl":"https:\/\/d1dyryakdmle7o.cloudfront.net\/wp-content\/uploads\/2024\/12\/Untitled-15.webp","width":1080,"height":1080,"caption":"Papieren Cadeau Bon"},{"@type":"BreadcrumbList","@id":"https:\/\/www.jootjeshaakcadeautjes.nl\/fr\/produit\/cadeaubon-jootjes\/#breadcrumb","itemListElement":[{"@type":"ListItem","position":1,"name":"Accueil","item":"https:\/\/www.jootjeshaakcadeautjes.nl\/fr\/"},{"@type":"ListItem","position":2,"name":"Commerce de gros de perles en silicone &#8211; Entreprises et consommateurs","item":"https:\/\/www.jootjeshaakcadeautjes.nl\/fr\/boutique\/"},{"@type":"ListItem","position":3,"name":"Ch\u00e8que-cadeau sur papier &#8211; Jootjes &#8211; Choisissez vous-m\u00eame le montant"}]},{"@type":"WebSite","@id":"https:\/\/www.jootjeshaakcadeautjes.nl\/fr\/#website","url":"https:\/\/www.jootjeshaakcadeautjes.nl\/fr\/","name":"Jootjes Haakcadeautjes","description":"Grossiste en perles de silicone","publisher":{"@id":"https:\/\/www.jootjeshaakcadeautjes.nl\/fr\/#organization"},"potentialAction":[{"@type":"SearchAction","target":{"@type":"EntryPoint","urlTemplate":"https:\/\/www.jootjeshaakcadeautjes.nl\/fr\/?s={search_term_string}"},"query-input":{"@type":"PropertyValueSpecification","valueRequired":true,"valueName":"search_term_string"}}],"inLanguage":"fr-FR"},{"@type":"Organization","@id":"https:\/\/www.jootjeshaakcadeautjes.nl\/fr\/#organization","name":"Jootjes Haakcadeautjes","url":"https:\/\/www.jootjeshaakcadeautjes.nl\/fr\/","logo":{"@type":"ImageObject","inLanguage":"fr-FR","@id":"https:\/\/www.jootjeshaakcadeautjes.nl\/fr\/#\/schema\/logo\/image\/","url":"https:\/\/d1dyryakdmle7o.cloudfront.net\/wp-content\/uploads\/2023\/05\/Logo-rond.png","contentUrl":"https:\/\/d1dyryakdmle7o.cloudfront.net\/wp-content\/uploads\/2023\/05\/Logo-rond.png","width":1222,"height":1222,"caption":"Jootjes Haakcadeautjes"},"image":{"@id":"https:\/\/www.jootjeshaakcadeautjes.nl\/fr\/#\/schema\/logo\/image\/"}}]},"og_availability":"instock","product_availability":"instock","product_retailer_item_id":"FYS-CAD","product_condition":"new"},"_links":{"self":[{"href":"https:\/\/www.jootjeshaakcadeautjes.nl\/fr\/wp-json\/wp\/v2\/product\/186362","targetHints":{"allow":["GET"]}}],"collection":[{"href":"https:\/\/www.jootjeshaakcadeautjes.nl\/fr\/wp-json\/wp\/v2\/product"}],"about":[{"href":"https:\/\/www.jootjeshaakcadeautjes.nl\/fr\/wp-json\/wp\/v2\/types\/product"}],"version-history":[{"count":0,"href":"https:\/\/www.jootjeshaakcadeautjes.nl\/fr\/wp-json\/wp\/v2\/product\/186362\/revisions"}],"wp:featuredmedia":[{"embeddable":true,"href":"https:\/\/www.jootjeshaakcadeautjes.nl\/fr\/wp-json\/wp\/v2\/media\/185468"}],"wp:attachment":[{"href":"https:\/\/www.jootjeshaakcadeautjes.nl\/fr\/wp-json\/wp\/v2\/media?parent=186362"}],"wp:term":[{"taxonomy":"product_brand","embeddable":true,"href":"https:\/\/www.jootjeshaakcadeautjes.nl\/fr\/wp-json\/wp\/v2\/product_brand?post=186362"},{"taxonomy":"product_cat","embeddable":true,"href":"https:\/\/www.jootjeshaakcadeautjes.nl\/fr\/wp-json\/wp\/v2\/product_cat?post=186362"},{"taxonomy":"product_tag","embeddable":true,"href":"https:\/\/www.jootjeshaakcadeautjes.nl\/fr\/wp-json\/wp\/v2\/product_tag?post=186362"}],"curies":[{"name":"wp","href":"https:\/\/api.w.org\/{rel}","templated":true}]}}