{"id":186723,"date":"2025-05-14T12:29:42","date_gmt":"2025-05-14T10:29:42","guid":{"rendered":"https:\/\/www.jootjeshaakcadeautjes.nl\/?post_type=product&#038;p=186723"},"modified":"2025-06-29T03:18:30","modified_gmt":"2025-06-29T01:18:30","slug":"siliconen-kralen-hexagon-17-mm-saffier","status":"publish","type":"product","link":"https:\/\/www.jootjeshaakcadeautjes.nl\/fr\/produit\/siliconen-kralen-hexagon-17-mm-saffier\/","title":{"rendered":"Perles en silicone &#8211; Hexagone &#8211; 17 mm &#8211; Saphir"},"content":{"rendered":"<h1>Perles en silicone &#8211; Hexagone &#8211; Saphir &#8211; 17 mm<\/h1>\n<h3>Sp\u00e9cifications :<\/h3>\n<ul>\n<li>Taille : 17 mm<\/li>\n<li>Forme : Hexagone<\/li>\n<li>Couleur : Saphir<\/li>\n<\/ul>\n<h2>Perles hexagonales en silicone de 17 mm &#8211; s\u00fbres et durables<\/h2>\n<p><em>Perles de silicone s\u00fbres et durables pour diverses applications<\/em><\/p>\n<p>Nos perles hexagonales en silicone de 17 mm sont le choix id\u00e9al pour les b\u00e9b\u00e9s et les enfants plus \u00e2g\u00e9s qui ressentent le besoin de m\u00e2cher quelque chose. Ces perles souples mais robustes conviennent aux produits finis certifi\u00e9s CE. La forme hexagonale unique des perles garantit un bon massage des gencives. La forme angulaire permet \u00e0 la perle de se glisser facilement entre les dents et les molaires, ce qui la rend id\u00e9ale pour soulager la douleur lors des pouss\u00e9es dentaires.   <\/p>\n<p>Ces perles en silicone hexagonales de 17 mm se combinent parfaitement avec le reste de notre gamme de <a href=\"\/?product_cat=siliconen-kralen-bpa-vrij-groothandel\">perles en silicone<\/a> et de <a href=\"https:\/\/www.jootjeshaakcadeautjes.nl\/fr\/product-categorie\/fabrication-de-jouets-de-dentition-pour-bebe-cordon-de-sucette-et-anneaux-de-dentition\/perles-en-bois-fil-de-sucette-et-anneau-de-dentition-toutes-les-perles-en-bois\/\">perles en bois<\/a>.<\/p>\n<p>Notre gamme de perles en silicone se trouve ici : <a href=\"\/?product_cat=siliconen-kralen-bpa-vrij-groothandel\">Perles en silicone<\/a><br \/>\nNotre gamme de perles en bois se trouve ici : <a href=\"https:\/\/www.jootjeshaakcadeautjes.nl\/fr\/product-categorie\/fabrication-de-jouets-de-dentition-pour-bebe-cordon-de-sucette-et-anneaux-de-dentition\/perles-en-bois-fil-de-sucette-et-anneau-de-dentition-toutes-les-perles-en-bois\/\">Perles en<\/a> bois<br \/>\nNotre gamme de perles en bois grav\u00e9es se trouve ici : <a href=\"https:\/\/www.jootjeshaakcadeautjes.nl\/fr\/product-categorie\/gravure-au-laser-produits-cadeaux\/perles-en-bois-gravees-pour-cordon-de-sucette-et-anneau-de-dentition\/\">Perles en bois grav\u00e9es<\/a><\/p>\n<h3>Facile \u00e0 nettoyer et \u00e0 refroidir<\/h3>\n<p>Nos perles de silicone sont faciles \u00e0 entretenir. Elles peuvent \u00eatre plac\u00e9es dans le lave-vaisselle (dans le tiroir sup\u00e9rieur) pour un nettoyage complet, mais cela n&#8217;est n\u00e9cessaire qu&#8217;en cas de salissures importantes. Pour un usage quotidien, de l&#8217;eau savonneuse douce suffit. Veillez \u00e0 ce que les perles soient compl\u00e8tement s\u00e8ches avant de les donner \u00e0 votre enfant. En outre, vous pouvez r\u00e9frig\u00e9rer les billes de silicone, ce qui permet de soulager les pouss\u00e9es dentaires.    <\/p>\n<h3>La s\u00e9curit\u00e9 avant tout<\/h3>\n<p>La s\u00e9curit\u00e9 est notre priorit\u00e9. Veillez toujours \u00e0 ce que les perles de silicone soient solidement fix\u00e9es et v\u00e9rifiez r\u00e9guli\u00e8rement l&#8217;usure de vos cr\u00e9ations. Il est important de se rappeler que vous \u00eates responsable des produits que vous fabriquez. Jootjes Haakcadeautjes ne peut \u00eatre tenu responsable de tout dommage ou rel\u00e2chement d\u00fb \u00e0 l&#8217;usure. Par cons\u00e9quent, nous recommandons que les jouets de dentition faits \u00e0 la main ne soient utilis\u00e9s que sous la surveillance d&#8217;un adulte afin de minimiser les risques.    <\/p>\n<h3>D\u00e9couvrez la polyvalence et la s\u00e9curit\u00e9 de nos perles hexagonales en silicone<\/h3>\n<p>D\u00e9couvrez d\u00e8s maintenant les possibilit\u00e9s illimit\u00e9es de nos perles hexagonales en silicone et cr\u00e9ez en toute confiance les pi\u00e8ces artisanales les plus belles et les plus durables. S\u00e9curit\u00e9, durabilit\u00e9 et polyvalence sont r\u00e9unies dans nos perles de haute qualit\u00e9, parfaites pour une vari\u00e9t\u00e9 d&#8217;applications. Que vous fabriquiez des anneaux de dentition, des sucettes, des cordons de t\u00e9tine ou des porte-cl\u00e9s (sensoriels), ces perles sont indispensables \u00e0 votre collection.  <\/p>\n<h3>Qualit\u00e9 et s\u00e9curit\u00e9 de nos perles de silicone<\/h3>\n<p>Toutes nos perles en silicone et en bois sont :<\/p>\n<ul>\n<li>Sans BPA<\/li>\n<li>Sans phtalates ni toxines<\/li>\n<li>Sans PVC<\/li>\n<li>Sans plomb<\/li>\n<li>Adapt\u00e9 chimiquement au produit final certifi\u00e9 CE<\/li>\n<li>Perles de silicone de qualit\u00e9 m\u00e9dicale<\/li>\n<\/ul>\n<p>&nbsp;<\/p>\n<p>&nbsp;<\/p>\n","protected":false},"excerpt":{"rendered":"<p>Couleur : Saphir<\/p>\n<p>&#8211; Type : Perles en silicone, Hexagone<br \/>\n&#8211; Taille : 17 mm<br \/>\n&#8211; Vendu \u00e0 l&#8217;unit\u00e9<br \/>\n&#8211; Sans BPA, Phtalates, Plomb, PVC et Toxines<br \/>\n&#8211; Convient aux produits finis certifi\u00e9s CE<br \/>\n&#8211; Perles en silicone de qualit\u00e9 m\u00e9dicale<br \/>\n&#8211; Refroidissables pour la dentition<br \/>\n&#8211; Lavables au lave-vaisselle<br \/>\n&#8211; Facilement nettoyables avec un bain de bouche ou de l&#8217;eau savonneuse douce<\/p>\n","protected":false},"featured_media":227825,"template":"","meta":[],"product_brand":[],"product_cat":[7378,10281,6992],"product_tag":[10292,10239,7384,10138,14243,14218,10286,7418,7586,7596,10140,7200,17072,13155,7212],"class_list":{"0":"post-186723","1":"product","2":"type-product","3":"status-publish","4":"has-post-thumbnail","6":"product_cat-fabrication-de-jouets-de-dentition-pour-bebe-cordon-de-sucette-et-anneaux-de-dentition","7":"product_cat-perles-en-silicone-hexagone-17-mm","8":"product_cat-perles-en-silicone-sans-bpa-grossiste","9":"product_tag-17-fr","10":"product_tag-17-mm-fr","11":"product_tag-anneau-de-dentition","12":"product_tag-crochet-pour-sac-fr","13":"product_tag-cuillere-a-cafe","14":"product_tag-diffuseur-de-the","15":"product_tag-faux-cordon-fr","16":"product_tag-faux-cordon","17":"product_tag-geometrique","18":"product_tag-hexagone","19":"product_tag-jaszipper-fr","20":"product_tag-perles","21":"product_tag-porte-badges","22":"product_tag-saphir","23":"product_tag-silicone-fr","25":"first","26":"instock","27":"taxable","28":"shipping-taxable","29":"purchasable","30":"product-type-simple"},"bundled_by":[],"bundle_stock_status":"instock","bundle_stock_quantity":90,"bundle_virtual":false,"bundle_layout":"","bundle_add_to_cart_form_location":"","bundle_editable_in_cart":false,"bundle_sold_individually_context":"","bundle_item_grouping":"","bundle_min_size":"","bundle_max_size":"","bundle_price":[],"bundled_items":[],"bundle_sell_ids":[],"yoast_head":"<!-- This site is optimized with the Yoast SEO Premium plugin v27.6 (Yoast SEO v27.6) - https:\/\/yoast.com\/product\/yoast-seo-premium-wordpress\/ -->\n<title>Perles en silicone - 17 mm Hexagone - Saphir - Jootjes<\/title>\n<meta name=\"description\" content=\"Les perles de silicone hexagonales de couleur noire d&#039;un diam\u00e8tre de 17 mm sont 100 % exemptes de BPA, de plomb, de toxines, de phtalates et de PVC et portent le marquage CE.\" \/>\n<meta name=\"robots\" content=\"index, follow, max-snippet:-1, max-image-preview:large, max-video-preview:-1\" \/>\n<link rel=\"canonical\" href=\"https:\/\/www.jootjeshaakcadeautjes.nl\/fr\/produit\/siliconen-kralen-hexagon-17-mm-saffier\/\" \/>\n<meta property=\"og:locale\" content=\"fr_FR\" \/>\n<meta property=\"og:type\" content=\"article\" \/>\n<meta property=\"og:title\" content=\"Perles en silicone - Hexagone - 17 mm - Saphir\" \/>\n<meta property=\"og:description\" content=\"Les perles de silicone hexagonales de couleur noire d&#039;un diam\u00e8tre de 17 mm sont 100 % exemptes de BPA, de plomb, de toxines, de phtalates et de PVC et portent le marquage CE.\" \/>\n<meta property=\"og:url\" content=\"https:\/\/www.jootjeshaakcadeautjes.nl\/fr\/produit\/siliconen-kralen-hexagon-17-mm-saffier\/\" \/>\n<meta property=\"og:site_name\" content=\"Jootjes Haakcadeautjes\" \/>\n<meta property=\"article:modified_time\" content=\"2025-06-29T01:18:30+00:00\" \/>\n<meta property=\"og:image\" content=\"https:\/\/www.jootjeshaakcadeautjes.nl\/wp-content\/uploads\/2025\/05\/20250514_012551.webp\" \/>\n\t<meta property=\"og:image:width\" content=\"2048\" \/>\n\t<meta property=\"og:image:height\" content=\"2048\" \/>\n\t<meta property=\"og:image:type\" content=\"image\/webp\" \/>\n<meta name=\"twitter:card\" content=\"summary_large_image\" \/>\n<meta name=\"twitter:label1\" content=\"Prix\" \/>\n\t<meta name=\"twitter:data1\" content=\"&euro;0.45 TTC\" \/>\n\t<meta name=\"twitter:label2\" content=\"Disponibilit\u00e9\" \/>\n\t<meta name=\"twitter:data2\" content=\"En stock\" \/>\n<script type=\"application\/ld+json\" class=\"yoast-schema-graph\">{\"@context\":\"https:\\\/\\\/schema.org\",\"@graph\":[{\"@type\":\"WebPage\",\"@id\":\"https:\\\/\\\/www.jootjeshaakcadeautjes.nl\\\/fr\\\/produit\\\/siliconen-kralen-hexagon-17-mm-saffier\\\/\",\"url\":\"https:\\\/\\\/www.jootjeshaakcadeautjes.nl\\\/fr\\\/produit\\\/siliconen-kralen-hexagon-17-mm-saffier\\\/\",\"name\":\"Perles en silicone - 17 mm Hexagone - Saphir - Jootjes\",\"isPartOf\":{\"@id\":\"https:\\\/\\\/www.jootjeshaakcadeautjes.nl\\\/fr\\\/#website\"},\"primaryImageOfPage\":{\"@id\":\"https:\\\/\\\/www.jootjeshaakcadeautjes.nl\\\/fr\\\/produit\\\/siliconen-kralen-hexagon-17-mm-saffier\\\/#primaryimage\"},\"image\":{\"@id\":\"https:\\\/\\\/www.jootjeshaakcadeautjes.nl\\\/fr\\\/produit\\\/siliconen-kralen-hexagon-17-mm-saffier\\\/#primaryimage\"},\"thumbnailUrl\":\"https:\\\/\\\/d1dyryakdmle7o.cloudfront.net\\\/wp-content\\\/uploads\\\/2025\\\/05\\\/20250514_012551.webp\",\"datePublished\":\"2025-05-14T10:29:42+00:00\",\"dateModified\":\"2025-06-29T01:18:30+00:00\",\"description\":\"Les perles de silicone hexagonales de couleur noire d'un diam\u00e8tre de 17 mm sont 100 % exemptes de BPA, de plomb, de toxines, de phtalates et de PVC et portent le marquage CE.\",\"breadcrumb\":{\"@id\":\"https:\\\/\\\/www.jootjeshaakcadeautjes.nl\\\/fr\\\/produit\\\/siliconen-kralen-hexagon-17-mm-saffier\\\/#breadcrumb\"},\"inLanguage\":\"fr-FR\",\"potentialAction\":[{\"@type\":\"ReadAction\",\"target\":[\"https:\\\/\\\/www.jootjeshaakcadeautjes.nl\\\/fr\\\/produit\\\/siliconen-kralen-hexagon-17-mm-saffier\\\/\"]}]},{\"@type\":\"ImageObject\",\"inLanguage\":\"fr-FR\",\"@id\":\"https:\\\/\\\/www.jootjeshaakcadeautjes.nl\\\/fr\\\/produit\\\/siliconen-kralen-hexagon-17-mm-saffier\\\/#primaryimage\",\"url\":\"https:\\\/\\\/d1dyryakdmle7o.cloudfront.net\\\/wp-content\\\/uploads\\\/2025\\\/05\\\/20250514_012551.webp\",\"contentUrl\":\"https:\\\/\\\/d1dyryakdmle7o.cloudfront.net\\\/wp-content\\\/uploads\\\/2025\\\/05\\\/20250514_012551.webp\",\"width\":2048,\"height\":2048,\"caption\":\"Saffier\"},{\"@type\":\"BreadcrumbList\",\"@id\":\"https:\\\/\\\/www.jootjeshaakcadeautjes.nl\\\/fr\\\/produit\\\/siliconen-kralen-hexagon-17-mm-saffier\\\/#breadcrumb\",\"itemListElement\":[{\"@type\":\"ListItem\",\"position\":1,\"name\":\"Accueil\",\"item\":\"https:\\\/\\\/www.jootjeshaakcadeautjes.nl\\\/fr\\\/\"},{\"@type\":\"ListItem\",\"position\":2,\"name\":\"Commerce de gros de perles en silicone &#8211; Entreprises et consommateurs\",\"item\":\"https:\\\/\\\/www.jootjeshaakcadeautjes.nl\\\/fr\\\/boutique\\\/\"},{\"@type\":\"ListItem\",\"position\":3,\"name\":\"Perles en silicone &#8211; Hexagone &#8211; 17 mm &#8211; Saphir\"}]},{\"@type\":\"WebSite\",\"@id\":\"https:\\\/\\\/www.jootjeshaakcadeautjes.nl\\\/fr\\\/#website\",\"url\":\"https:\\\/\\\/www.jootjeshaakcadeautjes.nl\\\/fr\\\/\",\"name\":\"Jootjes Haakcadeautjes\",\"description\":\"Grossiste en perles de silicone\",\"publisher\":{\"@id\":\"https:\\\/\\\/www.jootjeshaakcadeautjes.nl\\\/fr\\\/#organization\"},\"potentialAction\":[{\"@type\":\"SearchAction\",\"target\":{\"@type\":\"EntryPoint\",\"urlTemplate\":\"https:\\\/\\\/www.jootjeshaakcadeautjes.nl\\\/fr\\\/?s={search_term_string}\"},\"query-input\":{\"@type\":\"PropertyValueSpecification\",\"valueRequired\":true,\"valueName\":\"search_term_string\"}}],\"inLanguage\":\"fr-FR\"},{\"@type\":\"Organization\",\"@id\":\"https:\\\/\\\/www.jootjeshaakcadeautjes.nl\\\/fr\\\/#organization\",\"name\":\"Jootjes Haakcadeautjes\",\"url\":\"https:\\\/\\\/www.jootjeshaakcadeautjes.nl\\\/fr\\\/\",\"logo\":{\"@type\":\"ImageObject\",\"inLanguage\":\"fr-FR\",\"@id\":\"https:\\\/\\\/www.jootjeshaakcadeautjes.nl\\\/fr\\\/#\\\/schema\\\/logo\\\/image\\\/\",\"url\":\"https:\\\/\\\/d1dyryakdmle7o.cloudfront.net\\\/wp-content\\\/uploads\\\/2023\\\/05\\\/Logo-rond.png\",\"contentUrl\":\"https:\\\/\\\/d1dyryakdmle7o.cloudfront.net\\\/wp-content\\\/uploads\\\/2023\\\/05\\\/Logo-rond.png\",\"width\":1222,\"height\":1222,\"caption\":\"Jootjes Haakcadeautjes\"},\"image\":{\"@id\":\"https:\\\/\\\/www.jootjeshaakcadeautjes.nl\\\/fr\\\/#\\\/schema\\\/logo\\\/image\\\/\"}}]}<\/script>\n<meta property=\"product:price:amount\" content=\"0.45\" \/>\n<meta property=\"product:price:currency\" content=\"EUR\" \/>\n<meta property=\"og:availability\" content=\"instock\" \/>\n<meta property=\"product:availability\" content=\"instock\" \/>\n<meta property=\"product:retailer_item_id\" content=\"SKR-HEX-SFR\" \/>\n<meta property=\"product:condition\" content=\"new\" \/>\n<!-- \/ Yoast SEO Premium plugin. -->","yoast_head_json":{"title":"Perles en silicone - 17 mm Hexagone - Saphir - Jootjes","description":"Les perles de silicone hexagonales de couleur noire d'un diam\u00e8tre de 17 mm sont 100 % exemptes de BPA, de plomb, de toxines, de phtalates et de PVC et portent le marquage CE.","robots":{"index":"index","follow":"follow","max-snippet":"max-snippet:-1","max-image-preview":"max-image-preview:large","max-video-preview":"max-video-preview:-1"},"canonical":"https:\/\/www.jootjeshaakcadeautjes.nl\/fr\/produit\/siliconen-kralen-hexagon-17-mm-saffier\/","og_locale":"fr_FR","og_type":"article","og_title":"Perles en silicone - Hexagone - 17 mm - Saphir","og_description":"Les perles de silicone hexagonales de couleur noire d'un diam\u00e8tre de 17 mm sont 100 % exemptes de BPA, de plomb, de toxines, de phtalates et de PVC et portent le marquage CE.","og_url":"https:\/\/www.jootjeshaakcadeautjes.nl\/fr\/produit\/siliconen-kralen-hexagon-17-mm-saffier\/","og_site_name":"Jootjes Haakcadeautjes","article_modified_time":"2025-06-29T01:18:30+00:00","og_image":[{"width":2048,"height":2048,"url":"https:\/\/www.jootjeshaakcadeautjes.nl\/wp-content\/uploads\/2025\/05\/20250514_012551.webp","type":"image\/webp"}],"twitter_card":"summary_large_image","twitter_misc":{"Prix":"&euro;0.45 TTC","Disponibilit\u00e9":"En stock"},"schema":{"@context":"https:\/\/schema.org","@graph":[{"@type":"WebPage","@id":"https:\/\/www.jootjeshaakcadeautjes.nl\/fr\/produit\/siliconen-kralen-hexagon-17-mm-saffier\/","url":"https:\/\/www.jootjeshaakcadeautjes.nl\/fr\/produit\/siliconen-kralen-hexagon-17-mm-saffier\/","name":"Perles en silicone - 17 mm Hexagone - Saphir - Jootjes","isPartOf":{"@id":"https:\/\/www.jootjeshaakcadeautjes.nl\/fr\/#website"},"primaryImageOfPage":{"@id":"https:\/\/www.jootjeshaakcadeautjes.nl\/fr\/produit\/siliconen-kralen-hexagon-17-mm-saffier\/#primaryimage"},"image":{"@id":"https:\/\/www.jootjeshaakcadeautjes.nl\/fr\/produit\/siliconen-kralen-hexagon-17-mm-saffier\/#primaryimage"},"thumbnailUrl":"https:\/\/d1dyryakdmle7o.cloudfront.net\/wp-content\/uploads\/2025\/05\/20250514_012551.webp","datePublished":"2025-05-14T10:29:42+00:00","dateModified":"2025-06-29T01:18:30+00:00","description":"Les perles de silicone hexagonales de couleur noire d'un diam\u00e8tre de 17 mm sont 100 % exemptes de BPA, de plomb, de toxines, de phtalates et de PVC et portent le marquage CE.","breadcrumb":{"@id":"https:\/\/www.jootjeshaakcadeautjes.nl\/fr\/produit\/siliconen-kralen-hexagon-17-mm-saffier\/#breadcrumb"},"inLanguage":"fr-FR","potentialAction":[{"@type":"ReadAction","target":["https:\/\/www.jootjeshaakcadeautjes.nl\/fr\/produit\/siliconen-kralen-hexagon-17-mm-saffier\/"]}]},{"@type":"ImageObject","inLanguage":"fr-FR","@id":"https:\/\/www.jootjeshaakcadeautjes.nl\/fr\/produit\/siliconen-kralen-hexagon-17-mm-saffier\/#primaryimage","url":"https:\/\/d1dyryakdmle7o.cloudfront.net\/wp-content\/uploads\/2025\/05\/20250514_012551.webp","contentUrl":"https:\/\/d1dyryakdmle7o.cloudfront.net\/wp-content\/uploads\/2025\/05\/20250514_012551.webp","width":2048,"height":2048,"caption":"Saffier"},{"@type":"BreadcrumbList","@id":"https:\/\/www.jootjeshaakcadeautjes.nl\/fr\/produit\/siliconen-kralen-hexagon-17-mm-saffier\/#breadcrumb","itemListElement":[{"@type":"ListItem","position":1,"name":"Accueil","item":"https:\/\/www.jootjeshaakcadeautjes.nl\/fr\/"},{"@type":"ListItem","position":2,"name":"Commerce de gros de perles en silicone &#8211; Entreprises et consommateurs","item":"https:\/\/www.jootjeshaakcadeautjes.nl\/fr\/boutique\/"},{"@type":"ListItem","position":3,"name":"Perles en silicone &#8211; Hexagone &#8211; 17 mm &#8211; Saphir"}]},{"@type":"WebSite","@id":"https:\/\/www.jootjeshaakcadeautjes.nl\/fr\/#website","url":"https:\/\/www.jootjeshaakcadeautjes.nl\/fr\/","name":"Jootjes Haakcadeautjes","description":"Grossiste en perles de silicone","publisher":{"@id":"https:\/\/www.jootjeshaakcadeautjes.nl\/fr\/#organization"},"potentialAction":[{"@type":"SearchAction","target":{"@type":"EntryPoint","urlTemplate":"https:\/\/www.jootjeshaakcadeautjes.nl\/fr\/?s={search_term_string}"},"query-input":{"@type":"PropertyValueSpecification","valueRequired":true,"valueName":"search_term_string"}}],"inLanguage":"fr-FR"},{"@type":"Organization","@id":"https:\/\/www.jootjeshaakcadeautjes.nl\/fr\/#organization","name":"Jootjes Haakcadeautjes","url":"https:\/\/www.jootjeshaakcadeautjes.nl\/fr\/","logo":{"@type":"ImageObject","inLanguage":"fr-FR","@id":"https:\/\/www.jootjeshaakcadeautjes.nl\/fr\/#\/schema\/logo\/image\/","url":"https:\/\/d1dyryakdmle7o.cloudfront.net\/wp-content\/uploads\/2023\/05\/Logo-rond.png","contentUrl":"https:\/\/d1dyryakdmle7o.cloudfront.net\/wp-content\/uploads\/2023\/05\/Logo-rond.png","width":1222,"height":1222,"caption":"Jootjes Haakcadeautjes"},"image":{"@id":"https:\/\/www.jootjeshaakcadeautjes.nl\/fr\/#\/schema\/logo\/image\/"}}]},"product_price_amount":"0.45","product_price_currency":"EUR","og_availability":"instock","product_availability":"instock","product_retailer_item_id":"SKR-HEX-SFR","product_condition":"new"},"_links":{"self":[{"href":"https:\/\/www.jootjeshaakcadeautjes.nl\/fr\/wp-json\/wp\/v2\/product\/186723","targetHints":{"allow":["GET"]}}],"collection":[{"href":"https:\/\/www.jootjeshaakcadeautjes.nl\/fr\/wp-json\/wp\/v2\/product"}],"about":[{"href":"https:\/\/www.jootjeshaakcadeautjes.nl\/fr\/wp-json\/wp\/v2\/types\/product"}],"version-history":[{"count":0,"href":"https:\/\/www.jootjeshaakcadeautjes.nl\/fr\/wp-json\/wp\/v2\/product\/186723\/revisions"}],"wp:featuredmedia":[{"embeddable":true,"href":"https:\/\/www.jootjeshaakcadeautjes.nl\/fr\/wp-json\/wp\/v2\/media\/227825"}],"wp:attachment":[{"href":"https:\/\/www.jootjeshaakcadeautjes.nl\/fr\/wp-json\/wp\/v2\/media?parent=186723"}],"wp:term":[{"taxonomy":"product_brand","embeddable":true,"href":"https:\/\/www.jootjeshaakcadeautjes.nl\/fr\/wp-json\/wp\/v2\/product_brand?post=186723"},{"taxonomy":"product_cat","embeddable":true,"href":"https:\/\/www.jootjeshaakcadeautjes.nl\/fr\/wp-json\/wp\/v2\/product_cat?post=186723"},{"taxonomy":"product_tag","embeddable":true,"href":"https:\/\/www.jootjeshaakcadeautjes.nl\/fr\/wp-json\/wp\/v2\/product_tag?post=186723"}],"curies":[{"name":"wp","href":"https:\/\/api.w.org\/{rel}","templated":true}]}}