{"id":186905,"date":"2025-12-14T09:35:42","date_gmt":"2025-12-14T08:35:42","guid":{"rendered":"https:\/\/www.jootjeshaakcadeautjes.nl\/?post_type=product&#038;p=186905"},"modified":"2025-12-16T17:24:07","modified_gmt":"2025-12-16T16:24:07","slug":"houten-bijtring-bijtfiguur-beukenhout-eland","status":"publish","type":"product","link":"https:\/\/www.jootjeshaakcadeautjes.nl\/fr\/produit\/houten-bijtring-bijtfiguur-beukenhout-eland\/","title":{"rendered":"Anneau de dentition en bois &#8211; Figurine de dentition &#8211; Bois de h\u00eatre &#8211; Elan"},"content":{"rendered":"<h1><strong>Anneau de dentition en bois &#8211; Moose  <\/strong><\/h1>\n<h2 data-start=\"309\" data-end=\"339\">\ud83c\udf3f Mat\u00e9riel et s\u00e9curit\u00e9<\/h2>\n<p data-start=\"340\" data-end=\"613\">Le pendentif ou la bague en bois en forme d&#8217;\u00e9lan est fabriqu\u00e9 en <strong data-start=\"405\" data-end=\"423\">bois brut<\/strong>. Le bois n&#8217;est donc pas laqu\u00e9, teint\u00e9 ou huil\u00e9. Tous nos bois sont <strong data-start=\"490\" data-end=\"514\">test\u00e9s de mani\u00e8re ind\u00e9pendante<\/strong> par un <strong data-start=\"524\" data-end=\"559\">laboratoire certifi\u00e9 ISO<\/strong> et sont chimiquement <strong data-start=\"581\" data-end=\"612\">sans danger pour les b\u00e9b\u00e9s<\/strong>.  <\/p>\n<h2 data-start=\"615\" data-end=\"644\">\ud83c\udf32 Variations naturelles<\/h2>\n<p data-start=\"645\" data-end=\"906\">Un jouet de dentition en bois est fabriqu\u00e9 en bois, un <strong data-start=\"692\" data-end=\"716\">mat\u00e9riau naturel<\/strong>. Par cons\u00e9quent, chaque objet de dentition peut pr\u00e9senter de l\u00e9g\u00e8res diff\u00e9rences au niveau de la couleur, des marques ou des n\u0153uds. La forme peut \u00e9galement varier l\u00e9g\u00e8rement. Cela est d\u00fb aux diff\u00e9rences de duret\u00e9 lors du sciage et du pon\u00e7age.   <\/p>\n<h2 data-start=\"908\" data-end=\"935\">\u26a0\ufe0f Check &amp; Wear<\/h2>\n<p data-start=\"936\" data-end=\"1155\">Le bois est sensible \u00e0 l&#8217;usure due \u00e0 l&#8217;utilisation, \u00e0 la temp\u00e9rature et \u00e0 l&#8217;humidit\u00e9. <strong data-start=\"1036\" data-end=\"1056\">Avant chaque utilisation,<\/strong> v\u00e9rifiez que le jouet en bois n&#8217;est pas endommag\u00e9. Remplacez-le d\u00e8s les premiers signes d&#8217;usure pour garantir une utilisation s\u00fbre.  <\/p>\n<h2 data-start=\"1157\" data-end=\"1190\">\ud83d\udd27 Utiliser comme pi\u00e8ce de bricolage<\/h2>\n<p data-start=\"1191\" data-end=\"1309\">Ces marques de morsure sont destin\u00e9es \u00e0 \u00eatre utilis\u00e9es en tant que <strong data-start=\"1225\" data-end=\"1242\">pi\u00e8ces de bricolage<\/strong>, en combinaison avec d&#8217;autres mat\u00e9riaux. Vous pouvez les utiliser pour : <\/p>\n<ul data-start=\"1310\" data-end=\"1415\">\n<li data-start=\"1310\" data-end=\"1326\">\n<p data-start=\"1312\" data-end=\"1326\">un anneau de dentition<\/p>\n<\/li>\n<li data-start=\"1327\" data-end=\"1352\">\n<p data-start=\"1329\" data-end=\"1352\">un cube d&#8217;activit\u00e9s<\/p>\n<\/li>\n<li data-start=\"1353\" data-end=\"1373\">\n<p data-start=\"1355\" data-end=\"1373\">un tendeur de wagon<\/p>\n<\/li>\n<li data-start=\"1374\" data-end=\"1398\">\n<p data-start=\"1376\" data-end=\"1398\">jouets sensoriels<\/p>\n<\/li>\n<li data-start=\"1399\" data-end=\"1415\">\n<p data-start=\"1401\" data-end=\"1415\">autres cadeaux de maternit\u00e9<\/p>\n<\/li>\n<\/ul>\n<p data-start=\"1417\" data-end=\"1726\">Le <strong data-start=\"1421\" data-end=\"1436\">produit final<\/strong> que vous fabriquez doit \u00eatre conforme aux <strong data-start=\"1470\" data-end=\"1494\">directives sur les jouets<\/strong>. Nous assurons la s\u00e9curit\u00e9 chimique du bois, mais nous ne pouvons pas tester la <strong data-start=\"1558\" data-end=\"1584\">s\u00e9curit\u00e9 m\u00e9canique<\/strong> (la construction). En effet, chaque combinaison est diff\u00e9rente. C&#8217;est \u00e0 vous, en tant que fabricant, qu&#8217;incombe cette responsabilit\u00e9.   <\/p>\n<p>&nbsp;<\/p>\n","protected":false},"excerpt":{"rendered":"<ul>\n<li>Forme : \u00e9lan<\/li>\n<li>Fabriqu\u00e9 en bois de h\u00eatre brut (non laqu\u00e9, teint\u00e9 ou huil\u00e9), chimiquement s\u00fbr pour les b\u00e9b\u00e9s, test\u00e9 conform\u00e9ment aux normes EN-71, REACH et \u00e0 la directive europ\u00e9enne sur les jouets.<\/li>\n<li>Figurine de dentition, destin\u00e9e \u00e0 faire partie d&#8217;un anneau de dentition ou d&#8217;un autre produit.<\/li>\n<\/ul>\n<p>Pour plus d&#8217;informations sur la fa\u00e7on de l&#8217;utiliser, lisez le bas de la page.<\/p>\n","protected":false},"featured_media":264270,"template":"","meta":[],"product_brand":[],"product_cat":[12293,12339,12292,12294,7378],"product_tag":[7384,10409,12653,7455,12655,13453,7197,7418,10414,7508,10402],"class_list":{"0":"post-186905","1":"product","2":"type-product","3":"status-publish","4":"has-post-thumbnail","6":"product_cat-anneaux-de-dentition-bebe-silicone-et-bois","7":"product_cat-anneaux-de-dentition-en-bois-bois-de-hetre","8":"product_cat-anneaux-en-bois","9":"product_cat-anneaux-en-bois-pour-le-macrame-et-le-crochet","10":"product_cat-fabrication-de-jouets-de-dentition-pour-bebe-cordon-de-sucette-et-anneaux-de-dentition","11":"product_tag-anneau-de-dentition","12":"product_tag-bois-fr","13":"product_tag-bois-de-hetre-fr","14":"product_tag-chaine-de-landau","15":"product_tag-cool-fr","16":"product_tag-elan","17":"product_tag-en-bois","18":"product_tag-faux-cordon","19":"product_tag-hetre","20":"product_tag-morsure","21":"product_tag-pendentif","23":"first","24":"instock","25":"taxable","26":"shipping-taxable","27":"purchasable","28":"product-type-simple"},"bundled_by":[],"bundle_stock_status":"instock","bundle_stock_quantity":3,"bundle_virtual":false,"bundle_layout":"","bundle_add_to_cart_form_location":"","bundle_editable_in_cart":false,"bundle_sold_individually_context":"","bundle_item_grouping":"","bundle_min_size":"","bundle_max_size":"","bundle_price":[],"bundled_items":[],"bundle_sell_ids":[],"yoast_head":"<!-- This site is optimized with the Yoast SEO Premium plugin v27.6 (Yoast SEO v27.6) - https:\/\/yoast.com\/product\/yoast-seo-premium-wordpress\/ -->\n<title>Figurine de dentition en bois - Anneau de dentition - Elan - Jootjes Crochet presents<\/title>\n<meta name=\"description\" content=\"Figurine de dentition en bois Monstera Leaf pour les jouets de b\u00e9b\u00e9 faits \u00e0 la main. Un anneau de dentition, un hochet ou un porte-b\u00e9b\u00e9.\" \/>\n<meta name=\"robots\" content=\"index, follow, max-snippet:-1, max-image-preview:large, max-video-preview:-1\" \/>\n<link rel=\"canonical\" href=\"https:\/\/www.jootjeshaakcadeautjes.nl\/fr\/produit\/houten-bijtring-bijtfiguur-beukenhout-eland\/\" \/>\n<meta property=\"og:locale\" content=\"fr_FR\" \/>\n<meta property=\"og:type\" content=\"article\" \/>\n<meta property=\"og:title\" content=\"Anneau de dentition en bois - Figurine de dentition - Bois de h\u00eatre - Elan\" \/>\n<meta property=\"og:description\" content=\"Figurine de dentition en bois Monstera Leaf pour les jouets de b\u00e9b\u00e9 faits \u00e0 la main. Un anneau de dentition, un hochet ou un porte-b\u00e9b\u00e9.\" \/>\n<meta property=\"og:url\" content=\"https:\/\/www.jootjeshaakcadeautjes.nl\/fr\/produit\/houten-bijtring-bijtfiguur-beukenhout-eland\/\" \/>\n<meta property=\"og:site_name\" content=\"Jootjes Haakcadeautjes\" \/>\n<meta property=\"article:modified_time\" content=\"2025-12-16T16:24:07+00:00\" \/>\n<meta property=\"og:image\" content=\"https:\/\/d1dyryakdmle7o.cloudfront.net\/wp-content\/uploads\/2025\/12\/Naamloos-1634-scaled.webp\" \/>\n\t<meta property=\"og:image:width\" content=\"2560\" \/>\n\t<meta property=\"og:image:height\" content=\"2560\" \/>\n\t<meta property=\"og:image:type\" content=\"image\/webp\" \/>\n<meta name=\"twitter:card\" content=\"summary_large_image\" \/>\n<meta name=\"twitter:label1\" content=\"Prix\" \/>\n\t<meta name=\"twitter:data1\" content=\"&euro;2.00 TTC\" \/>\n\t<meta name=\"twitter:label2\" content=\"Disponibilit\u00e9\" \/>\n\t<meta name=\"twitter:data2\" content=\"En stock\" \/>\n<script type=\"application\/ld+json\" class=\"yoast-schema-graph\">{\"@context\":\"https:\\\/\\\/schema.org\",\"@graph\":[{\"@type\":\"WebPage\",\"@id\":\"https:\\\/\\\/www.jootjeshaakcadeautjes.nl\\\/fr\\\/produit\\\/houten-bijtring-bijtfiguur-beukenhout-eland\\\/\",\"url\":\"https:\\\/\\\/www.jootjeshaakcadeautjes.nl\\\/fr\\\/produit\\\/houten-bijtring-bijtfiguur-beukenhout-eland\\\/\",\"name\":\"Figurine de dentition en bois - Anneau de dentition - Elan - Jootjes Crochet presents\",\"isPartOf\":{\"@id\":\"https:\\\/\\\/www.jootjeshaakcadeautjes.nl\\\/fr\\\/#website\"},\"primaryImageOfPage\":{\"@id\":\"https:\\\/\\\/www.jootjeshaakcadeautjes.nl\\\/fr\\\/produit\\\/houten-bijtring-bijtfiguur-beukenhout-eland\\\/#primaryimage\"},\"image\":{\"@id\":\"https:\\\/\\\/www.jootjeshaakcadeautjes.nl\\\/fr\\\/produit\\\/houten-bijtring-bijtfiguur-beukenhout-eland\\\/#primaryimage\"},\"thumbnailUrl\":\"https:\\\/\\\/d1dyryakdmle7o.cloudfront.net\\\/wp-content\\\/uploads\\\/2025\\\/12\\\/Naamloos-1634-scaled.webp\",\"datePublished\":\"2025-12-14T08:35:42+00:00\",\"dateModified\":\"2025-12-16T16:24:07+00:00\",\"description\":\"Figurine de dentition en bois Monstera Leaf pour les jouets de b\u00e9b\u00e9 faits \u00e0 la main. Un anneau de dentition, un hochet ou un porte-b\u00e9b\u00e9.\",\"breadcrumb\":{\"@id\":\"https:\\\/\\\/www.jootjeshaakcadeautjes.nl\\\/fr\\\/produit\\\/houten-bijtring-bijtfiguur-beukenhout-eland\\\/#breadcrumb\"},\"inLanguage\":\"fr-FR\",\"potentialAction\":[{\"@type\":\"ReadAction\",\"target\":[\"https:\\\/\\\/www.jootjeshaakcadeautjes.nl\\\/fr\\\/produit\\\/houten-bijtring-bijtfiguur-beukenhout-eland\\\/\"]}]},{\"@type\":\"ImageObject\",\"inLanguage\":\"fr-FR\",\"@id\":\"https:\\\/\\\/www.jootjeshaakcadeautjes.nl\\\/fr\\\/produit\\\/houten-bijtring-bijtfiguur-beukenhout-eland\\\/#primaryimage\",\"url\":\"https:\\\/\\\/d1dyryakdmle7o.cloudfront.net\\\/wp-content\\\/uploads\\\/2025\\\/12\\\/Naamloos-1634-scaled.webp\",\"contentUrl\":\"https:\\\/\\\/d1dyryakdmle7o.cloudfront.net\\\/wp-content\\\/uploads\\\/2025\\\/12\\\/Naamloos-1634-scaled.webp\",\"width\":2560,\"height\":2560},{\"@type\":\"BreadcrumbList\",\"@id\":\"https:\\\/\\\/www.jootjeshaakcadeautjes.nl\\\/fr\\\/produit\\\/houten-bijtring-bijtfiguur-beukenhout-eland\\\/#breadcrumb\",\"itemListElement\":[{\"@type\":\"ListItem\",\"position\":1,\"name\":\"Accueil\",\"item\":\"https:\\\/\\\/www.jootjeshaakcadeautjes.nl\\\/fr\\\/\"},{\"@type\":\"ListItem\",\"position\":2,\"name\":\"Commerce de gros de perles en silicone &#8211; Entreprises et consommateurs\",\"item\":\"https:\\\/\\\/www.jootjeshaakcadeautjes.nl\\\/fr\\\/boutique\\\/\"},{\"@type\":\"ListItem\",\"position\":3,\"name\":\"Anneau de dentition en bois &#8211; Figurine de dentition &#8211; Bois de h\u00eatre &#8211; Elan\"}]},{\"@type\":\"WebSite\",\"@id\":\"https:\\\/\\\/www.jootjeshaakcadeautjes.nl\\\/fr\\\/#website\",\"url\":\"https:\\\/\\\/www.jootjeshaakcadeautjes.nl\\\/fr\\\/\",\"name\":\"Jootjes Haakcadeautjes\",\"description\":\"Grossiste en perles de silicone\",\"publisher\":{\"@id\":\"https:\\\/\\\/www.jootjeshaakcadeautjes.nl\\\/fr\\\/#organization\"},\"potentialAction\":[{\"@type\":\"SearchAction\",\"target\":{\"@type\":\"EntryPoint\",\"urlTemplate\":\"https:\\\/\\\/www.jootjeshaakcadeautjes.nl\\\/fr\\\/?s={search_term_string}\"},\"query-input\":{\"@type\":\"PropertyValueSpecification\",\"valueRequired\":true,\"valueName\":\"search_term_string\"}}],\"inLanguage\":\"fr-FR\"},{\"@type\":\"Organization\",\"@id\":\"https:\\\/\\\/www.jootjeshaakcadeautjes.nl\\\/fr\\\/#organization\",\"name\":\"Jootjes Haakcadeautjes\",\"url\":\"https:\\\/\\\/www.jootjeshaakcadeautjes.nl\\\/fr\\\/\",\"logo\":{\"@type\":\"ImageObject\",\"inLanguage\":\"fr-FR\",\"@id\":\"https:\\\/\\\/www.jootjeshaakcadeautjes.nl\\\/fr\\\/#\\\/schema\\\/logo\\\/image\\\/\",\"url\":\"https:\\\/\\\/d1dyryakdmle7o.cloudfront.net\\\/wp-content\\\/uploads\\\/2023\\\/05\\\/Logo-rond.png\",\"contentUrl\":\"https:\\\/\\\/d1dyryakdmle7o.cloudfront.net\\\/wp-content\\\/uploads\\\/2023\\\/05\\\/Logo-rond.png\",\"width\":1222,\"height\":1222,\"caption\":\"Jootjes Haakcadeautjes\"},\"image\":{\"@id\":\"https:\\\/\\\/www.jootjeshaakcadeautjes.nl\\\/fr\\\/#\\\/schema\\\/logo\\\/image\\\/\"}}]}<\/script>\n<meta property=\"product:price:amount\" content=\"2.00\" \/>\n<meta property=\"product:price:currency\" content=\"EUR\" \/>\n<meta property=\"og:availability\" content=\"instock\" \/>\n<meta property=\"product:availability\" content=\"instock\" \/>\n<meta property=\"product:retailer_item_id\" content=\"HOU-BTF-ELA\" \/>\n<meta property=\"product:condition\" content=\"new\" \/>\n<!-- \/ Yoast SEO Premium plugin. -->","yoast_head_json":{"title":"Figurine de dentition en bois - Anneau de dentition - Elan - Jootjes Crochet presents","description":"Figurine de dentition en bois Monstera Leaf pour les jouets de b\u00e9b\u00e9 faits \u00e0 la main. Un anneau de dentition, un hochet ou un porte-b\u00e9b\u00e9.","robots":{"index":"index","follow":"follow","max-snippet":"max-snippet:-1","max-image-preview":"max-image-preview:large","max-video-preview":"max-video-preview:-1"},"canonical":"https:\/\/www.jootjeshaakcadeautjes.nl\/fr\/produit\/houten-bijtring-bijtfiguur-beukenhout-eland\/","og_locale":"fr_FR","og_type":"article","og_title":"Anneau de dentition en bois - Figurine de dentition - Bois de h\u00eatre - Elan","og_description":"Figurine de dentition en bois Monstera Leaf pour les jouets de b\u00e9b\u00e9 faits \u00e0 la main. Un anneau de dentition, un hochet ou un porte-b\u00e9b\u00e9.","og_url":"https:\/\/www.jootjeshaakcadeautjes.nl\/fr\/produit\/houten-bijtring-bijtfiguur-beukenhout-eland\/","og_site_name":"Jootjes Haakcadeautjes","article_modified_time":"2025-12-16T16:24:07+00:00","og_image":[{"width":2560,"height":2560,"url":"https:\/\/d1dyryakdmle7o.cloudfront.net\/wp-content\/uploads\/2025\/12\/Naamloos-1634-scaled.webp","type":"image\/webp"}],"twitter_card":"summary_large_image","twitter_misc":{"Prix":"&euro;2.00 TTC","Disponibilit\u00e9":"En stock"},"schema":{"@context":"https:\/\/schema.org","@graph":[{"@type":"WebPage","@id":"https:\/\/www.jootjeshaakcadeautjes.nl\/fr\/produit\/houten-bijtring-bijtfiguur-beukenhout-eland\/","url":"https:\/\/www.jootjeshaakcadeautjes.nl\/fr\/produit\/houten-bijtring-bijtfiguur-beukenhout-eland\/","name":"Figurine de dentition en bois - Anneau de dentition - Elan - Jootjes Crochet presents","isPartOf":{"@id":"https:\/\/www.jootjeshaakcadeautjes.nl\/fr\/#website"},"primaryImageOfPage":{"@id":"https:\/\/www.jootjeshaakcadeautjes.nl\/fr\/produit\/houten-bijtring-bijtfiguur-beukenhout-eland\/#primaryimage"},"image":{"@id":"https:\/\/www.jootjeshaakcadeautjes.nl\/fr\/produit\/houten-bijtring-bijtfiguur-beukenhout-eland\/#primaryimage"},"thumbnailUrl":"https:\/\/d1dyryakdmle7o.cloudfront.net\/wp-content\/uploads\/2025\/12\/Naamloos-1634-scaled.webp","datePublished":"2025-12-14T08:35:42+00:00","dateModified":"2025-12-16T16:24:07+00:00","description":"Figurine de dentition en bois Monstera Leaf pour les jouets de b\u00e9b\u00e9 faits \u00e0 la main. Un anneau de dentition, un hochet ou un porte-b\u00e9b\u00e9.","breadcrumb":{"@id":"https:\/\/www.jootjeshaakcadeautjes.nl\/fr\/produit\/houten-bijtring-bijtfiguur-beukenhout-eland\/#breadcrumb"},"inLanguage":"fr-FR","potentialAction":[{"@type":"ReadAction","target":["https:\/\/www.jootjeshaakcadeautjes.nl\/fr\/produit\/houten-bijtring-bijtfiguur-beukenhout-eland\/"]}]},{"@type":"ImageObject","inLanguage":"fr-FR","@id":"https:\/\/www.jootjeshaakcadeautjes.nl\/fr\/produit\/houten-bijtring-bijtfiguur-beukenhout-eland\/#primaryimage","url":"https:\/\/d1dyryakdmle7o.cloudfront.net\/wp-content\/uploads\/2025\/12\/Naamloos-1634-scaled.webp","contentUrl":"https:\/\/d1dyryakdmle7o.cloudfront.net\/wp-content\/uploads\/2025\/12\/Naamloos-1634-scaled.webp","width":2560,"height":2560},{"@type":"BreadcrumbList","@id":"https:\/\/www.jootjeshaakcadeautjes.nl\/fr\/produit\/houten-bijtring-bijtfiguur-beukenhout-eland\/#breadcrumb","itemListElement":[{"@type":"ListItem","position":1,"name":"Accueil","item":"https:\/\/www.jootjeshaakcadeautjes.nl\/fr\/"},{"@type":"ListItem","position":2,"name":"Commerce de gros de perles en silicone &#8211; Entreprises et consommateurs","item":"https:\/\/www.jootjeshaakcadeautjes.nl\/fr\/boutique\/"},{"@type":"ListItem","position":3,"name":"Anneau de dentition en bois &#8211; Figurine de dentition &#8211; Bois de h\u00eatre &#8211; Elan"}]},{"@type":"WebSite","@id":"https:\/\/www.jootjeshaakcadeautjes.nl\/fr\/#website","url":"https:\/\/www.jootjeshaakcadeautjes.nl\/fr\/","name":"Jootjes Haakcadeautjes","description":"Grossiste en perles de silicone","publisher":{"@id":"https:\/\/www.jootjeshaakcadeautjes.nl\/fr\/#organization"},"potentialAction":[{"@type":"SearchAction","target":{"@type":"EntryPoint","urlTemplate":"https:\/\/www.jootjeshaakcadeautjes.nl\/fr\/?s={search_term_string}"},"query-input":{"@type":"PropertyValueSpecification","valueRequired":true,"valueName":"search_term_string"}}],"inLanguage":"fr-FR"},{"@type":"Organization","@id":"https:\/\/www.jootjeshaakcadeautjes.nl\/fr\/#organization","name":"Jootjes Haakcadeautjes","url":"https:\/\/www.jootjeshaakcadeautjes.nl\/fr\/","logo":{"@type":"ImageObject","inLanguage":"fr-FR","@id":"https:\/\/www.jootjeshaakcadeautjes.nl\/fr\/#\/schema\/logo\/image\/","url":"https:\/\/d1dyryakdmle7o.cloudfront.net\/wp-content\/uploads\/2023\/05\/Logo-rond.png","contentUrl":"https:\/\/d1dyryakdmle7o.cloudfront.net\/wp-content\/uploads\/2023\/05\/Logo-rond.png","width":1222,"height":1222,"caption":"Jootjes Haakcadeautjes"},"image":{"@id":"https:\/\/www.jootjeshaakcadeautjes.nl\/fr\/#\/schema\/logo\/image\/"}}]},"product_price_amount":"2.00","product_price_currency":"EUR","og_availability":"instock","product_availability":"instock","product_retailer_item_id":"HOU-BTF-ELA","product_condition":"new"},"_links":{"self":[{"href":"https:\/\/www.jootjeshaakcadeautjes.nl\/fr\/wp-json\/wp\/v2\/product\/186905","targetHints":{"allow":["GET"]}}],"collection":[{"href":"https:\/\/www.jootjeshaakcadeautjes.nl\/fr\/wp-json\/wp\/v2\/product"}],"about":[{"href":"https:\/\/www.jootjeshaakcadeautjes.nl\/fr\/wp-json\/wp\/v2\/types\/product"}],"version-history":[{"count":1,"href":"https:\/\/www.jootjeshaakcadeautjes.nl\/fr\/wp-json\/wp\/v2\/product\/186905\/revisions"}],"predecessor-version":[{"id":264897,"href":"https:\/\/www.jootjeshaakcadeautjes.nl\/fr\/wp-json\/wp\/v2\/product\/186905\/revisions\/264897"}],"wp:featuredmedia":[{"embeddable":true,"href":"https:\/\/www.jootjeshaakcadeautjes.nl\/fr\/wp-json\/wp\/v2\/media\/264270"}],"wp:attachment":[{"href":"https:\/\/www.jootjeshaakcadeautjes.nl\/fr\/wp-json\/wp\/v2\/media?parent=186905"}],"wp:term":[{"taxonomy":"product_brand","embeddable":true,"href":"https:\/\/www.jootjeshaakcadeautjes.nl\/fr\/wp-json\/wp\/v2\/product_brand?post=186905"},{"taxonomy":"product_cat","embeddable":true,"href":"https:\/\/www.jootjeshaakcadeautjes.nl\/fr\/wp-json\/wp\/v2\/product_cat?post=186905"},{"taxonomy":"product_tag","embeddable":true,"href":"https:\/\/www.jootjeshaakcadeautjes.nl\/fr\/wp-json\/wp\/v2\/product_tag?post=186905"}],"curies":[{"name":"wp","href":"https:\/\/api.w.org\/{rel}","templated":true}]}}