{"id":190752,"date":"2025-02-17T16:30:05","date_gmt":"2025-02-17T15:30:05","guid":{"rendered":"https:\/\/www.jootjeshaakcadeautjes.nl\/product\/durable-velvet-kleur-343-warm-taupe\/"},"modified":"2026-03-20T11:20:24","modified_gmt":"2026-03-20T10:20:24","slug":"durable-velvet-kleur-343-warm-taupe","status":"publish","type":"product","link":"https:\/\/www.jootjeshaakcadeautjes.nl\/fr\/produit\/durable-velvet-kleur-343-warm-taupe\/","title":{"rendered":"Durable Velvet &#8211; Coloris 343 Taupe chaud"},"content":{"rendered":"<h1>Durable Velvet &#8211; Coloris 343 Taupe chaud<\/h1>\n<p>Durable Velvet est un fil chenille merveilleusement doux au toucher luxueux. Le fil a une texture souple et c\u00e2line, ce qui le rend parfait pour des projets tels que des Peluches, des coussins, des couvertures et d&#8217;autres articles d&#8217;int\u00e9rieur.  Gr\u00e2ce \u00e0 la densit\u00e9 \u00e9lev\u00e9e de ses fibres, ce fil est tr\u00e8s doux et id\u00e9al pour r\u00e9aliser des articles confortables et moelleux. Disponible en 32 couleurs, Durable Velvet offre de nombreuses options pour diff\u00e9rents projets. Le fil est compos\u00e9 \u00e0 100 % de polyester et se pr\u00e9sente sous la forme de grosses pelotes de 100 grammes, avec une longueur de 180 m\u00e8tres.  <\/p>\n","protected":false},"excerpt":{"rendered":"<p>Durable Velvet &#8211; 343 Taupe chaud<br \/>\n100% polyester<\/p>\n<p><strong>Sp\u00e9cifications :<\/strong><\/p>\n<table>\n<tbody>\n<tr>\n<td>Poids<\/td>\n<td>100 g<\/td>\n<\/tr>\n<tr>\n<td>Longueur de la course<\/td>\n<td>180 m\u00e8tres<\/td>\n<\/tr>\n<tr>\n<td>Composition<\/td>\n<td>100% polyester<\/td>\n<\/tr>\n<tr>\n<td>\u00c9paisseur d&#8217;aiguille recommand\u00e9e<\/td>\n<td>3-5 mm<\/td>\n<\/tr>\n<\/tbody>\n<\/table>\n","protected":false},"featured_media":189134,"template":"","meta":[],"product_brand":[],"product_cat":[17024,12308,9987],"product_tag":[12377,7401,7206,17033,17029,17047,17041,17043,12311,12576,12845,12841,17038,12838,17027],"class_list":{"0":"post-190752","1":"product","2":"type-product","3":"status-publish","4":"has-post-thumbnail","6":"product_cat-durable-velvet-fil-chenille-jouets-au-crochet","7":"product_cat-materiel-de-bricolage-et-de-crochet","8":"product_cat-perles-en-silicone-et-accessoires-pour-bebes-soldes","9":"product_tag-amigurumi-fr","10":"product_tag-bebe","11":"product_tag-bricolage","12":"product_tag-calins","13":"product_tag-chenille-fr","14":"product_tag-chenillegaren-fr","15":"product_tag-coussins","16":"product_tag-couvertures","17":"product_tag-crochets","18":"product_tag-doux","19":"product_tag-durable-fr","20":"product_tag-fil-fr","21":"product_tag-interieur-fr","22":"product_tag-tricot","23":"product_tag-velours","24":"product_shipping_class-envoi-de-colis-necessaire","26":"first","27":"instock","28":"sale","29":"taxable","30":"shipping-taxable","31":"purchasable","32":"product-type-simple"},"bundled_by":[],"bundle_stock_status":"instock","bundle_stock_quantity":10,"bundle_virtual":false,"bundle_layout":"","bundle_add_to_cart_form_location":"","bundle_editable_in_cart":false,"bundle_sold_individually_context":"","bundle_item_grouping":"","bundle_min_size":"","bundle_max_size":"","bundle_price":[],"bundled_items":[],"bundle_sell_ids":[],"yoast_head":"<!-- This site is optimized with the Yoast SEO Premium plugin v27.6 (Yoast SEO v27.6) - https:\/\/yoast.com\/product\/yoast-seo-premium-wordpress\/ -->\n<title>Durable Velvet - Coloris 343 Taupe chaud - Fil chenille<\/title>\n<meta name=\"description\" content=\"Durable Velvet 343 Warm Taupe - Fil chenille doux pour peluches, coussins et articles d&#039;int\u00e9rieur. Parfait pour les projets de bricolage avec une sensation de luxe.\" \/>\n<meta name=\"robots\" content=\"index, follow, max-snippet:-1, max-image-preview:large, max-video-preview:-1\" \/>\n<link rel=\"canonical\" href=\"https:\/\/www.jootjeshaakcadeautjes.nl\/fr\/produit\/durable-velvet-kleur-343-warm-taupe\/\" \/>\n<meta property=\"og:locale\" content=\"fr_FR\" \/>\n<meta property=\"og:type\" content=\"article\" \/>\n<meta property=\"og:title\" content=\"Durable Velvet - Coloris 343 Taupe chaud\" \/>\n<meta property=\"og:description\" content=\"Durable Velvet 343 Warm Taupe - Fil chenille doux pour peluches, coussins et articles d&#039;int\u00e9rieur. Parfait pour les projets de bricolage avec une sensation de luxe.\" \/>\n<meta property=\"og:url\" content=\"https:\/\/www.jootjeshaakcadeautjes.nl\/fr\/produit\/durable-velvet-kleur-343-warm-taupe\/\" \/>\n<meta property=\"og:site_name\" content=\"Jootjes Haakcadeautjes\" \/>\n<meta property=\"article:modified_time\" content=\"2026-03-20T10:20:24+00:00\" \/>\n<meta property=\"og:image\" content=\"https:\/\/www.jootjeshaakcadeautjes.nl\/wp-content\/uploads\/2025\/02\/010.88343.webp\" \/>\n\t<meta property=\"og:image:width\" content=\"1600\" \/>\n\t<meta property=\"og:image:height\" content=\"1600\" \/>\n\t<meta property=\"og:image:type\" content=\"image\/webp\" \/>\n<meta name=\"twitter:card\" content=\"summary_large_image\" \/>\n<meta name=\"twitter:label1\" content=\"Prix\" \/>\n\t<meta name=\"twitter:data1\" content=\"&euro;4.65 TTC\" \/>\n\t<meta name=\"twitter:label2\" content=\"Disponibilit\u00e9\" \/>\n\t<meta name=\"twitter:data2\" content=\"En stock\" \/>\n<script type=\"application\/ld+json\" class=\"yoast-schema-graph\">{\"@context\":\"https:\\\/\\\/schema.org\",\"@graph\":[{\"@type\":\"WebPage\",\"@id\":\"https:\\\/\\\/www.jootjeshaakcadeautjes.nl\\\/fr\\\/produit\\\/durable-velvet-kleur-343-warm-taupe\\\/\",\"url\":\"https:\\\/\\\/www.jootjeshaakcadeautjes.nl\\\/fr\\\/produit\\\/durable-velvet-kleur-343-warm-taupe\\\/\",\"name\":\"Durable Velvet - Coloris 343 Taupe chaud - Fil chenille\",\"isPartOf\":{\"@id\":\"https:\\\/\\\/www.jootjeshaakcadeautjes.nl\\\/fr\\\/#website\"},\"primaryImageOfPage\":{\"@id\":\"https:\\\/\\\/www.jootjeshaakcadeautjes.nl\\\/fr\\\/produit\\\/durable-velvet-kleur-343-warm-taupe\\\/#primaryimage\"},\"image\":{\"@id\":\"https:\\\/\\\/www.jootjeshaakcadeautjes.nl\\\/fr\\\/produit\\\/durable-velvet-kleur-343-warm-taupe\\\/#primaryimage\"},\"thumbnailUrl\":\"https:\\\/\\\/d1dyryakdmle7o.cloudfront.net\\\/wp-content\\\/uploads\\\/2025\\\/02\\\/010.88343.webp\",\"datePublished\":\"2025-02-17T15:30:05+00:00\",\"dateModified\":\"2026-03-20T10:20:24+00:00\",\"description\":\"Durable Velvet 343 Warm Taupe - Fil chenille doux pour peluches, coussins et articles d'int\u00e9rieur. Parfait pour les projets de bricolage avec une sensation de luxe.\",\"breadcrumb\":{\"@id\":\"https:\\\/\\\/www.jootjeshaakcadeautjes.nl\\\/fr\\\/produit\\\/durable-velvet-kleur-343-warm-taupe\\\/#breadcrumb\"},\"inLanguage\":\"fr-FR\",\"potentialAction\":[{\"@type\":\"ReadAction\",\"target\":[\"https:\\\/\\\/www.jootjeshaakcadeautjes.nl\\\/fr\\\/produit\\\/durable-velvet-kleur-343-warm-taupe\\\/\"]}]},{\"@type\":\"ImageObject\",\"inLanguage\":\"fr-FR\",\"@id\":\"https:\\\/\\\/www.jootjeshaakcadeautjes.nl\\\/fr\\\/produit\\\/durable-velvet-kleur-343-warm-taupe\\\/#primaryimage\",\"url\":\"https:\\\/\\\/d1dyryakdmle7o.cloudfront.net\\\/wp-content\\\/uploads\\\/2025\\\/02\\\/010.88343.webp\",\"contentUrl\":\"https:\\\/\\\/d1dyryakdmle7o.cloudfront.net\\\/wp-content\\\/uploads\\\/2025\\\/02\\\/010.88343.webp\",\"width\":1600,\"height\":1600},{\"@type\":\"BreadcrumbList\",\"@id\":\"https:\\\/\\\/www.jootjeshaakcadeautjes.nl\\\/fr\\\/produit\\\/durable-velvet-kleur-343-warm-taupe\\\/#breadcrumb\",\"itemListElement\":[{\"@type\":\"ListItem\",\"position\":1,\"name\":\"Accueil\",\"item\":\"https:\\\/\\\/www.jootjeshaakcadeautjes.nl\\\/fr\\\/\"},{\"@type\":\"ListItem\",\"position\":2,\"name\":\"Commerce de gros de perles en silicone &#8211; Entreprises et consommateurs\",\"item\":\"https:\\\/\\\/www.jootjeshaakcadeautjes.nl\\\/fr\\\/boutique\\\/\"},{\"@type\":\"ListItem\",\"position\":3,\"name\":\"Durable Velvet &#8211; Coloris 343 Taupe chaud\"}]},{\"@type\":\"WebSite\",\"@id\":\"https:\\\/\\\/www.jootjeshaakcadeautjes.nl\\\/fr\\\/#website\",\"url\":\"https:\\\/\\\/www.jootjeshaakcadeautjes.nl\\\/fr\\\/\",\"name\":\"Jootjes Haakcadeautjes\",\"description\":\"Grossiste en perles de silicone\",\"publisher\":{\"@id\":\"https:\\\/\\\/www.jootjeshaakcadeautjes.nl\\\/fr\\\/#organization\"},\"potentialAction\":[{\"@type\":\"SearchAction\",\"target\":{\"@type\":\"EntryPoint\",\"urlTemplate\":\"https:\\\/\\\/www.jootjeshaakcadeautjes.nl\\\/fr\\\/?s={search_term_string}\"},\"query-input\":{\"@type\":\"PropertyValueSpecification\",\"valueRequired\":true,\"valueName\":\"search_term_string\"}}],\"inLanguage\":\"fr-FR\"},{\"@type\":\"Organization\",\"@id\":\"https:\\\/\\\/www.jootjeshaakcadeautjes.nl\\\/fr\\\/#organization\",\"name\":\"Jootjes Haakcadeautjes\",\"url\":\"https:\\\/\\\/www.jootjeshaakcadeautjes.nl\\\/fr\\\/\",\"logo\":{\"@type\":\"ImageObject\",\"inLanguage\":\"fr-FR\",\"@id\":\"https:\\\/\\\/www.jootjeshaakcadeautjes.nl\\\/fr\\\/#\\\/schema\\\/logo\\\/image\\\/\",\"url\":\"https:\\\/\\\/d1dyryakdmle7o.cloudfront.net\\\/wp-content\\\/uploads\\\/2023\\\/05\\\/Logo-rond.png\",\"contentUrl\":\"https:\\\/\\\/d1dyryakdmle7o.cloudfront.net\\\/wp-content\\\/uploads\\\/2023\\\/05\\\/Logo-rond.png\",\"width\":1222,\"height\":1222,\"caption\":\"Jootjes Haakcadeautjes\"},\"image\":{\"@id\":\"https:\\\/\\\/www.jootjeshaakcadeautjes.nl\\\/fr\\\/#\\\/schema\\\/logo\\\/image\\\/\"}}]}<\/script>\n<meta property=\"product:price:amount\" content=\"4.65\" \/>\n<meta property=\"product:price:currency\" content=\"EUR\" \/>\n<meta property=\"og:availability\" content=\"instock\" \/>\n<meta property=\"product:availability\" content=\"instock\" \/>\n<meta property=\"product:retailer_item_id\" content=\"DUR-VELV-343\" \/>\n<meta property=\"product:condition\" content=\"new\" \/>\n<!-- \/ Yoast SEO Premium plugin. -->","yoast_head_json":{"title":"Durable Velvet - Coloris 343 Taupe chaud - Fil chenille","description":"Durable Velvet 343 Warm Taupe - Fil chenille doux pour peluches, coussins et articles d'int\u00e9rieur. Parfait pour les projets de bricolage avec une sensation de luxe.","robots":{"index":"index","follow":"follow","max-snippet":"max-snippet:-1","max-image-preview":"max-image-preview:large","max-video-preview":"max-video-preview:-1"},"canonical":"https:\/\/www.jootjeshaakcadeautjes.nl\/fr\/produit\/durable-velvet-kleur-343-warm-taupe\/","og_locale":"fr_FR","og_type":"article","og_title":"Durable Velvet - Coloris 343 Taupe chaud","og_description":"Durable Velvet 343 Warm Taupe - Fil chenille doux pour peluches, coussins et articles d'int\u00e9rieur. Parfait pour les projets de bricolage avec une sensation de luxe.","og_url":"https:\/\/www.jootjeshaakcadeautjes.nl\/fr\/produit\/durable-velvet-kleur-343-warm-taupe\/","og_site_name":"Jootjes Haakcadeautjes","article_modified_time":"2026-03-20T10:20:24+00:00","og_image":[{"width":1600,"height":1600,"url":"https:\/\/www.jootjeshaakcadeautjes.nl\/wp-content\/uploads\/2025\/02\/010.88343.webp","type":"image\/webp"}],"twitter_card":"summary_large_image","twitter_misc":{"Prix":"&euro;4.65 TTC","Disponibilit\u00e9":"En stock"},"schema":{"@context":"https:\/\/schema.org","@graph":[{"@type":"WebPage","@id":"https:\/\/www.jootjeshaakcadeautjes.nl\/fr\/produit\/durable-velvet-kleur-343-warm-taupe\/","url":"https:\/\/www.jootjeshaakcadeautjes.nl\/fr\/produit\/durable-velvet-kleur-343-warm-taupe\/","name":"Durable Velvet - Coloris 343 Taupe chaud - Fil chenille","isPartOf":{"@id":"https:\/\/www.jootjeshaakcadeautjes.nl\/fr\/#website"},"primaryImageOfPage":{"@id":"https:\/\/www.jootjeshaakcadeautjes.nl\/fr\/produit\/durable-velvet-kleur-343-warm-taupe\/#primaryimage"},"image":{"@id":"https:\/\/www.jootjeshaakcadeautjes.nl\/fr\/produit\/durable-velvet-kleur-343-warm-taupe\/#primaryimage"},"thumbnailUrl":"https:\/\/d1dyryakdmle7o.cloudfront.net\/wp-content\/uploads\/2025\/02\/010.88343.webp","datePublished":"2025-02-17T15:30:05+00:00","dateModified":"2026-03-20T10:20:24+00:00","description":"Durable Velvet 343 Warm Taupe - Fil chenille doux pour peluches, coussins et articles d'int\u00e9rieur. Parfait pour les projets de bricolage avec une sensation de luxe.","breadcrumb":{"@id":"https:\/\/www.jootjeshaakcadeautjes.nl\/fr\/produit\/durable-velvet-kleur-343-warm-taupe\/#breadcrumb"},"inLanguage":"fr-FR","potentialAction":[{"@type":"ReadAction","target":["https:\/\/www.jootjeshaakcadeautjes.nl\/fr\/produit\/durable-velvet-kleur-343-warm-taupe\/"]}]},{"@type":"ImageObject","inLanguage":"fr-FR","@id":"https:\/\/www.jootjeshaakcadeautjes.nl\/fr\/produit\/durable-velvet-kleur-343-warm-taupe\/#primaryimage","url":"https:\/\/d1dyryakdmle7o.cloudfront.net\/wp-content\/uploads\/2025\/02\/010.88343.webp","contentUrl":"https:\/\/d1dyryakdmle7o.cloudfront.net\/wp-content\/uploads\/2025\/02\/010.88343.webp","width":1600,"height":1600},{"@type":"BreadcrumbList","@id":"https:\/\/www.jootjeshaakcadeautjes.nl\/fr\/produit\/durable-velvet-kleur-343-warm-taupe\/#breadcrumb","itemListElement":[{"@type":"ListItem","position":1,"name":"Accueil","item":"https:\/\/www.jootjeshaakcadeautjes.nl\/fr\/"},{"@type":"ListItem","position":2,"name":"Commerce de gros de perles en silicone &#8211; Entreprises et consommateurs","item":"https:\/\/www.jootjeshaakcadeautjes.nl\/fr\/boutique\/"},{"@type":"ListItem","position":3,"name":"Durable Velvet &#8211; Coloris 343 Taupe chaud"}]},{"@type":"WebSite","@id":"https:\/\/www.jootjeshaakcadeautjes.nl\/fr\/#website","url":"https:\/\/www.jootjeshaakcadeautjes.nl\/fr\/","name":"Jootjes Haakcadeautjes","description":"Grossiste en perles de silicone","publisher":{"@id":"https:\/\/www.jootjeshaakcadeautjes.nl\/fr\/#organization"},"potentialAction":[{"@type":"SearchAction","target":{"@type":"EntryPoint","urlTemplate":"https:\/\/www.jootjeshaakcadeautjes.nl\/fr\/?s={search_term_string}"},"query-input":{"@type":"PropertyValueSpecification","valueRequired":true,"valueName":"search_term_string"}}],"inLanguage":"fr-FR"},{"@type":"Organization","@id":"https:\/\/www.jootjeshaakcadeautjes.nl\/fr\/#organization","name":"Jootjes Haakcadeautjes","url":"https:\/\/www.jootjeshaakcadeautjes.nl\/fr\/","logo":{"@type":"ImageObject","inLanguage":"fr-FR","@id":"https:\/\/www.jootjeshaakcadeautjes.nl\/fr\/#\/schema\/logo\/image\/","url":"https:\/\/d1dyryakdmle7o.cloudfront.net\/wp-content\/uploads\/2023\/05\/Logo-rond.png","contentUrl":"https:\/\/d1dyryakdmle7o.cloudfront.net\/wp-content\/uploads\/2023\/05\/Logo-rond.png","width":1222,"height":1222,"caption":"Jootjes Haakcadeautjes"},"image":{"@id":"https:\/\/www.jootjeshaakcadeautjes.nl\/fr\/#\/schema\/logo\/image\/"}}]},"product_price_amount":"4.65","product_price_currency":"EUR","og_availability":"instock","product_availability":"instock","product_retailer_item_id":"DUR-VELV-343","product_condition":"new"},"_links":{"self":[{"href":"https:\/\/www.jootjeshaakcadeautjes.nl\/fr\/wp-json\/wp\/v2\/product\/190752","targetHints":{"allow":["GET"]}}],"collection":[{"href":"https:\/\/www.jootjeshaakcadeautjes.nl\/fr\/wp-json\/wp\/v2\/product"}],"about":[{"href":"https:\/\/www.jootjeshaakcadeautjes.nl\/fr\/wp-json\/wp\/v2\/types\/product"}],"version-history":[{"count":0,"href":"https:\/\/www.jootjeshaakcadeautjes.nl\/fr\/wp-json\/wp\/v2\/product\/190752\/revisions"}],"wp:featuredmedia":[{"embeddable":true,"href":"https:\/\/www.jootjeshaakcadeautjes.nl\/fr\/wp-json\/wp\/v2\/media\/189134"}],"wp:attachment":[{"href":"https:\/\/www.jootjeshaakcadeautjes.nl\/fr\/wp-json\/wp\/v2\/media?parent=190752"}],"wp:term":[{"taxonomy":"product_brand","embeddable":true,"href":"https:\/\/www.jootjeshaakcadeautjes.nl\/fr\/wp-json\/wp\/v2\/product_brand?post=190752"},{"taxonomy":"product_cat","embeddable":true,"href":"https:\/\/www.jootjeshaakcadeautjes.nl\/fr\/wp-json\/wp\/v2\/product_cat?post=190752"},{"taxonomy":"product_tag","embeddable":true,"href":"https:\/\/www.jootjeshaakcadeautjes.nl\/fr\/wp-json\/wp\/v2\/product_tag?post=190752"}],"curies":[{"name":"wp","href":"https:\/\/api.w.org\/{rel}","templated":true}]}}