{"id":190822,"date":"2025-02-13T15:27:04","date_gmt":"2025-02-13T13:27:04","guid":{"rendered":"https:\/\/www.jootjeshaakcadeautjes.nl\/product\/gehaakte-kraal-omhaakte-houten-kraal-20-mm-caffee-latte\/"},"modified":"2026-01-21T18:23:27","modified_gmt":"2026-01-21T17:23:27","slug":"gehaakte-kraal-omhaakte-houten-kraal-20-mm-caffee-latte","status":"publish","type":"product","link":"https:\/\/www.jootjeshaakcadeautjes.nl\/fr\/produit\/gehaakte-kraal-omhaakte-houten-kraal-20-mm-caffee-latte\/","title":{"rendered":"Perle au crochet &#8211; Perle en bois au crochet &#8211; 20 mm &#8211; Caff\u00e9 Latte"},"content":{"rendered":"<h2>Perle au crochet &#8211; Perle en bois au crochet &#8211; 20 mm &#8211; Caffee Latte<\/h2>\n<p>Mati\u00e8re : perles en bois crochet\u00e9es avec du coton color\u00e9 sans danger pour les b\u00e9b\u00e9s.<br \/>\nCode couleur : Caff\u00e9 Latte<\/p>\n<p>JootjesHaakcadejes est un grossiste en mat\u00e9riaux pour jouets de dentition pour b\u00e9b\u00e9s et un magasin en ligne de laine, de fil et de mat\u00e9riel de crochet. Gr\u00e2ce \u00e0 cette combinaison, nous vous offrons les deux mat\u00e9riaux standard pour les jouets de dentition pour b\u00e9b\u00e9s. Vous aimerez utiliser ces perles dans le cordon de landau, le cordon de t\u00e9tine, l&#8217;anneau de dentition, le cintre de landau, le cintre de sac, le porte-cl\u00e9s et bien d&#8217;autres choses encore ! Gr\u00e2ce \u00e0 notre statut de grossiste, vous achetez toujours chez nous au meilleur prix, m\u00eame pour les petites commandes. Regardez et comparez !    <\/p>\n<p>Les perles sont fabriqu\u00e9es \u00e0 partir de coton 100 % s\u00fbr pour les b\u00e9b\u00e9s. Ce coton est totalement exempt de toxines et peut \u00eatre utilis\u00e9 sans risque dans les jouets de dentition. <\/p>\n<p>Fixez toujours les perles tr\u00e8s solidement dans vos cr\u00e9ations. Jootjes Haakcadeautjes n&#8217;est jamais responsable des dommages r\u00e9sultant de vos cr\u00e9ations finies.<br \/>\nNous ne pouvons jamais garantir la m\u00e9thode de fixation. <\/p>\n","protected":false},"excerpt":{"rendered":"<p>Perles crochet\u00e9es ; perle en bois avec sangle en coton crochet\u00e9 pour la s\u00e9curit\u00e9 des b\u00e9b\u00e9s.<\/p>\n<ul>\n<li>Taille : perle en bois de 20 mm avec coton<\/li>\n<li>Code couleur : Caff\u00e9 Latte<\/li>\n<\/ul>\n<p>Crochet\u00e9 \u00e0 la main.<br \/>\n100 % de fils de coton sans danger pour les b\u00e9b\u00e9s.<\/p>\n","protected":false},"featured_media":188752,"template":"","meta":[],"product_brand":[],"product_cat":[7378,13059,10405],"product_tag":[7457,7448,7384,7401,14400,7455,17051,13846,13062,13066,12311,7197,7418,7392,7200,7408],"class_list":{"0":"post-190822","1":"product","2":"type-product","3":"status-publish","4":"has-post-thumbnail","6":"product_cat-fabrication-de-jouets-de-dentition-pour-bebe-cordon-de-sucette-et-anneaux-de-dentition","7":"product_cat-perles-au-crochet-perles-en-bois-au-crochet","8":"product_cat-perles-en-bois-fil-de-sucette-et-anneau-de-dentition-toutes-les-perles-en-bois","9":"product_tag-20-fr","10":"product_tag-20-mm-fr","11":"product_tag-anneau-de-dentition","12":"product_tag-bebe","13":"product_tag-cafe-au-lait-fr","14":"product_tag-chaine-de-landau","15":"product_tag-coton-fr","16":"product_tag-crochet-fr-6","17":"product_tag-crochet-fr-2","18":"product_tag-crochet-fr-3","19":"product_tag-crochets","20":"product_tag-en-bois","21":"product_tag-faux-cordon","22":"product_tag-mm-fr","23":"product_tag-perles","24":"product_tag-sur","26":"first","27":"instock","28":"taxable","29":"shipping-taxable","30":"purchasable","31":"product-type-simple"},"bundled_by":[],"bundle_stock_status":"instock","bundle_stock_quantity":46,"bundle_virtual":false,"bundle_layout":"","bundle_add_to_cart_form_location":"","bundle_editable_in_cart":false,"bundle_sold_individually_context":"","bundle_item_grouping":"","bundle_min_size":"","bundle_max_size":"","bundle_price":[],"bundled_items":[],"bundle_sell_ids":[],"yoast_head":"<!-- This site is optimized with the Yoast SEO Premium plugin v27.6 (Yoast SEO v27.6) - https:\/\/yoast.com\/product\/yoast-seo-premium-wordpress\/ -->\n<title>Crochet\u00e9 \/ Perle crochet\u00e9e 20 mm - Caffee Latte - Commerce de gros<\/title>\n<meta name=\"description\" content=\"Perles au crochet en couleur Caffee Latte en coton color\u00e9 sans danger pour les b\u00e9b\u00e9s. Perle en bois avec l&#039;ext\u00e9rieur crochet\u00e9. Perles au crochet Caffee Latte taille 20 mm\" \/>\n<meta name=\"robots\" content=\"index, follow, max-snippet:-1, max-image-preview:large, max-video-preview:-1\" \/>\n<link rel=\"canonical\" href=\"https:\/\/www.jootjeshaakcadeautjes.nl\/fr\/produit\/gehaakte-kraal-omhaakte-houten-kraal-20-mm-caffee-latte\/\" \/>\n<meta property=\"og:locale\" content=\"fr_FR\" \/>\n<meta property=\"og:type\" content=\"article\" \/>\n<meta property=\"og:title\" content=\"Perle au crochet - Perle en bois au crochet - 20 mm - Caff\u00e9 Latte\" \/>\n<meta property=\"og:description\" content=\"Perles au crochet en couleur Caffee Latte en coton color\u00e9 sans danger pour les b\u00e9b\u00e9s. Perle en bois avec l&#039;ext\u00e9rieur crochet\u00e9. Perles au crochet Caffee Latte taille 20 mm\" \/>\n<meta property=\"og:url\" content=\"https:\/\/www.jootjeshaakcadeautjes.nl\/fr\/produit\/gehaakte-kraal-omhaakte-houten-kraal-20-mm-caffee-latte\/\" \/>\n<meta property=\"og:site_name\" content=\"Jootjes Haakcadeautjes\" \/>\n<meta property=\"article:modified_time\" content=\"2026-01-21T17:23:27+00:00\" \/>\n<meta property=\"og:image\" content=\"https:\/\/www.jootjeshaakcadeautjes.nl\/wp-content\/uploads\/2025\/02\/20250211_142040.jpg\" \/>\n\t<meta property=\"og:image:width\" content=\"2048\" \/>\n\t<meta property=\"og:image:height\" content=\"2048\" \/>\n\t<meta property=\"og:image:type\" content=\"image\/jpeg\" \/>\n<meta name=\"twitter:card\" content=\"summary_large_image\" \/>\n<meta name=\"twitter:label1\" content=\"Prix\" \/>\n\t<meta name=\"twitter:data1\" content=\"&euro;0.60 TTC\" \/>\n\t<meta name=\"twitter:label2\" content=\"Disponibilit\u00e9\" \/>\n\t<meta name=\"twitter:data2\" content=\"En stock\" \/>\n<script type=\"application\/ld+json\" class=\"yoast-schema-graph\">{\"@context\":\"https:\\\/\\\/schema.org\",\"@graph\":[{\"@type\":\"WebPage\",\"@id\":\"https:\\\/\\\/www.jootjeshaakcadeautjes.nl\\\/fr\\\/produit\\\/gehaakte-kraal-omhaakte-houten-kraal-20-mm-caffee-latte\\\/\",\"url\":\"https:\\\/\\\/www.jootjeshaakcadeautjes.nl\\\/fr\\\/produit\\\/gehaakte-kraal-omhaakte-houten-kraal-20-mm-caffee-latte\\\/\",\"name\":\"Crochet\u00e9 \\\/ Perle crochet\u00e9e 20 mm - Caffee Latte - Commerce de gros\",\"isPartOf\":{\"@id\":\"https:\\\/\\\/www.jootjeshaakcadeautjes.nl\\\/fr\\\/#website\"},\"primaryImageOfPage\":{\"@id\":\"https:\\\/\\\/www.jootjeshaakcadeautjes.nl\\\/fr\\\/produit\\\/gehaakte-kraal-omhaakte-houten-kraal-20-mm-caffee-latte\\\/#primaryimage\"},\"image\":{\"@id\":\"https:\\\/\\\/www.jootjeshaakcadeautjes.nl\\\/fr\\\/produit\\\/gehaakte-kraal-omhaakte-houten-kraal-20-mm-caffee-latte\\\/#primaryimage\"},\"thumbnailUrl\":\"https:\\\/\\\/d1dyryakdmle7o.cloudfront.net\\\/wp-content\\\/uploads\\\/2025\\\/02\\\/20250211_142040.jpg\",\"datePublished\":\"2025-02-13T13:27:04+00:00\",\"dateModified\":\"2026-01-21T17:23:27+00:00\",\"description\":\"Perles au crochet en couleur Caffee Latte en coton color\u00e9 sans danger pour les b\u00e9b\u00e9s. Perle en bois avec l'ext\u00e9rieur crochet\u00e9. Perles au crochet Caffee Latte taille 20 mm\",\"breadcrumb\":{\"@id\":\"https:\\\/\\\/www.jootjeshaakcadeautjes.nl\\\/fr\\\/produit\\\/gehaakte-kraal-omhaakte-houten-kraal-20-mm-caffee-latte\\\/#breadcrumb\"},\"inLanguage\":\"fr-FR\",\"potentialAction\":[{\"@type\":\"ReadAction\",\"target\":[\"https:\\\/\\\/www.jootjeshaakcadeautjes.nl\\\/fr\\\/produit\\\/gehaakte-kraal-omhaakte-houten-kraal-20-mm-caffee-latte\\\/\"]}]},{\"@type\":\"ImageObject\",\"inLanguage\":\"fr-FR\",\"@id\":\"https:\\\/\\\/www.jootjeshaakcadeautjes.nl\\\/fr\\\/produit\\\/gehaakte-kraal-omhaakte-houten-kraal-20-mm-caffee-latte\\\/#primaryimage\",\"url\":\"https:\\\/\\\/d1dyryakdmle7o.cloudfront.net\\\/wp-content\\\/uploads\\\/2025\\\/02\\\/20250211_142040.jpg\",\"contentUrl\":\"https:\\\/\\\/d1dyryakdmle7o.cloudfront.net\\\/wp-content\\\/uploads\\\/2025\\\/02\\\/20250211_142040.jpg\",\"width\":2048,\"height\":2048},{\"@type\":\"BreadcrumbList\",\"@id\":\"https:\\\/\\\/www.jootjeshaakcadeautjes.nl\\\/fr\\\/produit\\\/gehaakte-kraal-omhaakte-houten-kraal-20-mm-caffee-latte\\\/#breadcrumb\",\"itemListElement\":[{\"@type\":\"ListItem\",\"position\":1,\"name\":\"Accueil\",\"item\":\"https:\\\/\\\/www.jootjeshaakcadeautjes.nl\\\/fr\\\/\"},{\"@type\":\"ListItem\",\"position\":2,\"name\":\"Commerce de gros de perles en silicone &#8211; Entreprises et consommateurs\",\"item\":\"https:\\\/\\\/www.jootjeshaakcadeautjes.nl\\\/fr\\\/boutique\\\/\"},{\"@type\":\"ListItem\",\"position\":3,\"name\":\"Perle au crochet &#8211; Perle en bois au crochet &#8211; 20 mm &#8211; Caff\u00e9 Latte\"}]},{\"@type\":\"WebSite\",\"@id\":\"https:\\\/\\\/www.jootjeshaakcadeautjes.nl\\\/fr\\\/#website\",\"url\":\"https:\\\/\\\/www.jootjeshaakcadeautjes.nl\\\/fr\\\/\",\"name\":\"Jootjes Haakcadeautjes\",\"description\":\"Grossiste en perles de silicone\",\"publisher\":{\"@id\":\"https:\\\/\\\/www.jootjeshaakcadeautjes.nl\\\/fr\\\/#organization\"},\"potentialAction\":[{\"@type\":\"SearchAction\",\"target\":{\"@type\":\"EntryPoint\",\"urlTemplate\":\"https:\\\/\\\/www.jootjeshaakcadeautjes.nl\\\/fr\\\/?s={search_term_string}\"},\"query-input\":{\"@type\":\"PropertyValueSpecification\",\"valueRequired\":true,\"valueName\":\"search_term_string\"}}],\"inLanguage\":\"fr-FR\"},{\"@type\":\"Organization\",\"@id\":\"https:\\\/\\\/www.jootjeshaakcadeautjes.nl\\\/fr\\\/#organization\",\"name\":\"Jootjes Haakcadeautjes\",\"url\":\"https:\\\/\\\/www.jootjeshaakcadeautjes.nl\\\/fr\\\/\",\"logo\":{\"@type\":\"ImageObject\",\"inLanguage\":\"fr-FR\",\"@id\":\"https:\\\/\\\/www.jootjeshaakcadeautjes.nl\\\/fr\\\/#\\\/schema\\\/logo\\\/image\\\/\",\"url\":\"https:\\\/\\\/d1dyryakdmle7o.cloudfront.net\\\/wp-content\\\/uploads\\\/2023\\\/05\\\/Logo-rond.png\",\"contentUrl\":\"https:\\\/\\\/d1dyryakdmle7o.cloudfront.net\\\/wp-content\\\/uploads\\\/2023\\\/05\\\/Logo-rond.png\",\"width\":1222,\"height\":1222,\"caption\":\"Jootjes Haakcadeautjes\"},\"image\":{\"@id\":\"https:\\\/\\\/www.jootjeshaakcadeautjes.nl\\\/fr\\\/#\\\/schema\\\/logo\\\/image\\\/\"}}]}<\/script>\n<meta property=\"product:price:amount\" content=\"0.60\" \/>\n<meta property=\"product:price:currency\" content=\"EUR\" \/>\n<meta property=\"og:availability\" content=\"instock\" \/>\n<meta property=\"product:availability\" content=\"instock\" \/>\n<meta property=\"product:retailer_item_id\" content=\"OMH-20M-CAL\" \/>\n<meta property=\"product:condition\" content=\"new\" \/>\n<!-- \/ Yoast SEO Premium plugin. -->","yoast_head_json":{"title":"Crochet\u00e9 \/ Perle crochet\u00e9e 20 mm - Caffee Latte - Commerce de gros","description":"Perles au crochet en couleur Caffee Latte en coton color\u00e9 sans danger pour les b\u00e9b\u00e9s. Perle en bois avec l'ext\u00e9rieur crochet\u00e9. Perles au crochet Caffee Latte taille 20 mm","robots":{"index":"index","follow":"follow","max-snippet":"max-snippet:-1","max-image-preview":"max-image-preview:large","max-video-preview":"max-video-preview:-1"},"canonical":"https:\/\/www.jootjeshaakcadeautjes.nl\/fr\/produit\/gehaakte-kraal-omhaakte-houten-kraal-20-mm-caffee-latte\/","og_locale":"fr_FR","og_type":"article","og_title":"Perle au crochet - Perle en bois au crochet - 20 mm - Caff\u00e9 Latte","og_description":"Perles au crochet en couleur Caffee Latte en coton color\u00e9 sans danger pour les b\u00e9b\u00e9s. Perle en bois avec l'ext\u00e9rieur crochet\u00e9. Perles au crochet Caffee Latte taille 20 mm","og_url":"https:\/\/www.jootjeshaakcadeautjes.nl\/fr\/produit\/gehaakte-kraal-omhaakte-houten-kraal-20-mm-caffee-latte\/","og_site_name":"Jootjes Haakcadeautjes","article_modified_time":"2026-01-21T17:23:27+00:00","og_image":[{"width":2048,"height":2048,"url":"https:\/\/www.jootjeshaakcadeautjes.nl\/wp-content\/uploads\/2025\/02\/20250211_142040.jpg","type":"image\/jpeg"}],"twitter_card":"summary_large_image","twitter_misc":{"Prix":"&euro;0.60 TTC","Disponibilit\u00e9":"En stock"},"schema":{"@context":"https:\/\/schema.org","@graph":[{"@type":"WebPage","@id":"https:\/\/www.jootjeshaakcadeautjes.nl\/fr\/produit\/gehaakte-kraal-omhaakte-houten-kraal-20-mm-caffee-latte\/","url":"https:\/\/www.jootjeshaakcadeautjes.nl\/fr\/produit\/gehaakte-kraal-omhaakte-houten-kraal-20-mm-caffee-latte\/","name":"Crochet\u00e9 \/ Perle crochet\u00e9e 20 mm - Caffee Latte - Commerce de gros","isPartOf":{"@id":"https:\/\/www.jootjeshaakcadeautjes.nl\/fr\/#website"},"primaryImageOfPage":{"@id":"https:\/\/www.jootjeshaakcadeautjes.nl\/fr\/produit\/gehaakte-kraal-omhaakte-houten-kraal-20-mm-caffee-latte\/#primaryimage"},"image":{"@id":"https:\/\/www.jootjeshaakcadeautjes.nl\/fr\/produit\/gehaakte-kraal-omhaakte-houten-kraal-20-mm-caffee-latte\/#primaryimage"},"thumbnailUrl":"https:\/\/d1dyryakdmle7o.cloudfront.net\/wp-content\/uploads\/2025\/02\/20250211_142040.jpg","datePublished":"2025-02-13T13:27:04+00:00","dateModified":"2026-01-21T17:23:27+00:00","description":"Perles au crochet en couleur Caffee Latte en coton color\u00e9 sans danger pour les b\u00e9b\u00e9s. Perle en bois avec l'ext\u00e9rieur crochet\u00e9. Perles au crochet Caffee Latte taille 20 mm","breadcrumb":{"@id":"https:\/\/www.jootjeshaakcadeautjes.nl\/fr\/produit\/gehaakte-kraal-omhaakte-houten-kraal-20-mm-caffee-latte\/#breadcrumb"},"inLanguage":"fr-FR","potentialAction":[{"@type":"ReadAction","target":["https:\/\/www.jootjeshaakcadeautjes.nl\/fr\/produit\/gehaakte-kraal-omhaakte-houten-kraal-20-mm-caffee-latte\/"]}]},{"@type":"ImageObject","inLanguage":"fr-FR","@id":"https:\/\/www.jootjeshaakcadeautjes.nl\/fr\/produit\/gehaakte-kraal-omhaakte-houten-kraal-20-mm-caffee-latte\/#primaryimage","url":"https:\/\/d1dyryakdmle7o.cloudfront.net\/wp-content\/uploads\/2025\/02\/20250211_142040.jpg","contentUrl":"https:\/\/d1dyryakdmle7o.cloudfront.net\/wp-content\/uploads\/2025\/02\/20250211_142040.jpg","width":2048,"height":2048},{"@type":"BreadcrumbList","@id":"https:\/\/www.jootjeshaakcadeautjes.nl\/fr\/produit\/gehaakte-kraal-omhaakte-houten-kraal-20-mm-caffee-latte\/#breadcrumb","itemListElement":[{"@type":"ListItem","position":1,"name":"Accueil","item":"https:\/\/www.jootjeshaakcadeautjes.nl\/fr\/"},{"@type":"ListItem","position":2,"name":"Commerce de gros de perles en silicone &#8211; Entreprises et consommateurs","item":"https:\/\/www.jootjeshaakcadeautjes.nl\/fr\/boutique\/"},{"@type":"ListItem","position":3,"name":"Perle au crochet &#8211; Perle en bois au crochet &#8211; 20 mm &#8211; Caff\u00e9 Latte"}]},{"@type":"WebSite","@id":"https:\/\/www.jootjeshaakcadeautjes.nl\/fr\/#website","url":"https:\/\/www.jootjeshaakcadeautjes.nl\/fr\/","name":"Jootjes Haakcadeautjes","description":"Grossiste en perles de silicone","publisher":{"@id":"https:\/\/www.jootjeshaakcadeautjes.nl\/fr\/#organization"},"potentialAction":[{"@type":"SearchAction","target":{"@type":"EntryPoint","urlTemplate":"https:\/\/www.jootjeshaakcadeautjes.nl\/fr\/?s={search_term_string}"},"query-input":{"@type":"PropertyValueSpecification","valueRequired":true,"valueName":"search_term_string"}}],"inLanguage":"fr-FR"},{"@type":"Organization","@id":"https:\/\/www.jootjeshaakcadeautjes.nl\/fr\/#organization","name":"Jootjes Haakcadeautjes","url":"https:\/\/www.jootjeshaakcadeautjes.nl\/fr\/","logo":{"@type":"ImageObject","inLanguage":"fr-FR","@id":"https:\/\/www.jootjeshaakcadeautjes.nl\/fr\/#\/schema\/logo\/image\/","url":"https:\/\/d1dyryakdmle7o.cloudfront.net\/wp-content\/uploads\/2023\/05\/Logo-rond.png","contentUrl":"https:\/\/d1dyryakdmle7o.cloudfront.net\/wp-content\/uploads\/2023\/05\/Logo-rond.png","width":1222,"height":1222,"caption":"Jootjes Haakcadeautjes"},"image":{"@id":"https:\/\/www.jootjeshaakcadeautjes.nl\/fr\/#\/schema\/logo\/image\/"}}]},"product_price_amount":"0.60","product_price_currency":"EUR","og_availability":"instock","product_availability":"instock","product_retailer_item_id":"OMH-20M-CAL","product_condition":"new"},"_links":{"self":[{"href":"https:\/\/www.jootjeshaakcadeautjes.nl\/fr\/wp-json\/wp\/v2\/product\/190822","targetHints":{"allow":["GET"]}}],"collection":[{"href":"https:\/\/www.jootjeshaakcadeautjes.nl\/fr\/wp-json\/wp\/v2\/product"}],"about":[{"href":"https:\/\/www.jootjeshaakcadeautjes.nl\/fr\/wp-json\/wp\/v2\/types\/product"}],"version-history":[{"count":0,"href":"https:\/\/www.jootjeshaakcadeautjes.nl\/fr\/wp-json\/wp\/v2\/product\/190822\/revisions"}],"wp:featuredmedia":[{"embeddable":true,"href":"https:\/\/www.jootjeshaakcadeautjes.nl\/fr\/wp-json\/wp\/v2\/media\/188752"}],"wp:attachment":[{"href":"https:\/\/www.jootjeshaakcadeautjes.nl\/fr\/wp-json\/wp\/v2\/media?parent=190822"}],"wp:term":[{"taxonomy":"product_brand","embeddable":true,"href":"https:\/\/www.jootjeshaakcadeautjes.nl\/fr\/wp-json\/wp\/v2\/product_brand?post=190822"},{"taxonomy":"product_cat","embeddable":true,"href":"https:\/\/www.jootjeshaakcadeautjes.nl\/fr\/wp-json\/wp\/v2\/product_cat?post=190822"},{"taxonomy":"product_tag","embeddable":true,"href":"https:\/\/www.jootjeshaakcadeautjes.nl\/fr\/wp-json\/wp\/v2\/product_tag?post=190822"}],"curies":[{"name":"wp","href":"https:\/\/api.w.org\/{rel}","templated":true}]}}