{"id":218318,"date":"2025-04-06T14:38:56","date_gmt":"2025-04-06T12:38:56","guid":{"rendered":"https:\/\/www.jootjeshaakcadeautjes.nl\/?post_type=product&#038;p=218318"},"modified":"2025-05-26T15:17:52","modified_gmt":"2025-05-26T13:17:52","slug":"kralenpen-sparkle-grape-cassis-per-stuk","status":"publish","type":"product","link":"https:\/\/www.jootjeshaakcadeautjes.nl\/fr\/produit\/kralenpen-sparkle-grape-cassis-per-stuk\/","title":{"rendered":"Stylo \u00e0 billes &#8211; Sparkle &#8211; Grape Cassis &#8211; Par pi\u00e8ce"},"content":{"rendered":"<h2>Stylo perl\u00e9 &#8211; Enfilable Gift &#8211; Sparkle &#8211; Grape Cassis<\/h2>\n<p>Quantit\u00e9 : Emball\u00e9 par pi\u00e8ce<br \/>\nCouleur : raisin cassis<\/p>\n<p>Parfait comme cadeau, ou pour l&#8217;amateur de paillettes \ud83d\ude09<\/p>\n","protected":false},"excerpt":{"rendered":"<p>Nombre : Emball\u00e9 par pi\u00e8ce<\/p>\n<p>Couleur : Raisin Cassis<\/p>\n<p>Parfait comme cadeau, ou pour l&#8217;amant de Glimmers \ud83d\ude09<\/p>\n","protected":false},"featured_media":218498,"template":"","meta":[],"product_brand":[],"product_cat":[18101,17986,7376],"product_tag":[7384,7206,13211,7396,7197,7418,7402,7516,7200,14699,7227,16718,7212,7433,7441,7409],"class_list":{"0":"post-218318","1":"product","2":"type-product","3":"status-publish","4":"has-post-thumbnail","6":"product_cat-perles-et-articles-de-bricolage-noel","7":"product_cat-siliconen-kralen-kerstmis-fr","8":"product_cat-stylo-a-billes-stylo-enfilable-faites-le-vous-meme-cadeau-pour-enseignants","9":"product_tag-anneau-de-dentition","10":"product_tag-bricolage","11":"product_tag-cadeau-fr-3","12":"product_tag-cadeau-fr","13":"product_tag-en-bois","14":"product_tag-faux-cordon","15":"product_tag-grave","16":"product_tag-noel","17":"product_tag-perles","18":"product_tag-raisin-cassis","19":"product_tag-rangee","20":"product_tag-scintiller","21":"product_tag-silicone-fr","22":"product_tag-stylo","23":"product_tag-stylo-a-billes","24":"product_tag-traiter","26":"first","27":"instock","28":"taxable","29":"shipping-taxable","30":"purchasable","31":"product-type-simple"},"bundled_by":["225671"],"bundle_stock_status":"instock","bundle_stock_quantity":32,"bundle_virtual":false,"bundle_layout":"","bundle_add_to_cart_form_location":"","bundle_editable_in_cart":false,"bundle_sold_individually_context":"","bundle_item_grouping":"","bundle_min_size":"","bundle_max_size":"","bundle_price":[],"bundled_items":[],"bundle_sell_ids":[],"yoast_head":"<!-- This site is optimized with the Yoast SEO Premium plugin v27.6 (Yoast SEO v27.6) - https:\/\/yoast.com\/product\/yoast-seo-premium-wordpress\/ -->\n<title>Stylo \u00e0 billes - Sparkle - Grape Cassis - Par pi\u00e8ce - |Jootjes<\/title>\n<meta name=\"description\" content=\"Bead pen Sparkle - Grape Cassis, Enfilable et parfait comme cadeau (de No\u00ebl). Disponible directement aupr\u00e8s de notre grossiste. |Jootjes.co.uk\" \/>\n<meta name=\"robots\" content=\"index, follow, max-snippet:-1, max-image-preview:large, max-video-preview:-1\" \/>\n<link rel=\"canonical\" href=\"https:\/\/www.jootjeshaakcadeautjes.nl\/fr\/produit\/kralenpen-sparkle-grape-cassis-per-stuk\/\" \/>\n<meta property=\"og:locale\" content=\"fr_FR\" \/>\n<meta property=\"og:type\" content=\"article\" \/>\n<meta property=\"og:title\" content=\"Stylo \u00e0 billes - Sparkle - Grape Cassis - Par pi\u00e8ce\" \/>\n<meta property=\"og:description\" content=\"Bead pen Sparkle - Grape Cassis, Enfilable et parfait comme cadeau (de No\u00ebl). Disponible directement aupr\u00e8s de notre grossiste. |Jootjes.co.uk\" \/>\n<meta property=\"og:url\" content=\"https:\/\/www.jootjeshaakcadeautjes.nl\/fr\/produit\/kralenpen-sparkle-grape-cassis-per-stuk\/\" \/>\n<meta property=\"og:site_name\" content=\"Jootjes Haakcadeautjes\" \/>\n<meta property=\"article:modified_time\" content=\"2025-05-26T13:17:52+00:00\" \/>\n<meta property=\"og:image\" content=\"https:\/\/www.jootjeshaakcadeautjes.nl\/wp-content\/uploads\/2025\/04\/Naamloos-1148.webp\" \/>\n\t<meta property=\"og:image:width\" content=\"2048\" \/>\n\t<meta property=\"og:image:height\" content=\"2048\" \/>\n\t<meta property=\"og:image:type\" content=\"image\/webp\" \/>\n<meta name=\"twitter:card\" content=\"summary_large_image\" \/>\n<meta name=\"twitter:label1\" content=\"Prix\" \/>\n\t<meta name=\"twitter:data1\" content=\"&euro;1.60 TTC\" \/>\n\t<meta name=\"twitter:label2\" content=\"Disponibilit\u00e9\" \/>\n\t<meta name=\"twitter:data2\" content=\"En stock\" \/>\n<script type=\"application\/ld+json\" class=\"yoast-schema-graph\">{\"@context\":\"https:\\\/\\\/schema.org\",\"@graph\":[{\"@type\":\"WebPage\",\"@id\":\"https:\\\/\\\/www.jootjeshaakcadeautjes.nl\\\/fr\\\/produit\\\/kralenpen-sparkle-grape-cassis-per-stuk\\\/\",\"url\":\"https:\\\/\\\/www.jootjeshaakcadeautjes.nl\\\/fr\\\/produit\\\/kralenpen-sparkle-grape-cassis-per-stuk\\\/\",\"name\":\"Stylo \u00e0 billes - Sparkle - Grape Cassis - Par pi\u00e8ce - |Jootjes\",\"isPartOf\":{\"@id\":\"https:\\\/\\\/www.jootjeshaakcadeautjes.nl\\\/fr\\\/#website\"},\"primaryImageOfPage\":{\"@id\":\"https:\\\/\\\/www.jootjeshaakcadeautjes.nl\\\/fr\\\/produit\\\/kralenpen-sparkle-grape-cassis-per-stuk\\\/#primaryimage\"},\"image\":{\"@id\":\"https:\\\/\\\/www.jootjeshaakcadeautjes.nl\\\/fr\\\/produit\\\/kralenpen-sparkle-grape-cassis-per-stuk\\\/#primaryimage\"},\"thumbnailUrl\":\"https:\\\/\\\/d1dyryakdmle7o.cloudfront.net\\\/wp-content\\\/uploads\\\/2025\\\/04\\\/Naamloos-1148.webp\",\"datePublished\":\"2025-04-06T12:38:56+00:00\",\"dateModified\":\"2025-05-26T13:17:52+00:00\",\"description\":\"Bead pen Sparkle - Grape Cassis, Enfilable et parfait comme cadeau (de No\u00ebl). Disponible directement aupr\u00e8s de notre grossiste. |Jootjes.co.uk\",\"breadcrumb\":{\"@id\":\"https:\\\/\\\/www.jootjeshaakcadeautjes.nl\\\/fr\\\/produit\\\/kralenpen-sparkle-grape-cassis-per-stuk\\\/#breadcrumb\"},\"inLanguage\":\"fr-FR\",\"potentialAction\":[{\"@type\":\"ReadAction\",\"target\":[\"https:\\\/\\\/www.jootjeshaakcadeautjes.nl\\\/fr\\\/produit\\\/kralenpen-sparkle-grape-cassis-per-stuk\\\/\"]}]},{\"@type\":\"ImageObject\",\"inLanguage\":\"fr-FR\",\"@id\":\"https:\\\/\\\/www.jootjeshaakcadeautjes.nl\\\/fr\\\/produit\\\/kralenpen-sparkle-grape-cassis-per-stuk\\\/#primaryimage\",\"url\":\"https:\\\/\\\/d1dyryakdmle7o.cloudfront.net\\\/wp-content\\\/uploads\\\/2025\\\/04\\\/Naamloos-1148.webp\",\"contentUrl\":\"https:\\\/\\\/d1dyryakdmle7o.cloudfront.net\\\/wp-content\\\/uploads\\\/2025\\\/04\\\/Naamloos-1148.webp\",\"width\":2048,\"height\":2048},{\"@type\":\"BreadcrumbList\",\"@id\":\"https:\\\/\\\/www.jootjeshaakcadeautjes.nl\\\/fr\\\/produit\\\/kralenpen-sparkle-grape-cassis-per-stuk\\\/#breadcrumb\",\"itemListElement\":[{\"@type\":\"ListItem\",\"position\":1,\"name\":\"Accueil\",\"item\":\"https:\\\/\\\/www.jootjeshaakcadeautjes.nl\\\/fr\\\/\"},{\"@type\":\"ListItem\",\"position\":2,\"name\":\"Commerce de gros de perles en silicone &#8211; Entreprises et consommateurs\",\"item\":\"https:\\\/\\\/www.jootjeshaakcadeautjes.nl\\\/fr\\\/boutique\\\/\"},{\"@type\":\"ListItem\",\"position\":3,\"name\":\"Stylo \u00e0 billes &#8211; Sparkle &#8211; Grape Cassis &#8211; Par pi\u00e8ce\"}]},{\"@type\":\"WebSite\",\"@id\":\"https:\\\/\\\/www.jootjeshaakcadeautjes.nl\\\/fr\\\/#website\",\"url\":\"https:\\\/\\\/www.jootjeshaakcadeautjes.nl\\\/fr\\\/\",\"name\":\"Jootjes Haakcadeautjes\",\"description\":\"Grossiste en perles de silicone\",\"publisher\":{\"@id\":\"https:\\\/\\\/www.jootjeshaakcadeautjes.nl\\\/fr\\\/#organization\"},\"potentialAction\":[{\"@type\":\"SearchAction\",\"target\":{\"@type\":\"EntryPoint\",\"urlTemplate\":\"https:\\\/\\\/www.jootjeshaakcadeautjes.nl\\\/fr\\\/?s={search_term_string}\"},\"query-input\":{\"@type\":\"PropertyValueSpecification\",\"valueRequired\":true,\"valueName\":\"search_term_string\"}}],\"inLanguage\":\"fr-FR\"},{\"@type\":\"Organization\",\"@id\":\"https:\\\/\\\/www.jootjeshaakcadeautjes.nl\\\/fr\\\/#organization\",\"name\":\"Jootjes Haakcadeautjes\",\"url\":\"https:\\\/\\\/www.jootjeshaakcadeautjes.nl\\\/fr\\\/\",\"logo\":{\"@type\":\"ImageObject\",\"inLanguage\":\"fr-FR\",\"@id\":\"https:\\\/\\\/www.jootjeshaakcadeautjes.nl\\\/fr\\\/#\\\/schema\\\/logo\\\/image\\\/\",\"url\":\"https:\\\/\\\/d1dyryakdmle7o.cloudfront.net\\\/wp-content\\\/uploads\\\/2023\\\/05\\\/Logo-rond.png\",\"contentUrl\":\"https:\\\/\\\/d1dyryakdmle7o.cloudfront.net\\\/wp-content\\\/uploads\\\/2023\\\/05\\\/Logo-rond.png\",\"width\":1222,\"height\":1222,\"caption\":\"Jootjes Haakcadeautjes\"},\"image\":{\"@id\":\"https:\\\/\\\/www.jootjeshaakcadeautjes.nl\\\/fr\\\/#\\\/schema\\\/logo\\\/image\\\/\"}}]}<\/script>\n<meta property=\"product:price:amount\" content=\"1.60\" \/>\n<meta property=\"product:price:currency\" content=\"EUR\" \/>\n<meta property=\"og:availability\" content=\"instock\" \/>\n<meta property=\"product:availability\" content=\"instock\" \/>\n<meta property=\"product:retailer_item_id\" content=\"KRA-PEN-SPGC\" \/>\n<meta property=\"product:condition\" content=\"new\" \/>\n<!-- \/ Yoast SEO Premium plugin. -->","yoast_head_json":{"title":"Stylo \u00e0 billes - Sparkle - Grape Cassis - Par pi\u00e8ce - |Jootjes","description":"Bead pen Sparkle - Grape Cassis, Enfilable et parfait comme cadeau (de No\u00ebl). Disponible directement aupr\u00e8s de notre grossiste. |Jootjes.co.uk","robots":{"index":"index","follow":"follow","max-snippet":"max-snippet:-1","max-image-preview":"max-image-preview:large","max-video-preview":"max-video-preview:-1"},"canonical":"https:\/\/www.jootjeshaakcadeautjes.nl\/fr\/produit\/kralenpen-sparkle-grape-cassis-per-stuk\/","og_locale":"fr_FR","og_type":"article","og_title":"Stylo \u00e0 billes - Sparkle - Grape Cassis - Par pi\u00e8ce","og_description":"Bead pen Sparkle - Grape Cassis, Enfilable et parfait comme cadeau (de No\u00ebl). Disponible directement aupr\u00e8s de notre grossiste. |Jootjes.co.uk","og_url":"https:\/\/www.jootjeshaakcadeautjes.nl\/fr\/produit\/kralenpen-sparkle-grape-cassis-per-stuk\/","og_site_name":"Jootjes Haakcadeautjes","article_modified_time":"2025-05-26T13:17:52+00:00","og_image":[{"width":2048,"height":2048,"url":"https:\/\/www.jootjeshaakcadeautjes.nl\/wp-content\/uploads\/2025\/04\/Naamloos-1148.webp","type":"image\/webp"}],"twitter_card":"summary_large_image","twitter_misc":{"Prix":"&euro;1.60 TTC","Disponibilit\u00e9":"En stock"},"schema":{"@context":"https:\/\/schema.org","@graph":[{"@type":"WebPage","@id":"https:\/\/www.jootjeshaakcadeautjes.nl\/fr\/produit\/kralenpen-sparkle-grape-cassis-per-stuk\/","url":"https:\/\/www.jootjeshaakcadeautjes.nl\/fr\/produit\/kralenpen-sparkle-grape-cassis-per-stuk\/","name":"Stylo \u00e0 billes - Sparkle - Grape Cassis - Par pi\u00e8ce - |Jootjes","isPartOf":{"@id":"https:\/\/www.jootjeshaakcadeautjes.nl\/fr\/#website"},"primaryImageOfPage":{"@id":"https:\/\/www.jootjeshaakcadeautjes.nl\/fr\/produit\/kralenpen-sparkle-grape-cassis-per-stuk\/#primaryimage"},"image":{"@id":"https:\/\/www.jootjeshaakcadeautjes.nl\/fr\/produit\/kralenpen-sparkle-grape-cassis-per-stuk\/#primaryimage"},"thumbnailUrl":"https:\/\/d1dyryakdmle7o.cloudfront.net\/wp-content\/uploads\/2025\/04\/Naamloos-1148.webp","datePublished":"2025-04-06T12:38:56+00:00","dateModified":"2025-05-26T13:17:52+00:00","description":"Bead pen Sparkle - Grape Cassis, Enfilable et parfait comme cadeau (de No\u00ebl). Disponible directement aupr\u00e8s de notre grossiste. |Jootjes.co.uk","breadcrumb":{"@id":"https:\/\/www.jootjeshaakcadeautjes.nl\/fr\/produit\/kralenpen-sparkle-grape-cassis-per-stuk\/#breadcrumb"},"inLanguage":"fr-FR","potentialAction":[{"@type":"ReadAction","target":["https:\/\/www.jootjeshaakcadeautjes.nl\/fr\/produit\/kralenpen-sparkle-grape-cassis-per-stuk\/"]}]},{"@type":"ImageObject","inLanguage":"fr-FR","@id":"https:\/\/www.jootjeshaakcadeautjes.nl\/fr\/produit\/kralenpen-sparkle-grape-cassis-per-stuk\/#primaryimage","url":"https:\/\/d1dyryakdmle7o.cloudfront.net\/wp-content\/uploads\/2025\/04\/Naamloos-1148.webp","contentUrl":"https:\/\/d1dyryakdmle7o.cloudfront.net\/wp-content\/uploads\/2025\/04\/Naamloos-1148.webp","width":2048,"height":2048},{"@type":"BreadcrumbList","@id":"https:\/\/www.jootjeshaakcadeautjes.nl\/fr\/produit\/kralenpen-sparkle-grape-cassis-per-stuk\/#breadcrumb","itemListElement":[{"@type":"ListItem","position":1,"name":"Accueil","item":"https:\/\/www.jootjeshaakcadeautjes.nl\/fr\/"},{"@type":"ListItem","position":2,"name":"Commerce de gros de perles en silicone &#8211; Entreprises et consommateurs","item":"https:\/\/www.jootjeshaakcadeautjes.nl\/fr\/boutique\/"},{"@type":"ListItem","position":3,"name":"Stylo \u00e0 billes &#8211; Sparkle &#8211; Grape Cassis &#8211; Par pi\u00e8ce"}]},{"@type":"WebSite","@id":"https:\/\/www.jootjeshaakcadeautjes.nl\/fr\/#website","url":"https:\/\/www.jootjeshaakcadeautjes.nl\/fr\/","name":"Jootjes Haakcadeautjes","description":"Grossiste en perles de silicone","publisher":{"@id":"https:\/\/www.jootjeshaakcadeautjes.nl\/fr\/#organization"},"potentialAction":[{"@type":"SearchAction","target":{"@type":"EntryPoint","urlTemplate":"https:\/\/www.jootjeshaakcadeautjes.nl\/fr\/?s={search_term_string}"},"query-input":{"@type":"PropertyValueSpecification","valueRequired":true,"valueName":"search_term_string"}}],"inLanguage":"fr-FR"},{"@type":"Organization","@id":"https:\/\/www.jootjeshaakcadeautjes.nl\/fr\/#organization","name":"Jootjes Haakcadeautjes","url":"https:\/\/www.jootjeshaakcadeautjes.nl\/fr\/","logo":{"@type":"ImageObject","inLanguage":"fr-FR","@id":"https:\/\/www.jootjeshaakcadeautjes.nl\/fr\/#\/schema\/logo\/image\/","url":"https:\/\/d1dyryakdmle7o.cloudfront.net\/wp-content\/uploads\/2023\/05\/Logo-rond.png","contentUrl":"https:\/\/d1dyryakdmle7o.cloudfront.net\/wp-content\/uploads\/2023\/05\/Logo-rond.png","width":1222,"height":1222,"caption":"Jootjes Haakcadeautjes"},"image":{"@id":"https:\/\/www.jootjeshaakcadeautjes.nl\/fr\/#\/schema\/logo\/image\/"}}]},"product_price_amount":"1.60","product_price_currency":"EUR","og_availability":"instock","product_availability":"instock","product_retailer_item_id":"KRA-PEN-SPGC","product_condition":"new"},"_links":{"self":[{"href":"https:\/\/www.jootjeshaakcadeautjes.nl\/fr\/wp-json\/wp\/v2\/product\/218318","targetHints":{"allow":["GET"]}}],"collection":[{"href":"https:\/\/www.jootjeshaakcadeautjes.nl\/fr\/wp-json\/wp\/v2\/product"}],"about":[{"href":"https:\/\/www.jootjeshaakcadeautjes.nl\/fr\/wp-json\/wp\/v2\/types\/product"}],"version-history":[{"count":0,"href":"https:\/\/www.jootjeshaakcadeautjes.nl\/fr\/wp-json\/wp\/v2\/product\/218318\/revisions"}],"wp:featuredmedia":[{"embeddable":true,"href":"https:\/\/www.jootjeshaakcadeautjes.nl\/fr\/wp-json\/wp\/v2\/media\/218498"}],"wp:attachment":[{"href":"https:\/\/www.jootjeshaakcadeautjes.nl\/fr\/wp-json\/wp\/v2\/media?parent=218318"}],"wp:term":[{"taxonomy":"product_brand","embeddable":true,"href":"https:\/\/www.jootjeshaakcadeautjes.nl\/fr\/wp-json\/wp\/v2\/product_brand?post=218318"},{"taxonomy":"product_cat","embeddable":true,"href":"https:\/\/www.jootjeshaakcadeautjes.nl\/fr\/wp-json\/wp\/v2\/product_cat?post=218318"},{"taxonomy":"product_tag","embeddable":true,"href":"https:\/\/www.jootjeshaakcadeautjes.nl\/fr\/wp-json\/wp\/v2\/product_tag?post=218318"}],"curies":[{"name":"wp","href":"https:\/\/api.w.org\/{rel}","templated":true}]}}