{"id":219314,"date":"2025-04-13T16:58:58","date_gmt":"2025-04-13T14:58:58","guid":{"rendered":"https:\/\/www.jootjeshaakcadeautjes.nl\/?post_type=product&#038;p=219314"},"modified":"2026-03-09T11:26:47","modified_gmt":"2026-03-09T10:26:47","slug":"houten-kraal-konijn-met-oren-25-mm-beukenhout","status":"publish","type":"product","link":"https:\/\/www.jootjeshaakcadeautjes.nl\/fr\/produit\/houten-kraal-konijn-met-oren-25-mm-beukenhout\/","title":{"rendered":"Perle en Bois &#8211; Lapin avec Oreilles &#8211; 25 mm &#8211; Bois de H\u00eatre"},"content":{"rendered":"<p>Mat\u00e9riau : Bois de h\u00eatre non trait\u00e9, 100% s\u00fbr pour les enfants.<cx id=\"gid_0\"><\/cx>Qualit\u00e9 : Adapt\u00e9 aux enfants (certifi\u00e9 CE)<cx id=\"gid_1\"><\/cx>Variante : Lapin avec Oreilles<cx id=\"gid_2\"><\/cx>Dimensions : 25 mm x 24 mm x 8 mm d&#8217;\u00e9paisseur.<cx id=\"gid_3\"><\/cx><cx id=\"gid_4\"><\/cx>Utilis\u00e9 notamment dans les attache-sucettes, les anneaux de dentition, les colliers d&#8217;allaitement, les pendentifs de sac et plus encore.<cx id=\"gid_5\"><\/cx><cx id=\"gid_6\"><\/cx>Ces perles, combin\u00e9es \u00e0 nos autres perles en bois et perles alphab\u00e9tiques en bois, constituent la combinaison parfaite pour un attache-sucette durable exclusivement en bois.<\/p>\n","protected":false},"excerpt":{"rendered":"<p>Perles en bois en forme de c\u0153ur<cx id=\"gid_0\"><\/cx><cx id=\"gid_1\"><\/cx>&#8211; Variante : Lapin avec Oreilles<cx id=\"gid_2\"><\/cx>&#8211; Mat\u00e9riau : bois de h\u00eatre non trait\u00e9 100% s\u00fbr pour les enfants.<cx id=\"gid_3\"><\/cx>&#8211; Dimensions : 25 mm x 24 mm, 8 mm d&#8217;\u00e9paisseur.<cx id=\"gid_4\"><\/cx>&#8211; Vendu \u00e0 l&#8217;unit\u00e9.<cx id=\"gid_5\"><\/cx>&#8211; Certifi\u00e9 CE.<\/p>\n<p>&nbsp;<\/p>\n","protected":false},"featured_media":219829,"template":"","meta":[],"product_brand":[],"product_cat":[7378,13490,10405,13493],"product_tag":[13449,7384,10409,12316,10295,15904,7197,13858,10414,17530,7395,7200],"class_list":{"0":"post-219314","1":"product","2":"type-product","3":"status-publish","4":"has-post-thumbnail","6":"product_cat-fabrication-de-jouets-de-dentition-pour-bebe-cordon-de-sucette-et-anneaux-de-dentition","7":"product_cat-perles-en-bois-bois-de-hetre-attache-sucette-et-anneau-de-dentition","8":"product_cat-perles-en-bois-fil-de-sucette-et-anneau-de-dentition-toutes-les-perles-en-bois","9":"product_cat-perles-en-bois-pour-le-macrame-et-le-crochet","10":"product_tag-adapte-aux-enfants","11":"product_tag-anneau-de-dentition","12":"product_tag-bois-fr","13":"product_tag-brut","14":"product_tag-certifie-fr","15":"product_tag-cordon-cle","16":"product_tag-en-bois","17":"product_tag-en-forme-de-coeur","18":"product_tag-hetre","19":"product_tag-lapin-avec-oreilles","20":"product_tag-perle","21":"product_tag-perles","23":"first","24":"instock","25":"taxable","26":"shipping-taxable","27":"purchasable","28":"product-type-simple"},"bundled_by":[],"bundle_stock_status":"instock","bundle_stock_quantity":18,"bundle_virtual":false,"bundle_layout":"","bundle_add_to_cart_form_location":"","bundle_editable_in_cart":false,"bundle_sold_individually_context":"","bundle_item_grouping":"","bundle_min_size":"","bundle_max_size":"","bundle_price":[],"bundled_items":[],"bundle_sell_ids":[],"yoast_head":"<!-- This site is optimized with the Yoast SEO Premium plugin v27.6 (Yoast SEO v27.6) - https:\/\/yoast.com\/product\/yoast-seo-premium-wordpress\/ -->\n<title>Perle en Bois - Lapin avec Oreilles - 25 mm - Bois de H\u00eatre -<\/title>\n<meta name=\"description\" content=\"Perles en bois en forme de c\u0153ur - un c\u0153ur pour une pause agr\u00e9able dans votre anneau de dentition ou votre cordon de t\u00e9tine. Disponible en stock. Nulle part moins cher ! 100% \u00e0 l&#039;\u00e9preuve des enfants.\" \/>\n<meta name=\"robots\" content=\"index, follow, max-snippet:-1, max-image-preview:large, max-video-preview:-1\" \/>\n<link rel=\"canonical\" href=\"https:\/\/www.jootjeshaakcadeautjes.nl\/fr\/produit\/houten-kraal-konijn-met-oren-25-mm-beukenhout\/\" \/>\n<meta property=\"og:locale\" content=\"fr_FR\" \/>\n<meta property=\"og:type\" content=\"article\" \/>\n<meta property=\"og:title\" content=\"Perle en Bois - Lapin avec Oreilles - 25 mm - Bois de H\u00eatre\" \/>\n<meta property=\"og:description\" content=\"Perles en bois en forme de c\u0153ur - un c\u0153ur pour une pause agr\u00e9able dans votre anneau de dentition ou votre cordon de t\u00e9tine. Disponible en stock. Nulle part moins cher ! 100% \u00e0 l&#039;\u00e9preuve des enfants.\" \/>\n<meta property=\"og:url\" content=\"https:\/\/www.jootjeshaakcadeautjes.nl\/fr\/produit\/houten-kraal-konijn-met-oren-25-mm-beukenhout\/\" \/>\n<meta property=\"og:site_name\" content=\"Jootjes Haakcadeautjes\" \/>\n<meta property=\"article:modified_time\" content=\"2026-03-09T10:26:47+00:00\" \/>\n<meta property=\"og:image\" content=\"https:\/\/www.jootjeshaakcadeautjes.nl\/wp-content\/uploads\/2025\/04\/20250324_021130.webp\" \/>\n\t<meta property=\"og:image:width\" content=\"1080\" \/>\n\t<meta property=\"og:image:height\" content=\"1080\" \/>\n\t<meta property=\"og:image:type\" content=\"image\/webp\" \/>\n<meta name=\"twitter:card\" content=\"summary_large_image\" \/>\n<meta name=\"twitter:label1\" content=\"Prix\" \/>\n\t<meta name=\"twitter:data1\" content=\"&euro;0.60 TTC\" \/>\n\t<meta name=\"twitter:label2\" content=\"Disponibilit\u00e9\" \/>\n\t<meta name=\"twitter:data2\" content=\"En stock\" \/>\n<script type=\"application\/ld+json\" class=\"yoast-schema-graph\">{\"@context\":\"https:\\\/\\\/schema.org\",\"@graph\":[{\"@type\":\"WebPage\",\"@id\":\"https:\\\/\\\/www.jootjeshaakcadeautjes.nl\\\/fr\\\/produit\\\/houten-kraal-konijn-met-oren-25-mm-beukenhout\\\/\",\"url\":\"https:\\\/\\\/www.jootjeshaakcadeautjes.nl\\\/fr\\\/produit\\\/houten-kraal-konijn-met-oren-25-mm-beukenhout\\\/\",\"name\":\"Perle en Bois - Lapin avec Oreilles - 25 mm - Bois de H\u00eatre -\",\"isPartOf\":{\"@id\":\"https:\\\/\\\/www.jootjeshaakcadeautjes.nl\\\/fr\\\/#website\"},\"primaryImageOfPage\":{\"@id\":\"https:\\\/\\\/www.jootjeshaakcadeautjes.nl\\\/fr\\\/produit\\\/houten-kraal-konijn-met-oren-25-mm-beukenhout\\\/#primaryimage\"},\"image\":{\"@id\":\"https:\\\/\\\/www.jootjeshaakcadeautjes.nl\\\/fr\\\/produit\\\/houten-kraal-konijn-met-oren-25-mm-beukenhout\\\/#primaryimage\"},\"thumbnailUrl\":\"https:\\\/\\\/d1dyryakdmle7o.cloudfront.net\\\/wp-content\\\/uploads\\\/2025\\\/04\\\/20250324_021130.webp\",\"datePublished\":\"2025-04-13T14:58:58+00:00\",\"dateModified\":\"2026-03-09T10:26:47+00:00\",\"description\":\"Perles en bois en forme de c\u0153ur - un c\u0153ur pour une pause agr\u00e9able dans votre anneau de dentition ou votre cordon de t\u00e9tine. Disponible en stock. Nulle part moins cher ! 100% \u00e0 l'\u00e9preuve des enfants.\",\"breadcrumb\":{\"@id\":\"https:\\\/\\\/www.jootjeshaakcadeautjes.nl\\\/fr\\\/produit\\\/houten-kraal-konijn-met-oren-25-mm-beukenhout\\\/#breadcrumb\"},\"inLanguage\":\"fr-FR\",\"potentialAction\":[{\"@type\":\"ReadAction\",\"target\":[\"https:\\\/\\\/www.jootjeshaakcadeautjes.nl\\\/fr\\\/produit\\\/houten-kraal-konijn-met-oren-25-mm-beukenhout\\\/\"]}]},{\"@type\":\"ImageObject\",\"inLanguage\":\"fr-FR\",\"@id\":\"https:\\\/\\\/www.jootjeshaakcadeautjes.nl\\\/fr\\\/produit\\\/houten-kraal-konijn-met-oren-25-mm-beukenhout\\\/#primaryimage\",\"url\":\"https:\\\/\\\/d1dyryakdmle7o.cloudfront.net\\\/wp-content\\\/uploads\\\/2025\\\/04\\\/20250324_021130.webp\",\"contentUrl\":\"https:\\\/\\\/d1dyryakdmle7o.cloudfront.net\\\/wp-content\\\/uploads\\\/2025\\\/04\\\/20250324_021130.webp\",\"width\":1080,\"height\":1080},{\"@type\":\"BreadcrumbList\",\"@id\":\"https:\\\/\\\/www.jootjeshaakcadeautjes.nl\\\/fr\\\/produit\\\/houten-kraal-konijn-met-oren-25-mm-beukenhout\\\/#breadcrumb\",\"itemListElement\":[{\"@type\":\"ListItem\",\"position\":1,\"name\":\"Accueil\",\"item\":\"https:\\\/\\\/www.jootjeshaakcadeautjes.nl\\\/fr\\\/\"},{\"@type\":\"ListItem\",\"position\":2,\"name\":\"Commerce de gros de perles en silicone &#8211; Entreprises et consommateurs\",\"item\":\"https:\\\/\\\/www.jootjeshaakcadeautjes.nl\\\/fr\\\/boutique\\\/\"},{\"@type\":\"ListItem\",\"position\":3,\"name\":\"Perle en Bois &#8211; Lapin avec Oreilles &#8211; 25 mm &#8211; Bois de H\u00eatre\"}]},{\"@type\":\"WebSite\",\"@id\":\"https:\\\/\\\/www.jootjeshaakcadeautjes.nl\\\/fr\\\/#website\",\"url\":\"https:\\\/\\\/www.jootjeshaakcadeautjes.nl\\\/fr\\\/\",\"name\":\"Jootjes Haakcadeautjes\",\"description\":\"Grossiste en perles de silicone\",\"publisher\":{\"@id\":\"https:\\\/\\\/www.jootjeshaakcadeautjes.nl\\\/fr\\\/#organization\"},\"potentialAction\":[{\"@type\":\"SearchAction\",\"target\":{\"@type\":\"EntryPoint\",\"urlTemplate\":\"https:\\\/\\\/www.jootjeshaakcadeautjes.nl\\\/fr\\\/?s={search_term_string}\"},\"query-input\":{\"@type\":\"PropertyValueSpecification\",\"valueRequired\":true,\"valueName\":\"search_term_string\"}}],\"inLanguage\":\"fr-FR\"},{\"@type\":\"Organization\",\"@id\":\"https:\\\/\\\/www.jootjeshaakcadeautjes.nl\\\/fr\\\/#organization\",\"name\":\"Jootjes Haakcadeautjes\",\"url\":\"https:\\\/\\\/www.jootjeshaakcadeautjes.nl\\\/fr\\\/\",\"logo\":{\"@type\":\"ImageObject\",\"inLanguage\":\"fr-FR\",\"@id\":\"https:\\\/\\\/www.jootjeshaakcadeautjes.nl\\\/fr\\\/#\\\/schema\\\/logo\\\/image\\\/\",\"url\":\"https:\\\/\\\/d1dyryakdmle7o.cloudfront.net\\\/wp-content\\\/uploads\\\/2023\\\/05\\\/Logo-rond.png\",\"contentUrl\":\"https:\\\/\\\/d1dyryakdmle7o.cloudfront.net\\\/wp-content\\\/uploads\\\/2023\\\/05\\\/Logo-rond.png\",\"width\":1222,\"height\":1222,\"caption\":\"Jootjes Haakcadeautjes\"},\"image\":{\"@id\":\"https:\\\/\\\/www.jootjeshaakcadeautjes.nl\\\/fr\\\/#\\\/schema\\\/logo\\\/image\\\/\"}}]}<\/script>\n<meta property=\"product:price:amount\" content=\"0.60\" \/>\n<meta property=\"product:price:currency\" content=\"EUR\" \/>\n<meta property=\"og:availability\" content=\"instock\" \/>\n<meta property=\"product:availability\" content=\"instock\" \/>\n<meta property=\"product:retailer_item_id\" content=\"HOU-KRL-KMO\" \/>\n<meta property=\"product:condition\" content=\"new\" \/>\n<!-- \/ Yoast SEO Premium plugin. -->","yoast_head_json":{"title":"Perle en Bois - Lapin avec Oreilles - 25 mm - Bois de H\u00eatre -","description":"Perles en bois en forme de c\u0153ur - un c\u0153ur pour une pause agr\u00e9able dans votre anneau de dentition ou votre cordon de t\u00e9tine. Disponible en stock. Nulle part moins cher ! 100% \u00e0 l'\u00e9preuve des enfants.","robots":{"index":"index","follow":"follow","max-snippet":"max-snippet:-1","max-image-preview":"max-image-preview:large","max-video-preview":"max-video-preview:-1"},"canonical":"https:\/\/www.jootjeshaakcadeautjes.nl\/fr\/produit\/houten-kraal-konijn-met-oren-25-mm-beukenhout\/","og_locale":"fr_FR","og_type":"article","og_title":"Perle en Bois - Lapin avec Oreilles - 25 mm - Bois de H\u00eatre","og_description":"Perles en bois en forme de c\u0153ur - un c\u0153ur pour une pause agr\u00e9able dans votre anneau de dentition ou votre cordon de t\u00e9tine. Disponible en stock. Nulle part moins cher ! 100% \u00e0 l'\u00e9preuve des enfants.","og_url":"https:\/\/www.jootjeshaakcadeautjes.nl\/fr\/produit\/houten-kraal-konijn-met-oren-25-mm-beukenhout\/","og_site_name":"Jootjes Haakcadeautjes","article_modified_time":"2026-03-09T10:26:47+00:00","og_image":[{"width":1080,"height":1080,"url":"https:\/\/www.jootjeshaakcadeautjes.nl\/wp-content\/uploads\/2025\/04\/20250324_021130.webp","type":"image\/webp"}],"twitter_card":"summary_large_image","twitter_misc":{"Prix":"&euro;0.60 TTC","Disponibilit\u00e9":"En stock"},"schema":{"@context":"https:\/\/schema.org","@graph":[{"@type":"WebPage","@id":"https:\/\/www.jootjeshaakcadeautjes.nl\/fr\/produit\/houten-kraal-konijn-met-oren-25-mm-beukenhout\/","url":"https:\/\/www.jootjeshaakcadeautjes.nl\/fr\/produit\/houten-kraal-konijn-met-oren-25-mm-beukenhout\/","name":"Perle en Bois - Lapin avec Oreilles - 25 mm - Bois de H\u00eatre -","isPartOf":{"@id":"https:\/\/www.jootjeshaakcadeautjes.nl\/fr\/#website"},"primaryImageOfPage":{"@id":"https:\/\/www.jootjeshaakcadeautjes.nl\/fr\/produit\/houten-kraal-konijn-met-oren-25-mm-beukenhout\/#primaryimage"},"image":{"@id":"https:\/\/www.jootjeshaakcadeautjes.nl\/fr\/produit\/houten-kraal-konijn-met-oren-25-mm-beukenhout\/#primaryimage"},"thumbnailUrl":"https:\/\/d1dyryakdmle7o.cloudfront.net\/wp-content\/uploads\/2025\/04\/20250324_021130.webp","datePublished":"2025-04-13T14:58:58+00:00","dateModified":"2026-03-09T10:26:47+00:00","description":"Perles en bois en forme de c\u0153ur - un c\u0153ur pour une pause agr\u00e9able dans votre anneau de dentition ou votre cordon de t\u00e9tine. Disponible en stock. Nulle part moins cher ! 100% \u00e0 l'\u00e9preuve des enfants.","breadcrumb":{"@id":"https:\/\/www.jootjeshaakcadeautjes.nl\/fr\/produit\/houten-kraal-konijn-met-oren-25-mm-beukenhout\/#breadcrumb"},"inLanguage":"fr-FR","potentialAction":[{"@type":"ReadAction","target":["https:\/\/www.jootjeshaakcadeautjes.nl\/fr\/produit\/houten-kraal-konijn-met-oren-25-mm-beukenhout\/"]}]},{"@type":"ImageObject","inLanguage":"fr-FR","@id":"https:\/\/www.jootjeshaakcadeautjes.nl\/fr\/produit\/houten-kraal-konijn-met-oren-25-mm-beukenhout\/#primaryimage","url":"https:\/\/d1dyryakdmle7o.cloudfront.net\/wp-content\/uploads\/2025\/04\/20250324_021130.webp","contentUrl":"https:\/\/d1dyryakdmle7o.cloudfront.net\/wp-content\/uploads\/2025\/04\/20250324_021130.webp","width":1080,"height":1080},{"@type":"BreadcrumbList","@id":"https:\/\/www.jootjeshaakcadeautjes.nl\/fr\/produit\/houten-kraal-konijn-met-oren-25-mm-beukenhout\/#breadcrumb","itemListElement":[{"@type":"ListItem","position":1,"name":"Accueil","item":"https:\/\/www.jootjeshaakcadeautjes.nl\/fr\/"},{"@type":"ListItem","position":2,"name":"Commerce de gros de perles en silicone &#8211; Entreprises et consommateurs","item":"https:\/\/www.jootjeshaakcadeautjes.nl\/fr\/boutique\/"},{"@type":"ListItem","position":3,"name":"Perle en Bois &#8211; Lapin avec Oreilles &#8211; 25 mm &#8211; Bois de H\u00eatre"}]},{"@type":"WebSite","@id":"https:\/\/www.jootjeshaakcadeautjes.nl\/fr\/#website","url":"https:\/\/www.jootjeshaakcadeautjes.nl\/fr\/","name":"Jootjes Haakcadeautjes","description":"Grossiste en perles de silicone","publisher":{"@id":"https:\/\/www.jootjeshaakcadeautjes.nl\/fr\/#organization"},"potentialAction":[{"@type":"SearchAction","target":{"@type":"EntryPoint","urlTemplate":"https:\/\/www.jootjeshaakcadeautjes.nl\/fr\/?s={search_term_string}"},"query-input":{"@type":"PropertyValueSpecification","valueRequired":true,"valueName":"search_term_string"}}],"inLanguage":"fr-FR"},{"@type":"Organization","@id":"https:\/\/www.jootjeshaakcadeautjes.nl\/fr\/#organization","name":"Jootjes Haakcadeautjes","url":"https:\/\/www.jootjeshaakcadeautjes.nl\/fr\/","logo":{"@type":"ImageObject","inLanguage":"fr-FR","@id":"https:\/\/www.jootjeshaakcadeautjes.nl\/fr\/#\/schema\/logo\/image\/","url":"https:\/\/d1dyryakdmle7o.cloudfront.net\/wp-content\/uploads\/2023\/05\/Logo-rond.png","contentUrl":"https:\/\/d1dyryakdmle7o.cloudfront.net\/wp-content\/uploads\/2023\/05\/Logo-rond.png","width":1222,"height":1222,"caption":"Jootjes Haakcadeautjes"},"image":{"@id":"https:\/\/www.jootjeshaakcadeautjes.nl\/fr\/#\/schema\/logo\/image\/"}}]},"product_price_amount":"0.60","product_price_currency":"EUR","og_availability":"instock","product_availability":"instock","product_retailer_item_id":"HOU-KRL-KMO","product_condition":"new"},"_links":{"self":[{"href":"https:\/\/www.jootjeshaakcadeautjes.nl\/fr\/wp-json\/wp\/v2\/product\/219314","targetHints":{"allow":["GET"]}}],"collection":[{"href":"https:\/\/www.jootjeshaakcadeautjes.nl\/fr\/wp-json\/wp\/v2\/product"}],"about":[{"href":"https:\/\/www.jootjeshaakcadeautjes.nl\/fr\/wp-json\/wp\/v2\/types\/product"}],"version-history":[{"count":0,"href":"https:\/\/www.jootjeshaakcadeautjes.nl\/fr\/wp-json\/wp\/v2\/product\/219314\/revisions"}],"wp:featuredmedia":[{"embeddable":true,"href":"https:\/\/www.jootjeshaakcadeautjes.nl\/fr\/wp-json\/wp\/v2\/media\/219829"}],"wp:attachment":[{"href":"https:\/\/www.jootjeshaakcadeautjes.nl\/fr\/wp-json\/wp\/v2\/media?parent=219314"}],"wp:term":[{"taxonomy":"product_brand","embeddable":true,"href":"https:\/\/www.jootjeshaakcadeautjes.nl\/fr\/wp-json\/wp\/v2\/product_brand?post=219314"},{"taxonomy":"product_cat","embeddable":true,"href":"https:\/\/www.jootjeshaakcadeautjes.nl\/fr\/wp-json\/wp\/v2\/product_cat?post=219314"},{"taxonomy":"product_tag","embeddable":true,"href":"https:\/\/www.jootjeshaakcadeautjes.nl\/fr\/wp-json\/wp\/v2\/product_tag?post=219314"}],"curies":[{"name":"wp","href":"https:\/\/api.w.org\/{rel}","templated":true}]}}