{"id":220925,"date":"2025-05-14T18:00:42","date_gmt":"2025-05-14T16:00:42","guid":{"rendered":"https:\/\/www.jootjeshaakcadeautjes.nl\/?post_type=product&#038;p=220925"},"modified":"2026-05-16T17:57:18","modified_gmt":"2026-05-16T15:57:18","slug":"diy-siliconen-pennen-set-zwanen-zwart-zilver-bloem","status":"publish","type":"product","link":"https:\/\/www.jootjeshaakcadeautjes.nl\/fr\/produit\/diy-siliconen-pennen-set-zwanen-zwart-zilver-bloem\/","title":{"rendered":"DIY Siliconen Pennen Set &#8211; Zwanen &#8211; Zwart \/ Zilver Bloem"},"content":{"rendered":"<h1>DIY Siliconen Pennen Set &#8211; Zwanen &#8211; Zwart \/ Zilver Bloem<\/h1>\n<p>Materialen: Siliconen kralen &amp; Pennen<br \/>\nMoeilijkheidsgraad: Simpel<\/p>\n<p>Dit setje bevat alle benodigdheden voor het kunnen maken van deze zelfgemaakte Setje Zwanen van siliconen kralen. In dit geval specifiek het Setje Zwanen met twee pennen. Wij benoemen hieronder ook alle materialen uit dit setje. Mocht je een item willen vervangen, dan kun je deze zelf samenstellen. Je zoekt dan eenvoudig op onderstaande benodigdheden en vervangt dan het \u00e9\u00e9n door een andere.<\/p>\n<p>De Pennen\u00a0 zoals deze is heel eenvoudig te maken. De bolletjes aan de Bovenzijde van de pennen zijn los te schroeven. Nadat je deze hebt los gedraaid rijg je hierop de kralen. Vervolgens druk je deze goed aan op het staafje (het gehele schroefdraad moet vrij blijven) en hou dit goed vast in \u00e9\u00e9n hand. Draai met de andere hand het bolletje er weer op.<\/p>\n<p>TIP: Sommige combinaties zijn wat &#8220;voller&#8221;. Druk hierbij eerst goed aan op het staafje zodat je makkelijk het bolletje kan aandraaien. Doe je dit niet, dan drukken de siliconen kralen soms al vrij snel op het bolletje, ondanks dat deze nog maar een klein stukje op het schroefdraad zit aangedraaid. Dit kan slecht zijn voor de kwaliteit voor de schroefdraad.<\/p>\n","protected":false},"excerpt":{"rendered":"<p>Dit setje bevat alle benodigdheden voor beide pennen uit deze DIY Siliconen Pennen Set &#8211; Zwanen &#8211;\u00a0 Zwart \/ Zilver Bloem .<\/p>\n","protected":false},"featured_media":222934,"template":"","meta":[],"product_brand":[],"product_cat":[19419,7378,7185,10399,6992],"product_tag":[10189,7206,10451,7463,17331,10424,7215,10282,12645,10435,10418,7608,10454,10429,10402,7200,19618,7619,10440,7209,7212,7433,12705],"class_list":{"0":"post-220925","1":"product","2":"type-product","3":"status-publish","4":"has-post-thumbnail","6":"product_cat-diy-sets-stylo-a-perles","7":"product_cat-fabrication-de-jouets-de-dentition-pour-bebe-cordon-de-sucette-et-anneaux-de-dentition","8":"product_cat-nouveaux-produits","9":"product_cat-perles-en-silicone-kits-de-projets-kits-de-demarrage","10":"product_cat-perles-en-silicone-sans-bpa-grossiste","11":"product_tag-argent-fr","12":"product_tag-bricolage","13":"product_tag-cadeau-fr-2","14":"product_tag-commerce-de-gros","15":"product_tag-cygnes","16":"product_tag-demarreur","17":"product_tag-faire","18":"product_tag-fleur-fr-2","19":"product_tag-lor-fr","20":"product_tag-le-bonheur","21":"product_tag-luxe-fr","22":"product_tag-noir","23":"product_tag-pack-de-demarrage","24":"product_tag-paquet-fr","25":"product_tag-pendentif","26":"product_tag-perles","27":"product_tag-personalisierte","28":"product_tag-porte-cles","29":"product_tag-poupee-porte-bonheur-fr","30":"product_tag-poupee-porte-bonheur","31":"product_tag-silicone-fr","32":"product_tag-stylo","33":"product_tag-stylos","35":"first","36":"outofstock","37":"virtual","38":"taxable","39":"purchasable","40":"product-type-bundle"},"bundled_by":[],"bundle_stock_status":"outofstock","bundle_stock_quantity":0,"bundle_virtual":false,"bundle_layout":"default","bundle_add_to_cart_form_location":"default","bundle_editable_in_cart":false,"bundle_sold_individually_context":"product","bundle_item_grouping":"parent","bundle_min_size":"","bundle_max_size":"","bundle_price":{"price":{"min":{"incl_tax":"8.41","excl_tax":"6.94"},"max":{"incl_tax":"8.41","excl_tax":"6.94"}},"regular_price":{"min":{"incl_tax":"8.47","excl_tax":"6.99"},"max":{"incl_tax":"8.47","excl_tax":"6.99"}}},"bundled_items":[{"bundled_item_id":15177,"product_id":218421,"menu_order":0,"quantity_min":1,"quantity_max":1,"quantity_default":1,"priced_individually":true,"shipped_individually":false,"override_title":false,"title":"\u00c9pingle \u00e0 perles &#8211; Fleur de galet &#8211; Noir &#8211; Par pi\u00e8ce","override_description":true,"description":"","optional":false,"hide_thumbnail":false,"discount":"","override_variations":false,"allowed_variations":[""],"override_default_variation_attributes":false,"default_variation_attributes":[],"single_product_visibility":"visible","cart_visibility":"visible","order_visibility":"visible","single_product_price_visibility":"visible","cart_price_visibility":"visible","order_price_visibility":"visible","stock_status":"in_stock"},{"bundled_item_id":15178,"product_id":131020,"menu_order":1,"quantity_min":2,"quantity_max":2,"quantity_default":2,"priced_individually":true,"shipped_individually":false,"override_title":false,"title":"Perles en silicone 9 mm &#8211; Perles en silicone &#8211; Impression perle blanche","override_description":true,"description":"","optional":false,"hide_thumbnail":false,"discount":"","override_variations":false,"allowed_variations":[""],"override_default_variation_attributes":false,"default_variation_attributes":[],"single_product_visibility":"visible","cart_visibility":"visible","order_visibility":"visible","single_product_price_visibility":"visible","cart_price_visibility":"visible","order_price_visibility":"visible","stock_status":"in_stock"},{"bundled_item_id":15179,"product_id":133532,"menu_order":2,"quantity_min":1,"quantity_max":1,"quantity_default":1,"priced_individually":true,"shipped_individually":false,"override_title":false,"title":"Perles en silicone &#8211; Vintage Rose &#8211; Noir &#8211; 12 mm rond","override_description":true,"description":"","optional":false,"hide_thumbnail":false,"discount":"","override_variations":false,"allowed_variations":[""],"override_default_variation_attributes":false,"default_variation_attributes":[],"single_product_visibility":"visible","cart_visibility":"visible","order_visibility":"visible","single_product_price_visibility":"visible","cart_price_visibility":"visible","order_price_visibility":"visible","stock_status":"in_stock"},{"bundled_item_id":15180,"product_id":188251,"menu_order":3,"quantity_min":1,"quantity_max":1,"quantity_default":1,"priced_individually":true,"shipped_individually":false,"override_title":false,"title":"Perles en silicone &#8211; Cygne 3D &#8211; Unique Joes Design &#8211; Noir","override_description":true,"description":"","optional":false,"hide_thumbnail":false,"discount":"","override_variations":false,"allowed_variations":[""],"override_default_variation_attributes":false,"default_variation_attributes":[],"single_product_visibility":"visible","cart_visibility":"visible","order_visibility":"visible","single_product_price_visibility":"visible","cart_price_visibility":"visible","order_price_visibility":"visible","stock_status":"in_stock"},{"bundled_item_id":15181,"product_id":132055,"menu_order":4,"quantity_min":1,"quantity_max":1,"quantity_default":1,"priced_individually":true,"shipped_individually":false,"override_title":false,"title":"Perles en silicone &#8211; Ovale &#8211; 12 mm &#8211; Impression perle blanche","override_description":true,"description":"","optional":false,"hide_thumbnail":false,"discount":"","override_variations":false,"allowed_variations":[""],"override_default_variation_attributes":false,"default_variation_attributes":[],"single_product_visibility":"visible","cart_visibility":"visible","order_visibility":"visible","single_product_price_visibility":"visible","cart_price_visibility":"visible","order_price_visibility":"visible","stock_status":"in_stock"},{"bundled_item_id":15182,"product_id":182792,"menu_order":5,"quantity_min":1,"quantity_max":1,"quantity_default":1,"priced_individually":true,"shipped_individually":false,"override_title":false,"title":"Vague interm\u00e9diaire avec pierres &#8211; Noir","override_description":true,"description":"","optional":false,"hide_thumbnail":false,"discount":"","override_variations":false,"allowed_variations":[""],"override_default_variation_attributes":false,"default_variation_attributes":[],"single_product_visibility":"visible","cart_visibility":"visible","order_visibility":"visible","single_product_price_visibility":"visible","cart_price_visibility":"visible","order_price_visibility":"visible","stock_status":"in_stock"},{"bundled_item_id":15183,"product_id":135011,"menu_order":6,"quantity_min":1,"quantity_max":1,"quantity_default":1,"priced_individually":true,"shipped_individually":false,"override_title":false,"title":"Perles en silicone &#8211; Abacus &#8211; 14 mm &#8211; Noir","override_description":true,"description":"","optional":false,"hide_thumbnail":false,"discount":"","override_variations":false,"allowed_variations":[""],"override_default_variation_attributes":false,"default_variation_attributes":[],"single_product_visibility":"visible","cart_visibility":"visible","order_visibility":"visible","single_product_price_visibility":"visible","cart_price_visibility":"visible","order_price_visibility":"visible","stock_status":"in_stock"},{"bundled_item_id":15184,"product_id":218263,"menu_order":7,"quantity_min":1,"quantity_max":1,"quantity_default":1,"priced_individually":true,"shipped_individually":false,"override_title":false,"title":"Stylo \u00e0 billes &#8211; Sparkle Flower &#8211; Silver","override_description":true,"description":"","optional":false,"hide_thumbnail":false,"discount":"","override_variations":false,"allowed_variations":[""],"override_default_variation_attributes":false,"default_variation_attributes":[],"single_product_visibility":"visible","cart_visibility":"visible","order_visibility":"visible","single_product_price_visibility":"visible","cart_price_visibility":"visible","order_price_visibility":"visible","stock_status":"in_stock"},{"bundled_item_id":15185,"product_id":140282,"menu_order":8,"quantity_min":1,"quantity_max":1,"quantity_default":1,"priced_individually":true,"shipped_individually":false,"override_title":false,"title":"Bague en perles &#8211; Blanc &#8211; 10 MM","override_description":true,"description":"","optional":false,"hide_thumbnail":false,"discount":"","override_variations":false,"allowed_variations":[""],"override_default_variation_attributes":false,"default_variation_attributes":[],"single_product_visibility":"visible","cart_visibility":"visible","order_visibility":"visible","single_product_price_visibility":"visible","cart_price_visibility":"visible","order_price_visibility":"visible","stock_status":"in_stock"},{"bundled_item_id":15186,"product_id":168318,"menu_order":9,"quantity_min":1,"quantity_max":1,"quantity_default":1,"priced_individually":true,"shipped_individually":false,"override_title":false,"title":"Perle acrylique &#8211; relief paillet\u00e9 &#8211; 12 mm &#8211; argent\u00e9","override_description":true,"description":"","optional":false,"hide_thumbnail":false,"discount":"","override_variations":false,"allowed_variations":[""],"override_default_variation_attributes":false,"default_variation_attributes":[],"single_product_visibility":"visible","cart_visibility":"visible","order_visibility":"visible","single_product_price_visibility":"visible","cart_price_visibility":"visible","order_price_visibility":"visible","stock_status":"in_stock"},{"bundled_item_id":15187,"product_id":188267,"menu_order":10,"quantity_min":1,"quantity_max":1,"quantity_default":1,"priced_individually":true,"shipped_individually":false,"override_title":false,"title":"Perles en silicone &#8211; Cygne 3D &#8211; Unique Joes Design &#8211; Blanc","override_description":true,"description":"","optional":false,"hide_thumbnail":false,"discount":"","override_variations":false,"allowed_variations":[""],"override_default_variation_attributes":false,"default_variation_attributes":[],"single_product_visibility":"visible","cart_visibility":"visible","order_visibility":"visible","single_product_price_visibility":"visible","cart_price_visibility":"visible","order_price_visibility":"visible","stock_status":"in_stock"},{"bundled_item_id":15188,"product_id":135062,"menu_order":11,"quantity_min":1,"quantity_max":1,"quantity_default":1,"priced_individually":true,"shipped_individually":false,"override_title":false,"title":"Perles en silicone &#8211; Ovale &#8211; 12 mm &#8211; Blanc","override_description":true,"description":"","optional":false,"hide_thumbnail":false,"discount":"","override_variations":false,"allowed_variations":[""],"override_default_variation_attributes":false,"default_variation_attributes":[],"single_product_visibility":"visible","cart_visibility":"visible","order_visibility":"visible","single_product_price_visibility":"visible","cart_price_visibility":"visible","order_price_visibility":"visible","stock_status":"in_stock"},{"bundled_item_id":15189,"product_id":182785,"menu_order":12,"quantity_min":1,"quantity_max":1,"quantity_default":1,"priced_individually":true,"shipped_individually":false,"override_title":false,"title":"Disque interm\u00e9diaire Vague avec pierres &#8211; Nacre","override_description":true,"description":"","optional":false,"hide_thumbnail":false,"discount":"","override_variations":false,"allowed_variations":[""],"override_default_variation_attributes":false,"default_variation_attributes":[],"single_product_visibility":"visible","cart_visibility":"visible","order_visibility":"visible","single_product_price_visibility":"visible","cart_price_visibility":"visible","order_price_visibility":"visible","stock_status":"in_stock"},{"bundled_item_id":15190,"product_id":132095,"menu_order":13,"quantity_min":1,"quantity_max":1,"quantity_default":1,"priced_individually":true,"shipped_individually":false,"override_title":false,"title":"Perles en silicone 14 mm &#8211; Abacus &#8211; Impression perle blanche","override_description":true,"description":"","optional":false,"hide_thumbnail":false,"discount":"","override_variations":false,"allowed_variations":[""],"override_default_variation_attributes":false,"default_variation_attributes":[],"single_product_visibility":"visible","cart_visibility":"visible","order_visibility":"visible","single_product_price_visibility":"visible","cart_price_visibility":"visible","order_price_visibility":"visible","stock_status":"in_stock"}],"bundle_sell_ids":[],"yoast_head":"<!-- This site is optimized with the Yoast SEO Premium plugin v27.6 (Yoast SEO v27.6) - https:\/\/yoast.com\/product\/yoast-seo-premium-wordpress\/ -->\n<title>DIY Siliconen Pennen Set - Zwanen - Zwart \/ Zilver Bloem |<\/title>\n<meta name=\"description\" content=\"Dit DIY setje met instructies bevat alle benodigdheden voor het zelf maken van jouw eigen prachtige pennen. |Jootjes\" \/>\n<meta name=\"robots\" content=\"index, follow, max-snippet:-1, max-image-preview:large, max-video-preview:-1\" \/>\n<link rel=\"canonical\" href=\"https:\/\/www.jootjeshaakcadeautjes.nl\/fr\/produit\/diy-siliconen-pennen-set-zwanen-zwart-zilver-bloem\/\" \/>\n<meta property=\"og:locale\" content=\"fr_FR\" \/>\n<meta property=\"og:type\" content=\"article\" \/>\n<meta property=\"og:title\" content=\"DIY Siliconen Pennen Set - Zwanen - Zwart \/ Zilver Bloem\" \/>\n<meta property=\"og:description\" content=\"Dit DIY setje met instructies bevat alle benodigdheden voor het zelf maken van jouw eigen prachtige pennen. |Jootjes\" \/>\n<meta property=\"og:url\" content=\"https:\/\/www.jootjeshaakcadeautjes.nl\/fr\/produit\/diy-siliconen-pennen-set-zwanen-zwart-zilver-bloem\/\" \/>\n<meta property=\"og:site_name\" content=\"Jootjes Haakcadeautjes\" \/>\n<meta property=\"article:modified_time\" content=\"2026-05-16T15:57:18+00:00\" \/>\n<meta property=\"og:image\" content=\"https:\/\/d1dyryakdmle7o.cloudfront.net\/wp-content\/uploads\/2025\/04\/20250420_184551.webp\" \/>\n\t<meta property=\"og:image:width\" content=\"2048\" \/>\n\t<meta property=\"og:image:height\" content=\"2048\" \/>\n\t<meta property=\"og:image:type\" content=\"image\/webp\" \/>\n<meta name=\"twitter:card\" content=\"summary_large_image\" \/>\n<meta name=\"twitter:label1\" content=\"Prix\" \/>\n\t<meta name=\"twitter:data1\" content=\"&euro;0.00 TTC\" \/>\n\t<meta name=\"twitter:label2\" content=\"Disponibilit\u00e9\" \/>\n\t<meta name=\"twitter:data2\" content=\"Rupture de stock\" \/>\n<script type=\"application\/ld+json\" class=\"yoast-schema-graph\">{\"@context\":\"https:\\\/\\\/schema.org\",\"@graph\":[{\"@type\":\"WebPage\",\"@id\":\"https:\\\/\\\/www.jootjeshaakcadeautjes.nl\\\/fr\\\/produit\\\/diy-siliconen-pennen-set-zwanen-zwart-zilver-bloem\\\/\",\"url\":\"https:\\\/\\\/www.jootjeshaakcadeautjes.nl\\\/fr\\\/produit\\\/diy-siliconen-pennen-set-zwanen-zwart-zilver-bloem\\\/\",\"name\":\"DIY Siliconen Pennen Set - Zwanen - Zwart \\\/ Zilver Bloem |\",\"isPartOf\":{\"@id\":\"https:\\\/\\\/www.jootjeshaakcadeautjes.nl\\\/fr\\\/#website\"},\"primaryImageOfPage\":{\"@id\":\"https:\\\/\\\/www.jootjeshaakcadeautjes.nl\\\/fr\\\/produit\\\/diy-siliconen-pennen-set-zwanen-zwart-zilver-bloem\\\/#primaryimage\"},\"image\":{\"@id\":\"https:\\\/\\\/www.jootjeshaakcadeautjes.nl\\\/fr\\\/produit\\\/diy-siliconen-pennen-set-zwanen-zwart-zilver-bloem\\\/#primaryimage\"},\"thumbnailUrl\":\"https:\\\/\\\/d1dyryakdmle7o.cloudfront.net\\\/wp-content\\\/uploads\\\/2025\\\/04\\\/20250420_184551.webp\",\"datePublished\":\"2025-05-14T16:00:42+00:00\",\"dateModified\":\"2026-05-16T15:57:18+00:00\",\"description\":\"Dit DIY setje met instructies bevat alle benodigdheden voor het zelf maken van jouw eigen prachtige pennen. |Jootjes\",\"breadcrumb\":{\"@id\":\"https:\\\/\\\/www.jootjeshaakcadeautjes.nl\\\/fr\\\/produit\\\/diy-siliconen-pennen-set-zwanen-zwart-zilver-bloem\\\/#breadcrumb\"},\"inLanguage\":\"fr-FR\",\"potentialAction\":[{\"@type\":\"ReadAction\",\"target\":[\"https:\\\/\\\/www.jootjeshaakcadeautjes.nl\\\/fr\\\/produit\\\/diy-siliconen-pennen-set-zwanen-zwart-zilver-bloem\\\/\"]}]},{\"@type\":\"ImageObject\",\"inLanguage\":\"fr-FR\",\"@id\":\"https:\\\/\\\/www.jootjeshaakcadeautjes.nl\\\/fr\\\/produit\\\/diy-siliconen-pennen-set-zwanen-zwart-zilver-bloem\\\/#primaryimage\",\"url\":\"https:\\\/\\\/d1dyryakdmle7o.cloudfront.net\\\/wp-content\\\/uploads\\\/2025\\\/04\\\/20250420_184551.webp\",\"contentUrl\":\"https:\\\/\\\/d1dyryakdmle7o.cloudfront.net\\\/wp-content\\\/uploads\\\/2025\\\/04\\\/20250420_184551.webp\",\"width\":2048,\"height\":2048},{\"@type\":\"BreadcrumbList\",\"@id\":\"https:\\\/\\\/www.jootjeshaakcadeautjes.nl\\\/fr\\\/produit\\\/diy-siliconen-pennen-set-zwanen-zwart-zilver-bloem\\\/#breadcrumb\",\"itemListElement\":[{\"@type\":\"ListItem\",\"position\":1,\"name\":\"Accueil\",\"item\":\"https:\\\/\\\/www.jootjeshaakcadeautjes.nl\\\/fr\\\/\"},{\"@type\":\"ListItem\",\"position\":2,\"name\":\"Commerce de gros de perles en silicone &#8211; Entreprises et consommateurs\",\"item\":\"https:\\\/\\\/www.jootjeshaakcadeautjes.nl\\\/fr\\\/boutique\\\/\"},{\"@type\":\"ListItem\",\"position\":3,\"name\":\"DIY Siliconen Pennen Set &#8211; Zwanen &#8211; Zwart \\\/ Zilver Bloem\"}]},{\"@type\":\"WebSite\",\"@id\":\"https:\\\/\\\/www.jootjeshaakcadeautjes.nl\\\/fr\\\/#website\",\"url\":\"https:\\\/\\\/www.jootjeshaakcadeautjes.nl\\\/fr\\\/\",\"name\":\"Jootjes Haakcadeautjes\",\"description\":\"Grossiste en perles de silicone\",\"publisher\":{\"@id\":\"https:\\\/\\\/www.jootjeshaakcadeautjes.nl\\\/fr\\\/#organization\"},\"potentialAction\":[{\"@type\":\"SearchAction\",\"target\":{\"@type\":\"EntryPoint\",\"urlTemplate\":\"https:\\\/\\\/www.jootjeshaakcadeautjes.nl\\\/fr\\\/?s={search_term_string}\"},\"query-input\":{\"@type\":\"PropertyValueSpecification\",\"valueRequired\":true,\"valueName\":\"search_term_string\"}}],\"inLanguage\":\"fr-FR\"},{\"@type\":\"Organization\",\"@id\":\"https:\\\/\\\/www.jootjeshaakcadeautjes.nl\\\/fr\\\/#organization\",\"name\":\"Jootjes Haakcadeautjes\",\"url\":\"https:\\\/\\\/www.jootjeshaakcadeautjes.nl\\\/fr\\\/\",\"logo\":{\"@type\":\"ImageObject\",\"inLanguage\":\"fr-FR\",\"@id\":\"https:\\\/\\\/www.jootjeshaakcadeautjes.nl\\\/fr\\\/#\\\/schema\\\/logo\\\/image\\\/\",\"url\":\"https:\\\/\\\/d1dyryakdmle7o.cloudfront.net\\\/wp-content\\\/uploads\\\/2023\\\/05\\\/Logo-rond.png\",\"contentUrl\":\"https:\\\/\\\/d1dyryakdmle7o.cloudfront.net\\\/wp-content\\\/uploads\\\/2023\\\/05\\\/Logo-rond.png\",\"width\":1222,\"height\":1222,\"caption\":\"Jootjes Haakcadeautjes\"},\"image\":{\"@id\":\"https:\\\/\\\/www.jootjeshaakcadeautjes.nl\\\/fr\\\/#\\\/schema\\\/logo\\\/image\\\/\"}}]}<\/script>\n<meta property=\"product:price:amount\" content=\"0.00\" \/>\n<meta property=\"product:price:currency\" content=\"EUR\" \/>\n<meta property=\"og:availability\" content=\"out of stock\" \/>\n<meta property=\"product:availability\" content=\"out of stock\" \/>\n<meta property=\"product:retailer_item_id\" content=\"DIY-SPS-ZZB\" \/>\n<meta property=\"product:condition\" content=\"new\" \/>\n<!-- \/ Yoast SEO Premium plugin. -->","yoast_head_json":{"title":"DIY Siliconen Pennen Set - Zwanen - Zwart \/ Zilver Bloem |","description":"Dit DIY setje met instructies bevat alle benodigdheden voor het zelf maken van jouw eigen prachtige pennen. |Jootjes","robots":{"index":"index","follow":"follow","max-snippet":"max-snippet:-1","max-image-preview":"max-image-preview:large","max-video-preview":"max-video-preview:-1"},"canonical":"https:\/\/www.jootjeshaakcadeautjes.nl\/fr\/produit\/diy-siliconen-pennen-set-zwanen-zwart-zilver-bloem\/","og_locale":"fr_FR","og_type":"article","og_title":"DIY Siliconen Pennen Set - Zwanen - Zwart \/ Zilver Bloem","og_description":"Dit DIY setje met instructies bevat alle benodigdheden voor het zelf maken van jouw eigen prachtige pennen. |Jootjes","og_url":"https:\/\/www.jootjeshaakcadeautjes.nl\/fr\/produit\/diy-siliconen-pennen-set-zwanen-zwart-zilver-bloem\/","og_site_name":"Jootjes Haakcadeautjes","article_modified_time":"2026-05-16T15:57:18+00:00","og_image":[{"width":2048,"height":2048,"url":"https:\/\/d1dyryakdmle7o.cloudfront.net\/wp-content\/uploads\/2025\/04\/20250420_184551.webp","type":"image\/webp"}],"twitter_card":"summary_large_image","twitter_misc":{"Prix":"&euro;0.00 TTC","Disponibilit\u00e9":"Rupture de stock"},"schema":{"@context":"https:\/\/schema.org","@graph":[{"@type":"WebPage","@id":"https:\/\/www.jootjeshaakcadeautjes.nl\/fr\/produit\/diy-siliconen-pennen-set-zwanen-zwart-zilver-bloem\/","url":"https:\/\/www.jootjeshaakcadeautjes.nl\/fr\/produit\/diy-siliconen-pennen-set-zwanen-zwart-zilver-bloem\/","name":"DIY Siliconen Pennen Set - Zwanen - Zwart \/ Zilver Bloem |","isPartOf":{"@id":"https:\/\/www.jootjeshaakcadeautjes.nl\/fr\/#website"},"primaryImageOfPage":{"@id":"https:\/\/www.jootjeshaakcadeautjes.nl\/fr\/produit\/diy-siliconen-pennen-set-zwanen-zwart-zilver-bloem\/#primaryimage"},"image":{"@id":"https:\/\/www.jootjeshaakcadeautjes.nl\/fr\/produit\/diy-siliconen-pennen-set-zwanen-zwart-zilver-bloem\/#primaryimage"},"thumbnailUrl":"https:\/\/d1dyryakdmle7o.cloudfront.net\/wp-content\/uploads\/2025\/04\/20250420_184551.webp","datePublished":"2025-05-14T16:00:42+00:00","dateModified":"2026-05-16T15:57:18+00:00","description":"Dit DIY setje met instructies bevat alle benodigdheden voor het zelf maken van jouw eigen prachtige pennen. |Jootjes","breadcrumb":{"@id":"https:\/\/www.jootjeshaakcadeautjes.nl\/fr\/produit\/diy-siliconen-pennen-set-zwanen-zwart-zilver-bloem\/#breadcrumb"},"inLanguage":"fr-FR","potentialAction":[{"@type":"ReadAction","target":["https:\/\/www.jootjeshaakcadeautjes.nl\/fr\/produit\/diy-siliconen-pennen-set-zwanen-zwart-zilver-bloem\/"]}]},{"@type":"ImageObject","inLanguage":"fr-FR","@id":"https:\/\/www.jootjeshaakcadeautjes.nl\/fr\/produit\/diy-siliconen-pennen-set-zwanen-zwart-zilver-bloem\/#primaryimage","url":"https:\/\/d1dyryakdmle7o.cloudfront.net\/wp-content\/uploads\/2025\/04\/20250420_184551.webp","contentUrl":"https:\/\/d1dyryakdmle7o.cloudfront.net\/wp-content\/uploads\/2025\/04\/20250420_184551.webp","width":2048,"height":2048},{"@type":"BreadcrumbList","@id":"https:\/\/www.jootjeshaakcadeautjes.nl\/fr\/produit\/diy-siliconen-pennen-set-zwanen-zwart-zilver-bloem\/#breadcrumb","itemListElement":[{"@type":"ListItem","position":1,"name":"Accueil","item":"https:\/\/www.jootjeshaakcadeautjes.nl\/fr\/"},{"@type":"ListItem","position":2,"name":"Commerce de gros de perles en silicone &#8211; Entreprises et consommateurs","item":"https:\/\/www.jootjeshaakcadeautjes.nl\/fr\/boutique\/"},{"@type":"ListItem","position":3,"name":"DIY Siliconen Pennen Set &#8211; Zwanen &#8211; Zwart \/ Zilver Bloem"}]},{"@type":"WebSite","@id":"https:\/\/www.jootjeshaakcadeautjes.nl\/fr\/#website","url":"https:\/\/www.jootjeshaakcadeautjes.nl\/fr\/","name":"Jootjes Haakcadeautjes","description":"Grossiste en perles de silicone","publisher":{"@id":"https:\/\/www.jootjeshaakcadeautjes.nl\/fr\/#organization"},"potentialAction":[{"@type":"SearchAction","target":{"@type":"EntryPoint","urlTemplate":"https:\/\/www.jootjeshaakcadeautjes.nl\/fr\/?s={search_term_string}"},"query-input":{"@type":"PropertyValueSpecification","valueRequired":true,"valueName":"search_term_string"}}],"inLanguage":"fr-FR"},{"@type":"Organization","@id":"https:\/\/www.jootjeshaakcadeautjes.nl\/fr\/#organization","name":"Jootjes Haakcadeautjes","url":"https:\/\/www.jootjeshaakcadeautjes.nl\/fr\/","logo":{"@type":"ImageObject","inLanguage":"fr-FR","@id":"https:\/\/www.jootjeshaakcadeautjes.nl\/fr\/#\/schema\/logo\/image\/","url":"https:\/\/d1dyryakdmle7o.cloudfront.net\/wp-content\/uploads\/2023\/05\/Logo-rond.png","contentUrl":"https:\/\/d1dyryakdmle7o.cloudfront.net\/wp-content\/uploads\/2023\/05\/Logo-rond.png","width":1222,"height":1222,"caption":"Jootjes Haakcadeautjes"},"image":{"@id":"https:\/\/www.jootjeshaakcadeautjes.nl\/fr\/#\/schema\/logo\/image\/"}}]},"product_price_amount":"0.00","product_price_currency":"EUR","og_availability":"out of stock","product_availability":"out of stock","product_retailer_item_id":"DIY-SPS-ZZB","product_condition":"new"},"_links":{"self":[{"href":"https:\/\/www.jootjeshaakcadeautjes.nl\/fr\/wp-json\/wp\/v2\/product\/220925","targetHints":{"allow":["GET"]}}],"collection":[{"href":"https:\/\/www.jootjeshaakcadeautjes.nl\/fr\/wp-json\/wp\/v2\/product"}],"about":[{"href":"https:\/\/www.jootjeshaakcadeautjes.nl\/fr\/wp-json\/wp\/v2\/types\/product"}],"version-history":[{"count":1,"href":"https:\/\/www.jootjeshaakcadeautjes.nl\/fr\/wp-json\/wp\/v2\/product\/220925\/revisions"}],"predecessor-version":[{"id":276510,"href":"https:\/\/www.jootjeshaakcadeautjes.nl\/fr\/wp-json\/wp\/v2\/product\/220925\/revisions\/276510"}],"wp:featuredmedia":[{"embeddable":true,"href":"https:\/\/www.jootjeshaakcadeautjes.nl\/fr\/wp-json\/wp\/v2\/media\/222934"}],"wp:attachment":[{"href":"https:\/\/www.jootjeshaakcadeautjes.nl\/fr\/wp-json\/wp\/v2\/media?parent=220925"}],"wp:term":[{"taxonomy":"product_brand","embeddable":true,"href":"https:\/\/www.jootjeshaakcadeautjes.nl\/fr\/wp-json\/wp\/v2\/product_brand?post=220925"},{"taxonomy":"product_cat","embeddable":true,"href":"https:\/\/www.jootjeshaakcadeautjes.nl\/fr\/wp-json\/wp\/v2\/product_cat?post=220925"},{"taxonomy":"product_tag","embeddable":true,"href":"https:\/\/www.jootjeshaakcadeautjes.nl\/fr\/wp-json\/wp\/v2\/product_tag?post=220925"}],"curies":[{"name":"wp","href":"https:\/\/api.w.org\/{rel}","templated":true}]}}