{"id":221101,"date":"2025-05-13T09:35:42","date_gmt":"2025-05-13T07:35:42","guid":{"rendered":"https:\/\/www.jootjeshaakcadeautjes.nl\/?post_type=product&#038;p=221101"},"modified":"2026-04-28T12:23:03","modified_gmt":"2026-04-28T10:23:03","slug":"siliconen-kraal-bloem-daisy-22-mm-henna-ivory","status":"publish","type":"product","link":"https:\/\/www.jootjeshaakcadeautjes.nl\/fr\/produit\/siliconen-kraal-bloem-daisy-22-mm-henna-ivory\/","title":{"rendered":"Perle en silicone &#8211; Fleur \/ Marguerite &#8211; 22 mm &#8211; Henn\u00e9 \/ Ivoire"},"content":{"rendered":"<h3>Perle en silicone &#8211; Fleur \/ Marguerite &#8211; 22 mm &#8211; Henn\u00e9 \/ Ivoire<\/h3>\n<p>Cette nouvelle perle en silicone en forme de fleur est immens\u00e9ment populaire cet \u00e9t\u00e9. Le joli motif de fleur et les couleurs douces\/fra\u00eeches mais aussi neutres rendent ces perles parfaites pour tout cordon de t\u00e9tine ou anneau de dentition. <\/p>\n<p>La perle de silicone en forme de fleur est fabriqu\u00e9e en silicone sans BPA. Cela signifie que les produits ont \u00e9t\u00e9 jug\u00e9s s\u00fbrs pour une utilisation dans les jouets pour enfants. L&#8217;application en silicone ne contient aucune substance nocive. Nos produits r\u00e9pondent donc \u00e0 toutes les certifications n\u00e9cessaires pour que vous puissiez fabriquer des jouets de dentition s\u00fbrs. N\u00e9anmoins, surveillez toujours l&#8217;usure des jouets et jetez-les si n\u00e9cessaire. Cela vaut pour tout type de jouet pour b\u00e9b\u00e9. Il arrive malheureusement que tout s&#8217;use un jour ou l&#8217;autre et, dans ce cas, la s\u00e9curit\u00e9 des tout-petits est bien s\u00fbr primordiale.      <\/p>\n<p>&nbsp;<\/p>\n","protected":false},"excerpt":{"rendered":"<p>Variante : Petite fleur \/ Marguerite &#8211; 22 mm &#8211; Henn\u00e9 \/ Ivoire<\/p>\n<p>Fabriqu\u00e9 en silicone sans BPA. Totalement exempt de produits chimiques nocifs, conform\u00e9ment aux crit\u00e8res d&#8217;essai europ\u00e9ens EN-71, et donc 100 % s\u00fbr pour les enfants. <\/p>\n<p>Pour plus d&#8217;informations sur l&#8217;utilisation,<br \/>\nlire au bas de la page.<\/p>\n","protected":false},"featured_media":226164,"template":"","meta":[],"product_brand":[],"product_cat":[7378,10277,6992,7398],"product_tag":[10297,10340,7384,7401,10302,7424,10295,7455,7463,7215,7418,10299,10311,10282,7440,12433,10256,10309,7392,7200,10290,7212,7408],"class_list":{"0":"post-221101","1":"product","2":"type-product","3":"status-publish","4":"has-post-thumbnail","6":"product_cat-fabrication-de-jouets-de-dentition-pour-bebe-cordon-de-sucette-et-anneaux-de-dentition","7":"product_cat-perles-en-silicone-daisy-daisies-daisies","8":"product_cat-perles-en-silicone-sans-bpa-grossiste","9":"product_cat-perles-en-silicone-toutes-les-perles-de-luxe-multicolores","10":"product_tag-22-fr","11":"product_tag-22-mm-fr","12":"product_tag-anneau-de-dentition","13":"product_tag-bebe","14":"product_tag-bijoux","15":"product_tag-bpa-fr","16":"product_tag-certifie-fr","17":"product_tag-chaine-de-landau","18":"product_tag-commerce-de-gros","19":"product_tag-faire","20":"product_tag-faux-cordon","21":"product_tag-filetage","22":"product_tag-fleur-fr-3","23":"product_tag-fleur-fr-2","24":"product_tag-gratuit","25":"product_tag-henne","26":"product_tag-ivoire","27":"product_tag-marguerite","28":"product_tag-mm-fr","29":"product_tag-perles","30":"product_tag-protection-des-enfants","31":"product_tag-silicone-fr","32":"product_tag-sur","34":"first","35":"instock","36":"taxable","37":"shipping-taxable","38":"purchasable","39":"product-type-simple"},"bundled_by":[],"bundle_stock_status":"instock","bundle_stock_quantity":830,"bundle_virtual":false,"bundle_layout":"","bundle_add_to_cart_form_location":"","bundle_editable_in_cart":false,"bundle_sold_individually_context":"","bundle_item_grouping":"","bundle_min_size":"","bundle_max_size":"","bundle_price":[],"bundled_items":[],"bundle_sell_ids":[],"yoast_head":"<!-- This site is optimized with the Yoast SEO Premium plugin v27.6 (Yoast SEO v27.6) - https:\/\/yoast.com\/product\/yoast-seo-premium-wordpress\/ -->\n<title>Perle en silicone - Fleur \/ Marguerite - 22 mm - Henn\u00e9 \/ Ivoire - Chiffre de la morsure -<\/title>\n<meta name=\"description\" content=\"Figurine en silicone Monstera Leaf sans BPA, 100 % sans danger pour les enfants. Pour anneau de dentition ou cordon de t\u00e9tine. Certifi\u00e9 CE EN71. Pour les gar\u00e7ons et les filles\" \/>\n<meta name=\"robots\" content=\"index, follow, max-snippet:-1, max-image-preview:large, max-video-preview:-1\" \/>\n<link rel=\"canonical\" href=\"https:\/\/www.jootjeshaakcadeautjes.nl\/fr\/produit\/siliconen-kraal-bloem-daisy-22-mm-henna-ivory\/\" \/>\n<meta property=\"og:locale\" content=\"fr_FR\" \/>\n<meta property=\"og:type\" content=\"article\" \/>\n<meta property=\"og:title\" content=\"Perle en silicone - Fleur \/ Marguerite - 22 mm - Henn\u00e9 \/ Ivoire\" \/>\n<meta property=\"og:description\" content=\"Figurine en silicone Monstera Leaf sans BPA, 100 % sans danger pour les enfants. Pour anneau de dentition ou cordon de t\u00e9tine. Certifi\u00e9 CE EN71. Pour les gar\u00e7ons et les filles\" \/>\n<meta property=\"og:url\" content=\"https:\/\/www.jootjeshaakcadeautjes.nl\/fr\/produit\/siliconen-kraal-bloem-daisy-22-mm-henna-ivory\/\" \/>\n<meta property=\"og:site_name\" content=\"Jootjes Haakcadeautjes\" \/>\n<meta property=\"article:modified_time\" content=\"2026-04-28T10:23:03+00:00\" \/>\n<meta property=\"og:image\" content=\"https:\/\/www.jootjeshaakcadeautjes.nl\/wp-content\/uploads\/2025\/05\/Naamloos-1301.webp\" \/>\n\t<meta property=\"og:image:width\" content=\"2048\" \/>\n\t<meta property=\"og:image:height\" content=\"2048\" \/>\n\t<meta property=\"og:image:type\" content=\"image\/webp\" \/>\n<meta name=\"twitter:card\" content=\"summary_large_image\" \/>\n<meta name=\"twitter:label1\" content=\"Prix\" \/>\n\t<meta name=\"twitter:data1\" content=\"&euro;0.75 TTC\" \/>\n\t<meta name=\"twitter:label2\" content=\"Disponibilit\u00e9\" \/>\n\t<meta name=\"twitter:data2\" content=\"En stock\" \/>\n<script type=\"application\/ld+json\" class=\"yoast-schema-graph\">{\"@context\":\"https:\\\/\\\/schema.org\",\"@graph\":[{\"@type\":\"WebPage\",\"@id\":\"https:\\\/\\\/www.jootjeshaakcadeautjes.nl\\\/fr\\\/produit\\\/siliconen-kraal-bloem-daisy-22-mm-henna-ivory\\\/\",\"url\":\"https:\\\/\\\/www.jootjeshaakcadeautjes.nl\\\/fr\\\/produit\\\/siliconen-kraal-bloem-daisy-22-mm-henna-ivory\\\/\",\"name\":\"Perle en silicone - Fleur \\\/ Marguerite - 22 mm - Henn\u00e9 \\\/ Ivoire - Chiffre de la morsure -\",\"isPartOf\":{\"@id\":\"https:\\\/\\\/www.jootjeshaakcadeautjes.nl\\\/fr\\\/#website\"},\"primaryImageOfPage\":{\"@id\":\"https:\\\/\\\/www.jootjeshaakcadeautjes.nl\\\/fr\\\/produit\\\/siliconen-kraal-bloem-daisy-22-mm-henna-ivory\\\/#primaryimage\"},\"image\":{\"@id\":\"https:\\\/\\\/www.jootjeshaakcadeautjes.nl\\\/fr\\\/produit\\\/siliconen-kraal-bloem-daisy-22-mm-henna-ivory\\\/#primaryimage\"},\"thumbnailUrl\":\"https:\\\/\\\/d1dyryakdmle7o.cloudfront.net\\\/wp-content\\\/uploads\\\/2025\\\/05\\\/Naamloos-1301.webp\",\"datePublished\":\"2025-05-13T07:35:42+00:00\",\"dateModified\":\"2026-04-28T10:23:03+00:00\",\"description\":\"Figurine en silicone Monstera Leaf sans BPA, 100 % sans danger pour les enfants. Pour anneau de dentition ou cordon de t\u00e9tine. Certifi\u00e9 CE EN71. Pour les gar\u00e7ons et les filles\",\"breadcrumb\":{\"@id\":\"https:\\\/\\\/www.jootjeshaakcadeautjes.nl\\\/fr\\\/produit\\\/siliconen-kraal-bloem-daisy-22-mm-henna-ivory\\\/#breadcrumb\"},\"inLanguage\":\"fr-FR\",\"potentialAction\":[{\"@type\":\"ReadAction\",\"target\":[\"https:\\\/\\\/www.jootjeshaakcadeautjes.nl\\\/fr\\\/produit\\\/siliconen-kraal-bloem-daisy-22-mm-henna-ivory\\\/\"]}]},{\"@type\":\"ImageObject\",\"inLanguage\":\"fr-FR\",\"@id\":\"https:\\\/\\\/www.jootjeshaakcadeautjes.nl\\\/fr\\\/produit\\\/siliconen-kraal-bloem-daisy-22-mm-henna-ivory\\\/#primaryimage\",\"url\":\"https:\\\/\\\/d1dyryakdmle7o.cloudfront.net\\\/wp-content\\\/uploads\\\/2025\\\/05\\\/Naamloos-1301.webp\",\"contentUrl\":\"https:\\\/\\\/d1dyryakdmle7o.cloudfront.net\\\/wp-content\\\/uploads\\\/2025\\\/05\\\/Naamloos-1301.webp\",\"width\":2048,\"height\":2048},{\"@type\":\"BreadcrumbList\",\"@id\":\"https:\\\/\\\/www.jootjeshaakcadeautjes.nl\\\/fr\\\/produit\\\/siliconen-kraal-bloem-daisy-22-mm-henna-ivory\\\/#breadcrumb\",\"itemListElement\":[{\"@type\":\"ListItem\",\"position\":1,\"name\":\"Accueil\",\"item\":\"https:\\\/\\\/www.jootjeshaakcadeautjes.nl\\\/fr\\\/\"},{\"@type\":\"ListItem\",\"position\":2,\"name\":\"Commerce de gros de perles en silicone &#8211; Entreprises et consommateurs\",\"item\":\"https:\\\/\\\/www.jootjeshaakcadeautjes.nl\\\/fr\\\/boutique\\\/\"},{\"@type\":\"ListItem\",\"position\":3,\"name\":\"Perle en silicone &#8211; Fleur \\\/ Marguerite &#8211; 22 mm &#8211; Henn\u00e9 \\\/ Ivoire\"}]},{\"@type\":\"WebSite\",\"@id\":\"https:\\\/\\\/www.jootjeshaakcadeautjes.nl\\\/fr\\\/#website\",\"url\":\"https:\\\/\\\/www.jootjeshaakcadeautjes.nl\\\/fr\\\/\",\"name\":\"Jootjes Haakcadeautjes\",\"description\":\"Grossiste en perles de silicone\",\"publisher\":{\"@id\":\"https:\\\/\\\/www.jootjeshaakcadeautjes.nl\\\/fr\\\/#organization\"},\"potentialAction\":[{\"@type\":\"SearchAction\",\"target\":{\"@type\":\"EntryPoint\",\"urlTemplate\":\"https:\\\/\\\/www.jootjeshaakcadeautjes.nl\\\/fr\\\/?s={search_term_string}\"},\"query-input\":{\"@type\":\"PropertyValueSpecification\",\"valueRequired\":true,\"valueName\":\"search_term_string\"}}],\"inLanguage\":\"fr-FR\"},{\"@type\":\"Organization\",\"@id\":\"https:\\\/\\\/www.jootjeshaakcadeautjes.nl\\\/fr\\\/#organization\",\"name\":\"Jootjes Haakcadeautjes\",\"url\":\"https:\\\/\\\/www.jootjeshaakcadeautjes.nl\\\/fr\\\/\",\"logo\":{\"@type\":\"ImageObject\",\"inLanguage\":\"fr-FR\",\"@id\":\"https:\\\/\\\/www.jootjeshaakcadeautjes.nl\\\/fr\\\/#\\\/schema\\\/logo\\\/image\\\/\",\"url\":\"https:\\\/\\\/d1dyryakdmle7o.cloudfront.net\\\/wp-content\\\/uploads\\\/2023\\\/05\\\/Logo-rond.png\",\"contentUrl\":\"https:\\\/\\\/d1dyryakdmle7o.cloudfront.net\\\/wp-content\\\/uploads\\\/2023\\\/05\\\/Logo-rond.png\",\"width\":1222,\"height\":1222,\"caption\":\"Jootjes Haakcadeautjes\"},\"image\":{\"@id\":\"https:\\\/\\\/www.jootjeshaakcadeautjes.nl\\\/fr\\\/#\\\/schema\\\/logo\\\/image\\\/\"}}]}<\/script>\n<meta property=\"product:price:amount\" content=\"0.75\" \/>\n<meta property=\"product:price:currency\" content=\"EUR\" \/>\n<meta property=\"og:availability\" content=\"instock\" \/>\n<meta property=\"product:availability\" content=\"instock\" \/>\n<meta property=\"product:retailer_item_id\" content=\"SIL-BL2-HEI\" \/>\n<meta property=\"product:condition\" content=\"new\" \/>\n<!-- \/ Yoast SEO Premium plugin. -->","yoast_head_json":{"title":"Perle en silicone - Fleur \/ Marguerite - 22 mm - Henn\u00e9 \/ Ivoire - Chiffre de la morsure -","description":"Figurine en silicone Monstera Leaf sans BPA, 100 % sans danger pour les enfants. Pour anneau de dentition ou cordon de t\u00e9tine. Certifi\u00e9 CE EN71. Pour les gar\u00e7ons et les filles","robots":{"index":"index","follow":"follow","max-snippet":"max-snippet:-1","max-image-preview":"max-image-preview:large","max-video-preview":"max-video-preview:-1"},"canonical":"https:\/\/www.jootjeshaakcadeautjes.nl\/fr\/produit\/siliconen-kraal-bloem-daisy-22-mm-henna-ivory\/","og_locale":"fr_FR","og_type":"article","og_title":"Perle en silicone - Fleur \/ Marguerite - 22 mm - Henn\u00e9 \/ Ivoire","og_description":"Figurine en silicone Monstera Leaf sans BPA, 100 % sans danger pour les enfants. Pour anneau de dentition ou cordon de t\u00e9tine. Certifi\u00e9 CE EN71. Pour les gar\u00e7ons et les filles","og_url":"https:\/\/www.jootjeshaakcadeautjes.nl\/fr\/produit\/siliconen-kraal-bloem-daisy-22-mm-henna-ivory\/","og_site_name":"Jootjes Haakcadeautjes","article_modified_time":"2026-04-28T10:23:03+00:00","og_image":[{"width":2048,"height":2048,"url":"https:\/\/www.jootjeshaakcadeautjes.nl\/wp-content\/uploads\/2025\/05\/Naamloos-1301.webp","type":"image\/webp"}],"twitter_card":"summary_large_image","twitter_misc":{"Prix":"&euro;0.75 TTC","Disponibilit\u00e9":"En stock"},"schema":{"@context":"https:\/\/schema.org","@graph":[{"@type":"WebPage","@id":"https:\/\/www.jootjeshaakcadeautjes.nl\/fr\/produit\/siliconen-kraal-bloem-daisy-22-mm-henna-ivory\/","url":"https:\/\/www.jootjeshaakcadeautjes.nl\/fr\/produit\/siliconen-kraal-bloem-daisy-22-mm-henna-ivory\/","name":"Perle en silicone - Fleur \/ Marguerite - 22 mm - Henn\u00e9 \/ Ivoire - Chiffre de la morsure -","isPartOf":{"@id":"https:\/\/www.jootjeshaakcadeautjes.nl\/fr\/#website"},"primaryImageOfPage":{"@id":"https:\/\/www.jootjeshaakcadeautjes.nl\/fr\/produit\/siliconen-kraal-bloem-daisy-22-mm-henna-ivory\/#primaryimage"},"image":{"@id":"https:\/\/www.jootjeshaakcadeautjes.nl\/fr\/produit\/siliconen-kraal-bloem-daisy-22-mm-henna-ivory\/#primaryimage"},"thumbnailUrl":"https:\/\/d1dyryakdmle7o.cloudfront.net\/wp-content\/uploads\/2025\/05\/Naamloos-1301.webp","datePublished":"2025-05-13T07:35:42+00:00","dateModified":"2026-04-28T10:23:03+00:00","description":"Figurine en silicone Monstera Leaf sans BPA, 100 % sans danger pour les enfants. Pour anneau de dentition ou cordon de t\u00e9tine. Certifi\u00e9 CE EN71. Pour les gar\u00e7ons et les filles","breadcrumb":{"@id":"https:\/\/www.jootjeshaakcadeautjes.nl\/fr\/produit\/siliconen-kraal-bloem-daisy-22-mm-henna-ivory\/#breadcrumb"},"inLanguage":"fr-FR","potentialAction":[{"@type":"ReadAction","target":["https:\/\/www.jootjeshaakcadeautjes.nl\/fr\/produit\/siliconen-kraal-bloem-daisy-22-mm-henna-ivory\/"]}]},{"@type":"ImageObject","inLanguage":"fr-FR","@id":"https:\/\/www.jootjeshaakcadeautjes.nl\/fr\/produit\/siliconen-kraal-bloem-daisy-22-mm-henna-ivory\/#primaryimage","url":"https:\/\/d1dyryakdmle7o.cloudfront.net\/wp-content\/uploads\/2025\/05\/Naamloos-1301.webp","contentUrl":"https:\/\/d1dyryakdmle7o.cloudfront.net\/wp-content\/uploads\/2025\/05\/Naamloos-1301.webp","width":2048,"height":2048},{"@type":"BreadcrumbList","@id":"https:\/\/www.jootjeshaakcadeautjes.nl\/fr\/produit\/siliconen-kraal-bloem-daisy-22-mm-henna-ivory\/#breadcrumb","itemListElement":[{"@type":"ListItem","position":1,"name":"Accueil","item":"https:\/\/www.jootjeshaakcadeautjes.nl\/fr\/"},{"@type":"ListItem","position":2,"name":"Commerce de gros de perles en silicone &#8211; Entreprises et consommateurs","item":"https:\/\/www.jootjeshaakcadeautjes.nl\/fr\/boutique\/"},{"@type":"ListItem","position":3,"name":"Perle en silicone &#8211; Fleur \/ Marguerite &#8211; 22 mm &#8211; Henn\u00e9 \/ Ivoire"}]},{"@type":"WebSite","@id":"https:\/\/www.jootjeshaakcadeautjes.nl\/fr\/#website","url":"https:\/\/www.jootjeshaakcadeautjes.nl\/fr\/","name":"Jootjes Haakcadeautjes","description":"Grossiste en perles de silicone","publisher":{"@id":"https:\/\/www.jootjeshaakcadeautjes.nl\/fr\/#organization"},"potentialAction":[{"@type":"SearchAction","target":{"@type":"EntryPoint","urlTemplate":"https:\/\/www.jootjeshaakcadeautjes.nl\/fr\/?s={search_term_string}"},"query-input":{"@type":"PropertyValueSpecification","valueRequired":true,"valueName":"search_term_string"}}],"inLanguage":"fr-FR"},{"@type":"Organization","@id":"https:\/\/www.jootjeshaakcadeautjes.nl\/fr\/#organization","name":"Jootjes Haakcadeautjes","url":"https:\/\/www.jootjeshaakcadeautjes.nl\/fr\/","logo":{"@type":"ImageObject","inLanguage":"fr-FR","@id":"https:\/\/www.jootjeshaakcadeautjes.nl\/fr\/#\/schema\/logo\/image\/","url":"https:\/\/d1dyryakdmle7o.cloudfront.net\/wp-content\/uploads\/2023\/05\/Logo-rond.png","contentUrl":"https:\/\/d1dyryakdmle7o.cloudfront.net\/wp-content\/uploads\/2023\/05\/Logo-rond.png","width":1222,"height":1222,"caption":"Jootjes Haakcadeautjes"},"image":{"@id":"https:\/\/www.jootjeshaakcadeautjes.nl\/fr\/#\/schema\/logo\/image\/"}}]},"product_price_amount":"0.75","product_price_currency":"EUR","og_availability":"instock","product_availability":"instock","product_retailer_item_id":"SIL-BL2-HEI","product_condition":"new"},"_links":{"self":[{"href":"https:\/\/www.jootjeshaakcadeautjes.nl\/fr\/wp-json\/wp\/v2\/product\/221101","targetHints":{"allow":["GET"]}}],"collection":[{"href":"https:\/\/www.jootjeshaakcadeautjes.nl\/fr\/wp-json\/wp\/v2\/product"}],"about":[{"href":"https:\/\/www.jootjeshaakcadeautjes.nl\/fr\/wp-json\/wp\/v2\/types\/product"}],"version-history":[{"count":0,"href":"https:\/\/www.jootjeshaakcadeautjes.nl\/fr\/wp-json\/wp\/v2\/product\/221101\/revisions"}],"wp:featuredmedia":[{"embeddable":true,"href":"https:\/\/www.jootjeshaakcadeautjes.nl\/fr\/wp-json\/wp\/v2\/media\/226164"}],"wp:attachment":[{"href":"https:\/\/www.jootjeshaakcadeautjes.nl\/fr\/wp-json\/wp\/v2\/media?parent=221101"}],"wp:term":[{"taxonomy":"product_brand","embeddable":true,"href":"https:\/\/www.jootjeshaakcadeautjes.nl\/fr\/wp-json\/wp\/v2\/product_brand?post=221101"},{"taxonomy":"product_cat","embeddable":true,"href":"https:\/\/www.jootjeshaakcadeautjes.nl\/fr\/wp-json\/wp\/v2\/product_cat?post=221101"},{"taxonomy":"product_tag","embeddable":true,"href":"https:\/\/www.jootjeshaakcadeautjes.nl\/fr\/wp-json\/wp\/v2\/product_tag?post=221101"}],"curies":[{"name":"wp","href":"https:\/\/api.w.org\/{rel}","templated":true}]}}