{"id":222409,"date":"2025-05-13T09:35:42","date_gmt":"2025-05-13T07:35:42","guid":{"rendered":"https:\/\/www.jootjeshaakcadeautjes.nl\/?post_type=product&#038;p=222409"},"modified":"2026-05-10T19:06:33","modified_gmt":"2026-05-10T17:06:33","slug":"siliconen-kralen-mini-dots-tussenschijfje-old-lace","status":"publish","type":"product","link":"https:\/\/www.jootjeshaakcadeautjes.nl\/fr\/produit\/siliconen-kralen-mini-dots-tussenschijfje-old-lace\/","title":{"rendered":"Perles en silicone &#8211; Mini Dots &#8211; Entretoise &#8211; Old Lace"},"content":{"rendered":"<h1>Perles en silicone &#8211; Mini Dots &#8211; Entretoise &#8211; Old Lace<\/h1>\n<h3>Sp\u00e9cifications :<\/h3>\n<ul>\n<li>\u00c9galement connues sous le nom de : Entretoise en perles de silicone pour lettres et perles<\/li>\n<li>Couleur : Old Lace<\/li>\n<\/ul>\n<p>Toutes nos billes de silicone sont 100 % exemptes de BPA, de plomb, de toxines, de phtalates et de PVC. Nos billes de silicone sont donc de qualit\u00e9 m\u00e9dicale et conviennent aux jouets de dentition pour enfants.  Les perles sont parfaites pour fabriquer des anneaux de dentition, des cordons de t\u00e9tine, des colliers d&#8217;allaitement, des pendentifs de sac ou des gymnases pour b\u00e9b\u00e9s, entre autres.<\/p>\n<p>Le reste de notre gamme de perles en silicone se trouve ici : <a href=\"https:\/\/www.jootjeshaakcadeautjes.nl\/fr\/product-categorie\/fabrication-de-jouets-de-dentition-pour-bebe-cordon-de-sucette-et-anneaux-de-dentition\/perles-en-silicone-sans-bpa-grossiste\/\">perles en silicone<\/a>.<br \/>\nLes perles en bois se trouvent ici : <a href=\"\/?product_cat=houten-kralen-kralen\">perles en bois.<\/a><\/p>\n<h3>Qualit\u00e9 et s\u00e9curit\u00e9 de nos perles de silicone<\/h3>\n<p>Toutes nos perles en silicone sont :<\/p>\n<ul>\n<li>Sans BPA<\/li>\n<li>Sans phtalates ni toxines<\/li>\n<li>Sans PVC<\/li>\n<li>Sans plomb<\/li>\n<li>Certifi\u00e9 CE<\/li>\n<li>Perles de silicone de qualit\u00e9 m\u00e9dicale<\/li>\n<\/ul>\n<h4>Fixation :<\/h4>\n<p>Les perles de silicone sont faciles \u00e0 enfiler sur un cordon de cire ou de satin. L&#8217;anneau de dentition ovale en silicone doit \u00eatre nou\u00e9 \u00e9norm\u00e9ment et plusieurs fois. Ces perles se pr\u00eatent bien \u00e0 l&#8217;espacement entre les perles de lettres. C&#8217;est non seulement un changement agr\u00e9able, mais cela permet aussi de rendre plus rond un anneau de dentition dans lequel vous voulez utiliser des perles de lettres. En effet, les perles de lettres en silicone sont carr\u00e9es. En les utilisant dans des anneaux de dentition sans entretoise, vous obtenez un segment qui ne veut pas se plier mais rester droit. La forme des disques ovales garantit que ce segment peut \u00e0 nouveau se plier. M\u00eame lorsqu&#8217;il est utilis\u00e9 dans un cordon de t\u00e9tine, ce cordon de t\u00e9tine reste plus souple.       <\/p>\n<h4>Nettoyage :<\/h4>\n<p>Ces perles ovales en silicone conviennent donc aussi bien aux b\u00e9b\u00e9s qu&#8217;aux enfants plus \u00e2g\u00e9s qui aiment mordre dans quelque chose. Les perles sont certifi\u00e9es CE et sont robustes. Par cons\u00e9quent, ils ne s&#8217;usent pratiquement pas. En outre, les perles sont faciles \u00e0 nettoyer. Ces perles de silicone peuvent facilement passer au lave-vaisselle ou \u00e0 l&#8217;eau savonneuse.     Laissez-les ensuite bien s\u00e9cher avant de les donner \u00e0 nouveau \u00e0 un enfant. Les perles de silicone peuvent \u00e9galement \u00eatre r\u00e9frig\u00e9r\u00e9es. Elles sont donc tr\u00e8s utiles pour soulager la douleur lors des pouss\u00e9es dentaires.  <\/p>\n<p><em>Fixez toujours correctement les perles de silicone et contr\u00f4lez r\u00e9guli\u00e8rement vos cr\u00e9ations, par exemple pour v\u00e9rifier qu&#8217;elles ne s&#8217;usent pas. Vous en \u00eates vous-m\u00eame responsable.  Jootjes Haakcadeautjes ne contr\u00f4le pas le produit fini et ne peut donc pas assumer les dommages ou le rel\u00e2chement dus \u00e0 l&#8217;usure. Nous vous conseillons de n&#8217;utiliser les jouets de dentition faits \u00e0 la main que sous la surveillance d&#8217;un adulte afin d&#8217;\u00e9viter toute situation dangereuse. <\/em><\/p>\n<h3>Avec quoi ces perles se combinent-elles bien ?<\/h3>\n<p>Toutes nos perles se combinent bien entre elles. Nous stockons les m\u00eames couleurs dans le plus grand nombre possible de types de perles.  Ce n&#8217;est pas toujours possible. En outre, il est amusant de combiner les couleurs et les formes. Cela a un effet stimulant sur le d\u00e9veloppement de l&#8217;enfant. Plus c&#8217;est color\u00e9, mieux c&#8217;est. Comme nous l&#8217;avons d\u00e9j\u00e0 mentionn\u00e9, ces perles se pr\u00eatent bien \u00e0 une utilisation avec les perles de lettres, tant dans les anneaux de dentition que dans les cordons de t\u00e9tine.    <\/p>\n<h4>R\u00e9agir \u00e0 l&#8217;\u00e9volution de la vue d&#8217;un b\u00e9b\u00e9 ?<\/h4>\n<h4>C&#8217;est ainsi que se d\u00e9veloppe la vision d&#8217;un enfant :<\/h4>\n<p>Vers l&#8217;\u00e2ge d&#8217;un mois, un b\u00e9b\u00e9 voit principalement des contrastes marqu\u00e9s entre l&#8217;obscurit\u00e9 et la lumi\u00e8re. Les contours se dessinent alors tr\u00e8s lentement et les principes de la couleur deviennent visibles. Cela commence par les couleurs rouge et verte et seulement plus tard les couleurs bleue et jaune.   Le bleu reste longtemps une nuance de gris\/noir. La v\u00e9ritable vision &#8220;bleue&#8221; ne se d\u00e9veloppe pas avant l&#8217;\u00e2ge de six mois. Bien s\u00fbr, cela ne veut pas dire qu&#8217;il ne faut pas changer de couleur avec une perle de couleur diff\u00e9rente.   Outre les couleurs, un b\u00e9b\u00e9 commence \u00e0 rechercher des d\u00e9tails \u00e0 partir de deux mois environ.<\/p>\n<p>&nbsp;<\/p>\n<p>&nbsp;<\/p>\n<p>&nbsp;<\/p>\n","protected":false},"excerpt":{"rendered":"<p>Code couleur Old Lace<\/p>\n<p>&#8211; Type : Entretoise \u00e0 pois en perles de silicone<br \/>\n&#8211; Vendu \u00e0 l&#8217;unit\u00e9, nulle part moins cher<br \/>\n&#8211; Sans BPA, phtalates, plomb, PVC et toxines<br \/>\n&#8211; Certifi\u00e9 CE<br \/>\n&#8211; Perles en silicone de qualit\u00e9 m\u00e9dicale<br \/>\n&#8211; Refroidissable au r\u00e9frig\u00e9rateur<br \/>\n&#8211; R\u00e9sistant au lave-vaisselle<\/p>\n","protected":false},"featured_media":226432,"template":"","meta":[],"product_brand":[],"product_cat":[7378,17768,6992],"product_tag":[7384,7424,7455,7428,7489,17212,7418,7440,7475,17211,7392,7395,7200,7482,7415,7498,7468,7212,12578],"class_list":{"0":"post-222409","1":"product","2":"type-product","3":"status-publish","4":"has-post-thumbnail","6":"product_cat-fabrication-de-jouets-de-dentition-pour-bebe-cordon-de-sucette-et-anneaux-de-dentition","7":"product_cat-perles-en-silicone-mini-dots-12-mm","8":"product_cat-perles-en-silicone-sans-bpa-grossiste","9":"product_tag-anneau-de-dentition","10":"product_tag-bpa-fr","11":"product_tag-chaine-de-landau","12":"product_tag-collier-dallaitement","13":"product_tag-crochet-pour-sac","14":"product_tag-dots-fr","15":"product_tag-faux-cordon","16":"product_tag-gratuit","17":"product_tag-mini-fr","18":"product_tag-mini-dots-fr","19":"product_tag-mm-fr","20":"product_tag-perle","21":"product_tag-perles","22":"product_tag-phtalates","23":"product_tag-sans-bpa","24":"product_tag-septum","25":"product_tag-silicone-fr-2","26":"product_tag-silicone-fr","27":"product_tag-vieilles-dentelles","29":"first","30":"instock","31":"taxable","32":"shipping-taxable","33":"purchasable","34":"product-type-simple"},"bundled_by":[],"bundle_stock_status":"instock","bundle_stock_quantity":515,"bundle_virtual":false,"bundle_layout":"","bundle_add_to_cart_form_location":"","bundle_editable_in_cart":false,"bundle_sold_individually_context":"","bundle_item_grouping":"","bundle_min_size":"","bundle_max_size":"","bundle_price":[],"bundled_items":[],"bundle_sell_ids":[],"yoast_head":"<!-- This site is optimized with the Yoast SEO Premium plugin v27.6 (Yoast SEO v27.6) - https:\/\/yoast.com\/product\/yoast-seo-premium-wordpress\/ -->\n<title>Perles en silicone - Mini Dots - Entretoise - Old Lace - JH | Sans BPA<\/title>\n<meta name=\"description\" content=\"Perle de silicone ovale Speckle old lace 12 mm de diam\u00e8tre Sans BPA, sans plomb, sans toxines, sans phtalates et sans PVC, marqu\u00e9 CE.\" \/>\n<meta name=\"robots\" content=\"index, follow, max-snippet:-1, max-image-preview:large, max-video-preview:-1\" \/>\n<link rel=\"canonical\" href=\"https:\/\/www.jootjeshaakcadeautjes.nl\/fr\/produit\/siliconen-kralen-mini-dots-tussenschijfje-old-lace\/\" \/>\n<meta property=\"og:locale\" content=\"fr_FR\" \/>\n<meta property=\"og:type\" content=\"article\" \/>\n<meta property=\"og:title\" content=\"Perles en silicone - Mini Dots - Entretoise - Old Lace\" \/>\n<meta property=\"og:description\" content=\"Perle de silicone ovale Speckle old lace 12 mm de diam\u00e8tre Sans BPA, sans plomb, sans toxines, sans phtalates et sans PVC, marqu\u00e9 CE.\" \/>\n<meta property=\"og:url\" content=\"https:\/\/www.jootjeshaakcadeautjes.nl\/fr\/produit\/siliconen-kralen-mini-dots-tussenschijfje-old-lace\/\" \/>\n<meta property=\"og:site_name\" content=\"Jootjes Haakcadeautjes\" \/>\n<meta property=\"article:modified_time\" content=\"2026-05-10T17:06:33+00:00\" \/>\n<meta property=\"og:image\" content=\"https:\/\/www.jootjeshaakcadeautjes.nl\/wp-content\/uploads\/2025\/05\/Naamloos-1184.webp\" \/>\n\t<meta property=\"og:image:width\" content=\"2048\" \/>\n\t<meta property=\"og:image:height\" content=\"2048\" \/>\n\t<meta property=\"og:image:type\" content=\"image\/webp\" \/>\n<meta name=\"twitter:card\" content=\"summary_large_image\" \/>\n<meta name=\"twitter:label1\" content=\"Prix\" \/>\n\t<meta name=\"twitter:data1\" content=\"&euro;0.22 TTC\" \/>\n\t<meta name=\"twitter:label2\" content=\"Disponibilit\u00e9\" \/>\n\t<meta name=\"twitter:data2\" content=\"En stock\" \/>\n<script type=\"application\/ld+json\" class=\"yoast-schema-graph\">{\"@context\":\"https:\\\/\\\/schema.org\",\"@graph\":[{\"@type\":\"WebPage\",\"@id\":\"https:\\\/\\\/www.jootjeshaakcadeautjes.nl\\\/fr\\\/produit\\\/siliconen-kralen-mini-dots-tussenschijfje-old-lace\\\/\",\"url\":\"https:\\\/\\\/www.jootjeshaakcadeautjes.nl\\\/fr\\\/produit\\\/siliconen-kralen-mini-dots-tussenschijfje-old-lace\\\/\",\"name\":\"Perles en silicone - Mini Dots - Entretoise - Old Lace - JH | Sans BPA\",\"isPartOf\":{\"@id\":\"https:\\\/\\\/www.jootjeshaakcadeautjes.nl\\\/fr\\\/#website\"},\"primaryImageOfPage\":{\"@id\":\"https:\\\/\\\/www.jootjeshaakcadeautjes.nl\\\/fr\\\/produit\\\/siliconen-kralen-mini-dots-tussenschijfje-old-lace\\\/#primaryimage\"},\"image\":{\"@id\":\"https:\\\/\\\/www.jootjeshaakcadeautjes.nl\\\/fr\\\/produit\\\/siliconen-kralen-mini-dots-tussenschijfje-old-lace\\\/#primaryimage\"},\"thumbnailUrl\":\"https:\\\/\\\/d1dyryakdmle7o.cloudfront.net\\\/wp-content\\\/uploads\\\/2025\\\/05\\\/Naamloos-1184.webp\",\"datePublished\":\"2025-05-13T07:35:42+00:00\",\"dateModified\":\"2026-05-10T17:06:33+00:00\",\"description\":\"Perle de silicone ovale Speckle old lace 12 mm de diam\u00e8tre Sans BPA, sans plomb, sans toxines, sans phtalates et sans PVC, marqu\u00e9 CE.\",\"breadcrumb\":{\"@id\":\"https:\\\/\\\/www.jootjeshaakcadeautjes.nl\\\/fr\\\/produit\\\/siliconen-kralen-mini-dots-tussenschijfje-old-lace\\\/#breadcrumb\"},\"inLanguage\":\"fr-FR\",\"potentialAction\":[{\"@type\":\"ReadAction\",\"target\":[\"https:\\\/\\\/www.jootjeshaakcadeautjes.nl\\\/fr\\\/produit\\\/siliconen-kralen-mini-dots-tussenschijfje-old-lace\\\/\"]}]},{\"@type\":\"ImageObject\",\"inLanguage\":\"fr-FR\",\"@id\":\"https:\\\/\\\/www.jootjeshaakcadeautjes.nl\\\/fr\\\/produit\\\/siliconen-kralen-mini-dots-tussenschijfje-old-lace\\\/#primaryimage\",\"url\":\"https:\\\/\\\/d1dyryakdmle7o.cloudfront.net\\\/wp-content\\\/uploads\\\/2025\\\/05\\\/Naamloos-1184.webp\",\"contentUrl\":\"https:\\\/\\\/d1dyryakdmle7o.cloudfront.net\\\/wp-content\\\/uploads\\\/2025\\\/05\\\/Naamloos-1184.webp\",\"width\":2048,\"height\":2048},{\"@type\":\"BreadcrumbList\",\"@id\":\"https:\\\/\\\/www.jootjeshaakcadeautjes.nl\\\/fr\\\/produit\\\/siliconen-kralen-mini-dots-tussenschijfje-old-lace\\\/#breadcrumb\",\"itemListElement\":[{\"@type\":\"ListItem\",\"position\":1,\"name\":\"Accueil\",\"item\":\"https:\\\/\\\/www.jootjeshaakcadeautjes.nl\\\/fr\\\/\"},{\"@type\":\"ListItem\",\"position\":2,\"name\":\"Commerce de gros de perles en silicone &#8211; Entreprises et consommateurs\",\"item\":\"https:\\\/\\\/www.jootjeshaakcadeautjes.nl\\\/fr\\\/boutique\\\/\"},{\"@type\":\"ListItem\",\"position\":3,\"name\":\"Perles en silicone &#8211; Mini Dots &#8211; Entretoise &#8211; Old Lace\"}]},{\"@type\":\"WebSite\",\"@id\":\"https:\\\/\\\/www.jootjeshaakcadeautjes.nl\\\/fr\\\/#website\",\"url\":\"https:\\\/\\\/www.jootjeshaakcadeautjes.nl\\\/fr\\\/\",\"name\":\"Jootjes Haakcadeautjes\",\"description\":\"Grossiste en perles de silicone\",\"publisher\":{\"@id\":\"https:\\\/\\\/www.jootjeshaakcadeautjes.nl\\\/fr\\\/#organization\"},\"potentialAction\":[{\"@type\":\"SearchAction\",\"target\":{\"@type\":\"EntryPoint\",\"urlTemplate\":\"https:\\\/\\\/www.jootjeshaakcadeautjes.nl\\\/fr\\\/?s={search_term_string}\"},\"query-input\":{\"@type\":\"PropertyValueSpecification\",\"valueRequired\":true,\"valueName\":\"search_term_string\"}}],\"inLanguage\":\"fr-FR\"},{\"@type\":\"Organization\",\"@id\":\"https:\\\/\\\/www.jootjeshaakcadeautjes.nl\\\/fr\\\/#organization\",\"name\":\"Jootjes Haakcadeautjes\",\"url\":\"https:\\\/\\\/www.jootjeshaakcadeautjes.nl\\\/fr\\\/\",\"logo\":{\"@type\":\"ImageObject\",\"inLanguage\":\"fr-FR\",\"@id\":\"https:\\\/\\\/www.jootjeshaakcadeautjes.nl\\\/fr\\\/#\\\/schema\\\/logo\\\/image\\\/\",\"url\":\"https:\\\/\\\/d1dyryakdmle7o.cloudfront.net\\\/wp-content\\\/uploads\\\/2023\\\/05\\\/Logo-rond.png\",\"contentUrl\":\"https:\\\/\\\/d1dyryakdmle7o.cloudfront.net\\\/wp-content\\\/uploads\\\/2023\\\/05\\\/Logo-rond.png\",\"width\":1222,\"height\":1222,\"caption\":\"Jootjes Haakcadeautjes\"},\"image\":{\"@id\":\"https:\\\/\\\/www.jootjeshaakcadeautjes.nl\\\/fr\\\/#\\\/schema\\\/logo\\\/image\\\/\"}}]}<\/script>\n<meta property=\"product:price:amount\" content=\"0.22\" \/>\n<meta property=\"product:price:currency\" content=\"EUR\" \/>\n<meta property=\"og:availability\" content=\"instock\" \/>\n<meta property=\"product:availability\" content=\"instock\" \/>\n<meta property=\"product:retailer_item_id\" content=\"SKR-MDO-OLL\" \/>\n<meta property=\"product:condition\" content=\"new\" \/>\n<!-- \/ Yoast SEO Premium plugin. -->","yoast_head_json":{"title":"Perles en silicone - Mini Dots - Entretoise - Old Lace - JH | Sans BPA","description":"Perle de silicone ovale Speckle old lace 12 mm de diam\u00e8tre Sans BPA, sans plomb, sans toxines, sans phtalates et sans PVC, marqu\u00e9 CE.","robots":{"index":"index","follow":"follow","max-snippet":"max-snippet:-1","max-image-preview":"max-image-preview:large","max-video-preview":"max-video-preview:-1"},"canonical":"https:\/\/www.jootjeshaakcadeautjes.nl\/fr\/produit\/siliconen-kralen-mini-dots-tussenschijfje-old-lace\/","og_locale":"fr_FR","og_type":"article","og_title":"Perles en silicone - Mini Dots - Entretoise - Old Lace","og_description":"Perle de silicone ovale Speckle old lace 12 mm de diam\u00e8tre Sans BPA, sans plomb, sans toxines, sans phtalates et sans PVC, marqu\u00e9 CE.","og_url":"https:\/\/www.jootjeshaakcadeautjes.nl\/fr\/produit\/siliconen-kralen-mini-dots-tussenschijfje-old-lace\/","og_site_name":"Jootjes Haakcadeautjes","article_modified_time":"2026-05-10T17:06:33+00:00","og_image":[{"width":2048,"height":2048,"url":"https:\/\/www.jootjeshaakcadeautjes.nl\/wp-content\/uploads\/2025\/05\/Naamloos-1184.webp","type":"image\/webp"}],"twitter_card":"summary_large_image","twitter_misc":{"Prix":"&euro;0.22 TTC","Disponibilit\u00e9":"En stock"},"schema":{"@context":"https:\/\/schema.org","@graph":[{"@type":"WebPage","@id":"https:\/\/www.jootjeshaakcadeautjes.nl\/fr\/produit\/siliconen-kralen-mini-dots-tussenschijfje-old-lace\/","url":"https:\/\/www.jootjeshaakcadeautjes.nl\/fr\/produit\/siliconen-kralen-mini-dots-tussenschijfje-old-lace\/","name":"Perles en silicone - Mini Dots - Entretoise - Old Lace - JH | Sans BPA","isPartOf":{"@id":"https:\/\/www.jootjeshaakcadeautjes.nl\/fr\/#website"},"primaryImageOfPage":{"@id":"https:\/\/www.jootjeshaakcadeautjes.nl\/fr\/produit\/siliconen-kralen-mini-dots-tussenschijfje-old-lace\/#primaryimage"},"image":{"@id":"https:\/\/www.jootjeshaakcadeautjes.nl\/fr\/produit\/siliconen-kralen-mini-dots-tussenschijfje-old-lace\/#primaryimage"},"thumbnailUrl":"https:\/\/d1dyryakdmle7o.cloudfront.net\/wp-content\/uploads\/2025\/05\/Naamloos-1184.webp","datePublished":"2025-05-13T07:35:42+00:00","dateModified":"2026-05-10T17:06:33+00:00","description":"Perle de silicone ovale Speckle old lace 12 mm de diam\u00e8tre Sans BPA, sans plomb, sans toxines, sans phtalates et sans PVC, marqu\u00e9 CE.","breadcrumb":{"@id":"https:\/\/www.jootjeshaakcadeautjes.nl\/fr\/produit\/siliconen-kralen-mini-dots-tussenschijfje-old-lace\/#breadcrumb"},"inLanguage":"fr-FR","potentialAction":[{"@type":"ReadAction","target":["https:\/\/www.jootjeshaakcadeautjes.nl\/fr\/produit\/siliconen-kralen-mini-dots-tussenschijfje-old-lace\/"]}]},{"@type":"ImageObject","inLanguage":"fr-FR","@id":"https:\/\/www.jootjeshaakcadeautjes.nl\/fr\/produit\/siliconen-kralen-mini-dots-tussenschijfje-old-lace\/#primaryimage","url":"https:\/\/d1dyryakdmle7o.cloudfront.net\/wp-content\/uploads\/2025\/05\/Naamloos-1184.webp","contentUrl":"https:\/\/d1dyryakdmle7o.cloudfront.net\/wp-content\/uploads\/2025\/05\/Naamloos-1184.webp","width":2048,"height":2048},{"@type":"BreadcrumbList","@id":"https:\/\/www.jootjeshaakcadeautjes.nl\/fr\/produit\/siliconen-kralen-mini-dots-tussenschijfje-old-lace\/#breadcrumb","itemListElement":[{"@type":"ListItem","position":1,"name":"Accueil","item":"https:\/\/www.jootjeshaakcadeautjes.nl\/fr\/"},{"@type":"ListItem","position":2,"name":"Commerce de gros de perles en silicone &#8211; Entreprises et consommateurs","item":"https:\/\/www.jootjeshaakcadeautjes.nl\/fr\/boutique\/"},{"@type":"ListItem","position":3,"name":"Perles en silicone &#8211; Mini Dots &#8211; Entretoise &#8211; Old Lace"}]},{"@type":"WebSite","@id":"https:\/\/www.jootjeshaakcadeautjes.nl\/fr\/#website","url":"https:\/\/www.jootjeshaakcadeautjes.nl\/fr\/","name":"Jootjes Haakcadeautjes","description":"Grossiste en perles de silicone","publisher":{"@id":"https:\/\/www.jootjeshaakcadeautjes.nl\/fr\/#organization"},"potentialAction":[{"@type":"SearchAction","target":{"@type":"EntryPoint","urlTemplate":"https:\/\/www.jootjeshaakcadeautjes.nl\/fr\/?s={search_term_string}"},"query-input":{"@type":"PropertyValueSpecification","valueRequired":true,"valueName":"search_term_string"}}],"inLanguage":"fr-FR"},{"@type":"Organization","@id":"https:\/\/www.jootjeshaakcadeautjes.nl\/fr\/#organization","name":"Jootjes Haakcadeautjes","url":"https:\/\/www.jootjeshaakcadeautjes.nl\/fr\/","logo":{"@type":"ImageObject","inLanguage":"fr-FR","@id":"https:\/\/www.jootjeshaakcadeautjes.nl\/fr\/#\/schema\/logo\/image\/","url":"https:\/\/d1dyryakdmle7o.cloudfront.net\/wp-content\/uploads\/2023\/05\/Logo-rond.png","contentUrl":"https:\/\/d1dyryakdmle7o.cloudfront.net\/wp-content\/uploads\/2023\/05\/Logo-rond.png","width":1222,"height":1222,"caption":"Jootjes Haakcadeautjes"},"image":{"@id":"https:\/\/www.jootjeshaakcadeautjes.nl\/fr\/#\/schema\/logo\/image\/"}}]},"product_price_amount":"0.22","product_price_currency":"EUR","og_availability":"instock","product_availability":"instock","product_retailer_item_id":"SKR-MDO-OLL","product_condition":"new"},"_links":{"self":[{"href":"https:\/\/www.jootjeshaakcadeautjes.nl\/fr\/wp-json\/wp\/v2\/product\/222409","targetHints":{"allow":["GET"]}}],"collection":[{"href":"https:\/\/www.jootjeshaakcadeautjes.nl\/fr\/wp-json\/wp\/v2\/product"}],"about":[{"href":"https:\/\/www.jootjeshaakcadeautjes.nl\/fr\/wp-json\/wp\/v2\/types\/product"}],"version-history":[{"count":0,"href":"https:\/\/www.jootjeshaakcadeautjes.nl\/fr\/wp-json\/wp\/v2\/product\/222409\/revisions"}],"wp:featuredmedia":[{"embeddable":true,"href":"https:\/\/www.jootjeshaakcadeautjes.nl\/fr\/wp-json\/wp\/v2\/media\/226432"}],"wp:attachment":[{"href":"https:\/\/www.jootjeshaakcadeautjes.nl\/fr\/wp-json\/wp\/v2\/media?parent=222409"}],"wp:term":[{"taxonomy":"product_brand","embeddable":true,"href":"https:\/\/www.jootjeshaakcadeautjes.nl\/fr\/wp-json\/wp\/v2\/product_brand?post=222409"},{"taxonomy":"product_cat","embeddable":true,"href":"https:\/\/www.jootjeshaakcadeautjes.nl\/fr\/wp-json\/wp\/v2\/product_cat?post=222409"},{"taxonomy":"product_tag","embeddable":true,"href":"https:\/\/www.jootjeshaakcadeautjes.nl\/fr\/wp-json\/wp\/v2\/product_tag?post=222409"}],"curies":[{"name":"wp","href":"https:\/\/api.w.org\/{rel}","templated":true}]}}