{"id":227071,"date":"2025-05-13T10:13:32","date_gmt":"2025-05-13T08:13:32","guid":{"rendered":"https:\/\/www.jootjeshaakcadeautjes.nl\/?post_type=product&#038;p=227071"},"modified":"2026-05-08T15:15:06","modified_gmt":"2026-05-08T13:15:06","slug":"perles-en-silicone-abc-pomme-3d-rouge-corail-kopie-kopie","status":"publish","type":"product","link":"https:\/\/www.jootjeshaakcadeautjes.nl\/fr\/produit\/perles-en-silicone-abc-pomme-3d-rouge-corail-kopie-kopie\/","title":{"rendered":"Perles en silicone &#8211; pile de livres avec Apple"},"content":{"rendered":"<h1>Perles en silicone &#8211; pile de livres avec Apple<\/h1>\n<h3>Sp\u00e9cifications :<\/h3>\n<ul>\n<li>Sac pour les enfants qui apprennent.<\/li>\n<li>Egalement id\u00e9al pour un porte-cl\u00e9s !<\/li>\n<\/ul>\n<p>Toutes nos billes de silicone sont 100 % exemptes de BPA, de plomb, de toxines, de phtalates et de PVC. Nos billes de silicone sont donc de qualit\u00e9 m\u00e9dicale et conviennent aux jouets de dentition pour enfants. <\/p>\n<p>Le reste de notre gamme de perles en silicone se trouve ici : <a href=\"https:\/\/www.jootjeshaakcadeautjes.nl\/fr\/product-categorie\/perles-en-silicone-sans-bpa-grossiste\/\">perles en silicone<\/a>.<br \/>\nLes perles en bois se trouvent ici : <a href=\"\/?product_cat=houten-kralen-kralen\">perles en bois.<\/a><\/p>\n<h3>Qualit\u00e9 et s\u00e9curit\u00e9 de nos perles de silicone<\/h3>\n<p>Toutes nos perles en silicone sont :<\/p>\n<ul>\n<li>Sans BPA<\/li>\n<li>Sans phtalates ni toxines<\/li>\n<li>Sans PVC<\/li>\n<li>Sans plomb<\/li>\n<li>Convient aux produits finis certifi\u00e9s CE<\/li>\n<li>Perles de silicone de qualit\u00e9 m\u00e9dicale<\/li>\n<\/ul>\n<h4>Fixation :<\/h4>\n<p>Les perles de silicone sont faciles \u00e0 enfiler sur un cordon de cire ou de satin. Nouer l&#8217;anneau de dentition en perles de silicone \u00e9norm\u00e9ment et plusieurs fois. <\/p>\n<h4>Nettoyer les perles de silicone en forme de livre empiler avec Apple :<\/h4>\n<p>Ces perles en silicone conviennent donc aussi bien aux b\u00e9b\u00e9s qu&#8217;aux enfants plus \u00e2g\u00e9s qui aiment mordre dans quelque chose. Les perles sont robustes et conformes \u00e0 la norme EN-71. Elles ne s&#8217;usent donc pratiquement pas. Elles sont \u00e9galement faciles \u00e0 nettoyer. Elles peuvent \u00eatre mises au lave-vaisselle ou dans de l&#8217;eau savonneuse.     Laissez-les ensuite bien s\u00e9cher avant de les donner \u00e0 nouveau \u00e0 un enfant. Les perles de silicone peuvent \u00e9galement \u00eatre conserv\u00e9es au r\u00e9frig\u00e9rateur.  Ils sont donc tr\u00e8s utiles pour soulager la douleur lors des pouss\u00e9es dentaires.<\/p>\n<p><em>Fixez toujours correctement les perles de silicone et contr\u00f4lez r\u00e9guli\u00e8rement vos cr\u00e9ations, par exemple pour v\u00e9rifier qu&#8217;elles ne s&#8217;usent pas. Vous en \u00eates vous-m\u00eame responsable.  Jootjes Haakcadeautjes ne contr\u00f4le pas le produit fini et ne peut donc pas assumer les dommages ou le rel\u00e2chement dus \u00e0 l&#8217;usure. Nous vous conseillons de n&#8217;utiliser les jouets de dentition faits \u00e0 la main que sous la surveillance d&#8217;un adulte afin d&#8217;\u00e9viter toute situation dangereuse. <\/em><\/p>\n<h3>Avec quoi ces perles se combinent-elles bien ?<\/h3>\n<h4>R\u00e9agir \u00e0 l&#8217;\u00e9volution de la vue d&#8217;un b\u00e9b\u00e9 ?<\/h4>\n<h4>D&#8217;une mani\u00e8re g\u00e9n\u00e9rale, c&#8217;est ainsi que se d\u00e9veloppe la vue d&#8217;un enfant :<\/h4>\n<p>Vers l&#8217;\u00e2ge d&#8217;un mois, un b\u00e9b\u00e9 per\u00e7oit principalement des contrastes nets entre l&#8217;obscurit\u00e9 et la lumi\u00e8re. Les contours se d\u00e9limitent ensuite tr\u00e8s lentement et les principes de la couleur deviennent visibles.  Cela commence par les couleurs rouge et verte et seulement plus tard les couleurs bleue et jaune. Le bleu reste longtemps une nuance de gris\/noir. La v\u00e9ritable vision &#8220;bleue&#8221; ne se d\u00e9veloppe qu&#8217;\u00e0 partir de six mois environ. Bien s\u00fbr, cela ne veut pas dire qu&#8217;il n&#8217;y a pas de changement agr\u00e9able avec une perle d&#8217;une autre couleur.    Outre les couleurs, un b\u00e9b\u00e9 commence \u00e0 rechercher des d\u00e9tails \u00e0 partir de deux mois environ.<\/p>\n<p>&nbsp;<\/p>\n","protected":false},"excerpt":{"rendered":"<p>Code couleur : rouge feu<\/p>\n<p>&#8211; Type : pile de livres avec pomme<\/p>\n<p>&#8211; Vendu \u00e0 la pi\u00e8ce<br \/>\n&#8211; Sans BPA, Phtalates, Plomb, PVC et Toxines<br \/>\n&#8211; Convient aux produits finis certifi\u00e9s CE<br \/>\n&#8211; Billes de silicone de qualit\u00e9 m\u00e9dicale<br \/>\n&#8211; Refroidissable au r\u00e9frig\u00e9rateur<br \/>\n&#8211; Lavable au lave-vaisselle<\/p>\n","protected":false},"featured_media":226548,"template":"","meta":[],"product_brand":[],"product_cat":[7378,12338,6992,7398],"product_tag":[7384,7424,7455,7421,7428,7489,7418,7440,7392,7395,7200,7482,18222,7619,10367,12553,18221,7415,7468,7212,12351],"class_list":{"0":"post-227071","1":"product","2":"type-product","3":"status-publish","4":"has-post-thumbnail","6":"product_cat-fabrication-de-jouets-de-dentition-pour-bebe-cordon-de-sucette-et-anneaux-de-dentition","7":"product_cat-perles-de-silicone-soins-infirmiere","8":"product_cat-perles-en-silicone-sans-bpa-grossiste","9":"product_cat-perles-en-silicone-toutes-les-perles-de-luxe-multicolores","10":"product_tag-anneau-de-dentition","11":"product_tag-bpa-fr","12":"product_tag-chaine-de-landau","13":"product_tag-cm-fr","14":"product_tag-collier-dallaitement","15":"product_tag-crochet-pour-sac","16":"product_tag-faux-cordon","17":"product_tag-gratuit","18":"product_tag-mm-fr","19":"product_tag-perle","20":"product_tag-perles","21":"product_tag-phtalates","22":"product_tag-pile-de-livres-avec-apple","23":"product_tag-porte-cles","24":"product_tag-porte-cles-fr","25":"product_tag-rouge-feu","26":"product_tag-sac-decole","27":"product_tag-sans-bpa","28":"product_tag-silicone-fr-2","29":"product_tag-silicone-fr","30":"product_tag-soins","32":"first","33":"instock","34":"taxable","35":"shipping-taxable","36":"purchasable","37":"product-type-simple"},"bundled_by":[],"bundle_stock_status":"instock","bundle_stock_quantity":22,"bundle_virtual":false,"bundle_layout":"","bundle_add_to_cart_form_location":"","bundle_editable_in_cart":false,"bundle_sold_individually_context":"","bundle_item_grouping":"","bundle_min_size":"","bundle_max_size":"","bundle_price":[],"bundled_items":[],"bundle_sell_ids":[],"yoast_head":"<!-- This site is optimized with the Yoast SEO Premium plugin v27.4 (Yoast SEO v27.5) - https:\/\/yoast.com\/product\/yoast-seo-premium-wordpress\/ -->\n<title>Perles en silicone - pile de livres avec Apple - Dents\/Cordon de dents- Jootjes Cadeaux au crochet<\/title>\n<meta name=\"description\" content=\"Les perles de silicone en forme de lapin, disponibles en plusieurs couleurs, sont exemptes de BPA, de plomb, de poison, de phtalate et de PVC, et portent le label CE. 100% sans danger pour les enfants, au meilleur prix !\" \/>\n<meta name=\"robots\" content=\"index, follow, max-snippet:-1, max-image-preview:large, max-video-preview:-1\" \/>\n<link rel=\"canonical\" href=\"https:\/\/www.jootjeshaakcadeautjes.nl\/fr\/produit\/perles-en-silicone-abc-pomme-3d-rouge-corail-kopie-kopie\/\" \/>\n<meta property=\"og:locale\" content=\"fr_FR\" \/>\n<meta property=\"og:type\" content=\"article\" \/>\n<meta property=\"og:title\" content=\"Perles en silicone - pile de livres avec Apple\" \/>\n<meta property=\"og:description\" content=\"Les perles de silicone en forme de lapin, disponibles en plusieurs couleurs, sont exemptes de BPA, de plomb, de poison, de phtalate et de PVC, et portent le label CE. 100% sans danger pour les enfants, au meilleur prix !\" \/>\n<meta property=\"og:url\" content=\"https:\/\/www.jootjeshaakcadeautjes.nl\/fr\/produit\/perles-en-silicone-abc-pomme-3d-rouge-corail-kopie-kopie\/\" \/>\n<meta property=\"og:site_name\" content=\"Jootjes Haakcadeautjes\" \/>\n<meta property=\"article:modified_time\" content=\"2026-05-08T13:15:06+00:00\" \/>\n<meta property=\"og:image\" content=\"https:\/\/d1dyryakdmle7o.cloudfront.net\/wp-content\/uploads\/2025\/05\/Naamloos-1213.webp\" \/>\n\t<meta property=\"og:image:width\" content=\"2048\" \/>\n\t<meta property=\"og:image:height\" content=\"2048\" \/>\n\t<meta property=\"og:image:type\" content=\"image\/webp\" \/>\n<meta name=\"twitter:card\" content=\"summary_large_image\" \/>\n<meta name=\"twitter:label1\" content=\"Prix\" \/>\n\t<meta name=\"twitter:data1\" content=\"&euro;0.85 TTC\" \/>\n\t<meta name=\"twitter:label2\" content=\"Disponibilit\u00e9\" \/>\n\t<meta name=\"twitter:data2\" content=\"En stock\" \/>\n<script type=\"application\/ld+json\" class=\"yoast-schema-graph\">{\"@context\":\"https:\\\/\\\/schema.org\",\"@graph\":[{\"@type\":\"WebPage\",\"@id\":\"https:\\\/\\\/www.jootjeshaakcadeautjes.nl\\\/fr\\\/produit\\\/perles-en-silicone-abc-pomme-3d-rouge-corail-kopie-kopie\\\/\",\"url\":\"https:\\\/\\\/www.jootjeshaakcadeautjes.nl\\\/fr\\\/produit\\\/perles-en-silicone-abc-pomme-3d-rouge-corail-kopie-kopie\\\/\",\"name\":\"Perles en silicone - pile de livres avec Apple - Dents\\\/Cordon de dents- Jootjes Cadeaux au crochet\",\"isPartOf\":{\"@id\":\"https:\\\/\\\/www.jootjeshaakcadeautjes.nl\\\/fr\\\/#website\"},\"primaryImageOfPage\":{\"@id\":\"https:\\\/\\\/www.jootjeshaakcadeautjes.nl\\\/fr\\\/produit\\\/perles-en-silicone-abc-pomme-3d-rouge-corail-kopie-kopie\\\/#primaryimage\"},\"image\":{\"@id\":\"https:\\\/\\\/www.jootjeshaakcadeautjes.nl\\\/fr\\\/produit\\\/perles-en-silicone-abc-pomme-3d-rouge-corail-kopie-kopie\\\/#primaryimage\"},\"thumbnailUrl\":\"https:\\\/\\\/d1dyryakdmle7o.cloudfront.net\\\/wp-content\\\/uploads\\\/2025\\\/05\\\/Naamloos-1213.webp\",\"datePublished\":\"2025-05-13T08:13:32+00:00\",\"dateModified\":\"2026-05-08T13:15:06+00:00\",\"description\":\"Les perles de silicone en forme de lapin, disponibles en plusieurs couleurs, sont exemptes de BPA, de plomb, de poison, de phtalate et de PVC, et portent le label CE. 100% sans danger pour les enfants, au meilleur prix !\",\"breadcrumb\":{\"@id\":\"https:\\\/\\\/www.jootjeshaakcadeautjes.nl\\\/fr\\\/produit\\\/perles-en-silicone-abc-pomme-3d-rouge-corail-kopie-kopie\\\/#breadcrumb\"},\"inLanguage\":\"fr-FR\",\"potentialAction\":[{\"@type\":\"ReadAction\",\"target\":[\"https:\\\/\\\/www.jootjeshaakcadeautjes.nl\\\/fr\\\/produit\\\/perles-en-silicone-abc-pomme-3d-rouge-corail-kopie-kopie\\\/\"]}]},{\"@type\":\"ImageObject\",\"inLanguage\":\"fr-FR\",\"@id\":\"https:\\\/\\\/www.jootjeshaakcadeautjes.nl\\\/fr\\\/produit\\\/perles-en-silicone-abc-pomme-3d-rouge-corail-kopie-kopie\\\/#primaryimage\",\"url\":\"https:\\\/\\\/d1dyryakdmle7o.cloudfront.net\\\/wp-content\\\/uploads\\\/2025\\\/05\\\/Naamloos-1213.webp\",\"contentUrl\":\"https:\\\/\\\/d1dyryakdmle7o.cloudfront.net\\\/wp-content\\\/uploads\\\/2025\\\/05\\\/Naamloos-1213.webp\",\"width\":2048,\"height\":2048},{\"@type\":\"BreadcrumbList\",\"@id\":\"https:\\\/\\\/www.jootjeshaakcadeautjes.nl\\\/fr\\\/produit\\\/perles-en-silicone-abc-pomme-3d-rouge-corail-kopie-kopie\\\/#breadcrumb\",\"itemListElement\":[{\"@type\":\"ListItem\",\"position\":1,\"name\":\"Accueil\",\"item\":\"https:\\\/\\\/www.jootjeshaakcadeautjes.nl\\\/fr\\\/\"},{\"@type\":\"ListItem\",\"position\":2,\"name\":\"Commerce de gros de perles en silicone &#8211; Entreprises et consommateurs\",\"item\":\"https:\\\/\\\/www.jootjeshaakcadeautjes.nl\\\/fr\\\/boutique\\\/\"},{\"@type\":\"ListItem\",\"position\":3,\"name\":\"Perles en silicone &#8211; pile de livres avec Apple\"}]},{\"@type\":\"WebSite\",\"@id\":\"https:\\\/\\\/www.jootjeshaakcadeautjes.nl\\\/fr\\\/#website\",\"url\":\"https:\\\/\\\/www.jootjeshaakcadeautjes.nl\\\/fr\\\/\",\"name\":\"Jootjes Haakcadeautjes\",\"description\":\"Grossiste en perles de silicone\",\"publisher\":{\"@id\":\"https:\\\/\\\/www.jootjeshaakcadeautjes.nl\\\/fr\\\/#organization\"},\"potentialAction\":[{\"@type\":\"SearchAction\",\"target\":{\"@type\":\"EntryPoint\",\"urlTemplate\":\"https:\\\/\\\/www.jootjeshaakcadeautjes.nl\\\/fr\\\/?s={search_term_string}\"},\"query-input\":{\"@type\":\"PropertyValueSpecification\",\"valueRequired\":true,\"valueName\":\"search_term_string\"}}],\"inLanguage\":\"fr-FR\"},{\"@type\":\"Organization\",\"@id\":\"https:\\\/\\\/www.jootjeshaakcadeautjes.nl\\\/fr\\\/#organization\",\"name\":\"Jootjes Haakcadeautjes\",\"url\":\"https:\\\/\\\/www.jootjeshaakcadeautjes.nl\\\/fr\\\/\",\"logo\":{\"@type\":\"ImageObject\",\"inLanguage\":\"fr-FR\",\"@id\":\"https:\\\/\\\/www.jootjeshaakcadeautjes.nl\\\/fr\\\/#\\\/schema\\\/logo\\\/image\\\/\",\"url\":\"https:\\\/\\\/jootjes-haakcadeautjes-media.s3.amazonaws.com\\\/wp-content\\\/uploads\\\/2023\\\/05\\\/Logo-rond.png\",\"contentUrl\":\"https:\\\/\\\/jootjes-haakcadeautjes-media.s3.amazonaws.com\\\/wp-content\\\/uploads\\\/2023\\\/05\\\/Logo-rond.png\",\"width\":1222,\"height\":1222,\"caption\":\"Jootjes Haakcadeautjes\"},\"image\":{\"@id\":\"https:\\\/\\\/www.jootjeshaakcadeautjes.nl\\\/fr\\\/#\\\/schema\\\/logo\\\/image\\\/\"}}]}<\/script>\n<meta property=\"product:price:amount\" content=\"0.85\" \/>\n<meta property=\"product:price:currency\" content=\"EUR\" \/>\n<meta property=\"og:availability\" content=\"instock\" \/>\n<meta property=\"product:availability\" content=\"instock\" \/>\n<meta property=\"product:retailer_item_id\" content=\"SKR-BOS-MAP\" \/>\n<meta property=\"product:condition\" content=\"new\" \/>\n<!-- \/ Yoast SEO Premium plugin. -->","yoast_head_json":{"title":"Perles en silicone - pile de livres avec Apple - Dents\/Cordon de dents- Jootjes Cadeaux au crochet","description":"Les perles de silicone en forme de lapin, disponibles en plusieurs couleurs, sont exemptes de BPA, de plomb, de poison, de phtalate et de PVC, et portent le label CE. 100% sans danger pour les enfants, au meilleur prix !","robots":{"index":"index","follow":"follow","max-snippet":"max-snippet:-1","max-image-preview":"max-image-preview:large","max-video-preview":"max-video-preview:-1"},"canonical":"https:\/\/www.jootjeshaakcadeautjes.nl\/fr\/produit\/perles-en-silicone-abc-pomme-3d-rouge-corail-kopie-kopie\/","og_locale":"fr_FR","og_type":"article","og_title":"Perles en silicone - pile de livres avec Apple","og_description":"Les perles de silicone en forme de lapin, disponibles en plusieurs couleurs, sont exemptes de BPA, de plomb, de poison, de phtalate et de PVC, et portent le label CE. 100% sans danger pour les enfants, au meilleur prix !","og_url":"https:\/\/www.jootjeshaakcadeautjes.nl\/fr\/produit\/perles-en-silicone-abc-pomme-3d-rouge-corail-kopie-kopie\/","og_site_name":"Jootjes Haakcadeautjes","article_modified_time":"2026-05-08T13:15:06+00:00","og_image":[{"width":2048,"height":2048,"url":"https:\/\/d1dyryakdmle7o.cloudfront.net\/wp-content\/uploads\/2025\/05\/Naamloos-1213.webp","type":"image\/webp"}],"twitter_card":"summary_large_image","twitter_misc":{"Prix":"&euro;0.85 TTC","Disponibilit\u00e9":"En stock"},"schema":{"@context":"https:\/\/schema.org","@graph":[{"@type":"WebPage","@id":"https:\/\/www.jootjeshaakcadeautjes.nl\/fr\/produit\/perles-en-silicone-abc-pomme-3d-rouge-corail-kopie-kopie\/","url":"https:\/\/www.jootjeshaakcadeautjes.nl\/fr\/produit\/perles-en-silicone-abc-pomme-3d-rouge-corail-kopie-kopie\/","name":"Perles en silicone - pile de livres avec Apple - Dents\/Cordon de dents- Jootjes Cadeaux au crochet","isPartOf":{"@id":"https:\/\/www.jootjeshaakcadeautjes.nl\/fr\/#website"},"primaryImageOfPage":{"@id":"https:\/\/www.jootjeshaakcadeautjes.nl\/fr\/produit\/perles-en-silicone-abc-pomme-3d-rouge-corail-kopie-kopie\/#primaryimage"},"image":{"@id":"https:\/\/www.jootjeshaakcadeautjes.nl\/fr\/produit\/perles-en-silicone-abc-pomme-3d-rouge-corail-kopie-kopie\/#primaryimage"},"thumbnailUrl":"https:\/\/d1dyryakdmle7o.cloudfront.net\/wp-content\/uploads\/2025\/05\/Naamloos-1213.webp","datePublished":"2025-05-13T08:13:32+00:00","dateModified":"2026-05-08T13:15:06+00:00","description":"Les perles de silicone en forme de lapin, disponibles en plusieurs couleurs, sont exemptes de BPA, de plomb, de poison, de phtalate et de PVC, et portent le label CE. 100% sans danger pour les enfants, au meilleur prix !","breadcrumb":{"@id":"https:\/\/www.jootjeshaakcadeautjes.nl\/fr\/produit\/perles-en-silicone-abc-pomme-3d-rouge-corail-kopie-kopie\/#breadcrumb"},"inLanguage":"fr-FR","potentialAction":[{"@type":"ReadAction","target":["https:\/\/www.jootjeshaakcadeautjes.nl\/fr\/produit\/perles-en-silicone-abc-pomme-3d-rouge-corail-kopie-kopie\/"]}]},{"@type":"ImageObject","inLanguage":"fr-FR","@id":"https:\/\/www.jootjeshaakcadeautjes.nl\/fr\/produit\/perles-en-silicone-abc-pomme-3d-rouge-corail-kopie-kopie\/#primaryimage","url":"https:\/\/d1dyryakdmle7o.cloudfront.net\/wp-content\/uploads\/2025\/05\/Naamloos-1213.webp","contentUrl":"https:\/\/d1dyryakdmle7o.cloudfront.net\/wp-content\/uploads\/2025\/05\/Naamloos-1213.webp","width":2048,"height":2048},{"@type":"BreadcrumbList","@id":"https:\/\/www.jootjeshaakcadeautjes.nl\/fr\/produit\/perles-en-silicone-abc-pomme-3d-rouge-corail-kopie-kopie\/#breadcrumb","itemListElement":[{"@type":"ListItem","position":1,"name":"Accueil","item":"https:\/\/www.jootjeshaakcadeautjes.nl\/fr\/"},{"@type":"ListItem","position":2,"name":"Commerce de gros de perles en silicone &#8211; Entreprises et consommateurs","item":"https:\/\/www.jootjeshaakcadeautjes.nl\/fr\/boutique\/"},{"@type":"ListItem","position":3,"name":"Perles en silicone &#8211; pile de livres avec Apple"}]},{"@type":"WebSite","@id":"https:\/\/www.jootjeshaakcadeautjes.nl\/fr\/#website","url":"https:\/\/www.jootjeshaakcadeautjes.nl\/fr\/","name":"Jootjes Haakcadeautjes","description":"Grossiste en perles de silicone","publisher":{"@id":"https:\/\/www.jootjeshaakcadeautjes.nl\/fr\/#organization"},"potentialAction":[{"@type":"SearchAction","target":{"@type":"EntryPoint","urlTemplate":"https:\/\/www.jootjeshaakcadeautjes.nl\/fr\/?s={search_term_string}"},"query-input":{"@type":"PropertyValueSpecification","valueRequired":true,"valueName":"search_term_string"}}],"inLanguage":"fr-FR"},{"@type":"Organization","@id":"https:\/\/www.jootjeshaakcadeautjes.nl\/fr\/#organization","name":"Jootjes Haakcadeautjes","url":"https:\/\/www.jootjeshaakcadeautjes.nl\/fr\/","logo":{"@type":"ImageObject","inLanguage":"fr-FR","@id":"https:\/\/www.jootjeshaakcadeautjes.nl\/fr\/#\/schema\/logo\/image\/","url":"https:\/\/jootjes-haakcadeautjes-media.s3.amazonaws.com\/wp-content\/uploads\/2023\/05\/Logo-rond.png","contentUrl":"https:\/\/jootjes-haakcadeautjes-media.s3.amazonaws.com\/wp-content\/uploads\/2023\/05\/Logo-rond.png","width":1222,"height":1222,"caption":"Jootjes Haakcadeautjes"},"image":{"@id":"https:\/\/www.jootjeshaakcadeautjes.nl\/fr\/#\/schema\/logo\/image\/"}}]},"product_price_amount":"0.85","product_price_currency":"EUR","og_availability":"instock","product_availability":"instock","product_retailer_item_id":"SKR-BOS-MAP","product_condition":"new"},"_links":{"self":[{"href":"https:\/\/www.jootjeshaakcadeautjes.nl\/fr\/wp-json\/wp\/v2\/product\/227071","targetHints":{"allow":["GET"]}}],"collection":[{"href":"https:\/\/www.jootjeshaakcadeautjes.nl\/fr\/wp-json\/wp\/v2\/product"}],"about":[{"href":"https:\/\/www.jootjeshaakcadeautjes.nl\/fr\/wp-json\/wp\/v2\/types\/product"}],"version-history":[{"count":1,"href":"https:\/\/www.jootjeshaakcadeautjes.nl\/fr\/wp-json\/wp\/v2\/product\/227071\/revisions"}],"predecessor-version":[{"id":279733,"href":"https:\/\/www.jootjeshaakcadeautjes.nl\/fr\/wp-json\/wp\/v2\/product\/227071\/revisions\/279733"}],"wp:featuredmedia":[{"embeddable":true,"href":"https:\/\/www.jootjeshaakcadeautjes.nl\/fr\/wp-json\/wp\/v2\/media\/226548"}],"wp:attachment":[{"href":"https:\/\/www.jootjeshaakcadeautjes.nl\/fr\/wp-json\/wp\/v2\/media?parent=227071"}],"wp:term":[{"taxonomy":"product_brand","embeddable":true,"href":"https:\/\/www.jootjeshaakcadeautjes.nl\/fr\/wp-json\/wp\/v2\/product_brand?post=227071"},{"taxonomy":"product_cat","embeddable":true,"href":"https:\/\/www.jootjeshaakcadeautjes.nl\/fr\/wp-json\/wp\/v2\/product_cat?post=227071"},{"taxonomy":"product_tag","embeddable":true,"href":"https:\/\/www.jootjeshaakcadeautjes.nl\/fr\/wp-json\/wp\/v2\/product_tag?post=227071"}],"curies":[{"name":"wp","href":"https:\/\/api.w.org\/{rel}","templated":true}]}}