{"id":227170,"date":"2025-06-22T17:30:42","date_gmt":"2025-06-22T15:30:42","guid":{"rendered":"https:\/\/www.jootjeshaakcadeautjes.nl\/?post_type=product&#038;p=227170"},"modified":"2026-03-27T20:21:45","modified_gmt":"2026-03-27T19:21:45","slug":"porte-badge-avec-cordon-rose-poudre-chaud-kopie-kopie","status":"publish","type":"product","link":"https:\/\/www.jootjeshaakcadeautjes.nl\/fr\/produit\/porte-badge-avec-cordon-rose-poudre-chaud-kopie-kopie\/","title":{"rendered":"Porte-badge avec cordon de serrage &#8211; Horloge infirmi\u00e8re Enfilable &#8211; Blanc"},"content":{"rendered":"<h2>Porte-badge avec cordon de serrage &#8211; Horloge infirmi\u00e8re Enfilable &#8211; Blanc<\/h2>\n<p>Mat\u00e9riau : plastique de haute qualit\u00e9, avec cordon en nylon solide.<\/p>\n<p>Ces porte-badges sont largement utilis\u00e9s dans le secteur des soins infirmiers, mais aussi dans d&#8217;autres professions utilisant des badges, des identifiants ou des jetons d&#8217;acc\u00e8s.<\/p>\n<p>Le porte-badge peut \u00eatre utilis\u00e9 en combinaison avec des perles en silicone. Pour ce faire, il suffit de couper le cordon de serrage et d&#8217;enfiler des perles de silicone par-dessus. Vous pouvez ensuite replier le n\u0153ud sous la perle. Veillez donc \u00e0 ne pas couper pr\u00e8s de l&#8217;extr\u00e9mit\u00e9 (l&#8217;attache du badge). Dans ce cas, en effet, elle ne peut plus \u00eatre r\u00e9par\u00e9e. D&#8217;autre part, il convient de ne pas utiliser trop de perles de silicone. En effet, cela ne fonctionne pas bien non plus lorsque cela cr\u00e9e une tr\u00e8s longue &#8220;queue&#8221; qui pendouille toute la journ\u00e9e pendant que l&#8217;on travaille. Par exemple, 2 \u00e0 4 perles et 1 perle d&#8217;accent sont le maximum que nous recommandons.       <\/p>\n","protected":false},"excerpt":{"rendered":"<p>Type : Horloge pour infirmi\u00e8res &#8211; Blanc<\/p>\n<p>Enfilable avec des perles en silicone.<\/p>\n<p>Pour plus d&#8217;informations, voir ci-dessous.<\/p>\n","protected":false},"featured_media":234964,"template":"","meta":[],"product_brand":[],"product_cat":[7185,13489],"product_tag":[13480,13497,7533,13494,12394,13501,13148,17656,12356,17325,13499,7200,13496,7227,7212,12351,13503,12919],"class_list":{"0":"post-227170","1":"product","2":"type-product","3":"status-publish","4":"has-post-thumbnail","6":"product_cat-nouveaux-produits","7":"product_cat-porte-badges-avec-cordon-de-serrage","8":"product_tag-badge-fr","9":"product_tag-badges-fr","10":"product_tag-blanc","11":"product_tag-cordon-fr","12":"product_tag-cordon-de-serrage","13":"product_tag-detenteur","14":"product_tag-drive-through-fr","15":"product_tag-infirmiere-bell","16":"product_tag-infirmieres","17":"product_tag-infirmiers","18":"product_tag-passe","19":"product_tag-perles","20":"product_tag-porte-badge","21":"product_tag-rangee","22":"product_tag-silicone-fr","23":"product_tag-soins","24":"product_tag-tirer","25":"product_tag-transparent-fr","27":"first","28":"instock","29":"taxable","30":"shipping-taxable","31":"purchasable","32":"product-type-simple"},"bundled_by":["235327","235568"],"bundle_stock_status":"instock","bundle_stock_quantity":78,"bundle_virtual":false,"bundle_layout":"","bundle_add_to_cart_form_location":"","bundle_editable_in_cart":false,"bundle_sold_individually_context":"","bundle_item_grouping":"","bundle_min_size":"","bundle_max_size":"","bundle_price":[],"bundled_items":[],"bundle_sell_ids":[],"yoast_head":"<!-- This site is optimized with the Yoast SEO Premium plugin v27.6 (Yoast SEO v27.6) - https:\/\/yoast.com\/product\/yoast-seo-premium-wordpress\/ -->\n<title>Enfilable horloge d&#039;infirmi\u00e8re - Blanc | Jootjes<\/title>\n<meta name=\"description\" content=\"Horloge de l&#039;infirmi\u00e8re Enfilable - Blanc . Parfait pour les soins de sant\u00e9 et les autres professions avec des laissez-passer. Enfilable avec des perles en silicone. | Joes\" \/>\n<meta name=\"robots\" content=\"index, follow, max-snippet:-1, max-image-preview:large, max-video-preview:-1\" \/>\n<link rel=\"canonical\" href=\"https:\/\/www.jootjeshaakcadeautjes.nl\/fr\/produit\/porte-badge-avec-cordon-rose-poudre-chaud-kopie-kopie\/\" \/>\n<meta property=\"og:locale\" content=\"fr_FR\" \/>\n<meta property=\"og:type\" content=\"article\" \/>\n<meta property=\"og:title\" content=\"Porte-badge avec cordon de serrage - Horloge infirmi\u00e8re Enfilable - Blanc\" \/>\n<meta property=\"og:description\" content=\"Horloge de l&#039;infirmi\u00e8re Enfilable - Blanc . Parfait pour les soins de sant\u00e9 et les autres professions avec des laissez-passer. Enfilable avec des perles en silicone. | Joes\" \/>\n<meta property=\"og:url\" content=\"https:\/\/www.jootjeshaakcadeautjes.nl\/fr\/produit\/porte-badge-avec-cordon-rose-poudre-chaud-kopie-kopie\/\" \/>\n<meta property=\"og:site_name\" content=\"Jootjes Haakcadeautjes\" \/>\n<meta property=\"article:modified_time\" content=\"2026-03-27T19:21:45+00:00\" \/>\n<meta property=\"og:image\" content=\"https:\/\/www.jootjeshaakcadeautjes.nl\/wp-content\/uploads\/2025\/06\/Naamloos-1537.webp\" \/>\n\t<meta property=\"og:image:width\" content=\"2048\" \/>\n\t<meta property=\"og:image:height\" content=\"2048\" \/>\n\t<meta property=\"og:image:type\" content=\"image\/webp\" \/>\n<meta name=\"twitter:card\" content=\"summary_large_image\" \/>\n<meta name=\"twitter:label1\" content=\"Prix\" \/>\n\t<meta name=\"twitter:data1\" content=\"&euro;2.75 TTC\" \/>\n\t<meta name=\"twitter:label2\" content=\"Disponibilit\u00e9\" \/>\n\t<meta name=\"twitter:data2\" content=\"En stock\" \/>\n<script type=\"application\/ld+json\" class=\"yoast-schema-graph\">{\"@context\":\"https:\\\/\\\/schema.org\",\"@graph\":[{\"@type\":\"WebPage\",\"@id\":\"https:\\\/\\\/www.jootjeshaakcadeautjes.nl\\\/fr\\\/produit\\\/porte-badge-avec-cordon-rose-poudre-chaud-kopie-kopie\\\/\",\"url\":\"https:\\\/\\\/www.jootjeshaakcadeautjes.nl\\\/fr\\\/produit\\\/porte-badge-avec-cordon-rose-poudre-chaud-kopie-kopie\\\/\",\"name\":\"Enfilable horloge d'infirmi\u00e8re - Blanc | Jootjes\",\"isPartOf\":{\"@id\":\"https:\\\/\\\/www.jootjeshaakcadeautjes.nl\\\/fr\\\/#website\"},\"primaryImageOfPage\":{\"@id\":\"https:\\\/\\\/www.jootjeshaakcadeautjes.nl\\\/fr\\\/produit\\\/porte-badge-avec-cordon-rose-poudre-chaud-kopie-kopie\\\/#primaryimage\"},\"image\":{\"@id\":\"https:\\\/\\\/www.jootjeshaakcadeautjes.nl\\\/fr\\\/produit\\\/porte-badge-avec-cordon-rose-poudre-chaud-kopie-kopie\\\/#primaryimage\"},\"thumbnailUrl\":\"https:\\\/\\\/d1dyryakdmle7o.cloudfront.net\\\/wp-content\\\/uploads\\\/2025\\\/06\\\/Naamloos-1537.webp\",\"datePublished\":\"2025-06-22T15:30:42+00:00\",\"dateModified\":\"2026-03-27T19:21:45+00:00\",\"description\":\"Horloge de l'infirmi\u00e8re Enfilable - Blanc . Parfait pour les soins de sant\u00e9 et les autres professions avec des laissez-passer. Enfilable avec des perles en silicone. | Joes\",\"breadcrumb\":{\"@id\":\"https:\\\/\\\/www.jootjeshaakcadeautjes.nl\\\/fr\\\/produit\\\/porte-badge-avec-cordon-rose-poudre-chaud-kopie-kopie\\\/#breadcrumb\"},\"inLanguage\":\"fr-FR\",\"potentialAction\":[{\"@type\":\"ReadAction\",\"target\":[\"https:\\\/\\\/www.jootjeshaakcadeautjes.nl\\\/fr\\\/produit\\\/porte-badge-avec-cordon-rose-poudre-chaud-kopie-kopie\\\/\"]}]},{\"@type\":\"ImageObject\",\"inLanguage\":\"fr-FR\",\"@id\":\"https:\\\/\\\/www.jootjeshaakcadeautjes.nl\\\/fr\\\/produit\\\/porte-badge-avec-cordon-rose-poudre-chaud-kopie-kopie\\\/#primaryimage\",\"url\":\"https:\\\/\\\/d1dyryakdmle7o.cloudfront.net\\\/wp-content\\\/uploads\\\/2025\\\/06\\\/Naamloos-1537.webp\",\"contentUrl\":\"https:\\\/\\\/d1dyryakdmle7o.cloudfront.net\\\/wp-content\\\/uploads\\\/2025\\\/06\\\/Naamloos-1537.webp\",\"width\":2048,\"height\":2048},{\"@type\":\"BreadcrumbList\",\"@id\":\"https:\\\/\\\/www.jootjeshaakcadeautjes.nl\\\/fr\\\/produit\\\/porte-badge-avec-cordon-rose-poudre-chaud-kopie-kopie\\\/#breadcrumb\",\"itemListElement\":[{\"@type\":\"ListItem\",\"position\":1,\"name\":\"Accueil\",\"item\":\"https:\\\/\\\/www.jootjeshaakcadeautjes.nl\\\/fr\\\/\"},{\"@type\":\"ListItem\",\"position\":2,\"name\":\"Commerce de gros de perles en silicone &#8211; Entreprises et consommateurs\",\"item\":\"https:\\\/\\\/www.jootjeshaakcadeautjes.nl\\\/fr\\\/boutique\\\/\"},{\"@type\":\"ListItem\",\"position\":3,\"name\":\"Porte-badge avec cordon de serrage &#8211; Horloge infirmi\u00e8re Enfilable &#8211; Blanc\"}]},{\"@type\":\"WebSite\",\"@id\":\"https:\\\/\\\/www.jootjeshaakcadeautjes.nl\\\/fr\\\/#website\",\"url\":\"https:\\\/\\\/www.jootjeshaakcadeautjes.nl\\\/fr\\\/\",\"name\":\"Jootjes Haakcadeautjes\",\"description\":\"Grossiste en perles de silicone\",\"publisher\":{\"@id\":\"https:\\\/\\\/www.jootjeshaakcadeautjes.nl\\\/fr\\\/#organization\"},\"potentialAction\":[{\"@type\":\"SearchAction\",\"target\":{\"@type\":\"EntryPoint\",\"urlTemplate\":\"https:\\\/\\\/www.jootjeshaakcadeautjes.nl\\\/fr\\\/?s={search_term_string}\"},\"query-input\":{\"@type\":\"PropertyValueSpecification\",\"valueRequired\":true,\"valueName\":\"search_term_string\"}}],\"inLanguage\":\"fr-FR\"},{\"@type\":\"Organization\",\"@id\":\"https:\\\/\\\/www.jootjeshaakcadeautjes.nl\\\/fr\\\/#organization\",\"name\":\"Jootjes Haakcadeautjes\",\"url\":\"https:\\\/\\\/www.jootjeshaakcadeautjes.nl\\\/fr\\\/\",\"logo\":{\"@type\":\"ImageObject\",\"inLanguage\":\"fr-FR\",\"@id\":\"https:\\\/\\\/www.jootjeshaakcadeautjes.nl\\\/fr\\\/#\\\/schema\\\/logo\\\/image\\\/\",\"url\":\"https:\\\/\\\/d1dyryakdmle7o.cloudfront.net\\\/wp-content\\\/uploads\\\/2023\\\/05\\\/Logo-rond.png\",\"contentUrl\":\"https:\\\/\\\/d1dyryakdmle7o.cloudfront.net\\\/wp-content\\\/uploads\\\/2023\\\/05\\\/Logo-rond.png\",\"width\":1222,\"height\":1222,\"caption\":\"Jootjes Haakcadeautjes\"},\"image\":{\"@id\":\"https:\\\/\\\/www.jootjeshaakcadeautjes.nl\\\/fr\\\/#\\\/schema\\\/logo\\\/image\\\/\"}}]}<\/script>\n<meta property=\"product:price:amount\" content=\"2.75\" \/>\n<meta property=\"product:price:currency\" content=\"EUR\" \/>\n<meta property=\"og:availability\" content=\"instock\" \/>\n<meta property=\"product:availability\" content=\"instock\" \/>\n<meta property=\"product:retailer_item_id\" content=\"BDG-TRK-WWT\" \/>\n<meta property=\"product:condition\" content=\"new\" \/>\n<!-- \/ Yoast SEO Premium plugin. -->","yoast_head_json":{"title":"Enfilable horloge d'infirmi\u00e8re - Blanc | Jootjes","description":"Horloge de l'infirmi\u00e8re Enfilable - Blanc . Parfait pour les soins de sant\u00e9 et les autres professions avec des laissez-passer. Enfilable avec des perles en silicone. | Joes","robots":{"index":"index","follow":"follow","max-snippet":"max-snippet:-1","max-image-preview":"max-image-preview:large","max-video-preview":"max-video-preview:-1"},"canonical":"https:\/\/www.jootjeshaakcadeautjes.nl\/fr\/produit\/porte-badge-avec-cordon-rose-poudre-chaud-kopie-kopie\/","og_locale":"fr_FR","og_type":"article","og_title":"Porte-badge avec cordon de serrage - Horloge infirmi\u00e8re Enfilable - Blanc","og_description":"Horloge de l'infirmi\u00e8re Enfilable - Blanc . Parfait pour les soins de sant\u00e9 et les autres professions avec des laissez-passer. Enfilable avec des perles en silicone. | Joes","og_url":"https:\/\/www.jootjeshaakcadeautjes.nl\/fr\/produit\/porte-badge-avec-cordon-rose-poudre-chaud-kopie-kopie\/","og_site_name":"Jootjes Haakcadeautjes","article_modified_time":"2026-03-27T19:21:45+00:00","og_image":[{"width":2048,"height":2048,"url":"https:\/\/www.jootjeshaakcadeautjes.nl\/wp-content\/uploads\/2025\/06\/Naamloos-1537.webp","type":"image\/webp"}],"twitter_card":"summary_large_image","twitter_misc":{"Prix":"&euro;2.75 TTC","Disponibilit\u00e9":"En stock"},"schema":{"@context":"https:\/\/schema.org","@graph":[{"@type":"WebPage","@id":"https:\/\/www.jootjeshaakcadeautjes.nl\/fr\/produit\/porte-badge-avec-cordon-rose-poudre-chaud-kopie-kopie\/","url":"https:\/\/www.jootjeshaakcadeautjes.nl\/fr\/produit\/porte-badge-avec-cordon-rose-poudre-chaud-kopie-kopie\/","name":"Enfilable horloge d'infirmi\u00e8re - Blanc | Jootjes","isPartOf":{"@id":"https:\/\/www.jootjeshaakcadeautjes.nl\/fr\/#website"},"primaryImageOfPage":{"@id":"https:\/\/www.jootjeshaakcadeautjes.nl\/fr\/produit\/porte-badge-avec-cordon-rose-poudre-chaud-kopie-kopie\/#primaryimage"},"image":{"@id":"https:\/\/www.jootjeshaakcadeautjes.nl\/fr\/produit\/porte-badge-avec-cordon-rose-poudre-chaud-kopie-kopie\/#primaryimage"},"thumbnailUrl":"https:\/\/d1dyryakdmle7o.cloudfront.net\/wp-content\/uploads\/2025\/06\/Naamloos-1537.webp","datePublished":"2025-06-22T15:30:42+00:00","dateModified":"2026-03-27T19:21:45+00:00","description":"Horloge de l'infirmi\u00e8re Enfilable - Blanc . Parfait pour les soins de sant\u00e9 et les autres professions avec des laissez-passer. Enfilable avec des perles en silicone. | Joes","breadcrumb":{"@id":"https:\/\/www.jootjeshaakcadeautjes.nl\/fr\/produit\/porte-badge-avec-cordon-rose-poudre-chaud-kopie-kopie\/#breadcrumb"},"inLanguage":"fr-FR","potentialAction":[{"@type":"ReadAction","target":["https:\/\/www.jootjeshaakcadeautjes.nl\/fr\/produit\/porte-badge-avec-cordon-rose-poudre-chaud-kopie-kopie\/"]}]},{"@type":"ImageObject","inLanguage":"fr-FR","@id":"https:\/\/www.jootjeshaakcadeautjes.nl\/fr\/produit\/porte-badge-avec-cordon-rose-poudre-chaud-kopie-kopie\/#primaryimage","url":"https:\/\/d1dyryakdmle7o.cloudfront.net\/wp-content\/uploads\/2025\/06\/Naamloos-1537.webp","contentUrl":"https:\/\/d1dyryakdmle7o.cloudfront.net\/wp-content\/uploads\/2025\/06\/Naamloos-1537.webp","width":2048,"height":2048},{"@type":"BreadcrumbList","@id":"https:\/\/www.jootjeshaakcadeautjes.nl\/fr\/produit\/porte-badge-avec-cordon-rose-poudre-chaud-kopie-kopie\/#breadcrumb","itemListElement":[{"@type":"ListItem","position":1,"name":"Accueil","item":"https:\/\/www.jootjeshaakcadeautjes.nl\/fr\/"},{"@type":"ListItem","position":2,"name":"Commerce de gros de perles en silicone &#8211; Entreprises et consommateurs","item":"https:\/\/www.jootjeshaakcadeautjes.nl\/fr\/boutique\/"},{"@type":"ListItem","position":3,"name":"Porte-badge avec cordon de serrage &#8211; Horloge infirmi\u00e8re Enfilable &#8211; Blanc"}]},{"@type":"WebSite","@id":"https:\/\/www.jootjeshaakcadeautjes.nl\/fr\/#website","url":"https:\/\/www.jootjeshaakcadeautjes.nl\/fr\/","name":"Jootjes Haakcadeautjes","description":"Grossiste en perles de silicone","publisher":{"@id":"https:\/\/www.jootjeshaakcadeautjes.nl\/fr\/#organization"},"potentialAction":[{"@type":"SearchAction","target":{"@type":"EntryPoint","urlTemplate":"https:\/\/www.jootjeshaakcadeautjes.nl\/fr\/?s={search_term_string}"},"query-input":{"@type":"PropertyValueSpecification","valueRequired":true,"valueName":"search_term_string"}}],"inLanguage":"fr-FR"},{"@type":"Organization","@id":"https:\/\/www.jootjeshaakcadeautjes.nl\/fr\/#organization","name":"Jootjes Haakcadeautjes","url":"https:\/\/www.jootjeshaakcadeautjes.nl\/fr\/","logo":{"@type":"ImageObject","inLanguage":"fr-FR","@id":"https:\/\/www.jootjeshaakcadeautjes.nl\/fr\/#\/schema\/logo\/image\/","url":"https:\/\/d1dyryakdmle7o.cloudfront.net\/wp-content\/uploads\/2023\/05\/Logo-rond.png","contentUrl":"https:\/\/d1dyryakdmle7o.cloudfront.net\/wp-content\/uploads\/2023\/05\/Logo-rond.png","width":1222,"height":1222,"caption":"Jootjes Haakcadeautjes"},"image":{"@id":"https:\/\/www.jootjeshaakcadeautjes.nl\/fr\/#\/schema\/logo\/image\/"}}]},"product_price_amount":"2.75","product_price_currency":"EUR","og_availability":"instock","product_availability":"instock","product_retailer_item_id":"BDG-TRK-WWT","product_condition":"new"},"_links":{"self":[{"href":"https:\/\/www.jootjeshaakcadeautjes.nl\/fr\/wp-json\/wp\/v2\/product\/227170","targetHints":{"allow":["GET"]}}],"collection":[{"href":"https:\/\/www.jootjeshaakcadeautjes.nl\/fr\/wp-json\/wp\/v2\/product"}],"about":[{"href":"https:\/\/www.jootjeshaakcadeautjes.nl\/fr\/wp-json\/wp\/v2\/types\/product"}],"version-history":[{"count":0,"href":"https:\/\/www.jootjeshaakcadeautjes.nl\/fr\/wp-json\/wp\/v2\/product\/227170\/revisions"}],"wp:featuredmedia":[{"embeddable":true,"href":"https:\/\/www.jootjeshaakcadeautjes.nl\/fr\/wp-json\/wp\/v2\/media\/234964"}],"wp:attachment":[{"href":"https:\/\/www.jootjeshaakcadeautjes.nl\/fr\/wp-json\/wp\/v2\/media?parent=227170"}],"wp:term":[{"taxonomy":"product_brand","embeddable":true,"href":"https:\/\/www.jootjeshaakcadeautjes.nl\/fr\/wp-json\/wp\/v2\/product_brand?post=227170"},{"taxonomy":"product_cat","embeddable":true,"href":"https:\/\/www.jootjeshaakcadeautjes.nl\/fr\/wp-json\/wp\/v2\/product_cat?post=227170"},{"taxonomy":"product_tag","embeddable":true,"href":"https:\/\/www.jootjeshaakcadeautjes.nl\/fr\/wp-json\/wp\/v2\/product_tag?post=227170"}],"curies":[{"name":"wp","href":"https:\/\/api.w.org\/{rel}","templated":true}]}}