{"id":230274,"date":"2025-06-22T19:53:13","date_gmt":"2025-06-22T17:53:13","guid":{"rendered":"https:\/\/www.jootjeshaakcadeautjes.nl\/?post_type=product&#038;p=230274"},"modified":"2025-10-21T17:03:07","modified_gmt":"2025-10-21T15:03:07","slug":"perles-en-silicone-infirmieres-uniforme-petit-rose-peche-kopie-kopie-kopie-kopie","status":"publish","type":"product","link":"https:\/\/www.jootjeshaakcadeautjes.nl\/fr\/produit\/perles-en-silicone-infirmieres-uniforme-petit-rose-peche-kopie-kopie-kopie-kopie\/","title":{"rendered":"Perles de silicone &#8211; Infirmi\u00e8res &#8211; Uniforme Petite poudre Lilas"},"content":{"rendered":"<h1>Perles de silicone &#8211; Infirmi\u00e8res &#8211; Uniforme Petite poudre Lilas<\/h1>\n<h3>Sp\u00e9cifications :<\/h3>\n<ul>\n<li>Egalement id\u00e9al pour un porte-cl\u00e9s !<\/li>\n<\/ul>\n<p>Toutes nos billes de silicone sont 100 % exemptes de BPA, de plomb, de toxines, de phtalates et de PVC. Nos billes de silicone sont donc de qualit\u00e9 m\u00e9dicale et conviennent aux jouets de dentition pour enfants. <\/p>\n<p>Le reste de notre gamme de perles en silicone se trouve ici : <a href=\"https:\/\/www.jootjeshaakcadeautjes.nl\/fr\/product-categorie\/fabrication-de-jouets-de-dentition-pour-bebe-cordon-de-sucette-et-anneaux-de-dentition\/perles-en-silicone-sans-bpa-grossiste\/\">perles en silicone<\/a>.<br \/>\nLes perles en bois se trouvent ici : <a href=\"\/?product_cat=houten-kralen-kralen\">perles en bois.<\/a><\/p>\n<h3>Qualit\u00e9 et s\u00e9curit\u00e9 de nos perles de silicone<\/h3>\n<p>Toutes nos perles en silicone sont :<\/p>\n<ul>\n<li>Sans BPA<\/li>\n<li>Sans phtalates ni toxines<\/li>\n<li>Sans PVC<\/li>\n<li>Sans plomb<\/li>\n<li>Appropri\u00e9 pour Appropri\u00e9 pour les produits finis certifi\u00e9s CE les produits finis<\/li>\n<li>Perles de silicone de qualit\u00e9 m\u00e9dicale<\/li>\n<\/ul>\n<p>&nbsp;<\/p>\n","protected":false},"excerpt":{"rendered":"<p>Code couleur : Lilas poudr\u00e9<\/p>\n<p>&#8211; Type : Perles de silicone Infirmi\u00e8res &#8211; Uniformes petites Lilas poudr\u00e9<br \/>\n&#8211; Vendu \u00e0 la pi\u00e8ce<br \/>\n&#8211; Sans BPA, Phtalates, Plomb, PVC et Toxines<br \/>\n&#8211; Convient aux produits finis certifi\u00e9s CE<br \/>\n&#8211; Perles de silicone de qualit\u00e9 m\u00e9dicale<br \/>\n&#8211; Refroidissables au r\u00e9frig\u00e9rateur<br \/>\n&#8211; Lavables au lave-vaisselle<\/p>\n","protected":false},"featured_media":234868,"template":"","meta":[],"product_brand":[],"product_cat":[7378,7185,12338,6992,7398],"product_tag":[7384,7424,7455,10370,7421,12343,7428,10372,7489,7418,12352,7440,12356,7637,10312,12347,7392,7395,7200,12372,7482,10367,7619,7415,7468,7212,12351,12361],"class_list":{"0":"post-230274","1":"product","2":"type-product","3":"status-publish","4":"has-post-thumbnail","6":"product_cat-fabrication-de-jouets-de-dentition-pour-bebe-cordon-de-sucette-et-anneaux-de-dentition","7":"product_cat-nouveaux-produits","8":"product_cat-perles-de-silicone-soins-infirmiere","9":"product_cat-perles-en-silicone-sans-bpa-grossiste","10":"product_cat-perles-en-silicone-toutes-les-perles-de-luxe-multicolores","11":"product_tag-anneau-de-dentition","12":"product_tag-bpa-fr","13":"product_tag-chaine-de-landau","14":"product_tag-cle-fr","15":"product_tag-cm-fr","16":"product_tag-coeur-fr","17":"product_tag-collier-dallaitement","18":"product_tag-cordon","19":"product_tag-crochet-pour-sac","20":"product_tag-faux-cordon","21":"product_tag-fournisseur-de-soins-de-sante","22":"product_tag-gratuit","23":"product_tag-infirmieres","24":"product_tag-les","25":"product_tag-lilas-poudre","26":"product_tag-medecin","27":"product_tag-mm-fr","28":"product_tag-perle","29":"product_tag-perles","30":"product_tag-petit","31":"product_tag-phtalates","32":"product_tag-porte-cles-fr","33":"product_tag-porte-cles","34":"product_tag-sans-bpa","35":"product_tag-silicone-fr-2","36":"product_tag-silicone-fr","37":"product_tag-soins","38":"product_tag-uniforme","40":"first","41":"instock","42":"taxable","43":"shipping-taxable","44":"purchasable","45":"product-type-simple"},"bundled_by":[],"bundle_stock_status":"instock","bundle_stock_quantity":66,"bundle_virtual":false,"bundle_layout":"","bundle_add_to_cart_form_location":"","bundle_editable_in_cart":false,"bundle_sold_individually_context":"","bundle_item_grouping":"","bundle_min_size":"","bundle_max_size":"","bundle_price":[],"bundled_items":[],"bundle_sell_ids":[],"yoast_head":"<!-- This site is optimized with the Yoast SEO Premium plugin v27.6 (Yoast SEO v27.6) - https:\/\/yoast.com\/product\/yoast-seo-premium-wordpress\/ -->\n<title>Perles de silicone - Infirmi\u00e8res - Uniforme Petite poudre Lilas - Dents\/Cordon de dents- Jootjes Cadeaux au crochet<\/title>\n<meta name=\"description\" content=\"Les perles de silicone en forme de lapin, disponibles en plusieurs couleurs, sont exemptes de BPA, de plomb, de poison, de phtalate et de PVC, et portent le label CE. 100% sans danger pour les enfants, au meilleur prix !\" \/>\n<meta name=\"robots\" content=\"index, follow, max-snippet:-1, max-image-preview:large, max-video-preview:-1\" \/>\n<link rel=\"canonical\" href=\"https:\/\/www.jootjeshaakcadeautjes.nl\/fr\/produit\/perles-en-silicone-infirmieres-uniforme-petit-rose-peche-kopie-kopie-kopie-kopie\/\" \/>\n<meta property=\"og:locale\" content=\"fr_FR\" \/>\n<meta property=\"og:type\" content=\"article\" \/>\n<meta property=\"og:title\" content=\"Perles de silicone - Infirmi\u00e8res - Uniforme Petite poudre Lilas\" \/>\n<meta property=\"og:description\" content=\"Les perles de silicone en forme de lapin, disponibles en plusieurs couleurs, sont exemptes de BPA, de plomb, de poison, de phtalate et de PVC, et portent le label CE. 100% sans danger pour les enfants, au meilleur prix !\" \/>\n<meta property=\"og:url\" content=\"https:\/\/www.jootjeshaakcadeautjes.nl\/fr\/produit\/perles-en-silicone-infirmieres-uniforme-petit-rose-peche-kopie-kopie-kopie-kopie\/\" \/>\n<meta property=\"og:site_name\" content=\"Jootjes Haakcadeautjes\" \/>\n<meta property=\"article:modified_time\" content=\"2025-10-21T15:03:07+00:00\" \/>\n<meta property=\"og:image\" content=\"https:\/\/www.jootjeshaakcadeautjes.nl\/wp-content\/uploads\/2025\/06\/Naamloos-1513.webp\" \/>\n\t<meta property=\"og:image:width\" content=\"2048\" \/>\n\t<meta property=\"og:image:height\" content=\"2048\" \/>\n\t<meta property=\"og:image:type\" content=\"image\/webp\" \/>\n<meta name=\"twitter:card\" content=\"summary_large_image\" \/>\n<meta name=\"twitter:label1\" content=\"Prix\" \/>\n\t<meta name=\"twitter:data1\" content=\"&euro;0.40 TTC\" \/>\n\t<meta name=\"twitter:label2\" content=\"Disponibilit\u00e9\" \/>\n\t<meta name=\"twitter:data2\" content=\"En stock\" \/>\n<script type=\"application\/ld+json\" class=\"yoast-schema-graph\">{\"@context\":\"https:\\\/\\\/schema.org\",\"@graph\":[{\"@type\":\"WebPage\",\"@id\":\"https:\\\/\\\/www.jootjeshaakcadeautjes.nl\\\/fr\\\/produit\\\/perles-en-silicone-infirmieres-uniforme-petit-rose-peche-kopie-kopie-kopie-kopie\\\/\",\"url\":\"https:\\\/\\\/www.jootjeshaakcadeautjes.nl\\\/fr\\\/produit\\\/perles-en-silicone-infirmieres-uniforme-petit-rose-peche-kopie-kopie-kopie-kopie\\\/\",\"name\":\"Perles de silicone - Infirmi\u00e8res - Uniforme Petite poudre Lilas - Dents\\\/Cordon de dents- Jootjes Cadeaux au crochet\",\"isPartOf\":{\"@id\":\"https:\\\/\\\/www.jootjeshaakcadeautjes.nl\\\/fr\\\/#website\"},\"primaryImageOfPage\":{\"@id\":\"https:\\\/\\\/www.jootjeshaakcadeautjes.nl\\\/fr\\\/produit\\\/perles-en-silicone-infirmieres-uniforme-petit-rose-peche-kopie-kopie-kopie-kopie\\\/#primaryimage\"},\"image\":{\"@id\":\"https:\\\/\\\/www.jootjeshaakcadeautjes.nl\\\/fr\\\/produit\\\/perles-en-silicone-infirmieres-uniforme-petit-rose-peche-kopie-kopie-kopie-kopie\\\/#primaryimage\"},\"thumbnailUrl\":\"https:\\\/\\\/d1dyryakdmle7o.cloudfront.net\\\/wp-content\\\/uploads\\\/2025\\\/06\\\/Naamloos-1513.webp\",\"datePublished\":\"2025-06-22T17:53:13+00:00\",\"dateModified\":\"2025-10-21T15:03:07+00:00\",\"description\":\"Les perles de silicone en forme de lapin, disponibles en plusieurs couleurs, sont exemptes de BPA, de plomb, de poison, de phtalate et de PVC, et portent le label CE. 100% sans danger pour les enfants, au meilleur prix !\",\"breadcrumb\":{\"@id\":\"https:\\\/\\\/www.jootjeshaakcadeautjes.nl\\\/fr\\\/produit\\\/perles-en-silicone-infirmieres-uniforme-petit-rose-peche-kopie-kopie-kopie-kopie\\\/#breadcrumb\"},\"inLanguage\":\"fr-FR\",\"potentialAction\":[{\"@type\":\"ReadAction\",\"target\":[\"https:\\\/\\\/www.jootjeshaakcadeautjes.nl\\\/fr\\\/produit\\\/perles-en-silicone-infirmieres-uniforme-petit-rose-peche-kopie-kopie-kopie-kopie\\\/\"]}]},{\"@type\":\"ImageObject\",\"inLanguage\":\"fr-FR\",\"@id\":\"https:\\\/\\\/www.jootjeshaakcadeautjes.nl\\\/fr\\\/produit\\\/perles-en-silicone-infirmieres-uniforme-petit-rose-peche-kopie-kopie-kopie-kopie\\\/#primaryimage\",\"url\":\"https:\\\/\\\/d1dyryakdmle7o.cloudfront.net\\\/wp-content\\\/uploads\\\/2025\\\/06\\\/Naamloos-1513.webp\",\"contentUrl\":\"https:\\\/\\\/d1dyryakdmle7o.cloudfront.net\\\/wp-content\\\/uploads\\\/2025\\\/06\\\/Naamloos-1513.webp\",\"width\":2048,\"height\":2048},{\"@type\":\"BreadcrumbList\",\"@id\":\"https:\\\/\\\/www.jootjeshaakcadeautjes.nl\\\/fr\\\/produit\\\/perles-en-silicone-infirmieres-uniforme-petit-rose-peche-kopie-kopie-kopie-kopie\\\/#breadcrumb\",\"itemListElement\":[{\"@type\":\"ListItem\",\"position\":1,\"name\":\"Accueil\",\"item\":\"https:\\\/\\\/www.jootjeshaakcadeautjes.nl\\\/fr\\\/\"},{\"@type\":\"ListItem\",\"position\":2,\"name\":\"Commerce de gros de perles en silicone &#8211; Entreprises et consommateurs\",\"item\":\"https:\\\/\\\/www.jootjeshaakcadeautjes.nl\\\/fr\\\/boutique\\\/\"},{\"@type\":\"ListItem\",\"position\":3,\"name\":\"Perles de silicone &#8211; Infirmi\u00e8res &#8211; Uniforme Petite poudre Lilas\"}]},{\"@type\":\"WebSite\",\"@id\":\"https:\\\/\\\/www.jootjeshaakcadeautjes.nl\\\/fr\\\/#website\",\"url\":\"https:\\\/\\\/www.jootjeshaakcadeautjes.nl\\\/fr\\\/\",\"name\":\"Jootjes Haakcadeautjes\",\"description\":\"Grossiste en perles de silicone\",\"publisher\":{\"@id\":\"https:\\\/\\\/www.jootjeshaakcadeautjes.nl\\\/fr\\\/#organization\"},\"potentialAction\":[{\"@type\":\"SearchAction\",\"target\":{\"@type\":\"EntryPoint\",\"urlTemplate\":\"https:\\\/\\\/www.jootjeshaakcadeautjes.nl\\\/fr\\\/?s={search_term_string}\"},\"query-input\":{\"@type\":\"PropertyValueSpecification\",\"valueRequired\":true,\"valueName\":\"search_term_string\"}}],\"inLanguage\":\"fr-FR\"},{\"@type\":\"Organization\",\"@id\":\"https:\\\/\\\/www.jootjeshaakcadeautjes.nl\\\/fr\\\/#organization\",\"name\":\"Jootjes Haakcadeautjes\",\"url\":\"https:\\\/\\\/www.jootjeshaakcadeautjes.nl\\\/fr\\\/\",\"logo\":{\"@type\":\"ImageObject\",\"inLanguage\":\"fr-FR\",\"@id\":\"https:\\\/\\\/www.jootjeshaakcadeautjes.nl\\\/fr\\\/#\\\/schema\\\/logo\\\/image\\\/\",\"url\":\"https:\\\/\\\/d1dyryakdmle7o.cloudfront.net\\\/wp-content\\\/uploads\\\/2023\\\/05\\\/Logo-rond.png\",\"contentUrl\":\"https:\\\/\\\/d1dyryakdmle7o.cloudfront.net\\\/wp-content\\\/uploads\\\/2023\\\/05\\\/Logo-rond.png\",\"width\":1222,\"height\":1222,\"caption\":\"Jootjes Haakcadeautjes\"},\"image\":{\"@id\":\"https:\\\/\\\/www.jootjeshaakcadeautjes.nl\\\/fr\\\/#\\\/schema\\\/logo\\\/image\\\/\"}}]}<\/script>\n<meta property=\"product:price:amount\" content=\"0.40\" \/>\n<meta property=\"product:price:currency\" content=\"EUR\" \/>\n<meta property=\"og:availability\" content=\"instock\" \/>\n<meta property=\"product:availability\" content=\"instock\" \/>\n<meta property=\"product:retailer_item_id\" content=\"SKR-VEK-PLA\" \/>\n<meta property=\"product:condition\" content=\"new\" \/>\n<!-- \/ Yoast SEO Premium plugin. -->","yoast_head_json":{"title":"Perles de silicone - Infirmi\u00e8res - Uniforme Petite poudre Lilas - Dents\/Cordon de dents- Jootjes Cadeaux au crochet","description":"Les perles de silicone en forme de lapin, disponibles en plusieurs couleurs, sont exemptes de BPA, de plomb, de poison, de phtalate et de PVC, et portent le label CE. 100% sans danger pour les enfants, au meilleur prix !","robots":{"index":"index","follow":"follow","max-snippet":"max-snippet:-1","max-image-preview":"max-image-preview:large","max-video-preview":"max-video-preview:-1"},"canonical":"https:\/\/www.jootjeshaakcadeautjes.nl\/fr\/produit\/perles-en-silicone-infirmieres-uniforme-petit-rose-peche-kopie-kopie-kopie-kopie\/","og_locale":"fr_FR","og_type":"article","og_title":"Perles de silicone - Infirmi\u00e8res - Uniforme Petite poudre Lilas","og_description":"Les perles de silicone en forme de lapin, disponibles en plusieurs couleurs, sont exemptes de BPA, de plomb, de poison, de phtalate et de PVC, et portent le label CE. 100% sans danger pour les enfants, au meilleur prix !","og_url":"https:\/\/www.jootjeshaakcadeautjes.nl\/fr\/produit\/perles-en-silicone-infirmieres-uniforme-petit-rose-peche-kopie-kopie-kopie-kopie\/","og_site_name":"Jootjes Haakcadeautjes","article_modified_time":"2025-10-21T15:03:07+00:00","og_image":[{"width":2048,"height":2048,"url":"https:\/\/www.jootjeshaakcadeautjes.nl\/wp-content\/uploads\/2025\/06\/Naamloos-1513.webp","type":"image\/webp"}],"twitter_card":"summary_large_image","twitter_misc":{"Prix":"&euro;0.40 TTC","Disponibilit\u00e9":"En stock"},"schema":{"@context":"https:\/\/schema.org","@graph":[{"@type":"WebPage","@id":"https:\/\/www.jootjeshaakcadeautjes.nl\/fr\/produit\/perles-en-silicone-infirmieres-uniforme-petit-rose-peche-kopie-kopie-kopie-kopie\/","url":"https:\/\/www.jootjeshaakcadeautjes.nl\/fr\/produit\/perles-en-silicone-infirmieres-uniforme-petit-rose-peche-kopie-kopie-kopie-kopie\/","name":"Perles de silicone - Infirmi\u00e8res - Uniforme Petite poudre Lilas - Dents\/Cordon de dents- Jootjes Cadeaux au crochet","isPartOf":{"@id":"https:\/\/www.jootjeshaakcadeautjes.nl\/fr\/#website"},"primaryImageOfPage":{"@id":"https:\/\/www.jootjeshaakcadeautjes.nl\/fr\/produit\/perles-en-silicone-infirmieres-uniforme-petit-rose-peche-kopie-kopie-kopie-kopie\/#primaryimage"},"image":{"@id":"https:\/\/www.jootjeshaakcadeautjes.nl\/fr\/produit\/perles-en-silicone-infirmieres-uniforme-petit-rose-peche-kopie-kopie-kopie-kopie\/#primaryimage"},"thumbnailUrl":"https:\/\/d1dyryakdmle7o.cloudfront.net\/wp-content\/uploads\/2025\/06\/Naamloos-1513.webp","datePublished":"2025-06-22T17:53:13+00:00","dateModified":"2025-10-21T15:03:07+00:00","description":"Les perles de silicone en forme de lapin, disponibles en plusieurs couleurs, sont exemptes de BPA, de plomb, de poison, de phtalate et de PVC, et portent le label CE. 100% sans danger pour les enfants, au meilleur prix !","breadcrumb":{"@id":"https:\/\/www.jootjeshaakcadeautjes.nl\/fr\/produit\/perles-en-silicone-infirmieres-uniforme-petit-rose-peche-kopie-kopie-kopie-kopie\/#breadcrumb"},"inLanguage":"fr-FR","potentialAction":[{"@type":"ReadAction","target":["https:\/\/www.jootjeshaakcadeautjes.nl\/fr\/produit\/perles-en-silicone-infirmieres-uniforme-petit-rose-peche-kopie-kopie-kopie-kopie\/"]}]},{"@type":"ImageObject","inLanguage":"fr-FR","@id":"https:\/\/www.jootjeshaakcadeautjes.nl\/fr\/produit\/perles-en-silicone-infirmieres-uniforme-petit-rose-peche-kopie-kopie-kopie-kopie\/#primaryimage","url":"https:\/\/d1dyryakdmle7o.cloudfront.net\/wp-content\/uploads\/2025\/06\/Naamloos-1513.webp","contentUrl":"https:\/\/d1dyryakdmle7o.cloudfront.net\/wp-content\/uploads\/2025\/06\/Naamloos-1513.webp","width":2048,"height":2048},{"@type":"BreadcrumbList","@id":"https:\/\/www.jootjeshaakcadeautjes.nl\/fr\/produit\/perles-en-silicone-infirmieres-uniforme-petit-rose-peche-kopie-kopie-kopie-kopie\/#breadcrumb","itemListElement":[{"@type":"ListItem","position":1,"name":"Accueil","item":"https:\/\/www.jootjeshaakcadeautjes.nl\/fr\/"},{"@type":"ListItem","position":2,"name":"Commerce de gros de perles en silicone &#8211; Entreprises et consommateurs","item":"https:\/\/www.jootjeshaakcadeautjes.nl\/fr\/boutique\/"},{"@type":"ListItem","position":3,"name":"Perles de silicone &#8211; Infirmi\u00e8res &#8211; Uniforme Petite poudre Lilas"}]},{"@type":"WebSite","@id":"https:\/\/www.jootjeshaakcadeautjes.nl\/fr\/#website","url":"https:\/\/www.jootjeshaakcadeautjes.nl\/fr\/","name":"Jootjes Haakcadeautjes","description":"Grossiste en perles de silicone","publisher":{"@id":"https:\/\/www.jootjeshaakcadeautjes.nl\/fr\/#organization"},"potentialAction":[{"@type":"SearchAction","target":{"@type":"EntryPoint","urlTemplate":"https:\/\/www.jootjeshaakcadeautjes.nl\/fr\/?s={search_term_string}"},"query-input":{"@type":"PropertyValueSpecification","valueRequired":true,"valueName":"search_term_string"}}],"inLanguage":"fr-FR"},{"@type":"Organization","@id":"https:\/\/www.jootjeshaakcadeautjes.nl\/fr\/#organization","name":"Jootjes Haakcadeautjes","url":"https:\/\/www.jootjeshaakcadeautjes.nl\/fr\/","logo":{"@type":"ImageObject","inLanguage":"fr-FR","@id":"https:\/\/www.jootjeshaakcadeautjes.nl\/fr\/#\/schema\/logo\/image\/","url":"https:\/\/d1dyryakdmle7o.cloudfront.net\/wp-content\/uploads\/2023\/05\/Logo-rond.png","contentUrl":"https:\/\/d1dyryakdmle7o.cloudfront.net\/wp-content\/uploads\/2023\/05\/Logo-rond.png","width":1222,"height":1222,"caption":"Jootjes Haakcadeautjes"},"image":{"@id":"https:\/\/www.jootjeshaakcadeautjes.nl\/fr\/#\/schema\/logo\/image\/"}}]},"product_price_amount":"0.40","product_price_currency":"EUR","og_availability":"instock","product_availability":"instock","product_retailer_item_id":"SKR-VEK-PLA","product_condition":"new"},"_links":{"self":[{"href":"https:\/\/www.jootjeshaakcadeautjes.nl\/fr\/wp-json\/wp\/v2\/product\/230274","targetHints":{"allow":["GET"]}}],"collection":[{"href":"https:\/\/www.jootjeshaakcadeautjes.nl\/fr\/wp-json\/wp\/v2\/product"}],"about":[{"href":"https:\/\/www.jootjeshaakcadeautjes.nl\/fr\/wp-json\/wp\/v2\/types\/product"}],"version-history":[{"count":0,"href":"https:\/\/www.jootjeshaakcadeautjes.nl\/fr\/wp-json\/wp\/v2\/product\/230274\/revisions"}],"wp:featuredmedia":[{"embeddable":true,"href":"https:\/\/www.jootjeshaakcadeautjes.nl\/fr\/wp-json\/wp\/v2\/media\/234868"}],"wp:attachment":[{"href":"https:\/\/www.jootjeshaakcadeautjes.nl\/fr\/wp-json\/wp\/v2\/media?parent=230274"}],"wp:term":[{"taxonomy":"product_brand","embeddable":true,"href":"https:\/\/www.jootjeshaakcadeautjes.nl\/fr\/wp-json\/wp\/v2\/product_brand?post=230274"},{"taxonomy":"product_cat","embeddable":true,"href":"https:\/\/www.jootjeshaakcadeautjes.nl\/fr\/wp-json\/wp\/v2\/product_cat?post=230274"},{"taxonomy":"product_tag","embeddable":true,"href":"https:\/\/www.jootjeshaakcadeautjes.nl\/fr\/wp-json\/wp\/v2\/product_tag?post=230274"}],"curies":[{"name":"wp","href":"https:\/\/api.w.org\/{rel}","templated":true}]}}