{"id":230388,"date":"2025-06-17T14:33:20","date_gmt":"2025-06-17T12:33:20","guid":{"rendered":"https:\/\/www.jootjeshaakcadeautjes.nl\/?post_type=product&#038;p=230388"},"modified":"2025-05-26T11:43:19","modified_gmt":"2025-05-26T09:43:19","slug":"figurine-de-dentition-silicone-et-bois-cygne-old-lace-kopie-kopie","status":"publish","type":"product","link":"https:\/\/www.jootjeshaakcadeautjes.nl\/fr\/produit\/figurine-de-dentition-silicone-et-bois-cygne-old-lace-kopie-kopie\/","title":{"rendered":"Figurine de dentition &#8211; Silicone et bois &#8211; Papillon &#8211; Ambre"},"content":{"rendered":"<h2>Figurine de dentition &#8211; Silicone et bois &#8211; Papillon &#8211; Ambre<\/h2>\n<ul>\n<li>Couleur : ambre<\/li>\n<li>Mat\u00e9riau : bois de h\u00eatre et silicone test\u00e9s EN-71, enti\u00e8rement sans BPA<\/li>\n<li>Mod\u00e8le : Butterfly<\/li>\n<\/ul>\n<p>Cette figurine de dentition s&#8217;accorde parfaitement avec nos perles, anneaux et autres produits White en h\u00eatre.<\/p>\n","protected":false},"excerpt":{"rendered":"<ul>\n<li>Couleur : ambre<\/li>\n<li>Mat\u00e9riau : bois de h\u00eatre et silicone test\u00e9s EN-71, enti\u00e8rement sans BPA<\/li>\n<li>Mod\u00e8le : Butterfly<\/li>\n<\/ul>\n<p>&nbsp;<\/p>\n","protected":false},"featured_media":233932,"template":"","meta":[],"product_brand":[],"product_cat":[12389,7185],"product_tag":[10225,13536,7384,7401,10409,7424,7396,7463,13160,12391,12395,7500,9997,7440,10414,13173,7508,12472,12862,12400,7212,7408],"class_list":{"0":"post-230388","1":"product","2":"type-product","3":"status-publish","4":"has-post-thumbnail","6":"product_cat-anneaux-de-dentition-et-marques-de-morsure-en-silicone-et-en-bois","7":"product_cat-nouveaux-produits","8":"product_tag-accessoires-fr","9":"product_tag-ambre","10":"product_tag-anneau-de-dentition","11":"product_tag-bebe","12":"product_tag-bois-fr","13":"product_tag-bpa-fr","14":"product_tag-cadeau-fr","15":"product_tag-commerce-de-gros","16":"product_tag-decrochage","17":"product_tag-dents","18":"product_tag-en-passant-par","19":"product_tag-enfant","20":"product_tag-fr-71","21":"product_tag-gratuit","22":"product_tag-hetre","23":"product_tag-jouer","24":"product_tag-morsure","25":"product_tag-papillon","26":"product_tag-present-fr","27":"product_tag-refroidissement","28":"product_tag-silicone-fr","29":"product_tag-sur","31":"first","32":"instock","33":"taxable","34":"shipping-taxable","35":"purchasable","36":"product-type-simple"},"bundled_by":[],"bundle_stock_status":"instock","bundle_stock_quantity":2,"bundle_virtual":false,"bundle_layout":"","bundle_add_to_cart_form_location":"","bundle_editable_in_cart":false,"bundle_sold_individually_context":"","bundle_item_grouping":"","bundle_min_size":"","bundle_max_size":"","bundle_price":[],"bundled_items":[],"bundle_sell_ids":[],"yoast_head":"<!-- This site is optimized with the Yoast SEO Premium plugin v27.6 (Yoast SEO v27.6) - https:\/\/yoast.com\/product\/yoast-seo-premium-wordpress\/ -->\n<title>Figurine de dentition - Silicone et bois - Butterfly Amber | Jootjes<\/title>\n<meta name=\"description\" content=\"Figurine de dentition - Silicone et Bois - Papillon Ambre. Sans danger pour les b\u00e9b\u00e9s, sans bpa. Les accessoires pour b\u00e9b\u00e9 parfaits comme cadeaux de maternit\u00e9 avec nous, LE grossiste.\" \/>\n<meta name=\"robots\" content=\"index, follow, max-snippet:-1, max-image-preview:large, max-video-preview:-1\" \/>\n<link rel=\"canonical\" href=\"https:\/\/www.jootjeshaakcadeautjes.nl\/fr\/produit\/figurine-de-dentition-silicone-et-bois-cygne-old-lace-kopie-kopie\/\" \/>\n<meta property=\"og:locale\" content=\"fr_FR\" \/>\n<meta property=\"og:type\" content=\"article\" \/>\n<meta property=\"og:title\" content=\"Figurine de dentition - Silicone et bois - Papillon - Ambre\" \/>\n<meta property=\"og:description\" content=\"Figurine de dentition - Silicone et Bois - Papillon Ambre. Sans danger pour les b\u00e9b\u00e9s, sans bpa. Les accessoires pour b\u00e9b\u00e9 parfaits comme cadeaux de maternit\u00e9 avec nous, LE grossiste.\" \/>\n<meta property=\"og:url\" content=\"https:\/\/www.jootjeshaakcadeautjes.nl\/fr\/produit\/figurine-de-dentition-silicone-et-bois-cygne-old-lace-kopie-kopie\/\" \/>\n<meta property=\"og:site_name\" content=\"Jootjes Haakcadeautjes\" \/>\n<meta property=\"og:image\" content=\"https:\/\/www.jootjeshaakcadeautjes.nl\/wp-content\/uploads\/2025\/06\/Naamloos-1449.webp\" \/>\n\t<meta property=\"og:image:width\" content=\"1874\" \/>\n\t<meta property=\"og:image:height\" content=\"1874\" \/>\n\t<meta property=\"og:image:type\" content=\"image\/webp\" \/>\n<meta name=\"twitter:card\" content=\"summary_large_image\" \/>\n<meta name=\"twitter:label1\" content=\"Prix\" \/>\n\t<meta name=\"twitter:data1\" content=\"&euro;3.75 TTC\" \/>\n\t<meta name=\"twitter:label2\" content=\"Disponibilit\u00e9\" \/>\n\t<meta name=\"twitter:data2\" content=\"En stock\" \/>\n<script type=\"application\/ld+json\" class=\"yoast-schema-graph\">{\"@context\":\"https:\\\/\\\/schema.org\",\"@graph\":[{\"@type\":\"WebPage\",\"@id\":\"https:\\\/\\\/www.jootjeshaakcadeautjes.nl\\\/fr\\\/produit\\\/figurine-de-dentition-silicone-et-bois-cygne-old-lace-kopie-kopie\\\/\",\"url\":\"https:\\\/\\\/www.jootjeshaakcadeautjes.nl\\\/fr\\\/produit\\\/figurine-de-dentition-silicone-et-bois-cygne-old-lace-kopie-kopie\\\/\",\"name\":\"Figurine de dentition - Silicone et bois - Butterfly Amber | Jootjes\",\"isPartOf\":{\"@id\":\"https:\\\/\\\/www.jootjeshaakcadeautjes.nl\\\/fr\\\/#website\"},\"primaryImageOfPage\":{\"@id\":\"https:\\\/\\\/www.jootjeshaakcadeautjes.nl\\\/fr\\\/produit\\\/figurine-de-dentition-silicone-et-bois-cygne-old-lace-kopie-kopie\\\/#primaryimage\"},\"image\":{\"@id\":\"https:\\\/\\\/www.jootjeshaakcadeautjes.nl\\\/fr\\\/produit\\\/figurine-de-dentition-silicone-et-bois-cygne-old-lace-kopie-kopie\\\/#primaryimage\"},\"thumbnailUrl\":\"https:\\\/\\\/d1dyryakdmle7o.cloudfront.net\\\/wp-content\\\/uploads\\\/2025\\\/06\\\/Naamloos-1449.webp\",\"datePublished\":\"2025-06-17T12:33:20+00:00\",\"description\":\"Figurine de dentition - Silicone et Bois - Papillon Ambre. Sans danger pour les b\u00e9b\u00e9s, sans bpa. Les accessoires pour b\u00e9b\u00e9 parfaits comme cadeaux de maternit\u00e9 avec nous, LE grossiste.\",\"breadcrumb\":{\"@id\":\"https:\\\/\\\/www.jootjeshaakcadeautjes.nl\\\/fr\\\/produit\\\/figurine-de-dentition-silicone-et-bois-cygne-old-lace-kopie-kopie\\\/#breadcrumb\"},\"inLanguage\":\"fr-FR\",\"potentialAction\":[{\"@type\":\"ReadAction\",\"target\":[\"https:\\\/\\\/www.jootjeshaakcadeautjes.nl\\\/fr\\\/produit\\\/figurine-de-dentition-silicone-et-bois-cygne-old-lace-kopie-kopie\\\/\"]}]},{\"@type\":\"ImageObject\",\"inLanguage\":\"fr-FR\",\"@id\":\"https:\\\/\\\/www.jootjeshaakcadeautjes.nl\\\/fr\\\/produit\\\/figurine-de-dentition-silicone-et-bois-cygne-old-lace-kopie-kopie\\\/#primaryimage\",\"url\":\"https:\\\/\\\/d1dyryakdmle7o.cloudfront.net\\\/wp-content\\\/uploads\\\/2025\\\/06\\\/Naamloos-1449.webp\",\"contentUrl\":\"https:\\\/\\\/d1dyryakdmle7o.cloudfront.net\\\/wp-content\\\/uploads\\\/2025\\\/06\\\/Naamloos-1449.webp\",\"width\":1874,\"height\":1874},{\"@type\":\"BreadcrumbList\",\"@id\":\"https:\\\/\\\/www.jootjeshaakcadeautjes.nl\\\/fr\\\/produit\\\/figurine-de-dentition-silicone-et-bois-cygne-old-lace-kopie-kopie\\\/#breadcrumb\",\"itemListElement\":[{\"@type\":\"ListItem\",\"position\":1,\"name\":\"Accueil\",\"item\":\"https:\\\/\\\/www.jootjeshaakcadeautjes.nl\\\/fr\\\/\"},{\"@type\":\"ListItem\",\"position\":2,\"name\":\"Commerce de gros de perles en silicone &#8211; Entreprises et consommateurs\",\"item\":\"https:\\\/\\\/www.jootjeshaakcadeautjes.nl\\\/fr\\\/boutique\\\/\"},{\"@type\":\"ListItem\",\"position\":3,\"name\":\"Figurine de dentition &#8211; Silicone et bois &#8211; Papillon &#8211; Ambre\"}]},{\"@type\":\"WebSite\",\"@id\":\"https:\\\/\\\/www.jootjeshaakcadeautjes.nl\\\/fr\\\/#website\",\"url\":\"https:\\\/\\\/www.jootjeshaakcadeautjes.nl\\\/fr\\\/\",\"name\":\"Jootjes Haakcadeautjes\",\"description\":\"Grossiste en perles de silicone\",\"publisher\":{\"@id\":\"https:\\\/\\\/www.jootjeshaakcadeautjes.nl\\\/fr\\\/#organization\"},\"potentialAction\":[{\"@type\":\"SearchAction\",\"target\":{\"@type\":\"EntryPoint\",\"urlTemplate\":\"https:\\\/\\\/www.jootjeshaakcadeautjes.nl\\\/fr\\\/?s={search_term_string}\"},\"query-input\":{\"@type\":\"PropertyValueSpecification\",\"valueRequired\":true,\"valueName\":\"search_term_string\"}}],\"inLanguage\":\"fr-FR\"},{\"@type\":\"Organization\",\"@id\":\"https:\\\/\\\/www.jootjeshaakcadeautjes.nl\\\/fr\\\/#organization\",\"name\":\"Jootjes Haakcadeautjes\",\"url\":\"https:\\\/\\\/www.jootjeshaakcadeautjes.nl\\\/fr\\\/\",\"logo\":{\"@type\":\"ImageObject\",\"inLanguage\":\"fr-FR\",\"@id\":\"https:\\\/\\\/www.jootjeshaakcadeautjes.nl\\\/fr\\\/#\\\/schema\\\/logo\\\/image\\\/\",\"url\":\"https:\\\/\\\/d1dyryakdmle7o.cloudfront.net\\\/wp-content\\\/uploads\\\/2023\\\/05\\\/Logo-rond.png\",\"contentUrl\":\"https:\\\/\\\/d1dyryakdmle7o.cloudfront.net\\\/wp-content\\\/uploads\\\/2023\\\/05\\\/Logo-rond.png\",\"width\":1222,\"height\":1222,\"caption\":\"Jootjes Haakcadeautjes\"},\"image\":{\"@id\":\"https:\\\/\\\/www.jootjeshaakcadeautjes.nl\\\/fr\\\/#\\\/schema\\\/logo\\\/image\\\/\"}}]}<\/script>\n<meta property=\"product:price:amount\" content=\"3.75\" \/>\n<meta property=\"product:price:currency\" content=\"EUR\" \/>\n<meta property=\"og:availability\" content=\"instock\" \/>\n<meta property=\"product:availability\" content=\"instock\" \/>\n<meta property=\"product:retailer_item_id\" content=\"SIL-SHV-AMB\" \/>\n<meta property=\"product:condition\" content=\"new\" \/>\n<!-- \/ Yoast SEO Premium plugin. -->","yoast_head_json":{"title":"Figurine de dentition - Silicone et bois - Butterfly Amber | Jootjes","description":"Figurine de dentition - Silicone et Bois - Papillon Ambre. Sans danger pour les b\u00e9b\u00e9s, sans bpa. Les accessoires pour b\u00e9b\u00e9 parfaits comme cadeaux de maternit\u00e9 avec nous, LE grossiste.","robots":{"index":"index","follow":"follow","max-snippet":"max-snippet:-1","max-image-preview":"max-image-preview:large","max-video-preview":"max-video-preview:-1"},"canonical":"https:\/\/www.jootjeshaakcadeautjes.nl\/fr\/produit\/figurine-de-dentition-silicone-et-bois-cygne-old-lace-kopie-kopie\/","og_locale":"fr_FR","og_type":"article","og_title":"Figurine de dentition - Silicone et bois - Papillon - Ambre","og_description":"Figurine de dentition - Silicone et Bois - Papillon Ambre. Sans danger pour les b\u00e9b\u00e9s, sans bpa. Les accessoires pour b\u00e9b\u00e9 parfaits comme cadeaux de maternit\u00e9 avec nous, LE grossiste.","og_url":"https:\/\/www.jootjeshaakcadeautjes.nl\/fr\/produit\/figurine-de-dentition-silicone-et-bois-cygne-old-lace-kopie-kopie\/","og_site_name":"Jootjes Haakcadeautjes","og_image":[{"width":1874,"height":1874,"url":"https:\/\/www.jootjeshaakcadeautjes.nl\/wp-content\/uploads\/2025\/06\/Naamloos-1449.webp","type":"image\/webp"}],"twitter_card":"summary_large_image","twitter_misc":{"Prix":"&euro;3.75 TTC","Disponibilit\u00e9":"En stock"},"schema":{"@context":"https:\/\/schema.org","@graph":[{"@type":"WebPage","@id":"https:\/\/www.jootjeshaakcadeautjes.nl\/fr\/produit\/figurine-de-dentition-silicone-et-bois-cygne-old-lace-kopie-kopie\/","url":"https:\/\/www.jootjeshaakcadeautjes.nl\/fr\/produit\/figurine-de-dentition-silicone-et-bois-cygne-old-lace-kopie-kopie\/","name":"Figurine de dentition - Silicone et bois - Butterfly Amber | Jootjes","isPartOf":{"@id":"https:\/\/www.jootjeshaakcadeautjes.nl\/fr\/#website"},"primaryImageOfPage":{"@id":"https:\/\/www.jootjeshaakcadeautjes.nl\/fr\/produit\/figurine-de-dentition-silicone-et-bois-cygne-old-lace-kopie-kopie\/#primaryimage"},"image":{"@id":"https:\/\/www.jootjeshaakcadeautjes.nl\/fr\/produit\/figurine-de-dentition-silicone-et-bois-cygne-old-lace-kopie-kopie\/#primaryimage"},"thumbnailUrl":"https:\/\/d1dyryakdmle7o.cloudfront.net\/wp-content\/uploads\/2025\/06\/Naamloos-1449.webp","datePublished":"2025-06-17T12:33:20+00:00","description":"Figurine de dentition - Silicone et Bois - Papillon Ambre. Sans danger pour les b\u00e9b\u00e9s, sans bpa. Les accessoires pour b\u00e9b\u00e9 parfaits comme cadeaux de maternit\u00e9 avec nous, LE grossiste.","breadcrumb":{"@id":"https:\/\/www.jootjeshaakcadeautjes.nl\/fr\/produit\/figurine-de-dentition-silicone-et-bois-cygne-old-lace-kopie-kopie\/#breadcrumb"},"inLanguage":"fr-FR","potentialAction":[{"@type":"ReadAction","target":["https:\/\/www.jootjeshaakcadeautjes.nl\/fr\/produit\/figurine-de-dentition-silicone-et-bois-cygne-old-lace-kopie-kopie\/"]}]},{"@type":"ImageObject","inLanguage":"fr-FR","@id":"https:\/\/www.jootjeshaakcadeautjes.nl\/fr\/produit\/figurine-de-dentition-silicone-et-bois-cygne-old-lace-kopie-kopie\/#primaryimage","url":"https:\/\/d1dyryakdmle7o.cloudfront.net\/wp-content\/uploads\/2025\/06\/Naamloos-1449.webp","contentUrl":"https:\/\/d1dyryakdmle7o.cloudfront.net\/wp-content\/uploads\/2025\/06\/Naamloos-1449.webp","width":1874,"height":1874},{"@type":"BreadcrumbList","@id":"https:\/\/www.jootjeshaakcadeautjes.nl\/fr\/produit\/figurine-de-dentition-silicone-et-bois-cygne-old-lace-kopie-kopie\/#breadcrumb","itemListElement":[{"@type":"ListItem","position":1,"name":"Accueil","item":"https:\/\/www.jootjeshaakcadeautjes.nl\/fr\/"},{"@type":"ListItem","position":2,"name":"Commerce de gros de perles en silicone &#8211; Entreprises et consommateurs","item":"https:\/\/www.jootjeshaakcadeautjes.nl\/fr\/boutique\/"},{"@type":"ListItem","position":3,"name":"Figurine de dentition &#8211; Silicone et bois &#8211; Papillon &#8211; Ambre"}]},{"@type":"WebSite","@id":"https:\/\/www.jootjeshaakcadeautjes.nl\/fr\/#website","url":"https:\/\/www.jootjeshaakcadeautjes.nl\/fr\/","name":"Jootjes Haakcadeautjes","description":"Grossiste en perles de silicone","publisher":{"@id":"https:\/\/www.jootjeshaakcadeautjes.nl\/fr\/#organization"},"potentialAction":[{"@type":"SearchAction","target":{"@type":"EntryPoint","urlTemplate":"https:\/\/www.jootjeshaakcadeautjes.nl\/fr\/?s={search_term_string}"},"query-input":{"@type":"PropertyValueSpecification","valueRequired":true,"valueName":"search_term_string"}}],"inLanguage":"fr-FR"},{"@type":"Organization","@id":"https:\/\/www.jootjeshaakcadeautjes.nl\/fr\/#organization","name":"Jootjes Haakcadeautjes","url":"https:\/\/www.jootjeshaakcadeautjes.nl\/fr\/","logo":{"@type":"ImageObject","inLanguage":"fr-FR","@id":"https:\/\/www.jootjeshaakcadeautjes.nl\/fr\/#\/schema\/logo\/image\/","url":"https:\/\/d1dyryakdmle7o.cloudfront.net\/wp-content\/uploads\/2023\/05\/Logo-rond.png","contentUrl":"https:\/\/d1dyryakdmle7o.cloudfront.net\/wp-content\/uploads\/2023\/05\/Logo-rond.png","width":1222,"height":1222,"caption":"Jootjes Haakcadeautjes"},"image":{"@id":"https:\/\/www.jootjeshaakcadeautjes.nl\/fr\/#\/schema\/logo\/image\/"}}]},"product_price_amount":"3.75","product_price_currency":"EUR","og_availability":"instock","product_availability":"instock","product_retailer_item_id":"SIL-SHV-AMB","product_condition":"new"},"_links":{"self":[{"href":"https:\/\/www.jootjeshaakcadeautjes.nl\/fr\/wp-json\/wp\/v2\/product\/230388","targetHints":{"allow":["GET"]}}],"collection":[{"href":"https:\/\/www.jootjeshaakcadeautjes.nl\/fr\/wp-json\/wp\/v2\/product"}],"about":[{"href":"https:\/\/www.jootjeshaakcadeautjes.nl\/fr\/wp-json\/wp\/v2\/types\/product"}],"version-history":[{"count":0,"href":"https:\/\/www.jootjeshaakcadeautjes.nl\/fr\/wp-json\/wp\/v2\/product\/230388\/revisions"}],"wp:featuredmedia":[{"embeddable":true,"href":"https:\/\/www.jootjeshaakcadeautjes.nl\/fr\/wp-json\/wp\/v2\/media\/233932"}],"wp:attachment":[{"href":"https:\/\/www.jootjeshaakcadeautjes.nl\/fr\/wp-json\/wp\/v2\/media?parent=230388"}],"wp:term":[{"taxonomy":"product_brand","embeddable":true,"href":"https:\/\/www.jootjeshaakcadeautjes.nl\/fr\/wp-json\/wp\/v2\/product_brand?post=230388"},{"taxonomy":"product_cat","embeddable":true,"href":"https:\/\/www.jootjeshaakcadeautjes.nl\/fr\/wp-json\/wp\/v2\/product_cat?post=230388"},{"taxonomy":"product_tag","embeddable":true,"href":"https:\/\/www.jootjeshaakcadeautjes.nl\/fr\/wp-json\/wp\/v2\/product_tag?post=230388"}],"curies":[{"name":"wp","href":"https:\/\/api.w.org\/{rel}","templated":true}]}}