{"id":233011,"date":"2025-06-17T10:31:54","date_gmt":"2025-06-17T08:31:54","guid":{"rendered":"https:\/\/www.jootjeshaakcadeautjes.nl\/?post_type=product&#038;p=233011"},"modified":"2026-03-31T13:08:45","modified_gmt":"2026-03-31T11:08:45","slug":"anneau-de-dentition-en-silicone-relief-pistache-kopie-kopie-kopie-kopie","status":"publish","type":"product","link":"https:\/\/www.jootjeshaakcadeautjes.nl\/fr\/produit\/anneau-de-dentition-en-silicone-relief-pistache-kopie-kopie-kopie-kopie\/","title":{"rendered":"Anneau de dentition en silicone &#8211; Relief &#8211; Lapin &#8211; Taupe"},"content":{"rendered":"<h3><strong>Anneau de dentition en silicone Relief &#8211; Lapin &#8211; Taupe<\/strong><\/h3>\n<p>L&#8217;anneau de dentition en silicone est fabriqu\u00e9 en silicone sans BPA. Cela signifie que les produits ont \u00e9t\u00e9 jug\u00e9s s\u00fbrs pour une utilisation dans les jouets pour enfants. L&#8217;application de silicone ne contient pas de substances nocives. Nos produits sont donc conformes \u00e0 toutes les certifications n\u00e9cessaires. Surveillez toujours l&#8217;usure des jouets et jetez-les si n\u00e9cessaire. Cela s&#8217;applique \u00e0 tout type de jouet pour b\u00e9b\u00e9.<\/p>\n<p>La figure de dentition est \u00e9galement emboss\u00e9e dans le bas. En utilisant diff\u00e9rentes textures dans vos jouets pour b\u00e9b\u00e9s faits main, l&#8217;enfant est encourag\u00e9 \u00e0 se d\u00e9velopper. Un enfant apprend d&#8217;abord beaucoup gr\u00e2ce \u00e0 ses sens. Il est donc judicieux de varier en fonction des points suivants : <\/p>\n<ul>\n<li>Mat\u00e9riau\n<ul>\n<li>Silicone<\/li>\n<li>Bois<\/li>\n<li>Fil \u00e0 crochet.\n<ul>\n<li>Le fil de coton est g\u00e9n\u00e9ralement utilis\u00e9 car il est moins pelucheux. Les enfants n&#8217;en retirent donc aucune fibre. <\/li>\n<\/ul>\n<\/li>\n<\/ul>\n<\/li>\n<li>Texture\/Relief\n<ul>\n<li>Tous nos produits en silicone ont leur propre relief, tant au recto qu&#8217;au verso.<\/li>\n<li>De toute fa\u00e7on, le bois, le silicone et le fil ont tous leur propre toucher et leur propre texture.<\/li>\n<\/ul>\n<\/li>\n<li>Formes : rondes, g\u00e9om\u00e9triques, ovales, plusieurs animaux, anneaux.<\/li>\n<li>Visuel :\n<ul>\n<li>Diff\u00e9rentes formes<\/li>\n<li>Diff\u00e9rentes couleurs<\/li>\n<\/ul>\n<\/li>\n<\/ul>\n<p>Les appliques en silicone, comme les appliques en bois, sont souvent utilis\u00e9es pour fabriquer des jouets pour b\u00e9b\u00e9s \u00e0 la main.<\/p>\n<p>&nbsp;<\/p>\n","protected":false},"excerpt":{"rendered":"<p>Anneau de dentition Relief Rabbit<br \/>\nCouleur : Taupe<br \/>\nFabriqu\u00e9 en silicone sans BPA.<br \/>\nConvient aux produits finis certifi\u00e9s CE, 100% s\u00fbrs pour les enfants.<\/p>\n<p>Pour plus d&#8217;informations sur l&#8217;utilisation,<br \/>\nlire au bas de la page.<\/p>\n","protected":false},"featured_media":233924,"template":"","meta":[],"product_brand":[],"product_cat":[12293,7378,12682,13163,7185],"product_tag":[13176,7384,7401,10302,7424,10295,15544,7418,7440,10342,13240,7508,12299,10290,13537,7212,10267],"class_list":{"0":"post-233011","1":"product","2":"type-product","3":"status-publish","4":"has-post-thumbnail","6":"product_cat-anneaux-de-dentition-bebe-silicone-et-bois","7":"product_cat-fabrication-de-jouets-de-dentition-pour-bebe-cordon-de-sucette-et-anneaux-de-dentition","8":"product_cat-figurines-de-dentition-en-silicone-anneau-de-dentition-pendentif-de-dentition","9":"product_cat-jouet-de-dentition-en-silicone-chaine-de-dentition-jouet-de-dentition-pour-les-besoins-de-mastication-solides","10":"product_cat-nouveaux-produits","11":"product_tag-100-fr","12":"product_tag-anneau-de-dentition","13":"product_tag-bebe","14":"product_tag-bijoux","15":"product_tag-bpa-fr","16":"product_tag-certifie-fr","17":"product_tag-collier-dallaitement-fr","18":"product_tag-faux-cordon","19":"product_tag-gratuit","20":"product_tag-lanneau-de-prehension","21":"product_tag-lapin","22":"product_tag-morsure","23":"product_tag-morsure-fr","24":"product_tag-protection-des-enfants","25":"product_tag-secours","26":"product_tag-silicone-fr","27":"product_tag-taupe-fr","29":"first","30":"instock","31":"taxable","32":"shipping-taxable","33":"purchasable","34":"product-type-simple"},"bundled_by":[],"bundle_stock_status":"instock","bundle_stock_quantity":19,"bundle_virtual":false,"bundle_layout":"","bundle_add_to_cart_form_location":"","bundle_editable_in_cart":false,"bundle_sold_individually_context":"","bundle_item_grouping":"","bundle_min_size":"","bundle_max_size":"","bundle_price":[],"bundled_items":[],"bundle_sell_ids":[],"yoast_head":"<!-- This site is optimized with the Yoast SEO Premium plugin v27.6 (Yoast SEO v27.6) - https:\/\/yoast.com\/product\/yoast-seo-premium-wordpress\/ -->\n<title>Anneau de dentition en silicone - Relief - Lapin - Taupe - Figurine \u00e0 mordre sans BPA - Jootjes Haakcadeautjes.<\/title>\n<meta name=\"description\" content=\"Anneau de dentition en silicone en forme de chat. Figurine de dentition en silicone sans BPA 100 % sans danger pour les enfants, \u00e0 utiliser avec un anneau de dentition ou un cordon de t\u00e9tine.\" \/>\n<meta name=\"robots\" content=\"index, follow, max-snippet:-1, max-image-preview:large, max-video-preview:-1\" \/>\n<link rel=\"canonical\" href=\"https:\/\/www.jootjeshaakcadeautjes.nl\/fr\/produit\/anneau-de-dentition-en-silicone-relief-pistache-kopie-kopie-kopie-kopie\/\" \/>\n<meta property=\"og:locale\" content=\"fr_FR\" \/>\n<meta property=\"og:type\" content=\"article\" \/>\n<meta property=\"og:title\" content=\"Anneau de dentition en silicone - Relief - Lapin - Taupe\" \/>\n<meta property=\"og:description\" content=\"Anneau de dentition en silicone en forme de chat. Figurine de dentition en silicone sans BPA 100 % sans danger pour les enfants, \u00e0 utiliser avec un anneau de dentition ou un cordon de t\u00e9tine.\" \/>\n<meta property=\"og:url\" content=\"https:\/\/www.jootjeshaakcadeautjes.nl\/fr\/produit\/anneau-de-dentition-en-silicone-relief-pistache-kopie-kopie-kopie-kopie\/\" \/>\n<meta property=\"og:site_name\" content=\"Jootjes Haakcadeautjes\" \/>\n<meta property=\"article:modified_time\" content=\"2026-03-31T11:08:45+00:00\" \/>\n<meta property=\"og:image\" content=\"https:\/\/www.jootjeshaakcadeautjes.nl\/wp-content\/uploads\/2025\/06\/Naamloos-1447.webp\" \/>\n\t<meta property=\"og:image:width\" content=\"2075\" \/>\n\t<meta property=\"og:image:height\" content=\"2075\" \/>\n\t<meta property=\"og:image:type\" content=\"image\/webp\" \/>\n<meta name=\"twitter:card\" content=\"summary_large_image\" \/>\n<meta name=\"twitter:label1\" content=\"Prix\" \/>\n\t<meta name=\"twitter:data1\" content=\"&euro;3.00 TTC\" \/>\n\t<meta name=\"twitter:label2\" content=\"Disponibilit\u00e9\" \/>\n\t<meta name=\"twitter:data2\" content=\"En stock\" \/>\n<script type=\"application\/ld+json\" class=\"yoast-schema-graph\">{\"@context\":\"https:\\\/\\\/schema.org\",\"@graph\":[{\"@type\":\"WebPage\",\"@id\":\"https:\\\/\\\/www.jootjeshaakcadeautjes.nl\\\/fr\\\/produit\\\/anneau-de-dentition-en-silicone-relief-pistache-kopie-kopie-kopie-kopie\\\/\",\"url\":\"https:\\\/\\\/www.jootjeshaakcadeautjes.nl\\\/fr\\\/produit\\\/anneau-de-dentition-en-silicone-relief-pistache-kopie-kopie-kopie-kopie\\\/\",\"name\":\"Anneau de dentition en silicone - Relief - Lapin - Taupe - Figurine \u00e0 mordre sans BPA - Jootjes Haakcadeautjes.\",\"isPartOf\":{\"@id\":\"https:\\\/\\\/www.jootjeshaakcadeautjes.nl\\\/fr\\\/#website\"},\"primaryImageOfPage\":{\"@id\":\"https:\\\/\\\/www.jootjeshaakcadeautjes.nl\\\/fr\\\/produit\\\/anneau-de-dentition-en-silicone-relief-pistache-kopie-kopie-kopie-kopie\\\/#primaryimage\"},\"image\":{\"@id\":\"https:\\\/\\\/www.jootjeshaakcadeautjes.nl\\\/fr\\\/produit\\\/anneau-de-dentition-en-silicone-relief-pistache-kopie-kopie-kopie-kopie\\\/#primaryimage\"},\"thumbnailUrl\":\"https:\\\/\\\/d1dyryakdmle7o.cloudfront.net\\\/wp-content\\\/uploads\\\/2025\\\/06\\\/Naamloos-1447.webp\",\"datePublished\":\"2025-06-17T08:31:54+00:00\",\"dateModified\":\"2026-03-31T11:08:45+00:00\",\"description\":\"Anneau de dentition en silicone en forme de chat. Figurine de dentition en silicone sans BPA 100 % sans danger pour les enfants, \u00e0 utiliser avec un anneau de dentition ou un cordon de t\u00e9tine.\",\"breadcrumb\":{\"@id\":\"https:\\\/\\\/www.jootjeshaakcadeautjes.nl\\\/fr\\\/produit\\\/anneau-de-dentition-en-silicone-relief-pistache-kopie-kopie-kopie-kopie\\\/#breadcrumb\"},\"inLanguage\":\"fr-FR\",\"potentialAction\":[{\"@type\":\"ReadAction\",\"target\":[\"https:\\\/\\\/www.jootjeshaakcadeautjes.nl\\\/fr\\\/produit\\\/anneau-de-dentition-en-silicone-relief-pistache-kopie-kopie-kopie-kopie\\\/\"]}]},{\"@type\":\"ImageObject\",\"inLanguage\":\"fr-FR\",\"@id\":\"https:\\\/\\\/www.jootjeshaakcadeautjes.nl\\\/fr\\\/produit\\\/anneau-de-dentition-en-silicone-relief-pistache-kopie-kopie-kopie-kopie\\\/#primaryimage\",\"url\":\"https:\\\/\\\/d1dyryakdmle7o.cloudfront.net\\\/wp-content\\\/uploads\\\/2025\\\/06\\\/Naamloos-1447.webp\",\"contentUrl\":\"https:\\\/\\\/d1dyryakdmle7o.cloudfront.net\\\/wp-content\\\/uploads\\\/2025\\\/06\\\/Naamloos-1447.webp\",\"width\":2075,\"height\":2075},{\"@type\":\"BreadcrumbList\",\"@id\":\"https:\\\/\\\/www.jootjeshaakcadeautjes.nl\\\/fr\\\/produit\\\/anneau-de-dentition-en-silicone-relief-pistache-kopie-kopie-kopie-kopie\\\/#breadcrumb\",\"itemListElement\":[{\"@type\":\"ListItem\",\"position\":1,\"name\":\"Accueil\",\"item\":\"https:\\\/\\\/www.jootjeshaakcadeautjes.nl\\\/fr\\\/\"},{\"@type\":\"ListItem\",\"position\":2,\"name\":\"Commerce de gros de perles en silicone &#8211; Entreprises et consommateurs\",\"item\":\"https:\\\/\\\/www.jootjeshaakcadeautjes.nl\\\/fr\\\/boutique\\\/\"},{\"@type\":\"ListItem\",\"position\":3,\"name\":\"Anneau de dentition en silicone &#8211; Relief &#8211; Lapin &#8211; Taupe\"}]},{\"@type\":\"WebSite\",\"@id\":\"https:\\\/\\\/www.jootjeshaakcadeautjes.nl\\\/fr\\\/#website\",\"url\":\"https:\\\/\\\/www.jootjeshaakcadeautjes.nl\\\/fr\\\/\",\"name\":\"Jootjes Haakcadeautjes\",\"description\":\"Grossiste en perles de silicone\",\"publisher\":{\"@id\":\"https:\\\/\\\/www.jootjeshaakcadeautjes.nl\\\/fr\\\/#organization\"},\"potentialAction\":[{\"@type\":\"SearchAction\",\"target\":{\"@type\":\"EntryPoint\",\"urlTemplate\":\"https:\\\/\\\/www.jootjeshaakcadeautjes.nl\\\/fr\\\/?s={search_term_string}\"},\"query-input\":{\"@type\":\"PropertyValueSpecification\",\"valueRequired\":true,\"valueName\":\"search_term_string\"}}],\"inLanguage\":\"fr-FR\"},{\"@type\":\"Organization\",\"@id\":\"https:\\\/\\\/www.jootjeshaakcadeautjes.nl\\\/fr\\\/#organization\",\"name\":\"Jootjes Haakcadeautjes\",\"url\":\"https:\\\/\\\/www.jootjeshaakcadeautjes.nl\\\/fr\\\/\",\"logo\":{\"@type\":\"ImageObject\",\"inLanguage\":\"fr-FR\",\"@id\":\"https:\\\/\\\/www.jootjeshaakcadeautjes.nl\\\/fr\\\/#\\\/schema\\\/logo\\\/image\\\/\",\"url\":\"https:\\\/\\\/d1dyryakdmle7o.cloudfront.net\\\/wp-content\\\/uploads\\\/2023\\\/05\\\/Logo-rond.png\",\"contentUrl\":\"https:\\\/\\\/d1dyryakdmle7o.cloudfront.net\\\/wp-content\\\/uploads\\\/2023\\\/05\\\/Logo-rond.png\",\"width\":1222,\"height\":1222,\"caption\":\"Jootjes Haakcadeautjes\"},\"image\":{\"@id\":\"https:\\\/\\\/www.jootjeshaakcadeautjes.nl\\\/fr\\\/#\\\/schema\\\/logo\\\/image\\\/\"}}]}<\/script>\n<meta property=\"product:price:amount\" content=\"3.00\" \/>\n<meta property=\"product:price:currency\" content=\"EUR\" \/>\n<meta property=\"og:availability\" content=\"instock\" \/>\n<meta property=\"product:availability\" content=\"instock\" \/>\n<meta property=\"product:retailer_item_id\" content=\"SIL-REL-KTA\" \/>\n<meta property=\"product:condition\" content=\"new\" \/>\n<!-- \/ Yoast SEO Premium plugin. -->","yoast_head_json":{"title":"Anneau de dentition en silicone - Relief - Lapin - Taupe - Figurine \u00e0 mordre sans BPA - Jootjes Haakcadeautjes.","description":"Anneau de dentition en silicone en forme de chat. Figurine de dentition en silicone sans BPA 100 % sans danger pour les enfants, \u00e0 utiliser avec un anneau de dentition ou un cordon de t\u00e9tine.","robots":{"index":"index","follow":"follow","max-snippet":"max-snippet:-1","max-image-preview":"max-image-preview:large","max-video-preview":"max-video-preview:-1"},"canonical":"https:\/\/www.jootjeshaakcadeautjes.nl\/fr\/produit\/anneau-de-dentition-en-silicone-relief-pistache-kopie-kopie-kopie-kopie\/","og_locale":"fr_FR","og_type":"article","og_title":"Anneau de dentition en silicone - Relief - Lapin - Taupe","og_description":"Anneau de dentition en silicone en forme de chat. Figurine de dentition en silicone sans BPA 100 % sans danger pour les enfants, \u00e0 utiliser avec un anneau de dentition ou un cordon de t\u00e9tine.","og_url":"https:\/\/www.jootjeshaakcadeautjes.nl\/fr\/produit\/anneau-de-dentition-en-silicone-relief-pistache-kopie-kopie-kopie-kopie\/","og_site_name":"Jootjes Haakcadeautjes","article_modified_time":"2026-03-31T11:08:45+00:00","og_image":[{"width":2075,"height":2075,"url":"https:\/\/www.jootjeshaakcadeautjes.nl\/wp-content\/uploads\/2025\/06\/Naamloos-1447.webp","type":"image\/webp"}],"twitter_card":"summary_large_image","twitter_misc":{"Prix":"&euro;3.00 TTC","Disponibilit\u00e9":"En stock"},"schema":{"@context":"https:\/\/schema.org","@graph":[{"@type":"WebPage","@id":"https:\/\/www.jootjeshaakcadeautjes.nl\/fr\/produit\/anneau-de-dentition-en-silicone-relief-pistache-kopie-kopie-kopie-kopie\/","url":"https:\/\/www.jootjeshaakcadeautjes.nl\/fr\/produit\/anneau-de-dentition-en-silicone-relief-pistache-kopie-kopie-kopie-kopie\/","name":"Anneau de dentition en silicone - Relief - Lapin - Taupe - Figurine \u00e0 mordre sans BPA - Jootjes Haakcadeautjes.","isPartOf":{"@id":"https:\/\/www.jootjeshaakcadeautjes.nl\/fr\/#website"},"primaryImageOfPage":{"@id":"https:\/\/www.jootjeshaakcadeautjes.nl\/fr\/produit\/anneau-de-dentition-en-silicone-relief-pistache-kopie-kopie-kopie-kopie\/#primaryimage"},"image":{"@id":"https:\/\/www.jootjeshaakcadeautjes.nl\/fr\/produit\/anneau-de-dentition-en-silicone-relief-pistache-kopie-kopie-kopie-kopie\/#primaryimage"},"thumbnailUrl":"https:\/\/d1dyryakdmle7o.cloudfront.net\/wp-content\/uploads\/2025\/06\/Naamloos-1447.webp","datePublished":"2025-06-17T08:31:54+00:00","dateModified":"2026-03-31T11:08:45+00:00","description":"Anneau de dentition en silicone en forme de chat. Figurine de dentition en silicone sans BPA 100 % sans danger pour les enfants, \u00e0 utiliser avec un anneau de dentition ou un cordon de t\u00e9tine.","breadcrumb":{"@id":"https:\/\/www.jootjeshaakcadeautjes.nl\/fr\/produit\/anneau-de-dentition-en-silicone-relief-pistache-kopie-kopie-kopie-kopie\/#breadcrumb"},"inLanguage":"fr-FR","potentialAction":[{"@type":"ReadAction","target":["https:\/\/www.jootjeshaakcadeautjes.nl\/fr\/produit\/anneau-de-dentition-en-silicone-relief-pistache-kopie-kopie-kopie-kopie\/"]}]},{"@type":"ImageObject","inLanguage":"fr-FR","@id":"https:\/\/www.jootjeshaakcadeautjes.nl\/fr\/produit\/anneau-de-dentition-en-silicone-relief-pistache-kopie-kopie-kopie-kopie\/#primaryimage","url":"https:\/\/d1dyryakdmle7o.cloudfront.net\/wp-content\/uploads\/2025\/06\/Naamloos-1447.webp","contentUrl":"https:\/\/d1dyryakdmle7o.cloudfront.net\/wp-content\/uploads\/2025\/06\/Naamloos-1447.webp","width":2075,"height":2075},{"@type":"BreadcrumbList","@id":"https:\/\/www.jootjeshaakcadeautjes.nl\/fr\/produit\/anneau-de-dentition-en-silicone-relief-pistache-kopie-kopie-kopie-kopie\/#breadcrumb","itemListElement":[{"@type":"ListItem","position":1,"name":"Accueil","item":"https:\/\/www.jootjeshaakcadeautjes.nl\/fr\/"},{"@type":"ListItem","position":2,"name":"Commerce de gros de perles en silicone &#8211; Entreprises et consommateurs","item":"https:\/\/www.jootjeshaakcadeautjes.nl\/fr\/boutique\/"},{"@type":"ListItem","position":3,"name":"Anneau de dentition en silicone &#8211; Relief &#8211; Lapin &#8211; Taupe"}]},{"@type":"WebSite","@id":"https:\/\/www.jootjeshaakcadeautjes.nl\/fr\/#website","url":"https:\/\/www.jootjeshaakcadeautjes.nl\/fr\/","name":"Jootjes Haakcadeautjes","description":"Grossiste en perles de silicone","publisher":{"@id":"https:\/\/www.jootjeshaakcadeautjes.nl\/fr\/#organization"},"potentialAction":[{"@type":"SearchAction","target":{"@type":"EntryPoint","urlTemplate":"https:\/\/www.jootjeshaakcadeautjes.nl\/fr\/?s={search_term_string}"},"query-input":{"@type":"PropertyValueSpecification","valueRequired":true,"valueName":"search_term_string"}}],"inLanguage":"fr-FR"},{"@type":"Organization","@id":"https:\/\/www.jootjeshaakcadeautjes.nl\/fr\/#organization","name":"Jootjes Haakcadeautjes","url":"https:\/\/www.jootjeshaakcadeautjes.nl\/fr\/","logo":{"@type":"ImageObject","inLanguage":"fr-FR","@id":"https:\/\/www.jootjeshaakcadeautjes.nl\/fr\/#\/schema\/logo\/image\/","url":"https:\/\/d1dyryakdmle7o.cloudfront.net\/wp-content\/uploads\/2023\/05\/Logo-rond.png","contentUrl":"https:\/\/d1dyryakdmle7o.cloudfront.net\/wp-content\/uploads\/2023\/05\/Logo-rond.png","width":1222,"height":1222,"caption":"Jootjes Haakcadeautjes"},"image":{"@id":"https:\/\/www.jootjeshaakcadeautjes.nl\/fr\/#\/schema\/logo\/image\/"}}]},"product_price_amount":"3.00","product_price_currency":"EUR","og_availability":"instock","product_availability":"instock","product_retailer_item_id":"SIL-REL-KTA","product_condition":"new"},"_links":{"self":[{"href":"https:\/\/www.jootjeshaakcadeautjes.nl\/fr\/wp-json\/wp\/v2\/product\/233011","targetHints":{"allow":["GET"]}}],"collection":[{"href":"https:\/\/www.jootjeshaakcadeautjes.nl\/fr\/wp-json\/wp\/v2\/product"}],"about":[{"href":"https:\/\/www.jootjeshaakcadeautjes.nl\/fr\/wp-json\/wp\/v2\/types\/product"}],"version-history":[{"count":0,"href":"https:\/\/www.jootjeshaakcadeautjes.nl\/fr\/wp-json\/wp\/v2\/product\/233011\/revisions"}],"wp:featuredmedia":[{"embeddable":true,"href":"https:\/\/www.jootjeshaakcadeautjes.nl\/fr\/wp-json\/wp\/v2\/media\/233924"}],"wp:attachment":[{"href":"https:\/\/www.jootjeshaakcadeautjes.nl\/fr\/wp-json\/wp\/v2\/media?parent=233011"}],"wp:term":[{"taxonomy":"product_brand","embeddable":true,"href":"https:\/\/www.jootjeshaakcadeautjes.nl\/fr\/wp-json\/wp\/v2\/product_brand?post=233011"},{"taxonomy":"product_cat","embeddable":true,"href":"https:\/\/www.jootjeshaakcadeautjes.nl\/fr\/wp-json\/wp\/v2\/product_cat?post=233011"},{"taxonomy":"product_tag","embeddable":true,"href":"https:\/\/www.jootjeshaakcadeautjes.nl\/fr\/wp-json\/wp\/v2\/product_tag?post=233011"}],"curies":[{"name":"wp","href":"https:\/\/api.w.org\/{rel}","templated":true}]}}