{"id":233839,"date":"2025-06-16T16:12:04","date_gmt":"2025-06-16T14:12:04","guid":{"rendered":"https:\/\/www.jootjeshaakcadeautjes.nl\/?post_type=product&#038;p=233839"},"modified":"2026-03-13T19:38:03","modified_gmt":"2026-03-13T18:38:03","slug":"figurine-de-dentition-silicone-et-bois-dinosaure-petrol-grise-kopie","status":"publish","type":"product","link":"https:\/\/www.jootjeshaakcadeautjes.nl\/fr\/produit\/figurine-de-dentition-silicone-et-bois-dinosaure-petrol-grise-kopie\/","title":{"rendered":"Figurine de dentition &#8211; Silicone et Bois &#8211; Dinosaure &#8211; Pistache"},"content":{"rendered":"<h2>Figurine de dentition en silicone &#8211; Silicone et bois &#8211; Dinosaure &#8211; Pistache<\/h2>\n<ul>\n<li>Mod\u00e8le : Dinosaure<\/li>\n<li>Couleur : pistache<\/li>\n<li>Mat\u00e9riau : bois de h\u00eatre et silicone test\u00e9s EN-71 et chimiquement s\u00fbrs, totalement exempts de BPA.<\/li>\n<\/ul>\n<h2 data-start=\"309\" data-end=\"339\">\ud83c\udf3f Mat\u00e9riel et s\u00e9curit\u00e9<\/h2>\n<p data-start=\"340\" data-end=\"613\">Cette figurine \u00e0 mordre en silicone et en bois en forme de dinosaure est fabriqu\u00e9e en <strong data-start=\"405\" data-end=\"423\">bois brut<\/strong>. Le bois n&#8217;est donc pas laqu\u00e9, teint\u00e9 ou huil\u00e9. De plus, elle est fabriqu\u00e9e en silicone EN-71, test\u00e9 pour sa s\u00e9curit\u00e9 chimique. Tous nos bois et silicones sont <strong data-start=\"490\" data-end=\"514\">test\u00e9s de mani\u00e8re ind\u00e9pendante<\/strong> par un <strong data-start=\"524\" data-end=\"559\">laboratoire certifi\u00e9 ISO<\/strong> et <strong data-start=\"581\" data-end=\"612\">s&#8217;av\u00e8rent chimiquement sans danger pour les b\u00e9b\u00e9s<\/strong>.   <\/p>\n<h2 data-start=\"615\" data-end=\"644\">\ud83c\udf32 Variations naturelles<\/h2>\n<p data-start=\"645\" data-end=\"906\">Ainsi, une figurine de dentition en silicone et en bois est \u00e9galement partiellement fabriqu\u00e9e en bois, un <strong data-start=\"692\" data-end=\"716\">mat\u00e9riau naturel<\/strong>. Par cons\u00e9quent, chaque figurine de dentition peut pr\u00e9senter de l\u00e9g\u00e8res diff\u00e9rences au niveau de la couleur, des marques ou des n\u0153uds. <\/p>\n<h2 data-start=\"908\" data-end=\"935\">\u26a0\ufe0f Check &amp; Wear<\/h2>\n<p data-start=\"936\" data-end=\"1155\">Le bois est sensible \u00e0 l&#8217;usure due \u00e0 l&#8217;utilisation, \u00e0 la temp\u00e9rature et \u00e0 l&#8217;humidit\u00e9. <strong data-start=\"1036\" data-end=\"1056\">Avant chaque utilisation,<\/strong> v\u00e9rifiez que le jouet en bois n&#8217;est pas endommag\u00e9. Remplacez-le d\u00e8s les premiers signes d&#8217;usure pour garantir une utilisation s\u00fbre.  <\/p>\n<h2 data-start=\"1157\" data-end=\"1190\">\ud83d\udd27 Utiliser comme pi\u00e8ce de bricolage<\/h2>\n<p data-start=\"1191\" data-end=\"1309\">Ces marques de morsure sont destin\u00e9es \u00e0 \u00eatre utilis\u00e9es en tant que <strong data-start=\"1225\" data-end=\"1242\">pi\u00e8ces de bricolage<\/strong>, en combinaison avec d&#8217;autres mat\u00e9riaux. Vous pouvez les utiliser pour : <\/p>\n<ul data-start=\"1310\" data-end=\"1415\">\n<li data-start=\"1310\" data-end=\"1326\">\n<p data-start=\"1312\" data-end=\"1326\">un anneau de dentition<\/p>\n<\/li>\n<li data-start=\"1327\" data-end=\"1352\">\n<p data-start=\"1329\" data-end=\"1352\">un cube d&#8217;activit\u00e9s<\/p>\n<\/li>\n<li data-start=\"1353\" data-end=\"1373\">\n<p data-start=\"1355\" data-end=\"1373\">un tendeur de wagon<\/p>\n<\/li>\n<li data-start=\"1374\" data-end=\"1398\">\n<p data-start=\"1376\" data-end=\"1398\">jouets sensoriels<\/p>\n<\/li>\n<li data-start=\"1399\" data-end=\"1415\">\n<p data-start=\"1401\" data-end=\"1415\">autres cadeaux de maternit\u00e9<\/p>\n<\/li>\n<\/ul>\n<p data-start=\"1417\" data-end=\"1726\">Le <strong data-start=\"1421\" data-end=\"1436\">produit final<\/strong> que vous fabriquez doit \u00eatre conforme aux <strong data-start=\"1470\" data-end=\"1494\">directives sur les jouets<\/strong>. Nous assurons la s\u00e9curit\u00e9 chimique du bois, mais nous ne pouvons pas tester la <strong data-start=\"1558\" data-end=\"1584\">s\u00e9curit\u00e9 m\u00e9canique<\/strong> (la construction). En effet, chaque combinaison est diff\u00e9rente. C&#8217;est \u00e0 vous, en tant que fabricant, qu&#8217;incombe cette responsabilit\u00e9.   <\/p>\n<p>Cette figurine de dentition s&#8217;accorde parfaitement avec nos perles, anneaux et autres produits en h\u00eatre de couleur Pistache.<\/p>\n","protected":false},"excerpt":{"rendered":"<ul>\n<li style=\"list-style-type: none;\">\n<ul>\n<li>Forme : Dinosaure<\/li>\n<li>Couleur : pistache<\/li>\n<li>Fabriqu\u00e9 en bois de h\u00eatre brut (non laqu\u00e9, teint\u00e9 ou huil\u00e9) et en silicone. Tous deux sont chimiquement s\u00fbrs pour les b\u00e9b\u00e9s et ont \u00e9t\u00e9 test\u00e9s conform\u00e9ment aux normes EN-71, REACH et \u00e0 la directive europ\u00e9enne sur les jouets.  Sans BPA !<\/li>\n<li>Figurine de dentition \/ Anneau de dentition, destin\u00e9 \u00e0 faire partie d&#8217;un anneau de dentition ou d&#8217;un autre produit.<\/li>\n<\/ul>\n<p>Pour plus d&#8217;informations sur la fa\u00e7on de l&#8217;utiliser, lisez le bas de la page.<\/li>\n<\/ul>\n","protected":false},"featured_media":224873,"template":"","meta":[],"product_brand":[],"product_cat":[12389,7185],"product_tag":[7401,10409,7424,12391,10355,12395,9997,7440,10414,7508,10222,12400,7212,7408],"class_list":{"0":"post-233839","1":"product","2":"type-product","3":"status-publish","4":"has-post-thumbnail","6":"product_cat-anneaux-de-dentition-et-marques-de-morsure-en-silicone-et-en-bois","7":"product_cat-nouveaux-produits","8":"product_tag-bebe","9":"product_tag-bois-fr","10":"product_tag-bpa-fr","11":"product_tag-dents","12":"product_tag-dinosaure","13":"product_tag-en-passant-par","14":"product_tag-fr-71","15":"product_tag-gratuit","16":"product_tag-hetre","17":"product_tag-morsure","18":"product_tag-pistache-fr","19":"product_tag-refroidissement","20":"product_tag-silicone-fr","21":"product_tag-sur","23":"first","24":"instock","25":"taxable","26":"shipping-taxable","27":"purchasable","28":"product-type-simple"},"bundled_by":[],"bundle_stock_status":"instock","bundle_stock_quantity":49,"bundle_virtual":false,"bundle_layout":"","bundle_add_to_cart_form_location":"","bundle_editable_in_cart":false,"bundle_sold_individually_context":"","bundle_item_grouping":"","bundle_min_size":"","bundle_max_size":"","bundle_price":[],"bundled_items":[],"bundle_sell_ids":[],"yoast_head":"<!-- This site is optimized with the Yoast SEO Premium plugin v27.6 (Yoast SEO v27.6) - https:\/\/yoast.com\/product\/yoast-seo-premium-wordpress\/ -->\n<title>Figurine de dentition - Silicone et bois - Dinosaure - Pistache<\/title>\n<meta name=\"description\" content=\"Figurine de dentition en forme de dinosaure en silicone et bois de h\u00eatre de haute qualit\u00e9 et sans danger pour les b\u00e9b\u00e9s, de couleur pistache. Sans BPA.\" \/>\n<meta name=\"robots\" content=\"index, follow, max-snippet:-1, max-image-preview:large, max-video-preview:-1\" \/>\n<link rel=\"canonical\" href=\"https:\/\/www.jootjeshaakcadeautjes.nl\/fr\/produit\/figurine-de-dentition-silicone-et-bois-dinosaure-petrol-grise-kopie\/\" \/>\n<meta property=\"og:locale\" content=\"fr_FR\" \/>\n<meta property=\"og:type\" content=\"article\" \/>\n<meta property=\"og:title\" content=\"Figurine de dentition - Silicone et Bois - Dinosaure - Pistache\" \/>\n<meta property=\"og:description\" content=\"Figurine de dentition en forme de dinosaure en silicone et bois de h\u00eatre de haute qualit\u00e9 et sans danger pour les b\u00e9b\u00e9s, de couleur pistache. Sans BPA.\" \/>\n<meta property=\"og:url\" content=\"https:\/\/www.jootjeshaakcadeautjes.nl\/fr\/produit\/figurine-de-dentition-silicone-et-bois-dinosaure-petrol-grise-kopie\/\" \/>\n<meta property=\"og:site_name\" content=\"Jootjes Haakcadeautjes\" \/>\n<meta property=\"article:modified_time\" content=\"2026-03-13T18:38:03+00:00\" \/>\n<meta property=\"og:image\" content=\"https:\/\/d1dyryakdmle7o.cloudfront.net\/wp-content\/uploads\/2025\/05\/20250428_030455.webp\" \/>\n\t<meta property=\"og:image:width\" content=\"2048\" \/>\n\t<meta property=\"og:image:height\" content=\"2048\" \/>\n\t<meta property=\"og:image:type\" content=\"image\/webp\" \/>\n<meta name=\"twitter:card\" content=\"summary_large_image\" \/>\n<meta name=\"twitter:label1\" content=\"Prix\" \/>\n\t<meta name=\"twitter:data1\" content=\"&euro;3.75 TTC\" \/>\n\t<meta name=\"twitter:label2\" content=\"Disponibilit\u00e9\" \/>\n\t<meta name=\"twitter:data2\" content=\"En stock\" \/>\n<script type=\"application\/ld+json\" class=\"yoast-schema-graph\">{\"@context\":\"https:\\\/\\\/schema.org\",\"@graph\":[{\"@type\":\"WebPage\",\"@id\":\"https:\\\/\\\/www.jootjeshaakcadeautjes.nl\\\/fr\\\/produit\\\/figurine-de-dentition-silicone-et-bois-dinosaure-petrol-grise-kopie\\\/\",\"url\":\"https:\\\/\\\/www.jootjeshaakcadeautjes.nl\\\/fr\\\/produit\\\/figurine-de-dentition-silicone-et-bois-dinosaure-petrol-grise-kopie\\\/\",\"name\":\"Figurine de dentition - Silicone et bois - Dinosaure - Pistache\",\"isPartOf\":{\"@id\":\"https:\\\/\\\/www.jootjeshaakcadeautjes.nl\\\/fr\\\/#website\"},\"primaryImageOfPage\":{\"@id\":\"https:\\\/\\\/www.jootjeshaakcadeautjes.nl\\\/fr\\\/produit\\\/figurine-de-dentition-silicone-et-bois-dinosaure-petrol-grise-kopie\\\/#primaryimage\"},\"image\":{\"@id\":\"https:\\\/\\\/www.jootjeshaakcadeautjes.nl\\\/fr\\\/produit\\\/figurine-de-dentition-silicone-et-bois-dinosaure-petrol-grise-kopie\\\/#primaryimage\"},\"thumbnailUrl\":\"https:\\\/\\\/d1dyryakdmle7o.cloudfront.net\\\/wp-content\\\/uploads\\\/2025\\\/05\\\/20250428_030455.webp\",\"datePublished\":\"2025-06-16T14:12:04+00:00\",\"dateModified\":\"2026-03-13T18:38:03+00:00\",\"description\":\"Figurine de dentition en forme de dinosaure en silicone et bois de h\u00eatre de haute qualit\u00e9 et sans danger pour les b\u00e9b\u00e9s, de couleur pistache. Sans BPA.\",\"breadcrumb\":{\"@id\":\"https:\\\/\\\/www.jootjeshaakcadeautjes.nl\\\/fr\\\/produit\\\/figurine-de-dentition-silicone-et-bois-dinosaure-petrol-grise-kopie\\\/#breadcrumb\"},\"inLanguage\":\"fr-FR\",\"potentialAction\":[{\"@type\":\"ReadAction\",\"target\":[\"https:\\\/\\\/www.jootjeshaakcadeautjes.nl\\\/fr\\\/produit\\\/figurine-de-dentition-silicone-et-bois-dinosaure-petrol-grise-kopie\\\/\"]}]},{\"@type\":\"ImageObject\",\"inLanguage\":\"fr-FR\",\"@id\":\"https:\\\/\\\/www.jootjeshaakcadeautjes.nl\\\/fr\\\/produit\\\/figurine-de-dentition-silicone-et-bois-dinosaure-petrol-grise-kopie\\\/#primaryimage\",\"url\":\"https:\\\/\\\/d1dyryakdmle7o.cloudfront.net\\\/wp-content\\\/uploads\\\/2025\\\/05\\\/20250428_030455.webp\",\"contentUrl\":\"https:\\\/\\\/d1dyryakdmle7o.cloudfront.net\\\/wp-content\\\/uploads\\\/2025\\\/05\\\/20250428_030455.webp\",\"width\":2048,\"height\":2048},{\"@type\":\"BreadcrumbList\",\"@id\":\"https:\\\/\\\/www.jootjeshaakcadeautjes.nl\\\/fr\\\/produit\\\/figurine-de-dentition-silicone-et-bois-dinosaure-petrol-grise-kopie\\\/#breadcrumb\",\"itemListElement\":[{\"@type\":\"ListItem\",\"position\":1,\"name\":\"Accueil\",\"item\":\"https:\\\/\\\/www.jootjeshaakcadeautjes.nl\\\/fr\\\/\"},{\"@type\":\"ListItem\",\"position\":2,\"name\":\"Commerce de gros de perles en silicone &#8211; Entreprises et consommateurs\",\"item\":\"https:\\\/\\\/www.jootjeshaakcadeautjes.nl\\\/fr\\\/boutique\\\/\"},{\"@type\":\"ListItem\",\"position\":3,\"name\":\"Figurine de dentition &#8211; Silicone et Bois &#8211; Dinosaure &#8211; Pistache\"}]},{\"@type\":\"WebSite\",\"@id\":\"https:\\\/\\\/www.jootjeshaakcadeautjes.nl\\\/fr\\\/#website\",\"url\":\"https:\\\/\\\/www.jootjeshaakcadeautjes.nl\\\/fr\\\/\",\"name\":\"Jootjes Haakcadeautjes\",\"description\":\"Grossiste en perles de silicone\",\"publisher\":{\"@id\":\"https:\\\/\\\/www.jootjeshaakcadeautjes.nl\\\/fr\\\/#organization\"},\"potentialAction\":[{\"@type\":\"SearchAction\",\"target\":{\"@type\":\"EntryPoint\",\"urlTemplate\":\"https:\\\/\\\/www.jootjeshaakcadeautjes.nl\\\/fr\\\/?s={search_term_string}\"},\"query-input\":{\"@type\":\"PropertyValueSpecification\",\"valueRequired\":true,\"valueName\":\"search_term_string\"}}],\"inLanguage\":\"fr-FR\"},{\"@type\":\"Organization\",\"@id\":\"https:\\\/\\\/www.jootjeshaakcadeautjes.nl\\\/fr\\\/#organization\",\"name\":\"Jootjes Haakcadeautjes\",\"url\":\"https:\\\/\\\/www.jootjeshaakcadeautjes.nl\\\/fr\\\/\",\"logo\":{\"@type\":\"ImageObject\",\"inLanguage\":\"fr-FR\",\"@id\":\"https:\\\/\\\/www.jootjeshaakcadeautjes.nl\\\/fr\\\/#\\\/schema\\\/logo\\\/image\\\/\",\"url\":\"https:\\\/\\\/d1dyryakdmle7o.cloudfront.net\\\/wp-content\\\/uploads\\\/2023\\\/05\\\/Logo-rond.png\",\"contentUrl\":\"https:\\\/\\\/d1dyryakdmle7o.cloudfront.net\\\/wp-content\\\/uploads\\\/2023\\\/05\\\/Logo-rond.png\",\"width\":1222,\"height\":1222,\"caption\":\"Jootjes Haakcadeautjes\"},\"image\":{\"@id\":\"https:\\\/\\\/www.jootjeshaakcadeautjes.nl\\\/fr\\\/#\\\/schema\\\/logo\\\/image\\\/\"}}]}<\/script>\n<meta property=\"product:price:amount\" content=\"3.75\" \/>\n<meta property=\"product:price:currency\" content=\"EUR\" \/>\n<meta property=\"og:availability\" content=\"instock\" \/>\n<meta property=\"product:availability\" content=\"instock\" \/>\n<meta property=\"product:retailer_item_id\" content=\"SIL-BFH-PSD\" \/>\n<meta property=\"product:condition\" content=\"new\" \/>\n<!-- \/ Yoast SEO Premium plugin. -->","yoast_head_json":{"title":"Figurine de dentition - Silicone et bois - Dinosaure - Pistache","description":"Figurine de dentition en forme de dinosaure en silicone et bois de h\u00eatre de haute qualit\u00e9 et sans danger pour les b\u00e9b\u00e9s, de couleur pistache. Sans BPA.","robots":{"index":"index","follow":"follow","max-snippet":"max-snippet:-1","max-image-preview":"max-image-preview:large","max-video-preview":"max-video-preview:-1"},"canonical":"https:\/\/www.jootjeshaakcadeautjes.nl\/fr\/produit\/figurine-de-dentition-silicone-et-bois-dinosaure-petrol-grise-kopie\/","og_locale":"fr_FR","og_type":"article","og_title":"Figurine de dentition - Silicone et Bois - Dinosaure - Pistache","og_description":"Figurine de dentition en forme de dinosaure en silicone et bois de h\u00eatre de haute qualit\u00e9 et sans danger pour les b\u00e9b\u00e9s, de couleur pistache. Sans BPA.","og_url":"https:\/\/www.jootjeshaakcadeautjes.nl\/fr\/produit\/figurine-de-dentition-silicone-et-bois-dinosaure-petrol-grise-kopie\/","og_site_name":"Jootjes Haakcadeautjes","article_modified_time":"2026-03-13T18:38:03+00:00","og_image":[{"width":2048,"height":2048,"url":"https:\/\/d1dyryakdmle7o.cloudfront.net\/wp-content\/uploads\/2025\/05\/20250428_030455.webp","type":"image\/webp"}],"twitter_card":"summary_large_image","twitter_misc":{"Prix":"&euro;3.75 TTC","Disponibilit\u00e9":"En stock"},"schema":{"@context":"https:\/\/schema.org","@graph":[{"@type":"WebPage","@id":"https:\/\/www.jootjeshaakcadeautjes.nl\/fr\/produit\/figurine-de-dentition-silicone-et-bois-dinosaure-petrol-grise-kopie\/","url":"https:\/\/www.jootjeshaakcadeautjes.nl\/fr\/produit\/figurine-de-dentition-silicone-et-bois-dinosaure-petrol-grise-kopie\/","name":"Figurine de dentition - Silicone et bois - Dinosaure - Pistache","isPartOf":{"@id":"https:\/\/www.jootjeshaakcadeautjes.nl\/fr\/#website"},"primaryImageOfPage":{"@id":"https:\/\/www.jootjeshaakcadeautjes.nl\/fr\/produit\/figurine-de-dentition-silicone-et-bois-dinosaure-petrol-grise-kopie\/#primaryimage"},"image":{"@id":"https:\/\/www.jootjeshaakcadeautjes.nl\/fr\/produit\/figurine-de-dentition-silicone-et-bois-dinosaure-petrol-grise-kopie\/#primaryimage"},"thumbnailUrl":"https:\/\/d1dyryakdmle7o.cloudfront.net\/wp-content\/uploads\/2025\/05\/20250428_030455.webp","datePublished":"2025-06-16T14:12:04+00:00","dateModified":"2026-03-13T18:38:03+00:00","description":"Figurine de dentition en forme de dinosaure en silicone et bois de h\u00eatre de haute qualit\u00e9 et sans danger pour les b\u00e9b\u00e9s, de couleur pistache. Sans BPA.","breadcrumb":{"@id":"https:\/\/www.jootjeshaakcadeautjes.nl\/fr\/produit\/figurine-de-dentition-silicone-et-bois-dinosaure-petrol-grise-kopie\/#breadcrumb"},"inLanguage":"fr-FR","potentialAction":[{"@type":"ReadAction","target":["https:\/\/www.jootjeshaakcadeautjes.nl\/fr\/produit\/figurine-de-dentition-silicone-et-bois-dinosaure-petrol-grise-kopie\/"]}]},{"@type":"ImageObject","inLanguage":"fr-FR","@id":"https:\/\/www.jootjeshaakcadeautjes.nl\/fr\/produit\/figurine-de-dentition-silicone-et-bois-dinosaure-petrol-grise-kopie\/#primaryimage","url":"https:\/\/d1dyryakdmle7o.cloudfront.net\/wp-content\/uploads\/2025\/05\/20250428_030455.webp","contentUrl":"https:\/\/d1dyryakdmle7o.cloudfront.net\/wp-content\/uploads\/2025\/05\/20250428_030455.webp","width":2048,"height":2048},{"@type":"BreadcrumbList","@id":"https:\/\/www.jootjeshaakcadeautjes.nl\/fr\/produit\/figurine-de-dentition-silicone-et-bois-dinosaure-petrol-grise-kopie\/#breadcrumb","itemListElement":[{"@type":"ListItem","position":1,"name":"Accueil","item":"https:\/\/www.jootjeshaakcadeautjes.nl\/fr\/"},{"@type":"ListItem","position":2,"name":"Commerce de gros de perles en silicone &#8211; Entreprises et consommateurs","item":"https:\/\/www.jootjeshaakcadeautjes.nl\/fr\/boutique\/"},{"@type":"ListItem","position":3,"name":"Figurine de dentition &#8211; Silicone et Bois &#8211; Dinosaure &#8211; Pistache"}]},{"@type":"WebSite","@id":"https:\/\/www.jootjeshaakcadeautjes.nl\/fr\/#website","url":"https:\/\/www.jootjeshaakcadeautjes.nl\/fr\/","name":"Jootjes Haakcadeautjes","description":"Grossiste en perles de silicone","publisher":{"@id":"https:\/\/www.jootjeshaakcadeautjes.nl\/fr\/#organization"},"potentialAction":[{"@type":"SearchAction","target":{"@type":"EntryPoint","urlTemplate":"https:\/\/www.jootjeshaakcadeautjes.nl\/fr\/?s={search_term_string}"},"query-input":{"@type":"PropertyValueSpecification","valueRequired":true,"valueName":"search_term_string"}}],"inLanguage":"fr-FR"},{"@type":"Organization","@id":"https:\/\/www.jootjeshaakcadeautjes.nl\/fr\/#organization","name":"Jootjes Haakcadeautjes","url":"https:\/\/www.jootjeshaakcadeautjes.nl\/fr\/","logo":{"@type":"ImageObject","inLanguage":"fr-FR","@id":"https:\/\/www.jootjeshaakcadeautjes.nl\/fr\/#\/schema\/logo\/image\/","url":"https:\/\/d1dyryakdmle7o.cloudfront.net\/wp-content\/uploads\/2023\/05\/Logo-rond.png","contentUrl":"https:\/\/d1dyryakdmle7o.cloudfront.net\/wp-content\/uploads\/2023\/05\/Logo-rond.png","width":1222,"height":1222,"caption":"Jootjes Haakcadeautjes"},"image":{"@id":"https:\/\/www.jootjeshaakcadeautjes.nl\/fr\/#\/schema\/logo\/image\/"}}]},"product_price_amount":"3.75","product_price_currency":"EUR","og_availability":"instock","product_availability":"instock","product_retailer_item_id":"SIL-BFH-PSD","product_condition":"new"},"_links":{"self":[{"href":"https:\/\/www.jootjeshaakcadeautjes.nl\/fr\/wp-json\/wp\/v2\/product\/233839","targetHints":{"allow":["GET"]}}],"collection":[{"href":"https:\/\/www.jootjeshaakcadeautjes.nl\/fr\/wp-json\/wp\/v2\/product"}],"about":[{"href":"https:\/\/www.jootjeshaakcadeautjes.nl\/fr\/wp-json\/wp\/v2\/types\/product"}],"version-history":[{"count":1,"href":"https:\/\/www.jootjeshaakcadeautjes.nl\/fr\/wp-json\/wp\/v2\/product\/233839\/revisions"}],"predecessor-version":[{"id":274556,"href":"https:\/\/www.jootjeshaakcadeautjes.nl\/fr\/wp-json\/wp\/v2\/product\/233839\/revisions\/274556"}],"wp:featuredmedia":[{"embeddable":true,"href":"https:\/\/www.jootjeshaakcadeautjes.nl\/fr\/wp-json\/wp\/v2\/media\/224873"}],"wp:attachment":[{"href":"https:\/\/www.jootjeshaakcadeautjes.nl\/fr\/wp-json\/wp\/v2\/media?parent=233839"}],"wp:term":[{"taxonomy":"product_brand","embeddable":true,"href":"https:\/\/www.jootjeshaakcadeautjes.nl\/fr\/wp-json\/wp\/v2\/product_brand?post=233839"},{"taxonomy":"product_cat","embeddable":true,"href":"https:\/\/www.jootjeshaakcadeautjes.nl\/fr\/wp-json\/wp\/v2\/product_cat?post=233839"},{"taxonomy":"product_tag","embeddable":true,"href":"https:\/\/www.jootjeshaakcadeautjes.nl\/fr\/wp-json\/wp\/v2\/product_tag?post=233839"}],"curies":[{"name":"wp","href":"https:\/\/api.w.org\/{rel}","templated":true}]}}