{"id":234220,"date":"2025-06-17T17:14:47","date_gmt":"2025-06-17T15:14:47","guid":{"rendered":"https:\/\/www.jootjeshaakcadeautjes.nl\/?post_type=product&#038;p=234220"},"modified":"2026-01-27T17:33:10","modified_gmt":"2026-01-27T16:33:10","slug":"perles-en-silicone-paquet-en-vrac-50-pieces-10-de-remise-blossom-16-mm-kopie-kopie","status":"publish","type":"product","link":"https:\/\/www.jootjeshaakcadeautjes.nl\/fr\/produit\/perles-en-silicone-paquet-en-vrac-50-pieces-10-de-remise-blossom-16-mm-kopie-kopie\/","title":{"rendered":"Perles de silicone &#8211; Paquet en vrac &#8211; 50 pi\u00e8ces &#8211; 10% de remise &#8211; Lilas poudr\u00e9 &#8211; 16 mm"},"content":{"rendered":"<h2>Paquet en vrac &#8211; Perles en silicone &#8211; rondes 16 mm &#8211; Lilas poudr\u00e9 &#8211; 50 pi\u00e8ces &#8211; 10% de r\u00e9duction !<\/h2>\n<p>Couleur : Lilas poudr\u00e9<\/p>\n<p>Taille : 16 mm rond Nombre : 50 pi\u00e8ces &#8211; Emballage en vrac<\/p>\n<p>Nos coureurs en vrac ! Achetez vos perles par 50 pi\u00e8ces\/sachet et b\u00e9n\u00e9ficiez d&#8217;une remise automatique de 10% sur votre achat !<\/p>\n","protected":false},"excerpt":{"rendered":"<p>Couleur : Lilas poudr\u00e9<br \/>\nTaille : 16 mm rond<br \/>\nNombre : 50 pi\u00e8ces &#8211; Emballage en vrac<\/p>\n","protected":false},"featured_media":75726,"template":"","meta":[],"product_brand":[],"product_cat":[7378,7185,10220],"product_tag":[7665,7647,10225,10224,7384,7401,10221,10126,7424,7206,7463,10223,16157,7418,7440,7203,10312,7392,16156,7200,10115,7212,7433,12705,10226],"class_list":{"0":"post-234220","1":"product","2":"type-product","3":"status-publish","4":"has-post-thumbnail","6":"product_cat-fabrication-de-jouets-de-dentition-pour-bebe-cordon-de-sucette-et-anneaux-de-dentition","7":"product_cat-nouveaux-produits","8":"product_cat-perles-de-silicone-paquets-en-vrac-acheter-a-bas-prix","9":"product_tag-16-fr","10":"product_tag-16-mm-fr","11":"product_tag-accessoires-fr","12":"product_tag-accessoires-pour-bebes","13":"product_tag-anneau-de-dentition","14":"product_tag-bebe","15":"product_tag-bon-marche","16":"product_tag-bouchon-de-vin","17":"product_tag-bpa-fr","18":"product_tag-bricolage","19":"product_tag-commerce-de-gros","20":"product_tag-crochet-de-wagon","21":"product_tag-diffuseur-de-the-fr-3","22":"product_tag-faux-cordon","23":"product_tag-gratuit","24":"product_tag-hobby-fr","25":"product_tag-lilas-poudre","26":"product_tag-mm-fr","27":"product_tag-mulet","28":"product_tag-perles","29":"product_tag-perles-de-silicone","30":"product_tag-silicone-fr","31":"product_tag-stylo","32":"product_tag-stylos","33":"product_tag-tireuse-a-biere","35":"first","36":"instock","37":"sale","38":"taxable","39":"shipping-taxable","40":"purchasable","41":"product-type-simple"},"bundled_by":[],"bundle_stock_status":"instock","bundle_stock_quantity":24,"bundle_virtual":false,"bundle_layout":"","bundle_add_to_cart_form_location":"","bundle_editable_in_cart":false,"bundle_sold_individually_context":"","bundle_item_grouping":"","bundle_min_size":"","bundle_max_size":"","bundle_price":[],"bundled_items":[],"bundle_sell_ids":[],"yoast_head":"<!-- This site is optimized with the Yoast SEO Premium plugin v27.6 (Yoast SEO v27.6) - https:\/\/yoast.com\/product\/yoast-seo-premium-wordpress\/ -->\n<title>Set de perles en silicone bon march\u00e9 - Lilas poudr\u00e9 16 mm - 50 pi\u00e8ces<\/title>\n<meta name=\"description\" content=\"Achetez vos perles en silicone en gros. Achetez la couleur Powder Lilac par lot de 50 et b\u00e9n\u00e9ficiez d&#039;une remise imm\u00e9diate de 10%%. |Juts\" \/>\n<meta name=\"robots\" content=\"index, follow, max-snippet:-1, max-image-preview:large, max-video-preview:-1\" \/>\n<link rel=\"canonical\" href=\"https:\/\/www.jootjeshaakcadeautjes.nl\/fr\/produit\/perles-en-silicone-paquet-en-vrac-50-pieces-10-de-remise-blossom-16-mm-kopie-kopie\/\" \/>\n<meta property=\"og:locale\" content=\"fr_FR\" \/>\n<meta property=\"og:type\" content=\"article\" \/>\n<meta property=\"og:title\" content=\"Perles de silicone - Paquet en vrac - 50 pi\u00e8ces - 10% de remise - Lilas poudr\u00e9 - 16 mm\" \/>\n<meta property=\"og:description\" content=\"Achetez vos perles en silicone en gros. Achetez la couleur Powder Lilac par lot de 50 et b\u00e9n\u00e9ficiez d&#039;une remise imm\u00e9diate de 10%%. |Juts\" \/>\n<meta property=\"og:url\" content=\"https:\/\/www.jootjeshaakcadeautjes.nl\/fr\/produit\/perles-en-silicone-paquet-en-vrac-50-pieces-10-de-remise-blossom-16-mm-kopie-kopie\/\" \/>\n<meta property=\"og:site_name\" content=\"Jootjes Haakcadeautjes\" \/>\n<meta property=\"article:modified_time\" content=\"2026-01-27T16:33:10+00:00\" \/>\n<meta property=\"og:image\" content=\"https:\/\/www.jootjeshaakcadeautjes.nl\/wp-content\/uploads\/2021\/04\/20210405_184159-scaled.jpg\" \/>\n\t<meta property=\"og:image:width\" content=\"2048\" \/>\n\t<meta property=\"og:image:height\" content=\"2048\" \/>\n\t<meta property=\"og:image:type\" content=\"image\/jpeg\" \/>\n<meta name=\"twitter:card\" content=\"summary_large_image\" \/>\n<meta name=\"twitter:label1\" content=\"Prix\" \/>\n\t<meta name=\"twitter:data1\" content=\"&euro;13.50 TTC\" \/>\n\t<meta name=\"twitter:label2\" content=\"Disponibilit\u00e9\" \/>\n\t<meta name=\"twitter:data2\" content=\"En stock\" \/>\n<script type=\"application\/ld+json\" class=\"yoast-schema-graph\">{\"@context\":\"https:\\\/\\\/schema.org\",\"@graph\":[{\"@type\":\"WebPage\",\"@id\":\"https:\\\/\\\/www.jootjeshaakcadeautjes.nl\\\/fr\\\/produit\\\/perles-en-silicone-paquet-en-vrac-50-pieces-10-de-remise-blossom-16-mm-kopie-kopie\\\/\",\"url\":\"https:\\\/\\\/www.jootjeshaakcadeautjes.nl\\\/fr\\\/produit\\\/perles-en-silicone-paquet-en-vrac-50-pieces-10-de-remise-blossom-16-mm-kopie-kopie\\\/\",\"name\":\"Set de perles en silicone bon march\u00e9 - Lilas poudr\u00e9 16 mm - 50 pi\u00e8ces\",\"isPartOf\":{\"@id\":\"https:\\\/\\\/www.jootjeshaakcadeautjes.nl\\\/fr\\\/#website\"},\"primaryImageOfPage\":{\"@id\":\"https:\\\/\\\/www.jootjeshaakcadeautjes.nl\\\/fr\\\/produit\\\/perles-en-silicone-paquet-en-vrac-50-pieces-10-de-remise-blossom-16-mm-kopie-kopie\\\/#primaryimage\"},\"image\":{\"@id\":\"https:\\\/\\\/www.jootjeshaakcadeautjes.nl\\\/fr\\\/produit\\\/perles-en-silicone-paquet-en-vrac-50-pieces-10-de-remise-blossom-16-mm-kopie-kopie\\\/#primaryimage\"},\"thumbnailUrl\":\"https:\\\/\\\/d1dyryakdmle7o.cloudfront.net\\\/wp-content\\\/uploads\\\/2021\\\/04\\\/20210405_184159-scaled.jpg\",\"datePublished\":\"2025-06-17T15:14:47+00:00\",\"dateModified\":\"2026-01-27T16:33:10+00:00\",\"description\":\"Achetez vos perles en silicone en gros. Achetez la couleur Powder Lilac par lot de 50 et b\u00e9n\u00e9ficiez d'une remise imm\u00e9diate de 10%%. |Juts\",\"breadcrumb\":{\"@id\":\"https:\\\/\\\/www.jootjeshaakcadeautjes.nl\\\/fr\\\/produit\\\/perles-en-silicone-paquet-en-vrac-50-pieces-10-de-remise-blossom-16-mm-kopie-kopie\\\/#breadcrumb\"},\"inLanguage\":\"fr-FR\",\"potentialAction\":[{\"@type\":\"ReadAction\",\"target\":[\"https:\\\/\\\/www.jootjeshaakcadeautjes.nl\\\/fr\\\/produit\\\/perles-en-silicone-paquet-en-vrac-50-pieces-10-de-remise-blossom-16-mm-kopie-kopie\\\/\"]}]},{\"@type\":\"ImageObject\",\"inLanguage\":\"fr-FR\",\"@id\":\"https:\\\/\\\/www.jootjeshaakcadeautjes.nl\\\/fr\\\/produit\\\/perles-en-silicone-paquet-en-vrac-50-pieces-10-de-remise-blossom-16-mm-kopie-kopie\\\/#primaryimage\",\"url\":\"https:\\\/\\\/d1dyryakdmle7o.cloudfront.net\\\/wp-content\\\/uploads\\\/2021\\\/04\\\/20210405_184159-scaled.jpg\",\"contentUrl\":\"https:\\\/\\\/d1dyryakdmle7o.cloudfront.net\\\/wp-content\\\/uploads\\\/2021\\\/04\\\/20210405_184159-scaled.jpg\",\"width\":2048,\"height\":2048,\"caption\":\"Anneau de dentition en silicone lilas bpa free wholesale dummy cord teething ring\"},{\"@type\":\"BreadcrumbList\",\"@id\":\"https:\\\/\\\/www.jootjeshaakcadeautjes.nl\\\/fr\\\/produit\\\/perles-en-silicone-paquet-en-vrac-50-pieces-10-de-remise-blossom-16-mm-kopie-kopie\\\/#breadcrumb\",\"itemListElement\":[{\"@type\":\"ListItem\",\"position\":1,\"name\":\"Accueil\",\"item\":\"https:\\\/\\\/www.jootjeshaakcadeautjes.nl\\\/fr\\\/\"},{\"@type\":\"ListItem\",\"position\":2,\"name\":\"Commerce de gros de perles en silicone &#8211; Entreprises et consommateurs\",\"item\":\"https:\\\/\\\/www.jootjeshaakcadeautjes.nl\\\/fr\\\/boutique\\\/\"},{\"@type\":\"ListItem\",\"position\":3,\"name\":\"Perles de silicone &#8211; Paquet en vrac &#8211; 50 pi\u00e8ces &#8211; 10% de remise &#8211; Lilas poudr\u00e9 &#8211; 16 mm\"}]},{\"@type\":\"WebSite\",\"@id\":\"https:\\\/\\\/www.jootjeshaakcadeautjes.nl\\\/fr\\\/#website\",\"url\":\"https:\\\/\\\/www.jootjeshaakcadeautjes.nl\\\/fr\\\/\",\"name\":\"Jootjes Haakcadeautjes\",\"description\":\"Grossiste en perles de silicone\",\"publisher\":{\"@id\":\"https:\\\/\\\/www.jootjeshaakcadeautjes.nl\\\/fr\\\/#organization\"},\"potentialAction\":[{\"@type\":\"SearchAction\",\"target\":{\"@type\":\"EntryPoint\",\"urlTemplate\":\"https:\\\/\\\/www.jootjeshaakcadeautjes.nl\\\/fr\\\/?s={search_term_string}\"},\"query-input\":{\"@type\":\"PropertyValueSpecification\",\"valueRequired\":true,\"valueName\":\"search_term_string\"}}],\"inLanguage\":\"fr-FR\"},{\"@type\":\"Organization\",\"@id\":\"https:\\\/\\\/www.jootjeshaakcadeautjes.nl\\\/fr\\\/#organization\",\"name\":\"Jootjes Haakcadeautjes\",\"url\":\"https:\\\/\\\/www.jootjeshaakcadeautjes.nl\\\/fr\\\/\",\"logo\":{\"@type\":\"ImageObject\",\"inLanguage\":\"fr-FR\",\"@id\":\"https:\\\/\\\/www.jootjeshaakcadeautjes.nl\\\/fr\\\/#\\\/schema\\\/logo\\\/image\\\/\",\"url\":\"https:\\\/\\\/d1dyryakdmle7o.cloudfront.net\\\/wp-content\\\/uploads\\\/2023\\\/05\\\/Logo-rond.png\",\"contentUrl\":\"https:\\\/\\\/d1dyryakdmle7o.cloudfront.net\\\/wp-content\\\/uploads\\\/2023\\\/05\\\/Logo-rond.png\",\"width\":1222,\"height\":1222,\"caption\":\"Jootjes Haakcadeautjes\"},\"image\":{\"@id\":\"https:\\\/\\\/www.jootjeshaakcadeautjes.nl\\\/fr\\\/#\\\/schema\\\/logo\\\/image\\\/\"}}]}<\/script>\n<meta property=\"product:price:amount\" content=\"13.50\" \/>\n<meta property=\"product:price:currency\" content=\"EUR\" \/>\n<meta property=\"og:availability\" content=\"instock\" \/>\n<meta property=\"product:availability\" content=\"instock\" \/>\n<meta property=\"product:retailer_item_id\" content=\"BLK-PK16-POL\" \/>\n<meta property=\"product:condition\" content=\"new\" \/>\n<!-- \/ Yoast SEO Premium plugin. -->","yoast_head_json":{"title":"Set de perles en silicone bon march\u00e9 - Lilas poudr\u00e9 16 mm - 50 pi\u00e8ces","description":"Achetez vos perles en silicone en gros. Achetez la couleur Powder Lilac par lot de 50 et b\u00e9n\u00e9ficiez d'une remise imm\u00e9diate de 10%%. |Juts","robots":{"index":"index","follow":"follow","max-snippet":"max-snippet:-1","max-image-preview":"max-image-preview:large","max-video-preview":"max-video-preview:-1"},"canonical":"https:\/\/www.jootjeshaakcadeautjes.nl\/fr\/produit\/perles-en-silicone-paquet-en-vrac-50-pieces-10-de-remise-blossom-16-mm-kopie-kopie\/","og_locale":"fr_FR","og_type":"article","og_title":"Perles de silicone - Paquet en vrac - 50 pi\u00e8ces - 10% de remise - Lilas poudr\u00e9 - 16 mm","og_description":"Achetez vos perles en silicone en gros. Achetez la couleur Powder Lilac par lot de 50 et b\u00e9n\u00e9ficiez d'une remise imm\u00e9diate de 10%%. |Juts","og_url":"https:\/\/www.jootjeshaakcadeautjes.nl\/fr\/produit\/perles-en-silicone-paquet-en-vrac-50-pieces-10-de-remise-blossom-16-mm-kopie-kopie\/","og_site_name":"Jootjes Haakcadeautjes","article_modified_time":"2026-01-27T16:33:10+00:00","og_image":[{"width":2048,"height":2048,"url":"https:\/\/www.jootjeshaakcadeautjes.nl\/wp-content\/uploads\/2021\/04\/20210405_184159-scaled.jpg","type":"image\/jpeg"}],"twitter_card":"summary_large_image","twitter_misc":{"Prix":"&euro;13.50 TTC","Disponibilit\u00e9":"En stock"},"schema":{"@context":"https:\/\/schema.org","@graph":[{"@type":"WebPage","@id":"https:\/\/www.jootjeshaakcadeautjes.nl\/fr\/produit\/perles-en-silicone-paquet-en-vrac-50-pieces-10-de-remise-blossom-16-mm-kopie-kopie\/","url":"https:\/\/www.jootjeshaakcadeautjes.nl\/fr\/produit\/perles-en-silicone-paquet-en-vrac-50-pieces-10-de-remise-blossom-16-mm-kopie-kopie\/","name":"Set de perles en silicone bon march\u00e9 - Lilas poudr\u00e9 16 mm - 50 pi\u00e8ces","isPartOf":{"@id":"https:\/\/www.jootjeshaakcadeautjes.nl\/fr\/#website"},"primaryImageOfPage":{"@id":"https:\/\/www.jootjeshaakcadeautjes.nl\/fr\/produit\/perles-en-silicone-paquet-en-vrac-50-pieces-10-de-remise-blossom-16-mm-kopie-kopie\/#primaryimage"},"image":{"@id":"https:\/\/www.jootjeshaakcadeautjes.nl\/fr\/produit\/perles-en-silicone-paquet-en-vrac-50-pieces-10-de-remise-blossom-16-mm-kopie-kopie\/#primaryimage"},"thumbnailUrl":"https:\/\/d1dyryakdmle7o.cloudfront.net\/wp-content\/uploads\/2021\/04\/20210405_184159-scaled.jpg","datePublished":"2025-06-17T15:14:47+00:00","dateModified":"2026-01-27T16:33:10+00:00","description":"Achetez vos perles en silicone en gros. Achetez la couleur Powder Lilac par lot de 50 et b\u00e9n\u00e9ficiez d'une remise imm\u00e9diate de 10%%. |Juts","breadcrumb":{"@id":"https:\/\/www.jootjeshaakcadeautjes.nl\/fr\/produit\/perles-en-silicone-paquet-en-vrac-50-pieces-10-de-remise-blossom-16-mm-kopie-kopie\/#breadcrumb"},"inLanguage":"fr-FR","potentialAction":[{"@type":"ReadAction","target":["https:\/\/www.jootjeshaakcadeautjes.nl\/fr\/produit\/perles-en-silicone-paquet-en-vrac-50-pieces-10-de-remise-blossom-16-mm-kopie-kopie\/"]}]},{"@type":"ImageObject","inLanguage":"fr-FR","@id":"https:\/\/www.jootjeshaakcadeautjes.nl\/fr\/produit\/perles-en-silicone-paquet-en-vrac-50-pieces-10-de-remise-blossom-16-mm-kopie-kopie\/#primaryimage","url":"https:\/\/d1dyryakdmle7o.cloudfront.net\/wp-content\/uploads\/2021\/04\/20210405_184159-scaled.jpg","contentUrl":"https:\/\/d1dyryakdmle7o.cloudfront.net\/wp-content\/uploads\/2021\/04\/20210405_184159-scaled.jpg","width":2048,"height":2048,"caption":"Anneau de dentition en silicone lilas bpa free wholesale dummy cord teething ring"},{"@type":"BreadcrumbList","@id":"https:\/\/www.jootjeshaakcadeautjes.nl\/fr\/produit\/perles-en-silicone-paquet-en-vrac-50-pieces-10-de-remise-blossom-16-mm-kopie-kopie\/#breadcrumb","itemListElement":[{"@type":"ListItem","position":1,"name":"Accueil","item":"https:\/\/www.jootjeshaakcadeautjes.nl\/fr\/"},{"@type":"ListItem","position":2,"name":"Commerce de gros de perles en silicone &#8211; Entreprises et consommateurs","item":"https:\/\/www.jootjeshaakcadeautjes.nl\/fr\/boutique\/"},{"@type":"ListItem","position":3,"name":"Perles de silicone &#8211; Paquet en vrac &#8211; 50 pi\u00e8ces &#8211; 10% de remise &#8211; Lilas poudr\u00e9 &#8211; 16 mm"}]},{"@type":"WebSite","@id":"https:\/\/www.jootjeshaakcadeautjes.nl\/fr\/#website","url":"https:\/\/www.jootjeshaakcadeautjes.nl\/fr\/","name":"Jootjes Haakcadeautjes","description":"Grossiste en perles de silicone","publisher":{"@id":"https:\/\/www.jootjeshaakcadeautjes.nl\/fr\/#organization"},"potentialAction":[{"@type":"SearchAction","target":{"@type":"EntryPoint","urlTemplate":"https:\/\/www.jootjeshaakcadeautjes.nl\/fr\/?s={search_term_string}"},"query-input":{"@type":"PropertyValueSpecification","valueRequired":true,"valueName":"search_term_string"}}],"inLanguage":"fr-FR"},{"@type":"Organization","@id":"https:\/\/www.jootjeshaakcadeautjes.nl\/fr\/#organization","name":"Jootjes Haakcadeautjes","url":"https:\/\/www.jootjeshaakcadeautjes.nl\/fr\/","logo":{"@type":"ImageObject","inLanguage":"fr-FR","@id":"https:\/\/www.jootjeshaakcadeautjes.nl\/fr\/#\/schema\/logo\/image\/","url":"https:\/\/d1dyryakdmle7o.cloudfront.net\/wp-content\/uploads\/2023\/05\/Logo-rond.png","contentUrl":"https:\/\/d1dyryakdmle7o.cloudfront.net\/wp-content\/uploads\/2023\/05\/Logo-rond.png","width":1222,"height":1222,"caption":"Jootjes Haakcadeautjes"},"image":{"@id":"https:\/\/www.jootjeshaakcadeautjes.nl\/fr\/#\/schema\/logo\/image\/"}}]},"product_price_amount":"13.50","product_price_currency":"EUR","og_availability":"instock","product_availability":"instock","product_retailer_item_id":"BLK-PK16-POL","product_condition":"new"},"_links":{"self":[{"href":"https:\/\/www.jootjeshaakcadeautjes.nl\/fr\/wp-json\/wp\/v2\/product\/234220","targetHints":{"allow":["GET"]}}],"collection":[{"href":"https:\/\/www.jootjeshaakcadeautjes.nl\/fr\/wp-json\/wp\/v2\/product"}],"about":[{"href":"https:\/\/www.jootjeshaakcadeautjes.nl\/fr\/wp-json\/wp\/v2\/types\/product"}],"version-history":[{"count":0,"href":"https:\/\/www.jootjeshaakcadeautjes.nl\/fr\/wp-json\/wp\/v2\/product\/234220\/revisions"}],"wp:featuredmedia":[{"embeddable":true,"href":"https:\/\/www.jootjeshaakcadeautjes.nl\/fr\/wp-json\/wp\/v2\/media\/75726"}],"wp:attachment":[{"href":"https:\/\/www.jootjeshaakcadeautjes.nl\/fr\/wp-json\/wp\/v2\/media?parent=234220"}],"wp:term":[{"taxonomy":"product_brand","embeddable":true,"href":"https:\/\/www.jootjeshaakcadeautjes.nl\/fr\/wp-json\/wp\/v2\/product_brand?post=234220"},{"taxonomy":"product_cat","embeddable":true,"href":"https:\/\/www.jootjeshaakcadeautjes.nl\/fr\/wp-json\/wp\/v2\/product_cat?post=234220"},{"taxonomy":"product_tag","embeddable":true,"href":"https:\/\/www.jootjeshaakcadeautjes.nl\/fr\/wp-json\/wp\/v2\/product_tag?post=234220"}],"curies":[{"name":"wp","href":"https:\/\/api.w.org\/{rel}","templated":true}]}}